{"id":73201,"date":"2018-01-23T11:53:36","date_gmt":"2018-01-23T11:53:36","guid":{"rendered":"https:\/\/dev.tg4.ie\/?page_id=73201"},"modified":"2019-07-01T09:30:54","modified_gmt":"2019-07-01T08:30:54","slug":"stars-belfast-bound-for-trad-music-extravaganza-gradam-ceoil","status":"publish","type":"page","link":"https:\/\/dev.tg4.ie\/en\/information\/press\/press-releases\/2018-2\/stars-belfast-bound-for-trad-music-extravaganza-gradam-ceoil\/","title":{"rendered":"Stars Belfast bound for trad music extravaganza, Gradam Ceoil"},"content":{"rendered":"<p>Big names including actor, <strong>Stephen Rea<\/strong> and <strong>Matt Molloy from The Chieftains<\/strong> have been announced as part of the line-up for<strong> TG4\u2019s traditional Irish Music Awards, Gradam Ceoil, <\/strong>which take place at the<strong> Belfast Waterfront <\/strong>on <strong>Sunday 4<sup>th<\/sup> February, 2018. <\/strong><\/p>\n<p>As awards season hots up, Gradam Ceoil gives local music fans a chance to experience the thrill and excitement of a live televised awards show complete with spine-tingling live performances, right here in Belfast.<\/p>\n<p>This is the first time in its 21-year history that the prestigious Gradam Ceoil concert will take place in Ulster. Known as \u2018the Oscars of traditional music,\u2019 and revered by trad fans across Ireland and beyond, the live concert and awards ceremony takes place at the <strong>Belfast Waterfront <\/strong>on <strong>Sunday 4<sup>th<\/sup> February, 2018<\/strong> and will be broadcast live on <strong>TG4 at 9.30pm.<\/strong><\/p>\n<p>Featuring the cr\u00e8me de la cr\u00e8me of Irish music and song, Gradam Ceoil celebrates the talent and achievements of musicians from Ireland and across the world. The recipients, who represent world-class traditional music talent, will take to the stage to perform unforgettable pieces, alongside a top bill of well-known faces for what will be an absolutely unforgettable show.<\/p>\n<p><strong><span>Tickets for TG4\u2019s Gradam Ceoil Awards 2018 are available from\u00a0 <\/span><\/strong><span><a href=\"http:\/\/www.waterfront.co.uk\/\"><strong><em>www.waterfront.co.uk<\/em><\/strong><\/a><strong><em>\u00a0or by phone on 028 9033 4455, priced \u00a325 (\u00a322 for concessions). <\/em><\/strong><\/span><\/p>\n<p><strong><span>To find out more, visit <\/span><\/strong><span><a href=\"http:\/\/www.gradam.ie\"><strong>www.gradam.ie<\/strong><\/a><strong> or connect with Gradam Ceoil on Facebook, facebook.com\/gradamceoil or Twitter, @GradamCeoil\u00a0or search the #Gradam hashtag.<\/strong><\/span><\/p>\n<p><strong>More\u2026.<\/strong><\/p>\n<p>A total of seven awards will be given out on the night, with live performances from:<\/p>\n<ul>\n<li><strong>Musician of the Year:<\/strong> Frankie Gavin with guests Alec Finn, Colm Murphy &amp; M\u00e1irt\u00edn O&#8217;Connor, original members of De Dannan<\/li>\n<li><strong>Young Musician of the Year:<\/strong> Clare Friel with sisters. Presented by Mair\u00e9ad N\u00ed Mhaonaigh, Altan<\/li>\n<li><strong>Lifetime Achievement Award:<\/strong> Patsy Hanly, presented by and featuring a guest performance with Matt Molloy, The Chieftains<\/li>\n<li><strong>Singer of the Year:<\/strong> M\u00e1ire N\u00ed Ch\u00e9ileachair, presented by Nell N\u00ed Chr\u00f3in\u00edn and Conchubhar \u00d3 Luasa.<\/li>\n<li><strong>Special Contribution Award:<\/strong> P\u00e1draig\u00edn N\u00ed Uallach\u00e1in, presented by Stephen Rea. P\u00e1drag\u00edn will perform with guests, The Voice Squad.<\/li>\n<li><strong>Musical Collaboration:<\/strong> CONCERT created by Colin Dunne with Sin\u00e9ad Rushe and Mel Mercier<\/li>\n<li><strong>Special Award:<\/strong> The Field Marshal Montgomery Pipe Band, presented by leading <em>uilleann piper, <\/em>Robbie Hannan.<\/li>\n<\/ul>\n<p><strong>\u00a0<\/strong><\/p>\n<p>Legendary fiddle player,\u00a0<strong>Frankie Gavin<\/strong>, the founder member of acclaimed group,\u00a0<strong>De Dannan\u00a0<\/strong>heads the list of recipients as Musician of the Year.<\/p>\n<p>A native of Galway, Frankie has played and recorded around the world, collaborating with everyone from The Rolling Stones, Elvis Costello, St\u00e9phane Grappelli, Earl Scruggs and Sir Yehudi Menuhin. He and his band have also played for three American presidents: Clinton, Bush and Obama. In 2010 he became reputedly the fastest fiddle-player in the world, with an entry in the Guinness Book of Records.<\/p>\n<p>Original members of De Dannan Alec Finn, Colm Murphy &amp; M\u00e1irt\u00edn O&#8217;Connor will join Frankie on stage in Belfast for a hugely anticipated reunion.<\/p>\n<p><strong>The Lifetime Achievement Award<\/strong> goes to the hugely influential <strong>Patsy Hanly<\/strong> from Co. Roscommon, who has taught and performed at festivals worldwide. In a fitting tribute and a hugely exciting collaboration, Patsy will be joined on stage by Matt Molloy from The Chieftains.<\/p>\n<p>Lisburn based World Champions, <strong>The Field Marshal Montgomery Pipe Band<\/strong> \u2013 recipients of the Special Award &#8211;\u00a0 will open the show with a special montage filmed in iconic locations around Belfast, ahead of a rousing live performance later in the night.\u00a0 Widely considered at the pinnacle of their game on a global scale, The FMM have brought Irish traditional music to audiences and peers across the world, and have set standards of excellence that others aspire to. Their special award will be presented by leading <em>uilleann piper, <\/em>Robbie Hannan.<\/p>\n<p>Another local recipient, <strong>P\u00e1draig\u00edn N\u00ed Uallach\u00e1in<\/strong> (Special Contribution Award), acclaimed singer, researcher, poet and composer based in South Armagh, promises a hair-raising performance, when she is joined on stage by traditional Irish singing group, <strong>The Voice Squad<\/strong>.<\/p>\n<p><strong>Young Musician of the Year, Clare Friel<\/strong> from Glasgow has emerged as one of the most exciting young traditional musicians on the scene today. Her family background epitomises the shared identity and heritage between Donegal and Scotland, whilst her repertoire of songs reflects this history of migration and the cultural traffic that has made such an imprint on traditional music here in Ireland. Her award will be presented by special guest, <em><strong>Mair\u00e9ad N\u00ed Mhaonaigh from Altan, <\/strong><\/em><em>also a previous Gradam Ceoil recipient. <\/em><\/p>\n<p>One of the sweetest voices in Irish music, Cork woman <strong>M\u00e1ire N\u00ed Ch\u00e9ileachair<\/strong> is the <strong>Singer of Year<\/strong>. Equally respected as a singer and teacher, she has been teaching sean-n\u00f3s singing in her native area for many years in the\u00a0<em>Aisling Gheal<\/em>\u00a0scheme. She will be joined on stage by acclaimed singers Nell N\u00ed Chr\u00f3in\u00edn and Concubhair \u00d3 Luasa.<\/p>\n<p>Last but by no means least, a special <strong>Musical Collaboration Gradam<\/strong> goes to a courageous collaboration that grasps the complex music of Tommy Potts and his iconic recording, The Liffey Banks in <strong>CONCERT<\/strong>.<\/p>\n<p>CONCERT is a courageous collaboration led by one of our leading Irish traditional dancers, Colin Dunne. Directed by Sin\u00e9ad Rushe, with soundscore from acclaimed composer Mel Mercier, Colin\u2019s dancing grasps the complex music of Tommy Potts. Although renowned for its subtle, emotional and spirited qualities, this album\u2019s rhythmical irregularity renders it practically impossible to dance to \u2013 or so it would seem.<\/p>\n<p>The collaboration of Dunne, Rushe and Mercier set out to achieve what some may have deemed impossible, yet the result, though complex is breath-taking, insightful, respectful, as well as highly entertaining.<\/p>\n<p><strong><span>Tickets for TG4\u2019s Gradam Ceoil 2018 are available from <\/span><\/strong><span><a href=\"http:\/\/www.waterfront.co.uk\/\"><strong><em>www.waterfront.co.uk<\/em><\/strong><\/a><strong><em>\u00a0or by phone on 028 9033 4455, priced \u00a325 (\u00a322 for concessions). <\/em>Visit <\/strong><a href=\"http:\/\/www.gradam.ie\"><strong>www.gradam.ie<\/strong><\/a><strong>\u00a0 for further information or connect with Gradam Ceoil on Facebook, facebook.com\/gradamceoil, Twitter, @GradamCeoil\u00a0or search the #Gradam hashtag.<\/strong><\/span><\/p>\n","protected":false},"excerpt":{"rendered":"<p>Big names including actor, Stephen Rea and Matt Molloy from The Chieftains have been announced as part of the line-up for TG4\u2019s traditional Irish Music Awards, Gradam Ceoil, which take place at the Belfast Waterfront on Sunday 4th February, 2018. As awards season hots up, Gradam Ceoil gives local music fans a chance to experience [&hellip;]<\/p>\n","protected":false},"author":999,"featured_media":37609,"parent":72851,"menu_order":1,"comment_status":"closed","ping_status":"closed","template":"page-templates\/template-pr.php","meta":{"_acf_changed":false,"footnotes":""},"acf":[],"yoast_head":"<!-- This site is optimized with the Yoast SEO plugin v22.6 - https:\/\/yoast.com\/wordpress\/plugins\/seo\/ -->\n<title>Stars Belfast bound for trad music extravaganza, Gradam Ceoil - TG4<\/title>\n<meta name=\"robots\" content=\"index, follow, max-snippet:-1, max-image-preview:large, max-video-preview:-1\" \/>\n<meta property=\"og:locale\" content=\"en_US\" \/>\n<meta property=\"og:type\" content=\"article\" \/>\n<meta property=\"og:title\" content=\"Stars Belfast bound for trad music extravaganza, Gradam Ceoil - TG4\" \/>\n<meta property=\"og:description\" content=\"Big names including actor, Stephen Rea and Matt Molloy from The Chieftains have been announced as part of the line-up for TG4\u2019s traditional Irish Music Awards, Gradam Ceoil, which take place at the Belfast Waterfront on Sunday 4th February, 2018. As awards season hots up, Gradam Ceoil gives local music fans a chance to experience [&hellip;]\" \/>\n<meta property=\"og:url\" content=\"https:\/\/dev.tg4.ie\/en\/information\/press\/press-releases\/2018-2\/stars-belfast-bound-for-trad-music-extravaganza-gradam-ceoil\/\" \/>\n<meta property=\"og:site_name\" content=\"TG4\" \/>\n<meta property=\"article:publisher\" content=\"https:\/\/www.facebook.com\/TG4TV\" \/>\n<meta property=\"article:modified_time\" content=\"2019-07-01T08:30:54+00:00\" \/>\n<meta property=\"og:image\" content=\"https:\/\/tg4-docs.s3.amazonaws.com\/tg4-redesign-2015\/wp-content\/uploads\/2016\/01\/Gradam-Ceoil-TG4-2017.jpg\" \/>\n\t<meta property=\"og:image:width\" content=\"1920\" \/>\n\t<meta property=\"og:image:height\" content=\"1080\" \/>\n\t<meta property=\"og:image:type\" content=\"image\/jpeg\" \/>\n<meta name=\"twitter:card\" content=\"summary_large_image\" \/>\n<meta name=\"twitter:site\" content=\"@TG4TV\" \/>\n<meta name=\"twitter:label1\" content=\"Est. reading time\" \/>\n\t<meta name=\"twitter:data1\" content=\"5 minutes\" \/>\n<script type=\"application\/ld+json\" class=\"yoast-schema-graph\">{\"@context\":\"https:\/\/schema.org\",\"@graph\":[{\"@type\":\"WebPage\",\"@id\":\"https:\/\/dev.tg4.ie\/en\/information\/press\/press-releases\/2018-2\/stars-belfast-bound-for-trad-music-extravaganza-gradam-ceoil\/\",\"url\":\"https:\/\/dev.tg4.ie\/en\/information\/press\/press-releases\/2018-2\/stars-belfast-bound-for-trad-music-extravaganza-gradam-ceoil\/\",\"name\":\"Stars Belfast bound for trad music extravaganza, Gradam Ceoil - TG4\",\"isPartOf\":{\"@id\":\"https:\/\/dev.tg4.ie\/en\/#website\"},\"primaryImageOfPage\":{\"@id\":\"https:\/\/dev.tg4.ie\/en\/information\/press\/press-releases\/2018-2\/stars-belfast-bound-for-trad-music-extravaganza-gradam-ceoil\/#primaryimage\"},\"image\":{\"@id\":\"https:\/\/dev.tg4.ie\/en\/information\/press\/press-releases\/2018-2\/stars-belfast-bound-for-trad-music-extravaganza-gradam-ceoil\/#primaryimage\"},\"thumbnailUrl\":\"https:\/\/tg4-docs.s3.amazonaws.com\/tg4-redesign-2015\/wp-content\/uploads\/2016\/01\/Gradam-Ceoil-TG4-2017.jpg\",\"datePublished\":\"2018-01-23T11:53:36+00:00\",\"dateModified\":\"2019-07-01T08:30:54+00:00\",\"breadcrumb\":{\"@id\":\"https:\/\/dev.tg4.ie\/en\/information\/press\/press-releases\/2018-2\/stars-belfast-bound-for-trad-music-extravaganza-gradam-ceoil\/#breadcrumb\"},\"inLanguage\":\"en-ie\",\"potentialAction\":[{\"@type\":\"ReadAction\",\"target\":[\"https:\/\/dev.tg4.ie\/en\/information\/press\/press-releases\/2018-2\/stars-belfast-bound-for-trad-music-extravaganza-gradam-ceoil\/\"]}]},{\"@type\":\"ImageObject\",\"inLanguage\":\"en-ie\",\"@id\":\"https:\/\/dev.tg4.ie\/en\/information\/press\/press-releases\/2018-2\/stars-belfast-bound-for-trad-music-extravaganza-gradam-ceoil\/#primaryimage\",\"url\":\"https:\/\/tg4-docs.s3.amazonaws.com\/tg4-redesign-2015\/wp-content\/uploads\/2016\/01\/Gradam-Ceoil-TG4-2017.jpg\",\"contentUrl\":\"https:\/\/tg4-docs.s3.amazonaws.com\/tg4-redesign-2015\/wp-content\/uploads\/2016\/01\/Gradam-Ceoil-TG4-2017.jpg\",\"width\":1920,\"height\":1080,\"caption\":\"Gradam Ceoil TG4 2017\"},{\"@type\":\"BreadcrumbList\",\"@id\":\"https:\/\/dev.tg4.ie\/en\/information\/press\/press-releases\/2018-2\/stars-belfast-bound-for-trad-music-extravaganza-gradam-ceoil\/#breadcrumb\",\"itemListElement\":[{\"@type\":\"ListItem\",\"position\":1,\"name\":\"Home\",\"item\":\"https:\/\/dev.tg4.ie\/en\/\"},{\"@type\":\"ListItem\",\"position\":2,\"name\":\"Information\",\"item\":\"https:\/\/dev.tg4.ie\/en\/information\/\"},{\"@type\":\"ListItem\",\"position\":3,\"name\":\"Press\",\"item\":\"https:\/\/dev.tg4.ie\/en\/information\/press\/\"},{\"@type\":\"ListItem\",\"position\":4,\"name\":\"Press Releases\",\"item\":\"https:\/\/dev.tg4.ie\/en\/information\/press\/press-releases\/\"},{\"@type\":\"ListItem\",\"position\":5,\"name\":\"2018\",\"item\":\"https:\/\/dev.tg4.ie\/en\/information\/press\/press-releases\/2018-2\/\"},{\"@type\":\"ListItem\",\"position\":6,\"name\":\"Stars Belfast bound for trad music extravaganza, Gradam Ceoil\"}]},{\"@type\":\"WebSite\",\"@id\":\"https:\/\/dev.tg4.ie\/en\/#website\",\"url\":\"https:\/\/dev.tg4.ie\/en\/\",\"name\":\"TG4\",\"description\":\"S\u00fail Eile\",\"potentialAction\":[{\"@type\":\"SearchAction\",\"target\":{\"@type\":\"EntryPoint\",\"urlTemplate\":\"https:\/\/dev.tg4.ie\/en\/?s={search_term_string}\"},\"query-input\":\"required name=search_term_string\"}],\"inLanguage\":\"en-ie\"}]}<\/script>\n<!-- \/ Yoast SEO plugin. -->","yoast_head_json":{"title":"Stars Belfast bound for trad music extravaganza, Gradam Ceoil - TG4","robots":{"index":"index","follow":"follow","max-snippet":"max-snippet:-1","max-image-preview":"max-image-preview:large","max-video-preview":"max-video-preview:-1"},"og_locale":"en_US","og_type":"article","og_title":"Stars Belfast bound for trad music extravaganza, Gradam Ceoil - TG4","og_description":"Big names including actor, Stephen Rea and Matt Molloy from The Chieftains have been announced as part of the line-up for TG4\u2019s traditional Irish Music Awards, Gradam Ceoil, which take place at the Belfast Waterfront on Sunday 4th February, 2018. As awards season hots up, Gradam Ceoil gives local music fans a chance to experience [&hellip;]","og_url":"https:\/\/dev.tg4.ie\/en\/information\/press\/press-releases\/2018-2\/stars-belfast-bound-for-trad-music-extravaganza-gradam-ceoil\/","og_site_name":"TG4","article_publisher":"https:\/\/www.facebook.com\/TG4TV","article_modified_time":"2019-07-01T08:30:54+00:00","og_image":[{"width":1920,"height":1080,"url":"https:\/\/tg4-docs.s3.amazonaws.com\/tg4-redesign-2015\/wp-content\/uploads\/2016\/01\/Gradam-Ceoil-TG4-2017.jpg","type":"image\/jpeg"}],"twitter_card":"summary_large_image","twitter_site":"@TG4TV","twitter_misc":{"Est. reading time":"5 minutes"},"schema":{"@context":"https:\/\/schema.org","@graph":[{"@type":"WebPage","@id":"https:\/\/dev.tg4.ie\/en\/information\/press\/press-releases\/2018-2\/stars-belfast-bound-for-trad-music-extravaganza-gradam-ceoil\/","url":"https:\/\/dev.tg4.ie\/en\/information\/press\/press-releases\/2018-2\/stars-belfast-bound-for-trad-music-extravaganza-gradam-ceoil\/","name":"Stars Belfast bound for trad music extravaganza, Gradam Ceoil - TG4","isPartOf":{"@id":"https:\/\/dev.tg4.ie\/en\/#website"},"primaryImageOfPage":{"@id":"https:\/\/dev.tg4.ie\/en\/information\/press\/press-releases\/2018-2\/stars-belfast-bound-for-trad-music-extravaganza-gradam-ceoil\/#primaryimage"},"image":{"@id":"https:\/\/dev.tg4.ie\/en\/information\/press\/press-releases\/2018-2\/stars-belfast-bound-for-trad-music-extravaganza-gradam-ceoil\/#primaryimage"},"thumbnailUrl":"https:\/\/tg4-docs.s3.amazonaws.com\/tg4-redesign-2015\/wp-content\/uploads\/2016\/01\/Gradam-Ceoil-TG4-2017.jpg","datePublished":"2018-01-23T11:53:36+00:00","dateModified":"2019-07-01T08:30:54+00:00","breadcrumb":{"@id":"https:\/\/dev.tg4.ie\/en\/information\/press\/press-releases\/2018-2\/stars-belfast-bound-for-trad-music-extravaganza-gradam-ceoil\/#breadcrumb"},"inLanguage":"en-ie","potentialAction":[{"@type":"ReadAction","target":["https:\/\/dev.tg4.ie\/en\/information\/press\/press-releases\/2018-2\/stars-belfast-bound-for-trad-music-extravaganza-gradam-ceoil\/"]}]},{"@type":"ImageObject","inLanguage":"en-ie","@id":"https:\/\/dev.tg4.ie\/en\/information\/press\/press-releases\/2018-2\/stars-belfast-bound-for-trad-music-extravaganza-gradam-ceoil\/#primaryimage","url":"https:\/\/tg4-docs.s3.amazonaws.com\/tg4-redesign-2015\/wp-content\/uploads\/2016\/01\/Gradam-Ceoil-TG4-2017.jpg","contentUrl":"https:\/\/tg4-docs.s3.amazonaws.com\/tg4-redesign-2015\/wp-content\/uploads\/2016\/01\/Gradam-Ceoil-TG4-2017.jpg","width":1920,"height":1080,"caption":"Gradam Ceoil TG4 2017"},{"@type":"BreadcrumbList","@id":"https:\/\/dev.tg4.ie\/en\/information\/press\/press-releases\/2018-2\/stars-belfast-bound-for-trad-music-extravaganza-gradam-ceoil\/#breadcrumb","itemListElement":[{"@type":"ListItem","position":1,"name":"Home","item":"https:\/\/dev.tg4.ie\/en\/"},{"@type":"ListItem","position":2,"name":"Information","item":"https:\/\/dev.tg4.ie\/en\/information\/"},{"@type":"ListItem","position":3,"name":"Press","item":"https:\/\/dev.tg4.ie\/en\/information\/press\/"},{"@type":"ListItem","position":4,"name":"Press Releases","item":"https:\/\/dev.tg4.ie\/en\/information\/press\/press-releases\/"},{"@type":"ListItem","position":5,"name":"2018","item":"https:\/\/dev.tg4.ie\/en\/information\/press\/press-releases\/2018-2\/"},{"@type":"ListItem","position":6,"name":"Stars Belfast bound for trad music extravaganza, Gradam Ceoil"}]},{"@type":"WebSite","@id":"https:\/\/dev.tg4.ie\/en\/#website","url":"https:\/\/dev.tg4.ie\/en\/","name":"TG4","description":"S\u00fail Eile","potentialAction":[{"@type":"SearchAction","target":{"@type":"EntryPoint","urlTemplate":"https:\/\/dev.tg4.ie\/en\/?s={search_term_string}"},"query-input":"required name=search_term_string"}],"inLanguage":"en-ie"}]}},"_links":{"self":[{"href":"https:\/\/dev.tg4.ie\/en\/wp-json\/wp\/v2\/pages\/73201"}],"collection":[{"href":"https:\/\/dev.tg4.ie\/en\/wp-json\/wp\/v2\/pages"}],"about":[{"href":"https:\/\/dev.tg4.ie\/en\/wp-json\/wp\/v2\/types\/page"}],"author":[{"embeddable":true,"href":"https:\/\/dev.tg4.ie\/en\/wp-json\/wp\/v2\/users\/999"}],"replies":[{"embeddable":true,"href":"https:\/\/dev.tg4.ie\/en\/wp-json\/wp\/v2\/comments?post=73201"}],"version-history":[{"count":0,"href":"https:\/\/dev.tg4.ie\/en\/wp-json\/wp\/v2\/pages\/73201\/revisions"}],"up":[{"embeddable":true,"href":"https:\/\/dev.tg4.ie\/en\/wp-json\/wp\/v2\/pages\/72851"}],"wp:featuredmedia":[{"embeddable":true,"href":"https:\/\/dev.tg4.ie\/en\/wp-json\/wp\/v2\/media\/37609"}],"wp:attachment":[{"href":"https:\/\/dev.tg4.ie\/en\/wp-json\/wp\/v2\/media?parent=73201"}],"curies":[{"name":"wp","href":"https:\/\/api.w.org\/{rel}","templated":true}]}}