{"id":74518,"date":"2018-02-09T16:05:23","date_gmt":"2018-02-09T16:05:23","guid":{"rendered":"https:\/\/dev.tg4.ie\/?page_id=74518"},"modified":"2019-07-01T09:40:31","modified_gmt":"2019-07-01T08:40:31","slug":"gaa-president-launches-new-laochra-gael-series-profiling-legendary-players","status":"publish","type":"page","link":"https:\/\/dev.tg4.ie\/en\/information\/press\/press-releases\/2018-2\/gaa-president-launches-new-laochra-gael-series-profiling-legendary-players\/","title":{"rendered":"GAA President launches new Laochra Gael series profiling legendary players"},"content":{"rendered":"<p><strong><u>Understanding Lar Corbett<\/u><\/strong><\/p>\n<p><span>Lar Corbett\u2019s legacy includes some of the greatest hurling moments to grace the modern game. But in <\/span>sport and even in everyday life people have found it deceptively difficult to zone into him. Sporting great, colourful storyteller and born again business entrepreneur the first episode in the series explores the immensely entertaining enigma that is Lar Corbett.<\/p>\n<p><strong><u>The Real Graham Geraghty<\/u><\/strong><\/p>\n<p><span>Talented, unorthodox, volatile, and photo-friendly Graham Geraghty proved a larger than life gift to the emerging tabloid culture of the 1990s and noughties. From controversial and outrageously gifted footballer to social worker helping young people to repair their fractured lives &#8211; Graham\u2019s journey has been a roller coaster ride of incident and anecdote.<\/span><\/p>\n<p><strong><u>Ashling Thompson \u2013 Warrior Woman<\/u><\/strong><\/p>\n<p><span>All Star camogie player, All Ireland winning captain and one of only four Irish Red Bull sponsored athletes &#8211; model, mental health advocate and darling of the media &#8211; but there was a time when Ashling\u2019s future looked so bleak she wasn\u2019t even sure she had one. This episode traces Ashling\u2019s heroic struggle to the apex of Camogie &#8211; overcoming career threatening injury and her crippling slump into darkness and depression. <\/span><\/p>\n<p><strong><u>Henry Shefflin \u2013 King of the Cats<\/u><\/strong><\/p>\n<p><span>Henry Shefflin\u2019s slow but painstaking apprenticeship in the sorcery of the sliotar finally saw him emerge as perhaps the greatest hurler of all time &#8211; with a matchless record of 10 All Ireland medals, and a galaxy of All Star awards. But Henry was more than the king of hurling and this episode reveals an intensely human side to this superman of the hurling field.<\/span><\/p>\n<p><strong><u>Mickey Harte \u2013 Unquenchable Spirit <\/u><\/strong><\/p>\n<p><span>In many ways the father of contemporary football with a historic reign as one of football\u2019s most effective mangers, a personal life scarred by loss and his daughter\u2019s horrific murder. Mickey Harte has ploughed his own furrow with the occasional controversial consequence but his spirit and passion for life and the GAA remain unquenched. <\/span><\/p>\n<p><span>The series comprises of five\u00a0 very different hours and five very different personalities. But emotion, insight, entertainment and drama are guaranteed in each. The ambition of the series is to retain the core following that the Laochra Gael series has built up over the years while broadening its appeal to a new and wider audience. <\/span><\/p>\n<p>GAA President Aog\u00e1n \u00d3 Fearghail said today <em>\u201cI\u2019m delighted to welcome another series of TG4\u2019s ever-popular Laochra Gael and I look forward to seeing the exploits and achievements of some of the greatest players and managers of recent years from right across the Gaelic games family.<\/em> <em>All of those who feature in the latest series should be justifiably proud that they have been singled out for inclusion in recognition of their contribution to our games, and by extension, Cumann L\u00fathchleas Gael as a whole.\u00a0 Their respective roles deserve commendation of the highest order\u201d.<\/em><em>\u00a0 <\/em><\/p>\n<p><em>\u201cI\u2019d also like to thank TG4 for their ongoing support of Gaelic games in so many ways, not least through the broadcast of our games in addition to high quality programming such as this\u201d. <\/em>\u201d<em>These programmes are enjoyed by so many and they have survived the test of time preserving as they do some incredible memories and stand out moments, not just for the players, but for those of us who enjoyed their skills from the sidelines.\u201d<\/em><\/p>\n<p>Speaking at today\u2019s launch, outgoing TG4\u00a0 Leascheannasa\u00ed, P\u00e1dhraic\u00a0 \u00d3 Ciardha\u00a0 said\u00a0 that the channel continues to be proud of its year-round and wide-ranging Gaelic games output.\u00a0 \u201cS<em>eries such as this one have copper-fastened our status as the\u00a0 TV home of Gaelic games<\/em>,\u201d he said. \u201c<em>The\u00a0 new extended hour-long format for <\/em>Laochra Gael<em> enables us not just to profile these legendary figures but to provide our viewers with real insights as to\u00a0 how their individual personality shaped\u00a0 their ability to achieve the greatness we have seen from them<\/em>.\u201d<\/p>\n<p>Executive Producer and Nemeton TV CEO, Irial Mac Murch\u00fa added: <em>&#8220;We are very proud of the achievements of the Laochra Gael production team that has created a stunning 156 episodes in this epic series. This season, we delve deeper into the characters and the personalities behind the heroic highlights of their playing careers&#8221;<\/em><\/p>\n<p><strong>The new Laochra Gael season will air on TG4 at 9:30pm <\/strong><strong>on Wednesday evenings starting February 28<sup>th<\/sup>.<\/strong><strong><em>\u00a0<\/em><\/strong><\/p>\n<p><strong><em>Media Contact<\/em><\/strong><strong>: R\u00f3n\u00e1n \u00d3 Coisdealbha, Sp\u00f3rt TG4\u00a0 \u00a0(087) 2472841\u00a0 \u00a0E-mail: <a href=\"mailto:sport@dev.tg4.ie\">sport@dev.tg4.ie<\/a><\/strong><\/p>\n<p><strong><u>Laochra Gael Series:<\/u><\/strong><\/p>\n<ul>\n<li><span>Programme 1:\u00a0\u00a0 Lar Corbett, 9.30pm, Wednesday February 28<sup>th<\/sup> <\/span><\/li>\n<li><span>Programme 2:\u00a0 Graham Geraghty, 9.30pm, Wednesday 7<sup>th<\/sup> March<\/span><\/li>\n<li><span>Programme 3:\u00a0 Ashling Thompson, 9.30pm, Wednesday 14<sup>th<\/sup> March<\/span><\/li>\n<li><span>Programme 4:\u00a0 Henry Shefflin, 9.30pm, Wednesday 21<sup>st<\/sup> March<\/span><\/li>\n<li><span>Programme 5: \u00a0Mickey Harte,\u00a0\u00a0\u00a0 9.30pm, Wednesday 28<sup>th<\/sup> March<\/span><\/li>\n<\/ul>\n","protected":false},"excerpt":{"rendered":"<p>Understanding Lar Corbett Lar Corbett\u2019s legacy includes some of the greatest hurling moments to grace the modern game. But in sport and even in everyday life people have found it deceptively difficult to zone into him. Sporting great, colourful storyteller and born again business entrepreneur the first episode in the series explores the immensely entertaining [&hellip;]<\/p>\n","protected":false},"author":999,"featured_media":42191,"parent":72851,"menu_order":4,"comment_status":"closed","ping_status":"closed","template":"page-templates\/template-pr.php","meta":{"_acf_changed":false,"footnotes":""},"acf":[],"yoast_head":"<!-- This site is optimized with the Yoast SEO plugin v22.6 - https:\/\/yoast.com\/wordpress\/plugins\/seo\/ -->\n<title>GAA President launches new Laochra Gael series profiling legendary players - TG4<\/title>\n<meta name=\"robots\" content=\"index, follow, max-snippet:-1, max-image-preview:large, max-video-preview:-1\" \/>\n<meta property=\"og:locale\" content=\"en_US\" \/>\n<meta property=\"og:type\" content=\"article\" \/>\n<meta property=\"og:title\" content=\"GAA President launches new Laochra Gael series profiling legendary players - TG4\" \/>\n<meta property=\"og:description\" content=\"Understanding Lar Corbett Lar Corbett\u2019s legacy includes some of the greatest hurling moments to grace the modern game. But in sport and even in everyday life people have found it deceptively difficult to zone into him. Sporting great, colourful storyteller and born again business entrepreneur the first episode in the series explores the immensely entertaining [&hellip;]\" \/>\n<meta property=\"og:url\" content=\"https:\/\/dev.tg4.ie\/en\/information\/press\/press-releases\/2018-2\/gaa-president-launches-new-laochra-gael-series-profiling-legendary-players\/\" \/>\n<meta property=\"og:site_name\" content=\"TG4\" \/>\n<meta property=\"article:publisher\" content=\"https:\/\/www.facebook.com\/TG4TV\" \/>\n<meta property=\"article:modified_time\" content=\"2019-07-01T08:40:31+00:00\" \/>\n<meta property=\"og:image\" content=\"https:\/\/tg4-docs.s3.amazonaws.com\/tg4-redesign-2015\/wp-content\/uploads\/2016\/01\/Laochra-Gael-Jpeg-1.jpg\" \/>\n\t<meta property=\"og:image:width\" content=\"1920\" \/>\n\t<meta property=\"og:image:height\" content=\"1080\" \/>\n\t<meta property=\"og:image:type\" content=\"image\/jpeg\" \/>\n<meta name=\"twitter:card\" content=\"summary_large_image\" \/>\n<meta name=\"twitter:site\" content=\"@TG4TV\" \/>\n<meta name=\"twitter:label1\" content=\"Est. reading time\" \/>\n\t<meta name=\"twitter:data1\" content=\"4 minutes\" \/>\n<script type=\"application\/ld+json\" class=\"yoast-schema-graph\">{\"@context\":\"https:\/\/schema.org\",\"@graph\":[{\"@type\":\"WebPage\",\"@id\":\"https:\/\/dev.tg4.ie\/en\/information\/press\/press-releases\/2018-2\/gaa-president-launches-new-laochra-gael-series-profiling-legendary-players\/\",\"url\":\"https:\/\/dev.tg4.ie\/en\/information\/press\/press-releases\/2018-2\/gaa-president-launches-new-laochra-gael-series-profiling-legendary-players\/\",\"name\":\"GAA President launches new Laochra Gael series profiling legendary players - TG4\",\"isPartOf\":{\"@id\":\"https:\/\/dev.tg4.ie\/en\/#website\"},\"primaryImageOfPage\":{\"@id\":\"https:\/\/dev.tg4.ie\/en\/information\/press\/press-releases\/2018-2\/gaa-president-launches-new-laochra-gael-series-profiling-legendary-players\/#primaryimage\"},\"image\":{\"@id\":\"https:\/\/dev.tg4.ie\/en\/information\/press\/press-releases\/2018-2\/gaa-president-launches-new-laochra-gael-series-profiling-legendary-players\/#primaryimage\"},\"thumbnailUrl\":\"https:\/\/tg4-docs.s3.amazonaws.com\/tg4-redesign-2015\/wp-content\/uploads\/2016\/01\/Laochra-Gael-Jpeg-1.jpg\",\"datePublished\":\"2018-02-09T16:05:23+00:00\",\"dateModified\":\"2019-07-01T08:40:31+00:00\",\"breadcrumb\":{\"@id\":\"https:\/\/dev.tg4.ie\/en\/information\/press\/press-releases\/2018-2\/gaa-president-launches-new-laochra-gael-series-profiling-legendary-players\/#breadcrumb\"},\"inLanguage\":\"en-ie\",\"potentialAction\":[{\"@type\":\"ReadAction\",\"target\":[\"https:\/\/dev.tg4.ie\/en\/information\/press\/press-releases\/2018-2\/gaa-president-launches-new-laochra-gael-series-profiling-legendary-players\/\"]}]},{\"@type\":\"ImageObject\",\"inLanguage\":\"en-ie\",\"@id\":\"https:\/\/dev.tg4.ie\/en\/information\/press\/press-releases\/2018-2\/gaa-president-launches-new-laochra-gael-series-profiling-legendary-players\/#primaryimage\",\"url\":\"https:\/\/tg4-docs.s3.amazonaws.com\/tg4-redesign-2015\/wp-content\/uploads\/2016\/01\/Laochra-Gael-Jpeg-1.jpg\",\"contentUrl\":\"https:\/\/tg4-docs.s3.amazonaws.com\/tg4-redesign-2015\/wp-content\/uploads\/2016\/01\/Laochra-Gael-Jpeg-1.jpg\",\"width\":1920,\"height\":1080,\"caption\":\"Laochra Gael\"},{\"@type\":\"BreadcrumbList\",\"@id\":\"https:\/\/dev.tg4.ie\/en\/information\/press\/press-releases\/2018-2\/gaa-president-launches-new-laochra-gael-series-profiling-legendary-players\/#breadcrumb\",\"itemListElement\":[{\"@type\":\"ListItem\",\"position\":1,\"name\":\"Home\",\"item\":\"https:\/\/dev.tg4.ie\/en\/\"},{\"@type\":\"ListItem\",\"position\":2,\"name\":\"Information\",\"item\":\"https:\/\/dev.tg4.ie\/en\/information\/\"},{\"@type\":\"ListItem\",\"position\":3,\"name\":\"Press\",\"item\":\"https:\/\/dev.tg4.ie\/en\/information\/press\/\"},{\"@type\":\"ListItem\",\"position\":4,\"name\":\"Press Releases\",\"item\":\"https:\/\/dev.tg4.ie\/en\/information\/press\/press-releases\/\"},{\"@type\":\"ListItem\",\"position\":5,\"name\":\"2018\",\"item\":\"https:\/\/dev.tg4.ie\/en\/information\/press\/press-releases\/2018-2\/\"},{\"@type\":\"ListItem\",\"position\":6,\"name\":\"GAA President launches new Laochra Gael series profiling legendary players\"}]},{\"@type\":\"WebSite\",\"@id\":\"https:\/\/dev.tg4.ie\/en\/#website\",\"url\":\"https:\/\/dev.tg4.ie\/en\/\",\"name\":\"TG4\",\"description\":\"S\u00fail Eile\",\"potentialAction\":[{\"@type\":\"SearchAction\",\"target\":{\"@type\":\"EntryPoint\",\"urlTemplate\":\"https:\/\/dev.tg4.ie\/en\/?s={search_term_string}\"},\"query-input\":\"required name=search_term_string\"}],\"inLanguage\":\"en-ie\"}]}<\/script>\n<!-- \/ Yoast SEO plugin. -->","yoast_head_json":{"title":"GAA President launches new Laochra Gael series profiling legendary players - TG4","robots":{"index":"index","follow":"follow","max-snippet":"max-snippet:-1","max-image-preview":"max-image-preview:large","max-video-preview":"max-video-preview:-1"},"og_locale":"en_US","og_type":"article","og_title":"GAA President launches new Laochra Gael series profiling legendary players - TG4","og_description":"Understanding Lar Corbett Lar Corbett\u2019s legacy includes some of the greatest hurling moments to grace the modern game. But in sport and even in everyday life people have found it deceptively difficult to zone into him. Sporting great, colourful storyteller and born again business entrepreneur the first episode in the series explores the immensely entertaining [&hellip;]","og_url":"https:\/\/dev.tg4.ie\/en\/information\/press\/press-releases\/2018-2\/gaa-president-launches-new-laochra-gael-series-profiling-legendary-players\/","og_site_name":"TG4","article_publisher":"https:\/\/www.facebook.com\/TG4TV","article_modified_time":"2019-07-01T08:40:31+00:00","og_image":[{"width":1920,"height":1080,"url":"https:\/\/tg4-docs.s3.amazonaws.com\/tg4-redesign-2015\/wp-content\/uploads\/2016\/01\/Laochra-Gael-Jpeg-1.jpg","type":"image\/jpeg"}],"twitter_card":"summary_large_image","twitter_site":"@TG4TV","twitter_misc":{"Est. reading time":"4 minutes"},"schema":{"@context":"https:\/\/schema.org","@graph":[{"@type":"WebPage","@id":"https:\/\/dev.tg4.ie\/en\/information\/press\/press-releases\/2018-2\/gaa-president-launches-new-laochra-gael-series-profiling-legendary-players\/","url":"https:\/\/dev.tg4.ie\/en\/information\/press\/press-releases\/2018-2\/gaa-president-launches-new-laochra-gael-series-profiling-legendary-players\/","name":"GAA President launches new Laochra Gael series profiling legendary players - TG4","isPartOf":{"@id":"https:\/\/dev.tg4.ie\/en\/#website"},"primaryImageOfPage":{"@id":"https:\/\/dev.tg4.ie\/en\/information\/press\/press-releases\/2018-2\/gaa-president-launches-new-laochra-gael-series-profiling-legendary-players\/#primaryimage"},"image":{"@id":"https:\/\/dev.tg4.ie\/en\/information\/press\/press-releases\/2018-2\/gaa-president-launches-new-laochra-gael-series-profiling-legendary-players\/#primaryimage"},"thumbnailUrl":"https:\/\/tg4-docs.s3.amazonaws.com\/tg4-redesign-2015\/wp-content\/uploads\/2016\/01\/Laochra-Gael-Jpeg-1.jpg","datePublished":"2018-02-09T16:05:23+00:00","dateModified":"2019-07-01T08:40:31+00:00","breadcrumb":{"@id":"https:\/\/dev.tg4.ie\/en\/information\/press\/press-releases\/2018-2\/gaa-president-launches-new-laochra-gael-series-profiling-legendary-players\/#breadcrumb"},"inLanguage":"en-ie","potentialAction":[{"@type":"ReadAction","target":["https:\/\/dev.tg4.ie\/en\/information\/press\/press-releases\/2018-2\/gaa-president-launches-new-laochra-gael-series-profiling-legendary-players\/"]}]},{"@type":"ImageObject","inLanguage":"en-ie","@id":"https:\/\/dev.tg4.ie\/en\/information\/press\/press-releases\/2018-2\/gaa-president-launches-new-laochra-gael-series-profiling-legendary-players\/#primaryimage","url":"https:\/\/tg4-docs.s3.amazonaws.com\/tg4-redesign-2015\/wp-content\/uploads\/2016\/01\/Laochra-Gael-Jpeg-1.jpg","contentUrl":"https:\/\/tg4-docs.s3.amazonaws.com\/tg4-redesign-2015\/wp-content\/uploads\/2016\/01\/Laochra-Gael-Jpeg-1.jpg","width":1920,"height":1080,"caption":"Laochra Gael"},{"@type":"BreadcrumbList","@id":"https:\/\/dev.tg4.ie\/en\/information\/press\/press-releases\/2018-2\/gaa-president-launches-new-laochra-gael-series-profiling-legendary-players\/#breadcrumb","itemListElement":[{"@type":"ListItem","position":1,"name":"Home","item":"https:\/\/dev.tg4.ie\/en\/"},{"@type":"ListItem","position":2,"name":"Information","item":"https:\/\/dev.tg4.ie\/en\/information\/"},{"@type":"ListItem","position":3,"name":"Press","item":"https:\/\/dev.tg4.ie\/en\/information\/press\/"},{"@type":"ListItem","position":4,"name":"Press Releases","item":"https:\/\/dev.tg4.ie\/en\/information\/press\/press-releases\/"},{"@type":"ListItem","position":5,"name":"2018","item":"https:\/\/dev.tg4.ie\/en\/information\/press\/press-releases\/2018-2\/"},{"@type":"ListItem","position":6,"name":"GAA President launches new Laochra Gael series profiling legendary players"}]},{"@type":"WebSite","@id":"https:\/\/dev.tg4.ie\/en\/#website","url":"https:\/\/dev.tg4.ie\/en\/","name":"TG4","description":"S\u00fail Eile","potentialAction":[{"@type":"SearchAction","target":{"@type":"EntryPoint","urlTemplate":"https:\/\/dev.tg4.ie\/en\/?s={search_term_string}"},"query-input":"required name=search_term_string"}],"inLanguage":"en-ie"}]}},"_links":{"self":[{"href":"https:\/\/dev.tg4.ie\/en\/wp-json\/wp\/v2\/pages\/74518"}],"collection":[{"href":"https:\/\/dev.tg4.ie\/en\/wp-json\/wp\/v2\/pages"}],"about":[{"href":"https:\/\/dev.tg4.ie\/en\/wp-json\/wp\/v2\/types\/page"}],"author":[{"embeddable":true,"href":"https:\/\/dev.tg4.ie\/en\/wp-json\/wp\/v2\/users\/999"}],"replies":[{"embeddable":true,"href":"https:\/\/dev.tg4.ie\/en\/wp-json\/wp\/v2\/comments?post=74518"}],"version-history":[{"count":0,"href":"https:\/\/dev.tg4.ie\/en\/wp-json\/wp\/v2\/pages\/74518\/revisions"}],"up":[{"embeddable":true,"href":"https:\/\/dev.tg4.ie\/en\/wp-json\/wp\/v2\/pages\/72851"}],"wp:featuredmedia":[{"embeddable":true,"href":"https:\/\/dev.tg4.ie\/en\/wp-json\/wp\/v2\/media\/42191"}],"wp:attachment":[{"href":"https:\/\/dev.tg4.ie\/en\/wp-json\/wp\/v2\/media?parent=74518"}],"curies":[{"name":"wp","href":"https:\/\/api.w.org\/{rel}","templated":true}]}}