{"id":80292,"date":"2018-03-08T12:14:51","date_gmt":"2018-03-08T12:14:51","guid":{"rendered":"https:\/\/dev.tg4.ie\/?page_id=80292"},"modified":"2019-07-01T09:41:33","modified_gmt":"2019-07-01T08:41:33","slug":"celtic-media-festival","status":"publish","type":"page","link":"https:\/\/dev.tg4.ie\/en\/information\/press\/press-releases\/2018-2\/celtic-media-festival\/","title":{"rendered":"7 TG4 productions shortlisted for 2018 Celtic Media Festival"},"content":{"rendered":"<p>The Celtic Media Festival (CMF) is one of the most prestigious and long-established in these islands and is held each year, rotating between venues in the various Celtic nations and regions. It combines a three-day media conference that attracts broadcasters, producers, media and students with a competition across the full range of Film, TV, Radio and new media content genres. CMF awards are highly-coveted. Entries go through a national pre-selection phase with the shortlist from each country announced in February before advancing to the international Festival. This year\u2019s Festival will take place in Llanelli in Wales from the 2nd to 4th of May 2018 (<a href=\"http:\/\/www.celticmediafestival.co.uk\" target=\"_New\" rel=\"noopener noreferrer\">www.celticmediafestival.co.uk<\/a>)<\/p>\n<p>Among TG4 nominations are An Klondike 2, Rocky Ros Muc, Murdair Mh\u00e1m Trasna, \u00c9ire Fhi\u00e1in, Port, Song of Granite and An B\u00e9al Bocht.<\/p>\n<ul>\n<li>An Klondike 2 \u2013 (Drama Series). A sequel for the acclaimed drama series set in the harsh world of the gold mines of Alaska a century ago. An Klondike 2 continues the turbulent lives of three Irish-born brothers as they purse their quest for fame, fortune (or contentment) in the great Yukon gold rush in Alaska in 1895 at Dominion Creek. After the events that unfolded in series 1, the Connolly&#8217;s are now united, have established themselves as a force to be reckoned with, but against a backdrop of growing lawlessness in Dominion Creek, they must face down a challenge that threatens to take from them all they hold dear.. Starring Owen McDonnell, Dara Devaney (IFTA 2016- Best Actor in a Leading Role), Se\u00e1n T. \u00d3 Meallaigh; Ned Denehey, Timothy Murphy, Chloe Ewart, Siobhan O Kelly, Br\u00edd N\u00ed Neachtain and Robert O\u2019Mahoney. Produced by Ab\u00fa Media.<\/li>\n<li>Rocky Ros Muc\u2013(Sports Documentary) This award-winning feature-length documentary film tells the story of Connemara-born boxer, Se\u00e1n Mannion, whose life and boxing career also serve as a window on the Irish emigrant experience in Boston in the grim 1980s. From the quiet Gaeltacht village of Ros Muc in County Galway, to the mean streets of Boston, this gritty yet heart-warming film examines the man&#8217;s spirit inside the ring and his troubles outside. His rise up the professional ranks wasn&#8217;t straightforward. Neither was his descent. This is a story of survival, of determination, honour &amp; strength, a story about identity &amp; community. Produced by Below the Radar Productions.<\/li>\n<li>Murdair Mh\u00e1m Trasna- (History) In this new feature docu-drama recounting of the brutal slaying in 1882 of a family in M\u00e1m Trasna and the wrongful hanging and conviction of those accused are portrayed. Based on the critically acclaimed book \u00c9ag\u00f3ir written by Se\u00e1n \u00d3 Cuirre\u00e1in and published by Cois Life, Murdair Mh\u00e1m Trasna tells the story of barbaric murders committed in the dead of night in the midst of a rural community in Joyce Country, on the border between counties Galway and Mayo in 1882 and the subsequent trial in Dublin (most unusual for the time) which lead to the unjust hanging and life imprisonment of innocent people based on the testimonies of false witnesses, traitors and the dishonesty of the authorities and the gentry. Produced by Rosg.<\/li>\n<li>\u00c9ire Fhi\u00e1in-(Factual Series) An award winning two-programme special on Ireland&#8217;s most striking wild environment presented by Eoin Warner. Eoin opens the series on the Skellig Islands off the Kerry Coast, surrounded by thousands of comical puffins and secretive shearwaters who travel to Skellig from sub-Antarctic waters every year to find the same nest to breed. Heading north from here he encounters leaping Humpback Whales off the Blasket Islands, a family of barn owls who have taken up residence in the ruins of an ancient castle and Ireland&#8217;s limestone desert &#8211; the Burren, home to the island&#8217;s only reptile, the common lizard. Produced by Crossing the Line Productions.<\/li>\n<li>Port- (Factual Entertainment) Musical documentary presented by Julie Fowlis and Muireann Nic Amhlaoibh. They visit Orkney to discover more about traditional music in the islands. Port reveals their shared musical heritage and we hear from their musical friends who have roots in Orkney. Accompanying Julie and Muireann are renowned Irish musician Liam \u00d3 Maonla\u00ed and, from the U.S., Liz Carroll. Amongst the musicians playing with them will be Kris Drever, the Wrigley Sisters, The Unthanks and Lynched. Produced by Bees Nees Media Ltd.<\/li>\n<li>Song of Granite \u2013 (Arts) Impressions of the life and times of legendary Connemara-born traditional Irish singer, Joe Heaney. The beautiful yet harsh landscape combined with the myths, fables and songs of his Carna childhood helped shape this complex and gifted character. Enigmatic and fascinating, Heaney\u2019s devotion to his art came at a huge personal cost to him and those closest to him. Most of his adult life was spent in the USA where his brilliance was recognised as a key influence in the folk-revival and his concerts and recordings drew widespread acclaim and recognition. Cast includes Macdara \u00d3 Fatharta, Miche\u00e1l \u00d3 Confhaola, Jaren Cerf, P\u00f3l \u00d3 Ceannabh\u00e1in and Colm Seoighe. Directed by Pat Collins, the project received support from Section 481 and from a number of film agencies and funds in North America. Produced by Roads Entertainment.<\/li>\n<li>An B\u00e9al Bocht \u2013 (Animation) An award winning animated adaptation of Flann O\u2019Brien\u2019s acclaimed 1941 novel in Irish. It is a biting satire on the highly popular Gaeltacht autobiographies of the time. It is widely regarded as one of the greatest Irish-language novels of the 20th century. It is the life story of a young Gael held in Sligo Jail as he reflects on the dire poverty of his childhood and recalls the glamour of the city-dwellers who came to learn Irish and lecture the natives about how lucky they were. It stars the voices of Se\u00e1n Miste\u00e1l, Donncha Crowley, Tommy Tiernan and Bob Quinn. This animated adaptation is the first time that the book has been brought to screen and is also the animated debut for critically acclaimed feature film director, Tom Collins.<\/li>\n<\/ul>\n<p>TG4 Ardsti\u00farth\u00f3ir Alan Esslemont is delighted with the TG4 content going forward to this year\u2019s Celtic Media Festival. \u201cAs well as meeting the needs of the domestic TV audience, our content is now reaching people all over the world through our Player and other devices\u201d, he said. \u201cIt is gratifying to see our programmes standing up to competition from the best from Scotland, Wales and indeed Ireland and this reaffirms our conviction that quality will always travel well.\u201d<\/p>\n","protected":false},"excerpt":{"rendered":"<p>The Celtic Media Festival (CMF) is one of the most prestigious and long-established in these islands and is held each year, rotating between venues in the various Celtic nations and regions. It combines a three-day media conference that attracts broadcasters, producers, media and students with a competition across the full range of Film, TV, Radio [&hellip;]<\/p>\n","protected":false},"author":4,"featured_media":70757,"parent":72851,"menu_order":5,"comment_status":"closed","ping_status":"closed","template":"page-templates\/template-pr.php","meta":{"_acf_changed":false,"footnotes":""},"acf":[],"yoast_head":"<!-- This site is optimized with the Yoast SEO plugin v22.6 - https:\/\/yoast.com\/wordpress\/plugins\/seo\/ -->\n<title>7 TG4 productions shortlisted for 2018 Celtic Media Festival - TG4<\/title>\n<meta name=\"robots\" content=\"index, follow, max-snippet:-1, max-image-preview:large, max-video-preview:-1\" \/>\n<meta property=\"og:locale\" content=\"en_US\" \/>\n<meta property=\"og:type\" content=\"article\" \/>\n<meta property=\"og:title\" content=\"7 TG4 productions shortlisted for 2018 Celtic Media Festival - TG4\" \/>\n<meta property=\"og:description\" content=\"The Celtic Media Festival (CMF) is one of the most prestigious and long-established in these islands and is held each year, rotating between venues in the various Celtic nations and regions. It combines a three-day media conference that attracts broadcasters, producers, media and students with a competition across the full range of Film, TV, Radio [&hellip;]\" \/>\n<meta property=\"og:url\" content=\"https:\/\/dev.tg4.ie\/en\/information\/press\/press-releases\/2018-2\/celtic-media-festival\/\" \/>\n<meta property=\"og:site_name\" content=\"TG4\" \/>\n<meta property=\"article:publisher\" content=\"https:\/\/www.facebook.com\/TG4TV\" \/>\n<meta property=\"article:modified_time\" content=\"2019-07-01T08:41:33+00:00\" \/>\n<meta property=\"og:image\" content=\"https:\/\/tg4-docs.s3.amazonaws.com\/tg4-redesign-2015\/wp-content\/uploads\/2017\/11\/RockyRosmuc.jpg\" \/>\n\t<meta property=\"og:image:width\" content=\"1920\" \/>\n\t<meta property=\"og:image:height\" content=\"1080\" \/>\n\t<meta property=\"og:image:type\" content=\"image\/jpeg\" \/>\n<meta name=\"twitter:card\" content=\"summary_large_image\" \/>\n<meta name=\"twitter:site\" content=\"@TG4TV\" \/>\n<meta name=\"twitter:label1\" content=\"Est. reading time\" \/>\n\t<meta name=\"twitter:data1\" content=\"5 minutes\" \/>\n<script type=\"application\/ld+json\" class=\"yoast-schema-graph\">{\"@context\":\"https:\/\/schema.org\",\"@graph\":[{\"@type\":\"WebPage\",\"@id\":\"https:\/\/dev.tg4.ie\/en\/information\/press\/press-releases\/2018-2\/celtic-media-festival\/\",\"url\":\"https:\/\/dev.tg4.ie\/en\/information\/press\/press-releases\/2018-2\/celtic-media-festival\/\",\"name\":\"7 TG4 productions shortlisted for 2018 Celtic Media Festival - TG4\",\"isPartOf\":{\"@id\":\"https:\/\/dev.tg4.ie\/en\/#website\"},\"primaryImageOfPage\":{\"@id\":\"https:\/\/dev.tg4.ie\/en\/information\/press\/press-releases\/2018-2\/celtic-media-festival\/#primaryimage\"},\"image\":{\"@id\":\"https:\/\/dev.tg4.ie\/en\/information\/press\/press-releases\/2018-2\/celtic-media-festival\/#primaryimage\"},\"thumbnailUrl\":\"https:\/\/tg4-docs.s3.amazonaws.com\/tg4-redesign-2015\/wp-content\/uploads\/2017\/11\/RockyRosmuc.jpg\",\"datePublished\":\"2018-03-08T12:14:51+00:00\",\"dateModified\":\"2019-07-01T08:41:33+00:00\",\"breadcrumb\":{\"@id\":\"https:\/\/dev.tg4.ie\/en\/information\/press\/press-releases\/2018-2\/celtic-media-festival\/#breadcrumb\"},\"inLanguage\":\"en-ie\",\"potentialAction\":[{\"@type\":\"ReadAction\",\"target\":[\"https:\/\/dev.tg4.ie\/en\/information\/press\/press-releases\/2018-2\/celtic-media-festival\/\"]}]},{\"@type\":\"ImageObject\",\"inLanguage\":\"en-ie\",\"@id\":\"https:\/\/dev.tg4.ie\/en\/information\/press\/press-releases\/2018-2\/celtic-media-festival\/#primaryimage\",\"url\":\"https:\/\/tg4-docs.s3.amazonaws.com\/tg4-redesign-2015\/wp-content\/uploads\/2017\/11\/RockyRosmuc.jpg\",\"contentUrl\":\"https:\/\/tg4-docs.s3.amazonaws.com\/tg4-redesign-2015\/wp-content\/uploads\/2017\/11\/RockyRosmuc.jpg\",\"width\":1920,\"height\":1080,\"caption\":\"Rocky Ros Muc\"},{\"@type\":\"BreadcrumbList\",\"@id\":\"https:\/\/dev.tg4.ie\/en\/information\/press\/press-releases\/2018-2\/celtic-media-festival\/#breadcrumb\",\"itemListElement\":[{\"@type\":\"ListItem\",\"position\":1,\"name\":\"Home\",\"item\":\"https:\/\/dev.tg4.ie\/en\/\"},{\"@type\":\"ListItem\",\"position\":2,\"name\":\"Information\",\"item\":\"https:\/\/dev.tg4.ie\/en\/information\/\"},{\"@type\":\"ListItem\",\"position\":3,\"name\":\"Press\",\"item\":\"https:\/\/dev.tg4.ie\/en\/information\/press\/\"},{\"@type\":\"ListItem\",\"position\":4,\"name\":\"Press Releases\",\"item\":\"https:\/\/dev.tg4.ie\/en\/information\/press\/press-releases\/\"},{\"@type\":\"ListItem\",\"position\":5,\"name\":\"2018\",\"item\":\"https:\/\/dev.tg4.ie\/en\/information\/press\/press-releases\/2018-2\/\"},{\"@type\":\"ListItem\",\"position\":6,\"name\":\"7 TG4 productions shortlisted for 2018 Celtic Media Festival\"}]},{\"@type\":\"WebSite\",\"@id\":\"https:\/\/dev.tg4.ie\/en\/#website\",\"url\":\"https:\/\/dev.tg4.ie\/en\/\",\"name\":\"TG4\",\"description\":\"S\u00fail Eile\",\"potentialAction\":[{\"@type\":\"SearchAction\",\"target\":{\"@type\":\"EntryPoint\",\"urlTemplate\":\"https:\/\/dev.tg4.ie\/en\/?s={search_term_string}\"},\"query-input\":\"required name=search_term_string\"}],\"inLanguage\":\"en-ie\"}]}<\/script>\n<!-- \/ Yoast SEO plugin. -->","yoast_head_json":{"title":"7 TG4 productions shortlisted for 2018 Celtic Media Festival - TG4","robots":{"index":"index","follow":"follow","max-snippet":"max-snippet:-1","max-image-preview":"max-image-preview:large","max-video-preview":"max-video-preview:-1"},"og_locale":"en_US","og_type":"article","og_title":"7 TG4 productions shortlisted for 2018 Celtic Media Festival - TG4","og_description":"The Celtic Media Festival (CMF) is one of the most prestigious and long-established in these islands and is held each year, rotating between venues in the various Celtic nations and regions. It combines a three-day media conference that attracts broadcasters, producers, media and students with a competition across the full range of Film, TV, Radio [&hellip;]","og_url":"https:\/\/dev.tg4.ie\/en\/information\/press\/press-releases\/2018-2\/celtic-media-festival\/","og_site_name":"TG4","article_publisher":"https:\/\/www.facebook.com\/TG4TV","article_modified_time":"2019-07-01T08:41:33+00:00","og_image":[{"width":1920,"height":1080,"url":"https:\/\/tg4-docs.s3.amazonaws.com\/tg4-redesign-2015\/wp-content\/uploads\/2017\/11\/RockyRosmuc.jpg","type":"image\/jpeg"}],"twitter_card":"summary_large_image","twitter_site":"@TG4TV","twitter_misc":{"Est. reading time":"5 minutes"},"schema":{"@context":"https:\/\/schema.org","@graph":[{"@type":"WebPage","@id":"https:\/\/dev.tg4.ie\/en\/information\/press\/press-releases\/2018-2\/celtic-media-festival\/","url":"https:\/\/dev.tg4.ie\/en\/information\/press\/press-releases\/2018-2\/celtic-media-festival\/","name":"7 TG4 productions shortlisted for 2018 Celtic Media Festival - TG4","isPartOf":{"@id":"https:\/\/dev.tg4.ie\/en\/#website"},"primaryImageOfPage":{"@id":"https:\/\/dev.tg4.ie\/en\/information\/press\/press-releases\/2018-2\/celtic-media-festival\/#primaryimage"},"image":{"@id":"https:\/\/dev.tg4.ie\/en\/information\/press\/press-releases\/2018-2\/celtic-media-festival\/#primaryimage"},"thumbnailUrl":"https:\/\/tg4-docs.s3.amazonaws.com\/tg4-redesign-2015\/wp-content\/uploads\/2017\/11\/RockyRosmuc.jpg","datePublished":"2018-03-08T12:14:51+00:00","dateModified":"2019-07-01T08:41:33+00:00","breadcrumb":{"@id":"https:\/\/dev.tg4.ie\/en\/information\/press\/press-releases\/2018-2\/celtic-media-festival\/#breadcrumb"},"inLanguage":"en-ie","potentialAction":[{"@type":"ReadAction","target":["https:\/\/dev.tg4.ie\/en\/information\/press\/press-releases\/2018-2\/celtic-media-festival\/"]}]},{"@type":"ImageObject","inLanguage":"en-ie","@id":"https:\/\/dev.tg4.ie\/en\/information\/press\/press-releases\/2018-2\/celtic-media-festival\/#primaryimage","url":"https:\/\/tg4-docs.s3.amazonaws.com\/tg4-redesign-2015\/wp-content\/uploads\/2017\/11\/RockyRosmuc.jpg","contentUrl":"https:\/\/tg4-docs.s3.amazonaws.com\/tg4-redesign-2015\/wp-content\/uploads\/2017\/11\/RockyRosmuc.jpg","width":1920,"height":1080,"caption":"Rocky Ros Muc"},{"@type":"BreadcrumbList","@id":"https:\/\/dev.tg4.ie\/en\/information\/press\/press-releases\/2018-2\/celtic-media-festival\/#breadcrumb","itemListElement":[{"@type":"ListItem","position":1,"name":"Home","item":"https:\/\/dev.tg4.ie\/en\/"},{"@type":"ListItem","position":2,"name":"Information","item":"https:\/\/dev.tg4.ie\/en\/information\/"},{"@type":"ListItem","position":3,"name":"Press","item":"https:\/\/dev.tg4.ie\/en\/information\/press\/"},{"@type":"ListItem","position":4,"name":"Press Releases","item":"https:\/\/dev.tg4.ie\/en\/information\/press\/press-releases\/"},{"@type":"ListItem","position":5,"name":"2018","item":"https:\/\/dev.tg4.ie\/en\/information\/press\/press-releases\/2018-2\/"},{"@type":"ListItem","position":6,"name":"7 TG4 productions shortlisted for 2018 Celtic Media Festival"}]},{"@type":"WebSite","@id":"https:\/\/dev.tg4.ie\/en\/#website","url":"https:\/\/dev.tg4.ie\/en\/","name":"TG4","description":"S\u00fail Eile","potentialAction":[{"@type":"SearchAction","target":{"@type":"EntryPoint","urlTemplate":"https:\/\/dev.tg4.ie\/en\/?s={search_term_string}"},"query-input":"required name=search_term_string"}],"inLanguage":"en-ie"}]}},"_links":{"self":[{"href":"https:\/\/dev.tg4.ie\/en\/wp-json\/wp\/v2\/pages\/80292"}],"collection":[{"href":"https:\/\/dev.tg4.ie\/en\/wp-json\/wp\/v2\/pages"}],"about":[{"href":"https:\/\/dev.tg4.ie\/en\/wp-json\/wp\/v2\/types\/page"}],"author":[{"embeddable":true,"href":"https:\/\/dev.tg4.ie\/en\/wp-json\/wp\/v2\/users\/4"}],"replies":[{"embeddable":true,"href":"https:\/\/dev.tg4.ie\/en\/wp-json\/wp\/v2\/comments?post=80292"}],"version-history":[{"count":0,"href":"https:\/\/dev.tg4.ie\/en\/wp-json\/wp\/v2\/pages\/80292\/revisions"}],"up":[{"embeddable":true,"href":"https:\/\/dev.tg4.ie\/en\/wp-json\/wp\/v2\/pages\/72851"}],"wp:featuredmedia":[{"embeddable":true,"href":"https:\/\/dev.tg4.ie\/en\/wp-json\/wp\/v2\/media\/70757"}],"wp:attachment":[{"href":"https:\/\/dev.tg4.ie\/en\/wp-json\/wp\/v2\/media?parent=80292"}],"curies":[{"name":"wp","href":"https:\/\/api.w.org\/{rel}","templated":true}]}}