{"id":80511,"date":"2018-03-22T16:22:59","date_gmt":"2018-03-22T16:22:59","guid":{"rendered":"https:\/\/dev.tg4.ie\/?page_id=80511"},"modified":"2019-07-01T09:44:53","modified_gmt":"2019-07-01T08:44:53","slug":"boston-festival","status":"publish","type":"page","link":"https:\/\/dev.tg4.ie\/en\/information\/press\/press-releases\/2018-2\/boston-festival\/","title":{"rendered":"Two TG4 films to headline Boston Irish Film Festival"},"content":{"rendered":"<p><strong>&#8216;Noel Hill \u2013 Broken Dream (Aisling Gh\u00e9ar)&#8217;<\/strong>, a searing portrait of one of Ireland&#8217;s most renowned traditional musicians as he recovers from a serious assault and <strong>&#8216;In the Shadow of the Glen&#8217;<\/strong>, which chronicles the decline of a once vibrant West of Ireland village and raises wider questions about culture and sustainability, will headline at this year\u2019s festival, which runs from the 22 \u2013 25 March.<\/p>\n<p>\u201cIt is fantastic that such strong, contemporary Irish films will be screened here in the Boston area as part of the Irish Film Festival,\u201d said Boston Mayor Martin J. Walsh. \u201cThese films show the quality of work being done by TG4 and it\u2019s clear they can compete with the best on any international stage. I am very proud that these great stories from Ireland are being brought to the people of Boston and around the world.\u201d<\/p>\n<p>TG4 Director General Alan Esslemont says, \u201cWe are delighted that these top quality documentaries have been selected to screen at such a prestigious event. As part of our <strong>&#8216;TG4 Gach \u00c1it&#8217;<\/strong> initiative, it\u2019s vitally important to TG4 to connect with the Irish wherever they are and we hope that these screenings will build on the loyal fan base we already have in the US.<\/p>\n<p>The two documentaries in question where co-funded from the Sound and Vision fund of the Broadcasting Authority of Ireland. CEO of the BAI, Michael O\u2019Keeffe says, \u201cThe BAI is delighted that these two high quality Irish language films will be screened at the Boston Film Festival. While both films tell contemporary Irish stories they also deal with universal themes that have resonance for Irish and international audiences\u201d<\/p>\n<p>The feature length documentary, <strong>&#8216;Noel Hill \u2013 Broken Dream (Aisling Gh\u00e9ar)&#8217;<\/strong>, produced by Galway based Magamedia, tells the story of the world renowned concertina player, Noel Hill who decided to move with his young family to the rural idyll of Connemara. But in 2008 he was brutally assaulted in the toilet of a local pub by a builder with whom he had been in legal dispute. The physical damage to his face required 10 hours of corrective surgery while the psychological damage robbed him of his ability to play music and blighted him with ongoing flashbacks and PTSD. Paddy Hayes\u2019 documentary follows Noel as he journeys from his formative musical years in West Clare, to his darkest hours following the assault and then through his recovery.<\/p>\n<p><strong>&#8216;In the Shadow of the Glen \u2013 Anseo i L\u00e1r an Ghleanna&#8217;<\/strong>, directed and produced by Se\u00e1n \u00d3 Cual\u00e1in, tells the plight of his village as he follows a year in the life of the people of Loch Con Aortha, in Connemara, in the West of Ireland. Understanding that the Gaelic civilisation to which they belong has disintegrated, the local community strive to protect and preserve their identity, as they come to the realization that if they themselves cannot save their village, perhaps they can save its heritage.<br \/>\nThe Irish Film Festival in Boston has become the largest event of its kind outside Ireland. It provides exhibition, distribution, and educational opportunities for filmmakers; honors their work with awards; and produces original documentaries on contemporary Irish cinema. For more information check out www.irishfilmfestival.com.<\/p>\n<p><strong>&#8216;Noel Hill \u2013 Aisling Gh\u00e9ar&#8217;<\/strong> will also be screened on TG4 on Wednesday 18 April at 9.30pm with a repeat on Sunday 29 April at 10pm.<\/p>\n<p><strong>&#8216;Anseo i L\u00e1r an Ghleanna&#8217;<\/strong> is available to watch now on the <a href=\"https:\/\/dev.tg4.ie\/en\/player\/home\/?pid=5689584240001&#038;teideal=Anseo%20i%20l%C3%A1r%20an%20Ghleanna&#038;series=Anseo%20i%20l%C3%A1r%20an%20Ghleanna&#038;dlft=40\"><strong>TG4 Player<\/strong><\/a>.<\/p>\n","protected":false},"excerpt":{"rendered":"<p>&#8216;Noel Hill \u2013 Broken Dream (Aisling Gh\u00e9ar)&#8217;, a searing portrait of one of Ireland&#8217;s most renowned traditional musicians as he recovers from a serious assault and &#8216;In the Shadow of the Glen&#8217;, which chronicles the decline of a once vibrant West of Ireland village and raises wider questions about culture and sustainability, will headline at [&hellip;]<\/p>\n","protected":false},"author":4,"featured_media":80506,"parent":72851,"menu_order":7,"comment_status":"closed","ping_status":"closed","template":"page-templates\/template-pr.php","meta":{"_acf_changed":false,"footnotes":""},"acf":[],"yoast_head":"<!-- This site is optimized with the Yoast SEO plugin v22.6 - https:\/\/yoast.com\/wordpress\/plugins\/seo\/ -->\n<title>Two TG4 films to headline Boston Irish Film Festival - TG4<\/title>\n<meta name=\"robots\" content=\"index, follow, max-snippet:-1, max-image-preview:large, max-video-preview:-1\" \/>\n<meta property=\"og:locale\" content=\"en_US\" \/>\n<meta property=\"og:type\" content=\"article\" \/>\n<meta property=\"og:title\" content=\"Two TG4 films to headline Boston Irish Film Festival - TG4\" \/>\n<meta property=\"og:description\" content=\"&#8216;Noel Hill \u2013 Broken Dream (Aisling Gh\u00e9ar)&#8217;, a searing portrait of one of Ireland&#8217;s most renowned traditional musicians as he recovers from a serious assault and &#8216;In the Shadow of the Glen&#8217;, which chronicles the decline of a once vibrant West of Ireland village and raises wider questions about culture and sustainability, will headline at [&hellip;]\" \/>\n<meta property=\"og:url\" content=\"https:\/\/dev.tg4.ie\/en\/information\/press\/press-releases\/2018-2\/boston-festival\/\" \/>\n<meta property=\"og:site_name\" content=\"TG4\" \/>\n<meta property=\"article:publisher\" content=\"https:\/\/www.facebook.com\/TG4TV\" \/>\n<meta property=\"article:modified_time\" content=\"2019-07-01T08:44:53+00:00\" \/>\n<meta property=\"og:image\" content=\"https:\/\/tg4-docs.s3.amazonaws.com\/tg4-redesign-2015\/wp-content\/uploads\/2018\/03\/Noel-sa-phortach.jpg\" \/>\n\t<meta property=\"og:image:width\" content=\"1920\" \/>\n\t<meta property=\"og:image:height\" content=\"1080\" \/>\n\t<meta property=\"og:image:type\" content=\"image\/jpeg\" \/>\n<meta name=\"twitter:card\" content=\"summary_large_image\" \/>\n<meta name=\"twitter:site\" content=\"@TG4TV\" \/>\n<meta name=\"twitter:label1\" content=\"Est. reading time\" \/>\n\t<meta name=\"twitter:data1\" content=\"3 minutes\" \/>\n<script type=\"application\/ld+json\" class=\"yoast-schema-graph\">{\"@context\":\"https:\/\/schema.org\",\"@graph\":[{\"@type\":\"WebPage\",\"@id\":\"https:\/\/dev.tg4.ie\/en\/information\/press\/press-releases\/2018-2\/boston-festival\/\",\"url\":\"https:\/\/dev.tg4.ie\/en\/information\/press\/press-releases\/2018-2\/boston-festival\/\",\"name\":\"Two TG4 films to headline Boston Irish Film Festival - TG4\",\"isPartOf\":{\"@id\":\"https:\/\/dev.tg4.ie\/en\/#website\"},\"primaryImageOfPage\":{\"@id\":\"https:\/\/dev.tg4.ie\/en\/information\/press\/press-releases\/2018-2\/boston-festival\/#primaryimage\"},\"image\":{\"@id\":\"https:\/\/dev.tg4.ie\/en\/information\/press\/press-releases\/2018-2\/boston-festival\/#primaryimage\"},\"thumbnailUrl\":\"https:\/\/tg4-docs.s3.amazonaws.com\/tg4-redesign-2015\/wp-content\/uploads\/2018\/03\/Noel-sa-phortach.jpg\",\"datePublished\":\"2018-03-22T16:22:59+00:00\",\"dateModified\":\"2019-07-01T08:44:53+00:00\",\"breadcrumb\":{\"@id\":\"https:\/\/dev.tg4.ie\/en\/information\/press\/press-releases\/2018-2\/boston-festival\/#breadcrumb\"},\"inLanguage\":\"en-ie\",\"potentialAction\":[{\"@type\":\"ReadAction\",\"target\":[\"https:\/\/dev.tg4.ie\/en\/information\/press\/press-releases\/2018-2\/boston-festival\/\"]}]},{\"@type\":\"ImageObject\",\"inLanguage\":\"en-ie\",\"@id\":\"https:\/\/dev.tg4.ie\/en\/information\/press\/press-releases\/2018-2\/boston-festival\/#primaryimage\",\"url\":\"https:\/\/tg4-docs.s3.amazonaws.com\/tg4-redesign-2015\/wp-content\/uploads\/2018\/03\/Noel-sa-phortach.jpg\",\"contentUrl\":\"https:\/\/tg4-docs.s3.amazonaws.com\/tg4-redesign-2015\/wp-content\/uploads\/2018\/03\/Noel-sa-phortach.jpg\",\"width\":1920,\"height\":1080,\"caption\":\"Noel Hill\"},{\"@type\":\"BreadcrumbList\",\"@id\":\"https:\/\/dev.tg4.ie\/en\/information\/press\/press-releases\/2018-2\/boston-festival\/#breadcrumb\",\"itemListElement\":[{\"@type\":\"ListItem\",\"position\":1,\"name\":\"Home\",\"item\":\"https:\/\/dev.tg4.ie\/en\/\"},{\"@type\":\"ListItem\",\"position\":2,\"name\":\"Information\",\"item\":\"https:\/\/dev.tg4.ie\/en\/information\/\"},{\"@type\":\"ListItem\",\"position\":3,\"name\":\"Press\",\"item\":\"https:\/\/dev.tg4.ie\/en\/information\/press\/\"},{\"@type\":\"ListItem\",\"position\":4,\"name\":\"Press Releases\",\"item\":\"https:\/\/dev.tg4.ie\/en\/information\/press\/press-releases\/\"},{\"@type\":\"ListItem\",\"position\":5,\"name\":\"2018\",\"item\":\"https:\/\/dev.tg4.ie\/en\/information\/press\/press-releases\/2018-2\/\"},{\"@type\":\"ListItem\",\"position\":6,\"name\":\"Two TG4 films to headline Boston Irish Film Festival\"}]},{\"@type\":\"WebSite\",\"@id\":\"https:\/\/dev.tg4.ie\/en\/#website\",\"url\":\"https:\/\/dev.tg4.ie\/en\/\",\"name\":\"TG4\",\"description\":\"S\u00fail Eile\",\"potentialAction\":[{\"@type\":\"SearchAction\",\"target\":{\"@type\":\"EntryPoint\",\"urlTemplate\":\"https:\/\/dev.tg4.ie\/en\/?s={search_term_string}\"},\"query-input\":\"required name=search_term_string\"}],\"inLanguage\":\"en-ie\"}]}<\/script>\n<!-- \/ Yoast SEO plugin. -->","yoast_head_json":{"title":"Two TG4 films to headline Boston Irish Film Festival - TG4","robots":{"index":"index","follow":"follow","max-snippet":"max-snippet:-1","max-image-preview":"max-image-preview:large","max-video-preview":"max-video-preview:-1"},"og_locale":"en_US","og_type":"article","og_title":"Two TG4 films to headline Boston Irish Film Festival - TG4","og_description":"&#8216;Noel Hill \u2013 Broken Dream (Aisling Gh\u00e9ar)&#8217;, a searing portrait of one of Ireland&#8217;s most renowned traditional musicians as he recovers from a serious assault and &#8216;In the Shadow of the Glen&#8217;, which chronicles the decline of a once vibrant West of Ireland village and raises wider questions about culture and sustainability, will headline at [&hellip;]","og_url":"https:\/\/dev.tg4.ie\/en\/information\/press\/press-releases\/2018-2\/boston-festival\/","og_site_name":"TG4","article_publisher":"https:\/\/www.facebook.com\/TG4TV","article_modified_time":"2019-07-01T08:44:53+00:00","og_image":[{"width":1920,"height":1080,"url":"https:\/\/tg4-docs.s3.amazonaws.com\/tg4-redesign-2015\/wp-content\/uploads\/2018\/03\/Noel-sa-phortach.jpg","type":"image\/jpeg"}],"twitter_card":"summary_large_image","twitter_site":"@TG4TV","twitter_misc":{"Est. reading time":"3 minutes"},"schema":{"@context":"https:\/\/schema.org","@graph":[{"@type":"WebPage","@id":"https:\/\/dev.tg4.ie\/en\/information\/press\/press-releases\/2018-2\/boston-festival\/","url":"https:\/\/dev.tg4.ie\/en\/information\/press\/press-releases\/2018-2\/boston-festival\/","name":"Two TG4 films to headline Boston Irish Film Festival - TG4","isPartOf":{"@id":"https:\/\/dev.tg4.ie\/en\/#website"},"primaryImageOfPage":{"@id":"https:\/\/dev.tg4.ie\/en\/information\/press\/press-releases\/2018-2\/boston-festival\/#primaryimage"},"image":{"@id":"https:\/\/dev.tg4.ie\/en\/information\/press\/press-releases\/2018-2\/boston-festival\/#primaryimage"},"thumbnailUrl":"https:\/\/tg4-docs.s3.amazonaws.com\/tg4-redesign-2015\/wp-content\/uploads\/2018\/03\/Noel-sa-phortach.jpg","datePublished":"2018-03-22T16:22:59+00:00","dateModified":"2019-07-01T08:44:53+00:00","breadcrumb":{"@id":"https:\/\/dev.tg4.ie\/en\/information\/press\/press-releases\/2018-2\/boston-festival\/#breadcrumb"},"inLanguage":"en-ie","potentialAction":[{"@type":"ReadAction","target":["https:\/\/dev.tg4.ie\/en\/information\/press\/press-releases\/2018-2\/boston-festival\/"]}]},{"@type":"ImageObject","inLanguage":"en-ie","@id":"https:\/\/dev.tg4.ie\/en\/information\/press\/press-releases\/2018-2\/boston-festival\/#primaryimage","url":"https:\/\/tg4-docs.s3.amazonaws.com\/tg4-redesign-2015\/wp-content\/uploads\/2018\/03\/Noel-sa-phortach.jpg","contentUrl":"https:\/\/tg4-docs.s3.amazonaws.com\/tg4-redesign-2015\/wp-content\/uploads\/2018\/03\/Noel-sa-phortach.jpg","width":1920,"height":1080,"caption":"Noel Hill"},{"@type":"BreadcrumbList","@id":"https:\/\/dev.tg4.ie\/en\/information\/press\/press-releases\/2018-2\/boston-festival\/#breadcrumb","itemListElement":[{"@type":"ListItem","position":1,"name":"Home","item":"https:\/\/dev.tg4.ie\/en\/"},{"@type":"ListItem","position":2,"name":"Information","item":"https:\/\/dev.tg4.ie\/en\/information\/"},{"@type":"ListItem","position":3,"name":"Press","item":"https:\/\/dev.tg4.ie\/en\/information\/press\/"},{"@type":"ListItem","position":4,"name":"Press Releases","item":"https:\/\/dev.tg4.ie\/en\/information\/press\/press-releases\/"},{"@type":"ListItem","position":5,"name":"2018","item":"https:\/\/dev.tg4.ie\/en\/information\/press\/press-releases\/2018-2\/"},{"@type":"ListItem","position":6,"name":"Two TG4 films to headline Boston Irish Film Festival"}]},{"@type":"WebSite","@id":"https:\/\/dev.tg4.ie\/en\/#website","url":"https:\/\/dev.tg4.ie\/en\/","name":"TG4","description":"S\u00fail Eile","potentialAction":[{"@type":"SearchAction","target":{"@type":"EntryPoint","urlTemplate":"https:\/\/dev.tg4.ie\/en\/?s={search_term_string}"},"query-input":"required name=search_term_string"}],"inLanguage":"en-ie"}]}},"_links":{"self":[{"href":"https:\/\/dev.tg4.ie\/en\/wp-json\/wp\/v2\/pages\/80511"}],"collection":[{"href":"https:\/\/dev.tg4.ie\/en\/wp-json\/wp\/v2\/pages"}],"about":[{"href":"https:\/\/dev.tg4.ie\/en\/wp-json\/wp\/v2\/types\/page"}],"author":[{"embeddable":true,"href":"https:\/\/dev.tg4.ie\/en\/wp-json\/wp\/v2\/users\/4"}],"replies":[{"embeddable":true,"href":"https:\/\/dev.tg4.ie\/en\/wp-json\/wp\/v2\/comments?post=80511"}],"version-history":[{"count":0,"href":"https:\/\/dev.tg4.ie\/en\/wp-json\/wp\/v2\/pages\/80511\/revisions"}],"up":[{"embeddable":true,"href":"https:\/\/dev.tg4.ie\/en\/wp-json\/wp\/v2\/pages\/72851"}],"wp:featuredmedia":[{"embeddable":true,"href":"https:\/\/dev.tg4.ie\/en\/wp-json\/wp\/v2\/media\/80506"}],"wp:attachment":[{"href":"https:\/\/dev.tg4.ie\/en\/wp-json\/wp\/v2\/media?parent=80511"}],"curies":[{"name":"wp","href":"https:\/\/api.w.org\/{rel}","templated":true}]}}