{"id":80657,"date":"2018-03-29T09:48:05","date_gmt":"2018-03-29T08:48:05","guid":{"rendered":"https:\/\/dev.tg4.ie\/?page_id=80657"},"modified":"2019-07-01T09:49:43","modified_gmt":"2019-07-01T08:49:43","slug":"failte-roimh-pardun-i-ndunmharuithe-mham-trasna","status":"publish","type":"page","link":"https:\/\/dev.tg4.ie\/en\/information\/press\/press-releases\/2018-2\/failte-roimh-pardun-i-ndunmharuithe-mham-trasna\/","title":{"rendered":"M\u00e1m Trasna Murders Pardon Welcomed"},"content":{"rendered":"<p>This injustice has been highlighted in a TG4 film, <strong>Murdair Mh\u00e1m Trasna<\/strong><strong> (The Mam Trasna Murders),<\/strong> which is to be broadcast next Wednesday, 4th April at 9.30pm, in which President Higgins supports the case for a pardon being granted. The case is seen by experts as one of the most famous miscarriages of justice in British &amp; Irish legal history.<\/p>\n<p>President Higgins states in the film, \u201cEverything that happened at the level of the State was horrendous. There was bribery involved. The accused didn\u2019t get a proper chance to defend themselves. There wasn\u2019t an atmosphere of equality and there was no equality as regards legal processes at that time.<\/p>\n<p><strong>Murdair Mh\u00e1m Trasna<\/strong> is based on the book <strong>\u2018\u00c9ag\u00f3ir\u2019<\/strong>, written by former Language Commissioner, <strong>Se\u00e1n \u00d3 Cuirre\u00e1in<\/strong> who has been leading the campaign to have Maolra Seoighe and the innocent men convicted of the historic murders pardoned.<\/p>\n<p><strong>Murdair Mh\u00e1m Trasna<\/strong>, which has recently been selected to represent Ireland in the history category at the Celtic Media Festival, is produced by Galway based production company <strong>ROSG<\/strong> for <strong>TG4<\/strong>, with support from the <strong>Broadcasting Authority of Ireland<\/strong>.<\/p>\n<p>You can see the full account of the events that unfolded, when <strong>Murdair Mh\u00e1m Trasna<\/strong> is broadcast, on April 4th, at 9.30pm on TG4 and worldwide on the TG4 player.<\/p>\n<ul>\n<li><a href=\"http:\/\/clips.tg4.ie\/g\/v\/dvIJAlPAHtK\">Miche\u00e1l D. \u00d3 hUig\u00ednn Uachtar\u00e1n na h\u00c9ireann<\/a><\/li>\n<li><a href=\"http:\/\/clips.tg4.ie\/g\/v\/mgGXX8tMyK1\">Murdair Mh\u00e1m Trasna TG4 4th April 9.30pm<\/a><\/li>\n<\/ul>\n","protected":false},"excerpt":{"rendered":"<p>This injustice has been highlighted in a TG4 film, Murdair Mh\u00e1m Trasna (The Mam Trasna Murders), which is to be broadcast next Wednesday, 4th April at 9.30pm, in which President Higgins supports the case for a pardon being granted. The case is seen by experts as one of the most famous miscarriages of justice in [&hellip;]<\/p>\n","protected":false},"author":999,"featured_media":80621,"parent":72851,"menu_order":8,"comment_status":"closed","ping_status":"closed","template":"page-templates\/template-pr.php","meta":{"_acf_changed":false,"footnotes":""},"acf":[],"yoast_head":"<!-- This site is optimized with the Yoast SEO plugin v22.6 - https:\/\/yoast.com\/wordpress\/plugins\/seo\/ -->\n<title>M\u00e1m Trasna Murders Pardon Welcomed - TG4<\/title>\n<meta name=\"robots\" content=\"index, follow, max-snippet:-1, max-image-preview:large, max-video-preview:-1\" \/>\n<meta property=\"og:locale\" content=\"en_US\" \/>\n<meta property=\"og:type\" content=\"article\" \/>\n<meta property=\"og:title\" content=\"M\u00e1m Trasna Murders Pardon Welcomed - TG4\" \/>\n<meta property=\"og:description\" content=\"This injustice has been highlighted in a TG4 film, Murdair Mh\u00e1m Trasna (The Mam Trasna Murders), which is to be broadcast next Wednesday, 4th April at 9.30pm, in which President Higgins supports the case for a pardon being granted. The case is seen by experts as one of the most famous miscarriages of justice in [&hellip;]\" \/>\n<meta property=\"og:url\" content=\"https:\/\/dev.tg4.ie\/en\/information\/press\/press-releases\/2018-2\/failte-roimh-pardun-i-ndunmharuithe-mham-trasna\/\" \/>\n<meta property=\"og:site_name\" content=\"TG4\" \/>\n<meta property=\"article:publisher\" content=\"https:\/\/www.facebook.com\/TG4TV\" \/>\n<meta property=\"article:modified_time\" content=\"2019-07-01T08:49:43+00:00\" \/>\n<meta property=\"og:image\" content=\"https:\/\/tg4-docs.s3.amazonaws.com\/tg4-redesign-2015\/wp-content\/uploads\/2018\/03\/Murdair-Mh%C3%A1m-Trasna.jpg\" \/>\n\t<meta property=\"og:image:width\" content=\"1920\" \/>\n\t<meta property=\"og:image:height\" content=\"1080\" \/>\n\t<meta property=\"og:image:type\" content=\"image\/jpeg\" \/>\n<meta name=\"twitter:card\" content=\"summary_large_image\" \/>\n<meta name=\"twitter:site\" content=\"@TG4TV\" \/>\n<meta name=\"twitter:label1\" content=\"Est. reading time\" \/>\n\t<meta name=\"twitter:data1\" content=\"1 minute\" \/>\n<script type=\"application\/ld+json\" class=\"yoast-schema-graph\">{\"@context\":\"https:\/\/schema.org\",\"@graph\":[{\"@type\":\"WebPage\",\"@id\":\"https:\/\/dev.tg4.ie\/en\/information\/press\/press-releases\/2018-2\/failte-roimh-pardun-i-ndunmharuithe-mham-trasna\/\",\"url\":\"https:\/\/dev.tg4.ie\/en\/information\/press\/press-releases\/2018-2\/failte-roimh-pardun-i-ndunmharuithe-mham-trasna\/\",\"name\":\"M\u00e1m Trasna Murders Pardon Welcomed - TG4\",\"isPartOf\":{\"@id\":\"https:\/\/dev.tg4.ie\/en\/#website\"},\"primaryImageOfPage\":{\"@id\":\"https:\/\/dev.tg4.ie\/en\/information\/press\/press-releases\/2018-2\/failte-roimh-pardun-i-ndunmharuithe-mham-trasna\/#primaryimage\"},\"image\":{\"@id\":\"https:\/\/dev.tg4.ie\/en\/information\/press\/press-releases\/2018-2\/failte-roimh-pardun-i-ndunmharuithe-mham-trasna\/#primaryimage\"},\"thumbnailUrl\":\"https:\/\/tg4-docs.s3.amazonaws.com\/tg4-redesign-2015\/wp-content\/uploads\/2018\/03\/Murdair-Mh%C3%A1m-Trasna.jpg\",\"datePublished\":\"2018-03-29T08:48:05+00:00\",\"dateModified\":\"2019-07-01T08:49:43+00:00\",\"breadcrumb\":{\"@id\":\"https:\/\/dev.tg4.ie\/en\/information\/press\/press-releases\/2018-2\/failte-roimh-pardun-i-ndunmharuithe-mham-trasna\/#breadcrumb\"},\"inLanguage\":\"en-ie\",\"potentialAction\":[{\"@type\":\"ReadAction\",\"target\":[\"https:\/\/dev.tg4.ie\/en\/information\/press\/press-releases\/2018-2\/failte-roimh-pardun-i-ndunmharuithe-mham-trasna\/\"]}]},{\"@type\":\"ImageObject\",\"inLanguage\":\"en-ie\",\"@id\":\"https:\/\/dev.tg4.ie\/en\/information\/press\/press-releases\/2018-2\/failte-roimh-pardun-i-ndunmharuithe-mham-trasna\/#primaryimage\",\"url\":\"https:\/\/tg4-docs.s3.amazonaws.com\/tg4-redesign-2015\/wp-content\/uploads\/2018\/03\/Murdair-Mh%C3%A1m-Trasna.jpg\",\"contentUrl\":\"https:\/\/tg4-docs.s3.amazonaws.com\/tg4-redesign-2015\/wp-content\/uploads\/2018\/03\/Murdair-Mh%C3%A1m-Trasna.jpg\",\"width\":1920,\"height\":1080,\"caption\":\"Murdair Mh\u00e1m Trasna\"},{\"@type\":\"BreadcrumbList\",\"@id\":\"https:\/\/dev.tg4.ie\/en\/information\/press\/press-releases\/2018-2\/failte-roimh-pardun-i-ndunmharuithe-mham-trasna\/#breadcrumb\",\"itemListElement\":[{\"@type\":\"ListItem\",\"position\":1,\"name\":\"Home\",\"item\":\"https:\/\/dev.tg4.ie\/en\/\"},{\"@type\":\"ListItem\",\"position\":2,\"name\":\"Information\",\"item\":\"https:\/\/dev.tg4.ie\/en\/information\/\"},{\"@type\":\"ListItem\",\"position\":3,\"name\":\"Press\",\"item\":\"https:\/\/dev.tg4.ie\/en\/information\/press\/\"},{\"@type\":\"ListItem\",\"position\":4,\"name\":\"Press Releases\",\"item\":\"https:\/\/dev.tg4.ie\/en\/information\/press\/press-releases\/\"},{\"@type\":\"ListItem\",\"position\":5,\"name\":\"2018\",\"item\":\"https:\/\/dev.tg4.ie\/en\/information\/press\/press-releases\/2018-2\/\"},{\"@type\":\"ListItem\",\"position\":6,\"name\":\"M\u00e1m Trasna Murders Pardon Welcomed\"}]},{\"@type\":\"WebSite\",\"@id\":\"https:\/\/dev.tg4.ie\/en\/#website\",\"url\":\"https:\/\/dev.tg4.ie\/en\/\",\"name\":\"TG4\",\"description\":\"S\u00fail Eile\",\"potentialAction\":[{\"@type\":\"SearchAction\",\"target\":{\"@type\":\"EntryPoint\",\"urlTemplate\":\"https:\/\/dev.tg4.ie\/en\/?s={search_term_string}\"},\"query-input\":\"required name=search_term_string\"}],\"inLanguage\":\"en-ie\"}]}<\/script>\n<!-- \/ Yoast SEO plugin. -->","yoast_head_json":{"title":"M\u00e1m Trasna Murders Pardon Welcomed - TG4","robots":{"index":"index","follow":"follow","max-snippet":"max-snippet:-1","max-image-preview":"max-image-preview:large","max-video-preview":"max-video-preview:-1"},"og_locale":"en_US","og_type":"article","og_title":"M\u00e1m Trasna Murders Pardon Welcomed - TG4","og_description":"This injustice has been highlighted in a TG4 film, Murdair Mh\u00e1m Trasna (The Mam Trasna Murders), which is to be broadcast next Wednesday, 4th April at 9.30pm, in which President Higgins supports the case for a pardon being granted. The case is seen by experts as one of the most famous miscarriages of justice in [&hellip;]","og_url":"https:\/\/dev.tg4.ie\/en\/information\/press\/press-releases\/2018-2\/failte-roimh-pardun-i-ndunmharuithe-mham-trasna\/","og_site_name":"TG4","article_publisher":"https:\/\/www.facebook.com\/TG4TV","article_modified_time":"2019-07-01T08:49:43+00:00","og_image":[{"width":1920,"height":1080,"url":"https:\/\/tg4-docs.s3.amazonaws.com\/tg4-redesign-2015\/wp-content\/uploads\/2018\/03\/Murdair-Mh%C3%A1m-Trasna.jpg","type":"image\/jpeg"}],"twitter_card":"summary_large_image","twitter_site":"@TG4TV","twitter_misc":{"Est. reading time":"1 minute"},"schema":{"@context":"https:\/\/schema.org","@graph":[{"@type":"WebPage","@id":"https:\/\/dev.tg4.ie\/en\/information\/press\/press-releases\/2018-2\/failte-roimh-pardun-i-ndunmharuithe-mham-trasna\/","url":"https:\/\/dev.tg4.ie\/en\/information\/press\/press-releases\/2018-2\/failte-roimh-pardun-i-ndunmharuithe-mham-trasna\/","name":"M\u00e1m Trasna Murders Pardon Welcomed - TG4","isPartOf":{"@id":"https:\/\/dev.tg4.ie\/en\/#website"},"primaryImageOfPage":{"@id":"https:\/\/dev.tg4.ie\/en\/information\/press\/press-releases\/2018-2\/failte-roimh-pardun-i-ndunmharuithe-mham-trasna\/#primaryimage"},"image":{"@id":"https:\/\/dev.tg4.ie\/en\/information\/press\/press-releases\/2018-2\/failte-roimh-pardun-i-ndunmharuithe-mham-trasna\/#primaryimage"},"thumbnailUrl":"https:\/\/tg4-docs.s3.amazonaws.com\/tg4-redesign-2015\/wp-content\/uploads\/2018\/03\/Murdair-Mh%C3%A1m-Trasna.jpg","datePublished":"2018-03-29T08:48:05+00:00","dateModified":"2019-07-01T08:49:43+00:00","breadcrumb":{"@id":"https:\/\/dev.tg4.ie\/en\/information\/press\/press-releases\/2018-2\/failte-roimh-pardun-i-ndunmharuithe-mham-trasna\/#breadcrumb"},"inLanguage":"en-ie","potentialAction":[{"@type":"ReadAction","target":["https:\/\/dev.tg4.ie\/en\/information\/press\/press-releases\/2018-2\/failte-roimh-pardun-i-ndunmharuithe-mham-trasna\/"]}]},{"@type":"ImageObject","inLanguage":"en-ie","@id":"https:\/\/dev.tg4.ie\/en\/information\/press\/press-releases\/2018-2\/failte-roimh-pardun-i-ndunmharuithe-mham-trasna\/#primaryimage","url":"https:\/\/tg4-docs.s3.amazonaws.com\/tg4-redesign-2015\/wp-content\/uploads\/2018\/03\/Murdair-Mh%C3%A1m-Trasna.jpg","contentUrl":"https:\/\/tg4-docs.s3.amazonaws.com\/tg4-redesign-2015\/wp-content\/uploads\/2018\/03\/Murdair-Mh%C3%A1m-Trasna.jpg","width":1920,"height":1080,"caption":"Murdair Mh\u00e1m Trasna"},{"@type":"BreadcrumbList","@id":"https:\/\/dev.tg4.ie\/en\/information\/press\/press-releases\/2018-2\/failte-roimh-pardun-i-ndunmharuithe-mham-trasna\/#breadcrumb","itemListElement":[{"@type":"ListItem","position":1,"name":"Home","item":"https:\/\/dev.tg4.ie\/en\/"},{"@type":"ListItem","position":2,"name":"Information","item":"https:\/\/dev.tg4.ie\/en\/information\/"},{"@type":"ListItem","position":3,"name":"Press","item":"https:\/\/dev.tg4.ie\/en\/information\/press\/"},{"@type":"ListItem","position":4,"name":"Press Releases","item":"https:\/\/dev.tg4.ie\/en\/information\/press\/press-releases\/"},{"@type":"ListItem","position":5,"name":"2018","item":"https:\/\/dev.tg4.ie\/en\/information\/press\/press-releases\/2018-2\/"},{"@type":"ListItem","position":6,"name":"M\u00e1m Trasna Murders Pardon Welcomed"}]},{"@type":"WebSite","@id":"https:\/\/dev.tg4.ie\/en\/#website","url":"https:\/\/dev.tg4.ie\/en\/","name":"TG4","description":"S\u00fail Eile","potentialAction":[{"@type":"SearchAction","target":{"@type":"EntryPoint","urlTemplate":"https:\/\/dev.tg4.ie\/en\/?s={search_term_string}"},"query-input":"required name=search_term_string"}],"inLanguage":"en-ie"}]}},"_links":{"self":[{"href":"https:\/\/dev.tg4.ie\/en\/wp-json\/wp\/v2\/pages\/80657"}],"collection":[{"href":"https:\/\/dev.tg4.ie\/en\/wp-json\/wp\/v2\/pages"}],"about":[{"href":"https:\/\/dev.tg4.ie\/en\/wp-json\/wp\/v2\/types\/page"}],"author":[{"embeddable":true,"href":"https:\/\/dev.tg4.ie\/en\/wp-json\/wp\/v2\/users\/999"}],"replies":[{"embeddable":true,"href":"https:\/\/dev.tg4.ie\/en\/wp-json\/wp\/v2\/comments?post=80657"}],"version-history":[{"count":0,"href":"https:\/\/dev.tg4.ie\/en\/wp-json\/wp\/v2\/pages\/80657\/revisions"}],"up":[{"embeddable":true,"href":"https:\/\/dev.tg4.ie\/en\/wp-json\/wp\/v2\/pages\/72851"}],"wp:featuredmedia":[{"embeddable":true,"href":"https:\/\/dev.tg4.ie\/en\/wp-json\/wp\/v2\/media\/80621"}],"wp:attachment":[{"href":"https:\/\/dev.tg4.ie\/en\/wp-json\/wp\/v2\/media?parent=80657"}],"curies":[{"name":"wp","href":"https:\/\/api.w.org\/{rel}","templated":true}]}}