{"id":80992,"date":"2018-04-04T15:40:17","date_gmt":"2018-04-04T14:40:17","guid":{"rendered":"https:\/\/dev.tg4.ie\/?page_id=80992"},"modified":"2019-07-01T09:52:43","modified_gmt":"2019-07-01T08:52:43","slug":"president-to-grant-mam-trasna-pardon-today","status":"publish","type":"page","link":"https:\/\/dev.tg4.ie\/en\/information\/press\/press-releases\/2018-2\/president-to-grant-mam-trasna-pardon-today\/","title":{"rendered":"President to Grant M\u00e1m Trasna Pardon Today"},"content":{"rendered":"<p>The signing of the pardon for <strong>Myles Joyce<\/strong> is to take place at <strong>\u00c1ras an Uachtar\u00e1in<\/strong>, today, <strong>Wednesday, 4th April,<\/strong> at <strong>17.00<\/strong>.<\/p>\n<p><strong>Murdair Mh\u00e1m Trasna<\/strong>, a feature length film commissioned by <strong>TG4<\/strong> and co-funded by the <strong>BAI<\/strong>, tells the story of the miscarriage of justice which ensued, due to perjury and bribery, after the brutal murder of five members of the same family in M\u00e1m Trasna in the West of Ireland in 1882, which eventually contributed to the fall of a British government. It will also have its television premiere this evening, <strong>April 4th<\/strong>, at <strong>21.30<\/strong> on <strong>TG4<\/strong> and worldwide on the <strong>TG4<\/strong> <strong>player<\/strong>.<\/p>\n<p><strong>TG4<\/strong>\u2019s <strong>Director General<\/strong>, <strong>Alan Esslemont<\/strong> says, &#8220;This Gaeltacht story, with its national and international dimensions, will resonate with <strong>TG4<\/strong>&#8216;s audience at home and abroad, as it has a unique mix of murder mystery, courtroom drama and political intrigue. <strong>TG4<\/strong> are very proud that this production has contributed to the campaign to clear Myles Joyce\u2019s name, which will hopefully now bring closure for his relatives.<\/p>\n<p><strong>Murdair Mh\u00e1m Trasna<\/strong> is produced by Galway based production company <strong>ROSG<\/strong>. Producer of the film, <strong>Ciar\u00e1n \u00d3 Cofaigh,<\/strong> says, \u201cWe are delighted with the President&#8217;s decision, on the advice of Government, to grant the pardon in this case. During filming we may have hoped that a pardon would eventually be granted, but never expected it to happen so quickly, even before the programme was broadcast. Anyone who watches the film, however, will be in no doubt that the granting of such a pardon is indeed the right and proper course of action in this case. We applaud <strong>President Higgins<\/strong> for his personal commitment to this issue of fundamental human and language rights\u201d.<\/p>\n<p><strong>Murdair Mh\u00e1m Trasna<\/strong>\u00a0which\u00a0is based on the book <strong>\u2018\u00c9ag\u00f3ir\u2019<\/strong>, written by former Language Commissioner, <strong>Se\u00e1n \u00d3 Cuirre\u00e1in, <\/strong>is directed by<strong> Colm Bair\u00e9ad.\u00a0<\/strong><\/p>\n<ul>\n<li>Join the Conversation: #MurdairMh\u00e1mTrasna<\/li>\n<li>B\u00ed ag comhr\u00e1 linn #MurdairMh\u00e1mTrasna<\/li>\n<li><a href=\"https:\/\/bit.ly\/2IYI3h0\">Imagery for Picture Desk and for Social Media<\/a><\/li>\n<li><a href=\"http:\/\/clips.tg4.ie\/g\/v\/dvIJAlPAHtK\">Miche\u00e1l D. \u00d3 hUig\u00ednn Uachtar\u00e1n na h\u00c9ireann<\/a><\/li>\n<li><a href=\"http:\/\/clips.tg4.ie\/g\/v\/mgGXX8tMyK1\">M\u00fardair Mh\u00e1m Trasna TG4 4th April 9.30pm<\/a><\/li>\n<\/ul>\n","protected":false},"excerpt":{"rendered":"<p>The signing of the pardon for Myles Joyce is to take place at \u00c1ras an Uachtar\u00e1in, today, Wednesday, 4th April, at 17.00. Murdair Mh\u00e1m Trasna, a feature length film commissioned by TG4 and co-funded by the BAI, tells the story of the miscarriage of justice which ensued, due to perjury and bribery, after the brutal [&hellip;]<\/p>\n","protected":false},"author":999,"featured_media":81000,"parent":72851,"menu_order":9,"comment_status":"closed","ping_status":"closed","template":"page-templates\/template-pr.php","meta":{"_acf_changed":false,"footnotes":""},"acf":[],"yoast_head":"<!-- This site is optimized with the Yoast SEO plugin v22.6 - https:\/\/yoast.com\/wordpress\/plugins\/seo\/ -->\n<title>President to Grant M\u00e1m Trasna Pardon Today - TG4<\/title>\n<meta name=\"robots\" content=\"index, follow, max-snippet:-1, max-image-preview:large, max-video-preview:-1\" \/>\n<meta property=\"og:locale\" content=\"en_US\" \/>\n<meta property=\"og:type\" content=\"article\" \/>\n<meta property=\"og:title\" content=\"President to Grant M\u00e1m Trasna Pardon Today - TG4\" \/>\n<meta property=\"og:description\" content=\"The signing of the pardon for Myles Joyce is to take place at \u00c1ras an Uachtar\u00e1in, today, Wednesday, 4th April, at 17.00. Murdair Mh\u00e1m Trasna, a feature length film commissioned by TG4 and co-funded by the BAI, tells the story of the miscarriage of justice which ensued, due to perjury and bribery, after the brutal [&hellip;]\" \/>\n<meta property=\"og:url\" content=\"https:\/\/dev.tg4.ie\/en\/information\/press\/press-releases\/2018-2\/president-to-grant-mam-trasna-pardon-today\/\" \/>\n<meta property=\"og:site_name\" content=\"TG4\" \/>\n<meta property=\"article:publisher\" content=\"https:\/\/www.facebook.com\/TG4TV\" \/>\n<meta property=\"article:modified_time\" content=\"2019-07-01T08:52:43+00:00\" \/>\n<meta property=\"og:image\" content=\"https:\/\/tg4-docs.s3.amazonaws.com\/tg4-redesign-2015\/wp-content\/uploads\/2018\/04\/Uachtar%C3%A1n-M%C3%ADche%C3%A1l-D.-%C3%93-hUiginn.jpg\" \/>\n\t<meta property=\"og:image:width\" content=\"1920\" \/>\n\t<meta property=\"og:image:height\" content=\"1080\" \/>\n\t<meta property=\"og:image:type\" content=\"image\/jpeg\" \/>\n<meta name=\"twitter:card\" content=\"summary_large_image\" \/>\n<meta name=\"twitter:site\" content=\"@TG4TV\" \/>\n<meta name=\"twitter:label1\" content=\"Est. reading time\" \/>\n\t<meta name=\"twitter:data1\" content=\"2 minutes\" \/>\n<script type=\"application\/ld+json\" class=\"yoast-schema-graph\">{\"@context\":\"https:\/\/schema.org\",\"@graph\":[{\"@type\":\"WebPage\",\"@id\":\"https:\/\/dev.tg4.ie\/en\/information\/press\/press-releases\/2018-2\/president-to-grant-mam-trasna-pardon-today\/\",\"url\":\"https:\/\/dev.tg4.ie\/en\/information\/press\/press-releases\/2018-2\/president-to-grant-mam-trasna-pardon-today\/\",\"name\":\"President to Grant M\u00e1m Trasna Pardon Today - TG4\",\"isPartOf\":{\"@id\":\"https:\/\/dev.tg4.ie\/en\/#website\"},\"primaryImageOfPage\":{\"@id\":\"https:\/\/dev.tg4.ie\/en\/information\/press\/press-releases\/2018-2\/president-to-grant-mam-trasna-pardon-today\/#primaryimage\"},\"image\":{\"@id\":\"https:\/\/dev.tg4.ie\/en\/information\/press\/press-releases\/2018-2\/president-to-grant-mam-trasna-pardon-today\/#primaryimage\"},\"thumbnailUrl\":\"https:\/\/tg4-docs.s3.amazonaws.com\/tg4-redesign-2015\/wp-content\/uploads\/2018\/04\/Uachtar%C3%A1n-M%C3%ADche%C3%A1l-D.-%C3%93-hUiginn.jpg\",\"datePublished\":\"2018-04-04T14:40:17+00:00\",\"dateModified\":\"2019-07-01T08:52:43+00:00\",\"breadcrumb\":{\"@id\":\"https:\/\/dev.tg4.ie\/en\/information\/press\/press-releases\/2018-2\/president-to-grant-mam-trasna-pardon-today\/#breadcrumb\"},\"inLanguage\":\"en-ie\",\"potentialAction\":[{\"@type\":\"ReadAction\",\"target\":[\"https:\/\/dev.tg4.ie\/en\/information\/press\/press-releases\/2018-2\/president-to-grant-mam-trasna-pardon-today\/\"]}]},{\"@type\":\"ImageObject\",\"inLanguage\":\"en-ie\",\"@id\":\"https:\/\/dev.tg4.ie\/en\/information\/press\/press-releases\/2018-2\/president-to-grant-mam-trasna-pardon-today\/#primaryimage\",\"url\":\"https:\/\/tg4-docs.s3.amazonaws.com\/tg4-redesign-2015\/wp-content\/uploads\/2018\/04\/Uachtar%C3%A1n-M%C3%ADche%C3%A1l-D.-%C3%93-hUiginn.jpg\",\"contentUrl\":\"https:\/\/tg4-docs.s3.amazonaws.com\/tg4-redesign-2015\/wp-content\/uploads\/2018\/04\/Uachtar%C3%A1n-M%C3%ADche%C3%A1l-D.-%C3%93-hUiginn.jpg\",\"width\":1920,\"height\":1080,\"caption\":\"Uachtar\u00e1n M\u00edche\u00e1l D. \u00d3 hUiginn\"},{\"@type\":\"BreadcrumbList\",\"@id\":\"https:\/\/dev.tg4.ie\/en\/information\/press\/press-releases\/2018-2\/president-to-grant-mam-trasna-pardon-today\/#breadcrumb\",\"itemListElement\":[{\"@type\":\"ListItem\",\"position\":1,\"name\":\"Home\",\"item\":\"https:\/\/dev.tg4.ie\/en\/\"},{\"@type\":\"ListItem\",\"position\":2,\"name\":\"Information\",\"item\":\"https:\/\/dev.tg4.ie\/en\/information\/\"},{\"@type\":\"ListItem\",\"position\":3,\"name\":\"Press\",\"item\":\"https:\/\/dev.tg4.ie\/en\/information\/press\/\"},{\"@type\":\"ListItem\",\"position\":4,\"name\":\"Press Releases\",\"item\":\"https:\/\/dev.tg4.ie\/en\/information\/press\/press-releases\/\"},{\"@type\":\"ListItem\",\"position\":5,\"name\":\"2018\",\"item\":\"https:\/\/dev.tg4.ie\/en\/information\/press\/press-releases\/2018-2\/\"},{\"@type\":\"ListItem\",\"position\":6,\"name\":\"President to Grant M\u00e1m Trasna Pardon Today\"}]},{\"@type\":\"WebSite\",\"@id\":\"https:\/\/dev.tg4.ie\/en\/#website\",\"url\":\"https:\/\/dev.tg4.ie\/en\/\",\"name\":\"TG4\",\"description\":\"S\u00fail Eile\",\"potentialAction\":[{\"@type\":\"SearchAction\",\"target\":{\"@type\":\"EntryPoint\",\"urlTemplate\":\"https:\/\/dev.tg4.ie\/en\/?s={search_term_string}\"},\"query-input\":\"required name=search_term_string\"}],\"inLanguage\":\"en-ie\"}]}<\/script>\n<!-- \/ Yoast SEO plugin. -->","yoast_head_json":{"title":"President to Grant M\u00e1m Trasna Pardon Today - TG4","robots":{"index":"index","follow":"follow","max-snippet":"max-snippet:-1","max-image-preview":"max-image-preview:large","max-video-preview":"max-video-preview:-1"},"og_locale":"en_US","og_type":"article","og_title":"President to Grant M\u00e1m Trasna Pardon Today - TG4","og_description":"The signing of the pardon for Myles Joyce is to take place at \u00c1ras an Uachtar\u00e1in, today, Wednesday, 4th April, at 17.00. Murdair Mh\u00e1m Trasna, a feature length film commissioned by TG4 and co-funded by the BAI, tells the story of the miscarriage of justice which ensued, due to perjury and bribery, after the brutal [&hellip;]","og_url":"https:\/\/dev.tg4.ie\/en\/information\/press\/press-releases\/2018-2\/president-to-grant-mam-trasna-pardon-today\/","og_site_name":"TG4","article_publisher":"https:\/\/www.facebook.com\/TG4TV","article_modified_time":"2019-07-01T08:52:43+00:00","og_image":[{"width":1920,"height":1080,"url":"https:\/\/tg4-docs.s3.amazonaws.com\/tg4-redesign-2015\/wp-content\/uploads\/2018\/04\/Uachtar%C3%A1n-M%C3%ADche%C3%A1l-D.-%C3%93-hUiginn.jpg","type":"image\/jpeg"}],"twitter_card":"summary_large_image","twitter_site":"@TG4TV","twitter_misc":{"Est. reading time":"2 minutes"},"schema":{"@context":"https:\/\/schema.org","@graph":[{"@type":"WebPage","@id":"https:\/\/dev.tg4.ie\/en\/information\/press\/press-releases\/2018-2\/president-to-grant-mam-trasna-pardon-today\/","url":"https:\/\/dev.tg4.ie\/en\/information\/press\/press-releases\/2018-2\/president-to-grant-mam-trasna-pardon-today\/","name":"President to Grant M\u00e1m Trasna Pardon Today - TG4","isPartOf":{"@id":"https:\/\/dev.tg4.ie\/en\/#website"},"primaryImageOfPage":{"@id":"https:\/\/dev.tg4.ie\/en\/information\/press\/press-releases\/2018-2\/president-to-grant-mam-trasna-pardon-today\/#primaryimage"},"image":{"@id":"https:\/\/dev.tg4.ie\/en\/information\/press\/press-releases\/2018-2\/president-to-grant-mam-trasna-pardon-today\/#primaryimage"},"thumbnailUrl":"https:\/\/tg4-docs.s3.amazonaws.com\/tg4-redesign-2015\/wp-content\/uploads\/2018\/04\/Uachtar%C3%A1n-M%C3%ADche%C3%A1l-D.-%C3%93-hUiginn.jpg","datePublished":"2018-04-04T14:40:17+00:00","dateModified":"2019-07-01T08:52:43+00:00","breadcrumb":{"@id":"https:\/\/dev.tg4.ie\/en\/information\/press\/press-releases\/2018-2\/president-to-grant-mam-trasna-pardon-today\/#breadcrumb"},"inLanguage":"en-ie","potentialAction":[{"@type":"ReadAction","target":["https:\/\/dev.tg4.ie\/en\/information\/press\/press-releases\/2018-2\/president-to-grant-mam-trasna-pardon-today\/"]}]},{"@type":"ImageObject","inLanguage":"en-ie","@id":"https:\/\/dev.tg4.ie\/en\/information\/press\/press-releases\/2018-2\/president-to-grant-mam-trasna-pardon-today\/#primaryimage","url":"https:\/\/tg4-docs.s3.amazonaws.com\/tg4-redesign-2015\/wp-content\/uploads\/2018\/04\/Uachtar%C3%A1n-M%C3%ADche%C3%A1l-D.-%C3%93-hUiginn.jpg","contentUrl":"https:\/\/tg4-docs.s3.amazonaws.com\/tg4-redesign-2015\/wp-content\/uploads\/2018\/04\/Uachtar%C3%A1n-M%C3%ADche%C3%A1l-D.-%C3%93-hUiginn.jpg","width":1920,"height":1080,"caption":"Uachtar\u00e1n M\u00edche\u00e1l D. \u00d3 hUiginn"},{"@type":"BreadcrumbList","@id":"https:\/\/dev.tg4.ie\/en\/information\/press\/press-releases\/2018-2\/president-to-grant-mam-trasna-pardon-today\/#breadcrumb","itemListElement":[{"@type":"ListItem","position":1,"name":"Home","item":"https:\/\/dev.tg4.ie\/en\/"},{"@type":"ListItem","position":2,"name":"Information","item":"https:\/\/dev.tg4.ie\/en\/information\/"},{"@type":"ListItem","position":3,"name":"Press","item":"https:\/\/dev.tg4.ie\/en\/information\/press\/"},{"@type":"ListItem","position":4,"name":"Press Releases","item":"https:\/\/dev.tg4.ie\/en\/information\/press\/press-releases\/"},{"@type":"ListItem","position":5,"name":"2018","item":"https:\/\/dev.tg4.ie\/en\/information\/press\/press-releases\/2018-2\/"},{"@type":"ListItem","position":6,"name":"President to Grant M\u00e1m Trasna Pardon Today"}]},{"@type":"WebSite","@id":"https:\/\/dev.tg4.ie\/en\/#website","url":"https:\/\/dev.tg4.ie\/en\/","name":"TG4","description":"S\u00fail Eile","potentialAction":[{"@type":"SearchAction","target":{"@type":"EntryPoint","urlTemplate":"https:\/\/dev.tg4.ie\/en\/?s={search_term_string}"},"query-input":"required name=search_term_string"}],"inLanguage":"en-ie"}]}},"_links":{"self":[{"href":"https:\/\/dev.tg4.ie\/en\/wp-json\/wp\/v2\/pages\/80992"}],"collection":[{"href":"https:\/\/dev.tg4.ie\/en\/wp-json\/wp\/v2\/pages"}],"about":[{"href":"https:\/\/dev.tg4.ie\/en\/wp-json\/wp\/v2\/types\/page"}],"author":[{"embeddable":true,"href":"https:\/\/dev.tg4.ie\/en\/wp-json\/wp\/v2\/users\/999"}],"replies":[{"embeddable":true,"href":"https:\/\/dev.tg4.ie\/en\/wp-json\/wp\/v2\/comments?post=80992"}],"version-history":[{"count":0,"href":"https:\/\/dev.tg4.ie\/en\/wp-json\/wp\/v2\/pages\/80992\/revisions"}],"up":[{"embeddable":true,"href":"https:\/\/dev.tg4.ie\/en\/wp-json\/wp\/v2\/pages\/72851"}],"wp:featuredmedia":[{"embeddable":true,"href":"https:\/\/dev.tg4.ie\/en\/wp-json\/wp\/v2\/media\/81000"}],"wp:attachment":[{"href":"https:\/\/dev.tg4.ie\/en\/wp-json\/wp\/v2\/media?parent=80992"}],"curies":[{"name":"wp","href":"https:\/\/api.w.org\/{rel}","templated":true}]}}