{"id":81243,"date":"2018-04-10T13:04:48","date_gmt":"2018-04-10T12:04:48","guid":{"rendered":"https:\/\/dev.tg4.ie\/?page_id=81243"},"modified":"2019-07-01T09:57:55","modified_gmt":"2019-07-01T08:57:55","slug":"mam-trasna-pardon-goes-global","status":"publish","type":"page","link":"https:\/\/dev.tg4.ie\/en\/information\/press\/press-releases\/2018-2\/mam-trasna-pardon-goes-global\/","title":{"rendered":"M\u00e1m Trasna Pardon Goes Global"},"content":{"rendered":"<p>The unprecedented, historic pardon has been covered by international media outlets such as <strong>SKY<\/strong>, <strong>BBC <\/strong>and others based in <strong>Britain<\/strong>, as well as the <strong>New York Times<\/strong> and <strong>Irish Central<\/strong> in the <strong>US<\/strong>. But perhaps more surprising is the level of interest from news outlets across the globe also, in places such as <strong>Brazil<\/strong>, <strong>Hungary<\/strong>, <strong>Indonesia<\/strong>, <strong>Switzerland<\/strong> and <strong>Russia<\/strong>.<\/p>\n<p>This interest is matched by a relatively large viewership of the programme online. Since it was first screened on <strong>TG4<\/strong> last Wednesday, the programme has been viewed extensively in the <strong>US<\/strong> and <strong>Britain<\/strong>, as well as in substantial numbers in <strong>Canada<\/strong>, <strong>Australia<\/strong>, <strong>Spain<\/strong>, <strong>France,<\/strong> the <strong>Netherlands<\/strong>, <strong>Germany<\/strong>, <strong>Japan<\/strong>, <strong>Singapore<\/strong> and the <strong>United Arab Emirates<\/strong>, to name but a few.<\/p>\n<p>The feature length film <strong>Murdair Mh\u00e1m Trasna<\/strong>, was commissioned by <strong>TG4<\/strong> and co-funded by the <strong>BAI<\/strong>. It tells the story of the miscarriage of justice which ensued, due to perjury and bribery, after the brutal murder of five members of the same family in M\u00e1m Trasna in the West of Ireland in 1882, which eventually contributed to the fall of a British government. It had its television premiere last week on <strong>TG4<\/strong> and is still available for viewing worldwide on the TG4player at <a href=\"https:\/\/dev.tg4.ie\/mmt\"><strong>www.tg4.ie\/mmt<\/strong><\/a>.<\/p>\n<p><strong>Murdair Mh\u00e1m Trasna<\/strong>,\u00a0is based on the book <strong>\u2018\u00c9ag\u00f3ir\u2019<\/strong>, written by former Language Commissioner, <strong>Se\u00e1n \u00d3 Cuirre\u00e1in, <\/strong>directed by<strong> Colm Bair\u00e9ad<\/strong> and produced by <strong>Ciar\u00e1n \u00d3 Cofaigh<\/strong> of <strong>ROSG.\u00a0<\/strong><\/p>\n<p>Here are a sample of the articles published by news outlets worldwide on this story.<\/p>\n<ul>\n<li>New York Times &#8211; <a href=\"https:\/\/www.google.ie\/amp\/s\/mobile.nytimes.com\/2018\/04\/06\/world\/europe\/irish-hanged-pardon.amp.html\">https:\/\/www.google.ie\/amp\/s\/mobile.nytimes.com\/2018\/04\/06\/world\/europe\/irish-hanged-pardon.amp.html<\/a><\/li>\n<li>BBC Radio 4 <em>The World at One &#8211; <\/em><a href=\"http:\/\/aod-pod-ww-live.bbcfmt.hs.llnwd.net\/mpg_mp3_vlow\/modav\/bUnknown-a8f00bcf-4973-423b-8a98-7d29e9d3b14c_p063d6tw_1522934750805.mp3?s=1522942768&amp;e=1522985968&amp;h=234959648bc9171d20d04fe276d1b0fe\">http:\/\/aod-pod-ww-live.bbcfmt.hs.llnwd.net\/mpg_mp3_vlow\/modav\/bUnknown-a8f00bcf-4973-423b-8a98-7d29e9d3b14c_p063d6tw_1522934750805.mp3?s=1522942768&amp;e=1522985968&amp;h=234959648bc9171d20d04fe276d1b0fe<\/a><\/li>\n<li><a href=\"http:\/\/progressvideo.tv\/videos\/man-executed-for-1882-maamtrasna-massacre-pardoned-by-irish-president\">http:\/\/progressvideo.tv\/videos\/man-executed-for-1882-maamtrasna-massacre-pardoned-by-irish-president<\/a><\/li>\n<li><a href=\"https:\/\/www.stern.de\/panorama\/stern-crime\/irland--mann-begnadigt---136-jahre-nachdem-er-gehaengt-wurde-7928350.html\">https:\/\/www.stern.de\/panorama\/stern-crime\/irland&#8211;mann-begnadigt&#8212;136-jahre-nachdem-er-gehaengt-wurde-7928350.html<\/a><\/li>\n<li><a href=\"https:\/\/br.sputniknews.com\/europa\/2018040610921299-irlandes-enforcado-absolvido\/\">https:\/\/br.sputniknews.com\/europa\/2018040610921299-irlandes-enforcado-absolvido\/<\/a><\/li>\n<li><a href=\"https:\/\/www.tio.ch\/estero\/attualita\/1251212\/riconosciuto-innocente-140-anni-dopo-essere-stato-impiccato\">https:\/\/www.tio.ch\/estero\/attualita\/1251212\/riconosciuto-innocente-140-anni-dopo-essere-stato-impiccato<\/a><\/li>\n<li><a href=\"http:\/\/www.tribunnews.com\/internasional\/2018\/04\/05\/pria-ini-dinyatakan-tidak-bersalah-setelah-divonis-gantung-140-tahun-yang-lalu\">http:\/\/www.tribunnews.com\/internasional\/2018\/04\/05\/pria-ini-dinyatakan-tidak-bersalah-setelah-divonis-gantung-140-tahun-yang-lalu<\/a><\/li>\n<li><a href=\"https:\/\/news.okezone.com\/read\/2018\/04\/05\/18\/1882429\/irlandia-berikan-pengampunan-pada-seorang-pria-140-tahun-setelah-dia-dihukum-gantung\">https:\/\/news.okezone.com\/read\/2018\/04\/05\/18\/1882429\/irlandia-berikan-pengampunan-pada-seorang-pria-140-tahun-setelah-dia-dihukum-gantung<\/a><\/li>\n<li><a href=\"https:\/\/www.rancahpost.co.id\/201804105459\/setelah-140-tahun-yang-lalu-dihukum-gantung-pria-ini-dinyatakan-tidak-bersalah\/\">https:\/\/www.rancahpost.co.id\/201804105459\/setelah-140-tahun-yang-lalu-dihukum-gantung-pria-ini-dinyatakan-tidak-bersalah\/<\/a><\/li>\n<li><a href=\"https:\/\/lenta.ru\/news\/2018\/04\/06\/ooops_sorry\/\">https:\/\/lenta.ru\/news\/2018\/04\/06\/ooops_sorry\/<\/a><\/li>\n<li><a href=\"http:\/\/www.origo.hu\/nagyvilag\/20180405-140-ev-utan-kapott-kegyelmet-a-felakasztott-ferfi.html\">http:\/\/www.origo.hu\/nagyvilag\/20180405-140-ev-utan-kapott-kegyelmet-a-felakasztott-ferfi.html<\/a><\/li>\n<li><a href=\"https:\/\/www.irishcentral.com\/news\/myles-joyce-pardoned-maamtrasna-murders\">https:\/\/www.irishcentral.com\/news\/myles-joyce-pardoned-maamtrasna-murders<\/a><\/li>\n<li><a href=\"https:\/\/www.yorkshirecoastradio.com\/news\/world\/2545908\/140-years-too-late-pardon-for-man-hanged-for-five-murders\/\">https:\/\/www.yorkshirecoastradio.com\/news\/world\/2545908\/140-years-too-late-pardon-for-man-hanged-for-five-murders\/<\/a><\/li>\n<\/ul>\n","protected":false},"excerpt":{"rendered":"<p>The unprecedented, historic pardon has been covered by international media outlets such as SKY, BBC and others based in Britain, as well as the New York Times and Irish Central in the US. But perhaps more surprising is the level of interest from news outlets across the globe also, in places such as Brazil, Hungary, [&hellip;]<\/p>\n","protected":false},"author":876,"featured_media":81247,"parent":72851,"menu_order":10,"comment_status":"closed","ping_status":"closed","template":"page-templates\/template-pr.php","meta":{"_acf_changed":false,"footnotes":""},"acf":[],"yoast_head":"<!-- This site is optimized with the Yoast SEO plugin v22.6 - https:\/\/yoast.com\/wordpress\/plugins\/seo\/ -->\n<title>M\u00e1m Trasna Pardon Goes Global - TG4<\/title>\n<meta name=\"robots\" content=\"index, follow, max-snippet:-1, max-image-preview:large, max-video-preview:-1\" \/>\n<meta property=\"og:locale\" content=\"en_US\" \/>\n<meta property=\"og:type\" content=\"article\" \/>\n<meta property=\"og:title\" content=\"M\u00e1m Trasna Pardon Goes Global - TG4\" \/>\n<meta property=\"og:description\" content=\"The unprecedented, historic pardon has been covered by international media outlets such as SKY, BBC and others based in Britain, as well as the New York Times and Irish Central in the US. But perhaps more surprising is the level of interest from news outlets across the globe also, in places such as Brazil, Hungary, [&hellip;]\" \/>\n<meta property=\"og:url\" content=\"https:\/\/dev.tg4.ie\/en\/information\/press\/press-releases\/2018-2\/mam-trasna-pardon-goes-global\/\" \/>\n<meta property=\"og:site_name\" content=\"TG4\" \/>\n<meta property=\"article:publisher\" content=\"https:\/\/www.facebook.com\/TG4TV\" \/>\n<meta property=\"article:modified_time\" content=\"2019-07-01T08:57:55+00:00\" \/>\n<meta property=\"og:image\" content=\"https:\/\/tg4-docs.s3.amazonaws.com\/tg4-redesign-2015\/wp-content\/uploads\/2018\/04\/Myles_Joyce_Dara_Devanney.jpg\" \/>\n\t<meta property=\"og:image:width\" content=\"1920\" \/>\n\t<meta property=\"og:image:height\" content=\"1080\" \/>\n\t<meta property=\"og:image:type\" content=\"image\/jpeg\" \/>\n<meta name=\"twitter:card\" content=\"summary_large_image\" \/>\n<meta name=\"twitter:site\" content=\"@TG4TV\" \/>\n<meta name=\"twitter:label1\" content=\"Est. reading time\" \/>\n\t<meta name=\"twitter:data1\" content=\"2 minutes\" \/>\n<script type=\"application\/ld+json\" class=\"yoast-schema-graph\">{\"@context\":\"https:\/\/schema.org\",\"@graph\":[{\"@type\":\"WebPage\",\"@id\":\"https:\/\/dev.tg4.ie\/en\/information\/press\/press-releases\/2018-2\/mam-trasna-pardon-goes-global\/\",\"url\":\"https:\/\/dev.tg4.ie\/en\/information\/press\/press-releases\/2018-2\/mam-trasna-pardon-goes-global\/\",\"name\":\"M\u00e1m Trasna Pardon Goes Global - TG4\",\"isPartOf\":{\"@id\":\"https:\/\/dev.tg4.ie\/en\/#website\"},\"primaryImageOfPage\":{\"@id\":\"https:\/\/dev.tg4.ie\/en\/information\/press\/press-releases\/2018-2\/mam-trasna-pardon-goes-global\/#primaryimage\"},\"image\":{\"@id\":\"https:\/\/dev.tg4.ie\/en\/information\/press\/press-releases\/2018-2\/mam-trasna-pardon-goes-global\/#primaryimage\"},\"thumbnailUrl\":\"https:\/\/tg4-docs.s3.amazonaws.com\/tg4-redesign-2015\/wp-content\/uploads\/2018\/04\/Myles_Joyce_Dara_Devanney.jpg\",\"datePublished\":\"2018-04-10T12:04:48+00:00\",\"dateModified\":\"2019-07-01T08:57:55+00:00\",\"breadcrumb\":{\"@id\":\"https:\/\/dev.tg4.ie\/en\/information\/press\/press-releases\/2018-2\/mam-trasna-pardon-goes-global\/#breadcrumb\"},\"inLanguage\":\"en-ie\",\"potentialAction\":[{\"@type\":\"ReadAction\",\"target\":[\"https:\/\/dev.tg4.ie\/en\/information\/press\/press-releases\/2018-2\/mam-trasna-pardon-goes-global\/\"]}]},{\"@type\":\"ImageObject\",\"inLanguage\":\"en-ie\",\"@id\":\"https:\/\/dev.tg4.ie\/en\/information\/press\/press-releases\/2018-2\/mam-trasna-pardon-goes-global\/#primaryimage\",\"url\":\"https:\/\/tg4-docs.s3.amazonaws.com\/tg4-redesign-2015\/wp-content\/uploads\/2018\/04\/Myles_Joyce_Dara_Devanney.jpg\",\"contentUrl\":\"https:\/\/tg4-docs.s3.amazonaws.com\/tg4-redesign-2015\/wp-content\/uploads\/2018\/04\/Myles_Joyce_Dara_Devanney.jpg\",\"width\":1920,\"height\":1080,\"caption\":\"Dara Devaney mar Maolra Seoighe\"},{\"@type\":\"BreadcrumbList\",\"@id\":\"https:\/\/dev.tg4.ie\/en\/information\/press\/press-releases\/2018-2\/mam-trasna-pardon-goes-global\/#breadcrumb\",\"itemListElement\":[{\"@type\":\"ListItem\",\"position\":1,\"name\":\"Home\",\"item\":\"https:\/\/dev.tg4.ie\/en\/\"},{\"@type\":\"ListItem\",\"position\":2,\"name\":\"Information\",\"item\":\"https:\/\/dev.tg4.ie\/en\/information\/\"},{\"@type\":\"ListItem\",\"position\":3,\"name\":\"Press\",\"item\":\"https:\/\/dev.tg4.ie\/en\/information\/press\/\"},{\"@type\":\"ListItem\",\"position\":4,\"name\":\"Press Releases\",\"item\":\"https:\/\/dev.tg4.ie\/en\/information\/press\/press-releases\/\"},{\"@type\":\"ListItem\",\"position\":5,\"name\":\"2018\",\"item\":\"https:\/\/dev.tg4.ie\/en\/information\/press\/press-releases\/2018-2\/\"},{\"@type\":\"ListItem\",\"position\":6,\"name\":\"M\u00e1m Trasna Pardon Goes Global\"}]},{\"@type\":\"WebSite\",\"@id\":\"https:\/\/dev.tg4.ie\/en\/#website\",\"url\":\"https:\/\/dev.tg4.ie\/en\/\",\"name\":\"TG4\",\"description\":\"S\u00fail Eile\",\"potentialAction\":[{\"@type\":\"SearchAction\",\"target\":{\"@type\":\"EntryPoint\",\"urlTemplate\":\"https:\/\/dev.tg4.ie\/en\/?s={search_term_string}\"},\"query-input\":\"required name=search_term_string\"}],\"inLanguage\":\"en-ie\"}]}<\/script>\n<!-- \/ Yoast SEO plugin. -->","yoast_head_json":{"title":"M\u00e1m Trasna Pardon Goes Global - TG4","robots":{"index":"index","follow":"follow","max-snippet":"max-snippet:-1","max-image-preview":"max-image-preview:large","max-video-preview":"max-video-preview:-1"},"og_locale":"en_US","og_type":"article","og_title":"M\u00e1m Trasna Pardon Goes Global - TG4","og_description":"The unprecedented, historic pardon has been covered by international media outlets such as SKY, BBC and others based in Britain, as well as the New York Times and Irish Central in the US. But perhaps more surprising is the level of interest from news outlets across the globe also, in places such as Brazil, Hungary, [&hellip;]","og_url":"https:\/\/dev.tg4.ie\/en\/information\/press\/press-releases\/2018-2\/mam-trasna-pardon-goes-global\/","og_site_name":"TG4","article_publisher":"https:\/\/www.facebook.com\/TG4TV","article_modified_time":"2019-07-01T08:57:55+00:00","og_image":[{"width":1920,"height":1080,"url":"https:\/\/tg4-docs.s3.amazonaws.com\/tg4-redesign-2015\/wp-content\/uploads\/2018\/04\/Myles_Joyce_Dara_Devanney.jpg","type":"image\/jpeg"}],"twitter_card":"summary_large_image","twitter_site":"@TG4TV","twitter_misc":{"Est. reading time":"2 minutes"},"schema":{"@context":"https:\/\/schema.org","@graph":[{"@type":"WebPage","@id":"https:\/\/dev.tg4.ie\/en\/information\/press\/press-releases\/2018-2\/mam-trasna-pardon-goes-global\/","url":"https:\/\/dev.tg4.ie\/en\/information\/press\/press-releases\/2018-2\/mam-trasna-pardon-goes-global\/","name":"M\u00e1m Trasna Pardon Goes Global - TG4","isPartOf":{"@id":"https:\/\/dev.tg4.ie\/en\/#website"},"primaryImageOfPage":{"@id":"https:\/\/dev.tg4.ie\/en\/information\/press\/press-releases\/2018-2\/mam-trasna-pardon-goes-global\/#primaryimage"},"image":{"@id":"https:\/\/dev.tg4.ie\/en\/information\/press\/press-releases\/2018-2\/mam-trasna-pardon-goes-global\/#primaryimage"},"thumbnailUrl":"https:\/\/tg4-docs.s3.amazonaws.com\/tg4-redesign-2015\/wp-content\/uploads\/2018\/04\/Myles_Joyce_Dara_Devanney.jpg","datePublished":"2018-04-10T12:04:48+00:00","dateModified":"2019-07-01T08:57:55+00:00","breadcrumb":{"@id":"https:\/\/dev.tg4.ie\/en\/information\/press\/press-releases\/2018-2\/mam-trasna-pardon-goes-global\/#breadcrumb"},"inLanguage":"en-ie","potentialAction":[{"@type":"ReadAction","target":["https:\/\/dev.tg4.ie\/en\/information\/press\/press-releases\/2018-2\/mam-trasna-pardon-goes-global\/"]}]},{"@type":"ImageObject","inLanguage":"en-ie","@id":"https:\/\/dev.tg4.ie\/en\/information\/press\/press-releases\/2018-2\/mam-trasna-pardon-goes-global\/#primaryimage","url":"https:\/\/tg4-docs.s3.amazonaws.com\/tg4-redesign-2015\/wp-content\/uploads\/2018\/04\/Myles_Joyce_Dara_Devanney.jpg","contentUrl":"https:\/\/tg4-docs.s3.amazonaws.com\/tg4-redesign-2015\/wp-content\/uploads\/2018\/04\/Myles_Joyce_Dara_Devanney.jpg","width":1920,"height":1080,"caption":"Dara Devaney mar Maolra Seoighe"},{"@type":"BreadcrumbList","@id":"https:\/\/dev.tg4.ie\/en\/information\/press\/press-releases\/2018-2\/mam-trasna-pardon-goes-global\/#breadcrumb","itemListElement":[{"@type":"ListItem","position":1,"name":"Home","item":"https:\/\/dev.tg4.ie\/en\/"},{"@type":"ListItem","position":2,"name":"Information","item":"https:\/\/dev.tg4.ie\/en\/information\/"},{"@type":"ListItem","position":3,"name":"Press","item":"https:\/\/dev.tg4.ie\/en\/information\/press\/"},{"@type":"ListItem","position":4,"name":"Press Releases","item":"https:\/\/dev.tg4.ie\/en\/information\/press\/press-releases\/"},{"@type":"ListItem","position":5,"name":"2018","item":"https:\/\/dev.tg4.ie\/en\/information\/press\/press-releases\/2018-2\/"},{"@type":"ListItem","position":6,"name":"M\u00e1m Trasna Pardon Goes Global"}]},{"@type":"WebSite","@id":"https:\/\/dev.tg4.ie\/en\/#website","url":"https:\/\/dev.tg4.ie\/en\/","name":"TG4","description":"S\u00fail Eile","potentialAction":[{"@type":"SearchAction","target":{"@type":"EntryPoint","urlTemplate":"https:\/\/dev.tg4.ie\/en\/?s={search_term_string}"},"query-input":"required name=search_term_string"}],"inLanguage":"en-ie"}]}},"_links":{"self":[{"href":"https:\/\/dev.tg4.ie\/en\/wp-json\/wp\/v2\/pages\/81243"}],"collection":[{"href":"https:\/\/dev.tg4.ie\/en\/wp-json\/wp\/v2\/pages"}],"about":[{"href":"https:\/\/dev.tg4.ie\/en\/wp-json\/wp\/v2\/types\/page"}],"author":[{"embeddable":true,"href":"https:\/\/dev.tg4.ie\/en\/wp-json\/wp\/v2\/users\/876"}],"replies":[{"embeddable":true,"href":"https:\/\/dev.tg4.ie\/en\/wp-json\/wp\/v2\/comments?post=81243"}],"version-history":[{"count":0,"href":"https:\/\/dev.tg4.ie\/en\/wp-json\/wp\/v2\/pages\/81243\/revisions"}],"up":[{"embeddable":true,"href":"https:\/\/dev.tg4.ie\/en\/wp-json\/wp\/v2\/pages\/72851"}],"wp:featuredmedia":[{"embeddable":true,"href":"https:\/\/dev.tg4.ie\/en\/wp-json\/wp\/v2\/media\/81247"}],"wp:attachment":[{"href":"https:\/\/dev.tg4.ie\/en\/wp-json\/wp\/v2\/media?parent=81243"}],"curies":[{"name":"wp","href":"https:\/\/api.w.org\/{rel}","templated":true}]}}