{"id":81316,"date":"2018-04-11T15:19:39","date_gmt":"2018-04-11T14:19:39","guid":{"rendered":"https:\/\/dev.tg4.ie\/?page_id=81316"},"modified":"2019-07-01T10:01:05","modified_gmt":"2019-07-01T09:01:05","slug":"can-you-improve-the-weather","status":"publish","type":"page","link":"https:\/\/dev.tg4.ie\/en\/information\/press\/press-releases\/2018-2\/can-you-improve-the-weather\/","title":{"rendered":"Can You Improve the Weather?"},"content":{"rendered":"<p>You only have a couple of days left to be in the running to be chosen as TG4\u2019s next weather presenter. Applications are being accepted until next Monday, 16th April.<\/p>\n<p>You may be the next Daith\u00ed \u00d3 S\u00e9, S\u00edle Seoighe, Aoife N\u00ed Thuairisg, or P\u00e1id\u00ed \u00d3 Lion\u00e1ird, all of whom kickstarted their TV careers as weather presenters on TG4.<\/p>\n<p>\u201cThis role is ideal for anyone who wants to develop their communication and presentation skills\u201d, says TG4\u2019s Director of Marketing &amp; Development, L\u00eds N\u00ed Dh\u00e1laigh. \u201cOur continuity and weather presenters are an integral part of our TG4 team. They are the voice of the channel on air and in social media and are also publicly recognised among our loyal TG4 audience\u201d.<\/p>\n<p>One of the current crop of presenters, Donegal woman, Caitl\u00edn Nic Aodha, says, \u201cI am extemely proud to be part of the TG4 team as it is such an innovative, forward looking station, which likes to be at the cutting edge in our industry. Our work is really varied and we are always trying to be one step ahead when it comes to technological advances in the TV sphere. We have a really helpful, fun, creative and multi-talented group of people working in TG4 and I felt like I was at home here from day one\u201d.<\/p>\n<p>If you are interested in applying for one of these vacancies, send a one minute long video about yourself, along with a Curriculum Vitae, to <a href=\"mailto:cv@dev.tg4.ie\">cv@dev.tg4.ie<\/a>. You can get more information about these positions at <a href=\"https:\/\/dev.tg4.ie\/foluntais\">www.tg4.ie\/foluntais<\/a>.<\/p>\n<ul>\n<li><a href=\"http:\/\/clips.tg4.ie\/g\/v\/USQmLHP4EnT\">http:\/\/clips.tg4.ie\/g\/v\/USQmLHP4EnT<\/a><\/li>\n<\/ul>\n","protected":false},"excerpt":{"rendered":"<p>You only have a couple of days left to be in the running to be chosen as TG4\u2019s next weather presenter. Applications are being accepted until next Monday, 16th April. You may be the next Daith\u00ed \u00d3 S\u00e9, S\u00edle Seoighe, Aoife N\u00ed Thuairisg, or P\u00e1id\u00ed \u00d3 Lion\u00e1ird, all of whom kickstarted their TV careers as [&hellip;]<\/p>\n","protected":false},"author":876,"featured_media":80730,"parent":72851,"menu_order":11,"comment_status":"closed","ping_status":"closed","template":"page-templates\/template-pr.php","meta":{"_acf_changed":false,"footnotes":""},"acf":[],"yoast_head":"<!-- This site is optimized with the Yoast SEO plugin v22.6 - https:\/\/yoast.com\/wordpress\/plugins\/seo\/ -->\n<title>Can You Improve the Weather? - TG4<\/title>\n<meta name=\"robots\" content=\"index, follow, max-snippet:-1, max-image-preview:large, max-video-preview:-1\" \/>\n<meta property=\"og:locale\" content=\"en_US\" \/>\n<meta property=\"og:type\" content=\"article\" \/>\n<meta property=\"og:title\" content=\"Can You Improve the Weather? - TG4\" \/>\n<meta property=\"og:description\" content=\"You only have a couple of days left to be in the running to be chosen as TG4\u2019s next weather presenter. Applications are being accepted until next Monday, 16th April. You may be the next Daith\u00ed \u00d3 S\u00e9, S\u00edle Seoighe, Aoife N\u00ed Thuairisg, or P\u00e1id\u00ed \u00d3 Lion\u00e1ird, all of whom kickstarted their TV careers as [&hellip;]\" \/>\n<meta property=\"og:url\" content=\"https:\/\/dev.tg4.ie\/en\/information\/press\/press-releases\/2018-2\/can-you-improve-the-weather\/\" \/>\n<meta property=\"og:site_name\" content=\"TG4\" \/>\n<meta property=\"article:publisher\" content=\"https:\/\/www.facebook.com\/TG4TV\" \/>\n<meta property=\"article:modified_time\" content=\"2019-07-01T09:01:05+00:00\" \/>\n<meta property=\"og:image\" content=\"https:\/\/tg4-docs.s3.amazonaws.com\/tg4-redesign-2015\/wp-content\/uploads\/2018\/03\/AimsirTG4-nua.jpg\" \/>\n\t<meta property=\"og:image:width\" content=\"1920\" \/>\n\t<meta property=\"og:image:height\" content=\"1080\" \/>\n\t<meta property=\"og:image:type\" content=\"image\/jpeg\" \/>\n<meta name=\"twitter:card\" content=\"summary_large_image\" \/>\n<meta name=\"twitter:site\" content=\"@TG4TV\" \/>\n<meta name=\"twitter:label1\" content=\"Est. reading time\" \/>\n\t<meta name=\"twitter:data1\" content=\"1 minute\" \/>\n<script type=\"application\/ld+json\" class=\"yoast-schema-graph\">{\"@context\":\"https:\/\/schema.org\",\"@graph\":[{\"@type\":\"WebPage\",\"@id\":\"https:\/\/dev.tg4.ie\/en\/information\/press\/press-releases\/2018-2\/can-you-improve-the-weather\/\",\"url\":\"https:\/\/dev.tg4.ie\/en\/information\/press\/press-releases\/2018-2\/can-you-improve-the-weather\/\",\"name\":\"Can You Improve the Weather? - TG4\",\"isPartOf\":{\"@id\":\"https:\/\/dev.tg4.ie\/en\/#website\"},\"primaryImageOfPage\":{\"@id\":\"https:\/\/dev.tg4.ie\/en\/information\/press\/press-releases\/2018-2\/can-you-improve-the-weather\/#primaryimage\"},\"image\":{\"@id\":\"https:\/\/dev.tg4.ie\/en\/information\/press\/press-releases\/2018-2\/can-you-improve-the-weather\/#primaryimage\"},\"thumbnailUrl\":\"https:\/\/tg4-docs.s3.amazonaws.com\/tg4-redesign-2015\/wp-content\/uploads\/2018\/03\/AimsirTG4-nua.jpg\",\"datePublished\":\"2018-04-11T14:19:39+00:00\",\"dateModified\":\"2019-07-01T09:01:05+00:00\",\"breadcrumb\":{\"@id\":\"https:\/\/dev.tg4.ie\/en\/information\/press\/press-releases\/2018-2\/can-you-improve-the-weather\/#breadcrumb\"},\"inLanguage\":\"en-ie\",\"potentialAction\":[{\"@type\":\"ReadAction\",\"target\":[\"https:\/\/dev.tg4.ie\/en\/information\/press\/press-releases\/2018-2\/can-you-improve-the-weather\/\"]}]},{\"@type\":\"ImageObject\",\"inLanguage\":\"en-ie\",\"@id\":\"https:\/\/dev.tg4.ie\/en\/information\/press\/press-releases\/2018-2\/can-you-improve-the-weather\/#primaryimage\",\"url\":\"https:\/\/tg4-docs.s3.amazonaws.com\/tg4-redesign-2015\/wp-content\/uploads\/2018\/03\/AimsirTG4-nua.jpg\",\"contentUrl\":\"https:\/\/tg4-docs.s3.amazonaws.com\/tg4-redesign-2015\/wp-content\/uploads\/2018\/03\/AimsirTG4-nua.jpg\",\"width\":1920,\"height\":1080,\"caption\":\"Aimsir TG4-nua\"},{\"@type\":\"BreadcrumbList\",\"@id\":\"https:\/\/dev.tg4.ie\/en\/information\/press\/press-releases\/2018-2\/can-you-improve-the-weather\/#breadcrumb\",\"itemListElement\":[{\"@type\":\"ListItem\",\"position\":1,\"name\":\"Home\",\"item\":\"https:\/\/dev.tg4.ie\/en\/\"},{\"@type\":\"ListItem\",\"position\":2,\"name\":\"Information\",\"item\":\"https:\/\/dev.tg4.ie\/en\/information\/\"},{\"@type\":\"ListItem\",\"position\":3,\"name\":\"Press\",\"item\":\"https:\/\/dev.tg4.ie\/en\/information\/press\/\"},{\"@type\":\"ListItem\",\"position\":4,\"name\":\"Press Releases\",\"item\":\"https:\/\/dev.tg4.ie\/en\/information\/press\/press-releases\/\"},{\"@type\":\"ListItem\",\"position\":5,\"name\":\"2018\",\"item\":\"https:\/\/dev.tg4.ie\/en\/information\/press\/press-releases\/2018-2\/\"},{\"@type\":\"ListItem\",\"position\":6,\"name\":\"Can You Improve the Weather?\"}]},{\"@type\":\"WebSite\",\"@id\":\"https:\/\/dev.tg4.ie\/en\/#website\",\"url\":\"https:\/\/dev.tg4.ie\/en\/\",\"name\":\"TG4\",\"description\":\"S\u00fail Eile\",\"potentialAction\":[{\"@type\":\"SearchAction\",\"target\":{\"@type\":\"EntryPoint\",\"urlTemplate\":\"https:\/\/dev.tg4.ie\/en\/?s={search_term_string}\"},\"query-input\":\"required name=search_term_string\"}],\"inLanguage\":\"en-ie\"}]}<\/script>\n<!-- \/ Yoast SEO plugin. -->","yoast_head_json":{"title":"Can You Improve the Weather? - TG4","robots":{"index":"index","follow":"follow","max-snippet":"max-snippet:-1","max-image-preview":"max-image-preview:large","max-video-preview":"max-video-preview:-1"},"og_locale":"en_US","og_type":"article","og_title":"Can You Improve the Weather? - TG4","og_description":"You only have a couple of days left to be in the running to be chosen as TG4\u2019s next weather presenter. Applications are being accepted until next Monday, 16th April. You may be the next Daith\u00ed \u00d3 S\u00e9, S\u00edle Seoighe, Aoife N\u00ed Thuairisg, or P\u00e1id\u00ed \u00d3 Lion\u00e1ird, all of whom kickstarted their TV careers as [&hellip;]","og_url":"https:\/\/dev.tg4.ie\/en\/information\/press\/press-releases\/2018-2\/can-you-improve-the-weather\/","og_site_name":"TG4","article_publisher":"https:\/\/www.facebook.com\/TG4TV","article_modified_time":"2019-07-01T09:01:05+00:00","og_image":[{"width":1920,"height":1080,"url":"https:\/\/tg4-docs.s3.amazonaws.com\/tg4-redesign-2015\/wp-content\/uploads\/2018\/03\/AimsirTG4-nua.jpg","type":"image\/jpeg"}],"twitter_card":"summary_large_image","twitter_site":"@TG4TV","twitter_misc":{"Est. reading time":"1 minute"},"schema":{"@context":"https:\/\/schema.org","@graph":[{"@type":"WebPage","@id":"https:\/\/dev.tg4.ie\/en\/information\/press\/press-releases\/2018-2\/can-you-improve-the-weather\/","url":"https:\/\/dev.tg4.ie\/en\/information\/press\/press-releases\/2018-2\/can-you-improve-the-weather\/","name":"Can You Improve the Weather? - TG4","isPartOf":{"@id":"https:\/\/dev.tg4.ie\/en\/#website"},"primaryImageOfPage":{"@id":"https:\/\/dev.tg4.ie\/en\/information\/press\/press-releases\/2018-2\/can-you-improve-the-weather\/#primaryimage"},"image":{"@id":"https:\/\/dev.tg4.ie\/en\/information\/press\/press-releases\/2018-2\/can-you-improve-the-weather\/#primaryimage"},"thumbnailUrl":"https:\/\/tg4-docs.s3.amazonaws.com\/tg4-redesign-2015\/wp-content\/uploads\/2018\/03\/AimsirTG4-nua.jpg","datePublished":"2018-04-11T14:19:39+00:00","dateModified":"2019-07-01T09:01:05+00:00","breadcrumb":{"@id":"https:\/\/dev.tg4.ie\/en\/information\/press\/press-releases\/2018-2\/can-you-improve-the-weather\/#breadcrumb"},"inLanguage":"en-ie","potentialAction":[{"@type":"ReadAction","target":["https:\/\/dev.tg4.ie\/en\/information\/press\/press-releases\/2018-2\/can-you-improve-the-weather\/"]}]},{"@type":"ImageObject","inLanguage":"en-ie","@id":"https:\/\/dev.tg4.ie\/en\/information\/press\/press-releases\/2018-2\/can-you-improve-the-weather\/#primaryimage","url":"https:\/\/tg4-docs.s3.amazonaws.com\/tg4-redesign-2015\/wp-content\/uploads\/2018\/03\/AimsirTG4-nua.jpg","contentUrl":"https:\/\/tg4-docs.s3.amazonaws.com\/tg4-redesign-2015\/wp-content\/uploads\/2018\/03\/AimsirTG4-nua.jpg","width":1920,"height":1080,"caption":"Aimsir TG4-nua"},{"@type":"BreadcrumbList","@id":"https:\/\/dev.tg4.ie\/en\/information\/press\/press-releases\/2018-2\/can-you-improve-the-weather\/#breadcrumb","itemListElement":[{"@type":"ListItem","position":1,"name":"Home","item":"https:\/\/dev.tg4.ie\/en\/"},{"@type":"ListItem","position":2,"name":"Information","item":"https:\/\/dev.tg4.ie\/en\/information\/"},{"@type":"ListItem","position":3,"name":"Press","item":"https:\/\/dev.tg4.ie\/en\/information\/press\/"},{"@type":"ListItem","position":4,"name":"Press Releases","item":"https:\/\/dev.tg4.ie\/en\/information\/press\/press-releases\/"},{"@type":"ListItem","position":5,"name":"2018","item":"https:\/\/dev.tg4.ie\/en\/information\/press\/press-releases\/2018-2\/"},{"@type":"ListItem","position":6,"name":"Can You Improve the Weather?"}]},{"@type":"WebSite","@id":"https:\/\/dev.tg4.ie\/en\/#website","url":"https:\/\/dev.tg4.ie\/en\/","name":"TG4","description":"S\u00fail Eile","potentialAction":[{"@type":"SearchAction","target":{"@type":"EntryPoint","urlTemplate":"https:\/\/dev.tg4.ie\/en\/?s={search_term_string}"},"query-input":"required name=search_term_string"}],"inLanguage":"en-ie"}]}},"_links":{"self":[{"href":"https:\/\/dev.tg4.ie\/en\/wp-json\/wp\/v2\/pages\/81316"}],"collection":[{"href":"https:\/\/dev.tg4.ie\/en\/wp-json\/wp\/v2\/pages"}],"about":[{"href":"https:\/\/dev.tg4.ie\/en\/wp-json\/wp\/v2\/types\/page"}],"author":[{"embeddable":true,"href":"https:\/\/dev.tg4.ie\/en\/wp-json\/wp\/v2\/users\/876"}],"replies":[{"embeddable":true,"href":"https:\/\/dev.tg4.ie\/en\/wp-json\/wp\/v2\/comments?post=81316"}],"version-history":[{"count":0,"href":"https:\/\/dev.tg4.ie\/en\/wp-json\/wp\/v2\/pages\/81316\/revisions"}],"up":[{"embeddable":true,"href":"https:\/\/dev.tg4.ie\/en\/wp-json\/wp\/v2\/pages\/72851"}],"wp:featuredmedia":[{"embeddable":true,"href":"https:\/\/dev.tg4.ie\/en\/wp-json\/wp\/v2\/media\/80730"}],"wp:attachment":[{"href":"https:\/\/dev.tg4.ie\/en\/wp-json\/wp\/v2\/media?parent=81316"}],"curies":[{"name":"wp","href":"https:\/\/api.w.org\/{rel}","templated":true}]}}