{"id":81335,"date":"2018-04-13T16:14:22","date_gmt":"2018-04-13T15:14:22","guid":{"rendered":"https:\/\/dev.tg4.ie\/?page_id=81335"},"modified":"2019-07-01T10:01:47","modified_gmt":"2019-07-01T09:01:47","slug":"seven-tg4-productions-receive-a-boost-with-bai-funding","status":"publish","type":"page","link":"https:\/\/dev.tg4.ie\/en\/information\/press\/press-releases\/2018-2\/seven-tg4-productions-receive-a-boost-with-bai-funding\/","title":{"rendered":"Seven TG4 Productions receive a boost with BAI funding"},"content":{"rendered":"<p>Through BAI funding of \u20ac5.368m has been allocated to 33 TV projects, while 93 radio projects have been allocated \u20ac622k in this round.<\/p>\n<p>Among TG4\u2019s productions that will receive support are;<\/p>\n<ul>\n<li>A documentary <strong>N\u00edos M\u00f3 N\u00e1 R\u00e1sa <\/strong>will focus on the new seventy million development that opens at the Curragh racecourse, the home of the Irish Derby in 2019.<\/li>\n<li>A follow-up to the successful children\u2019s documentary series <strong>Lurgan2K18<\/strong> which features the music videos of online sensation \u2018TG Lurgan\u2019 for broadcast on TG4.<\/li>\n<li><strong>Pard\u00fan an Bhanr\u00edon <\/strong>is a remarkable story of a victim and his captive, two men whose life journey started in two very different places, but who arrived at the same destination.<\/li>\n<li><strong>Finky<\/strong> is a contemporary drama where after an adverse accident, a young musician has struggled with his injuries as his life changes completely but a punk avant-garde group gives him an opportunity to overcome these obstacles and find love.<\/li>\n<li><strong>Mo Shaol, Do Shaol<\/strong> is a comedy series in which two children who are completely different from one another decide to swap lives.<\/li>\n<li>The drama <strong>Arracht <\/strong>is set in 1845 where a fisherman welcomes evil into his life and loses what he has. When he is defeated, he gets another chance after saving a young girl from drowning.<\/li>\n<li>Over two episodes, <strong>Saol an Mhadra Bh\u00e1in<\/strong> tells the incredible stories of trained Guide Dogs in Ireland. From breeding to leading, this is the ultimate \u2018feel good\u2019 series following the lives of these inspiring animals as they head out into the world, each of them to make a difference to their new owners.<\/li>\n<\/ul>\n<p>TG4 Ardsti\u00farth\u00f3ir Alan Esslemont says;\u00a0 \u201cIn striving to ensure that domestic and international audiences get the opportunity to view high quality content, funding from the BAI is very much welcomed an appreciated in assisting us to achieve this goal\u201d.<\/p>\n","protected":false},"excerpt":{"rendered":"<p>Through BAI funding of \u20ac5.368m has been allocated to 33 TV projects, while 93 radio projects have been allocated \u20ac622k in this round. Among TG4\u2019s productions that will receive support are; A documentary N\u00edos M\u00f3 N\u00e1 R\u00e1sa will focus on the new seventy million development that opens at the Curragh racecourse, the home of the [&hellip;]<\/p>\n","protected":false},"author":876,"featured_media":81338,"parent":72851,"menu_order":12,"comment_status":"closed","ping_status":"closed","template":"page-templates\/template-pr.php","meta":{"_acf_changed":false,"footnotes":""},"acf":[],"yoast_head":"<!-- This site is optimized with the Yoast SEO plugin v22.6 - https:\/\/yoast.com\/wordpress\/plugins\/seo\/ -->\n<title>Seven TG4 Productions receive a boost with BAI funding - TG4<\/title>\n<meta name=\"robots\" content=\"index, follow, max-snippet:-1, max-image-preview:large, max-video-preview:-1\" \/>\n<meta property=\"og:locale\" content=\"en_US\" \/>\n<meta property=\"og:type\" content=\"article\" \/>\n<meta property=\"og:title\" content=\"Seven TG4 Productions receive a boost with BAI funding - TG4\" \/>\n<meta property=\"og:description\" content=\"Through BAI funding of \u20ac5.368m has been allocated to 33 TV projects, while 93 radio projects have been allocated \u20ac622k in this round. Among TG4\u2019s productions that will receive support are; A documentary N\u00edos M\u00f3 N\u00e1 R\u00e1sa will focus on the new seventy million development that opens at the Curragh racecourse, the home of the [&hellip;]\" \/>\n<meta property=\"og:url\" content=\"https:\/\/dev.tg4.ie\/en\/information\/press\/press-releases\/2018-2\/seven-tg4-productions-receive-a-boost-with-bai-funding\/\" \/>\n<meta property=\"og:site_name\" content=\"TG4\" \/>\n<meta property=\"article:publisher\" content=\"https:\/\/www.facebook.com\/TG4TV\" \/>\n<meta property=\"article:modified_time\" content=\"2019-07-01T09:01:47+00:00\" \/>\n<meta property=\"og:image\" content=\"https:\/\/tg4-docs.s3.amazonaws.com\/tg4-redesign-2015\/wp-content\/uploads\/2018\/04\/BAI-logo_1920_1.jpg\" \/>\n\t<meta property=\"og:image:width\" content=\"1918\" \/>\n\t<meta property=\"og:image:height\" content=\"744\" \/>\n\t<meta property=\"og:image:type\" content=\"image\/jpeg\" \/>\n<meta name=\"twitter:card\" content=\"summary_large_image\" \/>\n<meta name=\"twitter:site\" content=\"@TG4TV\" \/>\n<meta name=\"twitter:label1\" content=\"Est. reading time\" \/>\n\t<meta name=\"twitter:data1\" content=\"2 minutes\" \/>\n<script type=\"application\/ld+json\" class=\"yoast-schema-graph\">{\"@context\":\"https:\/\/schema.org\",\"@graph\":[{\"@type\":\"WebPage\",\"@id\":\"https:\/\/dev.tg4.ie\/en\/information\/press\/press-releases\/2018-2\/seven-tg4-productions-receive-a-boost-with-bai-funding\/\",\"url\":\"https:\/\/dev.tg4.ie\/en\/information\/press\/press-releases\/2018-2\/seven-tg4-productions-receive-a-boost-with-bai-funding\/\",\"name\":\"Seven TG4 Productions receive a boost with BAI funding - TG4\",\"isPartOf\":{\"@id\":\"https:\/\/dev.tg4.ie\/en\/#website\"},\"primaryImageOfPage\":{\"@id\":\"https:\/\/dev.tg4.ie\/en\/information\/press\/press-releases\/2018-2\/seven-tg4-productions-receive-a-boost-with-bai-funding\/#primaryimage\"},\"image\":{\"@id\":\"https:\/\/dev.tg4.ie\/en\/information\/press\/press-releases\/2018-2\/seven-tg4-productions-receive-a-boost-with-bai-funding\/#primaryimage\"},\"thumbnailUrl\":\"https:\/\/tg4-docs.s3.amazonaws.com\/tg4-redesign-2015\/wp-content\/uploads\/2018\/04\/BAI-logo_1920_1.jpg\",\"datePublished\":\"2018-04-13T15:14:22+00:00\",\"dateModified\":\"2019-07-01T09:01:47+00:00\",\"breadcrumb\":{\"@id\":\"https:\/\/dev.tg4.ie\/en\/information\/press\/press-releases\/2018-2\/seven-tg4-productions-receive-a-boost-with-bai-funding\/#breadcrumb\"},\"inLanguage\":\"en-ie\",\"potentialAction\":[{\"@type\":\"ReadAction\",\"target\":[\"https:\/\/dev.tg4.ie\/en\/information\/press\/press-releases\/2018-2\/seven-tg4-productions-receive-a-boost-with-bai-funding\/\"]}]},{\"@type\":\"ImageObject\",\"inLanguage\":\"en-ie\",\"@id\":\"https:\/\/dev.tg4.ie\/en\/information\/press\/press-releases\/2018-2\/seven-tg4-productions-receive-a-boost-with-bai-funding\/#primaryimage\",\"url\":\"https:\/\/tg4-docs.s3.amazonaws.com\/tg4-redesign-2015\/wp-content\/uploads\/2018\/04\/BAI-logo_1920_1.jpg\",\"contentUrl\":\"https:\/\/tg4-docs.s3.amazonaws.com\/tg4-redesign-2015\/wp-content\/uploads\/2018\/04\/BAI-logo_1920_1.jpg\",\"width\":1918,\"height\":744},{\"@type\":\"BreadcrumbList\",\"@id\":\"https:\/\/dev.tg4.ie\/en\/information\/press\/press-releases\/2018-2\/seven-tg4-productions-receive-a-boost-with-bai-funding\/#breadcrumb\",\"itemListElement\":[{\"@type\":\"ListItem\",\"position\":1,\"name\":\"Home\",\"item\":\"https:\/\/dev.tg4.ie\/en\/\"},{\"@type\":\"ListItem\",\"position\":2,\"name\":\"Information\",\"item\":\"https:\/\/dev.tg4.ie\/en\/information\/\"},{\"@type\":\"ListItem\",\"position\":3,\"name\":\"Press\",\"item\":\"https:\/\/dev.tg4.ie\/en\/information\/press\/\"},{\"@type\":\"ListItem\",\"position\":4,\"name\":\"Press Releases\",\"item\":\"https:\/\/dev.tg4.ie\/en\/information\/press\/press-releases\/\"},{\"@type\":\"ListItem\",\"position\":5,\"name\":\"2018\",\"item\":\"https:\/\/dev.tg4.ie\/en\/information\/press\/press-releases\/2018-2\/\"},{\"@type\":\"ListItem\",\"position\":6,\"name\":\"Seven TG4 Productions receive a boost with BAI funding\"}]},{\"@type\":\"WebSite\",\"@id\":\"https:\/\/dev.tg4.ie\/en\/#website\",\"url\":\"https:\/\/dev.tg4.ie\/en\/\",\"name\":\"TG4\",\"description\":\"S\u00fail Eile\",\"potentialAction\":[{\"@type\":\"SearchAction\",\"target\":{\"@type\":\"EntryPoint\",\"urlTemplate\":\"https:\/\/dev.tg4.ie\/en\/?s={search_term_string}\"},\"query-input\":\"required name=search_term_string\"}],\"inLanguage\":\"en-ie\"}]}<\/script>\n<!-- \/ Yoast SEO plugin. -->","yoast_head_json":{"title":"Seven TG4 Productions receive a boost with BAI funding - TG4","robots":{"index":"index","follow":"follow","max-snippet":"max-snippet:-1","max-image-preview":"max-image-preview:large","max-video-preview":"max-video-preview:-1"},"og_locale":"en_US","og_type":"article","og_title":"Seven TG4 Productions receive a boost with BAI funding - TG4","og_description":"Through BAI funding of \u20ac5.368m has been allocated to 33 TV projects, while 93 radio projects have been allocated \u20ac622k in this round. Among TG4\u2019s productions that will receive support are; A documentary N\u00edos M\u00f3 N\u00e1 R\u00e1sa will focus on the new seventy million development that opens at the Curragh racecourse, the home of the [&hellip;]","og_url":"https:\/\/dev.tg4.ie\/en\/information\/press\/press-releases\/2018-2\/seven-tg4-productions-receive-a-boost-with-bai-funding\/","og_site_name":"TG4","article_publisher":"https:\/\/www.facebook.com\/TG4TV","article_modified_time":"2019-07-01T09:01:47+00:00","og_image":[{"width":1918,"height":744,"url":"https:\/\/tg4-docs.s3.amazonaws.com\/tg4-redesign-2015\/wp-content\/uploads\/2018\/04\/BAI-logo_1920_1.jpg","type":"image\/jpeg"}],"twitter_card":"summary_large_image","twitter_site":"@TG4TV","twitter_misc":{"Est. reading time":"2 minutes"},"schema":{"@context":"https:\/\/schema.org","@graph":[{"@type":"WebPage","@id":"https:\/\/dev.tg4.ie\/en\/information\/press\/press-releases\/2018-2\/seven-tg4-productions-receive-a-boost-with-bai-funding\/","url":"https:\/\/dev.tg4.ie\/en\/information\/press\/press-releases\/2018-2\/seven-tg4-productions-receive-a-boost-with-bai-funding\/","name":"Seven TG4 Productions receive a boost with BAI funding - TG4","isPartOf":{"@id":"https:\/\/dev.tg4.ie\/en\/#website"},"primaryImageOfPage":{"@id":"https:\/\/dev.tg4.ie\/en\/information\/press\/press-releases\/2018-2\/seven-tg4-productions-receive-a-boost-with-bai-funding\/#primaryimage"},"image":{"@id":"https:\/\/dev.tg4.ie\/en\/information\/press\/press-releases\/2018-2\/seven-tg4-productions-receive-a-boost-with-bai-funding\/#primaryimage"},"thumbnailUrl":"https:\/\/tg4-docs.s3.amazonaws.com\/tg4-redesign-2015\/wp-content\/uploads\/2018\/04\/BAI-logo_1920_1.jpg","datePublished":"2018-04-13T15:14:22+00:00","dateModified":"2019-07-01T09:01:47+00:00","breadcrumb":{"@id":"https:\/\/dev.tg4.ie\/en\/information\/press\/press-releases\/2018-2\/seven-tg4-productions-receive-a-boost-with-bai-funding\/#breadcrumb"},"inLanguage":"en-ie","potentialAction":[{"@type":"ReadAction","target":["https:\/\/dev.tg4.ie\/en\/information\/press\/press-releases\/2018-2\/seven-tg4-productions-receive-a-boost-with-bai-funding\/"]}]},{"@type":"ImageObject","inLanguage":"en-ie","@id":"https:\/\/dev.tg4.ie\/en\/information\/press\/press-releases\/2018-2\/seven-tg4-productions-receive-a-boost-with-bai-funding\/#primaryimage","url":"https:\/\/tg4-docs.s3.amazonaws.com\/tg4-redesign-2015\/wp-content\/uploads\/2018\/04\/BAI-logo_1920_1.jpg","contentUrl":"https:\/\/tg4-docs.s3.amazonaws.com\/tg4-redesign-2015\/wp-content\/uploads\/2018\/04\/BAI-logo_1920_1.jpg","width":1918,"height":744},{"@type":"BreadcrumbList","@id":"https:\/\/dev.tg4.ie\/en\/information\/press\/press-releases\/2018-2\/seven-tg4-productions-receive-a-boost-with-bai-funding\/#breadcrumb","itemListElement":[{"@type":"ListItem","position":1,"name":"Home","item":"https:\/\/dev.tg4.ie\/en\/"},{"@type":"ListItem","position":2,"name":"Information","item":"https:\/\/dev.tg4.ie\/en\/information\/"},{"@type":"ListItem","position":3,"name":"Press","item":"https:\/\/dev.tg4.ie\/en\/information\/press\/"},{"@type":"ListItem","position":4,"name":"Press Releases","item":"https:\/\/dev.tg4.ie\/en\/information\/press\/press-releases\/"},{"@type":"ListItem","position":5,"name":"2018","item":"https:\/\/dev.tg4.ie\/en\/information\/press\/press-releases\/2018-2\/"},{"@type":"ListItem","position":6,"name":"Seven TG4 Productions receive a boost with BAI funding"}]},{"@type":"WebSite","@id":"https:\/\/dev.tg4.ie\/en\/#website","url":"https:\/\/dev.tg4.ie\/en\/","name":"TG4","description":"S\u00fail Eile","potentialAction":[{"@type":"SearchAction","target":{"@type":"EntryPoint","urlTemplate":"https:\/\/dev.tg4.ie\/en\/?s={search_term_string}"},"query-input":"required name=search_term_string"}],"inLanguage":"en-ie"}]}},"_links":{"self":[{"href":"https:\/\/dev.tg4.ie\/en\/wp-json\/wp\/v2\/pages\/81335"}],"collection":[{"href":"https:\/\/dev.tg4.ie\/en\/wp-json\/wp\/v2\/pages"}],"about":[{"href":"https:\/\/dev.tg4.ie\/en\/wp-json\/wp\/v2\/types\/page"}],"author":[{"embeddable":true,"href":"https:\/\/dev.tg4.ie\/en\/wp-json\/wp\/v2\/users\/876"}],"replies":[{"embeddable":true,"href":"https:\/\/dev.tg4.ie\/en\/wp-json\/wp\/v2\/comments?post=81335"}],"version-history":[{"count":0,"href":"https:\/\/dev.tg4.ie\/en\/wp-json\/wp\/v2\/pages\/81335\/revisions"}],"up":[{"embeddable":true,"href":"https:\/\/dev.tg4.ie\/en\/wp-json\/wp\/v2\/pages\/72851"}],"wp:featuredmedia":[{"embeddable":true,"href":"https:\/\/dev.tg4.ie\/en\/wp-json\/wp\/v2\/media\/81338"}],"wp:attachment":[{"href":"https:\/\/dev.tg4.ie\/en\/wp-json\/wp\/v2\/media?parent=81335"}],"curies":[{"name":"wp","href":"https:\/\/api.w.org\/{rel}","templated":true}]}}