{"id":82801,"date":"2018-05-10T12:14:29","date_gmt":"2018-05-10T11:14:29","guid":{"rendered":"https:\/\/dev.tg4.ie\/?page_id=82801"},"modified":"2019-07-01T11:25:13","modified_gmt":"2019-07-01T10:25:13","slug":"11-nominations-for-tg4-on-ifta-2018-shortlist","status":"publish","type":"page","link":"https:\/\/dev.tg4.ie\/en\/information\/press\/press-releases\/2018-2\/11-nominations-for-tg4-on-ifta-2018-shortlist\/","title":{"rendered":"11 Nominations for TG4 on IFTA 2018 Shortlist"},"content":{"rendered":"<p>The Irish language channel has 11 nominations on that shortlist. Among them are;<\/p>\n<p><strong>Hector Central<\/strong>, nominated for a Factual Award is an 8 part series of travel programmes where Hector takes on the famous Pan American Highway, the world&#8217;s longest &#8220;motorable road&#8221; beginning in Panama City, taking in countries with amazing history and character and perceived danger &#8211; Costa Rica to Nicaragua to El Salvador to Honduras to Guatemala as he aims to drive and trek 3363 miles finishing up in Belize City on the footsteps of the Caribbean.<\/p>\n<p><strong>\u00c9ire Fhi\u00e1in- An Ch\u00f3sta Thiar\u00a0<\/strong>&#8211; nominated for Documentary Series. A two hour special on Ireland&#8217;s most striking wild environment &#8211; the 1,600km of rock and ocean that make up our island&#8217;s Atlantic edge. Featuring enchanting wildlife set against stunning land and seascapes under the moodiest skies in Europe, this series is a compelling portrait of the wild creatures that inhabit a coastline that was for millennia the very edge of the known world.<\/p>\n<p>Nominated in the Soap category is <strong>Ros na R\u00fan<\/strong> &#8211; TG4\u2019s longest-running and best-loved series. It has engaging storylines that bring the leading characters through awkward situations and extreme jeopardy. <strong>TG4XX Beo<\/strong>, which is nominated for a Live Event award, was a live concert event that took place in venues all over the country to celebrate TG4&#8217;s 20th Birthday.<\/p>\n<p>Two of TG4\u2019s projects received nominations in the Children &amp; Young People\u2019s category. <strong>Is Eola\u00ed M\u00e9<\/strong> an energetic science series presented by Peadar \u00d3 Goill. Each episode deals with a certain topic with exciting inserts, and <strong>Lurgan 2K17<\/strong> a light entertainment series for young people where the new videos from &#8216;TG Lurgan&#8217; are shown as well as the talented students who took part in the videos.<\/p>\n<p><strong>Se\u00e1n McGinley<\/strong> received a nomination in the Male performance category for his role in <strong>Fir Bolg<\/strong>.<\/p>\n<p><strong>Fir Bolg<\/strong> also received a nomination in the Irish language category alongside, <strong>Frank O\u2019Connor &#8211; Idir Dh\u00e1 Shruth<\/strong>,\u00a0<strong>Rocky Ros Muc <\/strong>and<strong> Ros na R\u00fan<\/strong>.<\/p>\n<p>TG4 Ardsti\u00farth\u00f3ir Alan Esslemont, congratulated the shortlisted TG4 productions and skills nominees for this year\u2019s IFTA. \u201c<em>TG4 has received nominations and prizes at each IFTA since we came on air\u201d<\/em> he said. \u201c<em>Being nominated in the same categories that include some of the best quality English language TV content available anywhere, bears out the regular feedback we receive from viewers and critics who associate TG4 with distinctive quality and innovation\u201d<\/em>, he said.<\/p>\n<h3>IFTA 2018 TG4\u2019s nominations<\/h3>\n<p><strong>Factual<\/strong><\/p>\n<ul>\n<li>Hector Central (Produced by Good Company Productions)<\/li>\n<\/ul>\n<p><strong>Documentary Series<\/strong><\/p>\n<ul>\n<li>\u00c9ire Fhi\u00e1in (Produced by Crossing the Line)<\/li>\n<\/ul>\n<p><strong>Soap<\/strong><\/p>\n<ul>\n<li>Ros na R\u00fan (Produced by EO Teilifis &amp; Tyrone Productions)<\/li>\n<\/ul>\n<p><strong>Male Performance<\/strong><\/p>\n<ul>\n<li>Sean McGinley, Fir Bolg (Produced by Dearg Films)<\/li>\n<\/ul>\n<p><strong>Live Event<\/strong><\/p>\n<ul>\n<li>TG4XX Beo (Produced by Gifted Empire)<\/li>\n<\/ul>\n<p><strong>Children &amp; Young People\u2019s &#8211; Live Action<\/strong><\/p>\n<ul>\n<li>Is Eola\u00ed M\u00e9 (Produced by Meangadh F\u00edb\u00edn)<\/li>\n<li>Lurgan 2K17 (Produced by Iris Productions)<\/li>\n<\/ul>\n<p><strong>Irish Language<\/strong><\/p>\n<ul>\n<li>Fir Bolg (Produced by Dearg Films)<\/li>\n<li>Frank O\u2019Connor- Idir Dh\u00e1 Shruth (Produced by AnimoTV)<\/li>\n<li>Rocky Ros Muc (Produced by Below the Radar)<\/li>\n<li>Ros na R\u00fan (Produced by EO Teilifis &amp; Tyrone Productions)<\/li>\n<\/ul>\n","protected":false},"excerpt":{"rendered":"<p>The Irish language channel has 11 nominations on that shortlist. Among them are; Hector Central, nominated for a Factual Award is an 8 part series of travel programmes where Hector takes on the famous Pan American Highway, the world&#8217;s longest &#8220;motorable road&#8221; beginning in Panama City, taking in countries with amazing history and character and [&hellip;]<\/p>\n","protected":false},"author":876,"featured_media":82797,"parent":72851,"menu_order":21,"comment_status":"closed","ping_status":"closed","template":"page-templates\/template-pr.php","meta":{"_acf_changed":false,"footnotes":""},"acf":[],"yoast_head":"<!-- This site is optimized with the Yoast SEO plugin v22.6 - https:\/\/yoast.com\/wordpress\/plugins\/seo\/ -->\n<title>11 Nominations for TG4 on IFTA 2018 Shortlist - TG4<\/title>\n<meta name=\"robots\" content=\"index, follow, max-snippet:-1, max-image-preview:large, max-video-preview:-1\" \/>\n<meta property=\"og:locale\" content=\"en_US\" \/>\n<meta property=\"og:type\" content=\"article\" \/>\n<meta property=\"og:title\" content=\"11 Nominations for TG4 on IFTA 2018 Shortlist - TG4\" \/>\n<meta property=\"og:description\" content=\"The Irish language channel has 11 nominations on that shortlist. Among them are; Hector Central, nominated for a Factual Award is an 8 part series of travel programmes where Hector takes on the famous Pan American Highway, the world&#8217;s longest &#8220;motorable road&#8221; beginning in Panama City, taking in countries with amazing history and character and [&hellip;]\" \/>\n<meta property=\"og:url\" content=\"https:\/\/dev.tg4.ie\/en\/information\/press\/press-releases\/2018-2\/11-nominations-for-tg4-on-ifta-2018-shortlist\/\" \/>\n<meta property=\"og:site_name\" content=\"TG4\" \/>\n<meta property=\"article:publisher\" content=\"https:\/\/www.facebook.com\/TG4TV\" \/>\n<meta property=\"article:modified_time\" content=\"2019-07-01T10:25:13+00:00\" \/>\n<meta property=\"og:image\" content=\"https:\/\/tg4-docs.s3.amazonaws.com\/tg4-redesign-2015\/wp-content\/uploads\/2018\/05\/IFTA_2018_Ros_na_R%C3%BAn_agus_Fir_Bolg_.jpg\" \/>\n\t<meta property=\"og:image:width\" content=\"1920\" \/>\n\t<meta property=\"og:image:height\" content=\"1080\" \/>\n\t<meta property=\"og:image:type\" content=\"image\/jpeg\" \/>\n<meta name=\"twitter:card\" content=\"summary_large_image\" \/>\n<meta name=\"twitter:site\" content=\"@TG4TV\" \/>\n<meta name=\"twitter:label1\" content=\"Est. reading time\" \/>\n\t<meta name=\"twitter:data1\" content=\"3 minutes\" \/>\n<script type=\"application\/ld+json\" class=\"yoast-schema-graph\">{\"@context\":\"https:\/\/schema.org\",\"@graph\":[{\"@type\":\"WebPage\",\"@id\":\"https:\/\/dev.tg4.ie\/en\/information\/press\/press-releases\/2018-2\/11-nominations-for-tg4-on-ifta-2018-shortlist\/\",\"url\":\"https:\/\/dev.tg4.ie\/en\/information\/press\/press-releases\/2018-2\/11-nominations-for-tg4-on-ifta-2018-shortlist\/\",\"name\":\"11 Nominations for TG4 on IFTA 2018 Shortlist - TG4\",\"isPartOf\":{\"@id\":\"https:\/\/dev.tg4.ie\/en\/#website\"},\"primaryImageOfPage\":{\"@id\":\"https:\/\/dev.tg4.ie\/en\/information\/press\/press-releases\/2018-2\/11-nominations-for-tg4-on-ifta-2018-shortlist\/#primaryimage\"},\"image\":{\"@id\":\"https:\/\/dev.tg4.ie\/en\/information\/press\/press-releases\/2018-2\/11-nominations-for-tg4-on-ifta-2018-shortlist\/#primaryimage\"},\"thumbnailUrl\":\"https:\/\/tg4-docs.s3.amazonaws.com\/tg4-redesign-2015\/wp-content\/uploads\/2018\/05\/IFTA_2018_Ros_na_R%C3%BAn_agus_Fir_Bolg_.jpg\",\"datePublished\":\"2018-05-10T11:14:29+00:00\",\"dateModified\":\"2019-07-01T10:25:13+00:00\",\"breadcrumb\":{\"@id\":\"https:\/\/dev.tg4.ie\/en\/information\/press\/press-releases\/2018-2\/11-nominations-for-tg4-on-ifta-2018-shortlist\/#breadcrumb\"},\"inLanguage\":\"en-ie\",\"potentialAction\":[{\"@type\":\"ReadAction\",\"target\":[\"https:\/\/dev.tg4.ie\/en\/information\/press\/press-releases\/2018-2\/11-nominations-for-tg4-on-ifta-2018-shortlist\/\"]}]},{\"@type\":\"ImageObject\",\"inLanguage\":\"en-ie\",\"@id\":\"https:\/\/dev.tg4.ie\/en\/information\/press\/press-releases\/2018-2\/11-nominations-for-tg4-on-ifta-2018-shortlist\/#primaryimage\",\"url\":\"https:\/\/tg4-docs.s3.amazonaws.com\/tg4-redesign-2015\/wp-content\/uploads\/2018\/05\/IFTA_2018_Ros_na_R%C3%BAn_agus_Fir_Bolg_.jpg\",\"contentUrl\":\"https:\/\/tg4-docs.s3.amazonaws.com\/tg4-redesign-2015\/wp-content\/uploads\/2018\/05\/IFTA_2018_Ros_na_R%C3%BAn_agus_Fir_Bolg_.jpg\",\"width\":1920,\"height\":1080,\"caption\":\"IFTA 2018 - Ros na R\u00fan agus Fir Bolg_\"},{\"@type\":\"BreadcrumbList\",\"@id\":\"https:\/\/dev.tg4.ie\/en\/information\/press\/press-releases\/2018-2\/11-nominations-for-tg4-on-ifta-2018-shortlist\/#breadcrumb\",\"itemListElement\":[{\"@type\":\"ListItem\",\"position\":1,\"name\":\"Home\",\"item\":\"https:\/\/dev.tg4.ie\/en\/\"},{\"@type\":\"ListItem\",\"position\":2,\"name\":\"Information\",\"item\":\"https:\/\/dev.tg4.ie\/en\/information\/\"},{\"@type\":\"ListItem\",\"position\":3,\"name\":\"Press\",\"item\":\"https:\/\/dev.tg4.ie\/en\/information\/press\/\"},{\"@type\":\"ListItem\",\"position\":4,\"name\":\"Press Releases\",\"item\":\"https:\/\/dev.tg4.ie\/en\/information\/press\/press-releases\/\"},{\"@type\":\"ListItem\",\"position\":5,\"name\":\"2018\",\"item\":\"https:\/\/dev.tg4.ie\/en\/information\/press\/press-releases\/2018-2\/\"},{\"@type\":\"ListItem\",\"position\":6,\"name\":\"11 Nominations for TG4 on IFTA 2018 Shortlist\"}]},{\"@type\":\"WebSite\",\"@id\":\"https:\/\/dev.tg4.ie\/en\/#website\",\"url\":\"https:\/\/dev.tg4.ie\/en\/\",\"name\":\"TG4\",\"description\":\"S\u00fail Eile\",\"potentialAction\":[{\"@type\":\"SearchAction\",\"target\":{\"@type\":\"EntryPoint\",\"urlTemplate\":\"https:\/\/dev.tg4.ie\/en\/?s={search_term_string}\"},\"query-input\":\"required name=search_term_string\"}],\"inLanguage\":\"en-ie\"}]}<\/script>\n<!-- \/ Yoast SEO plugin. -->","yoast_head_json":{"title":"11 Nominations for TG4 on IFTA 2018 Shortlist - TG4","robots":{"index":"index","follow":"follow","max-snippet":"max-snippet:-1","max-image-preview":"max-image-preview:large","max-video-preview":"max-video-preview:-1"},"og_locale":"en_US","og_type":"article","og_title":"11 Nominations for TG4 on IFTA 2018 Shortlist - TG4","og_description":"The Irish language channel has 11 nominations on that shortlist. Among them are; Hector Central, nominated for a Factual Award is an 8 part series of travel programmes where Hector takes on the famous Pan American Highway, the world&#8217;s longest &#8220;motorable road&#8221; beginning in Panama City, taking in countries with amazing history and character and [&hellip;]","og_url":"https:\/\/dev.tg4.ie\/en\/information\/press\/press-releases\/2018-2\/11-nominations-for-tg4-on-ifta-2018-shortlist\/","og_site_name":"TG4","article_publisher":"https:\/\/www.facebook.com\/TG4TV","article_modified_time":"2019-07-01T10:25:13+00:00","og_image":[{"width":1920,"height":1080,"url":"https:\/\/tg4-docs.s3.amazonaws.com\/tg4-redesign-2015\/wp-content\/uploads\/2018\/05\/IFTA_2018_Ros_na_R%C3%BAn_agus_Fir_Bolg_.jpg","type":"image\/jpeg"}],"twitter_card":"summary_large_image","twitter_site":"@TG4TV","twitter_misc":{"Est. reading time":"3 minutes"},"schema":{"@context":"https:\/\/schema.org","@graph":[{"@type":"WebPage","@id":"https:\/\/dev.tg4.ie\/en\/information\/press\/press-releases\/2018-2\/11-nominations-for-tg4-on-ifta-2018-shortlist\/","url":"https:\/\/dev.tg4.ie\/en\/information\/press\/press-releases\/2018-2\/11-nominations-for-tg4-on-ifta-2018-shortlist\/","name":"11 Nominations for TG4 on IFTA 2018 Shortlist - TG4","isPartOf":{"@id":"https:\/\/dev.tg4.ie\/en\/#website"},"primaryImageOfPage":{"@id":"https:\/\/dev.tg4.ie\/en\/information\/press\/press-releases\/2018-2\/11-nominations-for-tg4-on-ifta-2018-shortlist\/#primaryimage"},"image":{"@id":"https:\/\/dev.tg4.ie\/en\/information\/press\/press-releases\/2018-2\/11-nominations-for-tg4-on-ifta-2018-shortlist\/#primaryimage"},"thumbnailUrl":"https:\/\/tg4-docs.s3.amazonaws.com\/tg4-redesign-2015\/wp-content\/uploads\/2018\/05\/IFTA_2018_Ros_na_R%C3%BAn_agus_Fir_Bolg_.jpg","datePublished":"2018-05-10T11:14:29+00:00","dateModified":"2019-07-01T10:25:13+00:00","breadcrumb":{"@id":"https:\/\/dev.tg4.ie\/en\/information\/press\/press-releases\/2018-2\/11-nominations-for-tg4-on-ifta-2018-shortlist\/#breadcrumb"},"inLanguage":"en-ie","potentialAction":[{"@type":"ReadAction","target":["https:\/\/dev.tg4.ie\/en\/information\/press\/press-releases\/2018-2\/11-nominations-for-tg4-on-ifta-2018-shortlist\/"]}]},{"@type":"ImageObject","inLanguage":"en-ie","@id":"https:\/\/dev.tg4.ie\/en\/information\/press\/press-releases\/2018-2\/11-nominations-for-tg4-on-ifta-2018-shortlist\/#primaryimage","url":"https:\/\/tg4-docs.s3.amazonaws.com\/tg4-redesign-2015\/wp-content\/uploads\/2018\/05\/IFTA_2018_Ros_na_R%C3%BAn_agus_Fir_Bolg_.jpg","contentUrl":"https:\/\/tg4-docs.s3.amazonaws.com\/tg4-redesign-2015\/wp-content\/uploads\/2018\/05\/IFTA_2018_Ros_na_R%C3%BAn_agus_Fir_Bolg_.jpg","width":1920,"height":1080,"caption":"IFTA 2018 - Ros na R\u00fan agus Fir Bolg_"},{"@type":"BreadcrumbList","@id":"https:\/\/dev.tg4.ie\/en\/information\/press\/press-releases\/2018-2\/11-nominations-for-tg4-on-ifta-2018-shortlist\/#breadcrumb","itemListElement":[{"@type":"ListItem","position":1,"name":"Home","item":"https:\/\/dev.tg4.ie\/en\/"},{"@type":"ListItem","position":2,"name":"Information","item":"https:\/\/dev.tg4.ie\/en\/information\/"},{"@type":"ListItem","position":3,"name":"Press","item":"https:\/\/dev.tg4.ie\/en\/information\/press\/"},{"@type":"ListItem","position":4,"name":"Press Releases","item":"https:\/\/dev.tg4.ie\/en\/information\/press\/press-releases\/"},{"@type":"ListItem","position":5,"name":"2018","item":"https:\/\/dev.tg4.ie\/en\/information\/press\/press-releases\/2018-2\/"},{"@type":"ListItem","position":6,"name":"11 Nominations for TG4 on IFTA 2018 Shortlist"}]},{"@type":"WebSite","@id":"https:\/\/dev.tg4.ie\/en\/#website","url":"https:\/\/dev.tg4.ie\/en\/","name":"TG4","description":"S\u00fail Eile","potentialAction":[{"@type":"SearchAction","target":{"@type":"EntryPoint","urlTemplate":"https:\/\/dev.tg4.ie\/en\/?s={search_term_string}"},"query-input":"required name=search_term_string"}],"inLanguage":"en-ie"}]}},"_links":{"self":[{"href":"https:\/\/dev.tg4.ie\/en\/wp-json\/wp\/v2\/pages\/82801"}],"collection":[{"href":"https:\/\/dev.tg4.ie\/en\/wp-json\/wp\/v2\/pages"}],"about":[{"href":"https:\/\/dev.tg4.ie\/en\/wp-json\/wp\/v2\/types\/page"}],"author":[{"embeddable":true,"href":"https:\/\/dev.tg4.ie\/en\/wp-json\/wp\/v2\/users\/876"}],"replies":[{"embeddable":true,"href":"https:\/\/dev.tg4.ie\/en\/wp-json\/wp\/v2\/comments?post=82801"}],"version-history":[{"count":0,"href":"https:\/\/dev.tg4.ie\/en\/wp-json\/wp\/v2\/pages\/82801\/revisions"}],"up":[{"embeddable":true,"href":"https:\/\/dev.tg4.ie\/en\/wp-json\/wp\/v2\/pages\/72851"}],"wp:featuredmedia":[{"embeddable":true,"href":"https:\/\/dev.tg4.ie\/en\/wp-json\/wp\/v2\/media\/82797"}],"wp:attachment":[{"href":"https:\/\/dev.tg4.ie\/en\/wp-json\/wp\/v2\/media?parent=82801"}],"curies":[{"name":"wp","href":"https:\/\/api.w.org\/{rel}","templated":true}]}}