{"id":83710,"date":"2018-05-31T23:03:41","date_gmt":"2018-05-31T22:03:41","guid":{"rendered":"https:\/\/dev.tg4.ie\/corporate\/press\/press-releases\/2018-2\/dha-gradam-buaite-ag-tograi-tg4-ag-ifta-2018\/"},"modified":"2019-07-01T11:26:46","modified_gmt":"2019-07-01T10:26:46","slug":"tg4s-productions-win-awards-at-ifta-2018","status":"publish","type":"page","link":"https:\/\/dev.tg4.ie\/en\/information\/press\/press-releases\/2018-2\/tg4s-productions-win-awards-at-ifta-2018\/","title":{"rendered":"TG4\u2019s Productions Win Awards at IFTA 2018"},"content":{"rendered":"<p>These include:<\/p>\n<p><strong>TG4XX Beo<\/strong>, which received the award for <strong>Live Event<\/strong>. This was a live concert event that took place in venues all over the country to celebrate TG4&#8217;s 20th Birthday. Taking part in the celebrations for the event were Liam \u00d3 Maonla\u00ed, Le Galaxie &amp; Daith\u00ed, Banna\u00a0Mh\u00e1irt\u00edn O&#8217;Connor, Sharon Shannon, Duke Special &amp; Ulaid, ProdiJIG, Muireann Nic Amhlaoibh &amp; Aeons. Produced by Gifted Empire.<\/p>\n<p>Taking the award in the <strong>Irish Language<\/strong> category was <strong>Fir Bolg<\/strong>. It is a 6 part comic drama that tells the troubled story of a group of musicians. 25 years after an acrimonious split, Ireland\u2019s greatest traditional band decide to hit the road again. But, with\u00a0the absence of their founding member, the road to a happy reunion is far from smooth. This series follows the Fir Bolg as they attempt to recapture a moment in time amid bitter breakups and sweet reconciliations. Starring, Patrick Bergin, Se\u00e1n McGinley, Don\u00a0Wycherley, Aonghus McAnally, Peadar Cox, Paddy Courtney and Caroline Morahan with cameo appearances by Daniel O\u2019Donnell, Marty Morrissey, Amy Huberman, Ryan Tubridy, Liam Cunningham and Stephen Rea. Produced by Dearg Films.<\/p>\n<p>Ardsti\u00farth\u00f3ir TG4, Alan Esslemont, congratulated the winners of this year\u2019s IFTA. <em>\u201cTG4 has received prizes at each national award scheme since we came on air 22 years ago,\u201d<\/em> he said <em>\u201cWinning in direct competition against some of the finest quality English\u00a0language TV content available confirms our belief that TG4 compares and competes with the best. TG4 is delighted to partner with IFTA this year in broadcasting the awards ceremony with highlights of the evenings proceedings on Saturday June 2nd at 9.25pm \u201d<\/em>.<\/p>\n<ul>\n<li>Pics available here\u00a0<a href=\"https:\/\/www.flickr.com\/photos\/tg4\/albums\/72157696887920474\" target=\"_blank\" rel=\"noopener noreferrer\">https:\/\/www.flickr.com\/photos\/tg4\/albums\/72157696887920474<\/a><\/li>\n<\/ul>\n","protected":false},"excerpt":{"rendered":"<p>These include: TG4XX Beo, which received the award for Live Event. This was a live concert event that took place in venues all over the country to celebrate TG4&#8217;s 20th Birthday. Taking part in the celebrations for the event were Liam \u00d3 Maonla\u00ed, Le Galaxie &amp; Daith\u00ed, Banna\u00a0Mh\u00e1irt\u00edn O&#8217;Connor, Sharon Shannon, Duke Special &amp; Ulaid, [&hellip;]<\/p>\n","protected":false},"author":876,"featured_media":4564,"parent":72851,"menu_order":22,"comment_status":"closed","ping_status":"closed","template":"page-templates\/template-pr.php","meta":{"_acf_changed":false,"footnotes":""},"acf":[],"yoast_head":"<!-- This site is optimized with the Yoast SEO plugin v22.6 - https:\/\/yoast.com\/wordpress\/plugins\/seo\/ -->\n<title>TG4\u2019s Productions Win Awards at IFTA 2018 - TG4<\/title>\n<meta name=\"robots\" content=\"index, follow, max-snippet:-1, max-image-preview:large, max-video-preview:-1\" \/>\n<meta property=\"og:locale\" content=\"en_US\" \/>\n<meta property=\"og:type\" content=\"article\" \/>\n<meta property=\"og:title\" content=\"TG4\u2019s Productions Win Awards at IFTA 2018 - TG4\" \/>\n<meta property=\"og:description\" content=\"These include: TG4XX Beo, which received the award for Live Event. This was a live concert event that took place in venues all over the country to celebrate TG4&#8217;s 20th Birthday. Taking part in the celebrations for the event were Liam \u00d3 Maonla\u00ed, Le Galaxie &amp; Daith\u00ed, Banna\u00a0Mh\u00e1irt\u00edn O&#8217;Connor, Sharon Shannon, Duke Special &amp; Ulaid, [&hellip;]\" \/>\n<meta property=\"og:url\" content=\"https:\/\/dev.tg4.ie\/en\/information\/press\/press-releases\/2018-2\/tg4s-productions-win-awards-at-ifta-2018\/\" \/>\n<meta property=\"og:site_name\" content=\"TG4\" \/>\n<meta property=\"article:publisher\" content=\"https:\/\/www.facebook.com\/TG4TV\" \/>\n<meta property=\"article:modified_time\" content=\"2019-07-01T10:26:46+00:00\" \/>\n<meta property=\"og:image\" content=\"https:\/\/tg4-docs.s3.amazonaws.com\/tg4-redesign-2015\/wp-content\/uploads\/2015\/10\/IFTA.jpg\" \/>\n\t<meta property=\"og:image:width\" content=\"1920\" \/>\n\t<meta property=\"og:image:height\" content=\"1080\" \/>\n\t<meta property=\"og:image:type\" content=\"image\/jpeg\" \/>\n<meta name=\"twitter:card\" content=\"summary_large_image\" \/>\n<meta name=\"twitter:site\" content=\"@TG4TV\" \/>\n<meta name=\"twitter:label1\" content=\"Est. reading time\" \/>\n\t<meta name=\"twitter:data1\" content=\"1 minute\" \/>\n<script type=\"application\/ld+json\" class=\"yoast-schema-graph\">{\"@context\":\"https:\/\/schema.org\",\"@graph\":[{\"@type\":\"WebPage\",\"@id\":\"https:\/\/dev.tg4.ie\/en\/information\/press\/press-releases\/2018-2\/tg4s-productions-win-awards-at-ifta-2018\/\",\"url\":\"https:\/\/dev.tg4.ie\/en\/information\/press\/press-releases\/2018-2\/tg4s-productions-win-awards-at-ifta-2018\/\",\"name\":\"TG4\u2019s Productions Win Awards at IFTA 2018 - TG4\",\"isPartOf\":{\"@id\":\"https:\/\/dev.tg4.ie\/en\/#website\"},\"primaryImageOfPage\":{\"@id\":\"https:\/\/dev.tg4.ie\/en\/information\/press\/press-releases\/2018-2\/tg4s-productions-win-awards-at-ifta-2018\/#primaryimage\"},\"image\":{\"@id\":\"https:\/\/dev.tg4.ie\/en\/information\/press\/press-releases\/2018-2\/tg4s-productions-win-awards-at-ifta-2018\/#primaryimage\"},\"thumbnailUrl\":\"https:\/\/tg4-docs.s3.amazonaws.com\/tg4-redesign-2015\/wp-content\/uploads\/2015\/10\/IFTA.jpg\",\"datePublished\":\"2018-05-31T22:03:41+00:00\",\"dateModified\":\"2019-07-01T10:26:46+00:00\",\"breadcrumb\":{\"@id\":\"https:\/\/dev.tg4.ie\/en\/information\/press\/press-releases\/2018-2\/tg4s-productions-win-awards-at-ifta-2018\/#breadcrumb\"},\"inLanguage\":\"en-ie\",\"potentialAction\":[{\"@type\":\"ReadAction\",\"target\":[\"https:\/\/dev.tg4.ie\/en\/information\/press\/press-releases\/2018-2\/tg4s-productions-win-awards-at-ifta-2018\/\"]}]},{\"@type\":\"ImageObject\",\"inLanguage\":\"en-ie\",\"@id\":\"https:\/\/dev.tg4.ie\/en\/information\/press\/press-releases\/2018-2\/tg4s-productions-win-awards-at-ifta-2018\/#primaryimage\",\"url\":\"https:\/\/tg4-docs.s3.amazonaws.com\/tg4-redesign-2015\/wp-content\/uploads\/2015\/10\/IFTA.jpg\",\"contentUrl\":\"https:\/\/tg4-docs.s3.amazonaws.com\/tg4-redesign-2015\/wp-content\/uploads\/2015\/10\/IFTA.jpg\",\"width\":1920,\"height\":1080},{\"@type\":\"BreadcrumbList\",\"@id\":\"https:\/\/dev.tg4.ie\/en\/information\/press\/press-releases\/2018-2\/tg4s-productions-win-awards-at-ifta-2018\/#breadcrumb\",\"itemListElement\":[{\"@type\":\"ListItem\",\"position\":1,\"name\":\"Home\",\"item\":\"https:\/\/dev.tg4.ie\/en\/\"},{\"@type\":\"ListItem\",\"position\":2,\"name\":\"Information\",\"item\":\"https:\/\/dev.tg4.ie\/en\/information\/\"},{\"@type\":\"ListItem\",\"position\":3,\"name\":\"Press\",\"item\":\"https:\/\/dev.tg4.ie\/en\/information\/press\/\"},{\"@type\":\"ListItem\",\"position\":4,\"name\":\"Press Releases\",\"item\":\"https:\/\/dev.tg4.ie\/en\/information\/press\/press-releases\/\"},{\"@type\":\"ListItem\",\"position\":5,\"name\":\"2018\",\"item\":\"https:\/\/dev.tg4.ie\/en\/information\/press\/press-releases\/2018-2\/\"},{\"@type\":\"ListItem\",\"position\":6,\"name\":\"TG4\u2019s Productions Win Awards at IFTA 2018\"}]},{\"@type\":\"WebSite\",\"@id\":\"https:\/\/dev.tg4.ie\/en\/#website\",\"url\":\"https:\/\/dev.tg4.ie\/en\/\",\"name\":\"TG4\",\"description\":\"S\u00fail Eile\",\"potentialAction\":[{\"@type\":\"SearchAction\",\"target\":{\"@type\":\"EntryPoint\",\"urlTemplate\":\"https:\/\/dev.tg4.ie\/en\/?s={search_term_string}\"},\"query-input\":\"required name=search_term_string\"}],\"inLanguage\":\"en-ie\"}]}<\/script>\n<!-- \/ Yoast SEO plugin. -->","yoast_head_json":{"title":"TG4\u2019s Productions Win Awards at IFTA 2018 - TG4","robots":{"index":"index","follow":"follow","max-snippet":"max-snippet:-1","max-image-preview":"max-image-preview:large","max-video-preview":"max-video-preview:-1"},"og_locale":"en_US","og_type":"article","og_title":"TG4\u2019s Productions Win Awards at IFTA 2018 - TG4","og_description":"These include: TG4XX Beo, which received the award for Live Event. This was a live concert event that took place in venues all over the country to celebrate TG4&#8217;s 20th Birthday. Taking part in the celebrations for the event were Liam \u00d3 Maonla\u00ed, Le Galaxie &amp; Daith\u00ed, Banna\u00a0Mh\u00e1irt\u00edn O&#8217;Connor, Sharon Shannon, Duke Special &amp; Ulaid, [&hellip;]","og_url":"https:\/\/dev.tg4.ie\/en\/information\/press\/press-releases\/2018-2\/tg4s-productions-win-awards-at-ifta-2018\/","og_site_name":"TG4","article_publisher":"https:\/\/www.facebook.com\/TG4TV","article_modified_time":"2019-07-01T10:26:46+00:00","og_image":[{"width":1920,"height":1080,"url":"https:\/\/tg4-docs.s3.amazonaws.com\/tg4-redesign-2015\/wp-content\/uploads\/2015\/10\/IFTA.jpg","type":"image\/jpeg"}],"twitter_card":"summary_large_image","twitter_site":"@TG4TV","twitter_misc":{"Est. reading time":"1 minute"},"schema":{"@context":"https:\/\/schema.org","@graph":[{"@type":"WebPage","@id":"https:\/\/dev.tg4.ie\/en\/information\/press\/press-releases\/2018-2\/tg4s-productions-win-awards-at-ifta-2018\/","url":"https:\/\/dev.tg4.ie\/en\/information\/press\/press-releases\/2018-2\/tg4s-productions-win-awards-at-ifta-2018\/","name":"TG4\u2019s Productions Win Awards at IFTA 2018 - TG4","isPartOf":{"@id":"https:\/\/dev.tg4.ie\/en\/#website"},"primaryImageOfPage":{"@id":"https:\/\/dev.tg4.ie\/en\/information\/press\/press-releases\/2018-2\/tg4s-productions-win-awards-at-ifta-2018\/#primaryimage"},"image":{"@id":"https:\/\/dev.tg4.ie\/en\/information\/press\/press-releases\/2018-2\/tg4s-productions-win-awards-at-ifta-2018\/#primaryimage"},"thumbnailUrl":"https:\/\/tg4-docs.s3.amazonaws.com\/tg4-redesign-2015\/wp-content\/uploads\/2015\/10\/IFTA.jpg","datePublished":"2018-05-31T22:03:41+00:00","dateModified":"2019-07-01T10:26:46+00:00","breadcrumb":{"@id":"https:\/\/dev.tg4.ie\/en\/information\/press\/press-releases\/2018-2\/tg4s-productions-win-awards-at-ifta-2018\/#breadcrumb"},"inLanguage":"en-ie","potentialAction":[{"@type":"ReadAction","target":["https:\/\/dev.tg4.ie\/en\/information\/press\/press-releases\/2018-2\/tg4s-productions-win-awards-at-ifta-2018\/"]}]},{"@type":"ImageObject","inLanguage":"en-ie","@id":"https:\/\/dev.tg4.ie\/en\/information\/press\/press-releases\/2018-2\/tg4s-productions-win-awards-at-ifta-2018\/#primaryimage","url":"https:\/\/tg4-docs.s3.amazonaws.com\/tg4-redesign-2015\/wp-content\/uploads\/2015\/10\/IFTA.jpg","contentUrl":"https:\/\/tg4-docs.s3.amazonaws.com\/tg4-redesign-2015\/wp-content\/uploads\/2015\/10\/IFTA.jpg","width":1920,"height":1080},{"@type":"BreadcrumbList","@id":"https:\/\/dev.tg4.ie\/en\/information\/press\/press-releases\/2018-2\/tg4s-productions-win-awards-at-ifta-2018\/#breadcrumb","itemListElement":[{"@type":"ListItem","position":1,"name":"Home","item":"https:\/\/dev.tg4.ie\/en\/"},{"@type":"ListItem","position":2,"name":"Information","item":"https:\/\/dev.tg4.ie\/en\/information\/"},{"@type":"ListItem","position":3,"name":"Press","item":"https:\/\/dev.tg4.ie\/en\/information\/press\/"},{"@type":"ListItem","position":4,"name":"Press Releases","item":"https:\/\/dev.tg4.ie\/en\/information\/press\/press-releases\/"},{"@type":"ListItem","position":5,"name":"2018","item":"https:\/\/dev.tg4.ie\/en\/information\/press\/press-releases\/2018-2\/"},{"@type":"ListItem","position":6,"name":"TG4\u2019s Productions Win Awards at IFTA 2018"}]},{"@type":"WebSite","@id":"https:\/\/dev.tg4.ie\/en\/#website","url":"https:\/\/dev.tg4.ie\/en\/","name":"TG4","description":"S\u00fail Eile","potentialAction":[{"@type":"SearchAction","target":{"@type":"EntryPoint","urlTemplate":"https:\/\/dev.tg4.ie\/en\/?s={search_term_string}"},"query-input":"required name=search_term_string"}],"inLanguage":"en-ie"}]}},"_links":{"self":[{"href":"https:\/\/dev.tg4.ie\/en\/wp-json\/wp\/v2\/pages\/83710"}],"collection":[{"href":"https:\/\/dev.tg4.ie\/en\/wp-json\/wp\/v2\/pages"}],"about":[{"href":"https:\/\/dev.tg4.ie\/en\/wp-json\/wp\/v2\/types\/page"}],"author":[{"embeddable":true,"href":"https:\/\/dev.tg4.ie\/en\/wp-json\/wp\/v2\/users\/876"}],"replies":[{"embeddable":true,"href":"https:\/\/dev.tg4.ie\/en\/wp-json\/wp\/v2\/comments?post=83710"}],"version-history":[{"count":0,"href":"https:\/\/dev.tg4.ie\/en\/wp-json\/wp\/v2\/pages\/83710\/revisions"}],"up":[{"embeddable":true,"href":"https:\/\/dev.tg4.ie\/en\/wp-json\/wp\/v2\/pages\/72851"}],"wp:featuredmedia":[{"embeddable":true,"href":"https:\/\/dev.tg4.ie\/en\/wp-json\/wp\/v2\/media\/4564"}],"wp:attachment":[{"href":"https:\/\/dev.tg4.ie\/en\/wp-json\/wp\/v2\/media?parent=83710"}],"curies":[{"name":"wp","href":"https:\/\/api.w.org\/{rel}","templated":true}]}}