{"id":84689,"date":"2018-06-27T14:37:22","date_gmt":"2018-06-27T13:37:22","guid":{"rendered":"https:\/\/dev.tg4.ie\/?page_id=84689"},"modified":"2019-07-01T11:33:24","modified_gmt":"2019-07-01T10:33:24","slug":"astronauts-queens-and-bandits-promote-irish-in-novel-tg4-ad-campaign","status":"publish","type":"page","link":"https:\/\/dev.tg4.ie\/en\/information\/press\/press-releases\/2018-2\/astronauts-queens-and-bandits-promote-irish-in-novel-tg4-ad-campaign\/","title":{"rendered":"Astronauts, Queens and Bandits promote Irish in novel TG4 ad campaign"},"content":{"rendered":"<p>The <strong>\u2018T\u00e1 Gaeilge Agam\u2019<\/strong> campaign, has been devised in collaboration with award winning advertising agency Publicis, as part of TG4\u2019s involvement with \u2018Bliain na Gaeilge\u2019. This is a government backed initiative to support the Irish language during 2018.<\/p>\n<p><strong>\u2018T\u00e1 Gaeilge Agam\u2019<\/strong> is an attention grabbing, fun, multi-media campaign on print, television, radio, online and outdoor media. It is directed at all levels of \u2018Gaeilgeoir\u2019, to inspire us all to use our Irish whether we have a \u2018c\u00fapla focal\u2019, like Spaceman Hadfield, who famously tweeted \u2018as Gaeilge\u2019 while orbiting the earth, or we are \u2018l\u00edofa\u2019 like multi-talented Donegal native, Caitl\u00edn Nic Aoidh.<\/p>\n<p>In a social media post supporting the initiative, Irish women\u2019s star rugby star <strong>Sene Naoupu <\/strong>says: \u2018<em>I come from New Zealand and speak fluent Samoan. When we lived in Japan, we also learnt and spoke fluent Nihongo (Japanese). When we lived in England we spoke English. So naturally when we moved to Ireland, which has become our home, we immersed ourselves into the Irish culture and that includes understanding the proud history and identity that is Gaeilge! All too often, particularly as a sporting nation, we take pride in our Irishness yet don\u2019t extend that pride in our language<\/em>\u2019.<\/p>\n<p>TG4 is calling on people to follow Sene\u2019s and the other celebrities\u2019 lead, to like &amp; share the media, use the \u2018twibbon\u2019, as well as taking up the challenge themselves to speak whatever Irish you have loudly &amp; proudly, wherever you are.<\/p>\n<p>Creative Director of TG4, Se\u00e1n Cathal \u00d3 Coile\u00e1in says, \u2018<em>The Irish language needs to be relevant, inclusive and diverse if we are to embrace a new wave of people who are interested, but a little apprehensive about speaking our language. This campaign is TG4\u2019s fun way of calling all of these people to positive action<\/em>\u2019.<\/p>\n<p><strong>Join the Campaign! B\u00ed linn san fheachtas!<\/strong><\/p>\n<p>You can find more information on the TG4 website here \/ Is f\u00e9idir breis eolais ar sh\u00edomh gr\u00e9as\u00e1n TG4 anseo:<\/p>\n<ul>\n<li><a href=\"https:\/\/dev.tg4.ie\/tagaeilgeagam\/\">https:\/\/dev.tg4.ie\/tagaeilgeagam\/<\/a><\/li>\n<li>Here is a link to the promotional video \/ Seo an nasc chuig an fh\u00edse\u00e1n bolscaireachta:\u00a0 \u00a0<a href=\"https:\/\/www.youtube.com\/watch?v=N7_ZF7Ppa8I\">https:\/\/www.youtube.com\/watch?v=N7_ZF7Ppa8I<\/a><\/li>\n<\/ul>\n<p><strong><u>Why not add a Twibbon\/C\u00e9ard faoi Twibbon a \u00fas\u00e1id:<\/u><\/strong><\/p>\n<ul>\n<li>Add the badge to your profile <strong>#T\u00e1GaeilgeAgam\u00a0<\/strong>Clice\u00e1il anseo <strong>\u00a0&#8211; <\/strong><a href=\"http:\/\/bit.ly\/TaGaeilgeAgam\">http:\/\/bit.ly\/TaGaeilgeAgam<\/a><\/li>\n<\/ul>\n","protected":false},"excerpt":{"rendered":"<p>The \u2018T\u00e1 Gaeilge Agam\u2019 campaign, has been devised in collaboration with award winning advertising agency Publicis, as part of TG4\u2019s involvement with \u2018Bliain na Gaeilge\u2019. This is a government backed initiative to support the Irish language during 2018. \u2018T\u00e1 Gaeilge Agam\u2019 is an attention grabbing, fun, multi-media campaign on print, television, radio, online and outdoor [&hellip;]<\/p>\n","protected":false},"author":876,"featured_media":84876,"parent":72851,"menu_order":25,"comment_status":"closed","ping_status":"closed","template":"page-templates\/template-pr.php","meta":{"_acf_changed":false,"footnotes":""},"acf":[],"yoast_head":"<!-- This site is optimized with the Yoast SEO plugin v22.6 - https:\/\/yoast.com\/wordpress\/plugins\/seo\/ -->\n<title>Astronauts, Queens and Bandits promote Irish in novel TG4 ad campaign - TG4<\/title>\n<meta name=\"robots\" content=\"index, follow, max-snippet:-1, max-image-preview:large, max-video-preview:-1\" \/>\n<meta property=\"og:locale\" content=\"en_US\" \/>\n<meta property=\"og:type\" content=\"article\" \/>\n<meta property=\"og:title\" content=\"Astronauts, Queens and Bandits promote Irish in novel TG4 ad campaign - TG4\" \/>\n<meta property=\"og:description\" content=\"The \u2018T\u00e1 Gaeilge Agam\u2019 campaign, has been devised in collaboration with award winning advertising agency Publicis, as part of TG4\u2019s involvement with \u2018Bliain na Gaeilge\u2019. This is a government backed initiative to support the Irish language during 2018. \u2018T\u00e1 Gaeilge Agam\u2019 is an attention grabbing, fun, multi-media campaign on print, television, radio, online and outdoor [&hellip;]\" \/>\n<meta property=\"og:url\" content=\"https:\/\/dev.tg4.ie\/en\/information\/press\/press-releases\/2018-2\/astronauts-queens-and-bandits-promote-irish-in-novel-tg4-ad-campaign\/\" \/>\n<meta property=\"og:site_name\" content=\"TG4\" \/>\n<meta property=\"article:publisher\" content=\"https:\/\/www.facebook.com\/TG4TV\" \/>\n<meta property=\"article:modified_time\" content=\"2019-07-01T10:33:24+00:00\" \/>\n<meta property=\"og:image\" content=\"https:\/\/tg4-docs.s3.amazonaws.com\/tg4-redesign-2015\/wp-content\/uploads\/2018\/06\/1920x1080-BnaG-Caitlin-2.jpg\" \/>\n\t<meta property=\"og:image:width\" content=\"1920\" \/>\n\t<meta property=\"og:image:height\" content=\"1080\" \/>\n\t<meta property=\"og:image:type\" content=\"image\/jpeg\" \/>\n<meta name=\"twitter:card\" content=\"summary_large_image\" \/>\n<meta name=\"twitter:site\" content=\"@TG4TV\" \/>\n<meta name=\"twitter:label1\" content=\"Est. reading time\" \/>\n\t<meta name=\"twitter:data1\" content=\"2 minutes\" \/>\n<script type=\"application\/ld+json\" class=\"yoast-schema-graph\">{\"@context\":\"https:\/\/schema.org\",\"@graph\":[{\"@type\":\"WebPage\",\"@id\":\"https:\/\/dev.tg4.ie\/en\/information\/press\/press-releases\/2018-2\/astronauts-queens-and-bandits-promote-irish-in-novel-tg4-ad-campaign\/\",\"url\":\"https:\/\/dev.tg4.ie\/en\/information\/press\/press-releases\/2018-2\/astronauts-queens-and-bandits-promote-irish-in-novel-tg4-ad-campaign\/\",\"name\":\"Astronauts, Queens and Bandits promote Irish in novel TG4 ad campaign - TG4\",\"isPartOf\":{\"@id\":\"https:\/\/dev.tg4.ie\/en\/#website\"},\"primaryImageOfPage\":{\"@id\":\"https:\/\/dev.tg4.ie\/en\/information\/press\/press-releases\/2018-2\/astronauts-queens-and-bandits-promote-irish-in-novel-tg4-ad-campaign\/#primaryimage\"},\"image\":{\"@id\":\"https:\/\/dev.tg4.ie\/en\/information\/press\/press-releases\/2018-2\/astronauts-queens-and-bandits-promote-irish-in-novel-tg4-ad-campaign\/#primaryimage\"},\"thumbnailUrl\":\"https:\/\/tg4-docs.s3.amazonaws.com\/tg4-redesign-2015\/wp-content\/uploads\/2018\/06\/1920x1080-BnaG-Caitlin-2.jpg\",\"datePublished\":\"2018-06-27T13:37:22+00:00\",\"dateModified\":\"2019-07-01T10:33:24+00:00\",\"breadcrumb\":{\"@id\":\"https:\/\/dev.tg4.ie\/en\/information\/press\/press-releases\/2018-2\/astronauts-queens-and-bandits-promote-irish-in-novel-tg4-ad-campaign\/#breadcrumb\"},\"inLanguage\":\"en-ie\",\"potentialAction\":[{\"@type\":\"ReadAction\",\"target\":[\"https:\/\/dev.tg4.ie\/en\/information\/press\/press-releases\/2018-2\/astronauts-queens-and-bandits-promote-irish-in-novel-tg4-ad-campaign\/\"]}]},{\"@type\":\"ImageObject\",\"inLanguage\":\"en-ie\",\"@id\":\"https:\/\/dev.tg4.ie\/en\/information\/press\/press-releases\/2018-2\/astronauts-queens-and-bandits-promote-irish-in-novel-tg4-ad-campaign\/#primaryimage\",\"url\":\"https:\/\/tg4-docs.s3.amazonaws.com\/tg4-redesign-2015\/wp-content\/uploads\/2018\/06\/1920x1080-BnaG-Caitlin-2.jpg\",\"contentUrl\":\"https:\/\/tg4-docs.s3.amazonaws.com\/tg4-redesign-2015\/wp-content\/uploads\/2018\/06\/1920x1080-BnaG-Caitlin-2.jpg\",\"width\":1920,\"height\":1080,\"caption\":\"Bliain na Gaeilge - Caitl\u00edn\"},{\"@type\":\"BreadcrumbList\",\"@id\":\"https:\/\/dev.tg4.ie\/en\/information\/press\/press-releases\/2018-2\/astronauts-queens-and-bandits-promote-irish-in-novel-tg4-ad-campaign\/#breadcrumb\",\"itemListElement\":[{\"@type\":\"ListItem\",\"position\":1,\"name\":\"Home\",\"item\":\"https:\/\/dev.tg4.ie\/en\/\"},{\"@type\":\"ListItem\",\"position\":2,\"name\":\"Information\",\"item\":\"https:\/\/dev.tg4.ie\/en\/information\/\"},{\"@type\":\"ListItem\",\"position\":3,\"name\":\"Press\",\"item\":\"https:\/\/dev.tg4.ie\/en\/information\/press\/\"},{\"@type\":\"ListItem\",\"position\":4,\"name\":\"Press Releases\",\"item\":\"https:\/\/dev.tg4.ie\/en\/information\/press\/press-releases\/\"},{\"@type\":\"ListItem\",\"position\":5,\"name\":\"2018\",\"item\":\"https:\/\/dev.tg4.ie\/en\/information\/press\/press-releases\/2018-2\/\"},{\"@type\":\"ListItem\",\"position\":6,\"name\":\"Astronauts, Queens and Bandits promote Irish in novel TG4 ad campaign\"}]},{\"@type\":\"WebSite\",\"@id\":\"https:\/\/dev.tg4.ie\/en\/#website\",\"url\":\"https:\/\/dev.tg4.ie\/en\/\",\"name\":\"TG4\",\"description\":\"S\u00fail Eile\",\"potentialAction\":[{\"@type\":\"SearchAction\",\"target\":{\"@type\":\"EntryPoint\",\"urlTemplate\":\"https:\/\/dev.tg4.ie\/en\/?s={search_term_string}\"},\"query-input\":\"required name=search_term_string\"}],\"inLanguage\":\"en-ie\"}]}<\/script>\n<!-- \/ Yoast SEO plugin. -->","yoast_head_json":{"title":"Astronauts, Queens and Bandits promote Irish in novel TG4 ad campaign - TG4","robots":{"index":"index","follow":"follow","max-snippet":"max-snippet:-1","max-image-preview":"max-image-preview:large","max-video-preview":"max-video-preview:-1"},"og_locale":"en_US","og_type":"article","og_title":"Astronauts, Queens and Bandits promote Irish in novel TG4 ad campaign - TG4","og_description":"The \u2018T\u00e1 Gaeilge Agam\u2019 campaign, has been devised in collaboration with award winning advertising agency Publicis, as part of TG4\u2019s involvement with \u2018Bliain na Gaeilge\u2019. This is a government backed initiative to support the Irish language during 2018. \u2018T\u00e1 Gaeilge Agam\u2019 is an attention grabbing, fun, multi-media campaign on print, television, radio, online and outdoor [&hellip;]","og_url":"https:\/\/dev.tg4.ie\/en\/information\/press\/press-releases\/2018-2\/astronauts-queens-and-bandits-promote-irish-in-novel-tg4-ad-campaign\/","og_site_name":"TG4","article_publisher":"https:\/\/www.facebook.com\/TG4TV","article_modified_time":"2019-07-01T10:33:24+00:00","og_image":[{"width":1920,"height":1080,"url":"https:\/\/tg4-docs.s3.amazonaws.com\/tg4-redesign-2015\/wp-content\/uploads\/2018\/06\/1920x1080-BnaG-Caitlin-2.jpg","type":"image\/jpeg"}],"twitter_card":"summary_large_image","twitter_site":"@TG4TV","twitter_misc":{"Est. reading time":"2 minutes"},"schema":{"@context":"https:\/\/schema.org","@graph":[{"@type":"WebPage","@id":"https:\/\/dev.tg4.ie\/en\/information\/press\/press-releases\/2018-2\/astronauts-queens-and-bandits-promote-irish-in-novel-tg4-ad-campaign\/","url":"https:\/\/dev.tg4.ie\/en\/information\/press\/press-releases\/2018-2\/astronauts-queens-and-bandits-promote-irish-in-novel-tg4-ad-campaign\/","name":"Astronauts, Queens and Bandits promote Irish in novel TG4 ad campaign - TG4","isPartOf":{"@id":"https:\/\/dev.tg4.ie\/en\/#website"},"primaryImageOfPage":{"@id":"https:\/\/dev.tg4.ie\/en\/information\/press\/press-releases\/2018-2\/astronauts-queens-and-bandits-promote-irish-in-novel-tg4-ad-campaign\/#primaryimage"},"image":{"@id":"https:\/\/dev.tg4.ie\/en\/information\/press\/press-releases\/2018-2\/astronauts-queens-and-bandits-promote-irish-in-novel-tg4-ad-campaign\/#primaryimage"},"thumbnailUrl":"https:\/\/tg4-docs.s3.amazonaws.com\/tg4-redesign-2015\/wp-content\/uploads\/2018\/06\/1920x1080-BnaG-Caitlin-2.jpg","datePublished":"2018-06-27T13:37:22+00:00","dateModified":"2019-07-01T10:33:24+00:00","breadcrumb":{"@id":"https:\/\/dev.tg4.ie\/en\/information\/press\/press-releases\/2018-2\/astronauts-queens-and-bandits-promote-irish-in-novel-tg4-ad-campaign\/#breadcrumb"},"inLanguage":"en-ie","potentialAction":[{"@type":"ReadAction","target":["https:\/\/dev.tg4.ie\/en\/information\/press\/press-releases\/2018-2\/astronauts-queens-and-bandits-promote-irish-in-novel-tg4-ad-campaign\/"]}]},{"@type":"ImageObject","inLanguage":"en-ie","@id":"https:\/\/dev.tg4.ie\/en\/information\/press\/press-releases\/2018-2\/astronauts-queens-and-bandits-promote-irish-in-novel-tg4-ad-campaign\/#primaryimage","url":"https:\/\/tg4-docs.s3.amazonaws.com\/tg4-redesign-2015\/wp-content\/uploads\/2018\/06\/1920x1080-BnaG-Caitlin-2.jpg","contentUrl":"https:\/\/tg4-docs.s3.amazonaws.com\/tg4-redesign-2015\/wp-content\/uploads\/2018\/06\/1920x1080-BnaG-Caitlin-2.jpg","width":1920,"height":1080,"caption":"Bliain na Gaeilge - Caitl\u00edn"},{"@type":"BreadcrumbList","@id":"https:\/\/dev.tg4.ie\/en\/information\/press\/press-releases\/2018-2\/astronauts-queens-and-bandits-promote-irish-in-novel-tg4-ad-campaign\/#breadcrumb","itemListElement":[{"@type":"ListItem","position":1,"name":"Home","item":"https:\/\/dev.tg4.ie\/en\/"},{"@type":"ListItem","position":2,"name":"Information","item":"https:\/\/dev.tg4.ie\/en\/information\/"},{"@type":"ListItem","position":3,"name":"Press","item":"https:\/\/dev.tg4.ie\/en\/information\/press\/"},{"@type":"ListItem","position":4,"name":"Press Releases","item":"https:\/\/dev.tg4.ie\/en\/information\/press\/press-releases\/"},{"@type":"ListItem","position":5,"name":"2018","item":"https:\/\/dev.tg4.ie\/en\/information\/press\/press-releases\/2018-2\/"},{"@type":"ListItem","position":6,"name":"Astronauts, Queens and Bandits promote Irish in novel TG4 ad campaign"}]},{"@type":"WebSite","@id":"https:\/\/dev.tg4.ie\/en\/#website","url":"https:\/\/dev.tg4.ie\/en\/","name":"TG4","description":"S\u00fail Eile","potentialAction":[{"@type":"SearchAction","target":{"@type":"EntryPoint","urlTemplate":"https:\/\/dev.tg4.ie\/en\/?s={search_term_string}"},"query-input":"required name=search_term_string"}],"inLanguage":"en-ie"}]}},"_links":{"self":[{"href":"https:\/\/dev.tg4.ie\/en\/wp-json\/wp\/v2\/pages\/84689"}],"collection":[{"href":"https:\/\/dev.tg4.ie\/en\/wp-json\/wp\/v2\/pages"}],"about":[{"href":"https:\/\/dev.tg4.ie\/en\/wp-json\/wp\/v2\/types\/page"}],"author":[{"embeddable":true,"href":"https:\/\/dev.tg4.ie\/en\/wp-json\/wp\/v2\/users\/876"}],"replies":[{"embeddable":true,"href":"https:\/\/dev.tg4.ie\/en\/wp-json\/wp\/v2\/comments?post=84689"}],"version-history":[{"count":0,"href":"https:\/\/dev.tg4.ie\/en\/wp-json\/wp\/v2\/pages\/84689\/revisions"}],"up":[{"embeddable":true,"href":"https:\/\/dev.tg4.ie\/en\/wp-json\/wp\/v2\/pages\/72851"}],"wp:featuredmedia":[{"embeddable":true,"href":"https:\/\/dev.tg4.ie\/en\/wp-json\/wp\/v2\/media\/84876"}],"wp:attachment":[{"href":"https:\/\/dev.tg4.ie\/en\/wp-json\/wp\/v2\/media?parent=84689"}],"curies":[{"name":"wp","href":"https:\/\/api.w.org\/{rel}","templated":true}]}}