{"id":90001,"date":"2018-07-11T11:14:32","date_gmt":"2018-07-11T10:14:32","guid":{"rendered":"https:\/\/dev.tg4.ie\/?page_id=90001"},"modified":"2019-07-01T11:43:01","modified_gmt":"2019-07-01T10:43:01","slug":"tg4-films-premiering-at-galway-film-fleadh-showcase-two-inspiring-voyages","status":"publish","type":"page","link":"https:\/\/dev.tg4.ie\/en\/information\/press\/press-releases\/2018-2\/tg4-films-premiering-at-galway-film-fleadh-showcase-two-inspiring-voyages\/","title":{"rendered":"TG4 films premiering at Galway Film Fleadh showcase two inspiring voyages"},"content":{"rendered":"<p><strong>The Camino Voyage:<\/strong> For hundreds of years, people sailed from Ireland to a Coru\u00f1a in Northern Spain, and walked the Camino to Santiago de Compostela. This inspiring crew began their own version of this historical voyage in 2014. Pulling into coastal towns and villages en route, camping and cooking as they went, this eclectic crew forged many new friendships. Every community that they connected with opened their doors and their hearts, and the men have, in exchange, inspired them with courage, endurance, storytelling, music, poetry and song in a coming together of people in the most fundamental and ancient of ways. As he continued this Naomh\u00f3g journey south in 2017, Danny tragically lost his life when the Naomh\u00f3g overturned.\u00a0Danny\u2019s generous heart and adventurous spirit touched countless lives. Ar dheis D\u00e9 go raibh a anam d\u00edlis.<\/p>\n<p>Featuring Musicians Glen Hansard and Brendan Begley, Artist Liam Holden, Stonemason Breand\u00e1n Moriarty &amp; Writer &amp; Poet, Danny Sheehy (1951-2017).<\/p>\n<p>Produced by An\u00fa Pictures.<br \/>\n<a href=\"https:\/\/youtu.be\/VJ5S-ifzAQg\" target=\"_blank\" rel=\"noopener noreferrer\">https:\/\/youtu.be\/VJ5S-ifzAQg<\/a><\/p>\n<p><strong>Lomax in \u00c9irinn: <\/strong>Alan Lomax had a dream to record and preserve the music of the world. In 1951, he began that mission in Ireland. <em>Lomax in \u00c9irinn<\/em> uncovers the story behind that trip and shows how it resulted in the first LP of Irish music &#8211; the album that brought Irish music to the world.<\/p>\n<p>When he arrived in Ireland in 1951, Alan Lomax aimed to preserve a tradition that few Irish people valued at that time. He wrote: \u201c<em>The last notes of the old, high and beautiful Irish civilization are dying away. A civilization which produced an epic, lyrical and musical literature as noble as any in the world<\/em>.\u201d Twenty years later, his recordings would help inspire the 1970s revival of Irish music by bands such as Planxty, The Bothy Band and Clannad. Contributors to Lomax in \u00c9irinn include Iarla \u00d3 Lion\u00e1ird (The Gloaming), John Spillane, Brian Mullan, Ian Lee, Grace Toland, Danny Diamond, Nicholas Carolan and Deirdre N\u00ed Chongaile.<\/p>\n<p><em>Lomax in \u00c9irinn<\/em> features exclusive performances from contemporary artists Steve Earle, Clannad, Slow Moving Clouds, The Tulla Ceil\u00ed Band and Nell N\u00ed Chr\u00f3in\u00edn \u00a0(all performing music that Lomax preserved).<\/p>\n<p>Produced by Aisling Productions.<br \/>\n<a href=\"https:\/\/www.youtube.com\/watch?v=_f28mjMlb1U\" target=\"_blank\" rel=\"noopener noreferrer\">https:\/\/www.youtube.com\/watch?v=_f28mjMlb1U<\/a><\/p>\n","protected":false},"excerpt":{"rendered":"<p>The Camino Voyage: For hundreds of years, people sailed from Ireland to a Coru\u00f1a in Northern Spain, and walked the Camino to Santiago de Compostela. This inspiring crew began their own version of this historical voyage in 2014. Pulling into coastal towns and villages en route, camping and cooking as they went, this eclectic crew [&hellip;]<\/p>\n","protected":false},"author":876,"featured_media":90010,"parent":72851,"menu_order":30,"comment_status":"closed","ping_status":"closed","template":"page-templates\/template-pr.php","meta":{"_acf_changed":false,"footnotes":""},"acf":[],"yoast_head":"<!-- This site is optimized with the Yoast SEO plugin v22.6 - https:\/\/yoast.com\/wordpress\/plugins\/seo\/ -->\n<title>TG4 films premiering at Galway Film Fleadh showcase two inspiring voyages - TG4<\/title>\n<meta name=\"robots\" content=\"index, follow, max-snippet:-1, max-image-preview:large, max-video-preview:-1\" \/>\n<meta property=\"og:locale\" content=\"en_US\" \/>\n<meta property=\"og:type\" content=\"article\" \/>\n<meta property=\"og:title\" content=\"TG4 films premiering at Galway Film Fleadh showcase two inspiring voyages - TG4\" \/>\n<meta property=\"og:description\" content=\"The Camino Voyage: For hundreds of years, people sailed from Ireland to a Coru\u00f1a in Northern Spain, and walked the Camino to Santiago de Compostela. This inspiring crew began their own version of this historical voyage in 2014. Pulling into coastal towns and villages en route, camping and cooking as they went, this eclectic crew [&hellip;]\" \/>\n<meta property=\"og:url\" content=\"https:\/\/dev.tg4.ie\/en\/information\/press\/press-releases\/2018-2\/tg4-films-premiering-at-galway-film-fleadh-showcase-two-inspiring-voyages\/\" \/>\n<meta property=\"og:site_name\" content=\"TG4\" \/>\n<meta property=\"article:publisher\" content=\"https:\/\/www.facebook.com\/TG4TV\" \/>\n<meta property=\"article:modified_time\" content=\"2019-07-01T10:43:01+00:00\" \/>\n<meta property=\"og:image\" content=\"https:\/\/tg4-docs.s3.amazonaws.com\/tg4-redesign-2015\/wp-content\/uploads\/2018\/07\/Camino_Lomax_Fleadh1.jpg\" \/>\n\t<meta property=\"og:image:width\" content=\"1920\" \/>\n\t<meta property=\"og:image:height\" content=\"1080\" \/>\n\t<meta property=\"og:image:type\" content=\"image\/jpeg\" \/>\n<meta name=\"twitter:card\" content=\"summary_large_image\" \/>\n<meta name=\"twitter:site\" content=\"@TG4TV\" \/>\n<meta name=\"twitter:label1\" content=\"Est. reading time\" \/>\n\t<meta name=\"twitter:data1\" content=\"2 minutes\" \/>\n<script type=\"application\/ld+json\" class=\"yoast-schema-graph\">{\"@context\":\"https:\/\/schema.org\",\"@graph\":[{\"@type\":\"WebPage\",\"@id\":\"https:\/\/dev.tg4.ie\/en\/information\/press\/press-releases\/2018-2\/tg4-films-premiering-at-galway-film-fleadh-showcase-two-inspiring-voyages\/\",\"url\":\"https:\/\/dev.tg4.ie\/en\/information\/press\/press-releases\/2018-2\/tg4-films-premiering-at-galway-film-fleadh-showcase-two-inspiring-voyages\/\",\"name\":\"TG4 films premiering at Galway Film Fleadh showcase two inspiring voyages - TG4\",\"isPartOf\":{\"@id\":\"https:\/\/dev.tg4.ie\/en\/#website\"},\"primaryImageOfPage\":{\"@id\":\"https:\/\/dev.tg4.ie\/en\/information\/press\/press-releases\/2018-2\/tg4-films-premiering-at-galway-film-fleadh-showcase-two-inspiring-voyages\/#primaryimage\"},\"image\":{\"@id\":\"https:\/\/dev.tg4.ie\/en\/information\/press\/press-releases\/2018-2\/tg4-films-premiering-at-galway-film-fleadh-showcase-two-inspiring-voyages\/#primaryimage\"},\"thumbnailUrl\":\"https:\/\/tg4-docs.s3.amazonaws.com\/tg4-redesign-2015\/wp-content\/uploads\/2018\/07\/Camino_Lomax_Fleadh1.jpg\",\"datePublished\":\"2018-07-11T10:14:32+00:00\",\"dateModified\":\"2019-07-01T10:43:01+00:00\",\"breadcrumb\":{\"@id\":\"https:\/\/dev.tg4.ie\/en\/information\/press\/press-releases\/2018-2\/tg4-films-premiering-at-galway-film-fleadh-showcase-two-inspiring-voyages\/#breadcrumb\"},\"inLanguage\":\"en-ie\",\"potentialAction\":[{\"@type\":\"ReadAction\",\"target\":[\"https:\/\/dev.tg4.ie\/en\/information\/press\/press-releases\/2018-2\/tg4-films-premiering-at-galway-film-fleadh-showcase-two-inspiring-voyages\/\"]}]},{\"@type\":\"ImageObject\",\"inLanguage\":\"en-ie\",\"@id\":\"https:\/\/dev.tg4.ie\/en\/information\/press\/press-releases\/2018-2\/tg4-films-premiering-at-galway-film-fleadh-showcase-two-inspiring-voyages\/#primaryimage\",\"url\":\"https:\/\/tg4-docs.s3.amazonaws.com\/tg4-redesign-2015\/wp-content\/uploads\/2018\/07\/Camino_Lomax_Fleadh1.jpg\",\"contentUrl\":\"https:\/\/tg4-docs.s3.amazonaws.com\/tg4-redesign-2015\/wp-content\/uploads\/2018\/07\/Camino_Lomax_Fleadh1.jpg\",\"width\":1920,\"height\":1080,\"caption\":\"Camino Lomax Fleadh1\"},{\"@type\":\"BreadcrumbList\",\"@id\":\"https:\/\/dev.tg4.ie\/en\/information\/press\/press-releases\/2018-2\/tg4-films-premiering-at-galway-film-fleadh-showcase-two-inspiring-voyages\/#breadcrumb\",\"itemListElement\":[{\"@type\":\"ListItem\",\"position\":1,\"name\":\"Home\",\"item\":\"https:\/\/dev.tg4.ie\/en\/\"},{\"@type\":\"ListItem\",\"position\":2,\"name\":\"Information\",\"item\":\"https:\/\/dev.tg4.ie\/en\/information\/\"},{\"@type\":\"ListItem\",\"position\":3,\"name\":\"Press\",\"item\":\"https:\/\/dev.tg4.ie\/en\/information\/press\/\"},{\"@type\":\"ListItem\",\"position\":4,\"name\":\"Press Releases\",\"item\":\"https:\/\/dev.tg4.ie\/en\/information\/press\/press-releases\/\"},{\"@type\":\"ListItem\",\"position\":5,\"name\":\"2018\",\"item\":\"https:\/\/dev.tg4.ie\/en\/information\/press\/press-releases\/2018-2\/\"},{\"@type\":\"ListItem\",\"position\":6,\"name\":\"TG4 films premiering at Galway Film Fleadh showcase two inspiring voyages\"}]},{\"@type\":\"WebSite\",\"@id\":\"https:\/\/dev.tg4.ie\/en\/#website\",\"url\":\"https:\/\/dev.tg4.ie\/en\/\",\"name\":\"TG4\",\"description\":\"S\u00fail Eile\",\"potentialAction\":[{\"@type\":\"SearchAction\",\"target\":{\"@type\":\"EntryPoint\",\"urlTemplate\":\"https:\/\/dev.tg4.ie\/en\/?s={search_term_string}\"},\"query-input\":\"required name=search_term_string\"}],\"inLanguage\":\"en-ie\"}]}<\/script>\n<!-- \/ Yoast SEO plugin. -->","yoast_head_json":{"title":"TG4 films premiering at Galway Film Fleadh showcase two inspiring voyages - TG4","robots":{"index":"index","follow":"follow","max-snippet":"max-snippet:-1","max-image-preview":"max-image-preview:large","max-video-preview":"max-video-preview:-1"},"og_locale":"en_US","og_type":"article","og_title":"TG4 films premiering at Galway Film Fleadh showcase two inspiring voyages - TG4","og_description":"The Camino Voyage: For hundreds of years, people sailed from Ireland to a Coru\u00f1a in Northern Spain, and walked the Camino to Santiago de Compostela. This inspiring crew began their own version of this historical voyage in 2014. Pulling into coastal towns and villages en route, camping and cooking as they went, this eclectic crew [&hellip;]","og_url":"https:\/\/dev.tg4.ie\/en\/information\/press\/press-releases\/2018-2\/tg4-films-premiering-at-galway-film-fleadh-showcase-two-inspiring-voyages\/","og_site_name":"TG4","article_publisher":"https:\/\/www.facebook.com\/TG4TV","article_modified_time":"2019-07-01T10:43:01+00:00","og_image":[{"width":1920,"height":1080,"url":"https:\/\/tg4-docs.s3.amazonaws.com\/tg4-redesign-2015\/wp-content\/uploads\/2018\/07\/Camino_Lomax_Fleadh1.jpg","type":"image\/jpeg"}],"twitter_card":"summary_large_image","twitter_site":"@TG4TV","twitter_misc":{"Est. reading time":"2 minutes"},"schema":{"@context":"https:\/\/schema.org","@graph":[{"@type":"WebPage","@id":"https:\/\/dev.tg4.ie\/en\/information\/press\/press-releases\/2018-2\/tg4-films-premiering-at-galway-film-fleadh-showcase-two-inspiring-voyages\/","url":"https:\/\/dev.tg4.ie\/en\/information\/press\/press-releases\/2018-2\/tg4-films-premiering-at-galway-film-fleadh-showcase-two-inspiring-voyages\/","name":"TG4 films premiering at Galway Film Fleadh showcase two inspiring voyages - TG4","isPartOf":{"@id":"https:\/\/dev.tg4.ie\/en\/#website"},"primaryImageOfPage":{"@id":"https:\/\/dev.tg4.ie\/en\/information\/press\/press-releases\/2018-2\/tg4-films-premiering-at-galway-film-fleadh-showcase-two-inspiring-voyages\/#primaryimage"},"image":{"@id":"https:\/\/dev.tg4.ie\/en\/information\/press\/press-releases\/2018-2\/tg4-films-premiering-at-galway-film-fleadh-showcase-two-inspiring-voyages\/#primaryimage"},"thumbnailUrl":"https:\/\/tg4-docs.s3.amazonaws.com\/tg4-redesign-2015\/wp-content\/uploads\/2018\/07\/Camino_Lomax_Fleadh1.jpg","datePublished":"2018-07-11T10:14:32+00:00","dateModified":"2019-07-01T10:43:01+00:00","breadcrumb":{"@id":"https:\/\/dev.tg4.ie\/en\/information\/press\/press-releases\/2018-2\/tg4-films-premiering-at-galway-film-fleadh-showcase-two-inspiring-voyages\/#breadcrumb"},"inLanguage":"en-ie","potentialAction":[{"@type":"ReadAction","target":["https:\/\/dev.tg4.ie\/en\/information\/press\/press-releases\/2018-2\/tg4-films-premiering-at-galway-film-fleadh-showcase-two-inspiring-voyages\/"]}]},{"@type":"ImageObject","inLanguage":"en-ie","@id":"https:\/\/dev.tg4.ie\/en\/information\/press\/press-releases\/2018-2\/tg4-films-premiering-at-galway-film-fleadh-showcase-two-inspiring-voyages\/#primaryimage","url":"https:\/\/tg4-docs.s3.amazonaws.com\/tg4-redesign-2015\/wp-content\/uploads\/2018\/07\/Camino_Lomax_Fleadh1.jpg","contentUrl":"https:\/\/tg4-docs.s3.amazonaws.com\/tg4-redesign-2015\/wp-content\/uploads\/2018\/07\/Camino_Lomax_Fleadh1.jpg","width":1920,"height":1080,"caption":"Camino Lomax Fleadh1"},{"@type":"BreadcrumbList","@id":"https:\/\/dev.tg4.ie\/en\/information\/press\/press-releases\/2018-2\/tg4-films-premiering-at-galway-film-fleadh-showcase-two-inspiring-voyages\/#breadcrumb","itemListElement":[{"@type":"ListItem","position":1,"name":"Home","item":"https:\/\/dev.tg4.ie\/en\/"},{"@type":"ListItem","position":2,"name":"Information","item":"https:\/\/dev.tg4.ie\/en\/information\/"},{"@type":"ListItem","position":3,"name":"Press","item":"https:\/\/dev.tg4.ie\/en\/information\/press\/"},{"@type":"ListItem","position":4,"name":"Press Releases","item":"https:\/\/dev.tg4.ie\/en\/information\/press\/press-releases\/"},{"@type":"ListItem","position":5,"name":"2018","item":"https:\/\/dev.tg4.ie\/en\/information\/press\/press-releases\/2018-2\/"},{"@type":"ListItem","position":6,"name":"TG4 films premiering at Galway Film Fleadh showcase two inspiring voyages"}]},{"@type":"WebSite","@id":"https:\/\/dev.tg4.ie\/en\/#website","url":"https:\/\/dev.tg4.ie\/en\/","name":"TG4","description":"S\u00fail Eile","potentialAction":[{"@type":"SearchAction","target":{"@type":"EntryPoint","urlTemplate":"https:\/\/dev.tg4.ie\/en\/?s={search_term_string}"},"query-input":"required name=search_term_string"}],"inLanguage":"en-ie"}]}},"_links":{"self":[{"href":"https:\/\/dev.tg4.ie\/en\/wp-json\/wp\/v2\/pages\/90001"}],"collection":[{"href":"https:\/\/dev.tg4.ie\/en\/wp-json\/wp\/v2\/pages"}],"about":[{"href":"https:\/\/dev.tg4.ie\/en\/wp-json\/wp\/v2\/types\/page"}],"author":[{"embeddable":true,"href":"https:\/\/dev.tg4.ie\/en\/wp-json\/wp\/v2\/users\/876"}],"replies":[{"embeddable":true,"href":"https:\/\/dev.tg4.ie\/en\/wp-json\/wp\/v2\/comments?post=90001"}],"version-history":[{"count":0,"href":"https:\/\/dev.tg4.ie\/en\/wp-json\/wp\/v2\/pages\/90001\/revisions"}],"up":[{"embeddable":true,"href":"https:\/\/dev.tg4.ie\/en\/wp-json\/wp\/v2\/pages\/72851"}],"wp:featuredmedia":[{"embeddable":true,"href":"https:\/\/dev.tg4.ie\/en\/wp-json\/wp\/v2\/media\/90010"}],"wp:attachment":[{"href":"https:\/\/dev.tg4.ie\/en\/wp-json\/wp\/v2\/media?parent=90001"}],"curies":[{"name":"wp","href":"https:\/\/api.w.org\/{rel}","templated":true}]}}