{"id":90517,"date":"2018-07-23T14:28:40","date_gmt":"2018-07-23T13:28:40","guid":{"rendered":"https:\/\/dev.tg4.ie\/?page_id=90517"},"modified":"2019-07-01T11:45:23","modified_gmt":"2019-07-01T10:45:23","slug":"nearly-e1m-in-extra-funding-announced-for-tg4","status":"publish","type":"page","link":"https:\/\/dev.tg4.ie\/en\/information\/press\/press-releases\/2018-2\/nearly-e1m-in-extra-funding-announced-for-tg4\/","title":{"rendered":"Nearly \u20ac1m in extra funding announced for TG4"},"content":{"rendered":"<p>The announcement was made at the launch of TG4\u2019s Corporate Strategy in Galway today.<\/p>\n<p>According to the new strategy, national Irish language broadcaster TG4 is planning to help support 160 new jobs, promote growth and build audiences.<\/p>\n<p>Speaking at the event, TG4 Director General, Alan Esslemont said:<\/p>\n<p>\u201cWe are delighted with this announcement of extra funding from the Government which we believe is recognition of the good work being done by TG4.<\/p>\n<p>\u201cTG4 is a force for Irish language audio-visual innovation.\u00a0 Over 75% of Irish people believe TG4 has a positive influence on the language.\u00a0 We have 500,000 daily viewers, a 92% weekly reach with Irish language audiences and\u00a0 48% with national audiences , making us the 7th most watched channel in Ireland.<\/p>\n<p>\u201cTG4 sustains hundreds of jobs in the Irish independent production sector and demonstrates real commitment to nurturing Irish creativity &amp; talent.<\/p>\n<p>\u201cWe create jobs in regional areas and contribute positively to the Irish economy. In the decade to 2017 TG4 spent over \u20ac200m with the sector. In 2016 we contributed \u20ac62m to the national earnings supporting over 750 jobs. Every \u20ac1 invested by TG4 in the creative industries in Ireland is worth \u20ac2 to Ireland\u2019s economy.<\/p>\n<p>\u201cTG4 is now at a cross-roads, facing enormous challenges. As an indigenous language broadcaster in an English-speaking media market, we face competition from national and global media &amp; technology players with major content budgets.<\/p>\n<p>\u201cThis strategy will deliver a step change in TG4\u2019s performance. We intend to increase audience share by 2022 and move to 6th most watched channel in Ireland.<\/p>\n<p>\u201cOur strategy will address critical public policy objectives and deliver real benefits for the Irish economy, particularly in the regions &#8211; supporting over 930 jobs by 2022, thus contributing over \u20ac77m to national earnings annually. Overall, TG4\u2019s strategy will engage more people with the Irish language, helping to stabilise \u00a0and grow Irish language communities across Ireland.<\/p>\n<p>\u201cOur funding requirements are small relative to our target impact, as we seek restoration of pre-recessionary funding levels. This means an average increase in current funding of 5% per annum over the next five years and a modest increase in capital funding.<\/p>\n<p>\u201cTG4 will deliver on these commitments for 2018-2022 in partnership with other key stakeholders, through our twin pole audience strategy, delivered via our publisher\/broadcaster model\u201d.<\/p>\n","protected":false},"excerpt":{"rendered":"<p>The announcement was made at the launch of TG4\u2019s Corporate Strategy in Galway today. According to the new strategy, national Irish language broadcaster TG4 is planning to help support 160 new jobs, promote growth and build audiences. Speaking at the event, TG4 Director General, Alan Esslemont said: \u201cWe are delighted with this announcement of extra [&hellip;]<\/p>\n","protected":false},"author":876,"featured_media":90535,"parent":72851,"menu_order":32,"comment_status":"closed","ping_status":"closed","template":"page-templates\/template-pr.php","meta":{"_acf_changed":false,"footnotes":""},"acf":[],"yoast_head":"<!-- This site is optimized with the Yoast SEO plugin v22.6 - https:\/\/yoast.com\/wordpress\/plugins\/seo\/ -->\n<title>Nearly \u20ac1m in extra funding announced for TG4 - TG4<\/title>\n<meta name=\"robots\" content=\"index, follow, max-snippet:-1, max-image-preview:large, max-video-preview:-1\" \/>\n<meta property=\"og:locale\" content=\"en_US\" \/>\n<meta property=\"og:type\" content=\"article\" \/>\n<meta property=\"og:title\" content=\"Nearly \u20ac1m in extra funding announced for TG4 - TG4\" \/>\n<meta property=\"og:description\" content=\"The announcement was made at the launch of TG4\u2019s Corporate Strategy in Galway today. According to the new strategy, national Irish language broadcaster TG4 is planning to help support 160 new jobs, promote growth and build audiences. Speaking at the event, TG4 Director General, Alan Esslemont said: \u201cWe are delighted with this announcement of extra [&hellip;]\" \/>\n<meta property=\"og:url\" content=\"https:\/\/dev.tg4.ie\/en\/information\/press\/press-releases\/2018-2\/nearly-e1m-in-extra-funding-announced-for-tg4\/\" \/>\n<meta property=\"og:site_name\" content=\"TG4\" \/>\n<meta property=\"article:publisher\" content=\"https:\/\/www.facebook.com\/TG4TV\" \/>\n<meta property=\"article:modified_time\" content=\"2019-07-01T10:45:23+00:00\" \/>\n<meta property=\"og:image\" content=\"https:\/\/tg4-docs.s3.amazonaws.com\/tg4-redesign-2015\/wp-content\/uploads\/2018\/07\/Seoladh_Strait%C3%A9is_TG4_2018_11.jpg\" \/>\n\t<meta property=\"og:image:width\" content=\"1920\" \/>\n\t<meta property=\"og:image:height\" content=\"1080\" \/>\n\t<meta property=\"og:image:type\" content=\"image\/jpeg\" \/>\n<meta name=\"twitter:card\" content=\"summary_large_image\" \/>\n<meta name=\"twitter:site\" content=\"@TG4TV\" \/>\n<meta name=\"twitter:label1\" content=\"Est. reading time\" \/>\n\t<meta name=\"twitter:data1\" content=\"2 minutes\" \/>\n<script type=\"application\/ld+json\" class=\"yoast-schema-graph\">{\"@context\":\"https:\/\/schema.org\",\"@graph\":[{\"@type\":\"WebPage\",\"@id\":\"https:\/\/dev.tg4.ie\/en\/information\/press\/press-releases\/2018-2\/nearly-e1m-in-extra-funding-announced-for-tg4\/\",\"url\":\"https:\/\/dev.tg4.ie\/en\/information\/press\/press-releases\/2018-2\/nearly-e1m-in-extra-funding-announced-for-tg4\/\",\"name\":\"Nearly \u20ac1m in extra funding announced for TG4 - TG4\",\"isPartOf\":{\"@id\":\"https:\/\/dev.tg4.ie\/en\/#website\"},\"primaryImageOfPage\":{\"@id\":\"https:\/\/dev.tg4.ie\/en\/information\/press\/press-releases\/2018-2\/nearly-e1m-in-extra-funding-announced-for-tg4\/#primaryimage\"},\"image\":{\"@id\":\"https:\/\/dev.tg4.ie\/en\/information\/press\/press-releases\/2018-2\/nearly-e1m-in-extra-funding-announced-for-tg4\/#primaryimage\"},\"thumbnailUrl\":\"https:\/\/tg4-docs.s3.amazonaws.com\/tg4-redesign-2015\/wp-content\/uploads\/2018\/07\/Seoladh_Strait%C3%A9is_TG4_2018_11.jpg\",\"datePublished\":\"2018-07-23T13:28:40+00:00\",\"dateModified\":\"2019-07-01T10:45:23+00:00\",\"breadcrumb\":{\"@id\":\"https:\/\/dev.tg4.ie\/en\/information\/press\/press-releases\/2018-2\/nearly-e1m-in-extra-funding-announced-for-tg4\/#breadcrumb\"},\"inLanguage\":\"en-ie\",\"potentialAction\":[{\"@type\":\"ReadAction\",\"target\":[\"https:\/\/dev.tg4.ie\/en\/information\/press\/press-releases\/2018-2\/nearly-e1m-in-extra-funding-announced-for-tg4\/\"]}]},{\"@type\":\"ImageObject\",\"inLanguage\":\"en-ie\",\"@id\":\"https:\/\/dev.tg4.ie\/en\/information\/press\/press-releases\/2018-2\/nearly-e1m-in-extra-funding-announced-for-tg4\/#primaryimage\",\"url\":\"https:\/\/tg4-docs.s3.amazonaws.com\/tg4-redesign-2015\/wp-content\/uploads\/2018\/07\/Seoladh_Strait%C3%A9is_TG4_2018_11.jpg\",\"contentUrl\":\"https:\/\/tg4-docs.s3.amazonaws.com\/tg4-redesign-2015\/wp-content\/uploads\/2018\/07\/Seoladh_Strait%C3%A9is_TG4_2018_11.jpg\",\"width\":1920,\"height\":1080,\"caption\":\"Alan Esslemont-Ard-Sti\u00farth\u00f3ir TG4, An tAire Sean Kyne & Fiona N\u00ed Fhlaithearta- TG4\"},{\"@type\":\"BreadcrumbList\",\"@id\":\"https:\/\/dev.tg4.ie\/en\/information\/press\/press-releases\/2018-2\/nearly-e1m-in-extra-funding-announced-for-tg4\/#breadcrumb\",\"itemListElement\":[{\"@type\":\"ListItem\",\"position\":1,\"name\":\"Home\",\"item\":\"https:\/\/dev.tg4.ie\/en\/\"},{\"@type\":\"ListItem\",\"position\":2,\"name\":\"Information\",\"item\":\"https:\/\/dev.tg4.ie\/en\/information\/\"},{\"@type\":\"ListItem\",\"position\":3,\"name\":\"Press\",\"item\":\"https:\/\/dev.tg4.ie\/en\/information\/press\/\"},{\"@type\":\"ListItem\",\"position\":4,\"name\":\"Press Releases\",\"item\":\"https:\/\/dev.tg4.ie\/en\/information\/press\/press-releases\/\"},{\"@type\":\"ListItem\",\"position\":5,\"name\":\"2018\",\"item\":\"https:\/\/dev.tg4.ie\/en\/information\/press\/press-releases\/2018-2\/\"},{\"@type\":\"ListItem\",\"position\":6,\"name\":\"Nearly \u20ac1m in extra funding announced for TG4\"}]},{\"@type\":\"WebSite\",\"@id\":\"https:\/\/dev.tg4.ie\/en\/#website\",\"url\":\"https:\/\/dev.tg4.ie\/en\/\",\"name\":\"TG4\",\"description\":\"S\u00fail Eile\",\"potentialAction\":[{\"@type\":\"SearchAction\",\"target\":{\"@type\":\"EntryPoint\",\"urlTemplate\":\"https:\/\/dev.tg4.ie\/en\/?s={search_term_string}\"},\"query-input\":\"required name=search_term_string\"}],\"inLanguage\":\"en-ie\"}]}<\/script>\n<!-- \/ Yoast SEO plugin. -->","yoast_head_json":{"title":"Nearly \u20ac1m in extra funding announced for TG4 - TG4","robots":{"index":"index","follow":"follow","max-snippet":"max-snippet:-1","max-image-preview":"max-image-preview:large","max-video-preview":"max-video-preview:-1"},"og_locale":"en_US","og_type":"article","og_title":"Nearly \u20ac1m in extra funding announced for TG4 - TG4","og_description":"The announcement was made at the launch of TG4\u2019s Corporate Strategy in Galway today. According to the new strategy, national Irish language broadcaster TG4 is planning to help support 160 new jobs, promote growth and build audiences. Speaking at the event, TG4 Director General, Alan Esslemont said: \u201cWe are delighted with this announcement of extra [&hellip;]","og_url":"https:\/\/dev.tg4.ie\/en\/information\/press\/press-releases\/2018-2\/nearly-e1m-in-extra-funding-announced-for-tg4\/","og_site_name":"TG4","article_publisher":"https:\/\/www.facebook.com\/TG4TV","article_modified_time":"2019-07-01T10:45:23+00:00","og_image":[{"width":1920,"height":1080,"url":"https:\/\/tg4-docs.s3.amazonaws.com\/tg4-redesign-2015\/wp-content\/uploads\/2018\/07\/Seoladh_Strait%C3%A9is_TG4_2018_11.jpg","type":"image\/jpeg"}],"twitter_card":"summary_large_image","twitter_site":"@TG4TV","twitter_misc":{"Est. reading time":"2 minutes"},"schema":{"@context":"https:\/\/schema.org","@graph":[{"@type":"WebPage","@id":"https:\/\/dev.tg4.ie\/en\/information\/press\/press-releases\/2018-2\/nearly-e1m-in-extra-funding-announced-for-tg4\/","url":"https:\/\/dev.tg4.ie\/en\/information\/press\/press-releases\/2018-2\/nearly-e1m-in-extra-funding-announced-for-tg4\/","name":"Nearly \u20ac1m in extra funding announced for TG4 - TG4","isPartOf":{"@id":"https:\/\/dev.tg4.ie\/en\/#website"},"primaryImageOfPage":{"@id":"https:\/\/dev.tg4.ie\/en\/information\/press\/press-releases\/2018-2\/nearly-e1m-in-extra-funding-announced-for-tg4\/#primaryimage"},"image":{"@id":"https:\/\/dev.tg4.ie\/en\/information\/press\/press-releases\/2018-2\/nearly-e1m-in-extra-funding-announced-for-tg4\/#primaryimage"},"thumbnailUrl":"https:\/\/tg4-docs.s3.amazonaws.com\/tg4-redesign-2015\/wp-content\/uploads\/2018\/07\/Seoladh_Strait%C3%A9is_TG4_2018_11.jpg","datePublished":"2018-07-23T13:28:40+00:00","dateModified":"2019-07-01T10:45:23+00:00","breadcrumb":{"@id":"https:\/\/dev.tg4.ie\/en\/information\/press\/press-releases\/2018-2\/nearly-e1m-in-extra-funding-announced-for-tg4\/#breadcrumb"},"inLanguage":"en-ie","potentialAction":[{"@type":"ReadAction","target":["https:\/\/dev.tg4.ie\/en\/information\/press\/press-releases\/2018-2\/nearly-e1m-in-extra-funding-announced-for-tg4\/"]}]},{"@type":"ImageObject","inLanguage":"en-ie","@id":"https:\/\/dev.tg4.ie\/en\/information\/press\/press-releases\/2018-2\/nearly-e1m-in-extra-funding-announced-for-tg4\/#primaryimage","url":"https:\/\/tg4-docs.s3.amazonaws.com\/tg4-redesign-2015\/wp-content\/uploads\/2018\/07\/Seoladh_Strait%C3%A9is_TG4_2018_11.jpg","contentUrl":"https:\/\/tg4-docs.s3.amazonaws.com\/tg4-redesign-2015\/wp-content\/uploads\/2018\/07\/Seoladh_Strait%C3%A9is_TG4_2018_11.jpg","width":1920,"height":1080,"caption":"Alan Esslemont-Ard-Sti\u00farth\u00f3ir TG4, An tAire Sean Kyne & Fiona N\u00ed Fhlaithearta- TG4"},{"@type":"BreadcrumbList","@id":"https:\/\/dev.tg4.ie\/en\/information\/press\/press-releases\/2018-2\/nearly-e1m-in-extra-funding-announced-for-tg4\/#breadcrumb","itemListElement":[{"@type":"ListItem","position":1,"name":"Home","item":"https:\/\/dev.tg4.ie\/en\/"},{"@type":"ListItem","position":2,"name":"Information","item":"https:\/\/dev.tg4.ie\/en\/information\/"},{"@type":"ListItem","position":3,"name":"Press","item":"https:\/\/dev.tg4.ie\/en\/information\/press\/"},{"@type":"ListItem","position":4,"name":"Press Releases","item":"https:\/\/dev.tg4.ie\/en\/information\/press\/press-releases\/"},{"@type":"ListItem","position":5,"name":"2018","item":"https:\/\/dev.tg4.ie\/en\/information\/press\/press-releases\/2018-2\/"},{"@type":"ListItem","position":6,"name":"Nearly \u20ac1m in extra funding announced for TG4"}]},{"@type":"WebSite","@id":"https:\/\/dev.tg4.ie\/en\/#website","url":"https:\/\/dev.tg4.ie\/en\/","name":"TG4","description":"S\u00fail Eile","potentialAction":[{"@type":"SearchAction","target":{"@type":"EntryPoint","urlTemplate":"https:\/\/dev.tg4.ie\/en\/?s={search_term_string}"},"query-input":"required name=search_term_string"}],"inLanguage":"en-ie"}]}},"_links":{"self":[{"href":"https:\/\/dev.tg4.ie\/en\/wp-json\/wp\/v2\/pages\/90517"}],"collection":[{"href":"https:\/\/dev.tg4.ie\/en\/wp-json\/wp\/v2\/pages"}],"about":[{"href":"https:\/\/dev.tg4.ie\/en\/wp-json\/wp\/v2\/types\/page"}],"author":[{"embeddable":true,"href":"https:\/\/dev.tg4.ie\/en\/wp-json\/wp\/v2\/users\/876"}],"replies":[{"embeddable":true,"href":"https:\/\/dev.tg4.ie\/en\/wp-json\/wp\/v2\/comments?post=90517"}],"version-history":[{"count":0,"href":"https:\/\/dev.tg4.ie\/en\/wp-json\/wp\/v2\/pages\/90517\/revisions"}],"up":[{"embeddable":true,"href":"https:\/\/dev.tg4.ie\/en\/wp-json\/wp\/v2\/pages\/72851"}],"wp:featuredmedia":[{"embeddable":true,"href":"https:\/\/dev.tg4.ie\/en\/wp-json\/wp\/v2\/media\/90535"}],"wp:attachment":[{"href":"https:\/\/dev.tg4.ie\/en\/wp-json\/wp\/v2\/media?parent=90517"}],"curies":[{"name":"wp","href":"https:\/\/api.w.org\/{rel}","templated":true}]}}