{"id":90989,"date":"2018-08-01T16:55:01","date_gmt":"2018-08-01T15:55:01","guid":{"rendered":"https:\/\/dev.tg4.ie\/?page_id=90989"},"modified":"2020-04-21T22:02:43","modified_gmt":"2020-04-21T21:02:43","slug":"tg4-to-televise-world-para-swimming-allianz-european-championships","status":"publish","type":"page","link":"https:\/\/dev.tg4.ie\/en\/information\/press\/press-releases\/2018-2\/tg4-to-televise-world-para-swimming-allianz-european-championships\/","title":{"rendered":"TG4 to Televise World Para Swimming Allianz European Championships"},"content":{"rendered":"<p>TG4 will televise the Heats on all 7 days as the 8 person Irish team hope to secure their progress through to the evening\u2019s finals, TG4 will also stream the finals sessions live on the TG4 player.<\/p>\n<p>Speaking about the announcement of TG4\u2019s coverage of Dublin 2018, LOC Chairperson, Miriam Malone, said <em>\u2018We are delighted that TG4 will show live coverage of Dublin 2018 that will be readily available and accessible for potential viewers throughout the country. This is an historic event for our country as Ireland hosts it\u2019s first ever major international para sporting event. The 400 swimmers that will compete can truly inspire young Irish sports people to follow their sporting dreams and, thanks to TG4, they will be able to see that action from their own living rooms. I would like to thank Alan Esslemont and R\u00f3n\u00e1n \u00d3 Coisdealbha along with our colleagues in World Para Swimming for their enthusiasm in making this possible.\u2019<\/em><\/p>\n<p>TG4 Head of Sports, R\u00f3n\u00e1n \u00d3 Coisdealbha, says; <em>\u201cWe are delighted to be broadcasting the World Para Swimming Allianz European Championships live on TG4. Our \u2018S\u00fail Eile\u2019, or alternative view, has always brought exciting events and alternative programmes to Irish audiences and this new partnership will ensure that people across the globe will have access to this feast of swimming excellence. We are looking forward to showcasing the top class sporting prowess of these elite athletes and of course we are all hoping that the Irish team can bring home a few medals at the end of the day\u201d.<\/em><\/p>\n<p>Patrick Flanagan, Ellen Keane, Ailbhe Kelly, Barry McClements, Jonathan McGrath, Sean O\u2019Riordan, James Scully and Nicole Turner will be the 8 person Irish team that are set to go for gold. The team will find out their full programme for the championships next week.<\/p>\n<p>Tickets for the World Para Swimming Allianz European Championships are available to purchase now at\u00a0www.paralympics.ie .\u00a0Morning session tickets will cost \u20ac5 for adults, \u20ac3 for Under 16\u2019s, Family tickets (2 adults and 2 children) are \u20ac10 and Group tickets (2 adults and 8 children) are available at \u20ac25. Evening session tickets will cost \u20ac10 for adults, \u20ac3 for Under 16\u2019s and Family Tickets are \u20ac20.<\/p>\n<p>The World Para Swimming Allianz European Championships are supported by Paralympics Ireland, Sport Ireland, Swim Ireland and F\u00e1ilte Ireland.<\/p>\n","protected":false},"excerpt":{"rendered":"<p>TG4 will televise the Heats on all 7 days as the 8 person Irish team hope to secure their progress through to the evening\u2019s finals, TG4 will also stream the finals sessions live on the TG4 player. Speaking about the announcement of TG4\u2019s coverage of Dublin 2018, LOC Chairperson, Miriam Malone, said \u2018We are delighted [&hellip;]<\/p>\n","protected":false},"author":876,"featured_media":90990,"parent":72851,"menu_order":33,"comment_status":"closed","ping_status":"closed","template":"page-templates\/template-pr.php","meta":{"_acf_changed":false,"footnotes":""},"acf":[],"yoast_head":"<!-- This site is optimized with the Yoast SEO plugin v22.6 - https:\/\/yoast.com\/wordpress\/plugins\/seo\/ -->\n<title>TG4 to Televise World Para Swimming Allianz European Championships - TG4<\/title>\n<meta name=\"robots\" content=\"index, follow, max-snippet:-1, max-image-preview:large, max-video-preview:-1\" \/>\n<meta property=\"og:locale\" content=\"en_US\" \/>\n<meta property=\"og:type\" content=\"article\" \/>\n<meta property=\"og:title\" content=\"TG4 to Televise World Para Swimming Allianz European Championships - TG4\" \/>\n<meta property=\"og:description\" content=\"TG4 will televise the Heats on all 7 days as the 8 person Irish team hope to secure their progress through to the evening\u2019s finals, TG4 will also stream the finals sessions live on the TG4 player. Speaking about the announcement of TG4\u2019s coverage of Dublin 2018, LOC Chairperson, Miriam Malone, said \u2018We are delighted [&hellip;]\" \/>\n<meta property=\"og:url\" content=\"https:\/\/dev.tg4.ie\/en\/information\/press\/press-releases\/2018-2\/tg4-to-televise-world-para-swimming-allianz-european-championships\/\" \/>\n<meta property=\"og:site_name\" content=\"TG4\" \/>\n<meta property=\"article:publisher\" content=\"https:\/\/www.facebook.com\/TG4TV\" \/>\n<meta property=\"article:modified_time\" content=\"2020-04-21T21:02:43+00:00\" \/>\n<meta property=\"og:image\" content=\"https:\/\/tg4-docs.s3.amazonaws.com\/tg4-redesign-2015\/wp-content\/uploads\/2018\/08\/Para_Swimming_h2.jpg\" \/>\n\t<meta property=\"og:image:width\" content=\"1920\" \/>\n\t<meta property=\"og:image:height\" content=\"1080\" \/>\n\t<meta property=\"og:image:type\" content=\"image\/jpeg\" \/>\n<meta name=\"twitter:card\" content=\"summary_large_image\" \/>\n<meta name=\"twitter:site\" content=\"@TG4TV\" \/>\n<meta name=\"twitter:label1\" content=\"Est. reading time\" \/>\n\t<meta name=\"twitter:data1\" content=\"2 minutes\" \/>\n<script type=\"application\/ld+json\" class=\"yoast-schema-graph\">{\"@context\":\"https:\/\/schema.org\",\"@graph\":[{\"@type\":\"WebPage\",\"@id\":\"https:\/\/dev.tg4.ie\/en\/information\/press\/press-releases\/2018-2\/tg4-to-televise-world-para-swimming-allianz-european-championships\/\",\"url\":\"https:\/\/dev.tg4.ie\/en\/information\/press\/press-releases\/2018-2\/tg4-to-televise-world-para-swimming-allianz-european-championships\/\",\"name\":\"TG4 to Televise World Para Swimming Allianz European Championships - TG4\",\"isPartOf\":{\"@id\":\"https:\/\/dev.tg4.ie\/en\/#website\"},\"primaryImageOfPage\":{\"@id\":\"https:\/\/dev.tg4.ie\/en\/information\/press\/press-releases\/2018-2\/tg4-to-televise-world-para-swimming-allianz-european-championships\/#primaryimage\"},\"image\":{\"@id\":\"https:\/\/dev.tg4.ie\/en\/information\/press\/press-releases\/2018-2\/tg4-to-televise-world-para-swimming-allianz-european-championships\/#primaryimage\"},\"thumbnailUrl\":\"https:\/\/tg4-docs.s3.amazonaws.com\/tg4-redesign-2015\/wp-content\/uploads\/2018\/08\/Para_Swimming_h2.jpg\",\"datePublished\":\"2018-08-01T15:55:01+00:00\",\"dateModified\":\"2020-04-21T21:02:43+00:00\",\"breadcrumb\":{\"@id\":\"https:\/\/dev.tg4.ie\/en\/information\/press\/press-releases\/2018-2\/tg4-to-televise-world-para-swimming-allianz-european-championships\/#breadcrumb\"},\"inLanguage\":\"en-ie\",\"potentialAction\":[{\"@type\":\"ReadAction\",\"target\":[\"https:\/\/dev.tg4.ie\/en\/information\/press\/press-releases\/2018-2\/tg4-to-televise-world-para-swimming-allianz-european-championships\/\"]}]},{\"@type\":\"ImageObject\",\"inLanguage\":\"en-ie\",\"@id\":\"https:\/\/dev.tg4.ie\/en\/information\/press\/press-releases\/2018-2\/tg4-to-televise-world-para-swimming-allianz-european-championships\/#primaryimage\",\"url\":\"https:\/\/tg4-docs.s3.amazonaws.com\/tg4-redesign-2015\/wp-content\/uploads\/2018\/08\/Para_Swimming_h2.jpg\",\"contentUrl\":\"https:\/\/tg4-docs.s3.amazonaws.com\/tg4-redesign-2015\/wp-content\/uploads\/2018\/08\/Para_Swimming_h2.jpg\",\"width\":1920,\"height\":1080},{\"@type\":\"BreadcrumbList\",\"@id\":\"https:\/\/dev.tg4.ie\/en\/information\/press\/press-releases\/2018-2\/tg4-to-televise-world-para-swimming-allianz-european-championships\/#breadcrumb\",\"itemListElement\":[{\"@type\":\"ListItem\",\"position\":1,\"name\":\"Home\",\"item\":\"https:\/\/dev.tg4.ie\/en\/\"},{\"@type\":\"ListItem\",\"position\":2,\"name\":\"Information\",\"item\":\"https:\/\/dev.tg4.ie\/en\/information\/\"},{\"@type\":\"ListItem\",\"position\":3,\"name\":\"Press\",\"item\":\"https:\/\/dev.tg4.ie\/en\/information\/press\/\"},{\"@type\":\"ListItem\",\"position\":4,\"name\":\"Press Releases\",\"item\":\"https:\/\/dev.tg4.ie\/en\/information\/press\/press-releases\/\"},{\"@type\":\"ListItem\",\"position\":5,\"name\":\"2018\",\"item\":\"https:\/\/dev.tg4.ie\/en\/information\/press\/press-releases\/2018-2\/\"},{\"@type\":\"ListItem\",\"position\":6,\"name\":\"TG4 to Televise World Para Swimming Allianz European Championships\"}]},{\"@type\":\"WebSite\",\"@id\":\"https:\/\/dev.tg4.ie\/en\/#website\",\"url\":\"https:\/\/dev.tg4.ie\/en\/\",\"name\":\"TG4\",\"description\":\"S\u00fail Eile\",\"potentialAction\":[{\"@type\":\"SearchAction\",\"target\":{\"@type\":\"EntryPoint\",\"urlTemplate\":\"https:\/\/dev.tg4.ie\/en\/?s={search_term_string}\"},\"query-input\":\"required name=search_term_string\"}],\"inLanguage\":\"en-ie\"}]}<\/script>\n<!-- \/ Yoast SEO plugin. -->","yoast_head_json":{"title":"TG4 to Televise World Para Swimming Allianz European Championships - TG4","robots":{"index":"index","follow":"follow","max-snippet":"max-snippet:-1","max-image-preview":"max-image-preview:large","max-video-preview":"max-video-preview:-1"},"og_locale":"en_US","og_type":"article","og_title":"TG4 to Televise World Para Swimming Allianz European Championships - TG4","og_description":"TG4 will televise the Heats on all 7 days as the 8 person Irish team hope to secure their progress through to the evening\u2019s finals, TG4 will also stream the finals sessions live on the TG4 player. Speaking about the announcement of TG4\u2019s coverage of Dublin 2018, LOC Chairperson, Miriam Malone, said \u2018We are delighted [&hellip;]","og_url":"https:\/\/dev.tg4.ie\/en\/information\/press\/press-releases\/2018-2\/tg4-to-televise-world-para-swimming-allianz-european-championships\/","og_site_name":"TG4","article_publisher":"https:\/\/www.facebook.com\/TG4TV","article_modified_time":"2020-04-21T21:02:43+00:00","og_image":[{"width":1920,"height":1080,"url":"https:\/\/tg4-docs.s3.amazonaws.com\/tg4-redesign-2015\/wp-content\/uploads\/2018\/08\/Para_Swimming_h2.jpg","type":"image\/jpeg"}],"twitter_card":"summary_large_image","twitter_site":"@TG4TV","twitter_misc":{"Est. reading time":"2 minutes"},"schema":{"@context":"https:\/\/schema.org","@graph":[{"@type":"WebPage","@id":"https:\/\/dev.tg4.ie\/en\/information\/press\/press-releases\/2018-2\/tg4-to-televise-world-para-swimming-allianz-european-championships\/","url":"https:\/\/dev.tg4.ie\/en\/information\/press\/press-releases\/2018-2\/tg4-to-televise-world-para-swimming-allianz-european-championships\/","name":"TG4 to Televise World Para Swimming Allianz European Championships - TG4","isPartOf":{"@id":"https:\/\/dev.tg4.ie\/en\/#website"},"primaryImageOfPage":{"@id":"https:\/\/dev.tg4.ie\/en\/information\/press\/press-releases\/2018-2\/tg4-to-televise-world-para-swimming-allianz-european-championships\/#primaryimage"},"image":{"@id":"https:\/\/dev.tg4.ie\/en\/information\/press\/press-releases\/2018-2\/tg4-to-televise-world-para-swimming-allianz-european-championships\/#primaryimage"},"thumbnailUrl":"https:\/\/tg4-docs.s3.amazonaws.com\/tg4-redesign-2015\/wp-content\/uploads\/2018\/08\/Para_Swimming_h2.jpg","datePublished":"2018-08-01T15:55:01+00:00","dateModified":"2020-04-21T21:02:43+00:00","breadcrumb":{"@id":"https:\/\/dev.tg4.ie\/en\/information\/press\/press-releases\/2018-2\/tg4-to-televise-world-para-swimming-allianz-european-championships\/#breadcrumb"},"inLanguage":"en-ie","potentialAction":[{"@type":"ReadAction","target":["https:\/\/dev.tg4.ie\/en\/information\/press\/press-releases\/2018-2\/tg4-to-televise-world-para-swimming-allianz-european-championships\/"]}]},{"@type":"ImageObject","inLanguage":"en-ie","@id":"https:\/\/dev.tg4.ie\/en\/information\/press\/press-releases\/2018-2\/tg4-to-televise-world-para-swimming-allianz-european-championships\/#primaryimage","url":"https:\/\/tg4-docs.s3.amazonaws.com\/tg4-redesign-2015\/wp-content\/uploads\/2018\/08\/Para_Swimming_h2.jpg","contentUrl":"https:\/\/tg4-docs.s3.amazonaws.com\/tg4-redesign-2015\/wp-content\/uploads\/2018\/08\/Para_Swimming_h2.jpg","width":1920,"height":1080},{"@type":"BreadcrumbList","@id":"https:\/\/dev.tg4.ie\/en\/information\/press\/press-releases\/2018-2\/tg4-to-televise-world-para-swimming-allianz-european-championships\/#breadcrumb","itemListElement":[{"@type":"ListItem","position":1,"name":"Home","item":"https:\/\/dev.tg4.ie\/en\/"},{"@type":"ListItem","position":2,"name":"Information","item":"https:\/\/dev.tg4.ie\/en\/information\/"},{"@type":"ListItem","position":3,"name":"Press","item":"https:\/\/dev.tg4.ie\/en\/information\/press\/"},{"@type":"ListItem","position":4,"name":"Press Releases","item":"https:\/\/dev.tg4.ie\/en\/information\/press\/press-releases\/"},{"@type":"ListItem","position":5,"name":"2018","item":"https:\/\/dev.tg4.ie\/en\/information\/press\/press-releases\/2018-2\/"},{"@type":"ListItem","position":6,"name":"TG4 to Televise World Para Swimming Allianz European Championships"}]},{"@type":"WebSite","@id":"https:\/\/dev.tg4.ie\/en\/#website","url":"https:\/\/dev.tg4.ie\/en\/","name":"TG4","description":"S\u00fail Eile","potentialAction":[{"@type":"SearchAction","target":{"@type":"EntryPoint","urlTemplate":"https:\/\/dev.tg4.ie\/en\/?s={search_term_string}"},"query-input":"required name=search_term_string"}],"inLanguage":"en-ie"}]}},"_links":{"self":[{"href":"https:\/\/dev.tg4.ie\/en\/wp-json\/wp\/v2\/pages\/90989"}],"collection":[{"href":"https:\/\/dev.tg4.ie\/en\/wp-json\/wp\/v2\/pages"}],"about":[{"href":"https:\/\/dev.tg4.ie\/en\/wp-json\/wp\/v2\/types\/page"}],"author":[{"embeddable":true,"href":"https:\/\/dev.tg4.ie\/en\/wp-json\/wp\/v2\/users\/876"}],"replies":[{"embeddable":true,"href":"https:\/\/dev.tg4.ie\/en\/wp-json\/wp\/v2\/comments?post=90989"}],"version-history":[{"count":0,"href":"https:\/\/dev.tg4.ie\/en\/wp-json\/wp\/v2\/pages\/90989\/revisions"}],"up":[{"embeddable":true,"href":"https:\/\/dev.tg4.ie\/en\/wp-json\/wp\/v2\/pages\/72851"}],"wp:featuredmedia":[{"embeddable":true,"href":"https:\/\/dev.tg4.ie\/en\/wp-json\/wp\/v2\/media\/90990"}],"wp:attachment":[{"href":"https:\/\/dev.tg4.ie\/en\/wp-json\/wp\/v2\/media?parent=90989"}],"curies":[{"name":"wp","href":"https:\/\/api.w.org\/{rel}","templated":true}]}}