{"id":91408,"date":"2018-08-13T11:34:10","date_gmt":"2018-08-13T10:34:10","guid":{"rendered":"https:\/\/dev.tg4.ie\/?page_id=91408"},"modified":"2019-07-01T11:52:54","modified_gmt":"2019-07-01T10:52:54","slug":"fleadhtv-live-on-tg4","status":"publish","type":"page","link":"https:\/\/dev.tg4.ie\/en\/information\/press\/press-releases\/2018-2\/fleadhtv-live-on-tg4\/","title":{"rendered":"FleadhTV Live on TG4"},"content":{"rendered":"<p>Produced by the <strong>double IFTA Award-<\/strong>winning team at <strong>Gifted Empire Productions<\/strong>, FleadhTV is going from strength to strength this summer. The shows from the four provinces of Ireland, the <strong>Connacht, Leinster, Munster &amp; Ulster Fleadh\u2019s <\/strong>have been <strong>topping the TG4 ratings in the month of July 2018<\/strong>. Now it\u2019s time to get to the All-Ireland\u00a0 A programme coming from the monster of an event that is <strong>Fleadh Cheoil na h\u00c9ireann<\/strong> has now become one of <strong>TG4\u2019s flagship programmes of the year<\/strong>. <strong>FleadhTV<\/strong> first appeared on TV screens in 2013 with Fleadh Cheoil taking place in the North of Ireland, for the first time, in Derry (then titled Fleadh Live), in 2017 the series was <strong>watched by over 700,000<\/strong> over the weekend of live shows.\u00a0 However FleadhTV isn\u2019t just a music TV show, it\u2019s one of the leading lights of <strong>multiscreen viewing<\/strong> with their social channels exploding with content. On Fleadh week last year, <strong>1 million video views<\/strong> were logged on FleadhTV\u2019s own social networks.\u00a0 In July 2018\u00a0 alone their social channels had video views of over 500,000, the appetite is there, this is a very social Fleadh!<\/p>\n<p>The <strong>FleadhTV shows in August<\/strong> there is an extra show so it\u2019s now running from <strong>Thursday 16<sup>th<\/sup> August to Sunday 19<sup>th<\/sup> August inclusive from 8.30pm to 11.30pm<\/strong> each night.\u00a0 <strong>Fleadh Cheoil 2018<\/strong> will be taking place on the East Coast of Ireland in <strong>Drogheda<\/strong>. Acts confirmed to appear on the shows include <strong>Zoe Conway, Finnegan McSherry, Duke Special &amp; Ulaid, Rioghnach Connolly, Declan O\u2019Rourke, Karen Casey, M\u00edche\u00e1l \u00d3 S\u00failleabh\u00e1in, K\u00edla, The Evertides <\/strong>and <strong>Frankie Gavin\u2019s Roaring 20s Irish Orchestra.<\/strong><\/p>\n<p><strong>Hector \u00d3 hEochag\u00e1in<\/strong> returns this year and joining him in her debut on FleadhTV is renowned <strong>musician and Gaeilgeoir Doireann Ni Ghlac\u00e1in.<\/strong> New to the presenting team also is well known <strong>RT\u00c9 Radio 1 presenter<\/strong> and lead vocalist from <strong>The Evertides<\/strong> <strong>Ruth Smith<\/strong>.<\/p>\n<p>So there you have it, summer is sorted with a musical journey \u201cceol agus caint\u201d from the four corners of Ireland will descend on Drogheda for FleadhTV this August 16-19th. When you\u2019ve come in from the sun, what better way to round off the day with tunes and a whole lot more, this is no ordinary music and online TV show, this is FleadhTV.<\/p>\n<p><strong>Twitter <a href=\"https:\/\/twitter.com\/FleadhTV\" target=\"_blank\" rel=\"noopener noreferrer\"><span>@FleadhTV<\/span><\/a> \/\/ Facebook <a href=\"https:\/\/www.facebook.com\/fleadhtv\/\" target=\"_blank\" rel=\"noopener noreferrer\"><span>facebook.com\/FleadhTV<\/span><\/a> \/\/ Instagram <a href=\"https:\/\/www.instagram.com\/fleadhtv\/\" target=\"_blank\" rel=\"noopener noreferrer\"><span>FleadhTV<\/span><\/a><\/strong><\/p>\n<p><strong>Gifted Empire Productions<\/strong> produce FleadhTV for TG4. Gifted Empire Productions are a Derry based TV Production company that has won two IFTA Awards for their shows.\u00a0 In 2015 they took home the <strong>IFTA for Best Life Event for FleadhTV<\/strong> and in 2018 they won again in <strong>Best Live Event for TG4XX Beo<\/strong>, the 20<sup>th<\/sup> anniversary celebrations of TG4 from NUIG.\u00a0 Paul McKay is Executive Producer and Director. Gifted Empire Productions will produce a <strong>brand new TV show<\/strong> from Derry on <strong>October 31st, 2018.\u00a0 Samhain Live<\/strong> will celebrate the city\u2019s spectacular Halloween celebrations for the first time on live TV.\u00a0 <strong>Samhain Live will be jointly broadcast by BBC Northern Ireland and TG4<\/strong>.\u00a0 The show will feature some of the very best of Irish contemporary musicians and bands.<\/p>\n<p><strong><u>FleadhTV 2018 Main Show Presenter bios<\/u><\/strong><\/p>\n<p><strong>Hector&#8217;s<\/strong> home for 16 years has been TG4, where he has recently returned from the jungles of Central America with his latest TV hit &#8220;Hector Central. \u00a0He is in full development of a number of projects &amp; a brand new travel adventure on TG4 for 2018.<\/p>\n<p>Hector has been entertaining the country on radio over the last few years, first with his hugely popular weekend show with Tommy Tiernan, then he continued to \u201ckeep er lit\u201d on acclaimed breakfast show on 2fm &amp; now has resumed radio duties with his brand new \u201cSunday Sitting room\u201d on Today FM.<\/p>\n<p>Hector has won multiple\u00a0IFTA\u00a0awards with his shows have spanned 15 years on our screens.\u00a0 He is unique in creating &amp; writing the majority of his television ideas, from the Horse Racing hit \u201cOnly Fools Buy Horses\u201d to \u201cHanging with Hector\u201d and on to the series where he immersed himself in sub cultures all over the country \u201cHector Goes\u201d, which aired on Primetime\u00a0RTE\u00a01 in 2013 &amp; 2014.<\/p>\n<p style=\"text-align: center;\"><strong>-0-<\/strong><\/p>\n<p><strong>Doireann N\u00ed Ghlac\u00e1in<\/strong>, hails from Dublin and is currently undergoing a PHD in Irish in NUIG.\u00a0 Her thesis is based on the sean n\u00f3s songs of the Muskerry Gaeltacht, many of which were reintroduced into the modern tradition by her maternal grandfather, Se\u00e1n \u00d3&#8217;Riada.\u00a0 Although an accomplished sean n\u00f3s singer, having won many prestigious awards such as that of Oireachtas na Gaeilge, Glackin is better known for her fiddle playing.\u00a0 She learnt the fiddle from her father Kevin Glackin and has gone on to bring her music to the world stage in recent years.\u00a0 She has also performed on all major traditional music broadcasts of late such as HUP, B\u00e9aloideas Beo and of note Tradfest TG4 a forthcoming series, which she also presents<\/p>\n<p style=\"text-align: center;\"><strong>-0-<\/strong><\/p>\n<p><strong>Ruth Smith<\/strong> is a performer, broadcaster, musician &amp; teacher based in County Clare.<\/p>\n<p>She holds a BA in Music, Drama &amp; Theatre Studies from Trinity College Dublin, an MA in Trad Performance from the World Academy of Music &amp; Dance, University of Limerick as well as a CC\u00c9 TTCT &amp; Royal Irish Academy Teachers Diploma.<\/p>\n<p>As 1\/3 of the vocal &amp; instrumental trio The Evertides\u00a0<a href=\"https:\/\/theevertides.com\/\" target=\"_blank\" rel=\"noopener noreferrer\">https:\/\/theevertides.com<\/a>\u00a0Ruth plays fiddle, piano &amp; guitar and has performed at Doolin Folk Festival, Body &amp; Soul &amp; Temple Bar Trad Fest, supporting the likes of Wallis Bird &amp; The Lost Brothers.\u00a0 Her recent on stage work includes performing as &#8216;Ex-Girldfriend&#8217; in the Oscar and Tony award winning musical &#8216;Once&#8217; for the 2017 Summer production in The Olympia Theatre, Dublin with Landmark Productions, and as a member of the original cast of THISISPOPBABY&#8217;s hit show RIOT.<\/p>\n<p>An experienced MC &amp; events producer Ruth has worked with the 2011\/2012 Volvo Ocean Race and the 2012 London Olympics and closer to home with Croke Park &#8211; GAA, MC&#8217;ing for League &amp; Championship fixtures over the past few years, including the Senior All-Ireland Finals to a packed Croke Park.<\/p>\n<p>Ruth is a regular presenter on RT\u00c9 Radio 1 with her show Simply Folk\u00a0<a href=\"http:\/\/www.rte.ie\/radio1\/simply-folk\/\" target=\"_blank\" rel=\"noopener noreferrer\">http:\/\/www.rte.ie\/radio1\/simply-folk\/<\/a>\u00a0&#8211; along with broadcaster John Creedon, Ruth will be hosting the\u00a0inaugural RT\u00c9Radio1 Folk Awards in Vicar Street on the 25th October.<\/p>\n<ul>\n<li><a href=\"https:\/\/twitter.com\/intent\/tweet?text=https:\/\/dev.tg4.ie\/en\/corporate\/press\/press-releases\/2018-2\/fleadhtv-live-on-tg4\/\" target=\"_blank\" rel=\"noopener noreferrer\">Share on Twitter<\/a><\/li>\n<\/ul>\n","protected":false},"excerpt":{"rendered":"<p>Produced by the double IFTA Award-winning team at Gifted Empire Productions, FleadhTV is going from strength to strength this summer. The shows from the four provinces of Ireland, the Connacht, Leinster, Munster &amp; Ulster Fleadh\u2019s have been topping the TG4 ratings in the month of July 2018. Now it\u2019s time to get to the All-Ireland\u00a0 [&hellip;]<\/p>\n","protected":false},"author":876,"featured_media":90929,"parent":72851,"menu_order":35,"comment_status":"closed","ping_status":"closed","template":"page-templates\/template-pr.php","meta":{"_acf_changed":false,"footnotes":""},"acf":[],"yoast_head":"<!-- This site is optimized with the Yoast SEO plugin v22.6 - https:\/\/yoast.com\/wordpress\/plugins\/seo\/ -->\n<title>FleadhTV Live on TG4 - TG4<\/title>\n<meta name=\"robots\" content=\"index, follow, max-snippet:-1, max-image-preview:large, max-video-preview:-1\" \/>\n<meta property=\"og:locale\" content=\"en_US\" \/>\n<meta property=\"og:type\" content=\"article\" \/>\n<meta property=\"og:title\" content=\"FleadhTV Live on TG4 - TG4\" \/>\n<meta property=\"og:description\" content=\"Produced by the double IFTA Award-winning team at Gifted Empire Productions, FleadhTV is going from strength to strength this summer. The shows from the four provinces of Ireland, the Connacht, Leinster, Munster &amp; Ulster Fleadh\u2019s have been topping the TG4 ratings in the month of July 2018. Now it\u2019s time to get to the All-Ireland\u00a0 [&hellip;]\" \/>\n<meta property=\"og:url\" content=\"https:\/\/dev.tg4.ie\/en\/information\/press\/press-releases\/2018-2\/fleadhtv-live-on-tg4\/\" \/>\n<meta property=\"og:site_name\" content=\"TG4\" \/>\n<meta property=\"article:publisher\" content=\"https:\/\/www.facebook.com\/TG4TV\" \/>\n<meta property=\"article:modified_time\" content=\"2019-07-01T10:52:54+00:00\" \/>\n<meta property=\"og:image\" content=\"https:\/\/tg4-docs.s3.amazonaws.com\/tg4-redesign-2015\/wp-content\/uploads\/2018\/07\/FleadhTV_Main_Show_Presenters_Nuacht.jpg\" \/>\n\t<meta property=\"og:image:width\" content=\"1920\" \/>\n\t<meta property=\"og:image:height\" content=\"1080\" \/>\n\t<meta property=\"og:image:type\" content=\"image\/jpeg\" \/>\n<meta name=\"twitter:card\" content=\"summary_large_image\" \/>\n<meta name=\"twitter:site\" content=\"@TG4TV\" \/>\n<meta name=\"twitter:label1\" content=\"Est. reading time\" \/>\n\t<meta name=\"twitter:data1\" content=\"5 minutes\" \/>\n<script type=\"application\/ld+json\" class=\"yoast-schema-graph\">{\"@context\":\"https:\/\/schema.org\",\"@graph\":[{\"@type\":\"WebPage\",\"@id\":\"https:\/\/dev.tg4.ie\/en\/information\/press\/press-releases\/2018-2\/fleadhtv-live-on-tg4\/\",\"url\":\"https:\/\/dev.tg4.ie\/en\/information\/press\/press-releases\/2018-2\/fleadhtv-live-on-tg4\/\",\"name\":\"FleadhTV Live on TG4 - TG4\",\"isPartOf\":{\"@id\":\"https:\/\/dev.tg4.ie\/en\/#website\"},\"primaryImageOfPage\":{\"@id\":\"https:\/\/dev.tg4.ie\/en\/information\/press\/press-releases\/2018-2\/fleadhtv-live-on-tg4\/#primaryimage\"},\"image\":{\"@id\":\"https:\/\/dev.tg4.ie\/en\/information\/press\/press-releases\/2018-2\/fleadhtv-live-on-tg4\/#primaryimage\"},\"thumbnailUrl\":\"https:\/\/tg4-docs.s3.amazonaws.com\/tg4-redesign-2015\/wp-content\/uploads\/2018\/07\/FleadhTV_Main_Show_Presenters_Nuacht.jpg\",\"datePublished\":\"2018-08-13T10:34:10+00:00\",\"dateModified\":\"2019-07-01T10:52:54+00:00\",\"breadcrumb\":{\"@id\":\"https:\/\/dev.tg4.ie\/en\/information\/press\/press-releases\/2018-2\/fleadhtv-live-on-tg4\/#breadcrumb\"},\"inLanguage\":\"en-ie\",\"potentialAction\":[{\"@type\":\"ReadAction\",\"target\":[\"https:\/\/dev.tg4.ie\/en\/information\/press\/press-releases\/2018-2\/fleadhtv-live-on-tg4\/\"]}]},{\"@type\":\"ImageObject\",\"inLanguage\":\"en-ie\",\"@id\":\"https:\/\/dev.tg4.ie\/en\/information\/press\/press-releases\/2018-2\/fleadhtv-live-on-tg4\/#primaryimage\",\"url\":\"https:\/\/tg4-docs.s3.amazonaws.com\/tg4-redesign-2015\/wp-content\/uploads\/2018\/07\/FleadhTV_Main_Show_Presenters_Nuacht.jpg\",\"contentUrl\":\"https:\/\/tg4-docs.s3.amazonaws.com\/tg4-redesign-2015\/wp-content\/uploads\/2018\/07\/FleadhTV_Main_Show_Presenters_Nuacht.jpg\",\"width\":1920,\"height\":1080},{\"@type\":\"BreadcrumbList\",\"@id\":\"https:\/\/dev.tg4.ie\/en\/information\/press\/press-releases\/2018-2\/fleadhtv-live-on-tg4\/#breadcrumb\",\"itemListElement\":[{\"@type\":\"ListItem\",\"position\":1,\"name\":\"Home\",\"item\":\"https:\/\/dev.tg4.ie\/en\/\"},{\"@type\":\"ListItem\",\"position\":2,\"name\":\"Information\",\"item\":\"https:\/\/dev.tg4.ie\/en\/information\/\"},{\"@type\":\"ListItem\",\"position\":3,\"name\":\"Press\",\"item\":\"https:\/\/dev.tg4.ie\/en\/information\/press\/\"},{\"@type\":\"ListItem\",\"position\":4,\"name\":\"Press Releases\",\"item\":\"https:\/\/dev.tg4.ie\/en\/information\/press\/press-releases\/\"},{\"@type\":\"ListItem\",\"position\":5,\"name\":\"2018\",\"item\":\"https:\/\/dev.tg4.ie\/en\/information\/press\/press-releases\/2018-2\/\"},{\"@type\":\"ListItem\",\"position\":6,\"name\":\"FleadhTV Live on TG4\"}]},{\"@type\":\"WebSite\",\"@id\":\"https:\/\/dev.tg4.ie\/en\/#website\",\"url\":\"https:\/\/dev.tg4.ie\/en\/\",\"name\":\"TG4\",\"description\":\"S\u00fail Eile\",\"potentialAction\":[{\"@type\":\"SearchAction\",\"target\":{\"@type\":\"EntryPoint\",\"urlTemplate\":\"https:\/\/dev.tg4.ie\/en\/?s={search_term_string}\"},\"query-input\":\"required name=search_term_string\"}],\"inLanguage\":\"en-ie\"}]}<\/script>\n<!-- \/ Yoast SEO plugin. -->","yoast_head_json":{"title":"FleadhTV Live on TG4 - TG4","robots":{"index":"index","follow":"follow","max-snippet":"max-snippet:-1","max-image-preview":"max-image-preview:large","max-video-preview":"max-video-preview:-1"},"og_locale":"en_US","og_type":"article","og_title":"FleadhTV Live on TG4 - TG4","og_description":"Produced by the double IFTA Award-winning team at Gifted Empire Productions, FleadhTV is going from strength to strength this summer. The shows from the four provinces of Ireland, the Connacht, Leinster, Munster &amp; Ulster Fleadh\u2019s have been topping the TG4 ratings in the month of July 2018. Now it\u2019s time to get to the All-Ireland\u00a0 [&hellip;]","og_url":"https:\/\/dev.tg4.ie\/en\/information\/press\/press-releases\/2018-2\/fleadhtv-live-on-tg4\/","og_site_name":"TG4","article_publisher":"https:\/\/www.facebook.com\/TG4TV","article_modified_time":"2019-07-01T10:52:54+00:00","og_image":[{"width":1920,"height":1080,"url":"https:\/\/tg4-docs.s3.amazonaws.com\/tg4-redesign-2015\/wp-content\/uploads\/2018\/07\/FleadhTV_Main_Show_Presenters_Nuacht.jpg","type":"image\/jpeg"}],"twitter_card":"summary_large_image","twitter_site":"@TG4TV","twitter_misc":{"Est. reading time":"5 minutes"},"schema":{"@context":"https:\/\/schema.org","@graph":[{"@type":"WebPage","@id":"https:\/\/dev.tg4.ie\/en\/information\/press\/press-releases\/2018-2\/fleadhtv-live-on-tg4\/","url":"https:\/\/dev.tg4.ie\/en\/information\/press\/press-releases\/2018-2\/fleadhtv-live-on-tg4\/","name":"FleadhTV Live on TG4 - TG4","isPartOf":{"@id":"https:\/\/dev.tg4.ie\/en\/#website"},"primaryImageOfPage":{"@id":"https:\/\/dev.tg4.ie\/en\/information\/press\/press-releases\/2018-2\/fleadhtv-live-on-tg4\/#primaryimage"},"image":{"@id":"https:\/\/dev.tg4.ie\/en\/information\/press\/press-releases\/2018-2\/fleadhtv-live-on-tg4\/#primaryimage"},"thumbnailUrl":"https:\/\/tg4-docs.s3.amazonaws.com\/tg4-redesign-2015\/wp-content\/uploads\/2018\/07\/FleadhTV_Main_Show_Presenters_Nuacht.jpg","datePublished":"2018-08-13T10:34:10+00:00","dateModified":"2019-07-01T10:52:54+00:00","breadcrumb":{"@id":"https:\/\/dev.tg4.ie\/en\/information\/press\/press-releases\/2018-2\/fleadhtv-live-on-tg4\/#breadcrumb"},"inLanguage":"en-ie","potentialAction":[{"@type":"ReadAction","target":["https:\/\/dev.tg4.ie\/en\/information\/press\/press-releases\/2018-2\/fleadhtv-live-on-tg4\/"]}]},{"@type":"ImageObject","inLanguage":"en-ie","@id":"https:\/\/dev.tg4.ie\/en\/information\/press\/press-releases\/2018-2\/fleadhtv-live-on-tg4\/#primaryimage","url":"https:\/\/tg4-docs.s3.amazonaws.com\/tg4-redesign-2015\/wp-content\/uploads\/2018\/07\/FleadhTV_Main_Show_Presenters_Nuacht.jpg","contentUrl":"https:\/\/tg4-docs.s3.amazonaws.com\/tg4-redesign-2015\/wp-content\/uploads\/2018\/07\/FleadhTV_Main_Show_Presenters_Nuacht.jpg","width":1920,"height":1080},{"@type":"BreadcrumbList","@id":"https:\/\/dev.tg4.ie\/en\/information\/press\/press-releases\/2018-2\/fleadhtv-live-on-tg4\/#breadcrumb","itemListElement":[{"@type":"ListItem","position":1,"name":"Home","item":"https:\/\/dev.tg4.ie\/en\/"},{"@type":"ListItem","position":2,"name":"Information","item":"https:\/\/dev.tg4.ie\/en\/information\/"},{"@type":"ListItem","position":3,"name":"Press","item":"https:\/\/dev.tg4.ie\/en\/information\/press\/"},{"@type":"ListItem","position":4,"name":"Press Releases","item":"https:\/\/dev.tg4.ie\/en\/information\/press\/press-releases\/"},{"@type":"ListItem","position":5,"name":"2018","item":"https:\/\/dev.tg4.ie\/en\/information\/press\/press-releases\/2018-2\/"},{"@type":"ListItem","position":6,"name":"FleadhTV Live on TG4"}]},{"@type":"WebSite","@id":"https:\/\/dev.tg4.ie\/en\/#website","url":"https:\/\/dev.tg4.ie\/en\/","name":"TG4","description":"S\u00fail Eile","potentialAction":[{"@type":"SearchAction","target":{"@type":"EntryPoint","urlTemplate":"https:\/\/dev.tg4.ie\/en\/?s={search_term_string}"},"query-input":"required name=search_term_string"}],"inLanguage":"en-ie"}]}},"_links":{"self":[{"href":"https:\/\/dev.tg4.ie\/en\/wp-json\/wp\/v2\/pages\/91408"}],"collection":[{"href":"https:\/\/dev.tg4.ie\/en\/wp-json\/wp\/v2\/pages"}],"about":[{"href":"https:\/\/dev.tg4.ie\/en\/wp-json\/wp\/v2\/types\/page"}],"author":[{"embeddable":true,"href":"https:\/\/dev.tg4.ie\/en\/wp-json\/wp\/v2\/users\/876"}],"replies":[{"embeddable":true,"href":"https:\/\/dev.tg4.ie\/en\/wp-json\/wp\/v2\/comments?post=91408"}],"version-history":[{"count":0,"href":"https:\/\/dev.tg4.ie\/en\/wp-json\/wp\/v2\/pages\/91408\/revisions"}],"up":[{"embeddable":true,"href":"https:\/\/dev.tg4.ie\/en\/wp-json\/wp\/v2\/pages\/72851"}],"wp:featuredmedia":[{"embeddable":true,"href":"https:\/\/dev.tg4.ie\/en\/wp-json\/wp\/v2\/media\/90929"}],"wp:attachment":[{"href":"https:\/\/dev.tg4.ie\/en\/wp-json\/wp\/v2\/media?parent=91408"}],"curies":[{"name":"wp","href":"https:\/\/api.w.org\/{rel}","templated":true}]}}