{"id":91878,"date":"2018-08-28T11:44:10","date_gmt":"2018-08-28T10:44:10","guid":{"rendered":"https:\/\/dev.tg4.ie\/?page_id=91878"},"modified":"2019-07-01T11:55:55","modified_gmt":"2019-07-01T10:55:55","slug":"tg4-introduces-new-weather-presenters","status":"publish","type":"page","link":"https:\/\/dev.tg4.ie\/en\/information\/press\/press-releases\/2018-2\/tg4-introduces-new-weather-presenters\/","title":{"rendered":"TG4 Introduces New Weather Presenters"},"content":{"rendered":"<p>The station&#8217;s callout for new weather presenters earlier this year attracted interest from all over the country and highlighted the breadth of talented Irish language speakers from all areas.\u00a0 Following an intensive screening process, three new presenters were selected, and started training with TG4 this summer.\u00a0 They are now onscreen presenting TG4\u2019s daily weather bulletins.<\/p>\n<p>Below is an introduction to the three new presenters:<\/p>\n<p><strong>Neasa Bhe\u00e1id<\/strong> hails from Gaoth Dobhair in Donegal.\u00a0 She is currently studying Sociology in University College Cork.\u00a0 Neasa loves dance, including Ballet, and is avid supporter of the Donegal football team.<\/p>\n<p>Neasa says, \u201cThe best thing about the weather are the seasons, each season brings its own beauty.\u00a0 And with Irish weather we can get all 4 seasons in one day!\u201d.<\/p>\n<p>Favourite Weather Phrase:\u00a0 <em>T\u00e1 s\u00e9 ag doirteadh b\u00e1ist\u00ed! <\/em><a href=\"https:\/\/grabyo.com\/g\/v\/oCXXihcib7Y\" target=\"_blank\" rel=\"noopener noreferrer\">https:\/\/clips.tg4.ie\/g\/v\/oCXXihcib7Y<\/a><\/p>\n<p><strong>Caitr\u00edona N\u00ed Chual\u00e1in<\/strong> is from Connemara, and holds a degree from NUIG and a masters in Education from Maynooth University and is a primary school teacher in Gaelscoil U\u00ed Fhiaich in Maynooth, where she teaches Na\u00edon\u00e1in Bheaga.\u00a0 According to Caitr\u00edona, \u201cMy favourite part of the job is the excuse to glam up every day \u2026. \u00a0And that I know what \u00a0weather is in store ahead of everyone else!\u201d<\/p>\n<p>Favourite Weather Phrase:\u00a0 <em>Is ioma\u00ed rud a thugann an l\u00e1 bre\u00e1 amach.\u00a0 <\/em><a href=\"https:\/\/grabyo.com\/g\/v\/dSGkgDfyujq\" target=\"_blank\" rel=\"noopener noreferrer\">https:\/\/clips.tg4.ie\/g\/v\/dSGkgDfyujq<\/a><\/p>\n<p><strong>Orla N\u00ed Fhinneadha <\/strong>is from Connemara. After gaining a B.Ed. in Mary Immaculate College in Limerick and a masters in Education from UCD, Orla is currently a primary school teacher in Spiddal.\u00a0She is an accomplished sean-n\u00f3s singer with awards from Fleadh Ceoil and an tOireachtas over the years. Orla was awarded third place at Corn U\u00ed Riada 2017 and she teaches sean-n\u00f3s singing to local children.\u00a0\u00a0She enjoys drama and acting and in her downtime enjoys\u00a0walking her two dogs Tig\u00ed and Isp\u00edn.<\/p>\n<p>Favourite Weather Phrase:\u00a0 <em>Beidh s\u00e9 ina Bhrothall!\u00a0 <\/em><a href=\"https:\/\/grabyo.com\/g\/v\/GKiaf5L9913\" target=\"_blank\" rel=\"noopener noreferrer\">https:\/\/clips.tg4.ie\/g\/v\/GKiaf5L9913<\/a><\/p>\n<p>TG4 Weather Bulletins at 6.55pm;\u00a0 9pm and late at night.<\/p>\n<p>Follow the TG4 Weather Team @AimsirTG4<\/p>\n<p>For more information on TG4 Weather and useful weather phrases \u2018as Gaeilge\u2019 <a href=\"https:\/\/dev.tg4.ie\/brandai-eile\/an-aimsir\/aimsir\/\" target=\"_blank\" rel=\"noopener noreferrer\">www.TG4.ie\/aimsir<\/a><\/p>\n","protected":false},"excerpt":{"rendered":"<p>The station&#8217;s callout for new weather presenters earlier this year attracted interest from all over the country and highlighted the breadth of talented Irish language speakers from all areas.\u00a0 Following an intensive screening process, three new presenters were selected, and started training with TG4 this summer.\u00a0 They are now onscreen presenting TG4\u2019s daily weather bulletins. [&hellip;]<\/p>\n","protected":false},"author":876,"featured_media":91879,"parent":72851,"menu_order":37,"comment_status":"closed","ping_status":"closed","template":"page-templates\/template-pr.php","meta":{"_acf_changed":false,"footnotes":""},"acf":[],"yoast_head":"<!-- This site is optimized with the Yoast SEO plugin v22.6 - https:\/\/yoast.com\/wordpress\/plugins\/seo\/ -->\n<title>TG4 Introduces New Weather Presenters | Press Release | TG4<\/title>\n<meta name=\"description\" content=\"TG4\u2019s new Weather presenters brighten up our screens regardless of the weather. The stations TG4\u2019s callout for new weather presenters earlier this year attracted interest from all over the country and highlighted the breadth of talented Irish language speakers from all areas.\" \/>\n<meta name=\"robots\" content=\"index, follow, max-snippet:-1, max-image-preview:large, max-video-preview:-1\" \/>\n<meta property=\"og:locale\" content=\"en_US\" \/>\n<meta property=\"og:type\" content=\"article\" \/>\n<meta property=\"og:title\" content=\"TG4 Introduces New Weather Presenters | Press Release | TG4\" \/>\n<meta property=\"og:description\" content=\"TG4\u2019s new Weather presenters brighten up our screens regardless of the weather. The stations TG4\u2019s callout for new weather presenters earlier this year attracted interest from all over the country and highlighted the breadth of talented Irish language speakers from all areas.\" \/>\n<meta property=\"og:url\" content=\"https:\/\/dev.tg4.ie\/en\/information\/press\/press-releases\/2018-2\/tg4-introduces-new-weather-presenters\/\" \/>\n<meta property=\"og:site_name\" content=\"TG4\" \/>\n<meta property=\"article:publisher\" content=\"https:\/\/www.facebook.com\/TG4TV\" \/>\n<meta property=\"article:modified_time\" content=\"2019-07-01T10:55:55+00:00\" \/>\n<meta property=\"og:image\" content=\"https:\/\/tg4-docs.s3.amazonaws.com\/tg4-redesign-2015\/wp-content\/uploads\/2018\/08\/TG4-L%C3%A1ithreoir%C3%AD-Nua1.jpg\" \/>\n\t<meta property=\"og:image:width\" content=\"1920\" \/>\n\t<meta property=\"og:image:height\" content=\"1080\" \/>\n\t<meta property=\"og:image:type\" content=\"image\/jpeg\" \/>\n<meta name=\"twitter:card\" content=\"summary_large_image\" \/>\n<meta name=\"twitter:site\" content=\"@TG4TV\" \/>\n<meta name=\"twitter:label1\" content=\"Est. reading time\" \/>\n\t<meta name=\"twitter:data1\" content=\"2 minutes\" \/>\n<script type=\"application\/ld+json\" class=\"yoast-schema-graph\">{\"@context\":\"https:\/\/schema.org\",\"@graph\":[{\"@type\":\"WebPage\",\"@id\":\"https:\/\/dev.tg4.ie\/en\/information\/press\/press-releases\/2018-2\/tg4-introduces-new-weather-presenters\/\",\"url\":\"https:\/\/dev.tg4.ie\/en\/information\/press\/press-releases\/2018-2\/tg4-introduces-new-weather-presenters\/\",\"name\":\"TG4 Introduces New Weather Presenters | Press Release | TG4\",\"isPartOf\":{\"@id\":\"https:\/\/dev.tg4.ie\/en\/#website\"},\"primaryImageOfPage\":{\"@id\":\"https:\/\/dev.tg4.ie\/en\/information\/press\/press-releases\/2018-2\/tg4-introduces-new-weather-presenters\/#primaryimage\"},\"image\":{\"@id\":\"https:\/\/dev.tg4.ie\/en\/information\/press\/press-releases\/2018-2\/tg4-introduces-new-weather-presenters\/#primaryimage\"},\"thumbnailUrl\":\"https:\/\/tg4-docs.s3.amazonaws.com\/tg4-redesign-2015\/wp-content\/uploads\/2018\/08\/TG4-L%C3%A1ithreoir%C3%AD-Nua1.jpg\",\"datePublished\":\"2018-08-28T10:44:10+00:00\",\"dateModified\":\"2019-07-01T10:55:55+00:00\",\"description\":\"TG4\u2019s new Weather presenters brighten up our screens regardless of the weather. The stations TG4\u2019s callout for new weather presenters earlier this year attracted interest from all over the country and highlighted the breadth of talented Irish language speakers from all areas.\",\"breadcrumb\":{\"@id\":\"https:\/\/dev.tg4.ie\/en\/information\/press\/press-releases\/2018-2\/tg4-introduces-new-weather-presenters\/#breadcrumb\"},\"inLanguage\":\"en-ie\",\"potentialAction\":[{\"@type\":\"ReadAction\",\"target\":[\"https:\/\/dev.tg4.ie\/en\/information\/press\/press-releases\/2018-2\/tg4-introduces-new-weather-presenters\/\"]}]},{\"@type\":\"ImageObject\",\"inLanguage\":\"en-ie\",\"@id\":\"https:\/\/dev.tg4.ie\/en\/information\/press\/press-releases\/2018-2\/tg4-introduces-new-weather-presenters\/#primaryimage\",\"url\":\"https:\/\/tg4-docs.s3.amazonaws.com\/tg4-redesign-2015\/wp-content\/uploads\/2018\/08\/TG4-L%C3%A1ithreoir%C3%AD-Nua1.jpg\",\"contentUrl\":\"https:\/\/tg4-docs.s3.amazonaws.com\/tg4-redesign-2015\/wp-content\/uploads\/2018\/08\/TG4-L%C3%A1ithreoir%C3%AD-Nua1.jpg\",\"width\":1920,\"height\":1080},{\"@type\":\"BreadcrumbList\",\"@id\":\"https:\/\/dev.tg4.ie\/en\/information\/press\/press-releases\/2018-2\/tg4-introduces-new-weather-presenters\/#breadcrumb\",\"itemListElement\":[{\"@type\":\"ListItem\",\"position\":1,\"name\":\"Home\",\"item\":\"https:\/\/dev.tg4.ie\/en\/\"},{\"@type\":\"ListItem\",\"position\":2,\"name\":\"Information\",\"item\":\"https:\/\/dev.tg4.ie\/en\/information\/\"},{\"@type\":\"ListItem\",\"position\":3,\"name\":\"Press\",\"item\":\"https:\/\/dev.tg4.ie\/en\/information\/press\/\"},{\"@type\":\"ListItem\",\"position\":4,\"name\":\"Press Releases\",\"item\":\"https:\/\/dev.tg4.ie\/en\/information\/press\/press-releases\/\"},{\"@type\":\"ListItem\",\"position\":5,\"name\":\"2018\",\"item\":\"https:\/\/dev.tg4.ie\/en\/information\/press\/press-releases\/2018-2\/\"},{\"@type\":\"ListItem\",\"position\":6,\"name\":\"TG4 Introduces New Weather Presenters\"}]},{\"@type\":\"WebSite\",\"@id\":\"https:\/\/dev.tg4.ie\/en\/#website\",\"url\":\"https:\/\/dev.tg4.ie\/en\/\",\"name\":\"TG4\",\"description\":\"S\u00fail Eile\",\"potentialAction\":[{\"@type\":\"SearchAction\",\"target\":{\"@type\":\"EntryPoint\",\"urlTemplate\":\"https:\/\/dev.tg4.ie\/en\/?s={search_term_string}\"},\"query-input\":\"required name=search_term_string\"}],\"inLanguage\":\"en-ie\"}]}<\/script>\n<!-- \/ Yoast SEO plugin. -->","yoast_head_json":{"title":"TG4 Introduces New Weather Presenters | Press Release | TG4","description":"TG4\u2019s new Weather presenters brighten up our screens regardless of the weather. The stations TG4\u2019s callout for new weather presenters earlier this year attracted interest from all over the country and highlighted the breadth of talented Irish language speakers from all areas.","robots":{"index":"index","follow":"follow","max-snippet":"max-snippet:-1","max-image-preview":"max-image-preview:large","max-video-preview":"max-video-preview:-1"},"og_locale":"en_US","og_type":"article","og_title":"TG4 Introduces New Weather Presenters | Press Release | TG4","og_description":"TG4\u2019s new Weather presenters brighten up our screens regardless of the weather. The stations TG4\u2019s callout for new weather presenters earlier this year attracted interest from all over the country and highlighted the breadth of talented Irish language speakers from all areas.","og_url":"https:\/\/dev.tg4.ie\/en\/information\/press\/press-releases\/2018-2\/tg4-introduces-new-weather-presenters\/","og_site_name":"TG4","article_publisher":"https:\/\/www.facebook.com\/TG4TV","article_modified_time":"2019-07-01T10:55:55+00:00","og_image":[{"width":1920,"height":1080,"url":"https:\/\/tg4-docs.s3.amazonaws.com\/tg4-redesign-2015\/wp-content\/uploads\/2018\/08\/TG4-L%C3%A1ithreoir%C3%AD-Nua1.jpg","type":"image\/jpeg"}],"twitter_card":"summary_large_image","twitter_site":"@TG4TV","twitter_misc":{"Est. reading time":"2 minutes"},"schema":{"@context":"https:\/\/schema.org","@graph":[{"@type":"WebPage","@id":"https:\/\/dev.tg4.ie\/en\/information\/press\/press-releases\/2018-2\/tg4-introduces-new-weather-presenters\/","url":"https:\/\/dev.tg4.ie\/en\/information\/press\/press-releases\/2018-2\/tg4-introduces-new-weather-presenters\/","name":"TG4 Introduces New Weather Presenters | Press Release | TG4","isPartOf":{"@id":"https:\/\/dev.tg4.ie\/en\/#website"},"primaryImageOfPage":{"@id":"https:\/\/dev.tg4.ie\/en\/information\/press\/press-releases\/2018-2\/tg4-introduces-new-weather-presenters\/#primaryimage"},"image":{"@id":"https:\/\/dev.tg4.ie\/en\/information\/press\/press-releases\/2018-2\/tg4-introduces-new-weather-presenters\/#primaryimage"},"thumbnailUrl":"https:\/\/tg4-docs.s3.amazonaws.com\/tg4-redesign-2015\/wp-content\/uploads\/2018\/08\/TG4-L%C3%A1ithreoir%C3%AD-Nua1.jpg","datePublished":"2018-08-28T10:44:10+00:00","dateModified":"2019-07-01T10:55:55+00:00","description":"TG4\u2019s new Weather presenters brighten up our screens regardless of the weather. The stations TG4\u2019s callout for new weather presenters earlier this year attracted interest from all over the country and highlighted the breadth of talented Irish language speakers from all areas.","breadcrumb":{"@id":"https:\/\/dev.tg4.ie\/en\/information\/press\/press-releases\/2018-2\/tg4-introduces-new-weather-presenters\/#breadcrumb"},"inLanguage":"en-ie","potentialAction":[{"@type":"ReadAction","target":["https:\/\/dev.tg4.ie\/en\/information\/press\/press-releases\/2018-2\/tg4-introduces-new-weather-presenters\/"]}]},{"@type":"ImageObject","inLanguage":"en-ie","@id":"https:\/\/dev.tg4.ie\/en\/information\/press\/press-releases\/2018-2\/tg4-introduces-new-weather-presenters\/#primaryimage","url":"https:\/\/tg4-docs.s3.amazonaws.com\/tg4-redesign-2015\/wp-content\/uploads\/2018\/08\/TG4-L%C3%A1ithreoir%C3%AD-Nua1.jpg","contentUrl":"https:\/\/tg4-docs.s3.amazonaws.com\/tg4-redesign-2015\/wp-content\/uploads\/2018\/08\/TG4-L%C3%A1ithreoir%C3%AD-Nua1.jpg","width":1920,"height":1080},{"@type":"BreadcrumbList","@id":"https:\/\/dev.tg4.ie\/en\/information\/press\/press-releases\/2018-2\/tg4-introduces-new-weather-presenters\/#breadcrumb","itemListElement":[{"@type":"ListItem","position":1,"name":"Home","item":"https:\/\/dev.tg4.ie\/en\/"},{"@type":"ListItem","position":2,"name":"Information","item":"https:\/\/dev.tg4.ie\/en\/information\/"},{"@type":"ListItem","position":3,"name":"Press","item":"https:\/\/dev.tg4.ie\/en\/information\/press\/"},{"@type":"ListItem","position":4,"name":"Press Releases","item":"https:\/\/dev.tg4.ie\/en\/information\/press\/press-releases\/"},{"@type":"ListItem","position":5,"name":"2018","item":"https:\/\/dev.tg4.ie\/en\/information\/press\/press-releases\/2018-2\/"},{"@type":"ListItem","position":6,"name":"TG4 Introduces New Weather Presenters"}]},{"@type":"WebSite","@id":"https:\/\/dev.tg4.ie\/en\/#website","url":"https:\/\/dev.tg4.ie\/en\/","name":"TG4","description":"S\u00fail Eile","potentialAction":[{"@type":"SearchAction","target":{"@type":"EntryPoint","urlTemplate":"https:\/\/dev.tg4.ie\/en\/?s={search_term_string}"},"query-input":"required name=search_term_string"}],"inLanguage":"en-ie"}]}},"_links":{"self":[{"href":"https:\/\/dev.tg4.ie\/en\/wp-json\/wp\/v2\/pages\/91878"}],"collection":[{"href":"https:\/\/dev.tg4.ie\/en\/wp-json\/wp\/v2\/pages"}],"about":[{"href":"https:\/\/dev.tg4.ie\/en\/wp-json\/wp\/v2\/types\/page"}],"author":[{"embeddable":true,"href":"https:\/\/dev.tg4.ie\/en\/wp-json\/wp\/v2\/users\/876"}],"replies":[{"embeddable":true,"href":"https:\/\/dev.tg4.ie\/en\/wp-json\/wp\/v2\/comments?post=91878"}],"version-history":[{"count":0,"href":"https:\/\/dev.tg4.ie\/en\/wp-json\/wp\/v2\/pages\/91878\/revisions"}],"up":[{"embeddable":true,"href":"https:\/\/dev.tg4.ie\/en\/wp-json\/wp\/v2\/pages\/72851"}],"wp:featuredmedia":[{"embeddable":true,"href":"https:\/\/dev.tg4.ie\/en\/wp-json\/wp\/v2\/media\/91879"}],"wp:attachment":[{"href":"https:\/\/dev.tg4.ie\/en\/wp-json\/wp\/v2\/media?parent=91878"}],"curies":[{"name":"wp","href":"https:\/\/api.w.org\/{rel}","templated":true}]}}