{"id":92024,"date":"2018-08-30T11:07:07","date_gmt":"2018-08-30T10:07:07","guid":{"rendered":"https:\/\/dev.tg4.ie\/?page_id=92024"},"modified":"2019-07-01T11:59:38","modified_gmt":"2019-07-01T10:59:38","slug":"iris-productions-awarded-tg4-rugby-contract","status":"publish","type":"page","link":"https:\/\/dev.tg4.ie\/en\/information\/press\/press-releases\/2018-2\/iris-productions-awarded-tg4-rugby-contract\/","title":{"rendered":"Iris Productions awarded TG4 Rugby Contract"},"content":{"rendered":"<p>The announcement in April of a continued rights deal with Guinness PRO14 means that TG4 will be the only broadcaster in Ireland providing exclusive free-to-air coverage of the recently expanded championship for the coming three years.<\/p>\n<p>TG4 also announced at their season launch in the Sportsground today that the significant contract to produce the broadcaster\u2019s rugby output has been awarded to Iris Productions for the duration of the three-year deal with Guinness PRO14. This will see the Spiddal-based production company produce over 200 hours of live, deferred and highlights coverage over the coming seasons for TG4. NEP have been selected as OB facilities provider and Riverside Television will supply uplink facilities.<\/p>\n<p>Speaking at the launch, R\u00f3n\u00e1n \u00d3 Coisdealbha TG4\u2019s head of Sport says:<\/p>\n<p><em>\u201cWe are delighted to be partnering with Iris Productions to produce our flagship rugby programme Rugba\u00ed Beo for the next three years. Guinness PRO14 is an important component of our schedule and we know that Iris will continue to drive audience engagement through innovation. With world class facilities providers NEP bringing a wealth of expertise in live production we are excited to see how the coverage evolves to meet the demands of an increasingly sophisticated sporting audience.\u201d<\/em><\/p>\n<p>Kieran Hartigan, Executive Producer Iris Productions added:<\/p>\n<p><em>\u201cWe couldn\u2019t be more excited to get into the new season. Having produced TG4\u2019s offtube and highlights programmes for the past 4 years, this feels like a natural next step for Iris Productions. The Guinness PRO14 is a fantastic championship which consistently delivers world-class rugby throughout the season. \u00a0We are passionate about rugby and look forward to bringing all the drama of this fantastic championship to TG4\u2019s audience over the coming three seasons. We are particularly excited to be embarking on this journey with NEP as our facilities provider and can\u2019t wait to leverage their unparalleled live sports production experience to deliver ever more engaging programming to Irish audiences.\u201d<\/em><\/p>\n<p>In all TG4 will broadcast 28 Live matches this year including all 11 of Connacht Rugby\u2019s home games including Septembers \u2018M\u00ed na Seaimp\u00edn\u00ed\u2019 and Connacht\u2019s Interprovincial clashes with Munster, Leinster &amp; Ulster Rugby.<\/p>\n<p>TG4 Rugba\u00ed Beo coverage will also include:<\/p>\n<ul>\n<li>Live &amp; Exclusive coverage of all Connacht matches against Welsh Opposition<\/li>\n<li>Live Munster Rugby Matches against Welsh Opposition<\/li>\n<li>Live Leinster Rugby Matches against Welsh Opposition<\/li>\n<\/ul>\n<p><strong>About Iris Productions:<\/strong><\/p>\n<p>Operating since 2005, Spiddal based Iris Productions have produced some of the most compelling Irish rugby documentaries, including:<\/p>\n<ul>\n<li>Munster: The Brave &amp; The Faithful \u2013 charting Munster Rugby\u2019s inaugural Heineken Cup win in 2006.<\/li>\n<li>Axel: Feature Documentary on the life and career of late Munster Rugby legend Anthony Foley<\/li>\n<li>The West\u2019s Awake \u2013 Double IFTA nominated behind the scenes documentary which provides a peek behind the curtain to Connacht Rugby\u2019s first Heineken Cup campaign.<\/li>\n<\/ul>\n<p>Pictures available at: <span><a href=\"https:\/\/client.inpho.ie\/tg4withconnachtrugby290818\/\" target=\"_blank\" rel=\"noopener noreferrer\">https:\/\/client.inpho.ie\/tg4withconnachtrugby290818<\/a><\/span><\/p>\n","protected":false},"excerpt":{"rendered":"<p>The announcement in April of a continued rights deal with Guinness PRO14 means that TG4 will be the only broadcaster in Ireland providing exclusive free-to-air coverage of the recently expanded championship for the coming three years. TG4 also announced at their season launch in the Sportsground today that the significant contract to produce the broadcaster\u2019s [&hellip;]<\/p>\n","protected":false},"author":876,"featured_media":92025,"parent":72851,"menu_order":39,"comment_status":"closed","ping_status":"closed","template":"page-templates\/template-pr.php","meta":{"_acf_changed":false,"footnotes":""},"acf":[],"yoast_head":"<!-- This site is optimized with the Yoast SEO plugin v22.6 - https:\/\/yoast.com\/wordpress\/plugins\/seo\/ -->\n<title>S\u00e9as\u00far Nua Rugba\u00ed PRO14 Guinness tosaithe ar TG4 | Nuacht R\u00e1iteas | TG4<\/title>\n<meta name=\"description\" content=\"Cuirfear t\u00fas an deireadh seachtaine seo le s\u00e9as\u00far rugba\u00ed PRO14 Guinness a chraolfar beo ar TG4. Craolfaidh TG4 28 gcluiche beo, ag cur leis an l\u00edon cl\u00e1r a craoladh le linn sh\u00e9as\u00fair roimhe seo, chomh maith le craoladh iarbheo a dh\u00e9anamh ar 9 gcluiche eile idir c\u00faig\u00ed.\" \/>\n<meta name=\"robots\" content=\"index, follow, max-snippet:-1, max-image-preview:large, max-video-preview:-1\" \/>\n<meta property=\"og:locale\" content=\"en_US\" \/>\n<meta property=\"og:type\" content=\"article\" \/>\n<meta property=\"og:title\" content=\"S\u00e9as\u00far Nua Rugba\u00ed PRO14 Guinness tosaithe ar TG4 | Nuacht R\u00e1iteas | TG4\" \/>\n<meta property=\"og:description\" content=\"Cuirfear t\u00fas an deireadh seachtaine seo le s\u00e9as\u00far rugba\u00ed PRO14 Guinness a chraolfar beo ar TG4. Craolfaidh TG4 28 gcluiche beo, ag cur leis an l\u00edon cl\u00e1r a craoladh le linn sh\u00e9as\u00fair roimhe seo, chomh maith le craoladh iarbheo a dh\u00e9anamh ar 9 gcluiche eile idir c\u00faig\u00ed.\" \/>\n<meta property=\"og:url\" content=\"https:\/\/dev.tg4.ie\/en\/information\/press\/press-releases\/2018-2\/iris-productions-awarded-tg4-rugby-contract\/\" \/>\n<meta property=\"og:site_name\" content=\"TG4\" \/>\n<meta property=\"article:publisher\" content=\"https:\/\/www.facebook.com\/TG4TV\" \/>\n<meta property=\"article:modified_time\" content=\"2019-07-01T10:59:38+00:00\" \/>\n<meta property=\"og:image\" content=\"https:\/\/tg4-docs.s3.amazonaws.com\/tg4-redesign-2015\/wp-content\/uploads\/2018\/08\/Iris-11.jpg\" \/>\n\t<meta property=\"og:image:width\" content=\"1920\" \/>\n\t<meta property=\"og:image:height\" content=\"1080\" \/>\n\t<meta property=\"og:image:type\" content=\"image\/jpeg\" \/>\n<meta name=\"twitter:card\" content=\"summary_large_image\" \/>\n<meta name=\"twitter:site\" content=\"@TG4TV\" \/>\n<meta name=\"twitter:label1\" content=\"Est. reading time\" \/>\n\t<meta name=\"twitter:data1\" content=\"2 minutes\" \/>\n<script type=\"application\/ld+json\" class=\"yoast-schema-graph\">{\"@context\":\"https:\/\/schema.org\",\"@graph\":[{\"@type\":\"WebPage\",\"@id\":\"https:\/\/dev.tg4.ie\/en\/information\/press\/press-releases\/2018-2\/iris-productions-awarded-tg4-rugby-contract\/\",\"url\":\"https:\/\/dev.tg4.ie\/en\/information\/press\/press-releases\/2018-2\/iris-productions-awarded-tg4-rugby-contract\/\",\"name\":\"S\u00e9as\u00far Nua Rugba\u00ed PRO14 Guinness tosaithe ar TG4 | Nuacht R\u00e1iteas | TG4\",\"isPartOf\":{\"@id\":\"https:\/\/dev.tg4.ie\/en\/#website\"},\"primaryImageOfPage\":{\"@id\":\"https:\/\/dev.tg4.ie\/en\/information\/press\/press-releases\/2018-2\/iris-productions-awarded-tg4-rugby-contract\/#primaryimage\"},\"image\":{\"@id\":\"https:\/\/dev.tg4.ie\/en\/information\/press\/press-releases\/2018-2\/iris-productions-awarded-tg4-rugby-contract\/#primaryimage\"},\"thumbnailUrl\":\"https:\/\/tg4-docs.s3.amazonaws.com\/tg4-redesign-2015\/wp-content\/uploads\/2018\/08\/Iris-11.jpg\",\"datePublished\":\"2018-08-30T10:07:07+00:00\",\"dateModified\":\"2019-07-01T10:59:38+00:00\",\"description\":\"Cuirfear t\u00fas an deireadh seachtaine seo le s\u00e9as\u00far rugba\u00ed PRO14 Guinness a chraolfar beo ar TG4. Craolfaidh TG4 28 gcluiche beo, ag cur leis an l\u00edon cl\u00e1r a craoladh le linn sh\u00e9as\u00fair roimhe seo, chomh maith le craoladh iarbheo a dh\u00e9anamh ar 9 gcluiche eile idir c\u00faig\u00ed.\",\"breadcrumb\":{\"@id\":\"https:\/\/dev.tg4.ie\/en\/information\/press\/press-releases\/2018-2\/iris-productions-awarded-tg4-rugby-contract\/#breadcrumb\"},\"inLanguage\":\"en-ie\",\"potentialAction\":[{\"@type\":\"ReadAction\",\"target\":[\"https:\/\/dev.tg4.ie\/en\/information\/press\/press-releases\/2018-2\/iris-productions-awarded-tg4-rugby-contract\/\"]}]},{\"@type\":\"ImageObject\",\"inLanguage\":\"en-ie\",\"@id\":\"https:\/\/dev.tg4.ie\/en\/information\/press\/press-releases\/2018-2\/iris-productions-awarded-tg4-rugby-contract\/#primaryimage\",\"url\":\"https:\/\/tg4-docs.s3.amazonaws.com\/tg4-redesign-2015\/wp-content\/uploads\/2018\/08\/Iris-11.jpg\",\"contentUrl\":\"https:\/\/tg4-docs.s3.amazonaws.com\/tg4-redesign-2015\/wp-content\/uploads\/2018\/08\/Iris-11.jpg\",\"width\":1920,\"height\":1080},{\"@type\":\"BreadcrumbList\",\"@id\":\"https:\/\/dev.tg4.ie\/en\/information\/press\/press-releases\/2018-2\/iris-productions-awarded-tg4-rugby-contract\/#breadcrumb\",\"itemListElement\":[{\"@type\":\"ListItem\",\"position\":1,\"name\":\"Home\",\"item\":\"https:\/\/dev.tg4.ie\/en\/\"},{\"@type\":\"ListItem\",\"position\":2,\"name\":\"Information\",\"item\":\"https:\/\/dev.tg4.ie\/en\/information\/\"},{\"@type\":\"ListItem\",\"position\":3,\"name\":\"Press\",\"item\":\"https:\/\/dev.tg4.ie\/en\/information\/press\/\"},{\"@type\":\"ListItem\",\"position\":4,\"name\":\"Press Releases\",\"item\":\"https:\/\/dev.tg4.ie\/en\/information\/press\/press-releases\/\"},{\"@type\":\"ListItem\",\"position\":5,\"name\":\"2018\",\"item\":\"https:\/\/dev.tg4.ie\/en\/information\/press\/press-releases\/2018-2\/\"},{\"@type\":\"ListItem\",\"position\":6,\"name\":\"Iris Productions awarded TG4 Rugby Contract\"}]},{\"@type\":\"WebSite\",\"@id\":\"https:\/\/dev.tg4.ie\/en\/#website\",\"url\":\"https:\/\/dev.tg4.ie\/en\/\",\"name\":\"TG4\",\"description\":\"S\u00fail Eile\",\"potentialAction\":[{\"@type\":\"SearchAction\",\"target\":{\"@type\":\"EntryPoint\",\"urlTemplate\":\"https:\/\/dev.tg4.ie\/en\/?s={search_term_string}\"},\"query-input\":\"required name=search_term_string\"}],\"inLanguage\":\"en-ie\"}]}<\/script>\n<!-- \/ Yoast SEO plugin. -->","yoast_head_json":{"title":"S\u00e9as\u00far Nua Rugba\u00ed PRO14 Guinness tosaithe ar TG4 | Nuacht R\u00e1iteas | TG4","description":"Cuirfear t\u00fas an deireadh seachtaine seo le s\u00e9as\u00far rugba\u00ed PRO14 Guinness a chraolfar beo ar TG4. Craolfaidh TG4 28 gcluiche beo, ag cur leis an l\u00edon cl\u00e1r a craoladh le linn sh\u00e9as\u00fair roimhe seo, chomh maith le craoladh iarbheo a dh\u00e9anamh ar 9 gcluiche eile idir c\u00faig\u00ed.","robots":{"index":"index","follow":"follow","max-snippet":"max-snippet:-1","max-image-preview":"max-image-preview:large","max-video-preview":"max-video-preview:-1"},"og_locale":"en_US","og_type":"article","og_title":"S\u00e9as\u00far Nua Rugba\u00ed PRO14 Guinness tosaithe ar TG4 | Nuacht R\u00e1iteas | TG4","og_description":"Cuirfear t\u00fas an deireadh seachtaine seo le s\u00e9as\u00far rugba\u00ed PRO14 Guinness a chraolfar beo ar TG4. Craolfaidh TG4 28 gcluiche beo, ag cur leis an l\u00edon cl\u00e1r a craoladh le linn sh\u00e9as\u00fair roimhe seo, chomh maith le craoladh iarbheo a dh\u00e9anamh ar 9 gcluiche eile idir c\u00faig\u00ed.","og_url":"https:\/\/dev.tg4.ie\/en\/information\/press\/press-releases\/2018-2\/iris-productions-awarded-tg4-rugby-contract\/","og_site_name":"TG4","article_publisher":"https:\/\/www.facebook.com\/TG4TV","article_modified_time":"2019-07-01T10:59:38+00:00","og_image":[{"width":1920,"height":1080,"url":"https:\/\/tg4-docs.s3.amazonaws.com\/tg4-redesign-2015\/wp-content\/uploads\/2018\/08\/Iris-11.jpg","type":"image\/jpeg"}],"twitter_card":"summary_large_image","twitter_site":"@TG4TV","twitter_misc":{"Est. reading time":"2 minutes"},"schema":{"@context":"https:\/\/schema.org","@graph":[{"@type":"WebPage","@id":"https:\/\/dev.tg4.ie\/en\/information\/press\/press-releases\/2018-2\/iris-productions-awarded-tg4-rugby-contract\/","url":"https:\/\/dev.tg4.ie\/en\/information\/press\/press-releases\/2018-2\/iris-productions-awarded-tg4-rugby-contract\/","name":"S\u00e9as\u00far Nua Rugba\u00ed PRO14 Guinness tosaithe ar TG4 | Nuacht R\u00e1iteas | TG4","isPartOf":{"@id":"https:\/\/dev.tg4.ie\/en\/#website"},"primaryImageOfPage":{"@id":"https:\/\/dev.tg4.ie\/en\/information\/press\/press-releases\/2018-2\/iris-productions-awarded-tg4-rugby-contract\/#primaryimage"},"image":{"@id":"https:\/\/dev.tg4.ie\/en\/information\/press\/press-releases\/2018-2\/iris-productions-awarded-tg4-rugby-contract\/#primaryimage"},"thumbnailUrl":"https:\/\/tg4-docs.s3.amazonaws.com\/tg4-redesign-2015\/wp-content\/uploads\/2018\/08\/Iris-11.jpg","datePublished":"2018-08-30T10:07:07+00:00","dateModified":"2019-07-01T10:59:38+00:00","description":"Cuirfear t\u00fas an deireadh seachtaine seo le s\u00e9as\u00far rugba\u00ed PRO14 Guinness a chraolfar beo ar TG4. Craolfaidh TG4 28 gcluiche beo, ag cur leis an l\u00edon cl\u00e1r a craoladh le linn sh\u00e9as\u00fair roimhe seo, chomh maith le craoladh iarbheo a dh\u00e9anamh ar 9 gcluiche eile idir c\u00faig\u00ed.","breadcrumb":{"@id":"https:\/\/dev.tg4.ie\/en\/information\/press\/press-releases\/2018-2\/iris-productions-awarded-tg4-rugby-contract\/#breadcrumb"},"inLanguage":"en-ie","potentialAction":[{"@type":"ReadAction","target":["https:\/\/dev.tg4.ie\/en\/information\/press\/press-releases\/2018-2\/iris-productions-awarded-tg4-rugby-contract\/"]}]},{"@type":"ImageObject","inLanguage":"en-ie","@id":"https:\/\/dev.tg4.ie\/en\/information\/press\/press-releases\/2018-2\/iris-productions-awarded-tg4-rugby-contract\/#primaryimage","url":"https:\/\/tg4-docs.s3.amazonaws.com\/tg4-redesign-2015\/wp-content\/uploads\/2018\/08\/Iris-11.jpg","contentUrl":"https:\/\/tg4-docs.s3.amazonaws.com\/tg4-redesign-2015\/wp-content\/uploads\/2018\/08\/Iris-11.jpg","width":1920,"height":1080},{"@type":"BreadcrumbList","@id":"https:\/\/dev.tg4.ie\/en\/information\/press\/press-releases\/2018-2\/iris-productions-awarded-tg4-rugby-contract\/#breadcrumb","itemListElement":[{"@type":"ListItem","position":1,"name":"Home","item":"https:\/\/dev.tg4.ie\/en\/"},{"@type":"ListItem","position":2,"name":"Information","item":"https:\/\/dev.tg4.ie\/en\/information\/"},{"@type":"ListItem","position":3,"name":"Press","item":"https:\/\/dev.tg4.ie\/en\/information\/press\/"},{"@type":"ListItem","position":4,"name":"Press Releases","item":"https:\/\/dev.tg4.ie\/en\/information\/press\/press-releases\/"},{"@type":"ListItem","position":5,"name":"2018","item":"https:\/\/dev.tg4.ie\/en\/information\/press\/press-releases\/2018-2\/"},{"@type":"ListItem","position":6,"name":"Iris Productions awarded TG4 Rugby Contract"}]},{"@type":"WebSite","@id":"https:\/\/dev.tg4.ie\/en\/#website","url":"https:\/\/dev.tg4.ie\/en\/","name":"TG4","description":"S\u00fail Eile","potentialAction":[{"@type":"SearchAction","target":{"@type":"EntryPoint","urlTemplate":"https:\/\/dev.tg4.ie\/en\/?s={search_term_string}"},"query-input":"required name=search_term_string"}],"inLanguage":"en-ie"}]}},"_links":{"self":[{"href":"https:\/\/dev.tg4.ie\/en\/wp-json\/wp\/v2\/pages\/92024"}],"collection":[{"href":"https:\/\/dev.tg4.ie\/en\/wp-json\/wp\/v2\/pages"}],"about":[{"href":"https:\/\/dev.tg4.ie\/en\/wp-json\/wp\/v2\/types\/page"}],"author":[{"embeddable":true,"href":"https:\/\/dev.tg4.ie\/en\/wp-json\/wp\/v2\/users\/876"}],"replies":[{"embeddable":true,"href":"https:\/\/dev.tg4.ie\/en\/wp-json\/wp\/v2\/comments?post=92024"}],"version-history":[{"count":0,"href":"https:\/\/dev.tg4.ie\/en\/wp-json\/wp\/v2\/pages\/92024\/revisions"}],"up":[{"embeddable":true,"href":"https:\/\/dev.tg4.ie\/en\/wp-json\/wp\/v2\/pages\/72851"}],"wp:featuredmedia":[{"embeddable":true,"href":"https:\/\/dev.tg4.ie\/en\/wp-json\/wp\/v2\/media\/92025"}],"wp:attachment":[{"href":"https:\/\/dev.tg4.ie\/en\/wp-json\/wp\/v2\/media?parent=92024"}],"curies":[{"name":"wp","href":"https:\/\/api.w.org\/{rel}","templated":true}]}}