{"id":92370,"date":"2018-09-05T12:31:00","date_gmt":"2018-09-05T11:31:28","guid":{"rendered":"https:\/\/dev.tg4.ie\/?page_id=92370"},"modified":"2019-07-01T12:05:59","modified_gmt":"2019-07-01T11:05:59","slug":"autumn-launch-2018","status":"publish","type":"page","link":"https:\/\/dev.tg4.ie\/en\/information\/press\/press-releases\/2018-2\/autumn-launch-2018\/","title":{"rendered":"Autumn Launch 2018"},"content":{"rendered":"<p>A huge mix of emotions can be experienced in the range of programming showcased at the entertaining launch of TG4&#8217;s Autumn schedule today in the Tribeton, Galway.<\/p>\n<p>The diverse range of\u00a0 programmes provide plenty of laughs from the likes of Hector, Daith\u00ed \u00d3 S\u00e9, Daniel O\u2019Donnell and interesting guests from near and far.<\/p>\n<p>The highly successful <strong>\u2018Underdogs\u2019<\/strong> return after a ten-year break, with renowned footballers Paul Galvin, Valerie Mulcahy &amp; Ray Silke as this year\u2019s selectors, putting a new group of skilled hopefuls under pressure and creating plenty of healthy competition for places on their team.<\/p>\n<p>Heartbreak and anguish are portrayed in the hard hitting documentary series\u2019, <strong>\u2018Finn\u00e9\u2019<\/strong> &amp; <strong>\u2018Tab\u00fa\u2019<\/strong>, presented by renowned journalist Orla O\u2019Donnell and radio star Eoghan McDermott respectively. The programmes deal with controversies relating to injustice and the burning questions facing Irish society today.<\/p>\n<p>The weekly current affairs series <strong>\u20187 L\u00e1\u2019<\/strong> returns and the highly acclaimed documentary series <strong>\u2018F\u00edorsc\u00e9al\u2019<\/strong> kicks off with the Irish broadcast premiere of John &amp; Gerry McColgan\u2019s hard hitting film,<strong> \u2018This is Palestine\u2019<\/strong>, this Thursday, 6th September.<\/p>\n<p>We also have an informative new series on the history, traditions and culture of food in Ireland &#8211; <strong>\u2018Blasta\u2019<\/strong>, as well as following a year in the life of the team in a renowned rural hotel, the\u00a0 <strong>\u2018Shandon\u2019<\/strong>, in Donegal.<\/p>\n<p>Series\u2019 such as <strong>\u2018Bailte\u2019<\/strong>, <strong>\u2018Gaeil UK\u2019<\/strong>, <strong>\u2018Turas B\u00f3thar\u2019<\/strong>, <strong>\u2018Beidh Aonach Am\u00e1rach\u2019 <\/strong>and <strong>\u2018B\u00e1d\u00f3ir\u00ed\u2019<\/strong> give us a unique insight into the lives of ordinary people and particular communities, in Ireland and Britain, in a contemplative but entertaining way.<\/p>\n<p>Sports coverage on TG4 is going from strength to strength as we approach the high point in the LGFA year, where the women of Cork and Dublin meet in the All Ireland football final.\u00a0 A new programme, building up to the big match will be broadcast live the night before, 15<sup>th<\/sup> September, from the Mansion House in Dublin, with lots of music, sports stars and other female role models taking centre stage.<\/p>\n<p>We will have the best of the <strong>Guinness Rugby PRO14<\/strong> championship, as well as the County Finals and <strong>AIB Club championship<\/strong> in football and hurling, between October and December 2018, with a live match every Sunday.<\/p>\n<p>We will also be given an insight into the personal lives of some of our greatest GAA stars in a new series of <strong>\u2018Laochra Gael\u2019<\/strong>, featuring the likes of\u00a0 Jackie Tyrell, Rena Buckley &amp; Colm Cooper.<\/p>\n<p>We take a similar approach with some of the greats of Irish traditional music also in a new series of <strong>\u2018S\u00e9 Mo Laoch\u2019<\/strong>, including Frankie Gavin, Alec Finn, Arty McGlynn &amp; Sarah Ghriallais. And as is customary for TG4, we have more top class musical offerings in\u00a0 <strong>\u2018Gradam Cheoil TG4\u2019<\/strong>, <strong>\u2018Tradfest\u2019<\/strong>, <strong>\u2018Lurgan 2K18\u2019<\/strong> and <strong>\u2018Junior Eurovision\u2019<\/strong>. As well as fantastic country music in <strong>\u2018Opry le Daniel\u2019<\/strong>,\u00a0 <strong>\u2018Gl\u00f3r T\u00edre\u2019 <\/strong>and from the <strong>\u2018Irish Post Country Music Awards\u2019<\/strong>, which we will be broadcasting live from the Millennium Forum in Derry, on the 11<sup>th<\/sup> September.<\/p>\n<p>TG4 is building a reputation for outstanding live events over the last number of years and that is central to the new schedule as well, in programmes such as <strong>\u2018Samhain Live\u2019<\/strong>, <strong>\u2018F\u00e1ilte 2019\u2019<\/strong> on New Year\u2019s Eve and <strong>\u2018The Irish Post Awards\u2019<\/strong> from London, not to mention our comprehensive coverage of events as part of Oireachtas na Samhna, in programmes such as <strong>\u2018Steip\u2019<\/strong>, <strong>\u2018L\u00e1rst\u00e1itse\u2019<\/strong>, <strong>\u2018NuachtTG4\u2019 <\/strong>and much more across TG4\u2019s varied platforms.<\/p>\n<p>All the kids\u2019 favourites will be back on C\u00fala 4, such as <strong>\u2018Whiz sa Chistin\u2019<\/strong>, <strong>\u2018Horrid Henry\u2019<\/strong>, <strong>\u2018Spongebob\u2019 <\/strong>and <strong>\u2018Masha\u2019<\/strong>, as well as newly commissioned programmes, including <strong>\u2018\u00c1r Sc\u00e9al\u2019<\/strong>, where children will bring 52 newly written stories to life through the medium of art and <strong>\u2018CLUB\u2019<\/strong>, where young people introduce us to their GAA club in the company of some of their sporting heroes.<\/p>\n<p>If you add all of this to the comprehensive coverage from <strong>\u2018Nuacht TG4\u2019<\/strong>,\u00a0 an exciting new series of <strong>\u2018Ros na R\u00fan\u2019 <\/strong>and top quality drama such as<strong> \u2018Un Bore Mercher\/Keeping the Faith\u2019<\/strong>, <strong>\u2018West Wing\u2019<\/strong>, great films and much more, there\u2019s no doubt that the new schedule offers everyone the mix of programmes that they want on TG4, worldwide.<\/p>\n<p>Announcing the new schedule, TG4 Director General Alan Esslemont says:<\/p>\n<p><em>\u201cPeople recognise themselves in TG4 programming. They can relate to material which is inspired by them. They appreciate that TG4 constantly strives to provide the most comprehensive mix possible, at the highest quality, from our \u2018S\u00fail Eile\u2019 perspective, for our viewers at home and abroad\u201d.<\/em><\/p>\n<p><em>\u201cWe are particularly proud this year of the strong output in Entertainment and our powerful Documentaries. We are constantly increasing our presence on digital platforms as well, so that\u00a0\u00a0 people can access us worldwide through the player at TG4.ie, or on our app which is available in IOS, Android and SmartTV versions. I hope that more people than ever will enjoy these new programmes in the coming months\u201d.<\/em><\/p>\n<p><strong>10 not to be missed programmes from TG4\u2019s Autumn schedule:<\/strong><\/p>\n<p><strong>Hector &#8211; \u00d3 Siberia go Saigon<\/strong><\/p>\n<p>Intrepid traveller Hector starts an epic journey in the heart of Siberia<\/p>\n<p><strong>Underdogs<\/strong><\/p>\n<p>The classic GAA programme returns after ten years with footballing greats Paul Galvin, Valerie Mulcahy &amp; Ray Silke as selectors<\/p>\n<p><strong>Finn\u00e9<\/strong><\/p>\n<p>The real-life testimonies behind some of the biggest stories of the last fifty years in Ireland.<\/p>\n<p><strong>Gaeil UK<\/strong><\/p>\n<p>An insight into the lives of Irish emigrants today in the main areas where they settled in Britain.<\/p>\n<p><strong>Rugba\u00ed Guinness PRO14<\/strong><\/p>\n<p>Exclusive free to air coverage of matches in the Guinness PRO14 2018\/19 rugby championship.<\/p>\n<p><strong>Cluiche Ceannais Peil na mBan Beo<\/strong><\/p>\n<p>Live exclusive coverage of the Ladies Gaelic Football Championship finals from Croke Park on September 16th.<\/p>\n<p><strong>Oireachtas na Gaeilge<\/strong><\/p>\n<p>Live coverage from Killarney, over four days, of Ireland\u2019s premier Irish language arts and cultural festival.<\/p>\n<p><strong>Samhain Live<\/strong><\/p>\n<p>A live Halloween night extravaganza from Derry.<\/p>\n<p><strong>Tradfest <\/strong><\/p>\n<p>Top class traditional music recorded live at Dublin\u2019s\u00a0 Tradfest.<\/p>\n<p><strong>C.L.U.B.<\/strong><\/p>\n<p>An entertaining new series where young people introduce us to their GAA clubs in the company of their sporting heroes.<\/p>\n<p><strong>You can access information on these and other TG4 programmes at <\/strong><strong><a href=\"https:\/\/tg4.xtensio.com\/co0xwafl\" target=\"_blank\" rel=\"noopener noreferrer\">https:\/\/tg4.xtensio.com\/co0xwafl<\/a><\/strong><\/p>\n","protected":false},"excerpt":{"rendered":"<p>A huge mix of emotions can be experienced in the range of programming showcased at the entertaining launch of TG4&#8217;s Autumn schedule today in the Tribeton, Galway. The diverse range of\u00a0 programmes provide plenty of laughs from the likes of Hector, Daith\u00ed \u00d3 S\u00e9, Daniel O\u2019Donnell and interesting guests from near and far. The highly [&hellip;]<\/p>\n","protected":false},"author":876,"featured_media":92481,"parent":72851,"menu_order":40,"comment_status":"closed","ping_status":"closed","template":"page-templates\/template-pr.php","meta":{"_acf_changed":false,"footnotes":""},"acf":[],"yoast_head":"<!-- This site is optimized with the Yoast SEO plugin v22.6 - https:\/\/yoast.com\/wordpress\/plugins\/seo\/ -->\n<title>Autumn Launch 2018 - TG4<\/title>\n<meta name=\"robots\" content=\"index, follow, max-snippet:-1, max-image-preview:large, max-video-preview:-1\" \/>\n<meta property=\"og:locale\" content=\"en_US\" \/>\n<meta property=\"og:type\" content=\"article\" \/>\n<meta property=\"og:title\" content=\"Autumn Launch 2018 - TG4\" \/>\n<meta property=\"og:description\" content=\"A huge mix of emotions can be experienced in the range of programming showcased at the entertaining launch of TG4&#8217;s Autumn schedule today in the Tribeton, Galway. The diverse range of\u00a0 programmes provide plenty of laughs from the likes of Hector, Daith\u00ed \u00d3 S\u00e9, Daniel O\u2019Donnell and interesting guests from near and far. The highly [&hellip;]\" \/>\n<meta property=\"og:url\" content=\"https:\/\/dev.tg4.ie\/en\/information\/press\/press-releases\/2018-2\/autumn-launch-2018\/\" \/>\n<meta property=\"og:site_name\" content=\"TG4\" \/>\n<meta property=\"article:publisher\" content=\"https:\/\/www.facebook.com\/TG4TV\" \/>\n<meta property=\"article:modified_time\" content=\"2019-07-01T11:05:59+00:00\" \/>\n<meta property=\"og:image\" content=\"https:\/\/tg4-docs.s3.amazonaws.com\/tg4-redesign-2015\/wp-content\/uploads\/2018\/09\/Seoladh-an-Fhomhair-20181.jpg\" \/>\n\t<meta property=\"og:image:width\" content=\"1920\" \/>\n\t<meta property=\"og:image:height\" content=\"1080\" \/>\n\t<meta property=\"og:image:type\" content=\"image\/jpeg\" \/>\n<meta name=\"twitter:card\" content=\"summary_large_image\" \/>\n<meta name=\"twitter:site\" content=\"@TG4TV\" \/>\n<meta name=\"twitter:label1\" content=\"Est. reading time\" \/>\n\t<meta name=\"twitter:data1\" content=\"5 minutes\" \/>\n<script type=\"application\/ld+json\" class=\"yoast-schema-graph\">{\"@context\":\"https:\/\/schema.org\",\"@graph\":[{\"@type\":\"WebPage\",\"@id\":\"https:\/\/dev.tg4.ie\/en\/information\/press\/press-releases\/2018-2\/autumn-launch-2018\/\",\"url\":\"https:\/\/dev.tg4.ie\/en\/information\/press\/press-releases\/2018-2\/autumn-launch-2018\/\",\"name\":\"Autumn Launch 2018 - TG4\",\"isPartOf\":{\"@id\":\"https:\/\/dev.tg4.ie\/en\/#website\"},\"primaryImageOfPage\":{\"@id\":\"https:\/\/dev.tg4.ie\/en\/information\/press\/press-releases\/2018-2\/autumn-launch-2018\/#primaryimage\"},\"image\":{\"@id\":\"https:\/\/dev.tg4.ie\/en\/information\/press\/press-releases\/2018-2\/autumn-launch-2018\/#primaryimage\"},\"thumbnailUrl\":\"https:\/\/tg4-docs.s3.amazonaws.com\/tg4-redesign-2015\/wp-content\/uploads\/2018\/09\/Seoladh-an-Fhomhair-20181.jpg\",\"datePublished\":\"2018-09-05T11:31:28+00:00\",\"dateModified\":\"2019-07-01T11:05:59+00:00\",\"breadcrumb\":{\"@id\":\"https:\/\/dev.tg4.ie\/en\/information\/press\/press-releases\/2018-2\/autumn-launch-2018\/#breadcrumb\"},\"inLanguage\":\"en-ie\",\"potentialAction\":[{\"@type\":\"ReadAction\",\"target\":[\"https:\/\/dev.tg4.ie\/en\/information\/press\/press-releases\/2018-2\/autumn-launch-2018\/\"]}]},{\"@type\":\"ImageObject\",\"inLanguage\":\"en-ie\",\"@id\":\"https:\/\/dev.tg4.ie\/en\/information\/press\/press-releases\/2018-2\/autumn-launch-2018\/#primaryimage\",\"url\":\"https:\/\/tg4-docs.s3.amazonaws.com\/tg4-redesign-2015\/wp-content\/uploads\/2018\/09\/Seoladh-an-Fhomhair-20181.jpg\",\"contentUrl\":\"https:\/\/tg4-docs.s3.amazonaws.com\/tg4-redesign-2015\/wp-content\/uploads\/2018\/09\/Seoladh-an-Fhomhair-20181.jpg\",\"width\":1920,\"height\":1080,\"caption\":\"Seoladh an Fh\u00f3mhair 2018\"},{\"@type\":\"BreadcrumbList\",\"@id\":\"https:\/\/dev.tg4.ie\/en\/information\/press\/press-releases\/2018-2\/autumn-launch-2018\/#breadcrumb\",\"itemListElement\":[{\"@type\":\"ListItem\",\"position\":1,\"name\":\"Home\",\"item\":\"https:\/\/dev.tg4.ie\/en\/\"},{\"@type\":\"ListItem\",\"position\":2,\"name\":\"Information\",\"item\":\"https:\/\/dev.tg4.ie\/en\/information\/\"},{\"@type\":\"ListItem\",\"position\":3,\"name\":\"Press\",\"item\":\"https:\/\/dev.tg4.ie\/en\/information\/press\/\"},{\"@type\":\"ListItem\",\"position\":4,\"name\":\"Press Releases\",\"item\":\"https:\/\/dev.tg4.ie\/en\/information\/press\/press-releases\/\"},{\"@type\":\"ListItem\",\"position\":5,\"name\":\"2018\",\"item\":\"https:\/\/dev.tg4.ie\/en\/information\/press\/press-releases\/2018-2\/\"},{\"@type\":\"ListItem\",\"position\":6,\"name\":\"Autumn Launch 2018\"}]},{\"@type\":\"WebSite\",\"@id\":\"https:\/\/dev.tg4.ie\/en\/#website\",\"url\":\"https:\/\/dev.tg4.ie\/en\/\",\"name\":\"TG4\",\"description\":\"S\u00fail Eile\",\"potentialAction\":[{\"@type\":\"SearchAction\",\"target\":{\"@type\":\"EntryPoint\",\"urlTemplate\":\"https:\/\/dev.tg4.ie\/en\/?s={search_term_string}\"},\"query-input\":\"required name=search_term_string\"}],\"inLanguage\":\"en-ie\"}]}<\/script>\n<!-- \/ Yoast SEO plugin. -->","yoast_head_json":{"title":"Autumn Launch 2018 - TG4","robots":{"index":"index","follow":"follow","max-snippet":"max-snippet:-1","max-image-preview":"max-image-preview:large","max-video-preview":"max-video-preview:-1"},"og_locale":"en_US","og_type":"article","og_title":"Autumn Launch 2018 - TG4","og_description":"A huge mix of emotions can be experienced in the range of programming showcased at the entertaining launch of TG4&#8217;s Autumn schedule today in the Tribeton, Galway. The diverse range of\u00a0 programmes provide plenty of laughs from the likes of Hector, Daith\u00ed \u00d3 S\u00e9, Daniel O\u2019Donnell and interesting guests from near and far. The highly [&hellip;]","og_url":"https:\/\/dev.tg4.ie\/en\/information\/press\/press-releases\/2018-2\/autumn-launch-2018\/","og_site_name":"TG4","article_publisher":"https:\/\/www.facebook.com\/TG4TV","article_modified_time":"2019-07-01T11:05:59+00:00","og_image":[{"width":1920,"height":1080,"url":"https:\/\/tg4-docs.s3.amazonaws.com\/tg4-redesign-2015\/wp-content\/uploads\/2018\/09\/Seoladh-an-Fhomhair-20181.jpg","type":"image\/jpeg"}],"twitter_card":"summary_large_image","twitter_site":"@TG4TV","twitter_misc":{"Est. reading time":"5 minutes"},"schema":{"@context":"https:\/\/schema.org","@graph":[{"@type":"WebPage","@id":"https:\/\/dev.tg4.ie\/en\/information\/press\/press-releases\/2018-2\/autumn-launch-2018\/","url":"https:\/\/dev.tg4.ie\/en\/information\/press\/press-releases\/2018-2\/autumn-launch-2018\/","name":"Autumn Launch 2018 - TG4","isPartOf":{"@id":"https:\/\/dev.tg4.ie\/en\/#website"},"primaryImageOfPage":{"@id":"https:\/\/dev.tg4.ie\/en\/information\/press\/press-releases\/2018-2\/autumn-launch-2018\/#primaryimage"},"image":{"@id":"https:\/\/dev.tg4.ie\/en\/information\/press\/press-releases\/2018-2\/autumn-launch-2018\/#primaryimage"},"thumbnailUrl":"https:\/\/tg4-docs.s3.amazonaws.com\/tg4-redesign-2015\/wp-content\/uploads\/2018\/09\/Seoladh-an-Fhomhair-20181.jpg","datePublished":"2018-09-05T11:31:28+00:00","dateModified":"2019-07-01T11:05:59+00:00","breadcrumb":{"@id":"https:\/\/dev.tg4.ie\/en\/information\/press\/press-releases\/2018-2\/autumn-launch-2018\/#breadcrumb"},"inLanguage":"en-ie","potentialAction":[{"@type":"ReadAction","target":["https:\/\/dev.tg4.ie\/en\/information\/press\/press-releases\/2018-2\/autumn-launch-2018\/"]}]},{"@type":"ImageObject","inLanguage":"en-ie","@id":"https:\/\/dev.tg4.ie\/en\/information\/press\/press-releases\/2018-2\/autumn-launch-2018\/#primaryimage","url":"https:\/\/tg4-docs.s3.amazonaws.com\/tg4-redesign-2015\/wp-content\/uploads\/2018\/09\/Seoladh-an-Fhomhair-20181.jpg","contentUrl":"https:\/\/tg4-docs.s3.amazonaws.com\/tg4-redesign-2015\/wp-content\/uploads\/2018\/09\/Seoladh-an-Fhomhair-20181.jpg","width":1920,"height":1080,"caption":"Seoladh an Fh\u00f3mhair 2018"},{"@type":"BreadcrumbList","@id":"https:\/\/dev.tg4.ie\/en\/information\/press\/press-releases\/2018-2\/autumn-launch-2018\/#breadcrumb","itemListElement":[{"@type":"ListItem","position":1,"name":"Home","item":"https:\/\/dev.tg4.ie\/en\/"},{"@type":"ListItem","position":2,"name":"Information","item":"https:\/\/dev.tg4.ie\/en\/information\/"},{"@type":"ListItem","position":3,"name":"Press","item":"https:\/\/dev.tg4.ie\/en\/information\/press\/"},{"@type":"ListItem","position":4,"name":"Press Releases","item":"https:\/\/dev.tg4.ie\/en\/information\/press\/press-releases\/"},{"@type":"ListItem","position":5,"name":"2018","item":"https:\/\/dev.tg4.ie\/en\/information\/press\/press-releases\/2018-2\/"},{"@type":"ListItem","position":6,"name":"Autumn Launch 2018"}]},{"@type":"WebSite","@id":"https:\/\/dev.tg4.ie\/en\/#website","url":"https:\/\/dev.tg4.ie\/en\/","name":"TG4","description":"S\u00fail Eile","potentialAction":[{"@type":"SearchAction","target":{"@type":"EntryPoint","urlTemplate":"https:\/\/dev.tg4.ie\/en\/?s={search_term_string}"},"query-input":"required name=search_term_string"}],"inLanguage":"en-ie"}]}},"_links":{"self":[{"href":"https:\/\/dev.tg4.ie\/en\/wp-json\/wp\/v2\/pages\/92370"}],"collection":[{"href":"https:\/\/dev.tg4.ie\/en\/wp-json\/wp\/v2\/pages"}],"about":[{"href":"https:\/\/dev.tg4.ie\/en\/wp-json\/wp\/v2\/types\/page"}],"author":[{"embeddable":true,"href":"https:\/\/dev.tg4.ie\/en\/wp-json\/wp\/v2\/users\/876"}],"replies":[{"embeddable":true,"href":"https:\/\/dev.tg4.ie\/en\/wp-json\/wp\/v2\/comments?post=92370"}],"version-history":[{"count":0,"href":"https:\/\/dev.tg4.ie\/en\/wp-json\/wp\/v2\/pages\/92370\/revisions"}],"up":[{"embeddable":true,"href":"https:\/\/dev.tg4.ie\/en\/wp-json\/wp\/v2\/pages\/72851"}],"wp:featuredmedia":[{"embeddable":true,"href":"https:\/\/dev.tg4.ie\/en\/wp-json\/wp\/v2\/media\/92481"}],"wp:attachment":[{"href":"https:\/\/dev.tg4.ie\/en\/wp-json\/wp\/v2\/media?parent=92370"}],"curies":[{"name":"wp","href":"https:\/\/api.w.org\/{rel}","templated":true}]}}