{"id":92652,"date":"2018-09-11T09:48:21","date_gmt":"2018-09-11T08:48:21","guid":{"rendered":"https:\/\/dev.tg4.ie\/?page_id=92652"},"modified":"2019-07-01T12:09:39","modified_gmt":"2019-07-01T11:09:39","slug":"tg4-to-broadcast-new-live-entertainment-show-seo-beo-pheil-na-mban-le-lidl-previewing-and-celebrating-this-years-ladies-football-final","status":"publish","type":"page","link":"https:\/\/dev.tg4.ie\/en\/information\/press\/press-releases\/2018-2\/tg4-to-broadcast-new-live-entertainment-show-seo-beo-pheil-na-mban-le-lidl-previewing-and-celebrating-this-years-ladies-football-final\/","title":{"rendered":"TG4 to broadcast new live entertainment show \u2018Se\u00f3 Beo Pheil na mBan le Lidl\u2019 previewing and celebrating this year\u2019s Ladies\u2019 Football Final"},"content":{"rendered":"<p>The show will be broadcast on TG4 at 9:30pm on Saturday the 15<sup>th<\/sup> of September &#8211; the eve of this year\u2019s Ladies Football Final matches. Over the course of the programme, panellists and audience members will reflect on this year\u2019s championship, on the games that will be taking place the following day, on the lives of Irish sports stars and on the story of women in Irish society in 2018.<\/p>\n<p>The 90-minute programme will be presented by Gr\u00e1inne McElwain and D\u00e1ith\u00ed \u00d3 S\u00e9 and will be filmed in Dublin\u2019s Mansion House. There will be a variety of well-known faces present on the night; amongst them former Brendan Martin Cup winners and sporting legends such as former Irish Rugby Captain Fiona Coghlan, Paralympic Swimmer Ellen Keane, Former Cork Footballer Valerie Mulcahy and Irish Hockey Player and World Cup Finalist Nicci Daly. As well as personalities from the world of sport, the programme will feature women from the worlds of business, broadcasting, politics and music. \u2018Se\u00f3 Beo Pheil na mBan le Lidl\u2019 will also meet with a number of LGFA players\u2019 families as well as inter-county players not competing in the finals.<\/p>\n<p>On top of plenty of chat, the show will have a number of musical acts including \u00c1ine Cahill, John Spillane and Lucia Evans.<\/p>\n<p>Ladies Football is enjoying massive popularity. It is the fastest growing sport in the country. Last year a record breaking 46,286 people attended the All-Ireland Finals in Croke Park &#8211; the largest live crowd at an all-female sporting event in 2017. Furthermore 56,300 people watched the games live on TG4.<\/p>\n<p>Lively panels will form the backbone of the show. The panels will be interspersed with musical acts and comments from audience guests. As well as conversation and music, viewers will get the opportunity to hear from this year\u2019s senior finalists in the form of emotive video inserts that will explore the preparation and sacrifices involved in reaching an All-Ireland Final.<\/p>\n<p>The Ladies All-Ireland Finals will be broadcast on TG4 on Sunday 16<sup>th<\/sup> September on <strong>Peil na mBan Beo<\/strong>. Live coverage of the TG4 All-Ireland Ladies Football Finals from Croke Park including Dublin v Cork in the Senior Final (4pm), Tyrone v Meath in the Intermediate Final (1:45pm) and Louth v Limerick in the Junior Final (11:45am). The biggest day of the year in the Ladies Football calendar has arrived &#8211; who will lift the Brendan Martin Cup? Presented by Gr\u00e1inne McElwain with commentary by Brian Tyers.<\/p>\n<p><strong>Tune in <\/strong><strong>at 9.30pm on Saturday the 15<sup>th<\/sup> of September on TG4. Join in on the conversation using the hashtag #properfan<\/strong><\/p>\n","protected":false},"excerpt":{"rendered":"<p>The show will be broadcast on TG4 at 9:30pm on Saturday the 15th of September &#8211; the eve of this year\u2019s Ladies Football Final matches. Over the course of the programme, panellists and audience members will reflect on this year\u2019s championship, on the games that will be taking place the following day, on the lives [&hellip;]<\/p>\n","protected":false},"author":876,"featured_media":92281,"parent":72851,"menu_order":41,"comment_status":"closed","ping_status":"closed","template":"page-templates\/template-pr.php","meta":{"_acf_changed":false,"footnotes":""},"acf":[],"yoast_head":"<!-- This site is optimized with the Yoast SEO plugin v22.6 - https:\/\/yoast.com\/wordpress\/plugins\/seo\/ -->\n<title>TG4 to broadcast new live entertainment show \u2018Se\u00f3 Beo Pheil na mBan le Lidl\u2019 previewing and celebrating this year\u2019s Ladies\u2019 Football Final - TG4<\/title>\n<meta name=\"robots\" content=\"index, follow, max-snippet:-1, max-image-preview:large, max-video-preview:-1\" \/>\n<meta property=\"og:locale\" content=\"en_US\" \/>\n<meta property=\"og:type\" content=\"article\" \/>\n<meta property=\"og:title\" content=\"TG4 to broadcast new live entertainment show \u2018Se\u00f3 Beo Pheil na mBan le Lidl\u2019 previewing and celebrating this year\u2019s Ladies\u2019 Football Final - TG4\" \/>\n<meta property=\"og:description\" content=\"The show will be broadcast on TG4 at 9:30pm on Saturday the 15th of September &#8211; the eve of this year\u2019s Ladies Football Final matches. Over the course of the programme, panellists and audience members will reflect on this year\u2019s championship, on the games that will be taking place the following day, on the lives [&hellip;]\" \/>\n<meta property=\"og:url\" content=\"https:\/\/dev.tg4.ie\/en\/information\/press\/press-releases\/2018-2\/tg4-to-broadcast-new-live-entertainment-show-seo-beo-pheil-na-mban-le-lidl-previewing-and-celebrating-this-years-ladies-football-final\/\" \/>\n<meta property=\"og:site_name\" content=\"TG4\" \/>\n<meta property=\"article:publisher\" content=\"https:\/\/www.facebook.com\/TG4TV\" \/>\n<meta property=\"article:modified_time\" content=\"2019-07-01T11:09:39+00:00\" \/>\n<meta property=\"og:image\" content=\"https:\/\/tg4-docs.s3.amazonaws.com\/tg4-redesign-2015\/wp-content\/uploads\/2018\/09\/Se%C3%B3-Beo-Peil-na-mBan1.jpg\" \/>\n\t<meta property=\"og:image:width\" content=\"1920\" \/>\n\t<meta property=\"og:image:height\" content=\"1080\" \/>\n\t<meta property=\"og:image:type\" content=\"image\/jpeg\" \/>\n<meta name=\"twitter:card\" content=\"summary_large_image\" \/>\n<meta name=\"twitter:site\" content=\"@TG4TV\" \/>\n<meta name=\"twitter:label1\" content=\"Est. reading time\" \/>\n\t<meta name=\"twitter:data1\" content=\"2 minutes\" \/>\n<script type=\"application\/ld+json\" class=\"yoast-schema-graph\">{\"@context\":\"https:\/\/schema.org\",\"@graph\":[{\"@type\":\"WebPage\",\"@id\":\"https:\/\/dev.tg4.ie\/en\/information\/press\/press-releases\/2018-2\/tg4-to-broadcast-new-live-entertainment-show-seo-beo-pheil-na-mban-le-lidl-previewing-and-celebrating-this-years-ladies-football-final\/\",\"url\":\"https:\/\/dev.tg4.ie\/en\/information\/press\/press-releases\/2018-2\/tg4-to-broadcast-new-live-entertainment-show-seo-beo-pheil-na-mban-le-lidl-previewing-and-celebrating-this-years-ladies-football-final\/\",\"name\":\"TG4 to broadcast new live entertainment show \u2018Se\u00f3 Beo Pheil na mBan le Lidl\u2019 previewing and celebrating this year\u2019s Ladies\u2019 Football Final - TG4\",\"isPartOf\":{\"@id\":\"https:\/\/dev.tg4.ie\/en\/#website\"},\"primaryImageOfPage\":{\"@id\":\"https:\/\/dev.tg4.ie\/en\/information\/press\/press-releases\/2018-2\/tg4-to-broadcast-new-live-entertainment-show-seo-beo-pheil-na-mban-le-lidl-previewing-and-celebrating-this-years-ladies-football-final\/#primaryimage\"},\"image\":{\"@id\":\"https:\/\/dev.tg4.ie\/en\/information\/press\/press-releases\/2018-2\/tg4-to-broadcast-new-live-entertainment-show-seo-beo-pheil-na-mban-le-lidl-previewing-and-celebrating-this-years-ladies-football-final\/#primaryimage\"},\"thumbnailUrl\":\"https:\/\/tg4-docs.s3.amazonaws.com\/tg4-redesign-2015\/wp-content\/uploads\/2018\/09\/Se%C3%B3-Beo-Peil-na-mBan1.jpg\",\"datePublished\":\"2018-09-11T08:48:21+00:00\",\"dateModified\":\"2019-07-01T11:09:39+00:00\",\"breadcrumb\":{\"@id\":\"https:\/\/dev.tg4.ie\/en\/information\/press\/press-releases\/2018-2\/tg4-to-broadcast-new-live-entertainment-show-seo-beo-pheil-na-mban-le-lidl-previewing-and-celebrating-this-years-ladies-football-final\/#breadcrumb\"},\"inLanguage\":\"en-ie\",\"potentialAction\":[{\"@type\":\"ReadAction\",\"target\":[\"https:\/\/dev.tg4.ie\/en\/information\/press\/press-releases\/2018-2\/tg4-to-broadcast-new-live-entertainment-show-seo-beo-pheil-na-mban-le-lidl-previewing-and-celebrating-this-years-ladies-football-final\/\"]}]},{\"@type\":\"ImageObject\",\"inLanguage\":\"en-ie\",\"@id\":\"https:\/\/dev.tg4.ie\/en\/information\/press\/press-releases\/2018-2\/tg4-to-broadcast-new-live-entertainment-show-seo-beo-pheil-na-mban-le-lidl-previewing-and-celebrating-this-years-ladies-football-final\/#primaryimage\",\"url\":\"https:\/\/tg4-docs.s3.amazonaws.com\/tg4-redesign-2015\/wp-content\/uploads\/2018\/09\/Se%C3%B3-Beo-Peil-na-mBan1.jpg\",\"contentUrl\":\"https:\/\/tg4-docs.s3.amazonaws.com\/tg4-redesign-2015\/wp-content\/uploads\/2018\/09\/Se%C3%B3-Beo-Peil-na-mBan1.jpg\",\"width\":1920,\"height\":1080,\"caption\":\"Se\u00f3 Beo Peil na mBan 1\"},{\"@type\":\"BreadcrumbList\",\"@id\":\"https:\/\/dev.tg4.ie\/en\/information\/press\/press-releases\/2018-2\/tg4-to-broadcast-new-live-entertainment-show-seo-beo-pheil-na-mban-le-lidl-previewing-and-celebrating-this-years-ladies-football-final\/#breadcrumb\",\"itemListElement\":[{\"@type\":\"ListItem\",\"position\":1,\"name\":\"Home\",\"item\":\"https:\/\/dev.tg4.ie\/en\/\"},{\"@type\":\"ListItem\",\"position\":2,\"name\":\"Information\",\"item\":\"https:\/\/dev.tg4.ie\/en\/information\/\"},{\"@type\":\"ListItem\",\"position\":3,\"name\":\"Press\",\"item\":\"https:\/\/dev.tg4.ie\/en\/information\/press\/\"},{\"@type\":\"ListItem\",\"position\":4,\"name\":\"Press Releases\",\"item\":\"https:\/\/dev.tg4.ie\/en\/information\/press\/press-releases\/\"},{\"@type\":\"ListItem\",\"position\":5,\"name\":\"2018\",\"item\":\"https:\/\/dev.tg4.ie\/en\/information\/press\/press-releases\/2018-2\/\"},{\"@type\":\"ListItem\",\"position\":6,\"name\":\"TG4 to broadcast new live entertainment show \u2018Se\u00f3 Beo Pheil na mBan le Lidl\u2019 previewing and celebrating this year\u2019s Ladies\u2019 Football Final\"}]},{\"@type\":\"WebSite\",\"@id\":\"https:\/\/dev.tg4.ie\/en\/#website\",\"url\":\"https:\/\/dev.tg4.ie\/en\/\",\"name\":\"TG4\",\"description\":\"S\u00fail Eile\",\"potentialAction\":[{\"@type\":\"SearchAction\",\"target\":{\"@type\":\"EntryPoint\",\"urlTemplate\":\"https:\/\/dev.tg4.ie\/en\/?s={search_term_string}\"},\"query-input\":\"required name=search_term_string\"}],\"inLanguage\":\"en-ie\"}]}<\/script>\n<!-- \/ Yoast SEO plugin. -->","yoast_head_json":{"title":"TG4 to broadcast new live entertainment show \u2018Se\u00f3 Beo Pheil na mBan le Lidl\u2019 previewing and celebrating this year\u2019s Ladies\u2019 Football Final - TG4","robots":{"index":"index","follow":"follow","max-snippet":"max-snippet:-1","max-image-preview":"max-image-preview:large","max-video-preview":"max-video-preview:-1"},"og_locale":"en_US","og_type":"article","og_title":"TG4 to broadcast new live entertainment show \u2018Se\u00f3 Beo Pheil na mBan le Lidl\u2019 previewing and celebrating this year\u2019s Ladies\u2019 Football Final - TG4","og_description":"The show will be broadcast on TG4 at 9:30pm on Saturday the 15th of September &#8211; the eve of this year\u2019s Ladies Football Final matches. Over the course of the programme, panellists and audience members will reflect on this year\u2019s championship, on the games that will be taking place the following day, on the lives [&hellip;]","og_url":"https:\/\/dev.tg4.ie\/en\/information\/press\/press-releases\/2018-2\/tg4-to-broadcast-new-live-entertainment-show-seo-beo-pheil-na-mban-le-lidl-previewing-and-celebrating-this-years-ladies-football-final\/","og_site_name":"TG4","article_publisher":"https:\/\/www.facebook.com\/TG4TV","article_modified_time":"2019-07-01T11:09:39+00:00","og_image":[{"width":1920,"height":1080,"url":"https:\/\/tg4-docs.s3.amazonaws.com\/tg4-redesign-2015\/wp-content\/uploads\/2018\/09\/Se%C3%B3-Beo-Peil-na-mBan1.jpg","type":"image\/jpeg"}],"twitter_card":"summary_large_image","twitter_site":"@TG4TV","twitter_misc":{"Est. reading time":"2 minutes"},"schema":{"@context":"https:\/\/schema.org","@graph":[{"@type":"WebPage","@id":"https:\/\/dev.tg4.ie\/en\/information\/press\/press-releases\/2018-2\/tg4-to-broadcast-new-live-entertainment-show-seo-beo-pheil-na-mban-le-lidl-previewing-and-celebrating-this-years-ladies-football-final\/","url":"https:\/\/dev.tg4.ie\/en\/information\/press\/press-releases\/2018-2\/tg4-to-broadcast-new-live-entertainment-show-seo-beo-pheil-na-mban-le-lidl-previewing-and-celebrating-this-years-ladies-football-final\/","name":"TG4 to broadcast new live entertainment show \u2018Se\u00f3 Beo Pheil na mBan le Lidl\u2019 previewing and celebrating this year\u2019s Ladies\u2019 Football Final - TG4","isPartOf":{"@id":"https:\/\/dev.tg4.ie\/en\/#website"},"primaryImageOfPage":{"@id":"https:\/\/dev.tg4.ie\/en\/information\/press\/press-releases\/2018-2\/tg4-to-broadcast-new-live-entertainment-show-seo-beo-pheil-na-mban-le-lidl-previewing-and-celebrating-this-years-ladies-football-final\/#primaryimage"},"image":{"@id":"https:\/\/dev.tg4.ie\/en\/information\/press\/press-releases\/2018-2\/tg4-to-broadcast-new-live-entertainment-show-seo-beo-pheil-na-mban-le-lidl-previewing-and-celebrating-this-years-ladies-football-final\/#primaryimage"},"thumbnailUrl":"https:\/\/tg4-docs.s3.amazonaws.com\/tg4-redesign-2015\/wp-content\/uploads\/2018\/09\/Se%C3%B3-Beo-Peil-na-mBan1.jpg","datePublished":"2018-09-11T08:48:21+00:00","dateModified":"2019-07-01T11:09:39+00:00","breadcrumb":{"@id":"https:\/\/dev.tg4.ie\/en\/information\/press\/press-releases\/2018-2\/tg4-to-broadcast-new-live-entertainment-show-seo-beo-pheil-na-mban-le-lidl-previewing-and-celebrating-this-years-ladies-football-final\/#breadcrumb"},"inLanguage":"en-ie","potentialAction":[{"@type":"ReadAction","target":["https:\/\/dev.tg4.ie\/en\/information\/press\/press-releases\/2018-2\/tg4-to-broadcast-new-live-entertainment-show-seo-beo-pheil-na-mban-le-lidl-previewing-and-celebrating-this-years-ladies-football-final\/"]}]},{"@type":"ImageObject","inLanguage":"en-ie","@id":"https:\/\/dev.tg4.ie\/en\/information\/press\/press-releases\/2018-2\/tg4-to-broadcast-new-live-entertainment-show-seo-beo-pheil-na-mban-le-lidl-previewing-and-celebrating-this-years-ladies-football-final\/#primaryimage","url":"https:\/\/tg4-docs.s3.amazonaws.com\/tg4-redesign-2015\/wp-content\/uploads\/2018\/09\/Se%C3%B3-Beo-Peil-na-mBan1.jpg","contentUrl":"https:\/\/tg4-docs.s3.amazonaws.com\/tg4-redesign-2015\/wp-content\/uploads\/2018\/09\/Se%C3%B3-Beo-Peil-na-mBan1.jpg","width":1920,"height":1080,"caption":"Se\u00f3 Beo Peil na mBan 1"},{"@type":"BreadcrumbList","@id":"https:\/\/dev.tg4.ie\/en\/information\/press\/press-releases\/2018-2\/tg4-to-broadcast-new-live-entertainment-show-seo-beo-pheil-na-mban-le-lidl-previewing-and-celebrating-this-years-ladies-football-final\/#breadcrumb","itemListElement":[{"@type":"ListItem","position":1,"name":"Home","item":"https:\/\/dev.tg4.ie\/en\/"},{"@type":"ListItem","position":2,"name":"Information","item":"https:\/\/dev.tg4.ie\/en\/information\/"},{"@type":"ListItem","position":3,"name":"Press","item":"https:\/\/dev.tg4.ie\/en\/information\/press\/"},{"@type":"ListItem","position":4,"name":"Press Releases","item":"https:\/\/dev.tg4.ie\/en\/information\/press\/press-releases\/"},{"@type":"ListItem","position":5,"name":"2018","item":"https:\/\/dev.tg4.ie\/en\/information\/press\/press-releases\/2018-2\/"},{"@type":"ListItem","position":6,"name":"TG4 to broadcast new live entertainment show \u2018Se\u00f3 Beo Pheil na mBan le Lidl\u2019 previewing and celebrating this year\u2019s Ladies\u2019 Football Final"}]},{"@type":"WebSite","@id":"https:\/\/dev.tg4.ie\/en\/#website","url":"https:\/\/dev.tg4.ie\/en\/","name":"TG4","description":"S\u00fail Eile","potentialAction":[{"@type":"SearchAction","target":{"@type":"EntryPoint","urlTemplate":"https:\/\/dev.tg4.ie\/en\/?s={search_term_string}"},"query-input":"required name=search_term_string"}],"inLanguage":"en-ie"}]}},"_links":{"self":[{"href":"https:\/\/dev.tg4.ie\/en\/wp-json\/wp\/v2\/pages\/92652"}],"collection":[{"href":"https:\/\/dev.tg4.ie\/en\/wp-json\/wp\/v2\/pages"}],"about":[{"href":"https:\/\/dev.tg4.ie\/en\/wp-json\/wp\/v2\/types\/page"}],"author":[{"embeddable":true,"href":"https:\/\/dev.tg4.ie\/en\/wp-json\/wp\/v2\/users\/876"}],"replies":[{"embeddable":true,"href":"https:\/\/dev.tg4.ie\/en\/wp-json\/wp\/v2\/comments?post=92652"}],"version-history":[{"count":0,"href":"https:\/\/dev.tg4.ie\/en\/wp-json\/wp\/v2\/pages\/92652\/revisions"}],"up":[{"embeddable":true,"href":"https:\/\/dev.tg4.ie\/en\/wp-json\/wp\/v2\/pages\/72851"}],"wp:featuredmedia":[{"embeddable":true,"href":"https:\/\/dev.tg4.ie\/en\/wp-json\/wp\/v2\/media\/92281"}],"wp:attachment":[{"href":"https:\/\/dev.tg4.ie\/en\/wp-json\/wp\/v2\/media?parent=92652"}],"curies":[{"name":"wp","href":"https:\/\/api.w.org\/{rel}","templated":true}]}}