{"id":93886,"date":"2018-10-05T11:57:47","date_gmt":"2018-10-05T10:57:47","guid":{"rendered":"https:\/\/dev.tg4.ie\/corporate\/press\/press-releases\/2018-2\/underdogs\/"},"modified":"2019-07-01T12:14:57","modified_gmt":"2019-07-01T11:14:57","slug":"underdogs","status":"publish","type":"page","link":"https:\/\/dev.tg4.ie\/en\/information\/press\/press-releases\/2018-2\/underdogs\/","title":{"rendered":"Underdogs to take on All Ireland Champions&#8230; Dublin"},"content":{"rendered":"<p>GAA Beo will provide live coverage for the series finale from Parnell Park in Dublin on Friday 19th October 2018. The broadcast will start at 19.20, with match throw-in at 19.45.<\/p>\n<p>The Underdogs team is managed by a team of footballing legends; former Galway Captain Ray Silke, former Cork Ladies Footballer Valerie Mulcahy and former Kerry footballer Paul Galvin.<\/p>\n<p>The Underdogs is a unique group of players, from different GAA clubs all across the country. These footballers have never played at a senior intercounty championship level before.<\/p>\n<p>Over the last few weeks we have seen the players\u2019 trials and training and listened to them tell their own stories on the Underdogs series on TG4. Now, after months of preparation and intense training they are ready to take on the Dubs.<\/p>\n<p>TG4\u2019s legendary GAA series \u2018Underdogs\u2019 is back on our screens for the first time in 10 years.. The original series launched the careers of a number of All-Ireland champions, not least Kerry powerhouse Kieran Donaghy and Cork\u2019s Pearse O\u2019Neill.<\/p>\n<p>R\u00f3n\u00e1n \u00d3 Coisdealbha TG4\u2019s Head of Sport says \u201cTG4 are very proud of our association with the Underdogs series which featured on our station for the first time in 2003. We would like to thank all the Underdogs players and management, Dublin GAA and the GAA in Croke Park for all their support.<br \/>\nThis is a unique opportunity for the selected Underdogs players and hopefully we will see some footballers who might get the opportunity to play for their county in the near future. We are delighted to be involved in this unique experience and look forward to seeing how the Underdogs progress in the coming weeks and in the Final against Dublin.\u201d<\/p>\n<p>Jim Gavin Dublin Manager says, \u201cI think the concept of Underdogs is a great one and we&#8217;re looking forward to playing this unique game under lights in Parnell Park, against this team of aspiring inter-county footballers\u201d<\/p>\n<p><strong>The Underdogs panel are as follows<\/strong><\/p>\n<ol>\n<li>Adam Wilson &#8211; (Scoil U\u00ed Chonaill, Co. Dublin)<\/li>\n<li>Anthony Durney &#8211; (Moorefield GAA, Co. Kildare)<\/li>\n<li>Blake Forkan &#8211; (St. Eunan\u2019s, Co. Donegal originally from Killtimagh, Co. Mayo)<\/li>\n<li>Calum Gallagher &#8211; (Naomh Br\u00edd, Co. Donegal)<\/li>\n<li>Ciar\u00e1n Mac Fhearghusa &#8211; (Na Gaeil \u00d3ga, Co. Dublin)<\/li>\n<li>Colm Flynn &#8211; (Ballymahon GAA, Co. Longford)<\/li>\n<li>Conor McKenna &#8211; (\u00c9ire \u00d3g Doire Achaidh, Co. Antrim)<\/li>\n<li>Cormac Doohan &#8211; (Ballaghaderreen GAA, Co. Roscommon)<\/li>\n<li>Daragh Murrin &#8211; (Duninkeely, Co. Donegal)<\/li>\n<li>Darragh O\u2019Shea &#8211; (Ballydonoghue GAA, Co. Kerry)<\/li>\n<li>DJ Murphy &#8211; (Gneeveguilla GAA, Co. Kerry)<\/li>\n<li>Eamon O\u2019Donoghue &#8211; (Padraig Pearses, Co. Roscommon)<\/li>\n<li>Enda Fleming &#8211; (Corofin, Co. Galway)<\/li>\n<li>Fintan \u00d3 Cuanaigh &#8211; (St. James, Co. Galway)<\/li>\n<li>Gary O\u2019Daly &#8211; (St. Mary\u2019s, Co. Leitrim)<\/li>\n<li>Graham Heavey &#8211; (Ballyboden St. Enda\u2019s, Co. Dublin)<\/li>\n<li>Michael Molloy &#8211; (John Mitchel\u2019s Liverpool originally from Co.Donegal)<\/li>\n<li>Miche\u00e1l McCarville &#8211; (Scotstown GAA, Co. Monaghan)<\/li>\n<li>Niall Canning &#8211; (Drumcliff Rosses Point, Co. Sligo)<\/li>\n<li>Nigel Rabbitt &#8211; (Northern Gaels, Co. Longford)<\/li>\n<li>Richie Greene &#8211; (Athlone GAA, Co. Westmeath)<\/li>\n<li>Ronan O\u2019Neill &#8211; (Derrytresk GFC, Co. Tyrone)<\/li>\n<li>Ruairi Cunningham &#8211; (Clonmore Robert Emmets, Co. Armagh)<\/li>\n<li>Ryan Treanor &#8211; (Thomas Clarke\u2019s, Co. Tyrone)<\/li>\n<li>Sam McCurdy &#8211; (O\u2019Dwyers GAA, Co. Dublin)<\/li>\n<li>Se\u00e1n Brady &#8211; (St. Treas Ballymaguigan, Co. Derry)<\/li>\n<li>Stephen Harford &#8211; (Round Towers, Co. Dublin)<\/li>\n<li>Steven Scallan &#8211; (O\u2019Loughlin Gaels, Co. Kilkenny)<\/li>\n<li>Trevor Murtagh &#8211; (St. Barry\u2019s, Co. Roscommon)<\/li>\n<\/ol>\n<p>** The match will be broadcast live from Parnell Park on TG4 on Friday 19th October 2018. Broadcast will begin at 19.20 with match throw-in at 19.45 **<br \/>\n*** The Underdogs series continues to air on Thursday nights at 21.30, and repeated on Saturday at 19.45 and is available on the TG4 Player ***<br \/>\n**** Tickets for the game will go on sale next week ****<br \/>\n***** This series of Underdogs is sponsored by Supermacs *****<br \/>\n****** The Underdogs team gear is provided by O\u2019Neills ******<\/p>\n","protected":false},"excerpt":{"rendered":"<p>GAA Beo will provide live coverage for the series finale from Parnell Park in Dublin on Friday 19th October 2018. The broadcast will start at 19.20, with match throw-in at 19.45. The Underdogs team is managed by a team of footballing legends; former Galway Captain Ray Silke, former Cork Ladies Footballer Valerie Mulcahy and former [&hellip;]<\/p>\n","protected":false},"author":4,"featured_media":92294,"parent":72851,"menu_order":43,"comment_status":"closed","ping_status":"closed","template":"page-templates\/template-pr.php","meta":{"_acf_changed":false,"footnotes":""},"acf":[],"yoast_head":"<!-- This site is optimized with the Yoast SEO plugin v22.6 - https:\/\/yoast.com\/wordpress\/plugins\/seo\/ -->\n<title>Underdogs to take on All Ireland Champions... Dublin - TG4<\/title>\n<meta name=\"robots\" content=\"index, follow, max-snippet:-1, max-image-preview:large, max-video-preview:-1\" \/>\n<meta property=\"og:locale\" content=\"en_US\" \/>\n<meta property=\"og:type\" content=\"article\" \/>\n<meta property=\"og:title\" content=\"Underdogs to take on All Ireland Champions... Dublin - TG4\" \/>\n<meta property=\"og:description\" content=\"GAA Beo will provide live coverage for the series finale from Parnell Park in Dublin on Friday 19th October 2018. The broadcast will start at 19.20, with match throw-in at 19.45. The Underdogs team is managed by a team of footballing legends; former Galway Captain Ray Silke, former Cork Ladies Footballer Valerie Mulcahy and former [&hellip;]\" \/>\n<meta property=\"og:url\" content=\"https:\/\/dev.tg4.ie\/en\/information\/press\/press-releases\/2018-2\/underdogs\/\" \/>\n<meta property=\"og:site_name\" content=\"TG4\" \/>\n<meta property=\"article:publisher\" content=\"https:\/\/www.facebook.com\/TG4TV\" \/>\n<meta property=\"article:modified_time\" content=\"2019-07-01T11:14:57+00:00\" \/>\n<meta property=\"og:image\" content=\"https:\/\/tg4-docs.s3.amazonaws.com\/tg4-redesign-2015\/wp-content\/uploads\/2018\/09\/Underdogs_-_Roghnoiri_5_vmdqit.jpg\" \/>\n\t<meta property=\"og:image:width\" content=\"1920\" \/>\n\t<meta property=\"og:image:height\" content=\"1080\" \/>\n\t<meta property=\"og:image:type\" content=\"image\/jpeg\" \/>\n<meta name=\"twitter:card\" content=\"summary_large_image\" \/>\n<meta name=\"twitter:site\" content=\"@TG4TV\" \/>\n<meta name=\"twitter:label1\" content=\"Est. reading time\" \/>\n\t<meta name=\"twitter:data1\" content=\"3 minutes\" \/>\n<script type=\"application\/ld+json\" class=\"yoast-schema-graph\">{\"@context\":\"https:\/\/schema.org\",\"@graph\":[{\"@type\":\"WebPage\",\"@id\":\"https:\/\/dev.tg4.ie\/en\/information\/press\/press-releases\/2018-2\/underdogs\/\",\"url\":\"https:\/\/dev.tg4.ie\/en\/information\/press\/press-releases\/2018-2\/underdogs\/\",\"name\":\"Underdogs to take on All Ireland Champions... Dublin - TG4\",\"isPartOf\":{\"@id\":\"https:\/\/dev.tg4.ie\/en\/#website\"},\"primaryImageOfPage\":{\"@id\":\"https:\/\/dev.tg4.ie\/en\/information\/press\/press-releases\/2018-2\/underdogs\/#primaryimage\"},\"image\":{\"@id\":\"https:\/\/dev.tg4.ie\/en\/information\/press\/press-releases\/2018-2\/underdogs\/#primaryimage\"},\"thumbnailUrl\":\"https:\/\/tg4-docs.s3.amazonaws.com\/tg4-redesign-2015\/wp-content\/uploads\/2018\/09\/Underdogs_-_Roghnoiri_5_vmdqit.jpg\",\"datePublished\":\"2018-10-05T10:57:47+00:00\",\"dateModified\":\"2019-07-01T11:14:57+00:00\",\"breadcrumb\":{\"@id\":\"https:\/\/dev.tg4.ie\/en\/information\/press\/press-releases\/2018-2\/underdogs\/#breadcrumb\"},\"inLanguage\":\"en-ie\",\"potentialAction\":[{\"@type\":\"ReadAction\",\"target\":[\"https:\/\/dev.tg4.ie\/en\/information\/press\/press-releases\/2018-2\/underdogs\/\"]}]},{\"@type\":\"ImageObject\",\"inLanguage\":\"en-ie\",\"@id\":\"https:\/\/dev.tg4.ie\/en\/information\/press\/press-releases\/2018-2\/underdogs\/#primaryimage\",\"url\":\"https:\/\/tg4-docs.s3.amazonaws.com\/tg4-redesign-2015\/wp-content\/uploads\/2018\/09\/Underdogs_-_Roghnoiri_5_vmdqit.jpg\",\"contentUrl\":\"https:\/\/tg4-docs.s3.amazonaws.com\/tg4-redesign-2015\/wp-content\/uploads\/2018\/09\/Underdogs_-_Roghnoiri_5_vmdqit.jpg\",\"width\":1920,\"height\":1080},{\"@type\":\"BreadcrumbList\",\"@id\":\"https:\/\/dev.tg4.ie\/en\/information\/press\/press-releases\/2018-2\/underdogs\/#breadcrumb\",\"itemListElement\":[{\"@type\":\"ListItem\",\"position\":1,\"name\":\"Home\",\"item\":\"https:\/\/dev.tg4.ie\/en\/\"},{\"@type\":\"ListItem\",\"position\":2,\"name\":\"Information\",\"item\":\"https:\/\/dev.tg4.ie\/en\/information\/\"},{\"@type\":\"ListItem\",\"position\":3,\"name\":\"Press\",\"item\":\"https:\/\/dev.tg4.ie\/en\/information\/press\/\"},{\"@type\":\"ListItem\",\"position\":4,\"name\":\"Press Releases\",\"item\":\"https:\/\/dev.tg4.ie\/en\/information\/press\/press-releases\/\"},{\"@type\":\"ListItem\",\"position\":5,\"name\":\"2018\",\"item\":\"https:\/\/dev.tg4.ie\/en\/information\/press\/press-releases\/2018-2\/\"},{\"@type\":\"ListItem\",\"position\":6,\"name\":\"Underdogs to take on All Ireland Champions&#8230; Dublin\"}]},{\"@type\":\"WebSite\",\"@id\":\"https:\/\/dev.tg4.ie\/en\/#website\",\"url\":\"https:\/\/dev.tg4.ie\/en\/\",\"name\":\"TG4\",\"description\":\"S\u00fail Eile\",\"potentialAction\":[{\"@type\":\"SearchAction\",\"target\":{\"@type\":\"EntryPoint\",\"urlTemplate\":\"https:\/\/dev.tg4.ie\/en\/?s={search_term_string}\"},\"query-input\":\"required name=search_term_string\"}],\"inLanguage\":\"en-ie\"}]}<\/script>\n<!-- \/ Yoast SEO plugin. -->","yoast_head_json":{"title":"Underdogs to take on All Ireland Champions... Dublin - TG4","robots":{"index":"index","follow":"follow","max-snippet":"max-snippet:-1","max-image-preview":"max-image-preview:large","max-video-preview":"max-video-preview:-1"},"og_locale":"en_US","og_type":"article","og_title":"Underdogs to take on All Ireland Champions... Dublin - TG4","og_description":"GAA Beo will provide live coverage for the series finale from Parnell Park in Dublin on Friday 19th October 2018. The broadcast will start at 19.20, with match throw-in at 19.45. The Underdogs team is managed by a team of footballing legends; former Galway Captain Ray Silke, former Cork Ladies Footballer Valerie Mulcahy and former [&hellip;]","og_url":"https:\/\/dev.tg4.ie\/en\/information\/press\/press-releases\/2018-2\/underdogs\/","og_site_name":"TG4","article_publisher":"https:\/\/www.facebook.com\/TG4TV","article_modified_time":"2019-07-01T11:14:57+00:00","og_image":[{"width":1920,"height":1080,"url":"https:\/\/tg4-docs.s3.amazonaws.com\/tg4-redesign-2015\/wp-content\/uploads\/2018\/09\/Underdogs_-_Roghnoiri_5_vmdqit.jpg","type":"image\/jpeg"}],"twitter_card":"summary_large_image","twitter_site":"@TG4TV","twitter_misc":{"Est. reading time":"3 minutes"},"schema":{"@context":"https:\/\/schema.org","@graph":[{"@type":"WebPage","@id":"https:\/\/dev.tg4.ie\/en\/information\/press\/press-releases\/2018-2\/underdogs\/","url":"https:\/\/dev.tg4.ie\/en\/information\/press\/press-releases\/2018-2\/underdogs\/","name":"Underdogs to take on All Ireland Champions... Dublin - TG4","isPartOf":{"@id":"https:\/\/dev.tg4.ie\/en\/#website"},"primaryImageOfPage":{"@id":"https:\/\/dev.tg4.ie\/en\/information\/press\/press-releases\/2018-2\/underdogs\/#primaryimage"},"image":{"@id":"https:\/\/dev.tg4.ie\/en\/information\/press\/press-releases\/2018-2\/underdogs\/#primaryimage"},"thumbnailUrl":"https:\/\/tg4-docs.s3.amazonaws.com\/tg4-redesign-2015\/wp-content\/uploads\/2018\/09\/Underdogs_-_Roghnoiri_5_vmdqit.jpg","datePublished":"2018-10-05T10:57:47+00:00","dateModified":"2019-07-01T11:14:57+00:00","breadcrumb":{"@id":"https:\/\/dev.tg4.ie\/en\/information\/press\/press-releases\/2018-2\/underdogs\/#breadcrumb"},"inLanguage":"en-ie","potentialAction":[{"@type":"ReadAction","target":["https:\/\/dev.tg4.ie\/en\/information\/press\/press-releases\/2018-2\/underdogs\/"]}]},{"@type":"ImageObject","inLanguage":"en-ie","@id":"https:\/\/dev.tg4.ie\/en\/information\/press\/press-releases\/2018-2\/underdogs\/#primaryimage","url":"https:\/\/tg4-docs.s3.amazonaws.com\/tg4-redesign-2015\/wp-content\/uploads\/2018\/09\/Underdogs_-_Roghnoiri_5_vmdqit.jpg","contentUrl":"https:\/\/tg4-docs.s3.amazonaws.com\/tg4-redesign-2015\/wp-content\/uploads\/2018\/09\/Underdogs_-_Roghnoiri_5_vmdqit.jpg","width":1920,"height":1080},{"@type":"BreadcrumbList","@id":"https:\/\/dev.tg4.ie\/en\/information\/press\/press-releases\/2018-2\/underdogs\/#breadcrumb","itemListElement":[{"@type":"ListItem","position":1,"name":"Home","item":"https:\/\/dev.tg4.ie\/en\/"},{"@type":"ListItem","position":2,"name":"Information","item":"https:\/\/dev.tg4.ie\/en\/information\/"},{"@type":"ListItem","position":3,"name":"Press","item":"https:\/\/dev.tg4.ie\/en\/information\/press\/"},{"@type":"ListItem","position":4,"name":"Press Releases","item":"https:\/\/dev.tg4.ie\/en\/information\/press\/press-releases\/"},{"@type":"ListItem","position":5,"name":"2018","item":"https:\/\/dev.tg4.ie\/en\/information\/press\/press-releases\/2018-2\/"},{"@type":"ListItem","position":6,"name":"Underdogs to take on All Ireland Champions&#8230; Dublin"}]},{"@type":"WebSite","@id":"https:\/\/dev.tg4.ie\/en\/#website","url":"https:\/\/dev.tg4.ie\/en\/","name":"TG4","description":"S\u00fail Eile","potentialAction":[{"@type":"SearchAction","target":{"@type":"EntryPoint","urlTemplate":"https:\/\/dev.tg4.ie\/en\/?s={search_term_string}"},"query-input":"required name=search_term_string"}],"inLanguage":"en-ie"}]}},"_links":{"self":[{"href":"https:\/\/dev.tg4.ie\/en\/wp-json\/wp\/v2\/pages\/93886"}],"collection":[{"href":"https:\/\/dev.tg4.ie\/en\/wp-json\/wp\/v2\/pages"}],"about":[{"href":"https:\/\/dev.tg4.ie\/en\/wp-json\/wp\/v2\/types\/page"}],"author":[{"embeddable":true,"href":"https:\/\/dev.tg4.ie\/en\/wp-json\/wp\/v2\/users\/4"}],"replies":[{"embeddable":true,"href":"https:\/\/dev.tg4.ie\/en\/wp-json\/wp\/v2\/comments?post=93886"}],"version-history":[{"count":0,"href":"https:\/\/dev.tg4.ie\/en\/wp-json\/wp\/v2\/pages\/93886\/revisions"}],"up":[{"embeddable":true,"href":"https:\/\/dev.tg4.ie\/en\/wp-json\/wp\/v2\/pages\/72851"}],"wp:featuredmedia":[{"embeddable":true,"href":"https:\/\/dev.tg4.ie\/en\/wp-json\/wp\/v2\/media\/92294"}],"wp:attachment":[{"href":"https:\/\/dev.tg4.ie\/en\/wp-json\/wp\/v2\/media?parent=93886"}],"curies":[{"name":"wp","href":"https:\/\/api.w.org\/{rel}","templated":true}]}}