{"id":95342,"date":"2018-11-01T11:15:26","date_gmt":"2018-11-01T11:15:26","guid":{"rendered":"https:\/\/dev.tg4.ie\/?page_id=95342"},"modified":"2019-07-01T12:23:53","modified_gmt":"2019-07-01T11:23:53","slug":"tg4-takes-centre-stage-at-oireachtas-na-samhna","status":"publish","type":"page","link":"https:\/\/dev.tg4.ie\/en\/information\/press\/press-releases\/2018-2\/tg4-takes-centre-stage-at-oireachtas-na-samhna\/","title":{"rendered":"TG4 Takes Centre Stage at Oireachtas na Samhna"},"content":{"rendered":"<p><a href=\"https:\/\/www.molsceal.ie\/\" target=\"_blank\" rel=\"noopener noreferrer\">MOLSC\u00c9AL<\/a> is the first ever app that provides short form video content for the Irish language speaking community all in one place. They are community based, visual stories, created by a panel of visual storytellers. You can find entertainment, news, archive and sports content on <a href=\"https:\/\/www.molsceal.ie\/\" target=\"_blank\" rel=\"noopener noreferrer\">MOLSC\u00c9AL<\/a>. Well known academic and broadcaster Aodh \u00d3 Coile\u00e1in will officially launch MOLSC\u00c9AL at 5.30pm on Thursday.<\/p>\n<p>TG4 will broadcast a wide range of programming from this years Oireachtas na Samhna as well. Nuacht TG4 comes live from Killarney at 7pm on Wednesday, Thursday and Friday evening. \u2018L\u00e1r St\u00e1itse\u2019 live at 8pm on Friday will give a tatse of the best of the entertainment on offer and we will also broadcast the hugely popular sean n\u00f3s dancing competition, \u2018Steip\u2019, live on Saturday from 1.30pm.<\/p>\n<p>We will be providing a huge amount of extra content on TG4\u2019s online platforms as well throughout the festival. On Wednesday you can watch the Irish language \u2018Oscars\u2019 \u2013 Gradam Chumars\u00e1ide &#8211; live. You can also view the sean n\u00f3s singing competitions for men, women and the \u2018All-Ireland\u2019 for singers, Corn Ui Riada, live on the player. We have the young peoples song writing competition, \u2018Beo\u2019, on Thursday night, as well as the competitions for adults in the verbal dramatic arts of poetry, parody and sketches on Thursday &amp; Friday.<\/p>\n<p>All of this content and the broadcast details are easily accessible at <a href=\"https:\/\/dev.tg4.ie\/oireachtas\" target=\"_blank\" rel=\"noopener noreferrer\">www.tg4.ie\/oireachtas<\/a>.<\/p>\n<p>This year we also honour renowned sean n\u00f3s singer Sarah Ghr\u00edallais with the premiere of a new programme chrinicling her life and work in \u2018S\u00e9 mo Laoch \u2013 Sarah Ghr\u00edallais\u2019, produced by Aniar TV which will be screened at a special event on Friday at 5pm.<\/p>\n<p>We will also be launching a brand new, 52 part, young peoples art and stortytelling series \u2018\u00c1r Sc\u00e9al\u2019, produce by Meangadh F\u00edb\u00edn, as part of our C\u00fala4 young peoples party on Saturday morning.<\/p>\n<p>TG4 is also proud to see the work of our former Deputy Director General, P\u00e1dhraic \u00d3 Ciardha, honoured with a lifetime achievement award at the Irish language media awards and we also have a host of programmes, films, presenters, journalists and digital content competing for the prestigious \u2018Oscars\u2019 as well.<\/p>\n<p>The breadth and richness of TG4\u2019s online archive and educational content will be showcased in a special presentation at the Oireachtas \u2018Market\u2019 and people will be guided through the resources, including programmes, music, songs and educational content which is all available through our TG4 website.<\/p>\n<p>The following is a timetable of the events which TG4 is involved in at this years Oireachtas na Samhna:<\/p>\n<p>TG4 BROADCAST AND EVENT LIST FOR OIREACHTAS NA SAMHNA 2018<\/p>\n<p><strong><u>Wednesday, 31<\/u><\/strong><strong><u>st October, 2018\u00a0<\/u><\/strong><\/p>\n<ul>\n<li>Nuacht TG4\u00a0 (7.00pm) Television broadcast<\/li>\n<li>Red Carpet\u00a0 \u00a0(7.15pm) <a href=\"https:\/\/dev.tg4.ie\/oireachtas\" target=\"_blank\" rel=\"noopener noreferrer\">tg4.ie\/oireachtas<\/a><\/li>\n<li>Communications \u2018Oscars\u2019\u00a0 (8.00pm) <a href=\"https:\/\/dev.tg4.ie\/oireachtas\" target=\"_blank\" rel=\"noopener noreferrer\">tg4.ie\/oireachtas<\/a><\/li>\n<\/ul>\n<p><strong><u>Thursday, 1<\/u><\/strong><strong><u>st November, 2018\u00a0<\/u><\/strong><\/p>\n<ul>\n<li>Sketch\/Agallamh Beirte competition\u00a0 (2pm) <a href=\"https:\/\/dev.tg4.ie\/oireachtas\" target=\"_blank\" rel=\"noopener noreferrer\">tg4.ie\/oireachtas<\/a><\/li>\n<li>Nuacht TG4\u00a0 (7pm) Television broadcast<\/li>\n<li>Womens\u2019 Sean-N\u00f3s\u00a0 (7pm) <a href=\"https:\/\/dev.tg4.ie\/oireachtas\" target=\"_blank\" rel=\"noopener noreferrer\">tg4.ie\/oireachtas<\/a><\/li>\n<li>\u2018Beo\u2019 competition\u00a0 (8pm) <a href=\"https:\/\/dev.tg4.ie\/oireachtas\" target=\"_blank\" rel=\"noopener noreferrer\">tg4.ie\/oireachtas<\/a><\/li>\n<\/ul>\n<p><strong><u>Friday, 2<\/u><\/strong><strong><u>nd <\/u><\/strong><strong><u>November, 2018\u00a0<\/u><\/strong><\/p>\n<ul>\n<li>L\u00faib\u00edn\u00ed \/ Amhr\u00e1in Saothair\u00a0 (2pm) <a href=\"https:\/\/dev.tg4.ie\/oireachtas\" target=\"_blank\" rel=\"noopener noreferrer\">tg4.ie\/oireachtas<\/a><\/li>\n<li>Nuacht TG4\u00a0 (7pm) Television broadcast<\/li>\n<li>Mens\u2019 Sean-N\u00f3s\u00a0 (7pm) <a href=\"https:\/\/dev.tg4.ie\/oireachtas\" target=\"_blank\" rel=\"noopener noreferrer\">tg4.ie\/oireachtas<\/a><\/li>\n<li>\u2018L\u00e1r St\u00e1itse\u2019\u00a0 (8pm) Television broadcast<\/li>\n<\/ul>\n<p><strong><u>Saturday, 3<\/u><\/strong><strong><u>rd <\/u><\/strong><strong><u>November, 2018\u00a0<\/u><\/strong><\/p>\n<ul>\n<li>Steip\u00a0 (1.30pm) Television broadcast<\/li>\n<li>Corn U\u00ed Riada\u00a0 (7pm) <a href=\"https:\/\/dev.tg4.ie\/oireachtas\" target=\"_blank\" rel=\"noopener noreferrer\">tg4.ie\/oireachtas<\/a><\/li>\n<\/ul>\n<p><strong><u>Other TG4<\/u><\/strong><strong><u> <span>events at <\/span>O<\/u><\/strong><strong><u>ireachtas <\/u><\/strong><strong><u>na Samhna 2018\u00a0<\/u><\/strong><\/p>\n<p><strong>Thursday, 1<\/strong><strong>st <\/strong><strong>November, 201<\/strong><strong>8\u00a0<\/strong><\/p>\n<ul>\n<li>Molsc\u00e9al App launch\u00a0 (5.30pm) Ballroom, Gleneagle Hotel<\/li>\n<\/ul>\n<p><strong>Friday, 2<\/strong><strong>nd <\/strong><strong>November, 201<\/strong><strong>8\u00a0<\/strong><\/p>\n<ul>\n<li>\u2018S\u00e9 Mo Laoch launch\u00a0 (5.00pm) Oireachtas Theatre<\/li>\n<\/ul>\n<p><strong>Saturday, 4<\/strong><strong>th <\/strong><strong>November 201<\/strong><strong>8\u00a0<\/strong><\/p>\n<ul>\n<li>C\u00fala4 party\u00a0 (11am) Mangerton Room, Gleneagle<\/li>\n<\/ul>\n","protected":false},"excerpt":{"rendered":"<p>MOLSC\u00c9AL is the first ever app that provides short form video content for the Irish language speaking community all in one place. They are community based, visual stories, created by a panel of visual storytellers. You can find entertainment, news, archive and sports content on MOLSC\u00c9AL. Well known academic and broadcaster Aodh \u00d3 Coile\u00e1in will [&hellip;]<\/p>\n","protected":false},"author":876,"featured_media":95343,"parent":72851,"menu_order":46,"comment_status":"closed","ping_status":"closed","template":"page-templates\/template-pr.php","meta":{"_acf_changed":false,"footnotes":""},"acf":[],"yoast_head":"<!-- This site is optimized with the Yoast SEO plugin v22.6 - https:\/\/yoast.com\/wordpress\/plugins\/seo\/ -->\n<title>TG4 Takes Centre Stage at Oireachtas na Samhna - TG4<\/title>\n<meta name=\"robots\" content=\"index, follow, max-snippet:-1, max-image-preview:large, max-video-preview:-1\" \/>\n<meta property=\"og:locale\" content=\"en_US\" \/>\n<meta property=\"og:type\" content=\"article\" \/>\n<meta property=\"og:title\" content=\"TG4 Takes Centre Stage at Oireachtas na Samhna - TG4\" \/>\n<meta property=\"og:description\" content=\"MOLSC\u00c9AL is the first ever app that provides short form video content for the Irish language speaking community all in one place. They are community based, visual stories, created by a panel of visual storytellers. You can find entertainment, news, archive and sports content on MOLSC\u00c9AL. Well known academic and broadcaster Aodh \u00d3 Coile\u00e1in will [&hellip;]\" \/>\n<meta property=\"og:url\" content=\"https:\/\/dev.tg4.ie\/en\/information\/press\/press-releases\/2018-2\/tg4-takes-centre-stage-at-oireachtas-na-samhna\/\" \/>\n<meta property=\"og:site_name\" content=\"TG4\" \/>\n<meta property=\"article:publisher\" content=\"https:\/\/www.facebook.com\/TG4TV\" \/>\n<meta property=\"article:modified_time\" content=\"2019-07-01T11:23:53+00:00\" \/>\n<meta property=\"og:image\" content=\"https:\/\/tg4-docs.s3.amazonaws.com\/tg4-redesign-2015\/wp-content\/uploads\/2018\/11\/Buaiteoir_CuR_2017.jpg\" \/>\n\t<meta property=\"og:image:width\" content=\"1920\" \/>\n\t<meta property=\"og:image:height\" content=\"1080\" \/>\n\t<meta property=\"og:image:type\" content=\"image\/jpeg\" \/>\n<meta name=\"twitter:card\" content=\"summary_large_image\" \/>\n<meta name=\"twitter:site\" content=\"@TG4TV\" \/>\n<meta name=\"twitter:label1\" content=\"Est. reading time\" \/>\n\t<meta name=\"twitter:data1\" content=\"3 minutes\" \/>\n<script type=\"application\/ld+json\" class=\"yoast-schema-graph\">{\"@context\":\"https:\/\/schema.org\",\"@graph\":[{\"@type\":\"WebPage\",\"@id\":\"https:\/\/dev.tg4.ie\/en\/information\/press\/press-releases\/2018-2\/tg4-takes-centre-stage-at-oireachtas-na-samhna\/\",\"url\":\"https:\/\/dev.tg4.ie\/en\/information\/press\/press-releases\/2018-2\/tg4-takes-centre-stage-at-oireachtas-na-samhna\/\",\"name\":\"TG4 Takes Centre Stage at Oireachtas na Samhna - TG4\",\"isPartOf\":{\"@id\":\"https:\/\/dev.tg4.ie\/en\/#website\"},\"primaryImageOfPage\":{\"@id\":\"https:\/\/dev.tg4.ie\/en\/information\/press\/press-releases\/2018-2\/tg4-takes-centre-stage-at-oireachtas-na-samhna\/#primaryimage\"},\"image\":{\"@id\":\"https:\/\/dev.tg4.ie\/en\/information\/press\/press-releases\/2018-2\/tg4-takes-centre-stage-at-oireachtas-na-samhna\/#primaryimage\"},\"thumbnailUrl\":\"https:\/\/tg4-docs.s3.amazonaws.com\/tg4-redesign-2015\/wp-content\/uploads\/2018\/11\/Buaiteoir_CuR_2017.jpg\",\"datePublished\":\"2018-11-01T11:15:26+00:00\",\"dateModified\":\"2019-07-01T11:23:53+00:00\",\"breadcrumb\":{\"@id\":\"https:\/\/dev.tg4.ie\/en\/information\/press\/press-releases\/2018-2\/tg4-takes-centre-stage-at-oireachtas-na-samhna\/#breadcrumb\"},\"inLanguage\":\"en-ie\",\"potentialAction\":[{\"@type\":\"ReadAction\",\"target\":[\"https:\/\/dev.tg4.ie\/en\/information\/press\/press-releases\/2018-2\/tg4-takes-centre-stage-at-oireachtas-na-samhna\/\"]}]},{\"@type\":\"ImageObject\",\"inLanguage\":\"en-ie\",\"@id\":\"https:\/\/dev.tg4.ie\/en\/information\/press\/press-releases\/2018-2\/tg4-takes-centre-stage-at-oireachtas-na-samhna\/#primaryimage\",\"url\":\"https:\/\/tg4-docs.s3.amazonaws.com\/tg4-redesign-2015\/wp-content\/uploads\/2018\/11\/Buaiteoir_CuR_2017.jpg\",\"contentUrl\":\"https:\/\/tg4-docs.s3.amazonaws.com\/tg4-redesign-2015\/wp-content\/uploads\/2018\/11\/Buaiteoir_CuR_2017.jpg\",\"width\":1920,\"height\":1080},{\"@type\":\"BreadcrumbList\",\"@id\":\"https:\/\/dev.tg4.ie\/en\/information\/press\/press-releases\/2018-2\/tg4-takes-centre-stage-at-oireachtas-na-samhna\/#breadcrumb\",\"itemListElement\":[{\"@type\":\"ListItem\",\"position\":1,\"name\":\"Home\",\"item\":\"https:\/\/dev.tg4.ie\/en\/\"},{\"@type\":\"ListItem\",\"position\":2,\"name\":\"Information\",\"item\":\"https:\/\/dev.tg4.ie\/en\/information\/\"},{\"@type\":\"ListItem\",\"position\":3,\"name\":\"Press\",\"item\":\"https:\/\/dev.tg4.ie\/en\/information\/press\/\"},{\"@type\":\"ListItem\",\"position\":4,\"name\":\"Press Releases\",\"item\":\"https:\/\/dev.tg4.ie\/en\/information\/press\/press-releases\/\"},{\"@type\":\"ListItem\",\"position\":5,\"name\":\"2018\",\"item\":\"https:\/\/dev.tg4.ie\/en\/information\/press\/press-releases\/2018-2\/\"},{\"@type\":\"ListItem\",\"position\":6,\"name\":\"TG4 Takes Centre Stage at Oireachtas na Samhna\"}]},{\"@type\":\"WebSite\",\"@id\":\"https:\/\/dev.tg4.ie\/en\/#website\",\"url\":\"https:\/\/dev.tg4.ie\/en\/\",\"name\":\"TG4\",\"description\":\"S\u00fail Eile\",\"potentialAction\":[{\"@type\":\"SearchAction\",\"target\":{\"@type\":\"EntryPoint\",\"urlTemplate\":\"https:\/\/dev.tg4.ie\/en\/?s={search_term_string}\"},\"query-input\":\"required name=search_term_string\"}],\"inLanguage\":\"en-ie\"}]}<\/script>\n<!-- \/ Yoast SEO plugin. -->","yoast_head_json":{"title":"TG4 Takes Centre Stage at Oireachtas na Samhna - TG4","robots":{"index":"index","follow":"follow","max-snippet":"max-snippet:-1","max-image-preview":"max-image-preview:large","max-video-preview":"max-video-preview:-1"},"og_locale":"en_US","og_type":"article","og_title":"TG4 Takes Centre Stage at Oireachtas na Samhna - TG4","og_description":"MOLSC\u00c9AL is the first ever app that provides short form video content for the Irish language speaking community all in one place. They are community based, visual stories, created by a panel of visual storytellers. You can find entertainment, news, archive and sports content on MOLSC\u00c9AL. Well known academic and broadcaster Aodh \u00d3 Coile\u00e1in will [&hellip;]","og_url":"https:\/\/dev.tg4.ie\/en\/information\/press\/press-releases\/2018-2\/tg4-takes-centre-stage-at-oireachtas-na-samhna\/","og_site_name":"TG4","article_publisher":"https:\/\/www.facebook.com\/TG4TV","article_modified_time":"2019-07-01T11:23:53+00:00","og_image":[{"width":1920,"height":1080,"url":"https:\/\/tg4-docs.s3.amazonaws.com\/tg4-redesign-2015\/wp-content\/uploads\/2018\/11\/Buaiteoir_CuR_2017.jpg","type":"image\/jpeg"}],"twitter_card":"summary_large_image","twitter_site":"@TG4TV","twitter_misc":{"Est. reading time":"3 minutes"},"schema":{"@context":"https:\/\/schema.org","@graph":[{"@type":"WebPage","@id":"https:\/\/dev.tg4.ie\/en\/information\/press\/press-releases\/2018-2\/tg4-takes-centre-stage-at-oireachtas-na-samhna\/","url":"https:\/\/dev.tg4.ie\/en\/information\/press\/press-releases\/2018-2\/tg4-takes-centre-stage-at-oireachtas-na-samhna\/","name":"TG4 Takes Centre Stage at Oireachtas na Samhna - TG4","isPartOf":{"@id":"https:\/\/dev.tg4.ie\/en\/#website"},"primaryImageOfPage":{"@id":"https:\/\/dev.tg4.ie\/en\/information\/press\/press-releases\/2018-2\/tg4-takes-centre-stage-at-oireachtas-na-samhna\/#primaryimage"},"image":{"@id":"https:\/\/dev.tg4.ie\/en\/information\/press\/press-releases\/2018-2\/tg4-takes-centre-stage-at-oireachtas-na-samhna\/#primaryimage"},"thumbnailUrl":"https:\/\/tg4-docs.s3.amazonaws.com\/tg4-redesign-2015\/wp-content\/uploads\/2018\/11\/Buaiteoir_CuR_2017.jpg","datePublished":"2018-11-01T11:15:26+00:00","dateModified":"2019-07-01T11:23:53+00:00","breadcrumb":{"@id":"https:\/\/dev.tg4.ie\/en\/information\/press\/press-releases\/2018-2\/tg4-takes-centre-stage-at-oireachtas-na-samhna\/#breadcrumb"},"inLanguage":"en-ie","potentialAction":[{"@type":"ReadAction","target":["https:\/\/dev.tg4.ie\/en\/information\/press\/press-releases\/2018-2\/tg4-takes-centre-stage-at-oireachtas-na-samhna\/"]}]},{"@type":"ImageObject","inLanguage":"en-ie","@id":"https:\/\/dev.tg4.ie\/en\/information\/press\/press-releases\/2018-2\/tg4-takes-centre-stage-at-oireachtas-na-samhna\/#primaryimage","url":"https:\/\/tg4-docs.s3.amazonaws.com\/tg4-redesign-2015\/wp-content\/uploads\/2018\/11\/Buaiteoir_CuR_2017.jpg","contentUrl":"https:\/\/tg4-docs.s3.amazonaws.com\/tg4-redesign-2015\/wp-content\/uploads\/2018\/11\/Buaiteoir_CuR_2017.jpg","width":1920,"height":1080},{"@type":"BreadcrumbList","@id":"https:\/\/dev.tg4.ie\/en\/information\/press\/press-releases\/2018-2\/tg4-takes-centre-stage-at-oireachtas-na-samhna\/#breadcrumb","itemListElement":[{"@type":"ListItem","position":1,"name":"Home","item":"https:\/\/dev.tg4.ie\/en\/"},{"@type":"ListItem","position":2,"name":"Information","item":"https:\/\/dev.tg4.ie\/en\/information\/"},{"@type":"ListItem","position":3,"name":"Press","item":"https:\/\/dev.tg4.ie\/en\/information\/press\/"},{"@type":"ListItem","position":4,"name":"Press Releases","item":"https:\/\/dev.tg4.ie\/en\/information\/press\/press-releases\/"},{"@type":"ListItem","position":5,"name":"2018","item":"https:\/\/dev.tg4.ie\/en\/information\/press\/press-releases\/2018-2\/"},{"@type":"ListItem","position":6,"name":"TG4 Takes Centre Stage at Oireachtas na Samhna"}]},{"@type":"WebSite","@id":"https:\/\/dev.tg4.ie\/en\/#website","url":"https:\/\/dev.tg4.ie\/en\/","name":"TG4","description":"S\u00fail Eile","potentialAction":[{"@type":"SearchAction","target":{"@type":"EntryPoint","urlTemplate":"https:\/\/dev.tg4.ie\/en\/?s={search_term_string}"},"query-input":"required name=search_term_string"}],"inLanguage":"en-ie"}]}},"_links":{"self":[{"href":"https:\/\/dev.tg4.ie\/en\/wp-json\/wp\/v2\/pages\/95342"}],"collection":[{"href":"https:\/\/dev.tg4.ie\/en\/wp-json\/wp\/v2\/pages"}],"about":[{"href":"https:\/\/dev.tg4.ie\/en\/wp-json\/wp\/v2\/types\/page"}],"author":[{"embeddable":true,"href":"https:\/\/dev.tg4.ie\/en\/wp-json\/wp\/v2\/users\/876"}],"replies":[{"embeddable":true,"href":"https:\/\/dev.tg4.ie\/en\/wp-json\/wp\/v2\/comments?post=95342"}],"version-history":[{"count":0,"href":"https:\/\/dev.tg4.ie\/en\/wp-json\/wp\/v2\/pages\/95342\/revisions"}],"up":[{"embeddable":true,"href":"https:\/\/dev.tg4.ie\/en\/wp-json\/wp\/v2\/pages\/72851"}],"wp:featuredmedia":[{"embeddable":true,"href":"https:\/\/dev.tg4.ie\/en\/wp-json\/wp\/v2\/media\/95343"}],"wp:attachment":[{"href":"https:\/\/dev.tg4.ie\/en\/wp-json\/wp\/v2\/media?parent=95342"}],"curies":[{"name":"wp","href":"https:\/\/api.w.org\/{rel}","templated":true}]}}