{"id":96023,"date":"2018-11-12T16:47:30","date_gmt":"2018-11-12T16:47:30","guid":{"rendered":"https:\/\/dev.tg4.ie\/?page_id=96023"},"modified":"2019-07-01T12:55:14","modified_gmt":"2019-07-01T11:55:14","slug":"gaeil-uk-on-tg4-gives-unique-insight-into-irish-in-britain","status":"publish","type":"page","link":"https:\/\/dev.tg4.ie\/en\/information\/press\/press-releases\/2018-2\/gaeil-uk-on-tg4-gives-unique-insight-into-irish-in-britain\/","title":{"rendered":"\u2018Gaeil UK\u2019 on TG4 gives unique insight into Irish in Britain"},"content":{"rendered":"<p>Separated by only 60 miles and with a complicated shared history, the Irish are the single largest immigrant community in the United Kingdom. There are over 6 million people in Britain who claim an Irish grandparent and over 500,000 people living in Britain were born in Ireland. On his journey Se\u00e1n meets with the many generations of Irish immigrants who now called the UK home. The long established Irish community have deep roots in the UK and have assimilated into every aspect of life there while continuing to preserve their own very distinctive Irish identity.<\/p>\n<p><strong><u>Programme 1 \u2013 Liverpool, Leeds &amp; Huddersfield<\/u><\/strong><\/p>\n<p>In the first episode Sean Mac an tS\u00edthigh arrives in Liverpool, the entry point to Britain for millions of Irish, a city with a long established Irish community. From here he travels across the Pennines to Yorkshire &#8211; to Leeds and Huddersfield; where after the Second World War thousands and thousands of Irish men and women arrived to help re-build a shattered country. While cities and towns like Leeds and Huddersfield might no longer be popular destinations for young Irish immigrants, the large 2nd and 3rd generation Irish community continue to have a strong and unique presence here.<\/p>\n<p><strong><u>Programme 2 \u2013 Scotland<\/u><\/strong><\/p>\n<p>In the second episode Se\u00e1n ventures North to Glasgow to meet the large Irish community living there. With a strong vibrant Donegal presence in the city, Se\u00e1n speaks with Hudie \u00d3 Fearraigh about the many changes he has seen in the city over the years, before Hudie returns home permanently to Gaoth Dobhair. Se\u00e1n visits the set of a new and emotive stage production based on the tragic deaths of ten young potato pickers from Mayo who died in 1937 in a fire on a farm in Kirkintilloch. Se\u00e1n then gets an insight into the Irish, Catholic charitable ethos that still remains strong in the education system.<\/p>\n<p><strong><u>Programme 3 \u2013 Birmingham &amp; the Midlands<\/u><\/strong><\/p>\n<p>In the third episode Se\u00e1n heads to the British midlands to meet the large Irish community living there and discovers how the unique Irish support network helps those in the Irish community most in need. While in Birmingham he revisits a dark period for the Irish community in the city when the IRA bombing campaign meant a difficult time for the Irish in Britain. Becoming a professional footballer in England is a dream held by many Irish youngsters, while thousands have failed Sean meets with one Irishman who finally fulfilled that dream after many attempts.<\/p>\n<p><strong><u>Programme 4 &#8211; London<\/u><\/strong><\/p>\n<p>In the final episode of the series, Se\u00e1n arrives in London to meet the long established Irish community living there. For decades large parts of London such as KiIburn, Cricklewood, and Camden Town were identified as being Irish, and though these areas are no longer predominately Irish they remain very much part of the Irish identity in the city. Se\u00e1n finds a vibrant and deep rooted community on both sides of the Thames where their talents and culture are well respected. The Irish are now to the fore in the city and can benefit from all that London and Britain can offer.<\/p>\n<ul>\n<li>Link to pictures here:\u00a0<a href=\"https:\/\/tg4365-my.sharepoint.com\/:f:\/g\/personal\/trevor_o_clochartaigh_tg4_ie\/EretEvNfre1NhNRu48Lp7CgBzDzDIQONop7xqK1_LjzO6Q?e=740U6x\" target=\"_blank\" rel=\"noopener noreferrer\">https:\/\/tg4365-my.sharepoint.com\/:f:\/g\/personal\/trevor_o_clochartaigh_tg4_ie\/EretEvNfre1NhNRu48Lp7CgBzDzDIQONop7xqK1_LjzO6Q?e=740U6x<\/a><\/li>\n<li>Link to video promo:\u00a0<a href=\"http:\/\/mhq70911clink.tg4.ie\/wf\/click?upn=W5Rx-2FuuWIgIeTyBWLgBwTwYb8WmMswVUkZHAYoZjARFHv4hHwUNu2kSiCuGAnUPt_ftCS7aD2B1CdKPmhuiLR1cazVDNRSBPiiJDJBBTORabQ8ouIeTDsn7Zal-2FfewF-2B16tN7qjwFwB-2B8Z-2F0CHdStdvzbUZ-2FKCiqOlP2Mw0jRC8wW60M9ZtDffjX6yrAzVcGrkzjHu2-2BKjFNQotamqvWB7VMBOtyqGfaiOZ380I2i1-2BlmjN2Y94-2Fc5XDUZ9RE1wquolJ-2BD4-2F5WUAOJUXx4tjb5wbsS-2Bj85KiIqXFxMx6DSlQ-3D\" target=\"_blank\" rel=\"noopener noreferrer\">https:\/\/grabyo.com\/g\/v\/iiPFhhJ8X1P<\/a><\/li>\n<\/ul>\n<p><strong>Cast:<\/strong> S\u00e9amus Conneely, Tom Togher, Edel Robinson, Sadie Cunningham, Kathleen Cunningham, , Labhr\u00e1s \u00d3 Conghaile, James McDonald, M\u00e9abh Nic Alastair, Kate O&#8217;Connor, Muireann Kelly, Hudie \u00d3 Fearraigh, Padraig McGarvey, Eileen Tompkins.<\/p>\n<p><strong>For further information please contact<\/strong><\/p>\n<p><strong>Series Producer: Se\u00e1n \u00d3 Cual\u00e1in, Aniar:\u00a0 <u><a href=\"mailto:sean@aniartv.ie\" target=\"_blank\" rel=\"noopener noreferrer\">sean@aniartv.ie<\/a><\/u>\u00a0 087 9480684<\/strong><\/p>\n<p><strong>TG4 Press:<\/strong> Linda N\u00ed Ghr\u00edofa \u2013 <u><a href=\"mailto:linda.ni.ghriofa@dev.tg4.ie\" target=\"_blank\" rel=\"noopener noreferrer\">linda.ni.ghriofa@dev.tg4.ie<\/a><\/u>; (087)9172864<\/p>\n<p>Aniar have offices in Gaoth Dobhair, Corca Dhuibhne &amp; Conamara<\/p>\n","protected":false},"excerpt":{"rendered":"<p>Separated by only 60 miles and with a complicated shared history, the Irish are the single largest immigrant community in the United Kingdom. There are over 6 million people in Britain who claim an Irish grandparent and over 500,000 people living in Britain were born in Ireland. On his journey Se\u00e1n meets with the many [&hellip;]<\/p>\n","protected":false},"author":876,"featured_media":96024,"parent":72851,"menu_order":48,"comment_status":"closed","ping_status":"closed","template":"page-templates\/template-pr.php","meta":{"_acf_changed":false,"footnotes":""},"acf":[],"yoast_head":"<!-- This site is optimized with the Yoast SEO plugin v22.6 - https:\/\/yoast.com\/wordpress\/plugins\/seo\/ -->\n<title>\u2018Gaeil UK\u2019 on TG4 gives unique insight into Irish in Britain - TG4<\/title>\n<meta name=\"robots\" content=\"index, follow, max-snippet:-1, max-image-preview:large, max-video-preview:-1\" \/>\n<meta property=\"og:locale\" content=\"en_US\" \/>\n<meta property=\"og:type\" content=\"article\" \/>\n<meta property=\"og:title\" content=\"\u2018Gaeil UK\u2019 on TG4 gives unique insight into Irish in Britain - TG4\" \/>\n<meta property=\"og:description\" content=\"Separated by only 60 miles and with a complicated shared history, the Irish are the single largest immigrant community in the United Kingdom. There are over 6 million people in Britain who claim an Irish grandparent and over 500,000 people living in Britain were born in Ireland. On his journey Se\u00e1n meets with the many [&hellip;]\" \/>\n<meta property=\"og:url\" content=\"https:\/\/dev.tg4.ie\/en\/information\/press\/press-releases\/2018-2\/gaeil-uk-on-tg4-gives-unique-insight-into-irish-in-britain\/\" \/>\n<meta property=\"og:site_name\" content=\"TG4\" \/>\n<meta property=\"article:publisher\" content=\"https:\/\/www.facebook.com\/TG4TV\" \/>\n<meta property=\"article:modified_time\" content=\"2019-07-01T11:55:14+00:00\" \/>\n<meta property=\"og:image\" content=\"https:\/\/tg4-docs.s3.amazonaws.com\/tg4-redesign-2015\/wp-content\/uploads\/2018\/11\/Seoladh-Gaeil-UK-beag1.jpg\" \/>\n\t<meta property=\"og:image:width\" content=\"1732\" \/>\n\t<meta property=\"og:image:height\" content=\"1154\" \/>\n\t<meta property=\"og:image:type\" content=\"image\/jpeg\" \/>\n<meta name=\"twitter:card\" content=\"summary_large_image\" \/>\n<meta name=\"twitter:site\" content=\"@TG4TV\" \/>\n<meta name=\"twitter:label1\" content=\"Est. reading time\" \/>\n\t<meta name=\"twitter:data1\" content=\"3 minutes\" \/>\n<script type=\"application\/ld+json\" class=\"yoast-schema-graph\">{\"@context\":\"https:\/\/schema.org\",\"@graph\":[{\"@type\":\"WebPage\",\"@id\":\"https:\/\/dev.tg4.ie\/en\/information\/press\/press-releases\/2018-2\/gaeil-uk-on-tg4-gives-unique-insight-into-irish-in-britain\/\",\"url\":\"https:\/\/dev.tg4.ie\/en\/information\/press\/press-releases\/2018-2\/gaeil-uk-on-tg4-gives-unique-insight-into-irish-in-britain\/\",\"name\":\"\u2018Gaeil UK\u2019 on TG4 gives unique insight into Irish in Britain - TG4\",\"isPartOf\":{\"@id\":\"https:\/\/dev.tg4.ie\/en\/#website\"},\"primaryImageOfPage\":{\"@id\":\"https:\/\/dev.tg4.ie\/en\/information\/press\/press-releases\/2018-2\/gaeil-uk-on-tg4-gives-unique-insight-into-irish-in-britain\/#primaryimage\"},\"image\":{\"@id\":\"https:\/\/dev.tg4.ie\/en\/information\/press\/press-releases\/2018-2\/gaeil-uk-on-tg4-gives-unique-insight-into-irish-in-britain\/#primaryimage\"},\"thumbnailUrl\":\"https:\/\/tg4-docs.s3.amazonaws.com\/tg4-redesign-2015\/wp-content\/uploads\/2018\/11\/Seoladh-Gaeil-UK-beag1.jpg\",\"datePublished\":\"2018-11-12T16:47:30+00:00\",\"dateModified\":\"2019-07-01T11:55:14+00:00\",\"breadcrumb\":{\"@id\":\"https:\/\/dev.tg4.ie\/en\/information\/press\/press-releases\/2018-2\/gaeil-uk-on-tg4-gives-unique-insight-into-irish-in-britain\/#breadcrumb\"},\"inLanguage\":\"en-ie\",\"potentialAction\":[{\"@type\":\"ReadAction\",\"target\":[\"https:\/\/dev.tg4.ie\/en\/information\/press\/press-releases\/2018-2\/gaeil-uk-on-tg4-gives-unique-insight-into-irish-in-britain\/\"]}]},{\"@type\":\"ImageObject\",\"inLanguage\":\"en-ie\",\"@id\":\"https:\/\/dev.tg4.ie\/en\/information\/press\/press-releases\/2018-2\/gaeil-uk-on-tg4-gives-unique-insight-into-irish-in-britain\/#primaryimage\",\"url\":\"https:\/\/tg4-docs.s3.amazonaws.com\/tg4-redesign-2015\/wp-content\/uploads\/2018\/11\/Seoladh-Gaeil-UK-beag1.jpg\",\"contentUrl\":\"https:\/\/tg4-docs.s3.amazonaws.com\/tg4-redesign-2015\/wp-content\/uploads\/2018\/11\/Seoladh-Gaeil-UK-beag1.jpg\",\"width\":1732,\"height\":1154},{\"@type\":\"BreadcrumbList\",\"@id\":\"https:\/\/dev.tg4.ie\/en\/information\/press\/press-releases\/2018-2\/gaeil-uk-on-tg4-gives-unique-insight-into-irish-in-britain\/#breadcrumb\",\"itemListElement\":[{\"@type\":\"ListItem\",\"position\":1,\"name\":\"Home\",\"item\":\"https:\/\/dev.tg4.ie\/en\/\"},{\"@type\":\"ListItem\",\"position\":2,\"name\":\"Information\",\"item\":\"https:\/\/dev.tg4.ie\/en\/information\/\"},{\"@type\":\"ListItem\",\"position\":3,\"name\":\"Press\",\"item\":\"https:\/\/dev.tg4.ie\/en\/information\/press\/\"},{\"@type\":\"ListItem\",\"position\":4,\"name\":\"Press Releases\",\"item\":\"https:\/\/dev.tg4.ie\/en\/information\/press\/press-releases\/\"},{\"@type\":\"ListItem\",\"position\":5,\"name\":\"2018\",\"item\":\"https:\/\/dev.tg4.ie\/en\/information\/press\/press-releases\/2018-2\/\"},{\"@type\":\"ListItem\",\"position\":6,\"name\":\"\u2018Gaeil UK\u2019 on TG4 gives unique insight into Irish in Britain\"}]},{\"@type\":\"WebSite\",\"@id\":\"https:\/\/dev.tg4.ie\/en\/#website\",\"url\":\"https:\/\/dev.tg4.ie\/en\/\",\"name\":\"TG4\",\"description\":\"S\u00fail Eile\",\"potentialAction\":[{\"@type\":\"SearchAction\",\"target\":{\"@type\":\"EntryPoint\",\"urlTemplate\":\"https:\/\/dev.tg4.ie\/en\/?s={search_term_string}\"},\"query-input\":\"required name=search_term_string\"}],\"inLanguage\":\"en-ie\"}]}<\/script>\n<!-- \/ Yoast SEO plugin. -->","yoast_head_json":{"title":"\u2018Gaeil UK\u2019 on TG4 gives unique insight into Irish in Britain - TG4","robots":{"index":"index","follow":"follow","max-snippet":"max-snippet:-1","max-image-preview":"max-image-preview:large","max-video-preview":"max-video-preview:-1"},"og_locale":"en_US","og_type":"article","og_title":"\u2018Gaeil UK\u2019 on TG4 gives unique insight into Irish in Britain - TG4","og_description":"Separated by only 60 miles and with a complicated shared history, the Irish are the single largest immigrant community in the United Kingdom. There are over 6 million people in Britain who claim an Irish grandparent and over 500,000 people living in Britain were born in Ireland. On his journey Se\u00e1n meets with the many [&hellip;]","og_url":"https:\/\/dev.tg4.ie\/en\/information\/press\/press-releases\/2018-2\/gaeil-uk-on-tg4-gives-unique-insight-into-irish-in-britain\/","og_site_name":"TG4","article_publisher":"https:\/\/www.facebook.com\/TG4TV","article_modified_time":"2019-07-01T11:55:14+00:00","og_image":[{"width":1732,"height":1154,"url":"https:\/\/tg4-docs.s3.amazonaws.com\/tg4-redesign-2015\/wp-content\/uploads\/2018\/11\/Seoladh-Gaeil-UK-beag1.jpg","type":"image\/jpeg"}],"twitter_card":"summary_large_image","twitter_site":"@TG4TV","twitter_misc":{"Est. reading time":"3 minutes"},"schema":{"@context":"https:\/\/schema.org","@graph":[{"@type":"WebPage","@id":"https:\/\/dev.tg4.ie\/en\/information\/press\/press-releases\/2018-2\/gaeil-uk-on-tg4-gives-unique-insight-into-irish-in-britain\/","url":"https:\/\/dev.tg4.ie\/en\/information\/press\/press-releases\/2018-2\/gaeil-uk-on-tg4-gives-unique-insight-into-irish-in-britain\/","name":"\u2018Gaeil UK\u2019 on TG4 gives unique insight into Irish in Britain - TG4","isPartOf":{"@id":"https:\/\/dev.tg4.ie\/en\/#website"},"primaryImageOfPage":{"@id":"https:\/\/dev.tg4.ie\/en\/information\/press\/press-releases\/2018-2\/gaeil-uk-on-tg4-gives-unique-insight-into-irish-in-britain\/#primaryimage"},"image":{"@id":"https:\/\/dev.tg4.ie\/en\/information\/press\/press-releases\/2018-2\/gaeil-uk-on-tg4-gives-unique-insight-into-irish-in-britain\/#primaryimage"},"thumbnailUrl":"https:\/\/tg4-docs.s3.amazonaws.com\/tg4-redesign-2015\/wp-content\/uploads\/2018\/11\/Seoladh-Gaeil-UK-beag1.jpg","datePublished":"2018-11-12T16:47:30+00:00","dateModified":"2019-07-01T11:55:14+00:00","breadcrumb":{"@id":"https:\/\/dev.tg4.ie\/en\/information\/press\/press-releases\/2018-2\/gaeil-uk-on-tg4-gives-unique-insight-into-irish-in-britain\/#breadcrumb"},"inLanguage":"en-ie","potentialAction":[{"@type":"ReadAction","target":["https:\/\/dev.tg4.ie\/en\/information\/press\/press-releases\/2018-2\/gaeil-uk-on-tg4-gives-unique-insight-into-irish-in-britain\/"]}]},{"@type":"ImageObject","inLanguage":"en-ie","@id":"https:\/\/dev.tg4.ie\/en\/information\/press\/press-releases\/2018-2\/gaeil-uk-on-tg4-gives-unique-insight-into-irish-in-britain\/#primaryimage","url":"https:\/\/tg4-docs.s3.amazonaws.com\/tg4-redesign-2015\/wp-content\/uploads\/2018\/11\/Seoladh-Gaeil-UK-beag1.jpg","contentUrl":"https:\/\/tg4-docs.s3.amazonaws.com\/tg4-redesign-2015\/wp-content\/uploads\/2018\/11\/Seoladh-Gaeil-UK-beag1.jpg","width":1732,"height":1154},{"@type":"BreadcrumbList","@id":"https:\/\/dev.tg4.ie\/en\/information\/press\/press-releases\/2018-2\/gaeil-uk-on-tg4-gives-unique-insight-into-irish-in-britain\/#breadcrumb","itemListElement":[{"@type":"ListItem","position":1,"name":"Home","item":"https:\/\/dev.tg4.ie\/en\/"},{"@type":"ListItem","position":2,"name":"Information","item":"https:\/\/dev.tg4.ie\/en\/information\/"},{"@type":"ListItem","position":3,"name":"Press","item":"https:\/\/dev.tg4.ie\/en\/information\/press\/"},{"@type":"ListItem","position":4,"name":"Press Releases","item":"https:\/\/dev.tg4.ie\/en\/information\/press\/press-releases\/"},{"@type":"ListItem","position":5,"name":"2018","item":"https:\/\/dev.tg4.ie\/en\/information\/press\/press-releases\/2018-2\/"},{"@type":"ListItem","position":6,"name":"\u2018Gaeil UK\u2019 on TG4 gives unique insight into Irish in Britain"}]},{"@type":"WebSite","@id":"https:\/\/dev.tg4.ie\/en\/#website","url":"https:\/\/dev.tg4.ie\/en\/","name":"TG4","description":"S\u00fail Eile","potentialAction":[{"@type":"SearchAction","target":{"@type":"EntryPoint","urlTemplate":"https:\/\/dev.tg4.ie\/en\/?s={search_term_string}"},"query-input":"required name=search_term_string"}],"inLanguage":"en-ie"}]}},"_links":{"self":[{"href":"https:\/\/dev.tg4.ie\/en\/wp-json\/wp\/v2\/pages\/96023"}],"collection":[{"href":"https:\/\/dev.tg4.ie\/en\/wp-json\/wp\/v2\/pages"}],"about":[{"href":"https:\/\/dev.tg4.ie\/en\/wp-json\/wp\/v2\/types\/page"}],"author":[{"embeddable":true,"href":"https:\/\/dev.tg4.ie\/en\/wp-json\/wp\/v2\/users\/876"}],"replies":[{"embeddable":true,"href":"https:\/\/dev.tg4.ie\/en\/wp-json\/wp\/v2\/comments?post=96023"}],"version-history":[{"count":0,"href":"https:\/\/dev.tg4.ie\/en\/wp-json\/wp\/v2\/pages\/96023\/revisions"}],"up":[{"embeddable":true,"href":"https:\/\/dev.tg4.ie\/en\/wp-json\/wp\/v2\/pages\/72851"}],"wp:featuredmedia":[{"embeddable":true,"href":"https:\/\/dev.tg4.ie\/en\/wp-json\/wp\/v2\/media\/96024"}],"wp:attachment":[{"href":"https:\/\/dev.tg4.ie\/en\/wp-json\/wp\/v2\/media?parent=96023"}],"curies":[{"name":"wp","href":"https:\/\/api.w.org\/{rel}","templated":true}]}}