{"id":97278,"date":"2018-12-04T16:02:25","date_gmt":"2018-12-04T16:02:25","guid":{"rendered":"https:\/\/dev.tg4.ie\/?page_id=97278"},"modified":"2019-07-01T14:33:02","modified_gmt":"2019-07-01T13:33:02","slug":"tg4-to-broadcast-3-hours-of-professional-boxing-in-association-with-assassin-promotions","status":"publish","type":"page","link":"https:\/\/dev.tg4.ie\/en\/information\/press\/press-releases\/2018-2\/tg4-to-broadcast-3-hours-of-professional-boxing-in-association-with-assassin-promotions\/","title":{"rendered":"TG4 to Broadcast 3 Hours of Professional Boxing in association with Assassin Promotions"},"content":{"rendered":"<p>Live coverage of the boxing bouts involving Ray Moylette, Gary Spike O Sullivan, Roy Sheahan and many more will be presented by M\u00e1ire Treasa N\u00ed Cheallaigh with commentary by Se\u00e1n B\u00e1n Breathnach and Kenneth Egan.<\/p>\n<p>Punditry \/ Analysis on the night will be provided by current NABF Middleweight champion Jason Quigley, Rosmuc legend Se\u00e1n \u00d3 Mainn\u00edn, former unified world champion Ryan Burnett and European Silver Medalist Darren O Neil.<\/p>\n<p>TG4&#8217;s Head of Sport R\u00f3n\u00e1n \u00d3 Coisdealbha said <em>&#8221; TG4 are delighted to partner up with Assassin Promotions once again to broadcast a brilliant night of boxing. It&#8217;s important for Irish boxing to have a platform to showcase their talent and we&#8217;re delighted to be able to broadcast such a great night of boxing free to air&#8221;<\/em><\/p>\n<p>Conor Slater from Assassin Boxing added <em>&#8220;We&#8217;re delighted that TG4 are on board once again to help us to promote this great sporting event.&#8221;<\/em><\/p>\n<p>Local man Ray Moylette takes on the tough Christian Uruzquieta for the WBC international lightweight title in the main event. The undercard provides a strong line up of Irish boxers which includes Gary Spike O Sullivan&#8217;s first fight in Ireland in 4 years.<\/p>\n<p>The event will take place in the Royal Theatre, Castlebar in Co Mayo.<\/p>\n<p>The full under card for the night reads as follows:<\/p>\n<ul>\n<li>Roy Sheahan v Lukasz Rafalko<\/li>\n<li>Dylan Moran v Nelson Altamirano<\/li>\n<li>Spike O\u2019Sullivan v Gabor Gorbics<\/li>\n<li>Luis Garcia v Ivan Brkljaca<\/li>\n<li>Ray Moylette v Christian Uruzquieta<\/li>\n<\/ul>\n","protected":false},"excerpt":{"rendered":"<p>Live coverage of the boxing bouts involving Ray Moylette, Gary Spike O Sullivan, Roy Sheahan and many more will be presented by M\u00e1ire Treasa N\u00ed Cheallaigh with commentary by Se\u00e1n B\u00e1n Breathnach and Kenneth Egan. Punditry \/ Analysis on the night will be provided by current NABF Middleweight champion Jason Quigley, Rosmuc legend Se\u00e1n \u00d3 [&hellip;]<\/p>\n","protected":false},"author":876,"featured_media":97853,"parent":72851,"menu_order":53,"comment_status":"closed","ping_status":"closed","template":"page-templates\/template-pr.php","meta":{"_acf_changed":false,"footnotes":""},"acf":[],"yoast_head":"<!-- This site is optimized with the Yoast SEO plugin v22.6 - https:\/\/yoast.com\/wordpress\/plugins\/seo\/ -->\n<title>TG4 to Broadcast 3 Hours of Professional Boxing in association with Assassin Promotions - TG4<\/title>\n<meta name=\"robots\" content=\"index, follow, max-snippet:-1, max-image-preview:large, max-video-preview:-1\" \/>\n<meta property=\"og:locale\" content=\"en_US\" \/>\n<meta property=\"og:type\" content=\"article\" \/>\n<meta property=\"og:title\" content=\"TG4 to Broadcast 3 Hours of Professional Boxing in association with Assassin Promotions - TG4\" \/>\n<meta property=\"og:description\" content=\"Live coverage of the boxing bouts involving Ray Moylette, Gary Spike O Sullivan, Roy Sheahan and many more will be presented by M\u00e1ire Treasa N\u00ed Cheallaigh with commentary by Se\u00e1n B\u00e1n Breathnach and Kenneth Egan. Punditry \/ Analysis on the night will be provided by current NABF Middleweight champion Jason Quigley, Rosmuc legend Se\u00e1n \u00d3 [&hellip;]\" \/>\n<meta property=\"og:url\" content=\"https:\/\/dev.tg4.ie\/en\/information\/press\/press-releases\/2018-2\/tg4-to-broadcast-3-hours-of-professional-boxing-in-association-with-assassin-promotions\/\" \/>\n<meta property=\"og:site_name\" content=\"TG4\" \/>\n<meta property=\"article:publisher\" content=\"https:\/\/www.facebook.com\/TG4TV\" \/>\n<meta property=\"article:modified_time\" content=\"2019-07-01T13:33:02+00:00\" \/>\n<meta property=\"og:image\" content=\"https:\/\/tg4-docs.s3.amazonaws.com\/tg4-redesign-2015\/wp-content\/uploads\/2018\/12\/Boxing_Ray_Moylette.jpg\" \/>\n\t<meta property=\"og:image:width\" content=\"1920\" \/>\n\t<meta property=\"og:image:height\" content=\"1080\" \/>\n\t<meta property=\"og:image:type\" content=\"image\/jpeg\" \/>\n<meta name=\"twitter:card\" content=\"summary_large_image\" \/>\n<meta name=\"twitter:site\" content=\"@TG4TV\" \/>\n<meta name=\"twitter:label1\" content=\"Est. reading time\" \/>\n\t<meta name=\"twitter:data1\" content=\"1 minute\" \/>\n<script type=\"application\/ld+json\" class=\"yoast-schema-graph\">{\"@context\":\"https:\/\/schema.org\",\"@graph\":[{\"@type\":\"WebPage\",\"@id\":\"https:\/\/dev.tg4.ie\/en\/information\/press\/press-releases\/2018-2\/tg4-to-broadcast-3-hours-of-professional-boxing-in-association-with-assassin-promotions\/\",\"url\":\"https:\/\/dev.tg4.ie\/en\/information\/press\/press-releases\/2018-2\/tg4-to-broadcast-3-hours-of-professional-boxing-in-association-with-assassin-promotions\/\",\"name\":\"TG4 to Broadcast 3 Hours of Professional Boxing in association with Assassin Promotions - TG4\",\"isPartOf\":{\"@id\":\"https:\/\/dev.tg4.ie\/en\/#website\"},\"primaryImageOfPage\":{\"@id\":\"https:\/\/dev.tg4.ie\/en\/information\/press\/press-releases\/2018-2\/tg4-to-broadcast-3-hours-of-professional-boxing-in-association-with-assassin-promotions\/#primaryimage\"},\"image\":{\"@id\":\"https:\/\/dev.tg4.ie\/en\/information\/press\/press-releases\/2018-2\/tg4-to-broadcast-3-hours-of-professional-boxing-in-association-with-assassin-promotions\/#primaryimage\"},\"thumbnailUrl\":\"https:\/\/tg4-docs.s3.amazonaws.com\/tg4-redesign-2015\/wp-content\/uploads\/2018\/12\/Boxing_Ray_Moylette.jpg\",\"datePublished\":\"2018-12-04T16:02:25+00:00\",\"dateModified\":\"2019-07-01T13:33:02+00:00\",\"breadcrumb\":{\"@id\":\"https:\/\/dev.tg4.ie\/en\/information\/press\/press-releases\/2018-2\/tg4-to-broadcast-3-hours-of-professional-boxing-in-association-with-assassin-promotions\/#breadcrumb\"},\"inLanguage\":\"en-ie\",\"potentialAction\":[{\"@type\":\"ReadAction\",\"target\":[\"https:\/\/dev.tg4.ie\/en\/information\/press\/press-releases\/2018-2\/tg4-to-broadcast-3-hours-of-professional-boxing-in-association-with-assassin-promotions\/\"]}]},{\"@type\":\"ImageObject\",\"inLanguage\":\"en-ie\",\"@id\":\"https:\/\/dev.tg4.ie\/en\/information\/press\/press-releases\/2018-2\/tg4-to-broadcast-3-hours-of-professional-boxing-in-association-with-assassin-promotions\/#primaryimage\",\"url\":\"https:\/\/tg4-docs.s3.amazonaws.com\/tg4-redesign-2015\/wp-content\/uploads\/2018\/12\/Boxing_Ray_Moylette.jpg\",\"contentUrl\":\"https:\/\/tg4-docs.s3.amazonaws.com\/tg4-redesign-2015\/wp-content\/uploads\/2018\/12\/Boxing_Ray_Moylette.jpg\",\"width\":1920,\"height\":1080},{\"@type\":\"BreadcrumbList\",\"@id\":\"https:\/\/dev.tg4.ie\/en\/information\/press\/press-releases\/2018-2\/tg4-to-broadcast-3-hours-of-professional-boxing-in-association-with-assassin-promotions\/#breadcrumb\",\"itemListElement\":[{\"@type\":\"ListItem\",\"position\":1,\"name\":\"Home\",\"item\":\"https:\/\/dev.tg4.ie\/en\/\"},{\"@type\":\"ListItem\",\"position\":2,\"name\":\"Information\",\"item\":\"https:\/\/dev.tg4.ie\/en\/information\/\"},{\"@type\":\"ListItem\",\"position\":3,\"name\":\"Press\",\"item\":\"https:\/\/dev.tg4.ie\/en\/information\/press\/\"},{\"@type\":\"ListItem\",\"position\":4,\"name\":\"Press Releases\",\"item\":\"https:\/\/dev.tg4.ie\/en\/information\/press\/press-releases\/\"},{\"@type\":\"ListItem\",\"position\":5,\"name\":\"2018\",\"item\":\"https:\/\/dev.tg4.ie\/en\/information\/press\/press-releases\/2018-2\/\"},{\"@type\":\"ListItem\",\"position\":6,\"name\":\"TG4 to Broadcast 3 Hours of Professional Boxing in association with Assassin Promotions\"}]},{\"@type\":\"WebSite\",\"@id\":\"https:\/\/dev.tg4.ie\/en\/#website\",\"url\":\"https:\/\/dev.tg4.ie\/en\/\",\"name\":\"TG4\",\"description\":\"S\u00fail Eile\",\"potentialAction\":[{\"@type\":\"SearchAction\",\"target\":{\"@type\":\"EntryPoint\",\"urlTemplate\":\"https:\/\/dev.tg4.ie\/en\/?s={search_term_string}\"},\"query-input\":\"required name=search_term_string\"}],\"inLanguage\":\"en-ie\"}]}<\/script>\n<!-- \/ Yoast SEO plugin. -->","yoast_head_json":{"title":"TG4 to Broadcast 3 Hours of Professional Boxing in association with Assassin Promotions - TG4","robots":{"index":"index","follow":"follow","max-snippet":"max-snippet:-1","max-image-preview":"max-image-preview:large","max-video-preview":"max-video-preview:-1"},"og_locale":"en_US","og_type":"article","og_title":"TG4 to Broadcast 3 Hours of Professional Boxing in association with Assassin Promotions - TG4","og_description":"Live coverage of the boxing bouts involving Ray Moylette, Gary Spike O Sullivan, Roy Sheahan and many more will be presented by M\u00e1ire Treasa N\u00ed Cheallaigh with commentary by Se\u00e1n B\u00e1n Breathnach and Kenneth Egan. Punditry \/ Analysis on the night will be provided by current NABF Middleweight champion Jason Quigley, Rosmuc legend Se\u00e1n \u00d3 [&hellip;]","og_url":"https:\/\/dev.tg4.ie\/en\/information\/press\/press-releases\/2018-2\/tg4-to-broadcast-3-hours-of-professional-boxing-in-association-with-assassin-promotions\/","og_site_name":"TG4","article_publisher":"https:\/\/www.facebook.com\/TG4TV","article_modified_time":"2019-07-01T13:33:02+00:00","og_image":[{"width":1920,"height":1080,"url":"https:\/\/tg4-docs.s3.amazonaws.com\/tg4-redesign-2015\/wp-content\/uploads\/2018\/12\/Boxing_Ray_Moylette.jpg","type":"image\/jpeg"}],"twitter_card":"summary_large_image","twitter_site":"@TG4TV","twitter_misc":{"Est. reading time":"1 minute"},"schema":{"@context":"https:\/\/schema.org","@graph":[{"@type":"WebPage","@id":"https:\/\/dev.tg4.ie\/en\/information\/press\/press-releases\/2018-2\/tg4-to-broadcast-3-hours-of-professional-boxing-in-association-with-assassin-promotions\/","url":"https:\/\/dev.tg4.ie\/en\/information\/press\/press-releases\/2018-2\/tg4-to-broadcast-3-hours-of-professional-boxing-in-association-with-assassin-promotions\/","name":"TG4 to Broadcast 3 Hours of Professional Boxing in association with Assassin Promotions - TG4","isPartOf":{"@id":"https:\/\/dev.tg4.ie\/en\/#website"},"primaryImageOfPage":{"@id":"https:\/\/dev.tg4.ie\/en\/information\/press\/press-releases\/2018-2\/tg4-to-broadcast-3-hours-of-professional-boxing-in-association-with-assassin-promotions\/#primaryimage"},"image":{"@id":"https:\/\/dev.tg4.ie\/en\/information\/press\/press-releases\/2018-2\/tg4-to-broadcast-3-hours-of-professional-boxing-in-association-with-assassin-promotions\/#primaryimage"},"thumbnailUrl":"https:\/\/tg4-docs.s3.amazonaws.com\/tg4-redesign-2015\/wp-content\/uploads\/2018\/12\/Boxing_Ray_Moylette.jpg","datePublished":"2018-12-04T16:02:25+00:00","dateModified":"2019-07-01T13:33:02+00:00","breadcrumb":{"@id":"https:\/\/dev.tg4.ie\/en\/information\/press\/press-releases\/2018-2\/tg4-to-broadcast-3-hours-of-professional-boxing-in-association-with-assassin-promotions\/#breadcrumb"},"inLanguage":"en-ie","potentialAction":[{"@type":"ReadAction","target":["https:\/\/dev.tg4.ie\/en\/information\/press\/press-releases\/2018-2\/tg4-to-broadcast-3-hours-of-professional-boxing-in-association-with-assassin-promotions\/"]}]},{"@type":"ImageObject","inLanguage":"en-ie","@id":"https:\/\/dev.tg4.ie\/en\/information\/press\/press-releases\/2018-2\/tg4-to-broadcast-3-hours-of-professional-boxing-in-association-with-assassin-promotions\/#primaryimage","url":"https:\/\/tg4-docs.s3.amazonaws.com\/tg4-redesign-2015\/wp-content\/uploads\/2018\/12\/Boxing_Ray_Moylette.jpg","contentUrl":"https:\/\/tg4-docs.s3.amazonaws.com\/tg4-redesign-2015\/wp-content\/uploads\/2018\/12\/Boxing_Ray_Moylette.jpg","width":1920,"height":1080},{"@type":"BreadcrumbList","@id":"https:\/\/dev.tg4.ie\/en\/information\/press\/press-releases\/2018-2\/tg4-to-broadcast-3-hours-of-professional-boxing-in-association-with-assassin-promotions\/#breadcrumb","itemListElement":[{"@type":"ListItem","position":1,"name":"Home","item":"https:\/\/dev.tg4.ie\/en\/"},{"@type":"ListItem","position":2,"name":"Information","item":"https:\/\/dev.tg4.ie\/en\/information\/"},{"@type":"ListItem","position":3,"name":"Press","item":"https:\/\/dev.tg4.ie\/en\/information\/press\/"},{"@type":"ListItem","position":4,"name":"Press Releases","item":"https:\/\/dev.tg4.ie\/en\/information\/press\/press-releases\/"},{"@type":"ListItem","position":5,"name":"2018","item":"https:\/\/dev.tg4.ie\/en\/information\/press\/press-releases\/2018-2\/"},{"@type":"ListItem","position":6,"name":"TG4 to Broadcast 3 Hours of Professional Boxing in association with Assassin Promotions"}]},{"@type":"WebSite","@id":"https:\/\/dev.tg4.ie\/en\/#website","url":"https:\/\/dev.tg4.ie\/en\/","name":"TG4","description":"S\u00fail Eile","potentialAction":[{"@type":"SearchAction","target":{"@type":"EntryPoint","urlTemplate":"https:\/\/dev.tg4.ie\/en\/?s={search_term_string}"},"query-input":"required name=search_term_string"}],"inLanguage":"en-ie"}]}},"_links":{"self":[{"href":"https:\/\/dev.tg4.ie\/en\/wp-json\/wp\/v2\/pages\/97278"}],"collection":[{"href":"https:\/\/dev.tg4.ie\/en\/wp-json\/wp\/v2\/pages"}],"about":[{"href":"https:\/\/dev.tg4.ie\/en\/wp-json\/wp\/v2\/types\/page"}],"author":[{"embeddable":true,"href":"https:\/\/dev.tg4.ie\/en\/wp-json\/wp\/v2\/users\/876"}],"replies":[{"embeddable":true,"href":"https:\/\/dev.tg4.ie\/en\/wp-json\/wp\/v2\/comments?post=97278"}],"version-history":[{"count":0,"href":"https:\/\/dev.tg4.ie\/en\/wp-json\/wp\/v2\/pages\/97278\/revisions"}],"up":[{"embeddable":true,"href":"https:\/\/dev.tg4.ie\/en\/wp-json\/wp\/v2\/pages\/72851"}],"wp:featuredmedia":[{"embeddable":true,"href":"https:\/\/dev.tg4.ie\/en\/wp-json\/wp\/v2\/media\/97853"}],"wp:attachment":[{"href":"https:\/\/dev.tg4.ie\/en\/wp-json\/wp\/v2\/media?parent=97278"}],"curies":[{"name":"wp","href":"https:\/\/api.w.org\/{rel}","templated":true}]}}