{"id":98362,"date":"2018-12-17T13:39:06","date_gmt":"2018-12-17T13:39:06","guid":{"rendered":"https:\/\/dev.tg4.ie\/?page_id=98362"},"modified":"2019-07-01T14:43:10","modified_gmt":"2019-07-01T13:43:10","slug":"tg4-elves-bake-up-a-delightful-christmas-schedule","status":"publish","type":"page","link":"https:\/\/dev.tg4.ie\/en\/information\/press\/press-releases\/2018-2\/tg4-elves-bake-up-a-delightful-christmas-schedule\/","title":{"rendered":"TG4 Elves Bake Up a Delightful Christmas Schedule"},"content":{"rendered":"<p>Featuring live entertainment, festive music, lots of live sport, exclusive documentaries and great films, this years schedule is packed full of a host of favourite flavours to suit all tastes.<\/p>\n<p>The icing on the cake is a feast of special on one-off and specially commissioned programmes including:<\/p>\n<ul>\n<li><strong>\u2018Anna May \u2013 Banr\u00edon an Plough\u2019<\/strong> &#8211; a one-hour observational documentary following Managing Director of The National Ploughing Association, Anna May McHugh.<\/li>\n<li><strong>\u2018Muintir Mhaigh Eo ar an Titanic <\/strong>&#8211; Waking The Titanic tells the tragic story of 14 people from the village of Lahardane Co. Mayo who set off to America in search of a better life.<\/li>\n<li><strong>\u2018The Armed Man \u2013 A Mass for Peace\u2019<\/strong> &#8211; A unique performance of Sir Karl Jenkins&#8217; The Armed Man: A Mass for Peace conducted by Jenkins himself at the &#8216;Sing for Peace&#8217; concert held in Berlin in November to commemorate the centenary of the end of the First World War. The concert brought together <strong>The World Orchestra for Peace<\/strong> and 2,000 singers from 30 countries, including seven choirs from Ireland.\u00a0 Programme presented by Caitl\u00edn Nic Aoidh.<\/li>\n<li><strong>\u2018F\u00e1ilte 2019\u2019<\/strong> &#8211; Ring in the New Year with <strong>&#8216;F\u00e1ilte 2019&#8217;<\/strong> TG4&#8217;s New Year&#8217;s Eve show live from Donegal! <strong>P\u00e1draig \u00d3 S\u00e9<\/strong> heads off to meet co-presenters <strong>Caitl\u00edn Nic Aoidh<\/strong> and <strong>Mair\u00e9ad N\u00ed Mhaonaigh<\/strong> to see what the celebrations are like up North. Join <strong>Polca 4<\/strong>, <strong>The Friel Sisters<\/strong>, <strong>the Conifers<\/strong>, <strong>Clann Mhic Ruair\u00ed<\/strong> and plenty more for an action-packed night of music, dance, songs, memories and celebrations as we look back at 2018 and ahead to 2019.<\/li>\n<li><strong>\u2018Cabaret Craice\u00e1ilte @ 25\u2019<\/strong> &#8211; One of the most revolutionary Irish language events, The <strong>Cabaret Craice\u00e1ilte<\/strong> celebrates 25 years this year. A feast of music with performances from <strong>KILA<\/strong>, <strong>Br\u00e9ag<\/strong>, <strong>Basork<\/strong>, <strong>The Mooneys<\/strong>, <strong>The Campbells<\/strong>, <strong>Emma N\u00ed Fh\u00edoruisce<\/strong>, <strong>Eve Murtagh<\/strong> and many more as well as a snapshot of some of the most exciting Irish language music events of the last year.<\/li>\n<li><strong>\u2018C\u00fal St\u00e1itse\u2019 <\/strong>&#8211; We join the competitors backstage as they prepare to take to the stage. Who will be the winners of Oireachtas na Samhna 2018 and which community will claim Corn U\u00ed Riada this year?<\/li>\n<li><strong>\u2018Aon L\u00e1 Amh\u00e1in\u2019 <\/strong>&#8211; An enchanting half hour documentary that follows six anglers, a grandfather and grandson, mother and son and two lifelong friends as they explore Lough Corrib, searching for elusive wild trout.<\/li>\n<li><strong>\u2018Idir Dh\u00e1 Chuairt\u2019 <\/strong>&#8211; Cathal Mac Coille examines the social and economic changes which have taken place in Ireland since Pope John Paul II&#8217;s visit to Ireland in 1979.<\/li>\n<\/ul>\n<p>The schedule is rich with a generous mix of sport including live rugby, documentaries on sporting legends, compilations of the highlights in GAA and a look back at some of the years big matches.<\/p>\n<ul>\n<li><strong>\u2018Rugba\u00ed Beo\u2019<\/strong> \u2013 Live free to air coverage of <strong>Connacht v Ulster<\/strong> from The Sportsground Galway in the Guinness PRO14 as well as the clash of <strong>Munster v Leinster<\/strong> from Thomond Park.<\/li>\n<li><strong>\u2018GAA &#8211; C\u00fail na Bliana 2018\u2019<\/strong> &#8211; Featuring all the best hurling and football goals of the year from all the major Gaelic Games competitions.<\/li>\n<li><strong>\u2018GAA Beo &#8211; Na Sc\u00e9alta 2018\u2019<\/strong> &#8211; A look back at all the stories, action, highlights and news from the GAA during the past year.<\/li>\n<li><strong>\u2018P\u00e1id\u00ed \u00d3 S\u00e9 &#8211; R\u00ed an Phar\u00f3iste\u2019<\/strong> &#8211; A creative documentary telling the story of P\u00e1id\u00ed \u00d3 S\u00e9 &#8211; football hero, rogue and a man considered by many to be the uncrowned king of his native parish of Ventry, Co Kerry.<\/li>\n<li><strong>\u2018Laochra Gael &#8211; Ciar\u00e1n Carey\u2019 <\/strong>&#8211; A giant of a player for Limerick during the nineties, exceptional at midfield or centre back, Ciar\u00e1n Carey led the charge throughout Limerick&#8217;s campaigns to achieve All Ireland glory.<\/li>\n<li><strong>\u2018T\u00edr Eoghain: The Unbreakable Bond\u2019 <\/strong>&#8211; The untold narrative behind the most successful minor team in the history of the GAA &#8211; the Tyrone &#8216;Class of 1997\/1998&#8217;. The film focuses on the personal experiences and emotions of this unique group of minors who along with their manager, Mickey Harte, graduated to the Tyrone Under 21&#8217;s where they won two All Irelands, culminating in the 2003 senior triumph.<\/li>\n<li><strong>\u2018GAA USA\u2019<\/strong> &#8211; Dara \u00d3 S\u00e9 explores how the US clubs began to import Irish players, paying them to play in weekend games or for entire summers.<\/li>\n<li><strong>\u2018Cluiche Ceannais Iom\u00e1na\u2019<\/strong> &#8211; Another chance to watch Limerick vs Galway from this years All Ireland Hurling Final.<\/li>\n<li><strong>\u2018Cluiche Ceannais Peile\u2019<\/strong> &#8211; The 2018 All-Ireland Football Final between Dublin and Tyrone saw the two heavy weights of Gaelic football doing battle once again. Re-live the final again with commentary from Garry Mac Donncha.<\/li>\n<\/ul>\n<p>It\u2019s jam packed with music of all flavours \u2013 Trad, Sean N\u00f3s, Country and Rock. We have brand new programmes from Doolin Folk Festival, documentaries on Junior Crehan, \u2018An Bhu\u00edon Cheoil\u2019 about a Donegal fife and drum band, another on the Tulla C\u00e9il\u00ed Band, as well as concerts with Tommy Fleming, Sean Keane, Tradfest, Opry le Daniel, highlights from Oireachtas na Samhna and lots more too.<\/p>\n<ul>\n<li><strong>\u2018Doolin Folk Festival\u2019<\/strong> &#8211; It&#8217;s the 5th year of the Doolin Folk Festival and it just gets better and better with wonderful acts like Luka Bloom, Susan O&#8217;Neill, Muireann Nic Amhlaoibh, Martin Hayes and Steve Cooney along with the legendary Paul Brady and many more.<\/li>\n<li><strong>\u2018An Bhu\u00edon Cheoil\u2019<\/strong> &#8211; Set in west Donegal, An Bhu\u00edon Cheoil looks at the local love affair with the fife and drum band.<\/li>\n<li><strong>\u2018Junior\u2019<\/strong> &#8211; Twenty years after the death of Junior Crehan family members, musicians and dancers gather in his house outside Miltown Malbay to honour him. Amongst the musicians who pay tribute to Junior will be Paddy Glackin, Donal Lunny, the Mulcahy family, Tim Dennehy and Liam O&#8217;Brien<\/li>\n<li><strong>\u2018Gradam Ceoil TG4 2018\u2019<\/strong> &#8211; Another chance to watch Gradam Ceoil 2018, which brought together the finest traditional musicians from far and wide for one spectacular celebration in February. Broadcast live from The Waterfront Hall, Belfast<\/li>\n<li><strong>\u2018TradFest TG4\u2019<\/strong> &#8211; TradFest brings presenter Doireann N\u00ed Ghlac\u00e1in to bluegrass band &#8216;I Draw Slow&#8217; in the Printworks in Dublin Castle. Also in the show we hear from Paudie O&#8217;Connor &amp; Aoife N\u00ed Chaoimh, M\u00e1ir\u00e9ad Hurley, John Blake &amp; Paddy McEvoy and Gweedore singer and bouzouki player Cathal \u00d3 Curr\u00e1in.<\/li>\n<li><strong>\u2018S\u00fail Siar Corn U\u00ed Riada 2018\u2019<\/strong> &#8211; A look back on the Sean-N\u00f3s singing competition, Corn U\u00ed Riada, from Oireachtas na Samhna 2018 from the INEC in Killarney.<\/li>\n<li><strong>\u2018S\u00fail Siar Steip 2018\u2019<\/strong> &#8211; A look back on the main individual Sean-N\u00f3s dancing competition for adults from Oireachtas na Samhna 2018 at the INEC in Killarney.<\/li>\n<li><strong>\u2018Hammond: Duais an Dorais\u2019<\/strong> &#8211; This documentary examines the life of David Hammond &#8211; broadcaster, singer, and filmmaker. Combining impressive film archive and interviews with Irish artists, this film reveals the lasting legacy of a remarkable man.<\/li>\n<li><strong>\u2018The Tulla C\u00e9il\u00ed Band\u2019<\/strong> &#8211; The story of a tradition which has been handed down and how it continues to survive in an often impatient and quickly changing environment. Driven by passion and a love for c\u00e9il\u00ed music, the Tulla C\u00e9il\u00ed Band are going stronger than ever more than seventy years after they were formed.<\/li>\n<li><strong>\u2018Tommy Fleming &#8211; A Song for a Winter&#8217;s Night\u2019<\/strong> &#8211; Filmed live from Belleek Castle, Ballina; includes &#8211; Walking in the Air, Bells are Ringing, Angels We Have Heard on High, In the Bleak Mid Winter, Christmas 1915, O Little Town of Bethlehem, The First Noel, It Came upon a Midnight, Who Comes This Night, Wexford Carol, O Holy Night, Silent Night, Song for a Winter&#8217;s Night<\/li>\n<li><strong>\u2018Lumen i Luimneach &#8211; Ceol U\u00ed Sh\u00failleabh\u00e1in i S\u00e9ip\u00e9al Naomh Mhuire\u2019: <\/strong>Brian Kennedy, The Monks Of Glenstal, RT\u00c9 Concert Orchestra, and Noir\u00edn N\u00ed Riain in a memorable evening of celebration with the music of Miche\u00e1l \u00d3 S\u00failleabh\u00e1in. Sadly, Miche\u00e1l \u00d3 S\u00failleabh\u00e1in passed away on the 7 November 2018.<\/li>\n<li><strong>\u2018Se\u00e1n Keane &amp; The RT\u00c9 Concert Orchestra\u2019<\/strong> &#8211; A concert, filmed at the National Concert Hall in Dublin, of &#8216;Gratitude&#8217; an album recorded by Se\u00e1n Keane with the RT\u00c9 Concert Orchestra under conductor David Brophy. This is Se\u00e1n&#8217;s 11th solo album and has 12 tracks on it, some old and some new.<\/li>\n<li><strong>\u2018Hup na Nollag\u2019<\/strong> &#8211; This special Christmas edition of Hup comes from Kinvara and features many of Ireland&#8217;s finest performers. M\u00e1irt\u00edn O&#8217;Connor performs with the ConTempo Quartet, Cathal Hayden and Gary \u00d3 Briain as well as that we will hear a song from Corn U\u00ed Riada winner Br\u00edd N\u00ed Mhaoilchiar\u00e1in.<\/li>\n<li><strong>\u2018Opry le Daniel &#8211; Charley Pride\u2019<\/strong>:<strong> \u2018<\/strong>Opry le Daniel&#8217; returns to the Millennium Forum in Derry with Daniel as MC to present a very special programme with the legendary Charley Pride. The audience will get an insight into the life of Charley Pride. He will perform on his own and of course alongside Daniel himself.<\/li>\n<\/ul>\n<p>Adding a little spice to the mix are a series of rock documentaries and concerts featuring Rory Gallagher, the Rolling Stones, Eric Clapton, the Boomtown Rats and others:<\/p>\n<ul>\n<li><strong>\u2018Rory Gallagher Irish Tour 1974\u2019<\/strong> \u2013 Rory Gallagher was the People&#8217;s Guitarist. Unassuming but tenacious, the Irish blues man devoted his life to touring and playing his beloved Fender Strat to adoring audiences.<\/li>\n<li><strong>\u2018The Rolling Stones: Live At Hampton Coliseum\u2019<\/strong> &#8211; The hugely successful Rolling Stones American Tour of 1981 culminated with a stand-out live performance on 18th December of that year; also becoming the first ever music concert to be broadcast on television as a pay-per-view event. The footage from this event has now been diligently restored and the sound has been newly mixed to fully enhance this stand-out concert from the Tattoo You tour. Including Rolling Stones classics from their catalogue and a legendary altercation between Keith Richards and a stage crasher.<\/li>\n<li><strong>\u2018John Mayall &amp; Eric Clapton: 70th Birthday Concert\u2019<\/strong> &#8211; A special 70th birthday celebration in honour of John Mayall.<\/li>\n<li><strong>\u2018Bob Geldof and The Boomtown Rats\u2019<\/strong> &#8211; play live to a sell-out crowd at London&#8217;s Dominion Theatre in 1985, in support of their last album together, In The Long Grass. They performed their number one hits Rat Trap and I Don&#8217;t Like Mondays as well as many other hits.<\/li>\n<li><strong>\u2018Nina Simone: Live at Montreux 1976\u2019 <\/strong>&#8211; Filmed live in 1976 at the Montreux Jazz Festival, a powerful performance from one of the greatest jazz singers of all time, Nina Simone who was one of the greatest female vocalists of the 20th Century.<\/li>\n<li><strong>\u2018This is Spinal Tap\u2019 <\/strong>&#8211; Spinal Tap, one of England&#8217;s loudest bands, is narrated by film director Marty DiBergi on what proves to be a fateful tour.<\/li>\n<\/ul>\n<p>Adding a little sparkle to the decoration we have a host of top class films, including <strong>\u2018Titanic\u2019<\/strong>, <strong>\u2018Moulin Rouge\u2019<\/strong>, <strong>\u2018Nacho Libre\u2019<\/strong> &amp; <strong>\u2018O Brother, Where Art Thou?\u2019<\/strong>. For younger viewers the feast includes <strong>\u2018Star Trek: Into the Darkness\u2019<\/strong>, \u00a0<strong>\u2018Bee Movie\u2019<\/strong>, <strong>\u2018Rango\u2019<\/strong>, <strong>\u2018The Spiderwick Chronicles\u2019<\/strong>, <strong>\u2018Hotel for Dogs\u2019<\/strong>, <strong>\u2018Ice Age\u2019<\/strong> &amp; <strong>\u2018Dr Seuss\u2019 The Lorax\u2019<\/strong>.<\/p>\n<p>And, as ever we will have high Yuletide drama with the residents of <strong>\u2018Ros na R\u00fan\u2019<\/strong> as an unexpected visitor arrives at the Daly household. Will this visitor bring peace and tranquillity, or make John Joe&#8217;s heart skip a beat? M\u00e1ire has Laoise convinced Miche\u00e1l has an extra special present under the tree for her this year. Will Laoise be disappointed or will it be Reailt\u00edn who gets the hump? Berni&#8217;s house is full of Christmas cheer, but will an uninvited guest put an end to that.<\/p>\n<p>So, forget the turkeys this Christmas, get stuck into the <strong>#C\u00e1caNollag <\/strong>on <strong>TG4<\/strong> for a cracking festive treat!<\/p>\n<p>And, the naughty thing about Christmas Cake is you can have a little, or a lot, whenever you like \u2013 on social media <strong>@tg4tv<\/strong>, or on the <a href=\"https:\/\/dev.tg4.ie\" target=\"_blank\" rel=\"noopener noreferrer\">www.tg4.ie<\/a> player worldwide!<\/p>\n<p>More details available at <strong><a href=\"https:\/\/dev.tg4.ie\/nollaig\" target=\"_blank\" rel=\"noopener noreferrer\">www.tg4.ie\/nollaig<\/a><\/strong><\/p>\n<p><a href=\"https:\/\/nua.tg4.ie\/wp-content\/uploads\/2018\/12\/Fiona_agus_Irial_cropped_1920x1860.jpg\"><img loading=\"lazy\" decoding=\"async\" width=\"1920\" height=\"1861\" class=\"alignleft wp-image-98356 size-full\" src=\"https:\/\/nua.tg4.ie\/wp-content\/uploads\/2018\/12\/Fiona_agus_Irial_cropped_1920x1860.jpg\" alt=\"\" srcset=\"https:\/\/tg4-docs.s3.amazonaws.com\/tg4-redesign-2015\/wp-content\/uploads\/2018\/12\/Fiona_agus_Irial_cropped_1920x1860.jpg 1920w, https:\/\/tg4-docs.s3.amazonaws.com\/tg4-redesign-2015\/wp-content\/uploads\/2018\/12\/Fiona_agus_Irial_cropped_1920x1860.jpg 145w, https:\/\/tg4-docs.s3.amazonaws.com\/tg4-redesign-2015\/wp-content\/uploads\/2018\/12\/Fiona_agus_Irial_cropped_1920x1860.jpg 250w, https:\/\/tg4-docs.s3.amazonaws.com\/tg4-redesign-2015\/wp-content\/uploads\/2018\/12\/Fiona_agus_Irial_cropped_1920x1860.jpg 700w, https:\/\/tg4-docs.s3.amazonaws.com\/tg4-redesign-2015\/wp-content\/uploads\/2018\/12\/Fiona_agus_Irial_cropped_1920x1860.jpg 120w\" sizes=\"(max-width: 1920px) 100vw, 1920px\" \/><\/a><\/p>\n","protected":false},"excerpt":{"rendered":"<p>Featuring live entertainment, festive music, lots of live sport, exclusive documentaries and great films, this years schedule is packed full of a host of favourite flavours to suit all tastes. The icing on the cake is a feast of special on one-off and specially commissioned programmes including: \u2018Anna May \u2013 Banr\u00edon an Plough\u2019 &#8211; a [&hellip;]<\/p>\n","protected":false},"author":876,"featured_media":98353,"parent":72851,"menu_order":55,"comment_status":"closed","ping_status":"closed","template":"page-templates\/template-pr.php","meta":{"_acf_changed":false,"footnotes":""},"acf":[],"yoast_head":"<!-- This site is optimized with the Yoast SEO plugin v22.6 - https:\/\/yoast.com\/wordpress\/plugins\/seo\/ -->\n<title>TG4 Elves Bake Up a Delightful Christmas Schedule - TG4<\/title>\n<meta name=\"robots\" content=\"index, follow, max-snippet:-1, max-image-preview:large, max-video-preview:-1\" \/>\n<meta property=\"og:locale\" content=\"en_US\" \/>\n<meta property=\"og:type\" content=\"article\" \/>\n<meta property=\"og:title\" content=\"TG4 Elves Bake Up a Delightful Christmas Schedule - TG4\" \/>\n<meta property=\"og:description\" content=\"Featuring live entertainment, festive music, lots of live sport, exclusive documentaries and great films, this years schedule is packed full of a host of favourite flavours to suit all tastes. The icing on the cake is a feast of special on one-off and specially commissioned programmes including: \u2018Anna May \u2013 Banr\u00edon an Plough\u2019 &#8211; a [&hellip;]\" \/>\n<meta property=\"og:url\" content=\"https:\/\/dev.tg4.ie\/en\/information\/press\/press-releases\/2018-2\/tg4-elves-bake-up-a-delightful-christmas-schedule\/\" \/>\n<meta property=\"og:site_name\" content=\"TG4\" \/>\n<meta property=\"article:publisher\" content=\"https:\/\/www.facebook.com\/TG4TV\" \/>\n<meta property=\"article:modified_time\" content=\"2019-07-01T13:43:10+00:00\" \/>\n<meta property=\"og:image\" content=\"https:\/\/tg4-docs.s3.amazonaws.com\/tg4-redesign-2015\/wp-content\/uploads\/2018\/12\/Fiona_agus_Irial_cropped_1920x1080.jpg\" \/>\n\t<meta property=\"og:image:width\" content=\"1920\" \/>\n\t<meta property=\"og:image:height\" content=\"1080\" \/>\n\t<meta property=\"og:image:type\" content=\"image\/jpeg\" \/>\n<meta name=\"twitter:card\" content=\"summary_large_image\" \/>\n<meta name=\"twitter:site\" content=\"@TG4TV\" \/>\n<meta name=\"twitter:label1\" content=\"Est. reading time\" \/>\n\t<meta name=\"twitter:data1\" content=\"10 minutes\" \/>\n<script type=\"application\/ld+json\" class=\"yoast-schema-graph\">{\"@context\":\"https:\/\/schema.org\",\"@graph\":[{\"@type\":\"WebPage\",\"@id\":\"https:\/\/dev.tg4.ie\/en\/information\/press\/press-releases\/2018-2\/tg4-elves-bake-up-a-delightful-christmas-schedule\/\",\"url\":\"https:\/\/dev.tg4.ie\/en\/information\/press\/press-releases\/2018-2\/tg4-elves-bake-up-a-delightful-christmas-schedule\/\",\"name\":\"TG4 Elves Bake Up a Delightful Christmas Schedule - TG4\",\"isPartOf\":{\"@id\":\"https:\/\/dev.tg4.ie\/en\/#website\"},\"primaryImageOfPage\":{\"@id\":\"https:\/\/dev.tg4.ie\/en\/information\/press\/press-releases\/2018-2\/tg4-elves-bake-up-a-delightful-christmas-schedule\/#primaryimage\"},\"image\":{\"@id\":\"https:\/\/dev.tg4.ie\/en\/information\/press\/press-releases\/2018-2\/tg4-elves-bake-up-a-delightful-christmas-schedule\/#primaryimage\"},\"thumbnailUrl\":\"https:\/\/tg4-docs.s3.amazonaws.com\/tg4-redesign-2015\/wp-content\/uploads\/2018\/12\/Fiona_agus_Irial_cropped_1920x1080.jpg\",\"datePublished\":\"2018-12-17T13:39:06+00:00\",\"dateModified\":\"2019-07-01T13:43:10+00:00\",\"breadcrumb\":{\"@id\":\"https:\/\/dev.tg4.ie\/en\/information\/press\/press-releases\/2018-2\/tg4-elves-bake-up-a-delightful-christmas-schedule\/#breadcrumb\"},\"inLanguage\":\"en-ie\",\"potentialAction\":[{\"@type\":\"ReadAction\",\"target\":[\"https:\/\/dev.tg4.ie\/en\/information\/press\/press-releases\/2018-2\/tg4-elves-bake-up-a-delightful-christmas-schedule\/\"]}]},{\"@type\":\"ImageObject\",\"inLanguage\":\"en-ie\",\"@id\":\"https:\/\/dev.tg4.ie\/en\/information\/press\/press-releases\/2018-2\/tg4-elves-bake-up-a-delightful-christmas-schedule\/#primaryimage\",\"url\":\"https:\/\/tg4-docs.s3.amazonaws.com\/tg4-redesign-2015\/wp-content\/uploads\/2018\/12\/Fiona_agus_Irial_cropped_1920x1080.jpg\",\"contentUrl\":\"https:\/\/tg4-docs.s3.amazonaws.com\/tg4-redesign-2015\/wp-content\/uploads\/2018\/12\/Fiona_agus_Irial_cropped_1920x1080.jpg\",\"width\":1920,\"height\":1080},{\"@type\":\"BreadcrumbList\",\"@id\":\"https:\/\/dev.tg4.ie\/en\/information\/press\/press-releases\/2018-2\/tg4-elves-bake-up-a-delightful-christmas-schedule\/#breadcrumb\",\"itemListElement\":[{\"@type\":\"ListItem\",\"position\":1,\"name\":\"Home\",\"item\":\"https:\/\/dev.tg4.ie\/en\/\"},{\"@type\":\"ListItem\",\"position\":2,\"name\":\"Information\",\"item\":\"https:\/\/dev.tg4.ie\/en\/information\/\"},{\"@type\":\"ListItem\",\"position\":3,\"name\":\"Press\",\"item\":\"https:\/\/dev.tg4.ie\/en\/information\/press\/\"},{\"@type\":\"ListItem\",\"position\":4,\"name\":\"Press Releases\",\"item\":\"https:\/\/dev.tg4.ie\/en\/information\/press\/press-releases\/\"},{\"@type\":\"ListItem\",\"position\":5,\"name\":\"2018\",\"item\":\"https:\/\/dev.tg4.ie\/en\/information\/press\/press-releases\/2018-2\/\"},{\"@type\":\"ListItem\",\"position\":6,\"name\":\"TG4 Elves Bake Up a Delightful Christmas Schedule\"}]},{\"@type\":\"WebSite\",\"@id\":\"https:\/\/dev.tg4.ie\/en\/#website\",\"url\":\"https:\/\/dev.tg4.ie\/en\/\",\"name\":\"TG4\",\"description\":\"S\u00fail Eile\",\"potentialAction\":[{\"@type\":\"SearchAction\",\"target\":{\"@type\":\"EntryPoint\",\"urlTemplate\":\"https:\/\/dev.tg4.ie\/en\/?s={search_term_string}\"},\"query-input\":\"required name=search_term_string\"}],\"inLanguage\":\"en-ie\"}]}<\/script>\n<!-- \/ Yoast SEO plugin. -->","yoast_head_json":{"title":"TG4 Elves Bake Up a Delightful Christmas Schedule - TG4","robots":{"index":"index","follow":"follow","max-snippet":"max-snippet:-1","max-image-preview":"max-image-preview:large","max-video-preview":"max-video-preview:-1"},"og_locale":"en_US","og_type":"article","og_title":"TG4 Elves Bake Up a Delightful Christmas Schedule - TG4","og_description":"Featuring live entertainment, festive music, lots of live sport, exclusive documentaries and great films, this years schedule is packed full of a host of favourite flavours to suit all tastes. The icing on the cake is a feast of special on one-off and specially commissioned programmes including: \u2018Anna May \u2013 Banr\u00edon an Plough\u2019 &#8211; a [&hellip;]","og_url":"https:\/\/dev.tg4.ie\/en\/information\/press\/press-releases\/2018-2\/tg4-elves-bake-up-a-delightful-christmas-schedule\/","og_site_name":"TG4","article_publisher":"https:\/\/www.facebook.com\/TG4TV","article_modified_time":"2019-07-01T13:43:10+00:00","og_image":[{"width":1920,"height":1080,"url":"https:\/\/tg4-docs.s3.amazonaws.com\/tg4-redesign-2015\/wp-content\/uploads\/2018\/12\/Fiona_agus_Irial_cropped_1920x1080.jpg","type":"image\/jpeg"}],"twitter_card":"summary_large_image","twitter_site":"@TG4TV","twitter_misc":{"Est. reading time":"10 minutes"},"schema":{"@context":"https:\/\/schema.org","@graph":[{"@type":"WebPage","@id":"https:\/\/dev.tg4.ie\/en\/information\/press\/press-releases\/2018-2\/tg4-elves-bake-up-a-delightful-christmas-schedule\/","url":"https:\/\/dev.tg4.ie\/en\/information\/press\/press-releases\/2018-2\/tg4-elves-bake-up-a-delightful-christmas-schedule\/","name":"TG4 Elves Bake Up a Delightful Christmas Schedule - TG4","isPartOf":{"@id":"https:\/\/dev.tg4.ie\/en\/#website"},"primaryImageOfPage":{"@id":"https:\/\/dev.tg4.ie\/en\/information\/press\/press-releases\/2018-2\/tg4-elves-bake-up-a-delightful-christmas-schedule\/#primaryimage"},"image":{"@id":"https:\/\/dev.tg4.ie\/en\/information\/press\/press-releases\/2018-2\/tg4-elves-bake-up-a-delightful-christmas-schedule\/#primaryimage"},"thumbnailUrl":"https:\/\/tg4-docs.s3.amazonaws.com\/tg4-redesign-2015\/wp-content\/uploads\/2018\/12\/Fiona_agus_Irial_cropped_1920x1080.jpg","datePublished":"2018-12-17T13:39:06+00:00","dateModified":"2019-07-01T13:43:10+00:00","breadcrumb":{"@id":"https:\/\/dev.tg4.ie\/en\/information\/press\/press-releases\/2018-2\/tg4-elves-bake-up-a-delightful-christmas-schedule\/#breadcrumb"},"inLanguage":"en-ie","potentialAction":[{"@type":"ReadAction","target":["https:\/\/dev.tg4.ie\/en\/information\/press\/press-releases\/2018-2\/tg4-elves-bake-up-a-delightful-christmas-schedule\/"]}]},{"@type":"ImageObject","inLanguage":"en-ie","@id":"https:\/\/dev.tg4.ie\/en\/information\/press\/press-releases\/2018-2\/tg4-elves-bake-up-a-delightful-christmas-schedule\/#primaryimage","url":"https:\/\/tg4-docs.s3.amazonaws.com\/tg4-redesign-2015\/wp-content\/uploads\/2018\/12\/Fiona_agus_Irial_cropped_1920x1080.jpg","contentUrl":"https:\/\/tg4-docs.s3.amazonaws.com\/tg4-redesign-2015\/wp-content\/uploads\/2018\/12\/Fiona_agus_Irial_cropped_1920x1080.jpg","width":1920,"height":1080},{"@type":"BreadcrumbList","@id":"https:\/\/dev.tg4.ie\/en\/information\/press\/press-releases\/2018-2\/tg4-elves-bake-up-a-delightful-christmas-schedule\/#breadcrumb","itemListElement":[{"@type":"ListItem","position":1,"name":"Home","item":"https:\/\/dev.tg4.ie\/en\/"},{"@type":"ListItem","position":2,"name":"Information","item":"https:\/\/dev.tg4.ie\/en\/information\/"},{"@type":"ListItem","position":3,"name":"Press","item":"https:\/\/dev.tg4.ie\/en\/information\/press\/"},{"@type":"ListItem","position":4,"name":"Press Releases","item":"https:\/\/dev.tg4.ie\/en\/information\/press\/press-releases\/"},{"@type":"ListItem","position":5,"name":"2018","item":"https:\/\/dev.tg4.ie\/en\/information\/press\/press-releases\/2018-2\/"},{"@type":"ListItem","position":6,"name":"TG4 Elves Bake Up a Delightful Christmas Schedule"}]},{"@type":"WebSite","@id":"https:\/\/dev.tg4.ie\/en\/#website","url":"https:\/\/dev.tg4.ie\/en\/","name":"TG4","description":"S\u00fail Eile","potentialAction":[{"@type":"SearchAction","target":{"@type":"EntryPoint","urlTemplate":"https:\/\/dev.tg4.ie\/en\/?s={search_term_string}"},"query-input":"required name=search_term_string"}],"inLanguage":"en-ie"}]}},"_links":{"self":[{"href":"https:\/\/dev.tg4.ie\/en\/wp-json\/wp\/v2\/pages\/98362"}],"collection":[{"href":"https:\/\/dev.tg4.ie\/en\/wp-json\/wp\/v2\/pages"}],"about":[{"href":"https:\/\/dev.tg4.ie\/en\/wp-json\/wp\/v2\/types\/page"}],"author":[{"embeddable":true,"href":"https:\/\/dev.tg4.ie\/en\/wp-json\/wp\/v2\/users\/876"}],"replies":[{"embeddable":true,"href":"https:\/\/dev.tg4.ie\/en\/wp-json\/wp\/v2\/comments?post=98362"}],"version-history":[{"count":0,"href":"https:\/\/dev.tg4.ie\/en\/wp-json\/wp\/v2\/pages\/98362\/revisions"}],"up":[{"embeddable":true,"href":"https:\/\/dev.tg4.ie\/en\/wp-json\/wp\/v2\/pages\/72851"}],"wp:featuredmedia":[{"embeddable":true,"href":"https:\/\/dev.tg4.ie\/en\/wp-json\/wp\/v2\/media\/98353"}],"wp:attachment":[{"href":"https:\/\/dev.tg4.ie\/en\/wp-json\/wp\/v2\/media?parent=98362"}],"curies":[{"name":"wp","href":"https:\/\/api.w.org\/{rel}","templated":true}]}}