{"id":99073,"date":"2019-01-14T16:24:01","date_gmt":"2019-01-14T16:24:01","guid":{"rendered":"https:\/\/dev.tg4.ie\/?page_id=99073"},"modified":"2019-11-12T12:44:22","modified_gmt":"2019-11-12T12:44:22","slug":"40-gaa-matches-to-be-broadcast-on-tg4","status":"publish","type":"page","link":"https:\/\/dev.tg4.ie\/en\/information\/press\/press-releases\/2019-2\/40-gaa-matches-to-be-broadcast-on-tg4\/","title":{"rendered":"40 GAA Matches to be Broadcast on TG4 as the Station Launches its Spring GAA Schedule"},"content":{"rendered":"<p>TG4 unveiled the station\u2019s Spring GAA coverage today with details of their comprehensive schedule of GAA coverage for the coming months.\u00a0TG4 will broadcast 40 GAA matches between now and April beginning with live coverage of the O\u2019Byrne Cup Final on Friday 18 January.<\/p>\n<p>The station\u2019s\u00a0Allianz Leagues coverage starts on Sunday 27 January with\u00a0full coverage of both the All Ireland Football and Hurling champions. GAA Beo will be live from Clones with football champions Dublin taking on Monaghan. There will be deferred coverage of Wexford against hurling champions Limerick\u00a0in the first round of the Allianz Hurling League.<\/p>\n<p>TG4 continues to be the home of live and exclusive coverage of all the major finals including the Allianz Football League Finals, Allianz Hurling League Final and the AIB All Ireland Club Finals.<\/p>\n<p>Following on from last year\u2019s successful coverage,\u00a0<em>GAA BEO<\/em> will again show three Allianz League games in full every Sunday, beginning on the 3rd February.<\/p>\n<p>TG4 will also provide a comprehensive service for the GAA Community on the <em>Sp\u00f3rt TG4<\/em> YouTube page with live coverage from no less than 13 different events and games including the AIB All Ireland Intermediate and Junior Club Football and Hurling Finals, All Ireland Sc\u00f3r na n\u00d3g and Sc\u00f3r Sinsir Finals, Electric Ireland Sigerson and Fitzgibbon Cup Finals, Gourmet Food Parlour O\u2019Connor Cup Ladies Football Final and the All Ireland Colleges Football and Hurling Finals (Post Primary Schools Finals).<\/p>\n<p>TG4\u2019s Head of Sport R\u00f3n\u00e1n \u00d3 Coisdealbha said: <em>\u201cWe look forward to our 20<sup>th<\/sup> year of broadcasting Allianz League matches and we are proud that our station has a long history of providing comprehensive GAA coverage at this time of the year. These 40 GAA matches will provide GAA fans with the best possible line-up within the GAA world from Sc\u00f3r na n\u00d3g Finals to the Allianz League Finals.\u201d<\/em><\/p>\n<p><em>GAA Beo<\/em> is produced by Waterford based production company <em>Nemeton TV<\/em> and the series will be presented by Miche\u00e1l \u00d3 Domhnaill with commentary by Brian Tyers, Mac Dara Mac Donncha, Marcus \u00d3 Buachalla and Cu\u00e1n \u00d3 Flatharta. The channel\u2019s highlights show, <em>GAA 2019<\/em>, also returns for another season, broadcasting exclusive highlights every Monday evening at 8pm starting 28th January.<\/p>\n<p>The full line-up of matches on TG4 for the coming months are as follows:<\/p>\n<p><strong><u>Friday 18 January<\/u><\/strong><\/p>\n<p>Dublin v Westmeath, Bord na Mona O\u2019Byrne Cup Final, Live from Parnell Park. Coverage begins at 7:55pm (Throw-in: 8pm)<\/p>\n<p><strong><u>Saturday 19 January<\/u><\/strong><\/p>\n<p>Armagh v Tyrone, Bank of Ireland Dr. McKenna Cup Football Final, Live from the Athletics Grounds. Coverage begins at 7:25pm (Throw-in: 7:30pm).<\/p>\n<p><strong><u>SUNDAY 20 JANUARY<\/u><\/strong><\/p>\n<p>AIB All Ireland Intermediate Club Football Semi-Final<\/p>\n<p>An Spid\u00e9al (Galway) v <em>Naomh \u00c9anna <\/em><span>(Antrim)<\/span><\/p>\n<p><span>Live from<\/span> P\u00e1irc an Tailteann, Navan\u00a0 \u00a0\u00a0Coverage begins at 1:55pm (t<span>hrow-in: 2pm)<\/span><\/p>\n<p><strong><u>SUNDAY 27 JANUARY<\/u><\/strong><\/p>\n<p>Live: \u00a0Allianz Football League &#8211; Round 1 &#8211; \u00a0Monaghan v Dublin, Clones<\/p>\n<p>Deferred: \u00a0Allianz Hurling League &#8211; Round 1 &#8211; \u00a0Wexford v Limerick, Innovate Wexford Park<\/p>\n<p><strong><u>SUNDAY 3 FEBRUARY<\/u><\/strong><\/p>\n<p>Live: \u00a0Allianz Hurling League &#8211; Round 2 &#8211; \u00a0Clare v Kilkenny<\/p>\n<p>Deferred: \u00a0Allianz Hurling League &#8211; Round 2 &#8211; \u00a0Cork v Wexford<\/p>\n<p>Deferred: \u00a0Allianz Football League &#8211; Round 2 &#8211; \u00a0Tyrone v Mayo<\/p>\n<p><strong><u>SATURDAY 9 FEBRUARY<\/u><\/strong><\/p>\n<p>AIB All-Ireland Senior Club Hurling Championship Semi-Finals<\/p>\n<p>3pm\u00a0\u00a0 St. Thomas&#8217; (Galway) v <span>Ruairi \u00d3g <\/span><em>Cushendall (Antrim)<\/em><\/p>\n<p>Live from Parnell Park, Dublin<\/p>\n<p>5pm\u00a0 Ballyhale Shamrocks (Kilkenny) v Ballygunner (Waterford)<\/p>\n<p>Live from Semple Stadium, Thurles<\/p>\n<p>Live on SportTG4 YouTube: AIB All Ireland Intermediate and Junior Club Football Finals, Live from Croke Park.<\/p>\n<p><strong><u>SUNDAY 10 FEBRUARY<\/u><\/strong><\/p>\n<p>Live: \u00a0Allianz Football League &#8211; Round 3 &#8211; \u00a0Monaghan v Galway, Inniskeen, 2pm<\/p>\n<p>Deferred: \u00a0Allianz Football League &#8211; Round 3 &#8211; \u00a0Roscommon v Tyrone<\/p>\n<p>Deferred: \u00a0Allianz Football League &#8211; Round 3 &#8211; \u00a0Match to be confirmed<\/p>\n<p>Live on Sport TG4 YouTube: AIB All Ireland Intermediate and Junior Club Hurling Finals, Live from Croke Park<\/p>\n<p><strong><u>SATURDAY 16 FEBRUARY<\/u><\/strong><\/p>\n<p>AIB All-Ireland Senior Club Football Championship Semi-Finals<\/p>\n<p>1:30pm\u00a0\u00a0\u00a0 Corofin (Galway) v Gaoth Dobhair (Donegal)<\/p>\n<p><em>Live from <\/em>P\u00e1irc Sean Mac Diarmada, Carrick-on-Shannon<\/p>\n<p>3:30pm\u00a0 \u00a0Dr. Crokes (Kerry) v Mulllnalaghta St Columba\u2019s (Longford)<\/p>\n<p>Live from Semple Stadium, Thurles<\/p>\n<p>Live on Sport TG4 YouTube:\u00a0 All Ireland Sc\u00f3r na n\u00d3g Finals, Live from TF Royal Theatre, Castlebar<\/p>\n<p><strong><u>SUNDAY 17 FEBRUARY<\/u><\/strong><\/p>\n<p>Live and deferred coverage from the Allianz Hurling League (Round 3) including Kilkenny Limerick, Wexford v Tipperary\u00a0and Galway v Dublin.<\/p>\n<p><strong><u>WEDNESDAY 20 FEBRUARY<\/u><\/strong><\/p>\n<p>Live on Sport TG4 YouTube:\u00a0 Electric Ireland Higher Education GAA Sigerson Cup Final<\/p>\n<p><strong><u>SATURDAY 23 FEBRUARY<\/u><\/strong><\/p>\n<p>Live on Sport TG4 YouTube:\u00a0 Electric Ireland Higher Education GAA Fitzgibbon Cup Final<strong>, <\/strong>Live from Waterford I.T.<\/p>\n<p><strong><u>SUNDAY 24 FEBRUARY<\/u><\/strong><\/p>\n<p>Allianz Football League (Round 4)\u00a0 and\u00a0 Allianz Hurling League (Round 4)<\/p>\n<p>One live match and two deferred matches.<\/p>\n<p><strong><u>SUNDAY 3 MARCH<\/u><\/strong><\/p>\n<p>Allianz Football League (Round 5)\u00a0 and\u00a0 Allianz Hurling League (Round 5)<\/p>\n<p>One live match and two deferred matches.<\/p>\n<p><strong><u>FRIDAY 8 MARCH<\/u><\/strong><\/p>\n<p>GAA Presidents Awards, Live from Croke Park<\/p>\n<p><strong><u>Saturday 9th March<\/u><\/strong><\/p>\n<p>Live on Sport TG4 YouTube:\u00a0 Gourmet Food Parlour O\u2019Connor Cup Ladies Football Final<\/p>\n<p><strong><u>SUNDAY 10 MARCH<\/u><\/strong><\/p>\n<p>Allianz Hurling League Quarter-Finals<\/p>\n<p><strong><u>SATURDAY 16 MARCH<\/u><\/strong><\/p>\n<p>Allianz Hurling League Semi-Finals<\/p>\n<p><strong><u>SUNDAY 17 MARCH<\/u><\/strong><\/p>\n<p>AIB All-Ireland Senior Club Football &amp; Hurling Finals, Live from Croke Park<\/p>\n<p><strong><u>SUNDAY 24 MARCH<\/u><\/strong><\/p>\n<p>Allianz Football League (Round 7)<\/p>\n<p>Allianz Hurling League Final<\/p>\n<p><strong><u>SATURDAY 30 MARCH<\/u><\/strong><\/p>\n<p>Allianz Football League (Division 3 and 4 Finals), Live from Croke Park<\/p>\n<p>Live on Sport TG4 YouTube:\u00a0 All Ireland Colleges Hurling Final (Post Primary Schools Finals), Double header live from Semple Stadium, Thurles<\/p>\n<p><strong><u>SUNDAY 31 MARCH<\/u><\/strong><\/p>\n<p>Allianz Football League (Division 1 and 2 Finals), Live from Croke Park<\/p>\n<p><strong><u>Saturday 6th April<\/u><\/strong><\/p>\n<p>Live on Sport TG4 YouTube:\u00a0 All Ireland Colleges Football Final (Post Primary Schools Finals &#8211; Paddy Drummond Cup Final and Hogan Cup Final), double header live from Croke Park<\/p>\n<p><strong><u>Saturday 13th April<\/u><\/strong><\/p>\n<p>Live on Sport TG4 YouTube:\u00a0 All Ireland Sc\u00f3r Sinsir Finals, Live from the TF Royal Theatre, Castlebar<\/p>\n","protected":false},"excerpt":{"rendered":"<p>TG4 unveiled the station\u2019s Spring GAA coverage today with details of their comprehensive schedule of GAA coverage for the coming months.\u00a0TG4 will broadcast 40 GAA matches between now and April beginning with live coverage of the O\u2019Byrne Cup Final on Friday 18 January. The station\u2019s\u00a0Allianz Leagues coverage starts on Sunday 27 January with\u00a0full coverage of [&hellip;]<\/p>\n","protected":false},"author":876,"featured_media":82019,"parent":98832,"menu_order":0,"comment_status":"closed","ping_status":"closed","template":"page-templates\/template-pr.php","meta":{"_acf_changed":false,"footnotes":""},"acf":[],"yoast_head":"<!-- This site is optimized with the Yoast SEO plugin v22.6 - https:\/\/yoast.com\/wordpress\/plugins\/seo\/ -->\n<title>40 GAA Matches to be Broadcast on TG4 as the Station Launches its Spring GAA Schedule - TG4<\/title>\n<meta name=\"robots\" content=\"index, follow, max-snippet:-1, max-image-preview:large, max-video-preview:-1\" \/>\n<meta property=\"og:locale\" content=\"en_US\" \/>\n<meta property=\"og:type\" content=\"article\" \/>\n<meta property=\"og:title\" content=\"40 GAA Matches to be Broadcast on TG4 as the Station Launches its Spring GAA Schedule - TG4\" \/>\n<meta property=\"og:description\" content=\"TG4 unveiled the station\u2019s Spring GAA coverage today with details of their comprehensive schedule of GAA coverage for the coming months.\u00a0TG4 will broadcast 40 GAA matches between now and April beginning with live coverage of the O\u2019Byrne Cup Final on Friday 18 January. The station\u2019s\u00a0Allianz Leagues coverage starts on Sunday 27 January with\u00a0full coverage of [&hellip;]\" \/>\n<meta property=\"og:url\" content=\"https:\/\/dev.tg4.ie\/en\/information\/press\/press-releases\/2019-2\/40-gaa-matches-to-be-broadcast-on-tg4\/\" \/>\n<meta property=\"og:site_name\" content=\"TG4\" \/>\n<meta property=\"article:publisher\" content=\"https:\/\/www.facebook.com\/TG4TV\" \/>\n<meta property=\"article:modified_time\" content=\"2019-11-12T12:44:22+00:00\" \/>\n<meta property=\"og:image\" content=\"https:\/\/tg4-docs.s3.amazonaws.com\/tg4-redesign-2015\/wp-content\/uploads\/2018\/04\/GaaBeo-Allianz-2.jpg\" \/>\n\t<meta property=\"og:image:width\" content=\"1920\" \/>\n\t<meta property=\"og:image:height\" content=\"1080\" \/>\n\t<meta property=\"og:image:type\" content=\"image\/jpeg\" \/>\n<meta name=\"twitter:card\" content=\"summary_large_image\" \/>\n<meta name=\"twitter:site\" content=\"@TG4TV\" \/>\n<meta name=\"twitter:label1\" content=\"Est. reading time\" \/>\n\t<meta name=\"twitter:data1\" content=\"5 minutes\" \/>\n<script type=\"application\/ld+json\" class=\"yoast-schema-graph\">{\"@context\":\"https:\/\/schema.org\",\"@graph\":[{\"@type\":\"WebPage\",\"@id\":\"https:\/\/dev.tg4.ie\/en\/information\/press\/press-releases\/2019-2\/40-gaa-matches-to-be-broadcast-on-tg4\/\",\"url\":\"https:\/\/dev.tg4.ie\/en\/information\/press\/press-releases\/2019-2\/40-gaa-matches-to-be-broadcast-on-tg4\/\",\"name\":\"40 GAA Matches to be Broadcast on TG4 as the Station Launches its Spring GAA Schedule - TG4\",\"isPartOf\":{\"@id\":\"https:\/\/dev.tg4.ie\/en\/#website\"},\"primaryImageOfPage\":{\"@id\":\"https:\/\/dev.tg4.ie\/en\/information\/press\/press-releases\/2019-2\/40-gaa-matches-to-be-broadcast-on-tg4\/#primaryimage\"},\"image\":{\"@id\":\"https:\/\/dev.tg4.ie\/en\/information\/press\/press-releases\/2019-2\/40-gaa-matches-to-be-broadcast-on-tg4\/#primaryimage\"},\"thumbnailUrl\":\"https:\/\/tg4-docs.s3.amazonaws.com\/tg4-redesign-2015\/wp-content\/uploads\/2018\/04\/GaaBeo-Allianz-2.jpg\",\"datePublished\":\"2019-01-14T16:24:01+00:00\",\"dateModified\":\"2019-11-12T12:44:22+00:00\",\"breadcrumb\":{\"@id\":\"https:\/\/dev.tg4.ie\/en\/information\/press\/press-releases\/2019-2\/40-gaa-matches-to-be-broadcast-on-tg4\/#breadcrumb\"},\"inLanguage\":\"en-ie\",\"potentialAction\":[{\"@type\":\"ReadAction\",\"target\":[\"https:\/\/dev.tg4.ie\/en\/information\/press\/press-releases\/2019-2\/40-gaa-matches-to-be-broadcast-on-tg4\/\"]}]},{\"@type\":\"ImageObject\",\"inLanguage\":\"en-ie\",\"@id\":\"https:\/\/dev.tg4.ie\/en\/information\/press\/press-releases\/2019-2\/40-gaa-matches-to-be-broadcast-on-tg4\/#primaryimage\",\"url\":\"https:\/\/tg4-docs.s3.amazonaws.com\/tg4-redesign-2015\/wp-content\/uploads\/2018\/04\/GaaBeo-Allianz-2.jpg\",\"contentUrl\":\"https:\/\/tg4-docs.s3.amazonaws.com\/tg4-redesign-2015\/wp-content\/uploads\/2018\/04\/GaaBeo-Allianz-2.jpg\",\"width\":1920,\"height\":1080,\"caption\":\"GaaBeo-Allianz-2\"},{\"@type\":\"BreadcrumbList\",\"@id\":\"https:\/\/dev.tg4.ie\/en\/information\/press\/press-releases\/2019-2\/40-gaa-matches-to-be-broadcast-on-tg4\/#breadcrumb\",\"itemListElement\":[{\"@type\":\"ListItem\",\"position\":1,\"name\":\"Home\",\"item\":\"https:\/\/dev.tg4.ie\/en\/\"},{\"@type\":\"ListItem\",\"position\":2,\"name\":\"Information\",\"item\":\"https:\/\/dev.tg4.ie\/en\/information\/\"},{\"@type\":\"ListItem\",\"position\":3,\"name\":\"Press\",\"item\":\"https:\/\/dev.tg4.ie\/en\/information\/press\/\"},{\"@type\":\"ListItem\",\"position\":4,\"name\":\"Press Releases\",\"item\":\"https:\/\/dev.tg4.ie\/en\/information\/press\/press-releases\/\"},{\"@type\":\"ListItem\",\"position\":5,\"name\":\"2019\",\"item\":\"https:\/\/dev.tg4.ie\/en\/information\/press\/press-releases\/2019-2\/\"},{\"@type\":\"ListItem\",\"position\":6,\"name\":\"40 GAA Matches to be Broadcast on TG4 as the Station Launches its Spring GAA Schedule\"}]},{\"@type\":\"WebSite\",\"@id\":\"https:\/\/dev.tg4.ie\/en\/#website\",\"url\":\"https:\/\/dev.tg4.ie\/en\/\",\"name\":\"TG4\",\"description\":\"S\u00fail Eile\",\"potentialAction\":[{\"@type\":\"SearchAction\",\"target\":{\"@type\":\"EntryPoint\",\"urlTemplate\":\"https:\/\/dev.tg4.ie\/en\/?s={search_term_string}\"},\"query-input\":\"required name=search_term_string\"}],\"inLanguage\":\"en-ie\"}]}<\/script>\n<!-- \/ Yoast SEO plugin. -->","yoast_head_json":{"title":"40 GAA Matches to be Broadcast on TG4 as the Station Launches its Spring GAA Schedule - TG4","robots":{"index":"index","follow":"follow","max-snippet":"max-snippet:-1","max-image-preview":"max-image-preview:large","max-video-preview":"max-video-preview:-1"},"og_locale":"en_US","og_type":"article","og_title":"40 GAA Matches to be Broadcast on TG4 as the Station Launches its Spring GAA Schedule - TG4","og_description":"TG4 unveiled the station\u2019s Spring GAA coverage today with details of their comprehensive schedule of GAA coverage for the coming months.\u00a0TG4 will broadcast 40 GAA matches between now and April beginning with live coverage of the O\u2019Byrne Cup Final on Friday 18 January. The station\u2019s\u00a0Allianz Leagues coverage starts on Sunday 27 January with\u00a0full coverage of [&hellip;]","og_url":"https:\/\/dev.tg4.ie\/en\/information\/press\/press-releases\/2019-2\/40-gaa-matches-to-be-broadcast-on-tg4\/","og_site_name":"TG4","article_publisher":"https:\/\/www.facebook.com\/TG4TV","article_modified_time":"2019-11-12T12:44:22+00:00","og_image":[{"width":1920,"height":1080,"url":"https:\/\/tg4-docs.s3.amazonaws.com\/tg4-redesign-2015\/wp-content\/uploads\/2018\/04\/GaaBeo-Allianz-2.jpg","type":"image\/jpeg"}],"twitter_card":"summary_large_image","twitter_site":"@TG4TV","twitter_misc":{"Est. reading time":"5 minutes"},"schema":{"@context":"https:\/\/schema.org","@graph":[{"@type":"WebPage","@id":"https:\/\/dev.tg4.ie\/en\/information\/press\/press-releases\/2019-2\/40-gaa-matches-to-be-broadcast-on-tg4\/","url":"https:\/\/dev.tg4.ie\/en\/information\/press\/press-releases\/2019-2\/40-gaa-matches-to-be-broadcast-on-tg4\/","name":"40 GAA Matches to be Broadcast on TG4 as the Station Launches its Spring GAA Schedule - TG4","isPartOf":{"@id":"https:\/\/dev.tg4.ie\/en\/#website"},"primaryImageOfPage":{"@id":"https:\/\/dev.tg4.ie\/en\/information\/press\/press-releases\/2019-2\/40-gaa-matches-to-be-broadcast-on-tg4\/#primaryimage"},"image":{"@id":"https:\/\/dev.tg4.ie\/en\/information\/press\/press-releases\/2019-2\/40-gaa-matches-to-be-broadcast-on-tg4\/#primaryimage"},"thumbnailUrl":"https:\/\/tg4-docs.s3.amazonaws.com\/tg4-redesign-2015\/wp-content\/uploads\/2018\/04\/GaaBeo-Allianz-2.jpg","datePublished":"2019-01-14T16:24:01+00:00","dateModified":"2019-11-12T12:44:22+00:00","breadcrumb":{"@id":"https:\/\/dev.tg4.ie\/en\/information\/press\/press-releases\/2019-2\/40-gaa-matches-to-be-broadcast-on-tg4\/#breadcrumb"},"inLanguage":"en-ie","potentialAction":[{"@type":"ReadAction","target":["https:\/\/dev.tg4.ie\/en\/information\/press\/press-releases\/2019-2\/40-gaa-matches-to-be-broadcast-on-tg4\/"]}]},{"@type":"ImageObject","inLanguage":"en-ie","@id":"https:\/\/dev.tg4.ie\/en\/information\/press\/press-releases\/2019-2\/40-gaa-matches-to-be-broadcast-on-tg4\/#primaryimage","url":"https:\/\/tg4-docs.s3.amazonaws.com\/tg4-redesign-2015\/wp-content\/uploads\/2018\/04\/GaaBeo-Allianz-2.jpg","contentUrl":"https:\/\/tg4-docs.s3.amazonaws.com\/tg4-redesign-2015\/wp-content\/uploads\/2018\/04\/GaaBeo-Allianz-2.jpg","width":1920,"height":1080,"caption":"GaaBeo-Allianz-2"},{"@type":"BreadcrumbList","@id":"https:\/\/dev.tg4.ie\/en\/information\/press\/press-releases\/2019-2\/40-gaa-matches-to-be-broadcast-on-tg4\/#breadcrumb","itemListElement":[{"@type":"ListItem","position":1,"name":"Home","item":"https:\/\/dev.tg4.ie\/en\/"},{"@type":"ListItem","position":2,"name":"Information","item":"https:\/\/dev.tg4.ie\/en\/information\/"},{"@type":"ListItem","position":3,"name":"Press","item":"https:\/\/dev.tg4.ie\/en\/information\/press\/"},{"@type":"ListItem","position":4,"name":"Press Releases","item":"https:\/\/dev.tg4.ie\/en\/information\/press\/press-releases\/"},{"@type":"ListItem","position":5,"name":"2019","item":"https:\/\/dev.tg4.ie\/en\/information\/press\/press-releases\/2019-2\/"},{"@type":"ListItem","position":6,"name":"40 GAA Matches to be Broadcast on TG4 as the Station Launches its Spring GAA Schedule"}]},{"@type":"WebSite","@id":"https:\/\/dev.tg4.ie\/en\/#website","url":"https:\/\/dev.tg4.ie\/en\/","name":"TG4","description":"S\u00fail Eile","potentialAction":[{"@type":"SearchAction","target":{"@type":"EntryPoint","urlTemplate":"https:\/\/dev.tg4.ie\/en\/?s={search_term_string}"},"query-input":"required name=search_term_string"}],"inLanguage":"en-ie"}]}},"_links":{"self":[{"href":"https:\/\/dev.tg4.ie\/en\/wp-json\/wp\/v2\/pages\/99073"}],"collection":[{"href":"https:\/\/dev.tg4.ie\/en\/wp-json\/wp\/v2\/pages"}],"about":[{"href":"https:\/\/dev.tg4.ie\/en\/wp-json\/wp\/v2\/types\/page"}],"author":[{"embeddable":true,"href":"https:\/\/dev.tg4.ie\/en\/wp-json\/wp\/v2\/users\/876"}],"replies":[{"embeddable":true,"href":"https:\/\/dev.tg4.ie\/en\/wp-json\/wp\/v2\/comments?post=99073"}],"version-history":[{"count":0,"href":"https:\/\/dev.tg4.ie\/en\/wp-json\/wp\/v2\/pages\/99073\/revisions"}],"up":[{"embeddable":true,"href":"https:\/\/dev.tg4.ie\/en\/wp-json\/wp\/v2\/pages\/98832"}],"wp:featuredmedia":[{"embeddable":true,"href":"https:\/\/dev.tg4.ie\/en\/wp-json\/wp\/v2\/media\/82019"}],"wp:attachment":[{"href":"https:\/\/dev.tg4.ie\/en\/wp-json\/wp\/v2\/media?parent=99073"}],"curies":[{"name":"wp","href":"https:\/\/api.w.org\/{rel}","templated":true}]}}