{"id":99665,"date":"2018-09-27T14:31:00","date_gmt":"2018-09-27T13:31:28","guid":{"rendered":"https:\/\/dev.tg4.ie\/?page_id=99665"},"modified":"2025-10-29T15:19:06","modified_gmt":"2025-10-29T15:19:06","slug":"home","status":"publish","type":"page","link":"https:\/\/dev.tg4.ie\/en\/corporate\/traenail-forbairt\/home\/","title":{"rendered":"Home"},"content":{"rendered":"<p><!--strong>T\u00fas \/ C\u00e9im Eile<\/strong>\nAn bhfuil suim agat i Scripteanna Gearrscann\u00e1n a fhorbairt?\nSeo deis ar mhaoini\u00fa do thogra\u00ed do Scr\u00edbhneoir\u00ed agus Cruthaitheoir\u00ed Nua: <a href=\"https:\/\/dev.tg4.ie\/en\/?page_id=214794\" target=\"_blank\" rel=\"noopener\">https:\/\/dev.tg4.ie\/coimisiuin\/coimisiunu\/tus-2024-ceim-eile-2024\/<\/a--><\/p>\n","protected":false},"excerpt":{"rendered":"","protected":false},"author":876,"featured_media":93467,"parent":99664,"menu_order":0,"comment_status":"closed","ping_status":"closed","template":"page-templates\/template-traenail.php","meta":{"_acf_changed":false,"footnotes":""},"acf":[],"yoast_head":"<!-- This site is optimized with the Yoast SEO plugin v22.6 - https:\/\/yoast.com\/wordpress\/plugins\/seo\/ -->\n<title>Traen\u00e1il &amp; Forbairt | TG4 | Tionscail na Teilif\u00edse Gaeilge<\/title>\n<meta name=\"robots\" content=\"index, follow, max-snippet:-1, max-image-preview:large, max-video-preview:-1\" \/>\n<meta property=\"og:locale\" content=\"en_US\" \/>\n<meta property=\"og:type\" content=\"article\" \/>\n<meta property=\"og:title\" content=\"Traen\u00e1il &amp; Forbairt | TG4 | Tionscail na Teilif\u00edse Gaeilge\" \/>\n<meta property=\"og:url\" content=\"https:\/\/dev.tg4.ie\/en\/corporate\/traenail-forbairt\/home\/\" \/>\n<meta property=\"og:site_name\" content=\"TG4\" \/>\n<meta property=\"article:publisher\" content=\"https:\/\/www.facebook.com\/TG4TV\" \/>\n<meta property=\"article:modified_time\" content=\"2025-10-29T15:19:06+00:00\" \/>\n<meta property=\"og:image\" content=\"https:\/\/tg4-docs.s3.amazonaws.com\/tg4-redesign-2015\/wp-content\/uploads\/2018\/09\/Ar_an_L%C3%A1thair.jpg\" \/>\n\t<meta property=\"og:image:width\" content=\"1920\" \/>\n\t<meta property=\"og:image:height\" content=\"1080\" \/>\n\t<meta property=\"og:image:type\" content=\"image\/jpeg\" \/>\n<meta name=\"twitter:card\" content=\"summary_large_image\" \/>\n<meta name=\"twitter:site\" content=\"@TG4TV\" \/>\n<meta name=\"twitter:label1\" content=\"Est. reading time\" \/>\n\t<meta name=\"twitter:data1\" content=\"1 minute\" \/>\n<script type=\"application\/ld+json\" class=\"yoast-schema-graph\">{\"@context\":\"https:\/\/schema.org\",\"@graph\":[{\"@type\":\"WebPage\",\"@id\":\"https:\/\/dev.tg4.ie\/en\/corporate\/traenail-forbairt\/home\/\",\"url\":\"https:\/\/dev.tg4.ie\/en\/corporate\/traenail-forbairt\/home\/\",\"name\":\"Traen\u00e1il & Forbairt | TG4 | Tionscail na Teilif\u00edse Gaeilge\",\"isPartOf\":{\"@id\":\"https:\/\/dev.tg4.ie\/en\/#website\"},\"primaryImageOfPage\":{\"@id\":\"https:\/\/dev.tg4.ie\/en\/corporate\/traenail-forbairt\/home\/#primaryimage\"},\"image\":{\"@id\":\"https:\/\/dev.tg4.ie\/en\/corporate\/traenail-forbairt\/home\/#primaryimage\"},\"thumbnailUrl\":\"https:\/\/tg4-docs.s3.amazonaws.com\/tg4-redesign-2015\/wp-content\/uploads\/2018\/09\/Ar_an_L%C3%A1thair.jpg\",\"datePublished\":\"2018-09-27T13:31:28+00:00\",\"dateModified\":\"2025-10-29T15:19:06+00:00\",\"breadcrumb\":{\"@id\":\"https:\/\/dev.tg4.ie\/en\/corporate\/traenail-forbairt\/home\/#breadcrumb\"},\"inLanguage\":\"en-ie\",\"potentialAction\":[{\"@type\":\"ReadAction\",\"target\":[\"https:\/\/dev.tg4.ie\/en\/corporate\/traenail-forbairt\/home\/\"]}]},{\"@type\":\"ImageObject\",\"inLanguage\":\"en-ie\",\"@id\":\"https:\/\/dev.tg4.ie\/en\/corporate\/traenail-forbairt\/home\/#primaryimage\",\"url\":\"https:\/\/tg4-docs.s3.amazonaws.com\/tg4-redesign-2015\/wp-content\/uploads\/2018\/09\/Ar_an_L%C3%A1thair.jpg\",\"contentUrl\":\"https:\/\/tg4-docs.s3.amazonaws.com\/tg4-redesign-2015\/wp-content\/uploads\/2018\/09\/Ar_an_L%C3%A1thair.jpg\",\"width\":1920,\"height\":1080,\"caption\":\"Cri\u00fa Ar an L\u00e1thair\"},{\"@type\":\"BreadcrumbList\",\"@id\":\"https:\/\/dev.tg4.ie\/en\/corporate\/traenail-forbairt\/home\/#breadcrumb\",\"itemListElement\":[{\"@type\":\"ListItem\",\"position\":1,\"name\":\"Home\",\"item\":\"https:\/\/dev.tg4.ie\/en\/\"},{\"@type\":\"ListItem\",\"position\":2,\"name\":\"Corporate\",\"item\":\"https:\/\/dev.tg4.ie\/en\/corporate\/\"},{\"@type\":\"ListItem\",\"position\":3,\"name\":\"Traen\u00e1il &#038; Forbairt\",\"item\":\"https:\/\/dev.tg4.ie\/en\/corporate\/traenail-forbairt\/\"},{\"@type\":\"ListItem\",\"position\":4,\"name\":\"Home\"}]},{\"@type\":\"WebSite\",\"@id\":\"https:\/\/dev.tg4.ie\/en\/#website\",\"url\":\"https:\/\/dev.tg4.ie\/en\/\",\"name\":\"TG4\",\"description\":\"S\u00fail Eile\",\"potentialAction\":[{\"@type\":\"SearchAction\",\"target\":{\"@type\":\"EntryPoint\",\"urlTemplate\":\"https:\/\/dev.tg4.ie\/en\/?s={search_term_string}\"},\"query-input\":\"required name=search_term_string\"}],\"inLanguage\":\"en-ie\"}]}<\/script>\n<!-- \/ Yoast SEO plugin. -->","yoast_head_json":{"title":"Traen\u00e1il & Forbairt | TG4 | Tionscail na Teilif\u00edse Gaeilge","robots":{"index":"index","follow":"follow","max-snippet":"max-snippet:-1","max-image-preview":"max-image-preview:large","max-video-preview":"max-video-preview:-1"},"og_locale":"en_US","og_type":"article","og_title":"Traen\u00e1il & Forbairt | TG4 | Tionscail na Teilif\u00edse Gaeilge","og_url":"https:\/\/dev.tg4.ie\/en\/corporate\/traenail-forbairt\/home\/","og_site_name":"TG4","article_publisher":"https:\/\/www.facebook.com\/TG4TV","article_modified_time":"2025-10-29T15:19:06+00:00","og_image":[{"width":1920,"height":1080,"url":"https:\/\/tg4-docs.s3.amazonaws.com\/tg4-redesign-2015\/wp-content\/uploads\/2018\/09\/Ar_an_L%C3%A1thair.jpg","type":"image\/jpeg"}],"twitter_card":"summary_large_image","twitter_site":"@TG4TV","twitter_misc":{"Est. reading time":"1 minute"},"schema":{"@context":"https:\/\/schema.org","@graph":[{"@type":"WebPage","@id":"https:\/\/dev.tg4.ie\/en\/corporate\/traenail-forbairt\/home\/","url":"https:\/\/dev.tg4.ie\/en\/corporate\/traenail-forbairt\/home\/","name":"Traen\u00e1il & Forbairt | TG4 | Tionscail na Teilif\u00edse Gaeilge","isPartOf":{"@id":"https:\/\/dev.tg4.ie\/en\/#website"},"primaryImageOfPage":{"@id":"https:\/\/dev.tg4.ie\/en\/corporate\/traenail-forbairt\/home\/#primaryimage"},"image":{"@id":"https:\/\/dev.tg4.ie\/en\/corporate\/traenail-forbairt\/home\/#primaryimage"},"thumbnailUrl":"https:\/\/tg4-docs.s3.amazonaws.com\/tg4-redesign-2015\/wp-content\/uploads\/2018\/09\/Ar_an_L%C3%A1thair.jpg","datePublished":"2018-09-27T13:31:28+00:00","dateModified":"2025-10-29T15:19:06+00:00","breadcrumb":{"@id":"https:\/\/dev.tg4.ie\/en\/corporate\/traenail-forbairt\/home\/#breadcrumb"},"inLanguage":"en-ie","potentialAction":[{"@type":"ReadAction","target":["https:\/\/dev.tg4.ie\/en\/corporate\/traenail-forbairt\/home\/"]}]},{"@type":"ImageObject","inLanguage":"en-ie","@id":"https:\/\/dev.tg4.ie\/en\/corporate\/traenail-forbairt\/home\/#primaryimage","url":"https:\/\/tg4-docs.s3.amazonaws.com\/tg4-redesign-2015\/wp-content\/uploads\/2018\/09\/Ar_an_L%C3%A1thair.jpg","contentUrl":"https:\/\/tg4-docs.s3.amazonaws.com\/tg4-redesign-2015\/wp-content\/uploads\/2018\/09\/Ar_an_L%C3%A1thair.jpg","width":1920,"height":1080,"caption":"Cri\u00fa Ar an L\u00e1thair"},{"@type":"BreadcrumbList","@id":"https:\/\/dev.tg4.ie\/en\/corporate\/traenail-forbairt\/home\/#breadcrumb","itemListElement":[{"@type":"ListItem","position":1,"name":"Home","item":"https:\/\/dev.tg4.ie\/en\/"},{"@type":"ListItem","position":2,"name":"Corporate","item":"https:\/\/dev.tg4.ie\/en\/corporate\/"},{"@type":"ListItem","position":3,"name":"Traen\u00e1il &#038; Forbairt","item":"https:\/\/dev.tg4.ie\/en\/corporate\/traenail-forbairt\/"},{"@type":"ListItem","position":4,"name":"Home"}]},{"@type":"WebSite","@id":"https:\/\/dev.tg4.ie\/en\/#website","url":"https:\/\/dev.tg4.ie\/en\/","name":"TG4","description":"S\u00fail Eile","potentialAction":[{"@type":"SearchAction","target":{"@type":"EntryPoint","urlTemplate":"https:\/\/dev.tg4.ie\/en\/?s={search_term_string}"},"query-input":"required name=search_term_string"}],"inLanguage":"en-ie"}]}},"_links":{"self":[{"href":"https:\/\/dev.tg4.ie\/en\/wp-json\/wp\/v2\/pages\/99665"}],"collection":[{"href":"https:\/\/dev.tg4.ie\/en\/wp-json\/wp\/v2\/pages"}],"about":[{"href":"https:\/\/dev.tg4.ie\/en\/wp-json\/wp\/v2\/types\/page"}],"author":[{"embeddable":true,"href":"https:\/\/dev.tg4.ie\/en\/wp-json\/wp\/v2\/users\/876"}],"replies":[{"embeddable":true,"href":"https:\/\/dev.tg4.ie\/en\/wp-json\/wp\/v2\/comments?post=99665"}],"version-history":[{"count":0,"href":"https:\/\/dev.tg4.ie\/en\/wp-json\/wp\/v2\/pages\/99665\/revisions"}],"up":[{"embeddable":true,"href":"https:\/\/dev.tg4.ie\/en\/wp-json\/wp\/v2\/pages\/99664"}],"wp:featuredmedia":[{"embeddable":true,"href":"https:\/\/dev.tg4.ie\/en\/wp-json\/wp\/v2\/media\/93467"}],"wp:attachment":[{"href":"https:\/\/dev.tg4.ie\/en\/wp-json\/wp\/v2\/media?parent=99665"}],"curies":[{"name":"wp","href":"https:\/\/api.w.org\/{rel}","templated":true}]}}