{"id":99670,"date":"2018-09-27T14:28:00","date_gmt":"2018-09-27T13:28:48","guid":{"rendered":"https:\/\/dev.tg4.ie\/?page_id=99670"},"modified":"2025-05-23T14:45:59","modified_gmt":"2025-05-23T13:45:59","slug":"taithi-oibre-le-tg4","status":"publish","type":"page","link":"https:\/\/dev.tg4.ie\/en\/corporate\/traenail-forbairt\/taithi-oibre-le-tg4\/","title":{"rendered":"Taith\u00ed Oibre le TG4"},"content":{"rendered":"<p><!--h2>Int\u00e9irneacht le TG4<\/h2>\n\n\n<strong>Sc\u00e9im Int\u00e9irneachta Bliana le TG4 do ch\u00e9imithe n\u00f3 do tosaitheoir\u00ed\nL\u00fanasa 2025 -> L\u00fanasa 2026<\/strong>\n&nbsp;\nCuirfear f\u00e1ilte roimh iarratais \u00f3 tosaitheoir\u00ed n\u00f3 \u00f3 ch\u00e9imithe ollscoile chun tr\u00e9imhse bliana a chaitheamh ar int\u00e9irneacht le TG4 i mBaile na hAbhann.\n&nbsp;\nIs fost\u00f3ir comhdheiseanna \u00e9 TG4 agus d\u00e9anfar iarratais inch\u00e1ilithe a mheas beag beann ar inscne, gn\u00e9aschlaonadh, aois, taith\u00ed sh\u00f3isialta, cine agus eitneacht, \u00e9agumas, st\u00e1das sibhialta an teaghlaigh, creideamh n\u00f3 ar duine den Lucht Si\u00fail at\u00e1 i gceist. T\u00e1 TG4 i bhfabhar na h\u00e9ags\u00falachta. F\u00e1ilteoidh muid roimh iarratais \u00f3 dhaoine \u00f3 ch\u00falra\u00ed \u00e9ags\u00fala.\n&nbsp;\nIs deis \u00e9 seo do dhaoine at\u00e1 ag tos\u00fa amach san earn\u00e1il F\u00edse agus at\u00e1 ag iarraidh taith\u00ed phraitici\u00fail a fh\u00e1il chun cur leis an oili\u00faint at\u00e1 faighte acu go dt\u00ed seo. \u00cdocfar tuarastal le linn na bliana taith\u00ed oibre seo agus beidh deiseanna oili\u00fana eile ar f\u00e1il le linn na bliana. \nDaoine a bhfuil Gaeilge den scoth acu agus a bhfuil suim acu sna hard\u00e1in me\u00e1n s\u00f3isialta at\u00e1 \u00e1 lorg againn. Beifear ag s\u00fail go mbeidh scileanna taighde agus cumas maith scr\u00edofa (i nGaeilge & i mB\u00e9arla) ag an t\u00e9 a cheapfar chomh maith le tuiscint a bheith acu ar c\u00e9ard is sc\u00e9al mealltach ann. \n&nbsp;\n<strong>I measc na ndualgas a bheidh ar an t\u00e9 a cheapfar, beidh:<\/strong>\n\n\n<ul>\n\n\n<li>M\u00edreanna a aimsi\u00fa, a sceideal\u00fa agus a chur in eagar le cur ar ard\u00e1in sh\u00f3isialta TG4.<\/li>\n\n  \n\n\n<li>Beidh ceannscr\u00edbhinn agus fotheidil le cruth\u00fa d\u2019\u00e1bhar ar l\u00edne, mar aon le h\u00e1bhar a chur in oiri\u00faint do na hard\u00e1in sh\u00f3isialta.<\/li>\n\n\n\n\n<li>Beidh an t\u00e9 a cheapfar ina phointe teagmh\u00e1la ag an bpobal agus beidh c\u00faram air\/uirthi comhord\u00fa a dh\u00e9anamh ar fhreagra\u00ed chuig an bpobal ar na hard\u00e1in sh\u00f3isialta.<\/li>\n\n\n\n\n<li>Aon fhreagrachta\u00ed eile arna sannadh agus arna meas ag an mbainisteoir\/sti\u00farth\u00f3ir na rann\u00f3ige bunaithe ar riachtanais an ghn\u00f3.<\/li>\n\n\n<\/ul>\n\n\nB\u00edonn tionscal na teilif\u00edse ag s\u00edorathr\u00fa.  Glacann TG4 go fonnmhar leis na hathruithe seo agus athr\u00f3idh an comhlacht agus dualgais na foirne d\u00e1 r\u00e9ir.\nGheobhaidh an t\u00e9 a cheapfar taith\u00ed chuimsitheach ar bheith ag obair i r\u00e9imse an l\u00e9iri\u00fach\u00e1in faoi l\u00e1thair ina nd\u00e9antar comhord\u00fa ar obair eagarth\u00f3ireachta agus ar obair foilsitheoireachta ar na hard\u00e1in Dhigiteacha.    \n&nbsp;\n<strong>T\u00e1 daoine faoi oili\u00faint \u00e1 lorg sna r\u00e9ims\u00ed seo a leanas:<\/strong>\n\n\n<ul>\n\n\n<li>Int\u00e9irn le BLOC<\/li>\n\n\n\n\n<li>Int\u00e9irn le MOLSC\u00c9AL<\/li>\n\n\n\n\n<li>Int\u00e9irn le Sp\u00f3rt TG4<\/li>\n\n\n\n\n<li>Int\u00e9irn \u00e1bhar Oideachais<\/li>\n\n \n\n\n<li>Eala\u00edont\u00f3ir Grafaic\u00ed faoi oili\u00faint<\/li>\n\n\n\n\n<li>Int\u00e9irn Eagarth\u00f3ireachta<\/li>\n\n \n<\/ul>\n\n\n&nbsp;\nSeol do CV, litir iarratas chomh maith le sampla de do chuid oibre ar na me\u00e1in sh\u00f3isialta\/obair grafaic\u00ed\/obair eagarth\u00f3ireachta <strong><u>in 2 de na r\u00e9ims\u00ed sin thuas ar a mh\u00e9ad<\/u> - Molsc\u00e9al, BLOC, Sp\u00f3rt, Oideachas, Grafaic\u00ed n\u00f3 Eagarth\u00f3ireacht<\/strong> chuig <a href=\"mailto:cv@dev.tg4.ie\" rel=\"noopener\" target=\"_blank\">cv@dev.tg4.ie<\/a>.\n\n<strong>Cuir do ch\u00e9ad d\u00e1 rogha as na roghanna thuas in i\u00fal.\n\nCinntigh freisin go bhfuil an taith\u00ed oibre \u00e1bhartha at\u00e1 liostaithe agat i do CV ag teacht leis na hard\u00e1in a bhfuil suim agat cur isteach orthu.\n\nAn d\u00e1ta deiridh a nglacfar le hiarratais: 4pm D\u00e9ardaoin an 17 Aibre\u00e1n 2025.<\/strong>\n\nIs \u00ed an Ghaeilge teanga oibre TG4. \n\nIs poist l\u00e1naimseartha iad seo agus beidh na daoine a cheapfar lonnaithe i gCeann\u00e1ras TG4 i mBaile na hAbhann, i gCo. na Gaillimhe.\n\n&nbsp;\n\n\n\n<hr>\n\n\n--><br \/>\n<!--h2>Int\u00e9irneacht i Rann\u00f3g Dl\u00ed TG4<\/h2>\n\n\n<strong>Int\u00e9irneacht ar bhonn p\u00e1irtaimseartha ar feadh tr\u00e9imhse bliana i TG4 do mhic l\u00e9inn sa r\u00e9imse Dl\u00ed, ag tos\u00fa i m\u00ed L\u00fanasa 2025 (2 l\u00e1 sa tseachtain)<\/strong>\n\nCuirfear f\u00e1ilte roimh iarratais \u00f3 mhic l\u00e9inn chun tr\u00e9imhse bliana a chaitheamh ar int\u00e9irneacht i TG4 i mBaile na hAbhann.\n\nIs fost\u00f3ir comhdheiseanna \u00e9 TG4 agus d\u00e9anfar iarratais inch\u00e1ilithe a mheas beag beann ar inscne, gn\u00e9aschlaonadh, aois, taith\u00ed sh\u00f3isialta, cine agus eitneacht, \u00e9agumas, st\u00e1das sibhialta an teaghlaigh, creideamh n\u00f3 ar duine den Lucht Si\u00fail at\u00e1 i gceist. T\u00e1 TG4 i bhfabhar na h\u00e9ags\u00falachta. F\u00e1ilteoidh muid roimh iarratais \u00f3 dhaoine \u00f3 ch\u00falra\u00ed \u00e9ags\u00fala.\n\nIs deis \u00e9 seo do dhuine a bhfuil c\u00e9im sa dl\u00ed bainte amach acu agus at\u00e1 ag iarraidh taith\u00ed phraitici\u00fail a fh\u00e1il chun cur leis an oili\u00faint at\u00e1 faighte acu go dt\u00ed seo. \u00cdocfar tuarastal le linn na hint\u00e9irneachta seo. \nN\u00ed m\u00f3r Gaeilge den scoth a bheith ag an mac l\u00e9inn, idir scr\u00edobh agus \u00f3 bh\u00e9al. Beifear ag s\u00fail go mbeidh scileanna l\u00e1idre eagr\u00fach\u00e1in, taighde, oibre foirne agus cumars\u00e1ide ag an mac l\u00e9inn. T\u00e1 s\u00e9 t\u00e1bhachtach go mbeadh taith\u00ed mhaith ar r\u00edomhair\u00ed agat agus go mbeadh t\u00fa in ann c\u00f3rais nua a fhoghlaim go tapa. \n\n<strong>I measc na ndualgas a bheidh ar an t\u00e9 a cheapfar, beidh:<\/strong>\n\n\n<ul>\n\n\n<li>Cuidi\u00fa le conartha\u00ed a dhr\u00e9acht\u00fa<\/li>\n\n\n\n\n<li>Obair riarach\u00e1in<\/li>\n\n\n\n\n<li>Taighde<\/li>\n\n\n\n\n<li>Athbhreithni\u00fa a dh\u00e9anamh ar p\u00e1ip\u00e9arachas imr\u00e9itigh<\/li>\n\n\n<\/ul>\n\n\n\nGheobhaidh an t\u00e9 a cheapfar taith\u00ed chuimsitheach ar bheith ag obair sa r\u00e9imse dl\u00ed.\n\nSeol CV, mar aon le d\u2019iarratas chuig <a href=\"mailto:cv@dev.tg4.ie\" rel=\"noopener\" target=\"_blank\">cv@dev.tg4.ie<\/a>.\n\n<strong>An d\u00e1ta deiridh a nglacfar le hiarratais: 4pm D\u00e9ardaoin 22 Bealtaine 2025.<\/strong>\n\nIs \u00ed an Ghaeilge teanga oibre TG4. \n\nBeidh an post seo lonnaithe i gCeann\u00e1ras TG4 i mBaile na hAbhann. \n\n\n&nbsp;\n&nbsp;\n<hr-->\n<h2>Sc\u00e9im Taith\u00ed Oibre Bliana le TG4 do ch\u00e9imithe n\u00f3 do thosaitheoir\u00ed<\/h2>\n<p>Gach bliain, cuirtear 4 n\u00f3 5 fhol\u00fantas taith\u00ed oibre ar f\u00e1il i TG4.<br \/>\nIs deis \u00ed seo do dhaoine at\u00e1 ag tos\u00fa amach san earn\u00e1il F\u00edse agus at\u00e1 ag iarraidh taith\u00ed phraitici\u00fail a fh\u00e1il chun cur leis an oili\u00faint at\u00e1 faighte acu go dt\u00ed seo.<br \/>\n\u00cdoctar tuarastal le linn na bliana taith\u00ed oibre seo agus b\u00edonn deiseanna oili\u00fana breise ar f\u00e1il i rith na bliana.<\/p>\n<p>&nbsp;<\/p>\n","protected":false},"excerpt":{"rendered":"<p>Sc\u00e9im Taith\u00ed Oibre Bliana le TG4 do ch\u00e9imithe n\u00f3 do thosaitheoir\u00ed Gach bliain, cuirtear 4 n\u00f3 5 fhol\u00fantas taith\u00ed oibre ar f\u00e1il i TG4. Is deis \u00ed seo do dhaoine at\u00e1 ag tos\u00fa amach san earn\u00e1il F\u00edse agus at\u00e1 ag iarraidh taith\u00ed phraitici\u00fail a fh\u00e1il chun cur leis an oili\u00faint at\u00e1 faighte acu go dt\u00ed [&hellip;]<\/p>\n","protected":false},"author":876,"featured_media":81857,"parent":99664,"menu_order":5,"comment_status":"closed","ping_status":"closed","template":"page-templates\/template-corporate.php","meta":{"_acf_changed":false,"footnotes":""},"acf":[],"yoast_head":"<!-- This site is optimized with the Yoast SEO plugin v22.6 - https:\/\/yoast.com\/wordpress\/plugins\/seo\/ -->\n<title>TG4 | Taith\u00ed Oibre le TG4 | Traen\u00e1il &amp; Forbairt | Corporate | Irish Television Channel, S\u00fail Eile<\/title>\n<meta name=\"description\" content=\"Recently graduated and looking for experience in media? TG4&#039;s one year work experience may be just what you need\" \/>\n<meta name=\"robots\" content=\"index, follow, max-snippet:-1, max-image-preview:large, max-video-preview:-1\" \/>\n<meta property=\"og:locale\" content=\"en_US\" \/>\n<meta property=\"og:type\" content=\"article\" \/>\n<meta property=\"og:title\" content=\"TG4 | Taith\u00ed Oibre le TG4 | Traen\u00e1il &amp; Forbairt | Corporate | Irish Television Channel, S\u00fail Eile\" \/>\n<meta property=\"og:description\" content=\"Recently graduated and looking for experience in media? TG4&#039;s one year work experience may be just what you need\" \/>\n<meta property=\"og:url\" content=\"https:\/\/dev.tg4.ie\/en\/corporate\/traenail-forbairt\/taithi-oibre-le-tg4\/\" \/>\n<meta property=\"og:site_name\" content=\"TG4\" \/>\n<meta property=\"article:publisher\" content=\"https:\/\/www.facebook.com\/TG4TV\" \/>\n<meta property=\"article:modified_time\" content=\"2025-05-23T13:45:59+00:00\" \/>\n<meta property=\"og:image\" content=\"https:\/\/tg4-docs.s3.amazonaws.com\/tg4-redesign-2015\/wp-content\/uploads\/2018\/04\/Tallan_TG4.jpg\" \/>\n\t<meta property=\"og:image:width\" content=\"1920\" \/>\n\t<meta property=\"og:image:height\" content=\"1080\" \/>\n\t<meta property=\"og:image:type\" content=\"image\/jpeg\" \/>\n<meta name=\"twitter:card\" content=\"summary_large_image\" \/>\n<meta name=\"twitter:site\" content=\"@TG4TV\" \/>\n<meta name=\"twitter:label1\" content=\"Est. reading time\" \/>\n\t<meta name=\"twitter:data1\" content=\"2 minutes\" \/>\n<script type=\"application\/ld+json\" class=\"yoast-schema-graph\">{\"@context\":\"https:\/\/schema.org\",\"@graph\":[{\"@type\":\"WebPage\",\"@id\":\"https:\/\/dev.tg4.ie\/en\/corporate\/traenail-forbairt\/taithi-oibre-le-tg4\/\",\"url\":\"https:\/\/dev.tg4.ie\/en\/corporate\/traenail-forbairt\/taithi-oibre-le-tg4\/\",\"name\":\"TG4 | Taith\u00ed Oibre le TG4 | Traen\u00e1il & Forbairt | Corporate | Irish Television Channel, S\u00fail Eile\",\"isPartOf\":{\"@id\":\"https:\/\/dev.tg4.ie\/en\/#website\"},\"primaryImageOfPage\":{\"@id\":\"https:\/\/dev.tg4.ie\/en\/corporate\/traenail-forbairt\/taithi-oibre-le-tg4\/#primaryimage\"},\"image\":{\"@id\":\"https:\/\/dev.tg4.ie\/en\/corporate\/traenail-forbairt\/taithi-oibre-le-tg4\/#primaryimage\"},\"thumbnailUrl\":\"https:\/\/tg4-docs.s3.amazonaws.com\/tg4-redesign-2015\/wp-content\/uploads\/2018\/04\/Tallan_TG4.jpg\",\"datePublished\":\"2018-09-27T13:28:48+00:00\",\"dateModified\":\"2025-05-23T13:45:59+00:00\",\"description\":\"Recently graduated and looking for experience in media? TG4's one year work experience may be just what you need\",\"breadcrumb\":{\"@id\":\"https:\/\/dev.tg4.ie\/en\/corporate\/traenail-forbairt\/taithi-oibre-le-tg4\/#breadcrumb\"},\"inLanguage\":\"en-ie\",\"potentialAction\":[{\"@type\":\"ReadAction\",\"target\":[\"https:\/\/dev.tg4.ie\/en\/corporate\/traenail-forbairt\/taithi-oibre-le-tg4\/\"]}]},{\"@type\":\"ImageObject\",\"inLanguage\":\"en-ie\",\"@id\":\"https:\/\/dev.tg4.ie\/en\/corporate\/traenail-forbairt\/taithi-oibre-le-tg4\/#primaryimage\",\"url\":\"https:\/\/tg4-docs.s3.amazonaws.com\/tg4-redesign-2015\/wp-content\/uploads\/2018\/04\/Tallan_TG4.jpg\",\"contentUrl\":\"https:\/\/tg4-docs.s3.amazonaws.com\/tg4-redesign-2015\/wp-content\/uploads\/2018\/04\/Tallan_TG4.jpg\",\"width\":1920,\"height\":1080,\"caption\":\"Tallan TG4\"},{\"@type\":\"BreadcrumbList\",\"@id\":\"https:\/\/dev.tg4.ie\/en\/corporate\/traenail-forbairt\/taithi-oibre-le-tg4\/#breadcrumb\",\"itemListElement\":[{\"@type\":\"ListItem\",\"position\":1,\"name\":\"Home\",\"item\":\"https:\/\/dev.tg4.ie\/en\/\"},{\"@type\":\"ListItem\",\"position\":2,\"name\":\"Corporate\",\"item\":\"https:\/\/dev.tg4.ie\/en\/corporate\/\"},{\"@type\":\"ListItem\",\"position\":3,\"name\":\"Traen\u00e1il &#038; Forbairt\",\"item\":\"https:\/\/dev.tg4.ie\/en\/corporate\/traenail-forbairt\/\"},{\"@type\":\"ListItem\",\"position\":4,\"name\":\"Taith\u00ed Oibre le TG4\"}]},{\"@type\":\"WebSite\",\"@id\":\"https:\/\/dev.tg4.ie\/en\/#website\",\"url\":\"https:\/\/dev.tg4.ie\/en\/\",\"name\":\"TG4\",\"description\":\"S\u00fail Eile\",\"potentialAction\":[{\"@type\":\"SearchAction\",\"target\":{\"@type\":\"EntryPoint\",\"urlTemplate\":\"https:\/\/dev.tg4.ie\/en\/?s={search_term_string}\"},\"query-input\":\"required name=search_term_string\"}],\"inLanguage\":\"en-ie\"}]}<\/script>\n<!-- \/ Yoast SEO plugin. -->","yoast_head_json":{"title":"TG4 | Taith\u00ed Oibre le TG4 | Traen\u00e1il & Forbairt | Corporate | Irish Television Channel, S\u00fail Eile","description":"Recently graduated and looking for experience in media? TG4's one year work experience may be just what you need","robots":{"index":"index","follow":"follow","max-snippet":"max-snippet:-1","max-image-preview":"max-image-preview:large","max-video-preview":"max-video-preview:-1"},"og_locale":"en_US","og_type":"article","og_title":"TG4 | Taith\u00ed Oibre le TG4 | Traen\u00e1il & Forbairt | Corporate | Irish Television Channel, S\u00fail Eile","og_description":"Recently graduated and looking for experience in media? TG4's one year work experience may be just what you need","og_url":"https:\/\/dev.tg4.ie\/en\/corporate\/traenail-forbairt\/taithi-oibre-le-tg4\/","og_site_name":"TG4","article_publisher":"https:\/\/www.facebook.com\/TG4TV","article_modified_time":"2025-05-23T13:45:59+00:00","og_image":[{"width":1920,"height":1080,"url":"https:\/\/tg4-docs.s3.amazonaws.com\/tg4-redesign-2015\/wp-content\/uploads\/2018\/04\/Tallan_TG4.jpg","type":"image\/jpeg"}],"twitter_card":"summary_large_image","twitter_site":"@TG4TV","twitter_misc":{"Est. reading time":"2 minutes"},"schema":{"@context":"https:\/\/schema.org","@graph":[{"@type":"WebPage","@id":"https:\/\/dev.tg4.ie\/en\/corporate\/traenail-forbairt\/taithi-oibre-le-tg4\/","url":"https:\/\/dev.tg4.ie\/en\/corporate\/traenail-forbairt\/taithi-oibre-le-tg4\/","name":"TG4 | Taith\u00ed Oibre le TG4 | Traen\u00e1il & Forbairt | Corporate | Irish Television Channel, S\u00fail Eile","isPartOf":{"@id":"https:\/\/dev.tg4.ie\/en\/#website"},"primaryImageOfPage":{"@id":"https:\/\/dev.tg4.ie\/en\/corporate\/traenail-forbairt\/taithi-oibre-le-tg4\/#primaryimage"},"image":{"@id":"https:\/\/dev.tg4.ie\/en\/corporate\/traenail-forbairt\/taithi-oibre-le-tg4\/#primaryimage"},"thumbnailUrl":"https:\/\/tg4-docs.s3.amazonaws.com\/tg4-redesign-2015\/wp-content\/uploads\/2018\/04\/Tallan_TG4.jpg","datePublished":"2018-09-27T13:28:48+00:00","dateModified":"2025-05-23T13:45:59+00:00","description":"Recently graduated and looking for experience in media? TG4's one year work experience may be just what you need","breadcrumb":{"@id":"https:\/\/dev.tg4.ie\/en\/corporate\/traenail-forbairt\/taithi-oibre-le-tg4\/#breadcrumb"},"inLanguage":"en-ie","potentialAction":[{"@type":"ReadAction","target":["https:\/\/dev.tg4.ie\/en\/corporate\/traenail-forbairt\/taithi-oibre-le-tg4\/"]}]},{"@type":"ImageObject","inLanguage":"en-ie","@id":"https:\/\/dev.tg4.ie\/en\/corporate\/traenail-forbairt\/taithi-oibre-le-tg4\/#primaryimage","url":"https:\/\/tg4-docs.s3.amazonaws.com\/tg4-redesign-2015\/wp-content\/uploads\/2018\/04\/Tallan_TG4.jpg","contentUrl":"https:\/\/tg4-docs.s3.amazonaws.com\/tg4-redesign-2015\/wp-content\/uploads\/2018\/04\/Tallan_TG4.jpg","width":1920,"height":1080,"caption":"Tallan TG4"},{"@type":"BreadcrumbList","@id":"https:\/\/dev.tg4.ie\/en\/corporate\/traenail-forbairt\/taithi-oibre-le-tg4\/#breadcrumb","itemListElement":[{"@type":"ListItem","position":1,"name":"Home","item":"https:\/\/dev.tg4.ie\/en\/"},{"@type":"ListItem","position":2,"name":"Corporate","item":"https:\/\/dev.tg4.ie\/en\/corporate\/"},{"@type":"ListItem","position":3,"name":"Traen\u00e1il &#038; Forbairt","item":"https:\/\/dev.tg4.ie\/en\/corporate\/traenail-forbairt\/"},{"@type":"ListItem","position":4,"name":"Taith\u00ed Oibre le TG4"}]},{"@type":"WebSite","@id":"https:\/\/dev.tg4.ie\/en\/#website","url":"https:\/\/dev.tg4.ie\/en\/","name":"TG4","description":"S\u00fail Eile","potentialAction":[{"@type":"SearchAction","target":{"@type":"EntryPoint","urlTemplate":"https:\/\/dev.tg4.ie\/en\/?s={search_term_string}"},"query-input":"required name=search_term_string"}],"inLanguage":"en-ie"}]}},"_links":{"self":[{"href":"https:\/\/dev.tg4.ie\/en\/wp-json\/wp\/v2\/pages\/99670"}],"collection":[{"href":"https:\/\/dev.tg4.ie\/en\/wp-json\/wp\/v2\/pages"}],"about":[{"href":"https:\/\/dev.tg4.ie\/en\/wp-json\/wp\/v2\/types\/page"}],"author":[{"embeddable":true,"href":"https:\/\/dev.tg4.ie\/en\/wp-json\/wp\/v2\/users\/876"}],"replies":[{"embeddable":true,"href":"https:\/\/dev.tg4.ie\/en\/wp-json\/wp\/v2\/comments?post=99670"}],"version-history":[{"count":0,"href":"https:\/\/dev.tg4.ie\/en\/wp-json\/wp\/v2\/pages\/99670\/revisions"}],"up":[{"embeddable":true,"href":"https:\/\/dev.tg4.ie\/en\/wp-json\/wp\/v2\/pages\/99664"}],"wp:featuredmedia":[{"embeddable":true,"href":"https:\/\/dev.tg4.ie\/en\/wp-json\/wp\/v2\/media\/81857"}],"wp:attachment":[{"href":"https:\/\/dev.tg4.ie\/en\/wp-json\/wp\/v2\/media?parent=99670"}],"curies":[{"name":"wp","href":"https:\/\/api.w.org\/{rel}","templated":true}]}}