{"id":100005,"date":"2019-01-30T11:31:08","date_gmt":"2019-01-30T11:31:08","guid":{"rendered":"https:\/\/dev.tg4.ie\/?page_id=100005"},"modified":"2019-06-25T14:46:29","modified_gmt":"2019-06-25T13:46:29","slug":"ar-gclub-seolta-ag-evanne-ni-chuilinn","status":"publish","type":"page","link":"https:\/\/dev.tg4.ie\/ga\/eolas\/preas\/nuacht-raitis\/2019-2\/ar-gclub-seolta-ag-evanne-ni-chuilinn\/","title":{"rendered":"&#8216;\u00c1r gCLUB&#8217; seolta ag Evanne N\u00ed Chuilinn"},"content":{"rendered":"<p>Ar\u00e9ir ag Clubtheach Cumann Coill Mochuda &#8211; Na Cr\u00f3caigh i mBaile \u00c1tha Cliath, sheol an l\u00e1\u00edthreoir aitheanta sp\u00f3irt, Evanne N\u00ed Chuilinn, sraith nua 7 gcl\u00e1r\u00a0\u00a0a thugann l\u00e9argas ar na teaghlaigh, na pobail, agus ar na heachtra\u00ed a thiteann amach i gceithre chumann \u00e9ags\u00fala CLG le linn na bliana 2018. <strong>&#8216;\u00c1r gClub&#8217;<\/strong> an t-ainm at\u00e1 ar an sraith, l\u00e9irithe ag <strong>Aniar<\/strong> do <strong>TG4<\/strong> agus beidh s\u00e9 \u00e1 chraoladh \u00f3n 7 Feabhra. Is iad na cumainn at\u00e1 i gceist n\u00e1: <strong>Na Piarsaigh<\/strong> (Co. na Gaillimhe), <strong>Na D\u00fanaibh<\/strong> (Co. Dh\u00fan na nGall), <strong>Cumann Caide na Gaeltachta<\/strong> (Co. Chiarra\u00ed) &amp; <strong>Coill Mochuda &#8211; Na Cr\u00f3caigh<\/strong> (Baile \u00c1tha Cliath).<\/p>\n<p><strong>Ag tos\u00fa:<\/strong> 07\/02\/19 @ 8pm<\/p>\n<p>#ClubTG4 @AniarTV<\/p>\n<p>Arna l\u00e9iri\u00fa ag Aniar do TG4<\/p>\n<p><strong>F\u00e9ach Blais\u00edn anseo:<\/strong>\u00a0<a href=\"https:\/\/grabyo.com\/g\/v\/H3Rnd0Fiqyc\" target=\"_blank\" rel=\"noopener noreferrer\">https:\/\/grabyo.com\/g\/v\/H3Rnd0Fiqyc<\/a><\/p>\n<p><strong>Eolas faoin sraith:<\/strong><\/p>\n<p><strong>Le 2,500 cumann cl\u00e1raithe ar oile\u00e1n na h\u00c9ireann, is \u00e9 Cumann L\u00fathchleas Gael, an eagra\u00edocht cult\u00fair agus sp\u00f3irt is m\u00f3 againn. Is beag par\u00f3iste nach bhfuil cumann ann agus d\u00e1 r\u00e9ir is \u00e9 an cumann \u00e1iti\u00fail bunr\u00fata na heagra\u00edochta agus an phobail \u00e1iti\u00fail. Sa tsraith 6 cl\u00e1r seo rachaidh muid ar ch\u00fal dhathanna\u00ed na gcumann CLG chun l\u00e9argas a fh\u00e1il ar na pobail, na teaghlaigh agus ar na heachtra\u00ed a thiteann amach i gceithre chumann \u00e9ags\u00fala le linn na bliana 2018 &#8211; CLG na Gaeltachta i gCiarra\u00ed, Na Piarsaigh i nGaillimh, Na D\u00fanaibh i nD\u00fan na nGall agus Cill Mochuda- na Cr\u00f3caigh i mBaile \u00c1tha Cliath.<\/strong><\/p>\n<p><strong>Cl\u00e1r 1:<\/strong> I m\u00ed Ean\u00e1ir 2018, t\u00e1 <strong>Cumann Caide na Gaeltachta<\/strong> ar an mbealach chuig cluiche leathcheannais idirmhe\u00e1nach na gclubanna, iad ag s\u00fail \u00e1it a fh\u00e1il sa gcluiche ceannais agus ar dheis imeartha ar Ph\u00e1irc an Chr\u00f3caigh. Thiar i gConamara t\u00e1 Corn Liam Mhic C\u00e1rthaigh tagtha chomh fada le <strong>Cumann Peile na bPiarsach<\/strong> an o\u00edche ch\u00e9anna a bhfuil an ch\u00e9ad seisi\u00fan traen\u00e1la ag na gas\u00fair faoi 8. \u00d3 thuaidh sna <strong>D\u00fanaibh<\/strong>, t\u00e1thar ag ullmh\u00fa do Chom\u00f3rtas Peile na Gaeltachta, on\u00f3ir mh\u00f3r ach t\u00e1 obair mh\u00f3r le d\u00e9anamh roimhe sin. San ardchathair t\u00e1 fadhb ag an gcumann is m\u00f3 sa t\u00edr, <strong>Coill Mhochuda-Na Cr\u00f3caigh<\/strong>, nach bhfuil d\u00f3thain p\u00e1irceanna imeartha acu.<\/p>\n<p><strong>Cl\u00e1r 2:<\/strong> Tagann foirne as gach \u00e1it go Gaeltacht Chorca Dhuibhne in Iarthar Chiarra\u00ed do Chom\u00f3rtas bliant\u00fail Ph\u00e1id\u00ed U\u00ed Sh\u00e9 at\u00e1 \u00e1 re\u00e1cht\u00e1il ag muintir U\u00ed Sh\u00e9 agus CLG na Gaeltachta. I mBaile \u00c1tha Cliath, t\u00e1 Club Chill Mochuda na Cr\u00f3caigh ag iarraidh Cam\u00f3ga\u00edocht a chur chun cinn sa bpar\u00f3iste. Caitheann na cail\u00edn\u00ed ar an bhfoireann faoi 12 agus a dtuismitheoir\u00ed dul i ngleic le c\u00farsa\u00ed tr\u00e1chta. Ceal airgid i dT\u00edr Chonaill, tugann baill chumann na nD\u00fanaibh faoin seast\u00e1n nua a th\u00f3g\u00e1il iad f\u00e9in. Agus i gConamara, t\u00e1 imn\u00ed ar bhainisteoir fhoireann na mban i Ros Muc nach mbeidh d\u00f3thain imreoir\u00ed aige le foireann a chur chun p\u00e1irce.<\/p>\n<p><strong>Cl\u00e1r 3:<\/strong> T\u00e1 craobh sinsear Chiarra\u00ed ag tos\u00fa agus t\u00e1 pobal na Gaeltachta d\u00f3chasach ach is le Curaidh an Chontae, Cr\u00f3caigh Chill Airne, at\u00e1 siad sa gc\u00e9ad chluiche. T\u00e1 f\u00e9ile cam\u00f3ga\u00edochta \u00e1 re\u00e1cht\u00e1il ag Cill Mochuda na Cr\u00f3caigh agus labhra\u00edonn an t-imreoir idirchontae Fergal Whitely faoin gcoimhlint idir club agus contae. \u00c9ir\u00edonn le foireann ban na bPiarsach foireann a thabhairt le ch\u00e9ile d\u00e1 gc\u00e9ad chluiche ach c\u00e9 mar a \u00e9ireoidh leo ar ph\u00e1irc na himeartha? Anois go bhfuil deireadh seachtaine Chom\u00f3rtas Peile na Gaeltachta beagnach linn, t\u00e1 imircigh \u00f3 ar fud an domhain ag filleadh abhaile ar na D\u00fanaibh don imeacht is m\u00f3 i stair an chlub.<\/p>\n<p><strong>Cl\u00e1r 4:<\/strong> T\u00e1 <strong>Com\u00f3rtas Peile na Gaeltachta<\/strong> linn sa deireadh agus t\u00e1 idir bhr\u00f3d agus bh\u00eds ar oifigigh, imreoir\u00ed agus lucht leanta Chumann CLG na nD\u00fanaibh. T\u00e1 obair mh\u00f3r d\u00e9anta ag an gcumann ar a gcuid \u00e1iseanna le go mbeidh siad s\u00e1s\u00fail do na sluaite a bheidh ag triail ar an gcom\u00f3rtas ach c\u00e9n chaoi a bhfuil foirne na bhfear agus na mban r\u00e9itithe? Gan foireann na mban ach dh\u00e1 bhliain ar an bhf\u00f3d, an bhfuil an taith\u00ed acu leis an gcraobh a thabhairt leo.\u00a0 T\u00e1 slua imirceach sa bhaile don fh\u00e9ile agus cuireann sin br\u00fa ollmh\u00f3r ar fhoireann na bhfear an Corn a bhuachan don ch\u00e9ad uair \u00f3 1982.<\/p>\n<p><strong>Cl\u00e1r 5:<\/strong> I gCorca Dhuibhne t\u00e1 feirmeoir\u00ed an cheantair ag obair go dian sna p\u00e1irceanna ag s\u00e1bh\u00e1il an fh\u00e9ir roimh chluiche cinni\u00fanach an deireadh seachtaine, \u00e1it a gcinnteodh bua sa gcluiche st\u00e1das na Gaeltachta i ngr\u00e1d na sinsear. T\u00e1 cluiche t\u00e1bhachtach craoibhe iom\u00e1na le himirt ag Fergal Whitely agus Cill Mochuda na Cr\u00f3caigh, iad sa mbabhta leathcheannais le seaimp\u00edn\u00ed na h\u00c9ireann, Cuala. I gConamara, feicfimid mar at\u00e1 ag \u00e9ir\u00ed le foirne faoi aois na bPiarsach at\u00e1, ceal imreoir\u00ed, tagtha le ch\u00e9ile leis an mbaile is gaire d\u00f3ibh \u00a0chun foireann a chur chun p\u00e1irce agus beidh deis iontach ag mn\u00e1 an chumainn a gc\u00e9ad chluiche i mbliana a bhuachan.<\/p>\n<p><strong>Cl\u00e1r 6:<\/strong> T\u00e1 iom\u00e1naithe Chill Mochuda na Cr\u00f3caigh i gcluiche ceannais an chontae don tr\u00ed\u00fa bliain as a ch\u00e9ile, iad buailte le dh\u00e1 bhliain anuas. T\u00e1 imreoir\u00ed agus lucht lean\u00fana an chumainn ag s\u00fail nach amhlaidh a bheidh ar\u00eds i mbliana. I gCorca Dhuibhne,\u00a0 t\u00e1 d\u00e9anta go maith Cumann na Gaeltachta i bhfeachtas \u00e1iti\u00fail baili\u00fach\u00e1in airgid do Chom\u00f3rtas Peile na Gaeltachta 2019. T\u00e1 obair tosaithe cheana f\u00e9in ar ph\u00e1irc nua. I gConamara, t\u00e1 na Piarsaigh ag f\u00e1il faoi r\u00e9ir do chluiche ceannais faoi aois.<\/p>\n<p><strong>Cl\u00e1r 7:<\/strong> Sa gcl\u00e1r deiridh sa tsraith, is \u00e9 am na cinni\u00fana \u00e9 do na cumainn \u00e9ags\u00fala. Beimid i dteannta iom\u00e1naithe agus lucht lean\u00fana Chill Mochuda na Cr\u00f3caigh agus iad ag f\u00e1il faoi r\u00e9ir le cluiche ceannais sinsear \u00c1tha Cliath a imirt ar\u00eds. T\u00e1 an teannas agus an br\u00fa le brath go l\u00e1idir in Iarthar Chiarra\u00ed freisin mar go bhfuil foireann sinsear na Gaeltachta ag f\u00e1il faoi r\u00e9ir do chluiche d\u00edch\u00e1ilithe. M\u00e1\u00a0chaileann siad, d\u00edch\u00e1ileofar iad go dt\u00ed an gr\u00e1d idirmhe\u00e1nach. I gConamara, t\u00e1 cinneadh crua le d\u00e9anamh ag mn\u00e1 na bPiarsach faoi thodhcha\u00ed fhoireann Pheil na mBan an chumainn. An \u00ed seo an bhliain deiridh ag an gcumann?<\/p>\n<p><strong>Breis Eolais:<\/strong><\/p>\n<p>L\u00e9iritheoir: Se\u00e1n \u00d3 Cual\u00e1in |\u00a0 091 572913 |\u00a0 0879480684\u00a0 |\u00a0 <a href=\"mailto:sean@aniartv.ie\" target=\"_blank\" rel=\"noopener noreferrer\">sean@aniartv.ie<\/a><br \/>\nSti\u00farth\u00f3ir: Richie \u00d3 Domhnaill | 087 2859749 | <a href=\"mailto:richie.odonnell@gmail.com\" target=\"_blank\" rel=\"noopener noreferrer\">richie.odonnell@gmail.com<\/a><\/p>\n","protected":false},"excerpt":{"rendered":"<p>Ar\u00e9ir ag Clubtheach Cumann Coill Mochuda &#8211; Na Cr\u00f3caigh i mBaile \u00c1tha Cliath, sheol an l\u00e1\u00edthreoir aitheanta sp\u00f3irt, Evanne N\u00ed Chuilinn, sraith nua 7 gcl\u00e1r\u00a0\u00a0a thugann l\u00e9argas ar na teaghlaigh, na pobail, agus ar na heachtra\u00ed a thiteann amach i gceithre chumann \u00e9ags\u00fala CLG le linn na bliana 2018. &#8216;\u00c1r gClub&#8217; an t-ainm at\u00e1 ar [&hellip;]<\/p>\n","protected":false},"author":876,"featured_media":100006,"parent":98830,"menu_order":5,"comment_status":"closed","ping_status":"closed","template":"page-templates\/template-pr.php","meta":{"_acf_changed":false,"footnotes":""},"acf":[],"yoast_head":"<!-- This site is optimized with the Yoast SEO plugin v22.6 - https:\/\/yoast.com\/wordpress\/plugins\/seo\/ -->\n<title>&#039;\u00c1r gCLUB&#039; seolta ag Evanne N\u00ed Chuilinn - TG4<\/title>\n<meta name=\"robots\" content=\"index, follow, max-snippet:-1, max-image-preview:large, max-video-preview:-1\" \/>\n<meta property=\"og:locale\" content=\"en_US\" \/>\n<meta property=\"og:type\" content=\"article\" \/>\n<meta property=\"og:title\" content=\"&#039;\u00c1r gCLUB&#039; seolta ag Evanne N\u00ed Chuilinn - TG4\" \/>\n<meta property=\"og:description\" content=\"Ar\u00e9ir ag Clubtheach Cumann Coill Mochuda &#8211; Na Cr\u00f3caigh i mBaile \u00c1tha Cliath, sheol an l\u00e1\u00edthreoir aitheanta sp\u00f3irt, Evanne N\u00ed Chuilinn, sraith nua 7 gcl\u00e1r\u00a0\u00a0a thugann l\u00e9argas ar na teaghlaigh, na pobail, agus ar na heachtra\u00ed a thiteann amach i gceithre chumann \u00e9ags\u00fala CLG le linn na bliana 2018. &#8216;\u00c1r gClub&#8217; an t-ainm at\u00e1 ar [&hellip;]\" \/>\n<meta property=\"og:url\" content=\"https:\/\/dev.tg4.ie\/ga\/eolas\/preas\/nuacht-raitis\/2019-2\/ar-gclub-seolta-ag-evanne-ni-chuilinn\/\" \/>\n<meta property=\"og:site_name\" content=\"TG4\" \/>\n<meta property=\"article:publisher\" content=\"https:\/\/www.facebook.com\/TG4TV\" \/>\n<meta property=\"article:modified_time\" content=\"2019-06-25T13:46:29+00:00\" \/>\n<meta property=\"og:image\" content=\"https:\/\/tg4-docs.s3.amazonaws.com\/tg4-redesign-2015\/wp-content\/uploads\/2019\/01\/%C3%81r_gClub_Seoladh_1_1920x1080.jpg\" \/>\n\t<meta property=\"og:image:width\" content=\"1920\" \/>\n\t<meta property=\"og:image:height\" content=\"1080\" \/>\n\t<meta property=\"og:image:type\" content=\"image\/jpeg\" \/>\n<meta name=\"twitter:card\" content=\"summary_large_image\" \/>\n<meta name=\"twitter:site\" content=\"@TG4TV\" \/>\n<meta name=\"twitter:label1\" content=\"Est. reading time\" \/>\n\t<meta name=\"twitter:data1\" content=\"6 minutes\" \/>\n<script type=\"application\/ld+json\" class=\"yoast-schema-graph\">{\"@context\":\"https:\/\/schema.org\",\"@graph\":[{\"@type\":\"WebPage\",\"@id\":\"https:\/\/dev.tg4.ie\/ga\/eolas\/preas\/nuacht-raitis\/2019-2\/ar-gclub-seolta-ag-evanne-ni-chuilinn\/\",\"url\":\"https:\/\/dev.tg4.ie\/ga\/eolas\/preas\/nuacht-raitis\/2019-2\/ar-gclub-seolta-ag-evanne-ni-chuilinn\/\",\"name\":\"'\u00c1r gCLUB' seolta ag Evanne N\u00ed Chuilinn - TG4\",\"isPartOf\":{\"@id\":\"https:\/\/dev.tg4.ie\/en\/#website\"},\"primaryImageOfPage\":{\"@id\":\"https:\/\/dev.tg4.ie\/ga\/eolas\/preas\/nuacht-raitis\/2019-2\/ar-gclub-seolta-ag-evanne-ni-chuilinn\/#primaryimage\"},\"image\":{\"@id\":\"https:\/\/dev.tg4.ie\/ga\/eolas\/preas\/nuacht-raitis\/2019-2\/ar-gclub-seolta-ag-evanne-ni-chuilinn\/#primaryimage\"},\"thumbnailUrl\":\"https:\/\/tg4-docs.s3.amazonaws.com\/tg4-redesign-2015\/wp-content\/uploads\/2019\/01\/%C3%81r_gClub_Seoladh_1_1920x1080.jpg\",\"datePublished\":\"2019-01-30T11:31:08+00:00\",\"dateModified\":\"2019-06-25T13:46:29+00:00\",\"breadcrumb\":{\"@id\":\"https:\/\/dev.tg4.ie\/ga\/eolas\/preas\/nuacht-raitis\/2019-2\/ar-gclub-seolta-ag-evanne-ni-chuilinn\/#breadcrumb\"},\"inLanguage\":\"ga\",\"potentialAction\":[{\"@type\":\"ReadAction\",\"target\":[\"https:\/\/dev.tg4.ie\/ga\/eolas\/preas\/nuacht-raitis\/2019-2\/ar-gclub-seolta-ag-evanne-ni-chuilinn\/\"]}]},{\"@type\":\"ImageObject\",\"inLanguage\":\"ga\",\"@id\":\"https:\/\/dev.tg4.ie\/ga\/eolas\/preas\/nuacht-raitis\/2019-2\/ar-gclub-seolta-ag-evanne-ni-chuilinn\/#primaryimage\",\"url\":\"https:\/\/tg4-docs.s3.amazonaws.com\/tg4-redesign-2015\/wp-content\/uploads\/2019\/01\/%C3%81r_gClub_Seoladh_1_1920x1080.jpg\",\"contentUrl\":\"https:\/\/tg4-docs.s3.amazonaws.com\/tg4-redesign-2015\/wp-content\/uploads\/2019\/01\/%C3%81r_gClub_Seoladh_1_1920x1080.jpg\",\"width\":1920,\"height\":1080},{\"@type\":\"BreadcrumbList\",\"@id\":\"https:\/\/dev.tg4.ie\/ga\/eolas\/preas\/nuacht-raitis\/2019-2\/ar-gclub-seolta-ag-evanne-ni-chuilinn\/#breadcrumb\",\"itemListElement\":[{\"@type\":\"ListItem\",\"position\":1,\"name\":\"Home\",\"item\":\"https:\/\/dev.tg4.ie\/ga\/\"},{\"@type\":\"ListItem\",\"position\":2,\"name\":\"Eolas\",\"item\":\"https:\/\/dev.tg4.ie\/ga\/eolas\/\"},{\"@type\":\"ListItem\",\"position\":3,\"name\":\"Preas\",\"item\":\"https:\/\/dev.tg4.ie\/ga\/eolas\/preas\/\"},{\"@type\":\"ListItem\",\"position\":4,\"name\":\"Nuacht R\u00e1itis\",\"item\":\"https:\/\/dev.tg4.ie\/ga\/eolas\/preas\/nuacht-raitis\/\"},{\"@type\":\"ListItem\",\"position\":5,\"name\":\"2019\",\"item\":\"https:\/\/dev.tg4.ie\/ga\/eolas\/preas\/nuacht-raitis\/2019-2\/\"},{\"@type\":\"ListItem\",\"position\":6,\"name\":\"&#8216;\u00c1r gCLUB&#8217; seolta ag Evanne N\u00ed Chuilinn\"}]},{\"@type\":\"WebSite\",\"@id\":\"https:\/\/dev.tg4.ie\/en\/#website\",\"url\":\"https:\/\/dev.tg4.ie\/en\/\",\"name\":\"TG4\",\"description\":\"S\u00fail Eile\",\"potentialAction\":[{\"@type\":\"SearchAction\",\"target\":{\"@type\":\"EntryPoint\",\"urlTemplate\":\"https:\/\/dev.tg4.ie\/en\/?s={search_term_string}\"},\"query-input\":\"required name=search_term_string\"}],\"inLanguage\":\"ga\"}]}<\/script>\n<!-- \/ Yoast SEO plugin. -->","yoast_head_json":{"title":"'\u00c1r gCLUB' seolta ag Evanne N\u00ed Chuilinn - TG4","robots":{"index":"index","follow":"follow","max-snippet":"max-snippet:-1","max-image-preview":"max-image-preview:large","max-video-preview":"max-video-preview:-1"},"og_locale":"en_US","og_type":"article","og_title":"'\u00c1r gCLUB' seolta ag Evanne N\u00ed Chuilinn - TG4","og_description":"Ar\u00e9ir ag Clubtheach Cumann Coill Mochuda &#8211; Na Cr\u00f3caigh i mBaile \u00c1tha Cliath, sheol an l\u00e1\u00edthreoir aitheanta sp\u00f3irt, Evanne N\u00ed Chuilinn, sraith nua 7 gcl\u00e1r\u00a0\u00a0a thugann l\u00e9argas ar na teaghlaigh, na pobail, agus ar na heachtra\u00ed a thiteann amach i gceithre chumann \u00e9ags\u00fala CLG le linn na bliana 2018. &#8216;\u00c1r gClub&#8217; an t-ainm at\u00e1 ar [&hellip;]","og_url":"https:\/\/dev.tg4.ie\/ga\/eolas\/preas\/nuacht-raitis\/2019-2\/ar-gclub-seolta-ag-evanne-ni-chuilinn\/","og_site_name":"TG4","article_publisher":"https:\/\/www.facebook.com\/TG4TV","article_modified_time":"2019-06-25T13:46:29+00:00","og_image":[{"width":1920,"height":1080,"url":"https:\/\/tg4-docs.s3.amazonaws.com\/tg4-redesign-2015\/wp-content\/uploads\/2019\/01\/%C3%81r_gClub_Seoladh_1_1920x1080.jpg","type":"image\/jpeg"}],"twitter_card":"summary_large_image","twitter_site":"@TG4TV","twitter_misc":{"Est. reading time":"6 minutes"},"schema":{"@context":"https:\/\/schema.org","@graph":[{"@type":"WebPage","@id":"https:\/\/dev.tg4.ie\/ga\/eolas\/preas\/nuacht-raitis\/2019-2\/ar-gclub-seolta-ag-evanne-ni-chuilinn\/","url":"https:\/\/dev.tg4.ie\/ga\/eolas\/preas\/nuacht-raitis\/2019-2\/ar-gclub-seolta-ag-evanne-ni-chuilinn\/","name":"'\u00c1r gCLUB' seolta ag Evanne N\u00ed Chuilinn - TG4","isPartOf":{"@id":"https:\/\/dev.tg4.ie\/en\/#website"},"primaryImageOfPage":{"@id":"https:\/\/dev.tg4.ie\/ga\/eolas\/preas\/nuacht-raitis\/2019-2\/ar-gclub-seolta-ag-evanne-ni-chuilinn\/#primaryimage"},"image":{"@id":"https:\/\/dev.tg4.ie\/ga\/eolas\/preas\/nuacht-raitis\/2019-2\/ar-gclub-seolta-ag-evanne-ni-chuilinn\/#primaryimage"},"thumbnailUrl":"https:\/\/tg4-docs.s3.amazonaws.com\/tg4-redesign-2015\/wp-content\/uploads\/2019\/01\/%C3%81r_gClub_Seoladh_1_1920x1080.jpg","datePublished":"2019-01-30T11:31:08+00:00","dateModified":"2019-06-25T13:46:29+00:00","breadcrumb":{"@id":"https:\/\/dev.tg4.ie\/ga\/eolas\/preas\/nuacht-raitis\/2019-2\/ar-gclub-seolta-ag-evanne-ni-chuilinn\/#breadcrumb"},"inLanguage":"ga","potentialAction":[{"@type":"ReadAction","target":["https:\/\/dev.tg4.ie\/ga\/eolas\/preas\/nuacht-raitis\/2019-2\/ar-gclub-seolta-ag-evanne-ni-chuilinn\/"]}]},{"@type":"ImageObject","inLanguage":"ga","@id":"https:\/\/dev.tg4.ie\/ga\/eolas\/preas\/nuacht-raitis\/2019-2\/ar-gclub-seolta-ag-evanne-ni-chuilinn\/#primaryimage","url":"https:\/\/tg4-docs.s3.amazonaws.com\/tg4-redesign-2015\/wp-content\/uploads\/2019\/01\/%C3%81r_gClub_Seoladh_1_1920x1080.jpg","contentUrl":"https:\/\/tg4-docs.s3.amazonaws.com\/tg4-redesign-2015\/wp-content\/uploads\/2019\/01\/%C3%81r_gClub_Seoladh_1_1920x1080.jpg","width":1920,"height":1080},{"@type":"BreadcrumbList","@id":"https:\/\/dev.tg4.ie\/ga\/eolas\/preas\/nuacht-raitis\/2019-2\/ar-gclub-seolta-ag-evanne-ni-chuilinn\/#breadcrumb","itemListElement":[{"@type":"ListItem","position":1,"name":"Home","item":"https:\/\/dev.tg4.ie\/ga\/"},{"@type":"ListItem","position":2,"name":"Eolas","item":"https:\/\/dev.tg4.ie\/ga\/eolas\/"},{"@type":"ListItem","position":3,"name":"Preas","item":"https:\/\/dev.tg4.ie\/ga\/eolas\/preas\/"},{"@type":"ListItem","position":4,"name":"Nuacht R\u00e1itis","item":"https:\/\/dev.tg4.ie\/ga\/eolas\/preas\/nuacht-raitis\/"},{"@type":"ListItem","position":5,"name":"2019","item":"https:\/\/dev.tg4.ie\/ga\/eolas\/preas\/nuacht-raitis\/2019-2\/"},{"@type":"ListItem","position":6,"name":"&#8216;\u00c1r gCLUB&#8217; seolta ag Evanne N\u00ed Chuilinn"}]},{"@type":"WebSite","@id":"https:\/\/dev.tg4.ie\/en\/#website","url":"https:\/\/dev.tg4.ie\/en\/","name":"TG4","description":"S\u00fail Eile","potentialAction":[{"@type":"SearchAction","target":{"@type":"EntryPoint","urlTemplate":"https:\/\/dev.tg4.ie\/en\/?s={search_term_string}"},"query-input":"required name=search_term_string"}],"inLanguage":"ga"}]}},"_links":{"self":[{"href":"https:\/\/dev.tg4.ie\/ga\/wp-json\/wp\/v2\/pages\/100005"}],"collection":[{"href":"https:\/\/dev.tg4.ie\/ga\/wp-json\/wp\/v2\/pages"}],"about":[{"href":"https:\/\/dev.tg4.ie\/ga\/wp-json\/wp\/v2\/types\/page"}],"author":[{"embeddable":true,"href":"https:\/\/dev.tg4.ie\/ga\/wp-json\/wp\/v2\/users\/876"}],"replies":[{"embeddable":true,"href":"https:\/\/dev.tg4.ie\/ga\/wp-json\/wp\/v2\/comments?post=100005"}],"version-history":[{"count":0,"href":"https:\/\/dev.tg4.ie\/ga\/wp-json\/wp\/v2\/pages\/100005\/revisions"}],"up":[{"embeddable":true,"href":"https:\/\/dev.tg4.ie\/ga\/wp-json\/wp\/v2\/pages\/98830"}],"wp:featuredmedia":[{"embeddable":true,"href":"https:\/\/dev.tg4.ie\/ga\/wp-json\/wp\/v2\/media\/100006"}],"wp:attachment":[{"href":"https:\/\/dev.tg4.ie\/ga\/wp-json\/wp\/v2\/media?parent=100005"}],"curies":[{"name":"wp","href":"https:\/\/api.w.org\/{rel}","templated":true}]}}