{"id":100577,"date":"2019-02-13T16:52:32","date_gmt":"2019-02-13T16:52:32","guid":{"rendered":"https:\/\/dev.tg4.ie\/?page_id=100577"},"modified":"2019-06-25T14:49:00","modified_gmt":"2019-06-25T13:49:00","slug":"sraith-nua-laochra-gael-seolta-ag-uachtaran-clg","status":"publish","type":"page","link":"https:\/\/dev.tg4.ie\/ga\/eolas\/preas\/nuacht-raitis\/2019-2\/sraith-nua-laochra-gael-seolta-ag-uachtaran-clg\/","title":{"rendered":"Sraith Nua Laochra Gael Seolta ag Uachtar\u00e1n CLG"},"content":{"rendered":"<p>Fillfidh Laochra Gael, an tsraith mh\u00f3r-r\u00e1chairte CLG ina dtugtar sc\u00e9alta pearsanta na r\u00e9alta\u00ed sp\u00f3irt chun solais, ar TG4 an tEarrach seo. Leanfar chomh maith leis an leagan amach c\u00e9anna uair an chloig a bh\u00ed ann anuraidh. Beidh seisear laochra CLG faoi chaibidil i mbliana, laochra a bhfuil cl\u00e1r uair an chloig de dh\u00edth chun l\u00e9argas ceart a fh\u00e1il ar a gcuid sc\u00e9alta pearsanta, sc\u00e9alta at\u00e1 l\u00e1n d&#8217;eachtra\u00ed corraitheacha. Is f\u00edor-laochra iad uile agus t\u00e1 a gc\u00e1il imithe rompu. Sa tsraith seo, \u00e1fach, tabharfar l\u00e9argas ioml\u00e1n pearsanta orthu agus ar an gceangal at\u00e1 ag an sp\u00f3rt a imr\u00edonn siad leis an saol m\u00f3rthimpeall orthu. Sc\u00e9alta pearsanta a mheallfaidh an lucht f\u00e9achana ar thuras nua CLG.<\/p>\n<p><strong>Jackie Tyrrell \u2013 An tAistear<\/strong><br \/>\nAithn\u00edtear Jackie Tyrrell Chill Chainnigh i measc na gcosant\u00f3ir\u00ed ab fhearr riamh sa t\u00edr san iom\u00e1na\u00edocht. Ach bh\u00ed easpa f\u00e9in-mhuin\u00edn ag cur isteach go m\u00f3r ar Jackie ina shaol pearsanta agus ina shaol iom\u00e1na\u00edochta ar feadh na mblianta. Tabharfar l\u00e9argas sa chl\u00e1r seo ar chomh m\u00f3r is a bh\u00ed an fhadhb seo ag cur as d\u00f3 ina shaol pearsanta c\u00e9 go raibh s\u00e9 ina mh\u00e1istir ar an bp\u00e1irc. Taispe\u00e1nfar mar a fuair s\u00e9 an ceann is fearr ar na deacrachta\u00ed sin nuair a casadh fear air a chuidigh go m\u00f3r leis. Seo \u00e9 aistear Jackie Tyrrell agus mar a d\u2019\u00e9irigh leis dul \u00f3 imreoir nach raibh muin\u00edn ar bith aige go dt\u00ed cosant\u00f3ir n\u00e1rbh fh\u00e9idir a sh\u00e1r\u00fa agus n\u00ed amh\u00e1in sin, ach is m\u00f3rphearsa faisin \u00e9 chomh maith.<\/p>\n<p><em>Sti\u00farth\u00f3ir: Hugh Walsh<\/em><br \/>\n<em>Rannph\u00e1irtithe: Jackie Tyrrell, Eoin Kelly, Tommy Walsh, Br. Damien Brennan, Sarah Tyrrell, Eimear Tyrrell, Damian Lawlor.<\/em><\/p>\n<p><strong>Seamus Darby &#8211; An Fear a fuair an C\u00fal<\/strong><br \/>\nIs \u00e9 Seamus Darby U\u00edbh Fhail\u00ed a sc\u00f3r\u00e1il an c\u00fal peile is m\u00f3 c\u00e1il riamh. Sa chl\u00e1r seo, tabharfaidh s\u00e9 chun cuimhne na heachtra\u00ed a thit amach ar an bp\u00e1irc ag deireadh Chluiche Ceannais na h\u00c9ireann 1982 agus an chr\u00edoch spleodrach a chuir deireadh leis an aisling a bh\u00ed ag Ciarra\u00ed an chraobh a bhaint amach c\u00faig bliana as a ch\u00e9ile. D\u00e9anfar ini\u00fachadh ar sc\u00e9al Darby go dt\u00ed an tr\u00e1th sin d\u00e1 shaol. C\u00e9n f\u00e1th gurbh \u00e9 Darby a cuireadh chun p\u00e1irce agus gan ach c\u00fapla n\u00f3im\u00e9ad fanta? Tabharfar l\u00e9argas freisin ar ar bhain do Darby ina dhiaidh sin agus mar a th\u00e1inig athr\u00fa tobann ar a shaol.<\/p>\n<p><em>Sti\u00farth\u00f3ir: Jimmy Duggan<\/em><br \/>\n<em>Rannph\u00e1irtithe: Seamus Darby, Stephen Darby, Eugene McGee, Sean Lowry, Se\u00e1n Walsh, Vincent Hogan.<\/em><\/p>\n<p><strong>Rena Buckley \u2013 An Duine is Fearr ar Domhain?<\/strong><br \/>\nSc\u00e9al cheannr\u00f3da\u00ed sp\u00f3irt na mban, Rena Buckley Chorca\u00ed. T\u00e1 roinnt de na curiarrachta\u00ed CLG is m\u00f3 ann s\u00e1raithe ag Rena. T\u00e1 Craobh na \u00c9ireann, idir cham\u00f3ga\u00edocht agus Pheil na mBan, buaite 18 n-uaire aici, n\u00edos m\u00f3 n\u00e1 aon imreoir eile sa t\u00edr (idir fhir agus mhn\u00e1). T\u00e1 10 nGradam All Star buaite aici agus nuair a d&#8217;ardaigh s\u00ed Corn Brendan Martin in 2017, ba \u00ed an ch\u00e9ad imreoir \u00ed chun Craobh na h\u00c9ireann a bhuachan agus \u00ed ina captaen ar dh\u00e1 ch\u00f3d. Seo sc\u00e9al gn\u00e1th-chail\u00edn as Inis Cara a chuir athr\u00fa ar an meon a bh\u00ed ann maidir le c\u00farsa\u00ed sp\u00f3irt do mhn\u00e1 sa t\u00edr seo agus a bhfuil gl\u00fain nua imreoir\u00ed ban spreagtha chun imeartha aici. Ach n\u00ed raibh a haistear as Inis Cara go P\u00e1irc an Chr\u00f3caigh i gc\u00f3na\u00ed \u00e9asca.<\/p>\n<p><em>Sti\u00farth\u00f3ir: Jimmy Duggan<\/em><br \/>\n<em>Rannph\u00e1irtithe: Rena Buckley, Mary Buckley, Briege Corkery, Paudie Murray, Eamonn Ryan, Malachy Clerkin.<\/em><\/p>\n<p><strong>Kieran Duff \u2013 N\u00e1 D\u00e9an Breithi\u00fanas Orm<\/strong><br \/>\nFear \u00e9 Kieran Duff Bhaile \u00c1tha Cliath a bh\u00ed ina mhuirn\u00edn ag lucht Chnoc 16 ach a tharraing go leor consp\u00f3ide go minic. Ba \u00e9 Duff pr\u00edomhthosa\u00ed na Dubs sna 1980\u00ed, ach bh\u00ed c\u00e1il air lasmuigh d\u2019\u00c1th Cliath gur imreoir crua, salach fi\u00fa a bh\u00ed ann. Chuir Cluiche Ceannais na h\u00c9ireann i 1983 go m\u00f3r leis an gc\u00e1il sin. Ach an raibh an ch\u00e1il sin tuillte aige? C\u00e9n tionchar a bh\u00ed ag an gc\u00e1il sin air? An bhfuil n\u00edos m\u00f3 ag baint leis an sc\u00e9al sin n\u00e1 mar at\u00e1 ar eolas againn? Aistear f\u00edor-phearsanta at\u00e1 sa chl\u00e1r seo le duine de laochra m\u00f3ra Bhaile \u00c1tha Cliath.<\/p>\n<p><em>Sti\u00farth\u00f3ir: Fintan Walsh<\/em><br \/>\n<em>Rannph\u00e1irtithe: Kieran Duff, Mags Duff, Barney Rock, Brian Talty, Vincent Hogan<\/em><\/p>\n<p><strong>Andrew O\u2019Shaughnessy \u2013 Sc\u00e9al Shaughs<\/strong><br \/>\nBa \u00e9 Andrew O\u2019Shaughnessy Luimnigh an r\u00e9alta faoi aois ba mh\u00f3 sa t\u00edr go dt\u00ed gur chuir scl\u00e9ar\u00f3is iolrach deireadh lena imirt idirchontae. Ba \u00e9 Andrew an t-iom\u00e1na\u00ed \u00f3g ba mh\u00f3 a bh\u00ed i mb\u00e9al an phobail ag t\u00fas na m\u00edlaoise. Faraor, th\u00e1inig deireadh lena shaol imeartha le Luimneach ag aois a 24. Faoin am sin bh\u00ed s\u00e9 faighte amach aige go raibh scl\u00e9ar\u00f3is iolrach air agus bh\u00ed a shaol iompaithe bunoscionn. Caithfear s\u00fail siar sa chl\u00e1r seo ar a chuid \u00e9achta\u00ed ar an bp\u00e1irc imeartha, agus tr\u00e1chtfar ar chomh maith is a d\u2019\u00e9irigh le Richie Bennis, ar an gconsp\u00f3id a bhain le Justin McCarthy, agus ar a shaol pearsanta f\u00e9in \u00f3 tugadh an drochsc\u00e9al d\u00f3.<\/p>\n<p><em>Sti\u00farth\u00f3ir: Paul Jenkins<\/em><br \/>\n<em>Rannph\u00e1irtithe: Andrew O&#8217;Shaughnessy, Eimear O&#8217;Shaughnessy, Denis Ring, Stephen Lucey, Maurice O&#8217;Brien, Gr\u00e1inne McElwain.<\/em><\/p>\n<p><strong>Colm Cooper \u2013 Gooch<\/strong><br \/>\nColm Cooper Chiarra\u00ed; Gooch. An br\u00fa, an briseadh cro\u00ed agus an l\u00fach\u00e1ir. An sc\u00e9al taobh thiar de na boinn. Fear a raibh bua ar leith aige agus a chuaigh i gcoinne tuairim na coitiantachta gur chluiche d\u2019fhir mh\u00f3ra \u00ed an pheil. Tabharfar l\u00e9argas san eagr\u00e1n seo ar an imreoir eisceacht\u00fail a t\u00f3gadh ar ghn\u00e1theast\u00e1t tith\u00edochta i gCill Airne agus ar an sc\u00e9al a bhaineann leis an 5 bhonn Uile \u00c9ireann agus 8 nGradam All Star at\u00e1 buaite aige. D\u00e9anfar cur s\u00edos chomh maith ar an bpian phearsanta a d\u2019fhulaing s\u00e9 den ph\u00e1irc pheile nuair a fuair a athair b\u00e1s. D\u00e9anfar an chonsp\u00f3id a bhain leis an \u00f3c\u00e1id \u00f3m\u00f3is a re\u00e1cht\u00e1ladh nuair a d\u2019\u00e9irigh Cooper as an imirt a phl\u00e9 chomh maith.<\/p>\n<p><em>Sti\u00farth\u00f3ir: Cormac Morel<\/em><br \/>\n<em>Rannph\u00e1irtithe: Colm Cooper, Vince Cooper, Vincent Hogan, Marc \u00d3 S\u00e9, Malachy Clerkin, Anthony Lynch, Damian Lawlor, Conor Gormley, Bracker O\u2019Regan, Eddie O\u2019Connor, Noreen Buckley, Michael McCarthy.<\/em><\/p>\n<p><strong>D\u00fairt John Horan, Uachtar\u00e1n CLG \u201c<\/strong><br \/>\n<em>\u201c Cuirim f\u00e1ilte \u00f3 chro\u00ed roimh shraith eile de Laochra Gael ar TG4. Sraith \u00ed a bhfuil an-t\u00f3ir ag baill CLG agus ag lucht lean\u00fana na gcluich\u00ed Gaelacha uirthi.<\/em><\/p>\n<p><em>T\u00e1 an tsraith seo ina cuid th\u00e1bhachtach den s\u00e1rchl\u00fadach ar na cluich\u00ed Gaelacha a chuireann TG4 agus Nemeton TV ar f\u00e1il; cl\u00fadach agus anail\u00eds a thugann l\u00e9argas eisceacht\u00fail ar na cluich\u00ed m\u00f3ra, agus ar na pearsana m\u00f3ra sp\u00f3irt.<\/em><\/p>\n<p><em>T\u00e1 m\u00e9 ag tn\u00fath go m\u00f3r le h\u00e9achta\u00ed na laochra \u2013 laochra at\u00e1 i measc na n-imreoir\u00ed ab fhearr a d&#8217;imir riamh- a fheice\u00e1il. Ba cheart go mbeadh br\u00f3d ar gach duine den seisear a roghna\u00edodh mar laochra, de bharr an m\u00e9id at\u00e1 d\u00e9anta acu ar son na gcluich\u00ed agus ar son Chumann L\u00fathchleas Gael i gcoitinne. T\u00e1 ardmholadh tuillte ag gach \u00e9inne a bh\u00ed p\u00e1irteach sa tsraith. T\u00e1 \u00e9acht d\u00e9anta acu cl\u00e1racha den scoth a chur ar f\u00e1il d\u00fainn sna seachtain\u00ed agus sna m\u00edonna amach romhainn.<\/em><\/p>\n<p>Chuir <strong>Ard-Sti\u00farth\u00f3ir TG4, Alan Esslemont<\/strong> f\u00e1ilte mh\u00f3r roimh an tsraith nua chomh maith agus d\u00fairt:<br \/>\n\u2018Cuid de mhisean TG4 \u00f3 buna\u00edodh \u00e9 n\u00e1 aitheantas cu\u00ed a thabhairt do sh\u00e1rlaochra \u00e1r gcluich\u00ed Gaelacha. T\u00e1 \u00e1thas orm go mbeidh gach cl\u00e1r uair a chloig ar fhad mar go mbeidh deis cheart ann n\u00ed hamh\u00e1in chun gaisc\u00ed imeartha na laochra a thaispe\u00e1int ach beidh an lucht f\u00e9achana \u00e1balta l\u00e9argas a fh\u00e1il ar an gcr\u00e1 cro\u00ed agus aistir phearsanta na s\u00e1rlaochra seo ina saol sp\u00f3irt. Gabhaim bu\u00edochas leis na himreoir\u00ed a ghlac p\u00e1irt agus le Nemeton a bhfuil obair iontach ar si\u00fal acu sa r\u00e9imse teilif\u00edse seo.\u2019<\/p>\n<p>Is \u00e9 NemetonTV, comhlacht neamhsple\u00e1ch sa Rinn i nGaeltacht na nD\u00e9ise a l\u00e9irigh an tsraith seo agus a l\u00e9ir\u00edonn formh\u00f3r de chl\u00e1ir sp\u00f3irt TG4.<\/p>\n<p><strong>Laochra Gael TG4 9.30 i.n. gach D\u00e9 C\u00e9adaoin \u00f3n 20\u00fa Feabhra<\/strong><\/p>\n<p style=\"text-align: left;\"><strong>Tuilleadh eolais ag:<\/strong><\/p>\n<p>Sarah McCoy, Nemeton \u2013 <a href=\"mailto:sarah@nemeton.ie\" target=\"_blank\" rel=\"noopener noreferrer\">sarah@nemeton.ie<\/a>, 058 46499<br \/>\nTom\u00e1s \u00d3 Neachtain, TG4 &#8211; <a href=\"mailto:Tomas.O.Neachtain@dev.tg4.ie\" target=\"_blank\" rel=\"noopener noreferrer\">Tomas.O.Neachtain@dev.tg4.ie<\/a>, 091 505050<\/p>\n<p><em>Cl\u00e1r 1: Jackie Tyrrell, 9.30 i.n. D\u00e9 C\u00e9adaoin, an 20 Feabhra<\/em><br \/>\n<em>Cl\u00e1r 2: Seamus Darby, 9.30 i.n. D\u00e9 C\u00e9adaoin an 27 Feabhra<\/em><br \/>\n<em>Cl\u00e1r 3: Rena Buckley, 9.30 i.n. D\u00e9 C\u00e9adaoin an 6 M\u00e1rta<\/em><br \/>\n<em>Cl\u00e1r 4: Kieran Duff, 9.30 i.n. D\u00e9 C\u00e9adaoin an 13 M\u00e1rta<\/em><br \/>\n<em>Cl\u00e1r 5: Andrew O\u2019Shaughnessy, 9.30 i.n. D\u00e9 C\u00e9adaoin an 20 M\u00e1rta<\/em><br \/>\n<em>Cl\u00e1r 6: Colm Cooper, 9.30 i.n. D\u00e9 C\u00e9adaoin an 27 M\u00e1rta<\/em><\/p>\n","protected":false},"excerpt":{"rendered":"<p>Fillfidh Laochra Gael, an tsraith mh\u00f3r-r\u00e1chairte CLG ina dtugtar sc\u00e9alta pearsanta na r\u00e9alta\u00ed sp\u00f3irt chun solais, ar TG4 an tEarrach seo. Leanfar chomh maith leis an leagan amach c\u00e9anna uair an chloig a bh\u00ed ann anuraidh. Beidh seisear laochra CLG faoi chaibidil i mbliana, laochra a bhfuil cl\u00e1r uair an chloig de dh\u00edth chun l\u00e9argas [&hellip;]<\/p>\n","protected":false},"author":999,"featured_media":100578,"parent":98830,"menu_order":6,"comment_status":"closed","ping_status":"closed","template":"page-templates\/template-pr.php","meta":{"_acf_changed":false,"footnotes":""},"acf":[],"yoast_head":"<!-- This site is optimized with the Yoast SEO plugin v22.6 - https:\/\/yoast.com\/wordpress\/plugins\/seo\/ -->\n<title>Sraith Nua Laochra Gael Seolta ag Uachtar\u00e1n CLG - TG4<\/title>\n<meta name=\"robots\" content=\"index, follow, max-snippet:-1, max-image-preview:large, max-video-preview:-1\" \/>\n<meta property=\"og:locale\" content=\"en_US\" \/>\n<meta property=\"og:type\" content=\"article\" \/>\n<meta property=\"og:title\" content=\"Sraith Nua Laochra Gael Seolta ag Uachtar\u00e1n CLG - TG4\" \/>\n<meta property=\"og:description\" content=\"Fillfidh Laochra Gael, an tsraith mh\u00f3r-r\u00e1chairte CLG ina dtugtar sc\u00e9alta pearsanta na r\u00e9alta\u00ed sp\u00f3irt chun solais, ar TG4 an tEarrach seo. Leanfar chomh maith leis an leagan amach c\u00e9anna uair an chloig a bh\u00ed ann anuraidh. Beidh seisear laochra CLG faoi chaibidil i mbliana, laochra a bhfuil cl\u00e1r uair an chloig de dh\u00edth chun l\u00e9argas [&hellip;]\" \/>\n<meta property=\"og:url\" content=\"https:\/\/dev.tg4.ie\/ga\/eolas\/preas\/nuacht-raitis\/2019-2\/sraith-nua-laochra-gael-seolta-ag-uachtaran-clg\/\" \/>\n<meta property=\"og:site_name\" content=\"TG4\" \/>\n<meta property=\"article:publisher\" content=\"https:\/\/www.facebook.com\/TG4TV\" \/>\n<meta property=\"article:modified_time\" content=\"2019-06-25T13:49:00+00:00\" \/>\n<meta property=\"og:image\" content=\"https:\/\/tg4-docs.s3.amazonaws.com\/tg4-redesign-2015\/wp-content\/uploads\/2019\/02\/Laochra.jpg\" \/>\n\t<meta property=\"og:image:width\" content=\"1920\" \/>\n\t<meta property=\"og:image:height\" content=\"1080\" \/>\n\t<meta property=\"og:image:type\" content=\"image\/jpeg\" \/>\n<meta name=\"twitter:card\" content=\"summary_large_image\" \/>\n<meta name=\"twitter:site\" content=\"@TG4TV\" \/>\n<meta name=\"twitter:label1\" content=\"Est. reading time\" \/>\n\t<meta name=\"twitter:data1\" content=\"8 minutes\" \/>\n<script type=\"application\/ld+json\" class=\"yoast-schema-graph\">{\"@context\":\"https:\/\/schema.org\",\"@graph\":[{\"@type\":\"WebPage\",\"@id\":\"https:\/\/dev.tg4.ie\/ga\/eolas\/preas\/nuacht-raitis\/2019-2\/sraith-nua-laochra-gael-seolta-ag-uachtaran-clg\/\",\"url\":\"https:\/\/dev.tg4.ie\/ga\/eolas\/preas\/nuacht-raitis\/2019-2\/sraith-nua-laochra-gael-seolta-ag-uachtaran-clg\/\",\"name\":\"Sraith Nua Laochra Gael Seolta ag Uachtar\u00e1n CLG - TG4\",\"isPartOf\":{\"@id\":\"https:\/\/dev.tg4.ie\/en\/#website\"},\"primaryImageOfPage\":{\"@id\":\"https:\/\/dev.tg4.ie\/ga\/eolas\/preas\/nuacht-raitis\/2019-2\/sraith-nua-laochra-gael-seolta-ag-uachtaran-clg\/#primaryimage\"},\"image\":{\"@id\":\"https:\/\/dev.tg4.ie\/ga\/eolas\/preas\/nuacht-raitis\/2019-2\/sraith-nua-laochra-gael-seolta-ag-uachtaran-clg\/#primaryimage\"},\"thumbnailUrl\":\"https:\/\/tg4-docs.s3.amazonaws.com\/tg4-redesign-2015\/wp-content\/uploads\/2019\/02\/Laochra.jpg\",\"datePublished\":\"2019-02-13T16:52:32+00:00\",\"dateModified\":\"2019-06-25T13:49:00+00:00\",\"breadcrumb\":{\"@id\":\"https:\/\/dev.tg4.ie\/ga\/eolas\/preas\/nuacht-raitis\/2019-2\/sraith-nua-laochra-gael-seolta-ag-uachtaran-clg\/#breadcrumb\"},\"inLanguage\":\"ga\",\"potentialAction\":[{\"@type\":\"ReadAction\",\"target\":[\"https:\/\/dev.tg4.ie\/ga\/eolas\/preas\/nuacht-raitis\/2019-2\/sraith-nua-laochra-gael-seolta-ag-uachtaran-clg\/\"]}]},{\"@type\":\"ImageObject\",\"inLanguage\":\"ga\",\"@id\":\"https:\/\/dev.tg4.ie\/ga\/eolas\/preas\/nuacht-raitis\/2019-2\/sraith-nua-laochra-gael-seolta-ag-uachtaran-clg\/#primaryimage\",\"url\":\"https:\/\/tg4-docs.s3.amazonaws.com\/tg4-redesign-2015\/wp-content\/uploads\/2019\/02\/Laochra.jpg\",\"contentUrl\":\"https:\/\/tg4-docs.s3.amazonaws.com\/tg4-redesign-2015\/wp-content\/uploads\/2019\/02\/Laochra.jpg\",\"width\":1920,\"height\":1080},{\"@type\":\"BreadcrumbList\",\"@id\":\"https:\/\/dev.tg4.ie\/ga\/eolas\/preas\/nuacht-raitis\/2019-2\/sraith-nua-laochra-gael-seolta-ag-uachtaran-clg\/#breadcrumb\",\"itemListElement\":[{\"@type\":\"ListItem\",\"position\":1,\"name\":\"Home\",\"item\":\"https:\/\/dev.tg4.ie\/ga\/\"},{\"@type\":\"ListItem\",\"position\":2,\"name\":\"Eolas\",\"item\":\"https:\/\/dev.tg4.ie\/ga\/eolas\/\"},{\"@type\":\"ListItem\",\"position\":3,\"name\":\"Preas\",\"item\":\"https:\/\/dev.tg4.ie\/ga\/eolas\/preas\/\"},{\"@type\":\"ListItem\",\"position\":4,\"name\":\"Nuacht R\u00e1itis\",\"item\":\"https:\/\/dev.tg4.ie\/ga\/eolas\/preas\/nuacht-raitis\/\"},{\"@type\":\"ListItem\",\"position\":5,\"name\":\"2019\",\"item\":\"https:\/\/dev.tg4.ie\/ga\/eolas\/preas\/nuacht-raitis\/2019-2\/\"},{\"@type\":\"ListItem\",\"position\":6,\"name\":\"Sraith Nua Laochra Gael Seolta ag Uachtar\u00e1n CLG\"}]},{\"@type\":\"WebSite\",\"@id\":\"https:\/\/dev.tg4.ie\/en\/#website\",\"url\":\"https:\/\/dev.tg4.ie\/en\/\",\"name\":\"TG4\",\"description\":\"S\u00fail Eile\",\"potentialAction\":[{\"@type\":\"SearchAction\",\"target\":{\"@type\":\"EntryPoint\",\"urlTemplate\":\"https:\/\/dev.tg4.ie\/en\/?s={search_term_string}\"},\"query-input\":\"required name=search_term_string\"}],\"inLanguage\":\"ga\"}]}<\/script>\n<!-- \/ Yoast SEO plugin. -->","yoast_head_json":{"title":"Sraith Nua Laochra Gael Seolta ag Uachtar\u00e1n CLG - TG4","robots":{"index":"index","follow":"follow","max-snippet":"max-snippet:-1","max-image-preview":"max-image-preview:large","max-video-preview":"max-video-preview:-1"},"og_locale":"en_US","og_type":"article","og_title":"Sraith Nua Laochra Gael Seolta ag Uachtar\u00e1n CLG - TG4","og_description":"Fillfidh Laochra Gael, an tsraith mh\u00f3r-r\u00e1chairte CLG ina dtugtar sc\u00e9alta pearsanta na r\u00e9alta\u00ed sp\u00f3irt chun solais, ar TG4 an tEarrach seo. Leanfar chomh maith leis an leagan amach c\u00e9anna uair an chloig a bh\u00ed ann anuraidh. Beidh seisear laochra CLG faoi chaibidil i mbliana, laochra a bhfuil cl\u00e1r uair an chloig de dh\u00edth chun l\u00e9argas [&hellip;]","og_url":"https:\/\/dev.tg4.ie\/ga\/eolas\/preas\/nuacht-raitis\/2019-2\/sraith-nua-laochra-gael-seolta-ag-uachtaran-clg\/","og_site_name":"TG4","article_publisher":"https:\/\/www.facebook.com\/TG4TV","article_modified_time":"2019-06-25T13:49:00+00:00","og_image":[{"width":1920,"height":1080,"url":"https:\/\/tg4-docs.s3.amazonaws.com\/tg4-redesign-2015\/wp-content\/uploads\/2019\/02\/Laochra.jpg","type":"image\/jpeg"}],"twitter_card":"summary_large_image","twitter_site":"@TG4TV","twitter_misc":{"Est. reading time":"8 minutes"},"schema":{"@context":"https:\/\/schema.org","@graph":[{"@type":"WebPage","@id":"https:\/\/dev.tg4.ie\/ga\/eolas\/preas\/nuacht-raitis\/2019-2\/sraith-nua-laochra-gael-seolta-ag-uachtaran-clg\/","url":"https:\/\/dev.tg4.ie\/ga\/eolas\/preas\/nuacht-raitis\/2019-2\/sraith-nua-laochra-gael-seolta-ag-uachtaran-clg\/","name":"Sraith Nua Laochra Gael Seolta ag Uachtar\u00e1n CLG - TG4","isPartOf":{"@id":"https:\/\/dev.tg4.ie\/en\/#website"},"primaryImageOfPage":{"@id":"https:\/\/dev.tg4.ie\/ga\/eolas\/preas\/nuacht-raitis\/2019-2\/sraith-nua-laochra-gael-seolta-ag-uachtaran-clg\/#primaryimage"},"image":{"@id":"https:\/\/dev.tg4.ie\/ga\/eolas\/preas\/nuacht-raitis\/2019-2\/sraith-nua-laochra-gael-seolta-ag-uachtaran-clg\/#primaryimage"},"thumbnailUrl":"https:\/\/tg4-docs.s3.amazonaws.com\/tg4-redesign-2015\/wp-content\/uploads\/2019\/02\/Laochra.jpg","datePublished":"2019-02-13T16:52:32+00:00","dateModified":"2019-06-25T13:49:00+00:00","breadcrumb":{"@id":"https:\/\/dev.tg4.ie\/ga\/eolas\/preas\/nuacht-raitis\/2019-2\/sraith-nua-laochra-gael-seolta-ag-uachtaran-clg\/#breadcrumb"},"inLanguage":"ga","potentialAction":[{"@type":"ReadAction","target":["https:\/\/dev.tg4.ie\/ga\/eolas\/preas\/nuacht-raitis\/2019-2\/sraith-nua-laochra-gael-seolta-ag-uachtaran-clg\/"]}]},{"@type":"ImageObject","inLanguage":"ga","@id":"https:\/\/dev.tg4.ie\/ga\/eolas\/preas\/nuacht-raitis\/2019-2\/sraith-nua-laochra-gael-seolta-ag-uachtaran-clg\/#primaryimage","url":"https:\/\/tg4-docs.s3.amazonaws.com\/tg4-redesign-2015\/wp-content\/uploads\/2019\/02\/Laochra.jpg","contentUrl":"https:\/\/tg4-docs.s3.amazonaws.com\/tg4-redesign-2015\/wp-content\/uploads\/2019\/02\/Laochra.jpg","width":1920,"height":1080},{"@type":"BreadcrumbList","@id":"https:\/\/dev.tg4.ie\/ga\/eolas\/preas\/nuacht-raitis\/2019-2\/sraith-nua-laochra-gael-seolta-ag-uachtaran-clg\/#breadcrumb","itemListElement":[{"@type":"ListItem","position":1,"name":"Home","item":"https:\/\/dev.tg4.ie\/ga\/"},{"@type":"ListItem","position":2,"name":"Eolas","item":"https:\/\/dev.tg4.ie\/ga\/eolas\/"},{"@type":"ListItem","position":3,"name":"Preas","item":"https:\/\/dev.tg4.ie\/ga\/eolas\/preas\/"},{"@type":"ListItem","position":4,"name":"Nuacht R\u00e1itis","item":"https:\/\/dev.tg4.ie\/ga\/eolas\/preas\/nuacht-raitis\/"},{"@type":"ListItem","position":5,"name":"2019","item":"https:\/\/dev.tg4.ie\/ga\/eolas\/preas\/nuacht-raitis\/2019-2\/"},{"@type":"ListItem","position":6,"name":"Sraith Nua Laochra Gael Seolta ag Uachtar\u00e1n CLG"}]},{"@type":"WebSite","@id":"https:\/\/dev.tg4.ie\/en\/#website","url":"https:\/\/dev.tg4.ie\/en\/","name":"TG4","description":"S\u00fail Eile","potentialAction":[{"@type":"SearchAction","target":{"@type":"EntryPoint","urlTemplate":"https:\/\/dev.tg4.ie\/en\/?s={search_term_string}"},"query-input":"required name=search_term_string"}],"inLanguage":"ga"}]}},"_links":{"self":[{"href":"https:\/\/dev.tg4.ie\/ga\/wp-json\/wp\/v2\/pages\/100577"}],"collection":[{"href":"https:\/\/dev.tg4.ie\/ga\/wp-json\/wp\/v2\/pages"}],"about":[{"href":"https:\/\/dev.tg4.ie\/ga\/wp-json\/wp\/v2\/types\/page"}],"author":[{"embeddable":true,"href":"https:\/\/dev.tg4.ie\/ga\/wp-json\/wp\/v2\/users\/999"}],"replies":[{"embeddable":true,"href":"https:\/\/dev.tg4.ie\/ga\/wp-json\/wp\/v2\/comments?post=100577"}],"version-history":[{"count":0,"href":"https:\/\/dev.tg4.ie\/ga\/wp-json\/wp\/v2\/pages\/100577\/revisions"}],"up":[{"embeddable":true,"href":"https:\/\/dev.tg4.ie\/ga\/wp-json\/wp\/v2\/pages\/98830"}],"wp:featuredmedia":[{"embeddable":true,"href":"https:\/\/dev.tg4.ie\/ga\/wp-json\/wp\/v2\/media\/100578"}],"wp:attachment":[{"href":"https:\/\/dev.tg4.ie\/ga\/wp-json\/wp\/v2\/media?parent=100577"}],"curies":[{"name":"wp","href":"https:\/\/api.w.org\/{rel}","templated":true}]}}