{"id":101044,"date":"2019-02-20T16:36:32","date_gmt":"2019-02-20T16:36:32","guid":{"rendered":"https:\/\/dev.tg4.ie\/?page_id=101044"},"modified":"2019-11-11T16:48:51","modified_gmt":"2019-11-11T16:48:51","slug":"tg4-le-craobhchomortas-naisiunta-dornalaiochta-scothaicme-iaba-na-heireann-a-chraoladh","status":"publish","type":"page","link":"https:\/\/dev.tg4.ie\/ga\/eolas\/preas\/nuacht-raitis\/2019-2\/tg4-le-craobhchomortas-naisiunta-dornalaiochta-scothaicme-iaba-na-heireann-a-chraoladh\/","title":{"rendered":"TG4 le Craobhchom\u00f3rtas N\u00e1isi\u00fanta Dorn\u00e1la\u00edochta Scothaicme IABA na h\u00c9ireann a chraoladh"},"content":{"rendered":"<p><strong>D\u00e9anfar an 18 dtroid a chraoladh Beo ar YouTube chomh maith le hiad a chraoladh beo ar phr\u00edomhchain\u00e9al TG4 \u00f3n 8:45pm go 11:05pm<\/strong><\/p>\n<p>D\u00e9anfaidh TG4 Craobhchom\u00f3rtais N\u00e1isi\u00fanta Dorn\u00e1la\u00edochta Scothaicme IABA na \u00c9ireann a chraoladh as an Staid N\u00e1isi\u00fanta i mBaile \u00c1tha Cliath D\u00e9 Sathairn. D\u00e9anfar an ocht dtroid d\u00e9ag a chraoladh ar shu\u00edomh YouTube TG4 chuig lucht f\u00e9achana in \u00c9irinn agus ar fud an domhain. Taispe\u00e1nfar na Craobhchom\u00f3rtais freisin ar phr\u00edomhchain\u00e9al l\u00edneach TG4 \u00f3n 8:45 ar aghaidh.\u00a0 Is \u00e9 Miche\u00e1l \u00d3 Domhnaill a chuirfidh an craoladh beo ar Chraobhchom\u00f3rtais N\u00e1isi\u00fanta Dorn\u00e1la\u00edochta Scothaicme Sinsear IABA na h\u00c9ireann i l\u00e1thair.\u00a0 Beidh Andy Lee, Kenneth Egan, Darren O\u2019Neill agus Se\u00e1n B\u00e1n Breathnach i measc na dtr\u00e1chtair\u00ed.\u00a0 Is \u00e9 C\u00e1rthach B\u00e1n Breathnach a bheidh i mbun tr\u00e1chtaireachta ar chain\u00e9al YouTube TG4. Nemeton TV at\u00e1 lonnaithe i bPort L\u00e1irge a l\u00e9ireoidh an craoladh beo.<\/p>\n<p>Rachaidh pl\u00far na ndorn\u00e1laithe in \u00c9irinn in aghaidh a ch\u00e9ile D\u00e9 Sathairn i gcom\u00f3rtais na bliana seo, bliain a bhfuiltear ag ceili\u00faradh 80 bliain \u00f3 oscla\u00edodh an Staid N\u00e1isi\u00fanta go hoifigi\u00fail in 1939.\u00a0 <span>Troidfidh seaimp\u00edn Scothaicme <\/span>AIBA an Domhain Kellie Harrington, a bhuaigh bonn \u00f3ir ag <span><a href=\"https:\/\/en.wikipedia.org\/wiki\/2018_AIBA_Women&amp;apos;s_World_Boxing_Championships\">Craobhchom\u00f3rtais Dhomhanda Dhorn\u00e1la\u00edocht na mBan 2018<\/a><\/span> freisin san o\u00edche D\u00e9 Sathairn.\u00a0\u00a0 Is \u00ed Jelena Jelic as an tSualainn a c\u00e9ile comhraic sa mbabhta idirn\u00e1isi\u00fanta.<\/p>\n<p>D\u00fairt Ceannasa\u00ed Sp\u00f3irt TG4 R\u00f3n\u00e1n \u00d3 Coistealbha:\u00a0 \u201cT\u00e1 r\u00edm\u00e9ad ar TG4 Craobhchom\u00f3rtais N\u00e1isi\u00fanta Sinsear IABA na Dorn\u00e1la\u00edochta Scothaicme a chraoladh as an Staid N\u00e1isi\u00fanta. T\u00e1 s\u00e9 t\u00e1bhachtach deis a thabhairt do lucht f\u00e9achana na teilif\u00edse saor go haer f\u00e9achaint ar chuid de na dorn\u00e1laithe is fearr in \u00c9irinn. Is m\u00f3r an phribhl\u00e9id a bheith ag obair leis an IABA chun cl\u00fadach beo a dh\u00e9anamh ar an imeacht a bhfuil t\u00e1bhacht mh\u00f3r sp\u00f3irt ag baint leis don t\u00edr.<\/p>\n<p><strong><u>Craoladh TG4 &#8211; D\u00e9 Sathairn an 23 Feabhra<\/u><\/strong><\/p>\n<ul>\n<li>Beo ar YouTube \u00f3n <strong>5:45pm<\/strong> \u00a0 &#8211;\u00a0 craolfar an 18 dtroid beo ar shu\u00edomh YouTube <em>Sp\u00f3rt TG4<\/em> \u00a0 &#8211;\u00a0 <span><a href=\"http:\/\/www.youtube.com\/sporttg4\">youtube.com\/sporttg4<\/a><\/span><\/li>\n<li>Beo ar phr\u00edomhchain\u00e9al TG4 \u00f3n 8:45pm go 11:05pm<br \/>\n(T\u00e1 TG4 ar f\u00e1il ar gach ard\u00e1n \u2013 Saorview, Sky, Virgin Media, Eircom TV)<\/li>\n<\/ul>\n<p><span>T\u00e1 <\/span>TG4 le f\u00e1il freisin ar fud an domhain ar <span><a href=\"https:\/\/dev.tg4.ie\/\">www.tg4.ie<\/a><\/span> agus via Seinnteoir <em>TG4 <\/em>ar Aip iOS don iPhone agus iPad agus ar Aip Smart TV.<\/p>\n<p><strong>CRAOBHCHOM\u00d3RTAIS N\u00c1ISIUNTA SCOTHAICME SINSEAR NA mBAN AGUS na bhFEAR LIFFEY CRANE 2019 \u00a0 &#8211;\u00a0 <\/strong>AN STAID N\u00c1ISI\u00daNTA, BAILE \u00c1THA CLIATH &#8211;\u00a0 D\u00c9 SATHAIRN AN 23\u00fa FEABHRA<\/p>\n<ul>\n<li>5.45pm\u00a0 <span>Par\u00e1id F\u00e1inne &amp; Amhr\u00e1n na bhFiann<\/span><\/li>\n<li><strong>48kg \u2013 Cuilmhe\u00e1chan \u00e9adrom<\/strong> \u2013 Chloe Fleck (Canal) V Donna Barr (Illies Golden Gloves)<\/li>\n<li><strong>49kg \u2013 Cuilmhe\u00e1chan \u00e9adrom<\/strong> &#8211; Regan Buckley (St Teresa\u2019s) V Sean Mari (Baile an Mhanaigh, Baile \u00c1tha Cliath)<\/li>\n<li><strong>75kg<\/strong> \u2013 <strong>Me\u00e1nmhe\u00e1chan<\/strong> \u2013 Aoife O\u2019Rourke (An Caisle\u00e1n Riabhach) V Cheyanne O\u2019Neill (Baile \u00c1tha Luain)<\/li>\n<li><strong>57kg \u2013 Cleitmhe\u00e1chan<\/strong> \u2013 Michaela Walsh (Baile na Manach Aontroma) V Dearbhla Duffy (Cromghlinn)<\/li>\n<li><strong>57kg \u2013 Cleitmhe\u00e1chan<\/strong> \u2013 Christian Cekiso (Port Laoise) V Patryk Adamus (Droimeanach)<\/li>\n<li><strong>60kg \u2013 Cleitmhe\u00e1chan<\/strong> \u2013 Dominic Bradley (Errigal) V David Oliver Joyce (Baile Munna)<\/li>\n<li><strong>64kg \u2013 Marcmhe\u00e1chan S\u00f3isearach<\/strong> \u2013 Moira McElligot (St Michaels Baile \u00c1tha \u00cd) V Amy Broadhurst (Dealgan)<\/li>\n<li><strong>52kg \u2013 Cuilmhe\u00e1chan<\/strong> \u2013 Evan Metcalf (Hyland BA) V Adam Hession (Muine Mhe\u00e1)<\/li>\n<li><strong>75kg \u2013 Me\u00e1nmhe\u00e1chan<\/strong> &#8211; Gabriel Dossen (Olympic, Gaillimh) V Emmett Brennan (Glas Na\u00edon)<\/li>\n<li><strong>80kg \u2013 Trom-mhe\u00e1chan \u00e9adrom<\/strong> &#8211;\u00a0 Leona Houlihan (Cromghlinn) V Lisa Browne (An Eaglais)<\/li>\n<li><strong>91kg \u2013 Trom-mhe\u00e1chan<\/strong> \u2013 Anthony Browne (St Michaels, Baile \u00c1tha Cliath) V Kenneth Okungbowa, Baile \u00c1tha Luain)<\/li>\n<li><strong>51kg \u2013 Cuilmhe\u00e1chan<\/strong> \u2013 Carly McNaul (Holy Family Golden Gloves) V Niamh Early (Ryston)<\/li>\n<li><strong>63kg \u2013 Marcmhe\u00e1chan s\u00f3isearach<\/strong>\u2013\u00a0 James McGivern (St Georges) V George Bates (St Marys, Baile \u00c1tha Cliath)<\/li>\n<li><strong>69kg \u2013 Marcmhe\u00e1chan<\/strong> \u2013 Christina Desmond (Fr Horgans) V Grainne Walsh (Spartacus)<\/li>\n<li><strong>81kg \u2013 Trom-mhe\u00e1chan \u00e9adrom<\/strong> \u2013 Thomas O\u2019Toole (Celtic Eagles) V Tommy Hyde (Mayfield)<\/li>\n<li><strong>69kg \u2013 Marcmhe\u00e1chan<\/strong> \u2013\u00a0 Kieran Molloy (Uachtar Ard) V Patrick Donovan (Our Lady of Lourdes)<\/li>\n<li><strong>60kg \u2013 Marcmhe\u00e1chan<\/strong> \u2013 Kelly Harrington (St Mary\u2019s) V Jelena Jelic (An tSualainn)\u00a0 (Babhta Idirn\u00e1isi\u00fanta)<\/li>\n<li><strong>91+kg \u2013 Trom-throm-mhe\u00e1chan<\/strong> \u2013 Dean Gardiner (Cluain Meala) V Martin Keenan (R\u00e1th Caola)<\/li>\n<\/ul>\n","protected":false},"excerpt":{"rendered":"<p>D\u00e9anfar an 18 dtroid a chraoladh Beo ar YouTube chomh maith le hiad a chraoladh beo ar phr\u00edomhchain\u00e9al TG4 \u00f3n 8:45pm go 11:05pm D\u00e9anfaidh TG4 Craobhchom\u00f3rtais N\u00e1isi\u00fanta Dorn\u00e1la\u00edochta Scothaicme IABA na \u00c9ireann a chraoladh as an Staid N\u00e1isi\u00fanta i mBaile \u00c1tha Cliath D\u00e9 Sathairn. D\u00e9anfar an ocht dtroid d\u00e9ag a chraoladh ar shu\u00edomh YouTube TG4 [&hellip;]<\/p>\n","protected":false},"author":999,"featured_media":101045,"parent":98830,"menu_order":7,"comment_status":"closed","ping_status":"closed","template":"page-templates\/template-pr.php","meta":{"_acf_changed":false,"footnotes":""},"acf":[],"yoast_head":"<!-- This site is optimized with the Yoast SEO plugin v22.6 - https:\/\/yoast.com\/wordpress\/plugins\/seo\/ -->\n<title>TG4 le Craobhchom\u00f3rtas N\u00e1isi\u00fanta Dorn\u00e1la\u00edochta Scothaicme IABA na h\u00c9ireann a chraoladh - TG4<\/title>\n<meta name=\"robots\" content=\"index, follow, max-snippet:-1, max-image-preview:large, max-video-preview:-1\" \/>\n<meta property=\"og:locale\" content=\"en_US\" \/>\n<meta property=\"og:type\" content=\"article\" \/>\n<meta property=\"og:title\" content=\"TG4 le Craobhchom\u00f3rtas N\u00e1isi\u00fanta Dorn\u00e1la\u00edochta Scothaicme IABA na h\u00c9ireann a chraoladh - TG4\" \/>\n<meta property=\"og:description\" content=\"D\u00e9anfar an 18 dtroid a chraoladh Beo ar YouTube chomh maith le hiad a chraoladh beo ar phr\u00edomhchain\u00e9al TG4 \u00f3n 8:45pm go 11:05pm D\u00e9anfaidh TG4 Craobhchom\u00f3rtais N\u00e1isi\u00fanta Dorn\u00e1la\u00edochta Scothaicme IABA na \u00c9ireann a chraoladh as an Staid N\u00e1isi\u00fanta i mBaile \u00c1tha Cliath D\u00e9 Sathairn. D\u00e9anfar an ocht dtroid d\u00e9ag a chraoladh ar shu\u00edomh YouTube TG4 [&hellip;]\" \/>\n<meta property=\"og:url\" content=\"https:\/\/dev.tg4.ie\/ga\/eolas\/preas\/nuacht-raitis\/2019-2\/tg4-le-craobhchomortas-naisiunta-dornalaiochta-scothaicme-iaba-na-heireann-a-chraoladh\/\" \/>\n<meta property=\"og:site_name\" content=\"TG4\" \/>\n<meta property=\"article:publisher\" content=\"https:\/\/www.facebook.com\/TG4TV\" \/>\n<meta property=\"article:modified_time\" content=\"2019-11-11T16:48:51+00:00\" \/>\n<meta property=\"og:image\" content=\"https:\/\/tg4-docs.s3.amazonaws.com\/tg4-redesign-2015\/wp-content\/uploads\/2019\/02\/Dorn.jpg\" \/>\n\t<meta property=\"og:image:width\" content=\"1920\" \/>\n\t<meta property=\"og:image:height\" content=\"961\" \/>\n\t<meta property=\"og:image:type\" content=\"image\/jpeg\" \/>\n<meta name=\"twitter:card\" content=\"summary_large_image\" \/>\n<meta name=\"twitter:site\" content=\"@TG4TV\" \/>\n<meta name=\"twitter:label1\" content=\"Est. reading time\" \/>\n\t<meta name=\"twitter:data1\" content=\"4 minutes\" \/>\n<script type=\"application\/ld+json\" class=\"yoast-schema-graph\">{\"@context\":\"https:\/\/schema.org\",\"@graph\":[{\"@type\":\"WebPage\",\"@id\":\"https:\/\/dev.tg4.ie\/ga\/eolas\/preas\/nuacht-raitis\/2019-2\/tg4-le-craobhchomortas-naisiunta-dornalaiochta-scothaicme-iaba-na-heireann-a-chraoladh\/\",\"url\":\"https:\/\/dev.tg4.ie\/ga\/eolas\/preas\/nuacht-raitis\/2019-2\/tg4-le-craobhchomortas-naisiunta-dornalaiochta-scothaicme-iaba-na-heireann-a-chraoladh\/\",\"name\":\"TG4 le Craobhchom\u00f3rtas N\u00e1isi\u00fanta Dorn\u00e1la\u00edochta Scothaicme IABA na h\u00c9ireann a chraoladh - TG4\",\"isPartOf\":{\"@id\":\"https:\/\/dev.tg4.ie\/en\/#website\"},\"primaryImageOfPage\":{\"@id\":\"https:\/\/dev.tg4.ie\/ga\/eolas\/preas\/nuacht-raitis\/2019-2\/tg4-le-craobhchomortas-naisiunta-dornalaiochta-scothaicme-iaba-na-heireann-a-chraoladh\/#primaryimage\"},\"image\":{\"@id\":\"https:\/\/dev.tg4.ie\/ga\/eolas\/preas\/nuacht-raitis\/2019-2\/tg4-le-craobhchomortas-naisiunta-dornalaiochta-scothaicme-iaba-na-heireann-a-chraoladh\/#primaryimage\"},\"thumbnailUrl\":\"https:\/\/tg4-docs.s3.amazonaws.com\/tg4-redesign-2015\/wp-content\/uploads\/2019\/02\/Dorn.jpg\",\"datePublished\":\"2019-02-20T16:36:32+00:00\",\"dateModified\":\"2019-11-11T16:48:51+00:00\",\"breadcrumb\":{\"@id\":\"https:\/\/dev.tg4.ie\/ga\/eolas\/preas\/nuacht-raitis\/2019-2\/tg4-le-craobhchomortas-naisiunta-dornalaiochta-scothaicme-iaba-na-heireann-a-chraoladh\/#breadcrumb\"},\"inLanguage\":\"ga\",\"potentialAction\":[{\"@type\":\"ReadAction\",\"target\":[\"https:\/\/dev.tg4.ie\/ga\/eolas\/preas\/nuacht-raitis\/2019-2\/tg4-le-craobhchomortas-naisiunta-dornalaiochta-scothaicme-iaba-na-heireann-a-chraoladh\/\"]}]},{\"@type\":\"ImageObject\",\"inLanguage\":\"ga\",\"@id\":\"https:\/\/dev.tg4.ie\/ga\/eolas\/preas\/nuacht-raitis\/2019-2\/tg4-le-craobhchomortas-naisiunta-dornalaiochta-scothaicme-iaba-na-heireann-a-chraoladh\/#primaryimage\",\"url\":\"https:\/\/tg4-docs.s3.amazonaws.com\/tg4-redesign-2015\/wp-content\/uploads\/2019\/02\/Dorn.jpg\",\"contentUrl\":\"https:\/\/tg4-docs.s3.amazonaws.com\/tg4-redesign-2015\/wp-content\/uploads\/2019\/02\/Dorn.jpg\",\"width\":1920,\"height\":961},{\"@type\":\"BreadcrumbList\",\"@id\":\"https:\/\/dev.tg4.ie\/ga\/eolas\/preas\/nuacht-raitis\/2019-2\/tg4-le-craobhchomortas-naisiunta-dornalaiochta-scothaicme-iaba-na-heireann-a-chraoladh\/#breadcrumb\",\"itemListElement\":[{\"@type\":\"ListItem\",\"position\":1,\"name\":\"Home\",\"item\":\"https:\/\/dev.tg4.ie\/ga\/\"},{\"@type\":\"ListItem\",\"position\":2,\"name\":\"Eolas\",\"item\":\"https:\/\/dev.tg4.ie\/ga\/eolas\/\"},{\"@type\":\"ListItem\",\"position\":3,\"name\":\"Preas\",\"item\":\"https:\/\/dev.tg4.ie\/ga\/eolas\/preas\/\"},{\"@type\":\"ListItem\",\"position\":4,\"name\":\"Nuacht R\u00e1itis\",\"item\":\"https:\/\/dev.tg4.ie\/ga\/eolas\/preas\/nuacht-raitis\/\"},{\"@type\":\"ListItem\",\"position\":5,\"name\":\"2019\",\"item\":\"https:\/\/dev.tg4.ie\/ga\/eolas\/preas\/nuacht-raitis\/2019-2\/\"},{\"@type\":\"ListItem\",\"position\":6,\"name\":\"TG4 le Craobhchom\u00f3rtas N\u00e1isi\u00fanta Dorn\u00e1la\u00edochta Scothaicme IABA na h\u00c9ireann a chraoladh\"}]},{\"@type\":\"WebSite\",\"@id\":\"https:\/\/dev.tg4.ie\/en\/#website\",\"url\":\"https:\/\/dev.tg4.ie\/en\/\",\"name\":\"TG4\",\"description\":\"S\u00fail Eile\",\"potentialAction\":[{\"@type\":\"SearchAction\",\"target\":{\"@type\":\"EntryPoint\",\"urlTemplate\":\"https:\/\/dev.tg4.ie\/en\/?s={search_term_string}\"},\"query-input\":\"required name=search_term_string\"}],\"inLanguage\":\"ga\"}]}<\/script>\n<!-- \/ Yoast SEO plugin. -->","yoast_head_json":{"title":"TG4 le Craobhchom\u00f3rtas N\u00e1isi\u00fanta Dorn\u00e1la\u00edochta Scothaicme IABA na h\u00c9ireann a chraoladh - TG4","robots":{"index":"index","follow":"follow","max-snippet":"max-snippet:-1","max-image-preview":"max-image-preview:large","max-video-preview":"max-video-preview:-1"},"og_locale":"en_US","og_type":"article","og_title":"TG4 le Craobhchom\u00f3rtas N\u00e1isi\u00fanta Dorn\u00e1la\u00edochta Scothaicme IABA na h\u00c9ireann a chraoladh - TG4","og_description":"D\u00e9anfar an 18 dtroid a chraoladh Beo ar YouTube chomh maith le hiad a chraoladh beo ar phr\u00edomhchain\u00e9al TG4 \u00f3n 8:45pm go 11:05pm D\u00e9anfaidh TG4 Craobhchom\u00f3rtais N\u00e1isi\u00fanta Dorn\u00e1la\u00edochta Scothaicme IABA na \u00c9ireann a chraoladh as an Staid N\u00e1isi\u00fanta i mBaile \u00c1tha Cliath D\u00e9 Sathairn. D\u00e9anfar an ocht dtroid d\u00e9ag a chraoladh ar shu\u00edomh YouTube TG4 [&hellip;]","og_url":"https:\/\/dev.tg4.ie\/ga\/eolas\/preas\/nuacht-raitis\/2019-2\/tg4-le-craobhchomortas-naisiunta-dornalaiochta-scothaicme-iaba-na-heireann-a-chraoladh\/","og_site_name":"TG4","article_publisher":"https:\/\/www.facebook.com\/TG4TV","article_modified_time":"2019-11-11T16:48:51+00:00","og_image":[{"width":1920,"height":961,"url":"https:\/\/tg4-docs.s3.amazonaws.com\/tg4-redesign-2015\/wp-content\/uploads\/2019\/02\/Dorn.jpg","type":"image\/jpeg"}],"twitter_card":"summary_large_image","twitter_site":"@TG4TV","twitter_misc":{"Est. reading time":"4 minutes"},"schema":{"@context":"https:\/\/schema.org","@graph":[{"@type":"WebPage","@id":"https:\/\/dev.tg4.ie\/ga\/eolas\/preas\/nuacht-raitis\/2019-2\/tg4-le-craobhchomortas-naisiunta-dornalaiochta-scothaicme-iaba-na-heireann-a-chraoladh\/","url":"https:\/\/dev.tg4.ie\/ga\/eolas\/preas\/nuacht-raitis\/2019-2\/tg4-le-craobhchomortas-naisiunta-dornalaiochta-scothaicme-iaba-na-heireann-a-chraoladh\/","name":"TG4 le Craobhchom\u00f3rtas N\u00e1isi\u00fanta Dorn\u00e1la\u00edochta Scothaicme IABA na h\u00c9ireann a chraoladh - TG4","isPartOf":{"@id":"https:\/\/dev.tg4.ie\/en\/#website"},"primaryImageOfPage":{"@id":"https:\/\/dev.tg4.ie\/ga\/eolas\/preas\/nuacht-raitis\/2019-2\/tg4-le-craobhchomortas-naisiunta-dornalaiochta-scothaicme-iaba-na-heireann-a-chraoladh\/#primaryimage"},"image":{"@id":"https:\/\/dev.tg4.ie\/ga\/eolas\/preas\/nuacht-raitis\/2019-2\/tg4-le-craobhchomortas-naisiunta-dornalaiochta-scothaicme-iaba-na-heireann-a-chraoladh\/#primaryimage"},"thumbnailUrl":"https:\/\/tg4-docs.s3.amazonaws.com\/tg4-redesign-2015\/wp-content\/uploads\/2019\/02\/Dorn.jpg","datePublished":"2019-02-20T16:36:32+00:00","dateModified":"2019-11-11T16:48:51+00:00","breadcrumb":{"@id":"https:\/\/dev.tg4.ie\/ga\/eolas\/preas\/nuacht-raitis\/2019-2\/tg4-le-craobhchomortas-naisiunta-dornalaiochta-scothaicme-iaba-na-heireann-a-chraoladh\/#breadcrumb"},"inLanguage":"ga","potentialAction":[{"@type":"ReadAction","target":["https:\/\/dev.tg4.ie\/ga\/eolas\/preas\/nuacht-raitis\/2019-2\/tg4-le-craobhchomortas-naisiunta-dornalaiochta-scothaicme-iaba-na-heireann-a-chraoladh\/"]}]},{"@type":"ImageObject","inLanguage":"ga","@id":"https:\/\/dev.tg4.ie\/ga\/eolas\/preas\/nuacht-raitis\/2019-2\/tg4-le-craobhchomortas-naisiunta-dornalaiochta-scothaicme-iaba-na-heireann-a-chraoladh\/#primaryimage","url":"https:\/\/tg4-docs.s3.amazonaws.com\/tg4-redesign-2015\/wp-content\/uploads\/2019\/02\/Dorn.jpg","contentUrl":"https:\/\/tg4-docs.s3.amazonaws.com\/tg4-redesign-2015\/wp-content\/uploads\/2019\/02\/Dorn.jpg","width":1920,"height":961},{"@type":"BreadcrumbList","@id":"https:\/\/dev.tg4.ie\/ga\/eolas\/preas\/nuacht-raitis\/2019-2\/tg4-le-craobhchomortas-naisiunta-dornalaiochta-scothaicme-iaba-na-heireann-a-chraoladh\/#breadcrumb","itemListElement":[{"@type":"ListItem","position":1,"name":"Home","item":"https:\/\/dev.tg4.ie\/ga\/"},{"@type":"ListItem","position":2,"name":"Eolas","item":"https:\/\/dev.tg4.ie\/ga\/eolas\/"},{"@type":"ListItem","position":3,"name":"Preas","item":"https:\/\/dev.tg4.ie\/ga\/eolas\/preas\/"},{"@type":"ListItem","position":4,"name":"Nuacht R\u00e1itis","item":"https:\/\/dev.tg4.ie\/ga\/eolas\/preas\/nuacht-raitis\/"},{"@type":"ListItem","position":5,"name":"2019","item":"https:\/\/dev.tg4.ie\/ga\/eolas\/preas\/nuacht-raitis\/2019-2\/"},{"@type":"ListItem","position":6,"name":"TG4 le Craobhchom\u00f3rtas N\u00e1isi\u00fanta Dorn\u00e1la\u00edochta Scothaicme IABA na h\u00c9ireann a chraoladh"}]},{"@type":"WebSite","@id":"https:\/\/dev.tg4.ie\/en\/#website","url":"https:\/\/dev.tg4.ie\/en\/","name":"TG4","description":"S\u00fail Eile","potentialAction":[{"@type":"SearchAction","target":{"@type":"EntryPoint","urlTemplate":"https:\/\/dev.tg4.ie\/en\/?s={search_term_string}"},"query-input":"required name=search_term_string"}],"inLanguage":"ga"}]}},"_links":{"self":[{"href":"https:\/\/dev.tg4.ie\/ga\/wp-json\/wp\/v2\/pages\/101044"}],"collection":[{"href":"https:\/\/dev.tg4.ie\/ga\/wp-json\/wp\/v2\/pages"}],"about":[{"href":"https:\/\/dev.tg4.ie\/ga\/wp-json\/wp\/v2\/types\/page"}],"author":[{"embeddable":true,"href":"https:\/\/dev.tg4.ie\/ga\/wp-json\/wp\/v2\/users\/999"}],"replies":[{"embeddable":true,"href":"https:\/\/dev.tg4.ie\/ga\/wp-json\/wp\/v2\/comments?post=101044"}],"version-history":[{"count":0,"href":"https:\/\/dev.tg4.ie\/ga\/wp-json\/wp\/v2\/pages\/101044\/revisions"}],"up":[{"embeddable":true,"href":"https:\/\/dev.tg4.ie\/ga\/wp-json\/wp\/v2\/pages\/98830"}],"wp:featuredmedia":[{"embeddable":true,"href":"https:\/\/dev.tg4.ie\/ga\/wp-json\/wp\/v2\/media\/101045"}],"wp:attachment":[{"href":"https:\/\/dev.tg4.ie\/ga\/wp-json\/wp\/v2\/media?parent=101044"}],"curies":[{"name":"wp","href":"https:\/\/api.w.org\/{rel}","templated":true}]}}