{"id":101885,"date":"2019-03-12T16:02:00","date_gmt":"2019-03-12T16:02:31","guid":{"rendered":"https:\/\/dev.tg4.ie\/?page_id=101885"},"modified":"2019-11-12T10:58:06","modified_gmt":"2019-11-12T10:58:06","slug":"la-le-padraig-lan-de-laochra-ar-tg4","status":"publish","type":"page","link":"https:\/\/dev.tg4.ie\/ga\/eolas\/preas\/nuacht-raitis\/2019-2\/la-le-padraig-lan-de-laochra-ar-tg4\/","title":{"rendered":"L\u00e1 le P\u00e1draig l\u00e1n de \u2018Laochra\u2019 ar TG4"},"content":{"rendered":"<p>D\u00e9anfar com\u00f3radh agus ceili\u00faradh ar \u2018Laochra\u2019 de chine\u00e1lacha \u00e9ags\u00fala, ar <strong>TG4<\/strong>\u00a0do\u00a0<strong>L\u00e1 &#8216;le P\u00e1draig<\/strong>, i mbliana. (f\u00e9ach blais\u00edn <a href=\"http:\/\/mhq70911clink.tg4.ie\/wf\/click?upn=W5Rx-2FuuWIgIeTyBWLgBwTzHCsaiTqQOPpMtjG46U2ORoedtY0DCioCj0EYPF-2B-2Bk5_yUrNv0m9Bc6zuTNIEQaYQyGAZ1vuPSi-2Fwm5UhxvlykZyvj6yJsif52hA5L5sD75hSGL3UAHSoYLSL9Q-2Ff74aMY1uip7dJsutL8oUO-2FmtS0wR-2FiKWVFrCPQ7-2BXa-2Ffn5yGAcLCY9vxVIdVtIohNZbjAmRpAqgGUMX58QSXYS8s3FbXWFzazLrL16nS23FnUUM8l5nLfyMP-2BE3CzSrPEICy0vm2-2Fl3NSWgjbYDepzio3zgM3ntkxEKOkmhmJC7drlryXa0xW37-2FJeBzkViAP2Z2vQ-3D-3D\">anseo<\/a>)<\/p>\n<p>D\u00e9anfar c\u00fairt\u00e9is agus brisfear cro\u00edthe ar an bp\u00e1irc agus i measc an tslua i bP\u00e1irc an Chr\u00f3caigh, le linn an chraolta bheo, eisiach, saor go haer, ar <strong>Chluiche Ceannais Iom\u00e1na AIB na gClubanna<\/strong> idir <strong>Naomh Tom\u00e1s<\/strong> (Gaillimh) v <strong>Seamr\u00f3ga Bhaile H\u00e9il<\/strong> (Cill Chainnigh), a bhfuiltear ag s\u00fail go m\u00f3r leis. (@1.30pm)<\/p>\n<p>Leanfaidh coimhlint eipici\u00fail eile sin, sa chraoladh beo ar <strong>Chluiche Ceannais Peile AIB na gClubanna<\/strong> idir <strong>Cora Finne<\/strong> (Gaillimh) v <strong>Dr. Cr\u00f3caigh<\/strong> Chiarra\u00ed. (@3.35pm)<\/p>\n<p>(Eolas breise <a href=\"http:\/\/mhq70911clink.tg4.ie\/wf\/click?upn=qLZIxZqouMQa-2FgJfR7wV3McO1e00NIs8aSO4ZkWWLJr-2BNzq8pExzdFZ3nBjQhead-2FBbRpiuh1gOait61yp9vHVJPuXmnISSqGXe6qdVuRk4ewsVjA6Tlm3Ebst2rIfZyAb25i1VZnU-2B9c2eVkt3vkQ-3D-3D_yUrNv0m9Bc6zuTNIEQaYQyGAZ1vuPSi-2Fwm5UhxvlykZyvj6yJsif52hA5L5sD75hSGL3UAHSoYLSL9Q-2Ff74aMY1uip7dJsutL8oUO-2FmtS0wR-2FiKWVFrCPQ7-2BXa-2Ffn5yG5pR2qiC43SSaxBQLJmPb2r7O0YEMgQjv9qIVJRoObjhbZcr-2FTQSCXyt28NYRLPT1D8H-2BUD0BAmTsTrhncWhOjEWHAXSJfWWhWghdgcH-2F1og0-2FkV9xv-2F1VDaJ7HUmswCa3f8IV7VD0bPhrf-2BGcgYNQQ-3D-3D\">anseo<\/a>)<\/p>\n<hr \/>\n<p>Fear amh\u00e1in a bhfuil suim faoi leith aige sa chluiche \u00e1irithe sin n\u00e1 <strong>Colm \u2018Gooch\u2019 Cooper<\/strong>, at\u00e1 faoi chaibidil in eagr\u00e1n L\u00e1 \u2018le P\u00e1draig de <a href=\"http:\/\/mhq70911clink.tg4.ie\/wf\/click?upn=5sszgHI9SyT0iDE9djdwTrD1SXhLaO-2FWnq9-2F4NLT-2BsoNRkq0Yiv7KjemXzprZh4-2FnoPB2KC9qaiC56J34a-2FKEA-3D-3D_yUrNv0m9Bc6zuTNIEQaYQyGAZ1vuPSi-2Fwm5UhxvlykZyvj6yJsif52hA5L5sD75hSGL3UAHSoYLSL9Q-2Ff74aMY1uip7dJsutL8oUO-2FmtS0wR-2FiKWVFrCPQ7-2BXa-2Ffn5yGIWwPjksVXTgMEo9U1Yc9FoOn3mww-2Fw9WRbOdpMlZU61gAC42INvtHwS-2FmkZ1-2BY5AQjCI4eu8H6afQ2DUga0VSHHXjyHSrakV03B0oIeTFQhgu2357SxW4xHGLpgX1Cv8f-2B0VXnM9b5K8zUGoARvPsg-3D-3D\"><strong>\u2018Laochra Gael\u2019<\/strong><\/a>, a chraolfar an o\u00edche c\u00e9anna ar <strong>TG4<\/strong>. An br\u00fa, an briseadh cro\u00ed agus an l\u00fach\u00e1ir &#8211; an sc\u00e9al at\u00e1 leis na boinn. Fear \u00e9 Colm Cooper a raibh bua ar leith aige ar ph\u00e1irc na himeartha agus a l\u00e9irigh nach hiad na fir mh\u00f3ra a bhaineann an f\u00f3mhar ar fad. Tabharfar l\u00e9argas san eagr\u00e1n seo ar an imreoir eisceacht\u00fail seo a t\u00f3gadh ar ghn\u00e1th east\u00e1t tith\u00edochta i gCill Airne agus ar an sc\u00e9al a bhaineann leis an 5 bhonn Uile \u00c9ireann agus 8 nGradam All Star at\u00e1 buaite aige. D\u00e9anfar cur s\u00edos freisin ar an mbriseadh cro\u00ed a bhain le\u00a0 b\u00e1s a athar. (@5.40pm)<\/p>\n<p>N\u00edos moille tr\u00e1thn\u00f3na, craolfar eagr\u00e1n speisialta, n\u00edos faide, de <strong>Nuacht TG4<\/strong> a thabharfaidh l\u00e9argas ar phar\u00e1id\u00ed &amp; \u00f3c\u00e1id\u00ed speisialta eile an lae, \u00f3 cheann, ceann na t\u00edre. (@ 7pm)<\/p>\n<hr \/>\n<p>Laoch beo, br\u00edomhar \u00c9ireannach de chine\u00e1l eile a chuirfidh <a href=\"http:\/\/mhq70911clink.tg4.ie\/wf\/click?upn=5sszgHI9SyT0iDE9djdwTrD1SXhLaO-2FWnq9-2F4NLT-2BspoXDNHP-2BoSA5bofRomaWRxuvgo16SVhcEYvprxBGQ4Vg-3D-3D_yUrNv0m9Bc6zuTNIEQaYQyGAZ1vuPSi-2Fwm5UhxvlykZyvj6yJsif52hA5L5sD75hSGL3UAHSoYLSL9Q-2Ff74aMY1uip7dJsutL8oUO-2FmtS0wR-2FiKWVFrCPQ7-2BXa-2Ffn5yGv-2BWje6CzR1F44NBOOXeh6bsMBz-2FWD7sIN4VddJ4jKkIR7z6HxJTj6i-2FKOkPNf0sB3WjeZcKcTzSX-2BtB2op3MAHIjjcsCSV-2FwZfRLKO5dNIRLdC-2BNu5eny-2BZAgEeuAI2qRfVTOlovzrKGVkzzq5MN3Q-3D-3D\"><strong>\u2018Ceili\u00faradh na F\u00e9ile P\u00e1draig\u2019<\/strong><\/a> in\u00e1r l\u00e1thair. Cl\u00e1r speisialta ag ceili\u00faradh na F\u00e9ile P\u00e1draig i dteannta <strong>Daniel O&#8217;Donnell<\/strong> in Amharclann an Market Place in <strong>Ard Mhacha<\/strong>. T\u00e1 ceangal m\u00f3r ag Ard Mhacha le Naomh P\u00e1draig agus mar sin n\u00edl \u00e1it is fearr chun an ceili\u00faradh bliant\u00fail seo a chom\u00f3radh. I measc na n-oirfideach beidh <strong>Celticanto<\/strong>, <strong>Lemoncello<\/strong>, <strong>Rioghnach Connolly<\/strong>, <strong>Se\u00e1n Keane<\/strong>, <strong>Colin Foley<\/strong> agus <strong>Clancy\/Holden\/Dunphy<\/strong>, IT Dh\u00fan Dealgan agus damhs\u00f3ir\u00ed <strong>&#8216;Jig Jazz&#8217;<\/strong> agus <strong>Dylan Millar<\/strong> chomh maith le ceolt\u00f3ir\u00ed <strong>Extreme Rhythm<\/strong>, <strong>Fusion Trio<\/strong> agus <strong>Armagh Pipers Club<\/strong> agus neart eile. (9.30pm)<\/p>\n<hr \/>\n<p>Cuimhneoimid freisin ar an l\u00e1 ar chuid de na laochra at\u00e1 imithe uainn, faraor. Is \u00e9 an t-eala\u00edont\u00f3ir, ceolt\u00f3ir agus fear tionlacain <strong>Alec Finn<\/strong>, a bh\u00e1saigh n\u00edos luaithe i mbliana, a bheidh faoi chaibidil ar an gcl\u00e1r <a href=\"http:\/\/mhq70911clink.tg4.ie\/wf\/click?upn=5sszgHI9SyT0iDE9djdwTrD1SXhLaO-2FWnq9-2F4NLT-2BsoK3wPp9ocnnAbGv8XhCBjC_yUrNv0m9Bc6zuTNIEQaYQyGAZ1vuPSi-2Fwm5UhxvlykZyvj6yJsif52hA5L5sD75hSGL3UAHSoYLSL9Q-2Ff74aMY1uip7dJsutL8oUO-2FmtS0wR-2FiKWVFrCPQ7-2BXa-2Ffn5yGZk6v0i6nDUo992HW82rU4YpZ6VF6NcHRK2CMOpgLne6uQ6VRKfmcSIPBq-2FhB1hZt8NbVB8PjQ2pUbD-2FBYEvMs9VpHnbDEzZ9eNkvFqstKXs6qGo3gbW6xbI9EH0SugXiJgrVjI4vlFpCKPcZ5ggg3w-3D-3D\"><strong>\u2018S\u00e9 Mo Laoch\u2019<\/strong><\/a>. Eala\u00edont\u00f3ir c\u00e1ilithe \u00e9 Alec Finn a bh\u00ed ar dhuine de bhunaitheoir\u00ed an bhanna <strong>De Dannan<\/strong>. Is de bhun\u00fa Yorkshire Shasana \u00e9 ach th\u00e1inig s\u00e9 go h\u00c9irinn sna 60aid\u00ed. Tr\u00edna chruthaitheacht agus a dhl\u00faththuiscint, mh\u00fanlaigh s\u00e9 \u00e1it d\u00f3 f\u00e9in i saol an cheoil thraidisi\u00fanta in \u00c9irinn \u00e1it ar cheap s\u00e9 st\u00edl tionlacain agus rithim\u00ed n\u00e1r chuala aon duine cheana roimhe ach a bhfuil an traidisi\u00fan n\u00edos saibhre anois d\u00e1 bharr. (8.30pm)<\/p>\n<hr \/>\n<p>Tallann eisceacht\u00fail eile ab ea <strong>Rory Gallagher<\/strong>, a bheidh le feice\u00e1il sa chl\u00e1r faisn\u00e9ise faoin ngiot\u00e1ra\u00ed m\u00f3r le r\u00e1 a, a chaith a shaol ag taisteal agus ag ceol. Fear umhal n\u00e1r stop ag obair riamh agus a choinnigh an slua leis i gc\u00f3na\u00ed. Aimsir na dTriobl\u00f3id\u00ed, nuair nach raibh lucht ceoil eile s\u00e1sta drannadh leis an t\u00edr, thug Gallagher camchuairt ar \u00c9irinn agus a bh\u00ed a shliocht air &#8211; thuill sin lucht lean\u00fana d\u00edlis d\u00f3 go deo. Ba eiseaml\u00e1ir \u00e9 ag ceolt\u00f3ir\u00ed \u00f3ga na linne &#8211; U2 agus a leith\u00e9id. (11.10pm)<\/p>\n<p>T\u00e9ann muid ag tochailt go domhan sa chartlann chomh maith chun cl\u00e1r faoi leith a chur i l\u00e1thair an phobail in athuair, as sraith a taispe\u00e1nadh ar RT\u00c9 in 1975. Th\u00e1inig <strong>Barney McKenna<\/strong>, nach maireann, \u00f3n mbanna <strong>The Dubliners<\/strong> agus an boscad\u00f3ir <strong>Tony McMahon<\/strong> le ch\u00e9ile in \u00e9ineacht leis an bhfear ceamara <strong>Seamus Deasy<\/strong> chun an tsraith s\u00e9 chl\u00e1r, a ndearnadh athch\u00f3iri\u00fa uirthi, a sheoladh. (@10.40pm)<\/p>\n<hr \/>\n<p>Agus mar sm\u00e9ar mhullaigh an chnuasaigh, beidh dr\u00e1ma\u00edocht den scoth againn freisin, in ollchl\u00e1r <a href=\"http:\/\/mhq70911clink.tg4.ie\/wf\/click?upn=5sszgHI9SyT0iDE9djdwTrD1SXhLaO-2FWnq9-2F4NLT-2Bso4rrKuLz97eWzlqPo3mWNh_yUrNv0m9Bc6zuTNIEQaYQyGAZ1vuPSi-2Fwm5UhxvlykZyvj6yJsif52hA5L5sD75hSGL3UAHSoYLSL9Q-2Ff74aMY1uip7dJsutL8oUO-2FmtS0wR-2FiKWVFrCPQ7-2BXa-2Ffn5yGazFmnvu5UIcT-2FLDD0P80sTD5Fck7X6AnUhYsQgi4MNf5Sg64LKLncbO4WJS9aTcJnGh7Slh8eDRgxS4N7Wc5jSBss1-2BiJa15rclbuH1ngJTr3dDHONpTS2c6tEQdq4-2FGZ4a8NUWubmc-2ByIg0ef1xuA-3D-3D\"><strong>\u2018Ros na R\u00fan\u2019<\/strong><\/a>. T\u00e1 C\u00f3il\u00ed Jackie cinnte gurb \u00e9 David a d&#8217;\u00edoc beatha na mbeith\u00edoch agus b\u00edonn s\u00e9 s\u00e1sta an su\u00edomh a dh\u00edol le David agus Gr\u00e1inne d\u00e1 bharr. N\u00edl Bobbi Lee r\u00f3-sh\u00e1sta faoi na socruithe codlata at\u00e1 sa mB&amp;B ach t\u00e1 a fhios aici nach bhfuil an dara rogha aici agus go gcaithfidh s\u00ed a b\u00e9al a choinne\u00e1il d\u00fanta. T\u00e1 Berni s\u00e1sta nach bhfuil a m\u00e1thair gortaithe r\u00f3-dhona agus b\u00edonn s\u00ed ar b\u00eds \u00ed a thabhairt abhaile n\u00f3 go dtugann an docht\u00fair drochsc\u00e9ala di.\u00a0 T\u00e1 Tadhg ag iarraidh c\u00fapla l\u00edne fil\u00edochta a chur ar leac uaighe Maggie, ar chothrom an lae ar bh\u00e1saigh s\u00ed. (@7.30pm)<\/p>\n<p>Mar sin, n\u00edl \u00e1it n\u00edos fearr go bhf\u00e9adf\u00e1 a bheith <strong>L\u00e1 \u2018le P\u00e1draig<\/strong> beag seo chun f\u00e9asta iontach de mhiotas agus laochra Gaelacha den scoth a bhlaiseadh, ach linne ar <strong>TG4<\/strong>.<\/p>\n","protected":false},"excerpt":{"rendered":"<p>D\u00e9anfar com\u00f3radh agus ceili\u00faradh ar \u2018Laochra\u2019 de chine\u00e1lacha \u00e9ags\u00fala, ar TG4\u00a0do\u00a0L\u00e1 &#8216;le P\u00e1draig, i mbliana. (f\u00e9ach blais\u00edn anseo) D\u00e9anfar c\u00fairt\u00e9is agus brisfear cro\u00edthe ar an bp\u00e1irc agus i measc an tslua i bP\u00e1irc an Chr\u00f3caigh, le linn an chraolta bheo, eisiach, saor go haer, ar Chluiche Ceannais Iom\u00e1na AIB na gClubanna idir Naomh Tom\u00e1s (Gaillimh) [&hellip;]<\/p>\n","protected":false},"author":876,"featured_media":101714,"parent":98830,"menu_order":10,"comment_status":"closed","ping_status":"closed","template":"page-templates\/template-pr.php","meta":{"_acf_changed":false,"footnotes":""},"acf":[],"yoast_head":"<!-- This site is optimized with the Yoast SEO plugin v22.6 - https:\/\/yoast.com\/wordpress\/plugins\/seo\/ -->\n<title>L\u00e1 le P\u00e1draig l\u00e1n de \u2018Laochra\u2019 ar TG4 | TG4<\/title>\n<meta name=\"robots\" content=\"index, follow, max-snippet:-1, max-image-preview:large, max-video-preview:-1\" \/>\n<meta property=\"og:locale\" content=\"en_US\" \/>\n<meta property=\"og:type\" content=\"article\" \/>\n<meta property=\"og:title\" content=\"L\u00e1 le P\u00e1draig l\u00e1n de \u2018Laochra\u2019 ar TG4 | TG4\" \/>\n<meta property=\"og:description\" content=\"D\u00e9anfar com\u00f3radh agus ceili\u00faradh ar \u2018Laochra\u2019 de chine\u00e1lacha \u00e9ags\u00fala, ar TG4\u00a0do\u00a0L\u00e1 &#8216;le P\u00e1draig, i mbliana. (f\u00e9ach blais\u00edn anseo) D\u00e9anfar c\u00fairt\u00e9is agus brisfear cro\u00edthe ar an bp\u00e1irc agus i measc an tslua i bP\u00e1irc an Chr\u00f3caigh, le linn an chraolta bheo, eisiach, saor go haer, ar Chluiche Ceannais Iom\u00e1na AIB na gClubanna idir Naomh Tom\u00e1s (Gaillimh) [&hellip;]\" \/>\n<meta property=\"og:url\" content=\"https:\/\/dev.tg4.ie\/ga\/eolas\/preas\/nuacht-raitis\/2019-2\/la-le-padraig-lan-de-laochra-ar-tg4\/\" \/>\n<meta property=\"og:site_name\" content=\"TG4\" \/>\n<meta property=\"article:publisher\" content=\"https:\/\/www.facebook.com\/TG4TV\" \/>\n<meta property=\"article:modified_time\" content=\"2019-11-12T10:58:06+00:00\" \/>\n<meta property=\"og:image\" content=\"https:\/\/tg4-docs.s3.amazonaws.com\/wp-content\/uploads\/2024\/11\/18151812\/TG4_2024_corcra_teal_1-1920x1080-1.jpg\" \/>\n\t<meta property=\"og:image:width\" content=\"1920\" \/>\n\t<meta property=\"og:image:height\" content=\"1080\" \/>\n\t<meta property=\"og:image:type\" content=\"image\/jpeg\" \/>\n<meta name=\"twitter:card\" content=\"summary_large_image\" \/>\n<meta name=\"twitter:site\" content=\"@TG4TV\" \/>\n<meta name=\"twitter:label1\" content=\"Est. reading time\" \/>\n\t<meta name=\"twitter:data1\" content=\"5 minutes\" \/>\n<script type=\"application\/ld+json\" class=\"yoast-schema-graph\">{\"@context\":\"https:\/\/schema.org\",\"@graph\":[{\"@type\":\"WebPage\",\"@id\":\"https:\/\/dev.tg4.ie\/ga\/eolas\/preas\/nuacht-raitis\/2019-2\/la-le-padraig-lan-de-laochra-ar-tg4\/\",\"url\":\"https:\/\/dev.tg4.ie\/ga\/eolas\/preas\/nuacht-raitis\/2019-2\/la-le-padraig-lan-de-laochra-ar-tg4\/\",\"name\":\"L\u00e1 le P\u00e1draig l\u00e1n de \u2018Laochra\u2019 ar TG4 | TG4\",\"isPartOf\":{\"@id\":\"https:\/\/dev.tg4.ie\/en\/#website\"},\"primaryImageOfPage\":{\"@id\":\"https:\/\/dev.tg4.ie\/ga\/eolas\/preas\/nuacht-raitis\/2019-2\/la-le-padraig-lan-de-laochra-ar-tg4\/#primaryimage\"},\"image\":{\"@id\":\"https:\/\/dev.tg4.ie\/ga\/eolas\/preas\/nuacht-raitis\/2019-2\/la-le-padraig-lan-de-laochra-ar-tg4\/#primaryimage\"},\"thumbnailUrl\":\"\",\"datePublished\":\"2019-03-12T16:02:31+00:00\",\"dateModified\":\"2019-11-12T10:58:06+00:00\",\"breadcrumb\":{\"@id\":\"https:\/\/dev.tg4.ie\/ga\/eolas\/preas\/nuacht-raitis\/2019-2\/la-le-padraig-lan-de-laochra-ar-tg4\/#breadcrumb\"},\"inLanguage\":\"ga\",\"potentialAction\":[{\"@type\":\"ReadAction\",\"target\":[\"https:\/\/dev.tg4.ie\/ga\/eolas\/preas\/nuacht-raitis\/2019-2\/la-le-padraig-lan-de-laochra-ar-tg4\/\"]}]},{\"@type\":\"ImageObject\",\"inLanguage\":\"ga\",\"@id\":\"https:\/\/dev.tg4.ie\/ga\/eolas\/preas\/nuacht-raitis\/2019-2\/la-le-padraig-lan-de-laochra-ar-tg4\/#primaryimage\",\"url\":\"\",\"contentUrl\":\"\"},{\"@type\":\"BreadcrumbList\",\"@id\":\"https:\/\/dev.tg4.ie\/ga\/eolas\/preas\/nuacht-raitis\/2019-2\/la-le-padraig-lan-de-laochra-ar-tg4\/#breadcrumb\",\"itemListElement\":[{\"@type\":\"ListItem\",\"position\":1,\"name\":\"Home\",\"item\":\"https:\/\/dev.tg4.ie\/ga\/\"},{\"@type\":\"ListItem\",\"position\":2,\"name\":\"Eolas\",\"item\":\"https:\/\/dev.tg4.ie\/ga\/eolas\/\"},{\"@type\":\"ListItem\",\"position\":3,\"name\":\"Preas\",\"item\":\"https:\/\/dev.tg4.ie\/ga\/eolas\/preas\/\"},{\"@type\":\"ListItem\",\"position\":4,\"name\":\"Nuacht R\u00e1itis\",\"item\":\"https:\/\/dev.tg4.ie\/ga\/eolas\/preas\/nuacht-raitis\/\"},{\"@type\":\"ListItem\",\"position\":5,\"name\":\"2019\",\"item\":\"https:\/\/dev.tg4.ie\/ga\/eolas\/preas\/nuacht-raitis\/2019-2\/\"},{\"@type\":\"ListItem\",\"position\":6,\"name\":\"L\u00e1 le P\u00e1draig l\u00e1n de \u2018Laochra\u2019 ar TG4\"}]},{\"@type\":\"WebSite\",\"@id\":\"https:\/\/dev.tg4.ie\/en\/#website\",\"url\":\"https:\/\/dev.tg4.ie\/en\/\",\"name\":\"TG4\",\"description\":\"S\u00fail Eile\",\"potentialAction\":[{\"@type\":\"SearchAction\",\"target\":{\"@type\":\"EntryPoint\",\"urlTemplate\":\"https:\/\/dev.tg4.ie\/en\/?s={search_term_string}\"},\"query-input\":\"required name=search_term_string\"}],\"inLanguage\":\"ga\"}]}<\/script>\n<!-- \/ Yoast SEO plugin. -->","yoast_head_json":{"title":"L\u00e1 le P\u00e1draig l\u00e1n de \u2018Laochra\u2019 ar TG4 | TG4","robots":{"index":"index","follow":"follow","max-snippet":"max-snippet:-1","max-image-preview":"max-image-preview:large","max-video-preview":"max-video-preview:-1"},"og_locale":"en_US","og_type":"article","og_title":"L\u00e1 le P\u00e1draig l\u00e1n de \u2018Laochra\u2019 ar TG4 | TG4","og_description":"D\u00e9anfar com\u00f3radh agus ceili\u00faradh ar \u2018Laochra\u2019 de chine\u00e1lacha \u00e9ags\u00fala, ar TG4\u00a0do\u00a0L\u00e1 &#8216;le P\u00e1draig, i mbliana. (f\u00e9ach blais\u00edn anseo) D\u00e9anfar c\u00fairt\u00e9is agus brisfear cro\u00edthe ar an bp\u00e1irc agus i measc an tslua i bP\u00e1irc an Chr\u00f3caigh, le linn an chraolta bheo, eisiach, saor go haer, ar Chluiche Ceannais Iom\u00e1na AIB na gClubanna idir Naomh Tom\u00e1s (Gaillimh) [&hellip;]","og_url":"https:\/\/dev.tg4.ie\/ga\/eolas\/preas\/nuacht-raitis\/2019-2\/la-le-padraig-lan-de-laochra-ar-tg4\/","og_site_name":"TG4","article_publisher":"https:\/\/www.facebook.com\/TG4TV","article_modified_time":"2019-11-12T10:58:06+00:00","og_image":[{"width":1920,"height":1080,"url":"https:\/\/tg4-docs.s3.amazonaws.com\/wp-content\/uploads\/2024\/11\/18151812\/TG4_2024_corcra_teal_1-1920x1080-1.jpg","type":"image\/jpeg"}],"twitter_card":"summary_large_image","twitter_site":"@TG4TV","twitter_misc":{"Est. reading time":"5 minutes"},"schema":{"@context":"https:\/\/schema.org","@graph":[{"@type":"WebPage","@id":"https:\/\/dev.tg4.ie\/ga\/eolas\/preas\/nuacht-raitis\/2019-2\/la-le-padraig-lan-de-laochra-ar-tg4\/","url":"https:\/\/dev.tg4.ie\/ga\/eolas\/preas\/nuacht-raitis\/2019-2\/la-le-padraig-lan-de-laochra-ar-tg4\/","name":"L\u00e1 le P\u00e1draig l\u00e1n de \u2018Laochra\u2019 ar TG4 | TG4","isPartOf":{"@id":"https:\/\/dev.tg4.ie\/en\/#website"},"primaryImageOfPage":{"@id":"https:\/\/dev.tg4.ie\/ga\/eolas\/preas\/nuacht-raitis\/2019-2\/la-le-padraig-lan-de-laochra-ar-tg4\/#primaryimage"},"image":{"@id":"https:\/\/dev.tg4.ie\/ga\/eolas\/preas\/nuacht-raitis\/2019-2\/la-le-padraig-lan-de-laochra-ar-tg4\/#primaryimage"},"thumbnailUrl":"","datePublished":"2019-03-12T16:02:31+00:00","dateModified":"2019-11-12T10:58:06+00:00","breadcrumb":{"@id":"https:\/\/dev.tg4.ie\/ga\/eolas\/preas\/nuacht-raitis\/2019-2\/la-le-padraig-lan-de-laochra-ar-tg4\/#breadcrumb"},"inLanguage":"ga","potentialAction":[{"@type":"ReadAction","target":["https:\/\/dev.tg4.ie\/ga\/eolas\/preas\/nuacht-raitis\/2019-2\/la-le-padraig-lan-de-laochra-ar-tg4\/"]}]},{"@type":"ImageObject","inLanguage":"ga","@id":"https:\/\/dev.tg4.ie\/ga\/eolas\/preas\/nuacht-raitis\/2019-2\/la-le-padraig-lan-de-laochra-ar-tg4\/#primaryimage","url":"","contentUrl":""},{"@type":"BreadcrumbList","@id":"https:\/\/dev.tg4.ie\/ga\/eolas\/preas\/nuacht-raitis\/2019-2\/la-le-padraig-lan-de-laochra-ar-tg4\/#breadcrumb","itemListElement":[{"@type":"ListItem","position":1,"name":"Home","item":"https:\/\/dev.tg4.ie\/ga\/"},{"@type":"ListItem","position":2,"name":"Eolas","item":"https:\/\/dev.tg4.ie\/ga\/eolas\/"},{"@type":"ListItem","position":3,"name":"Preas","item":"https:\/\/dev.tg4.ie\/ga\/eolas\/preas\/"},{"@type":"ListItem","position":4,"name":"Nuacht R\u00e1itis","item":"https:\/\/dev.tg4.ie\/ga\/eolas\/preas\/nuacht-raitis\/"},{"@type":"ListItem","position":5,"name":"2019","item":"https:\/\/dev.tg4.ie\/ga\/eolas\/preas\/nuacht-raitis\/2019-2\/"},{"@type":"ListItem","position":6,"name":"L\u00e1 le P\u00e1draig l\u00e1n de \u2018Laochra\u2019 ar TG4"}]},{"@type":"WebSite","@id":"https:\/\/dev.tg4.ie\/en\/#website","url":"https:\/\/dev.tg4.ie\/en\/","name":"TG4","description":"S\u00fail Eile","potentialAction":[{"@type":"SearchAction","target":{"@type":"EntryPoint","urlTemplate":"https:\/\/dev.tg4.ie\/en\/?s={search_term_string}"},"query-input":"required name=search_term_string"}],"inLanguage":"ga"}]}},"_links":{"self":[{"href":"https:\/\/dev.tg4.ie\/ga\/wp-json\/wp\/v2\/pages\/101885"}],"collection":[{"href":"https:\/\/dev.tg4.ie\/ga\/wp-json\/wp\/v2\/pages"}],"about":[{"href":"https:\/\/dev.tg4.ie\/ga\/wp-json\/wp\/v2\/types\/page"}],"author":[{"embeddable":true,"href":"https:\/\/dev.tg4.ie\/ga\/wp-json\/wp\/v2\/users\/876"}],"replies":[{"embeddable":true,"href":"https:\/\/dev.tg4.ie\/ga\/wp-json\/wp\/v2\/comments?post=101885"}],"version-history":[{"count":0,"href":"https:\/\/dev.tg4.ie\/ga\/wp-json\/wp\/v2\/pages\/101885\/revisions"}],"up":[{"embeddable":true,"href":"https:\/\/dev.tg4.ie\/ga\/wp-json\/wp\/v2\/pages\/98830"}],"wp:featuredmedia":[{"embeddable":true,"href":"https:\/\/dev.tg4.ie\/ga\/wp-json\/"}],"wp:attachment":[{"href":"https:\/\/dev.tg4.ie\/ga\/wp-json\/wp\/v2\/media?parent=101885"}],"curies":[{"name":"wp","href":"https:\/\/api.w.org\/{rel}","templated":true}]}}