{"id":102220,"date":"2019-03-22T14:44:28","date_gmt":"2019-03-22T14:44:28","guid":{"rendered":"https:\/\/dev.tg4.ie\/?page_id=102220"},"modified":"2019-11-12T10:59:13","modified_gmt":"2019-11-12T10:59:13","slug":"dornalaiocht-ghairmiuil-on-staid-naisiunta-i-mbaile-atha-cliath-le-craoladh-beo-ar-tg4-de-sathairn-an-30-marta","status":"publish","type":"page","link":"https:\/\/dev.tg4.ie\/ga\/eolas\/preas\/nuacht-raitis\/2019-2\/dornalaiocht-ghairmiuil-on-staid-naisiunta-i-mbaile-atha-cliath-le-craoladh-beo-ar-tg4-de-sathairn-an-30-marta\/","title":{"rendered":"Dorn\u00e1la\u00edocht Ghairmi\u00fail \u00f3n Staid N\u00e1isi\u00fanta i mBaile \u00c1tha Cliath le craoladh beo ar TG4 D\u00e9 Sathairn an 30 M\u00e1rta"},"content":{"rendered":"<p>T\u00e1 s\u00e9 deimhnithe ag <strong>TG4<\/strong> i gcomhar le <em><strong>Assassin Boxing<\/strong><\/em> agus <em><strong>Boxing Ireland Promotions<\/strong><\/em> go gcraolfar an deich dtroid a bheidh mar chuid den <em><strong>&#8216;Clash of the Titans&#8217;<\/strong><\/em> beo <strong>D\u00e9 Sathairn<\/strong> an <strong>30 M\u00e1rta<\/strong>. Beidh cl\u00fadach beo den dorn\u00e1la\u00edocht ar YouTube agus ar phr\u00edomhchain\u00e9al <strong>TG4<\/strong> \u00f3n <strong>8:30pm<\/strong> go dt\u00ed <strong>11:00pm<\/strong>.<\/p>\n<p>Cuirfidh <strong>TG4<\/strong> cl\u00fadach cuimsitheach den dorn\u00e1la\u00edocht ghairmi\u00fail \u00f3 <strong>&#8216;Clash of the Titans&#8217;<\/strong> sa Staid N\u00e1isi\u00fanta i mBaile \u00c1tha Cliath ar f\u00e1il le linn na ho\u00edche. Craolfar gach ceann den deich dtroid ar chain\u00e9al <strong>YouTube TG4<\/strong> do lucht f\u00e9achana na h\u00c9ireann. Craolfar na troideanna a bheidh ar si\u00fal n\u00edos d\u00e9ana\u00ed an o\u00edche sin ar phr\u00edomhchain\u00e9al l\u00edneach <strong>TG4<\/strong> \u00f3n <strong>8:30pm<\/strong> ar aghaidh.<\/p>\n<p>Beidh an troid idir <strong>Eric Donovan<\/strong> agus <strong>Stephen McAfee<\/strong> chun craobhchom\u00f3rtas cleitmhe\u00e1chain na h\u00c9ireann a bhaint amach i measc na dtroideanna. N\u00edl an chraobh sin ag aon duine faoi l\u00e1thair. Tabharfaidh Donovan, arbh \u00e9 Curadh cleitmhe\u00e1chain BUI Celtic \u00e9 roimhe seo, aghaidh ar churadh reatha chleitmhe\u00e1chan trom Celtic chun craobh na h\u00c9ireann a bhaint amach. \u00c1ir\u00edtear i measc na dtroideanna eile a bheidh ar si\u00fal ar an o\u00edche &#8211; <strong>Katelyn Phelan<\/strong> v <strong>Monika Antonik<\/strong>, <strong>Victor Rabei<\/strong> v <strong>Jake Hanney<\/strong>, <strong>Dylan Moran<\/strong> v <strong>Gyrorgy Mizei<\/strong> agus <strong>Allan Phelan<\/strong> v <strong>Aiden Metcalfe<\/strong>.<\/p>\n<p>Tabharfaidh <strong>Katelynn Phelan<\/strong>, a bhain bonn cr\u00e9-umha amach i gCom\u00f3rtas Domhanda na n\u00d3g agus i gCom\u00f3rtas S\u00f3isear na hEorpa, aghaidh ar <strong>Monika Antonik<\/strong>. Is \u00ed Katelynn, at\u00e1 18 mbliana d&#8217;aois, deirfi\u00far \u00f3g an dorn\u00e1la\u00ed ghairmi\u00fail <strong>Allan Phelan<\/strong>. Tabharfaidh Allan aghaidh ar <strong>Aidan Metcalfe<\/strong> chun craobh cleitmhe\u00e1chain BUI Celtic a bhaint amach an 30 M\u00e1rta chomh maith. Throid <strong>Monika Antonick<\/strong>, ar as an bPolainn \u00ed, sna Cluich\u00ed Oilimpeacha roimhe seo agus is in aghaidh Monika a bh\u00ed Natasha Jonas nuair a throid s\u00ed a c\u00e9ad throid ghairmi\u00fail i L\u00fanasa 2017.<\/p>\n<p>Is \u00ed <strong>M\u00e1ire Treasa N\u00ed Cheallaigh<\/strong> a chuirfidh an cl\u00fadach beo de <em>&#8216;<\/em><strong><em>Clash of the Titans&#8217; <\/em><\/strong>i l\u00e1thair agus is iad <strong>Andy Lee<\/strong>, <strong>Kenneth Egan<\/strong>, <strong>Darren O\u2019Neill<\/strong>, <strong>Ryan Burnett<\/strong> agus <strong>Se\u00e1n B\u00e1n Breathnach<\/strong> a bheidh i mbun tr\u00e1chtaireachta agus anail\u00edse.\u00a0 Is \u00e9 <strong>C\u00e1rthach B\u00e1n Breathnach<\/strong> a bheidh i mbun tr\u00e1chtaireachta ar chain\u00e9al <strong>YouTube TG4<\/strong>. <strong>Vitel TV<\/strong> at\u00e1 lonnaithe i Luimneach a l\u00e9ireoidh an craoladh beo.<\/p>\n<p>D\u00fairt <strong>Ceannasa\u00ed Sp\u00f3irt TG4 R\u00f3n\u00e1n \u00d3 Coistealbha<\/strong>:\u00a0 \u201cT\u00e1 r\u00edm\u00e9ad ar <strong>TG4<\/strong> o\u00edche mh\u00f3r dorn\u00e1la\u00edochta eile a chraoladh as an Staid N\u00e1isi\u00fanta. Craoladh o\u00edche dorn\u00e1la\u00edochta den scoth as Caisle\u00e1n an Bharraigh m\u00ed na Nollag seo caite agus creidimid go bhfuil s\u00e9 t\u00e1bhachtach go mbeadh ard\u00e1n n\u00e1isi\u00fanta ann do lucht dorn\u00e1la\u00edochta chun a gcuid tallainne a chur os comhair an phobail. T\u00e1 an-\u00e1thas orainn go bhfuilimid \u00e1balta an com\u00f3rtas seo a chraoladh saor go haer don lucht f\u00e9achana n\u00e1isi\u00fanta.\u201d<\/p>\n<p>D\u00fairt <strong>Conor Slater<\/strong> \u00f3 <strong>Assassin Promotions<\/strong> &#8220;T\u00e1 s\u00e9 thar cionn an dorn\u00e1la\u00edocht ghairmi\u00fail a bheith ar ais ar sc\u00e1ile\u00e1in na h\u00c9ireann. Creidim go bhfuil t\u00f3ir ollmh\u00f3r ar an sp\u00f3rt seo in \u00c9irinn, agus is teistim\u00e9ireacht ar an obair at\u00e1 d\u00e9anta ag <strong>TG4<\/strong> an m\u00e9id poibl\u00edochta at\u00e1 faighte ag an dorn\u00e1la\u00edocht le bliain anuas. Air\u00edm go mbeidh t\u00f3ir mh\u00f3r ar chom\u00f3rtais dorn\u00e1la\u00edochta, agus is iontach an rud \u00e9 go bhfuil comhph\u00e1irt\u00ed l\u00edonra againn a chreideann i gc\u00farsa\u00ed sp\u00f3irt na h\u00c9ireann. Feicfidh muintir na h\u00c9ireann ar\u00eds an 30 M\u00e1rta chomh maith is at\u00e1 dorn\u00e1laithe gairmi\u00fala na h\u00c9ireann faoi l\u00e1thair.<\/p>\n<p><strong><u>Craoladh TG4 &#8211; D\u00e9 Sathairn an 30 M\u00e1rta<\/u><\/strong><\/p>\n<p>Beo ar <strong>YouTube<\/strong>\u00a0\u00f3n <strong>5:55pm<\/strong> &#8211;\u00a0 craolfar an 10 dtroid beo ar leathanach <strong>YouTube <em>Sp\u00f3rt TG4<\/em><\/strong><em>:<\/em>\u00a0\u00a0 <a href=\"http:\/\/www.youtube.com\/tg4\" target=\"_blank\" rel=\"noopener noreferrer\">www.youtube.com\/tg4<\/a><\/p>\n<p>Beidh craoladh beo ar an \u00f3c\u00e1id ar phr\u00edomhchain\u00e9al <strong>TG4<\/strong> \u00f3n <strong>8:30pm<\/strong> go dt\u00ed 11pm.<\/p>\n<p>6:00pm <strong>Keane McMahon<\/strong> v TBA\u00a0\u00a0\u00a0\u00a0 4 bhabhta x3 n\u00f3im\u00e9adYouTube<\/p>\n<p>6:20pm <strong>Graham McCormack<\/strong> v <strong>Jade Karam<\/strong> 6 bhabhta x3 n\u00f3im\u00e9ad YouTube<\/p>\n<p>6:40pm <strong>Cillian Reardon<\/strong> v <strong>Jordan Latimer<\/strong> 6 bhabhta x 3 n\u00f3im\u00e9ad YouTube<\/p>\n<p>7:00pm <strong>James Tennyson<\/strong> v <strong>Andreas Maier<\/strong> 6 bhabhta x 3 n\u00f3im\u00e9ad YouTube<\/p>\n<p>7:25pm <strong>Dylan Moran<\/strong> v <strong>Gyrorgy Mizei<\/strong> 8 mbabhta x 3 n\u00f3im\u00e9ad YouTube<\/p>\n<p>7:55pm <strong>Allan Phelan<\/strong> v <strong>Aiden Metcalfe<\/strong> 8 mbabhta x 3 n\u00f3im\u00e9ad YouTube<\/p>\n<p>8:35pm <strong>Martin Quinn<\/strong> v <strong>Francy Luzoho<\/strong> 6 bhabhta x 3 n\u00f3im\u00e9ad YouTube + TG4<\/p>\n<p>9:05pm\u00a0 <strong>Katelyn Phelan<\/strong> v <strong>Monika Antonik<\/strong> 4 bhabhta x 2 n\u00f3im\u00e9ad YouTube+ TG4<\/p>\n<p>9:20pm <strong>Victor Rabei<\/strong> v <strong>Jake Hanney<\/strong>\u00a0 8 mbabhta x 3 n\u00f3im\u00e9ad YouTube + TG4<\/p>\n<p>10:05pm <strong>Eric Donovan<\/strong> v <strong>Stephen McAfee<\/strong> 10 mbabhta x 3 n\u00f3im\u00e9ad YouTube + TG4<\/p>\n<p>&nbsp;<\/p>\n<p><strong>F\u00e9ach ar bhlais\u00edn<\/strong> <a href=\"http:\/\/mhq70911clink.tg4.ie\/wf\/click?upn=W5Rx-2FuuWIgIeTyBWLgBwTyp71a6GieO9tti8eHhWt-2BBCdDpuuRVSgzOZi5mfvx3X_yUrNv0m9Bc6zuTNIEQaYQyGAZ1vuPSi-2Fwm5UhxvlykZyvj6yJsif52hA5L5sD75hSGL3UAHSoYLSL9Q-2Ff74aMfTh3Em71MbS8dTNrV79pzvzD9f5uQ5rY71DYypNQWkRy2OYMn-2BWsXVSRUfZnfow4S8e9efctCRDkE3WmHaesLjQWGjntmCd7MgM071ehq6s5Uj1-2F02hH2SAusa1ICK4SyYoZh-2BV5-2FyO1PMEel38kUeR8w00xtWcVmjJMAkSGkxGNhbVygY61nf8yDJT92lKlg-3D-3D\">anseo<\/a><\/p>\n","protected":false},"excerpt":{"rendered":"<p>T\u00e1 s\u00e9 deimhnithe ag TG4 i gcomhar le Assassin Boxing agus Boxing Ireland Promotions go gcraolfar an deich dtroid a bheidh mar chuid den &#8216;Clash of the Titans&#8217; beo D\u00e9 Sathairn an 30 M\u00e1rta. Beidh cl\u00fadach beo den dorn\u00e1la\u00edocht ar YouTube agus ar phr\u00edomhchain\u00e9al TG4 \u00f3n 8:30pm go dt\u00ed 11:00pm. Cuirfidh TG4 cl\u00fadach cuimsitheach den [&hellip;]<\/p>\n","protected":false},"author":876,"featured_media":102221,"parent":98830,"menu_order":11,"comment_status":"closed","ping_status":"closed","template":"page-templates\/template-pr.php","meta":{"_acf_changed":false,"footnotes":""},"acf":[],"yoast_head":"<!-- This site is optimized with the Yoast SEO plugin v22.6 - https:\/\/yoast.com\/wordpress\/plugins\/seo\/ -->\n<title>An \u2018Clash of the Titans\u2019 le craoladh ar Theilif\u00eds Saor go hAer | TG4<\/title>\n<meta name=\"robots\" content=\"index, follow, max-snippet:-1, max-image-preview:large, max-video-preview:-1\" \/>\n<meta property=\"og:locale\" content=\"en_US\" \/>\n<meta property=\"og:type\" content=\"article\" \/>\n<meta property=\"og:title\" content=\"An \u2018Clash of the Titans\u2019 le craoladh ar Theilif\u00eds Saor go hAer | TG4\" \/>\n<meta property=\"og:description\" content=\"T\u00e1 s\u00e9 deimhnithe ag TG4 i gcomhar le Assassin Boxing agus Boxing Ireland Promotions go gcraolfar an deich dtroid a bheidh mar chuid den &#8216;Clash of the Titans&#8217; beo D\u00e9 Sathairn an 30 M\u00e1rta. Beidh cl\u00fadach beo den dorn\u00e1la\u00edocht ar YouTube agus ar phr\u00edomhchain\u00e9al TG4 \u00f3n 8:30pm go dt\u00ed 11:00pm. Cuirfidh TG4 cl\u00fadach cuimsitheach den [&hellip;]\" \/>\n<meta property=\"og:url\" content=\"https:\/\/dev.tg4.ie\/ga\/eolas\/preas\/nuacht-raitis\/2019-2\/dornalaiocht-ghairmiuil-on-staid-naisiunta-i-mbaile-atha-cliath-le-craoladh-beo-ar-tg4-de-sathairn-an-30-marta\/\" \/>\n<meta property=\"og:site_name\" content=\"TG4\" \/>\n<meta property=\"article:publisher\" content=\"https:\/\/www.facebook.com\/TG4TV\" \/>\n<meta property=\"article:modified_time\" content=\"2019-11-12T10:59:13+00:00\" \/>\n<meta property=\"og:image\" content=\"https:\/\/tg4-docs.s3.amazonaws.com\/wp-content\/uploads\/2024\/11\/18151812\/TG4_2024_corcra_teal_1-1920x1080-1.jpg\" \/>\n\t<meta property=\"og:image:width\" content=\"1920\" \/>\n\t<meta property=\"og:image:height\" content=\"1080\" \/>\n\t<meta property=\"og:image:type\" content=\"image\/jpeg\" \/>\n<meta name=\"twitter:card\" content=\"summary_large_image\" \/>\n<meta name=\"twitter:site\" content=\"@TG4TV\" \/>\n<meta name=\"twitter:label1\" content=\"Est. reading time\" \/>\n\t<meta name=\"twitter:data1\" content=\"4 minutes\" \/>\n<script type=\"application\/ld+json\" class=\"yoast-schema-graph\">{\"@context\":\"https:\/\/schema.org\",\"@graph\":[{\"@type\":\"WebPage\",\"@id\":\"https:\/\/dev.tg4.ie\/ga\/eolas\/preas\/nuacht-raitis\/2019-2\/dornalaiocht-ghairmiuil-on-staid-naisiunta-i-mbaile-atha-cliath-le-craoladh-beo-ar-tg4-de-sathairn-an-30-marta\/\",\"url\":\"https:\/\/dev.tg4.ie\/ga\/eolas\/preas\/nuacht-raitis\/2019-2\/dornalaiocht-ghairmiuil-on-staid-naisiunta-i-mbaile-atha-cliath-le-craoladh-beo-ar-tg4-de-sathairn-an-30-marta\/\",\"name\":\"An \u2018Clash of the Titans\u2019 le craoladh ar Theilif\u00eds Saor go hAer | TG4\",\"isPartOf\":{\"@id\":\"https:\/\/dev.tg4.ie\/en\/#website\"},\"primaryImageOfPage\":{\"@id\":\"https:\/\/dev.tg4.ie\/ga\/eolas\/preas\/nuacht-raitis\/2019-2\/dornalaiocht-ghairmiuil-on-staid-naisiunta-i-mbaile-atha-cliath-le-craoladh-beo-ar-tg4-de-sathairn-an-30-marta\/#primaryimage\"},\"image\":{\"@id\":\"https:\/\/dev.tg4.ie\/ga\/eolas\/preas\/nuacht-raitis\/2019-2\/dornalaiocht-ghairmiuil-on-staid-naisiunta-i-mbaile-atha-cliath-le-craoladh-beo-ar-tg4-de-sathairn-an-30-marta\/#primaryimage\"},\"thumbnailUrl\":\"\",\"datePublished\":\"2019-03-22T14:44:28+00:00\",\"dateModified\":\"2019-11-12T10:59:13+00:00\",\"breadcrumb\":{\"@id\":\"https:\/\/dev.tg4.ie\/ga\/eolas\/preas\/nuacht-raitis\/2019-2\/dornalaiocht-ghairmiuil-on-staid-naisiunta-i-mbaile-atha-cliath-le-craoladh-beo-ar-tg4-de-sathairn-an-30-marta\/#breadcrumb\"},\"inLanguage\":\"ga\",\"potentialAction\":[{\"@type\":\"ReadAction\",\"target\":[\"https:\/\/dev.tg4.ie\/ga\/eolas\/preas\/nuacht-raitis\/2019-2\/dornalaiocht-ghairmiuil-on-staid-naisiunta-i-mbaile-atha-cliath-le-craoladh-beo-ar-tg4-de-sathairn-an-30-marta\/\"]}]},{\"@type\":\"ImageObject\",\"inLanguage\":\"ga\",\"@id\":\"https:\/\/dev.tg4.ie\/ga\/eolas\/preas\/nuacht-raitis\/2019-2\/dornalaiocht-ghairmiuil-on-staid-naisiunta-i-mbaile-atha-cliath-le-craoladh-beo-ar-tg4-de-sathairn-an-30-marta\/#primaryimage\",\"url\":\"\",\"contentUrl\":\"\"},{\"@type\":\"BreadcrumbList\",\"@id\":\"https:\/\/dev.tg4.ie\/ga\/eolas\/preas\/nuacht-raitis\/2019-2\/dornalaiocht-ghairmiuil-on-staid-naisiunta-i-mbaile-atha-cliath-le-craoladh-beo-ar-tg4-de-sathairn-an-30-marta\/#breadcrumb\",\"itemListElement\":[{\"@type\":\"ListItem\",\"position\":1,\"name\":\"Home\",\"item\":\"https:\/\/dev.tg4.ie\/ga\/\"},{\"@type\":\"ListItem\",\"position\":2,\"name\":\"Eolas\",\"item\":\"https:\/\/dev.tg4.ie\/ga\/eolas\/\"},{\"@type\":\"ListItem\",\"position\":3,\"name\":\"Preas\",\"item\":\"https:\/\/dev.tg4.ie\/ga\/eolas\/preas\/\"},{\"@type\":\"ListItem\",\"position\":4,\"name\":\"Nuacht R\u00e1itis\",\"item\":\"https:\/\/dev.tg4.ie\/ga\/eolas\/preas\/nuacht-raitis\/\"},{\"@type\":\"ListItem\",\"position\":5,\"name\":\"2019\",\"item\":\"https:\/\/dev.tg4.ie\/ga\/eolas\/preas\/nuacht-raitis\/2019-2\/\"},{\"@type\":\"ListItem\",\"position\":6,\"name\":\"Dorn\u00e1la\u00edocht Ghairmi\u00fail \u00f3n Staid N\u00e1isi\u00fanta i mBaile \u00c1tha Cliath le craoladh beo ar TG4 D\u00e9 Sathairn an 30 M\u00e1rta\"}]},{\"@type\":\"WebSite\",\"@id\":\"https:\/\/dev.tg4.ie\/en\/#website\",\"url\":\"https:\/\/dev.tg4.ie\/en\/\",\"name\":\"TG4\",\"description\":\"S\u00fail Eile\",\"potentialAction\":[{\"@type\":\"SearchAction\",\"target\":{\"@type\":\"EntryPoint\",\"urlTemplate\":\"https:\/\/dev.tg4.ie\/en\/?s={search_term_string}\"},\"query-input\":\"required name=search_term_string\"}],\"inLanguage\":\"ga\"}]}<\/script>\n<!-- \/ Yoast SEO plugin. -->","yoast_head_json":{"title":"An \u2018Clash of the Titans\u2019 le craoladh ar Theilif\u00eds Saor go hAer | TG4","robots":{"index":"index","follow":"follow","max-snippet":"max-snippet:-1","max-image-preview":"max-image-preview:large","max-video-preview":"max-video-preview:-1"},"og_locale":"en_US","og_type":"article","og_title":"An \u2018Clash of the Titans\u2019 le craoladh ar Theilif\u00eds Saor go hAer | TG4","og_description":"T\u00e1 s\u00e9 deimhnithe ag TG4 i gcomhar le Assassin Boxing agus Boxing Ireland Promotions go gcraolfar an deich dtroid a bheidh mar chuid den &#8216;Clash of the Titans&#8217; beo D\u00e9 Sathairn an 30 M\u00e1rta. Beidh cl\u00fadach beo den dorn\u00e1la\u00edocht ar YouTube agus ar phr\u00edomhchain\u00e9al TG4 \u00f3n 8:30pm go dt\u00ed 11:00pm. Cuirfidh TG4 cl\u00fadach cuimsitheach den [&hellip;]","og_url":"https:\/\/dev.tg4.ie\/ga\/eolas\/preas\/nuacht-raitis\/2019-2\/dornalaiocht-ghairmiuil-on-staid-naisiunta-i-mbaile-atha-cliath-le-craoladh-beo-ar-tg4-de-sathairn-an-30-marta\/","og_site_name":"TG4","article_publisher":"https:\/\/www.facebook.com\/TG4TV","article_modified_time":"2019-11-12T10:59:13+00:00","og_image":[{"width":1920,"height":1080,"url":"https:\/\/tg4-docs.s3.amazonaws.com\/wp-content\/uploads\/2024\/11\/18151812\/TG4_2024_corcra_teal_1-1920x1080-1.jpg","type":"image\/jpeg"}],"twitter_card":"summary_large_image","twitter_site":"@TG4TV","twitter_misc":{"Est. reading time":"4 minutes"},"schema":{"@context":"https:\/\/schema.org","@graph":[{"@type":"WebPage","@id":"https:\/\/dev.tg4.ie\/ga\/eolas\/preas\/nuacht-raitis\/2019-2\/dornalaiocht-ghairmiuil-on-staid-naisiunta-i-mbaile-atha-cliath-le-craoladh-beo-ar-tg4-de-sathairn-an-30-marta\/","url":"https:\/\/dev.tg4.ie\/ga\/eolas\/preas\/nuacht-raitis\/2019-2\/dornalaiocht-ghairmiuil-on-staid-naisiunta-i-mbaile-atha-cliath-le-craoladh-beo-ar-tg4-de-sathairn-an-30-marta\/","name":"An \u2018Clash of the Titans\u2019 le craoladh ar Theilif\u00eds Saor go hAer | TG4","isPartOf":{"@id":"https:\/\/dev.tg4.ie\/en\/#website"},"primaryImageOfPage":{"@id":"https:\/\/dev.tg4.ie\/ga\/eolas\/preas\/nuacht-raitis\/2019-2\/dornalaiocht-ghairmiuil-on-staid-naisiunta-i-mbaile-atha-cliath-le-craoladh-beo-ar-tg4-de-sathairn-an-30-marta\/#primaryimage"},"image":{"@id":"https:\/\/dev.tg4.ie\/ga\/eolas\/preas\/nuacht-raitis\/2019-2\/dornalaiocht-ghairmiuil-on-staid-naisiunta-i-mbaile-atha-cliath-le-craoladh-beo-ar-tg4-de-sathairn-an-30-marta\/#primaryimage"},"thumbnailUrl":"","datePublished":"2019-03-22T14:44:28+00:00","dateModified":"2019-11-12T10:59:13+00:00","breadcrumb":{"@id":"https:\/\/dev.tg4.ie\/ga\/eolas\/preas\/nuacht-raitis\/2019-2\/dornalaiocht-ghairmiuil-on-staid-naisiunta-i-mbaile-atha-cliath-le-craoladh-beo-ar-tg4-de-sathairn-an-30-marta\/#breadcrumb"},"inLanguage":"ga","potentialAction":[{"@type":"ReadAction","target":["https:\/\/dev.tg4.ie\/ga\/eolas\/preas\/nuacht-raitis\/2019-2\/dornalaiocht-ghairmiuil-on-staid-naisiunta-i-mbaile-atha-cliath-le-craoladh-beo-ar-tg4-de-sathairn-an-30-marta\/"]}]},{"@type":"ImageObject","inLanguage":"ga","@id":"https:\/\/dev.tg4.ie\/ga\/eolas\/preas\/nuacht-raitis\/2019-2\/dornalaiocht-ghairmiuil-on-staid-naisiunta-i-mbaile-atha-cliath-le-craoladh-beo-ar-tg4-de-sathairn-an-30-marta\/#primaryimage","url":"","contentUrl":""},{"@type":"BreadcrumbList","@id":"https:\/\/dev.tg4.ie\/ga\/eolas\/preas\/nuacht-raitis\/2019-2\/dornalaiocht-ghairmiuil-on-staid-naisiunta-i-mbaile-atha-cliath-le-craoladh-beo-ar-tg4-de-sathairn-an-30-marta\/#breadcrumb","itemListElement":[{"@type":"ListItem","position":1,"name":"Home","item":"https:\/\/dev.tg4.ie\/ga\/"},{"@type":"ListItem","position":2,"name":"Eolas","item":"https:\/\/dev.tg4.ie\/ga\/eolas\/"},{"@type":"ListItem","position":3,"name":"Preas","item":"https:\/\/dev.tg4.ie\/ga\/eolas\/preas\/"},{"@type":"ListItem","position":4,"name":"Nuacht R\u00e1itis","item":"https:\/\/dev.tg4.ie\/ga\/eolas\/preas\/nuacht-raitis\/"},{"@type":"ListItem","position":5,"name":"2019","item":"https:\/\/dev.tg4.ie\/ga\/eolas\/preas\/nuacht-raitis\/2019-2\/"},{"@type":"ListItem","position":6,"name":"Dorn\u00e1la\u00edocht Ghairmi\u00fail \u00f3n Staid N\u00e1isi\u00fanta i mBaile \u00c1tha Cliath le craoladh beo ar TG4 D\u00e9 Sathairn an 30 M\u00e1rta"}]},{"@type":"WebSite","@id":"https:\/\/dev.tg4.ie\/en\/#website","url":"https:\/\/dev.tg4.ie\/en\/","name":"TG4","description":"S\u00fail Eile","potentialAction":[{"@type":"SearchAction","target":{"@type":"EntryPoint","urlTemplate":"https:\/\/dev.tg4.ie\/en\/?s={search_term_string}"},"query-input":"required name=search_term_string"}],"inLanguage":"ga"}]}},"_links":{"self":[{"href":"https:\/\/dev.tg4.ie\/ga\/wp-json\/wp\/v2\/pages\/102220"}],"collection":[{"href":"https:\/\/dev.tg4.ie\/ga\/wp-json\/wp\/v2\/pages"}],"about":[{"href":"https:\/\/dev.tg4.ie\/ga\/wp-json\/wp\/v2\/types\/page"}],"author":[{"embeddable":true,"href":"https:\/\/dev.tg4.ie\/ga\/wp-json\/wp\/v2\/users\/876"}],"replies":[{"embeddable":true,"href":"https:\/\/dev.tg4.ie\/ga\/wp-json\/wp\/v2\/comments?post=102220"}],"version-history":[{"count":0,"href":"https:\/\/dev.tg4.ie\/ga\/wp-json\/wp\/v2\/pages\/102220\/revisions"}],"up":[{"embeddable":true,"href":"https:\/\/dev.tg4.ie\/ga\/wp-json\/wp\/v2\/pages\/98830"}],"wp:featuredmedia":[{"embeddable":true,"href":"https:\/\/dev.tg4.ie\/ga\/wp-json\/"}],"wp:attachment":[{"href":"https:\/\/dev.tg4.ie\/ga\/wp-json\/wp\/v2\/media?parent=102220"}],"curies":[{"name":"wp","href":"https:\/\/api.w.org\/{rel}","templated":true}]}}