{"id":102500,"date":"2019-03-27T10:57:38","date_gmt":"2019-03-27T10:57:38","guid":{"rendered":"https:\/\/dev.tg4.ie\/?page_id=102500"},"modified":"2019-11-12T10:59:49","modified_gmt":"2019-11-12T10:59:49","slug":"john-rafferty-as-beal-feirste-a-chroch-craobh-glor-tire-2019-leis","status":"publish","type":"page","link":"https:\/\/dev.tg4.ie\/ga\/eolas\/preas\/nuacht-raitis\/2019-2\/john-rafferty-as-beal-feirste-a-chroch-craobh-glor-tire-2019-leis\/","title":{"rendered":"John Rafferty as B\u00e9al Feirste a chroch craobh &#8216;Gl\u00f3r T\u00edre&#8217; 2019 leis"},"content":{"rendered":"<p>Is \u00e9\u00a0<strong>John Rafferty<\/strong> as <strong>B\u00e9al Feirste<\/strong> a chroch craobh\u00a0<strong>TG4 &#8216;Gl\u00f3r T\u00edre&#8217;<\/strong>\u00a02019 leis ar\u00e9ir, beo \u00f3 Theach \u00d3sta na C\u00e9\u00edbhe i nGaillimh.<\/p>\n<p>I mbabhta ceannais a raibh dian-ioma\u00edocht i gceist ann, is \u00e9 <strong>John Rafferty<\/strong> a fuair tromlach na v\u00f3ta\u00ed \u00f3n bpobal chun an ceann is fearr a fh\u00e1\u00edl ar\u00a0<strong>Damien Davis<\/strong> as Muineach\u00e1n &amp;\u00a0<strong>Noreen Rabbette<\/strong> as U\u00edbh Fhail\u00ed,\u00a0chun an craobh a mb\u00edonn an-t\u00f3ir air, mar sheaimp\u00edn\u00a0<strong>&#8216;Gl\u00f3r T\u00edre&#8217;<\/strong>\u00a02019 agus duais airgid de \u20ac5000, a bhuachan.<\/p>\n<p>Is \u00e9 an r\u00e9alt ceol t\u00edre <strong>Johnny Brady<\/strong> a bh\u00ed mar mheant\u00f3ir ag <strong>John Rafferty<\/strong><\/p>\n<p>Ag labhairt d\u00f3 i ndiaidh an comortas a bhuachan, deir <strong>John Rafferty<\/strong>:<\/p>\n<p>&#8220;Is \u00e9 an rud is fearr ar domhan \u00e9. Ba mhaith liom m\u00edle bu\u00edochas a ghlacadh le <strong>TG4<\/strong> agus gach duine ar fhoireann &#8216;<strong>Gl\u00f3r T\u00edre<\/strong>&#8216;. Thug siad ar fad aire na huibhe d\u00fainn agus bh\u00ed gach rud d\u00edreach ceart. T\u00e1 cluais\u00edn\u00ed cro\u00ed orm faoi l\u00e1thair ach fiecifdh muid c\u00e9n fhad a mhaireann s\u00e9 sin. Ach, beidh an b\u00f3thar romham iontach, s\u00edlim. T\u00e1 s\u00fail agam!&#8221;<\/p>\n<p>L\u00e9irithe ag <strong>Gaelmedia<\/strong>, is iad<strong> Aoife N\u00ed Thuairisg<\/strong> agus <strong>S\u00e9amus \u00d3 Scanl\u00e1in<\/strong> a bh\u00ed mar l\u00e1ithreoir\u00ed <strong>&#8216;Gl\u00f3r T\u00edre&#8217;<\/strong> i mbliana. <strong>John Creedon<\/strong>, <strong>Caitr\u00edona N\u00ed Sh\u00failleabh\u00e1in<\/strong> agus <strong>Jo N\u00ed Ch\u00e9ide<\/strong> a bh\u00ed ag molt\u00f3ireacht. V\u00f3ta pobail a shocraigh an buaiteoir.<\/p>\n<p>Nuair a bh\u00ed an buaiteoir f\u00f3gartha, seo mar a labhair <strong>John Creedon<\/strong>:<\/p>\n<p>&#8220;M\u00e1 bh\u00ed bliain ar bith chun buachan, ba \u00ed seo an bliain chun buachan, mar bh\u00ed an caighde\u00e1n ag an leibh\u00e9al is airde riamh. Bh\u00ed com\u00f3rtas den ch\u00e9ad scoth againn. Ar fheabhas. Agus bh\u00ed an bheirt iomaitheoir eile ar fheabhas chomh maith.&#8221;<\/p>\n<p>Is f\u00e9\u00eddir leat f\u00e9achaint siar ar chl\u00e1ir uile <strong>&#8216;Gl\u00f3r T\u00edre&#8217;<\/strong> na bliana seo ar shu\u00edomh <strong>TG4<\/strong> <a href=\"http:\/\/mhq70911clink.tg4.ie\/wf\/click?upn=5sszgHI9SyT0iDE9djdwTrD1SXhLaO-2FWnq9-2F4NLT-2BsoFFfx2blOlbsZQQwyb2mo7bxABvR0uRdJP3fbjJNrMcw-3D-3D_yUrNv0m9Bc6zuTNIEQaYQyGAZ1vuPSi-2Fwm5UhxvlykZyvj6yJsif52hA5L5sD75hSGL3UAHSoYLSL9Q-2Ff74aMSwtXfWmH6Uoz7YDWi183XrK62bFQGGcgpkcFQSyJTHyncwc9r4HLOT2rKO62Z43bhUQp5hiCfZ-2FrX7MvhZK-2FYGyUljpITPsT2r02uB7JrHVUKba8FwQDL-2BqxdNGu5fKlbeSl6zmHE9LGo7Lb546D7UxGm8gS1N40I859YibVdbwU3uUZ6f71g91pmb7qIHE2Q-3D-3D\">anseo.<\/a><\/p>\n","protected":false},"excerpt":{"rendered":"<p>Is \u00e9\u00a0John Rafferty as B\u00e9al Feirste a chroch craobh\u00a0TG4 &#8216;Gl\u00f3r T\u00edre&#8217;\u00a02019 leis ar\u00e9ir, beo \u00f3 Theach \u00d3sta na C\u00e9\u00edbhe i nGaillimh. I mbabhta ceannais a raibh dian-ioma\u00edocht i gceist ann, is \u00e9 John Rafferty a fuair tromlach na v\u00f3ta\u00ed \u00f3n bpobal chun an ceann is fearr a fh\u00e1\u00edl ar\u00a0Damien Davis as Muineach\u00e1n &amp;\u00a0Noreen Rabbette as [&hellip;]<\/p>\n","protected":false},"author":876,"featured_media":102501,"parent":98830,"menu_order":12,"comment_status":"closed","ping_status":"closed","template":"page-templates\/template-pr.php","meta":{"_acf_changed":false,"footnotes":""},"acf":[],"yoast_head":"<!-- This site is optimized with the Yoast SEO plugin v22.6 - https:\/\/yoast.com\/wordpress\/plugins\/seo\/ -->\n<title>John Rafferty as B\u00e9al Feirste a chroch craobh &#039;Gl\u00f3r T\u00edre&#039; 2019 leis | TG4<\/title>\n<meta name=\"robots\" content=\"index, follow, max-snippet:-1, max-image-preview:large, max-video-preview:-1\" \/>\n<meta property=\"og:locale\" content=\"en_US\" \/>\n<meta property=\"og:type\" content=\"article\" \/>\n<meta property=\"og:title\" content=\"John Rafferty as B\u00e9al Feirste a chroch craobh &#039;Gl\u00f3r T\u00edre&#039; 2019 leis | TG4\" \/>\n<meta property=\"og:description\" content=\"Is \u00e9\u00a0John Rafferty as B\u00e9al Feirste a chroch craobh\u00a0TG4 &#8216;Gl\u00f3r T\u00edre&#8217;\u00a02019 leis ar\u00e9ir, beo \u00f3 Theach \u00d3sta na C\u00e9\u00edbhe i nGaillimh. I mbabhta ceannais a raibh dian-ioma\u00edocht i gceist ann, is \u00e9 John Rafferty a fuair tromlach na v\u00f3ta\u00ed \u00f3n bpobal chun an ceann is fearr a fh\u00e1\u00edl ar\u00a0Damien Davis as Muineach\u00e1n &amp;\u00a0Noreen Rabbette as [&hellip;]\" \/>\n<meta property=\"og:url\" content=\"https:\/\/dev.tg4.ie\/ga\/eolas\/preas\/nuacht-raitis\/2019-2\/john-rafferty-as-beal-feirste-a-chroch-craobh-glor-tire-2019-leis\/\" \/>\n<meta property=\"og:site_name\" content=\"TG4\" \/>\n<meta property=\"article:publisher\" content=\"https:\/\/www.facebook.com\/TG4TV\" \/>\n<meta property=\"article:modified_time\" content=\"2019-11-12T10:59:49+00:00\" \/>\n<meta property=\"og:image\" content=\"https:\/\/tg4-docs.s3.amazonaws.com\/wp-content\/uploads\/2024\/11\/18151812\/TG4_2024_corcra_teal_1-1920x1080-1.jpg\" \/>\n\t<meta property=\"og:image:width\" content=\"1920\" \/>\n\t<meta property=\"og:image:height\" content=\"1080\" \/>\n\t<meta property=\"og:image:type\" content=\"image\/jpeg\" \/>\n<meta name=\"twitter:card\" content=\"summary_large_image\" \/>\n<meta name=\"twitter:site\" content=\"@TG4TV\" \/>\n<meta name=\"twitter:label1\" content=\"Est. reading time\" \/>\n\t<meta name=\"twitter:data1\" content=\"2 minutes\" \/>\n<script type=\"application\/ld+json\" class=\"yoast-schema-graph\">{\"@context\":\"https:\/\/schema.org\",\"@graph\":[{\"@type\":\"WebPage\",\"@id\":\"https:\/\/dev.tg4.ie\/ga\/eolas\/preas\/nuacht-raitis\/2019-2\/john-rafferty-as-beal-feirste-a-chroch-craobh-glor-tire-2019-leis\/\",\"url\":\"https:\/\/dev.tg4.ie\/ga\/eolas\/preas\/nuacht-raitis\/2019-2\/john-rafferty-as-beal-feirste-a-chroch-craobh-glor-tire-2019-leis\/\",\"name\":\"John Rafferty as B\u00e9al Feirste a chroch craobh 'Gl\u00f3r T\u00edre' 2019 leis | TG4\",\"isPartOf\":{\"@id\":\"https:\/\/dev.tg4.ie\/en\/#website\"},\"primaryImageOfPage\":{\"@id\":\"https:\/\/dev.tg4.ie\/ga\/eolas\/preas\/nuacht-raitis\/2019-2\/john-rafferty-as-beal-feirste-a-chroch-craobh-glor-tire-2019-leis\/#primaryimage\"},\"image\":{\"@id\":\"https:\/\/dev.tg4.ie\/ga\/eolas\/preas\/nuacht-raitis\/2019-2\/john-rafferty-as-beal-feirste-a-chroch-craobh-glor-tire-2019-leis\/#primaryimage\"},\"thumbnailUrl\":\"\",\"datePublished\":\"2019-03-27T10:57:38+00:00\",\"dateModified\":\"2019-11-12T10:59:49+00:00\",\"breadcrumb\":{\"@id\":\"https:\/\/dev.tg4.ie\/ga\/eolas\/preas\/nuacht-raitis\/2019-2\/john-rafferty-as-beal-feirste-a-chroch-craobh-glor-tire-2019-leis\/#breadcrumb\"},\"inLanguage\":\"ga\",\"potentialAction\":[{\"@type\":\"ReadAction\",\"target\":[\"https:\/\/dev.tg4.ie\/ga\/eolas\/preas\/nuacht-raitis\/2019-2\/john-rafferty-as-beal-feirste-a-chroch-craobh-glor-tire-2019-leis\/\"]}]},{\"@type\":\"ImageObject\",\"inLanguage\":\"ga\",\"@id\":\"https:\/\/dev.tg4.ie\/ga\/eolas\/preas\/nuacht-raitis\/2019-2\/john-rafferty-as-beal-feirste-a-chroch-craobh-glor-tire-2019-leis\/#primaryimage\",\"url\":\"\",\"contentUrl\":\"\"},{\"@type\":\"BreadcrumbList\",\"@id\":\"https:\/\/dev.tg4.ie\/ga\/eolas\/preas\/nuacht-raitis\/2019-2\/john-rafferty-as-beal-feirste-a-chroch-craobh-glor-tire-2019-leis\/#breadcrumb\",\"itemListElement\":[{\"@type\":\"ListItem\",\"position\":1,\"name\":\"Home\",\"item\":\"https:\/\/dev.tg4.ie\/ga\/\"},{\"@type\":\"ListItem\",\"position\":2,\"name\":\"Eolas\",\"item\":\"https:\/\/dev.tg4.ie\/ga\/eolas\/\"},{\"@type\":\"ListItem\",\"position\":3,\"name\":\"Preas\",\"item\":\"https:\/\/dev.tg4.ie\/ga\/eolas\/preas\/\"},{\"@type\":\"ListItem\",\"position\":4,\"name\":\"Nuacht R\u00e1itis\",\"item\":\"https:\/\/dev.tg4.ie\/ga\/eolas\/preas\/nuacht-raitis\/\"},{\"@type\":\"ListItem\",\"position\":5,\"name\":\"2019\",\"item\":\"https:\/\/dev.tg4.ie\/ga\/eolas\/preas\/nuacht-raitis\/2019-2\/\"},{\"@type\":\"ListItem\",\"position\":6,\"name\":\"John Rafferty as B\u00e9al Feirste a chroch craobh &#8216;Gl\u00f3r T\u00edre&#8217; 2019 leis\"}]},{\"@type\":\"WebSite\",\"@id\":\"https:\/\/dev.tg4.ie\/en\/#website\",\"url\":\"https:\/\/dev.tg4.ie\/en\/\",\"name\":\"TG4\",\"description\":\"S\u00fail Eile\",\"potentialAction\":[{\"@type\":\"SearchAction\",\"target\":{\"@type\":\"EntryPoint\",\"urlTemplate\":\"https:\/\/dev.tg4.ie\/en\/?s={search_term_string}\"},\"query-input\":\"required name=search_term_string\"}],\"inLanguage\":\"ga\"}]}<\/script>\n<!-- \/ Yoast SEO plugin. -->","yoast_head_json":{"title":"John Rafferty as B\u00e9al Feirste a chroch craobh 'Gl\u00f3r T\u00edre' 2019 leis | TG4","robots":{"index":"index","follow":"follow","max-snippet":"max-snippet:-1","max-image-preview":"max-image-preview:large","max-video-preview":"max-video-preview:-1"},"og_locale":"en_US","og_type":"article","og_title":"John Rafferty as B\u00e9al Feirste a chroch craobh 'Gl\u00f3r T\u00edre' 2019 leis | TG4","og_description":"Is \u00e9\u00a0John Rafferty as B\u00e9al Feirste a chroch craobh\u00a0TG4 &#8216;Gl\u00f3r T\u00edre&#8217;\u00a02019 leis ar\u00e9ir, beo \u00f3 Theach \u00d3sta na C\u00e9\u00edbhe i nGaillimh. I mbabhta ceannais a raibh dian-ioma\u00edocht i gceist ann, is \u00e9 John Rafferty a fuair tromlach na v\u00f3ta\u00ed \u00f3n bpobal chun an ceann is fearr a fh\u00e1\u00edl ar\u00a0Damien Davis as Muineach\u00e1n &amp;\u00a0Noreen Rabbette as [&hellip;]","og_url":"https:\/\/dev.tg4.ie\/ga\/eolas\/preas\/nuacht-raitis\/2019-2\/john-rafferty-as-beal-feirste-a-chroch-craobh-glor-tire-2019-leis\/","og_site_name":"TG4","article_publisher":"https:\/\/www.facebook.com\/TG4TV","article_modified_time":"2019-11-12T10:59:49+00:00","og_image":[{"width":1920,"height":1080,"url":"https:\/\/tg4-docs.s3.amazonaws.com\/wp-content\/uploads\/2024\/11\/18151812\/TG4_2024_corcra_teal_1-1920x1080-1.jpg","type":"image\/jpeg"}],"twitter_card":"summary_large_image","twitter_site":"@TG4TV","twitter_misc":{"Est. reading time":"2 minutes"},"schema":{"@context":"https:\/\/schema.org","@graph":[{"@type":"WebPage","@id":"https:\/\/dev.tg4.ie\/ga\/eolas\/preas\/nuacht-raitis\/2019-2\/john-rafferty-as-beal-feirste-a-chroch-craobh-glor-tire-2019-leis\/","url":"https:\/\/dev.tg4.ie\/ga\/eolas\/preas\/nuacht-raitis\/2019-2\/john-rafferty-as-beal-feirste-a-chroch-craobh-glor-tire-2019-leis\/","name":"John Rafferty as B\u00e9al Feirste a chroch craobh 'Gl\u00f3r T\u00edre' 2019 leis | TG4","isPartOf":{"@id":"https:\/\/dev.tg4.ie\/en\/#website"},"primaryImageOfPage":{"@id":"https:\/\/dev.tg4.ie\/ga\/eolas\/preas\/nuacht-raitis\/2019-2\/john-rafferty-as-beal-feirste-a-chroch-craobh-glor-tire-2019-leis\/#primaryimage"},"image":{"@id":"https:\/\/dev.tg4.ie\/ga\/eolas\/preas\/nuacht-raitis\/2019-2\/john-rafferty-as-beal-feirste-a-chroch-craobh-glor-tire-2019-leis\/#primaryimage"},"thumbnailUrl":"","datePublished":"2019-03-27T10:57:38+00:00","dateModified":"2019-11-12T10:59:49+00:00","breadcrumb":{"@id":"https:\/\/dev.tg4.ie\/ga\/eolas\/preas\/nuacht-raitis\/2019-2\/john-rafferty-as-beal-feirste-a-chroch-craobh-glor-tire-2019-leis\/#breadcrumb"},"inLanguage":"ga","potentialAction":[{"@type":"ReadAction","target":["https:\/\/dev.tg4.ie\/ga\/eolas\/preas\/nuacht-raitis\/2019-2\/john-rafferty-as-beal-feirste-a-chroch-craobh-glor-tire-2019-leis\/"]}]},{"@type":"ImageObject","inLanguage":"ga","@id":"https:\/\/dev.tg4.ie\/ga\/eolas\/preas\/nuacht-raitis\/2019-2\/john-rafferty-as-beal-feirste-a-chroch-craobh-glor-tire-2019-leis\/#primaryimage","url":"","contentUrl":""},{"@type":"BreadcrumbList","@id":"https:\/\/dev.tg4.ie\/ga\/eolas\/preas\/nuacht-raitis\/2019-2\/john-rafferty-as-beal-feirste-a-chroch-craobh-glor-tire-2019-leis\/#breadcrumb","itemListElement":[{"@type":"ListItem","position":1,"name":"Home","item":"https:\/\/dev.tg4.ie\/ga\/"},{"@type":"ListItem","position":2,"name":"Eolas","item":"https:\/\/dev.tg4.ie\/ga\/eolas\/"},{"@type":"ListItem","position":3,"name":"Preas","item":"https:\/\/dev.tg4.ie\/ga\/eolas\/preas\/"},{"@type":"ListItem","position":4,"name":"Nuacht R\u00e1itis","item":"https:\/\/dev.tg4.ie\/ga\/eolas\/preas\/nuacht-raitis\/"},{"@type":"ListItem","position":5,"name":"2019","item":"https:\/\/dev.tg4.ie\/ga\/eolas\/preas\/nuacht-raitis\/2019-2\/"},{"@type":"ListItem","position":6,"name":"John Rafferty as B\u00e9al Feirste a chroch craobh &#8216;Gl\u00f3r T\u00edre&#8217; 2019 leis"}]},{"@type":"WebSite","@id":"https:\/\/dev.tg4.ie\/en\/#website","url":"https:\/\/dev.tg4.ie\/en\/","name":"TG4","description":"S\u00fail Eile","potentialAction":[{"@type":"SearchAction","target":{"@type":"EntryPoint","urlTemplate":"https:\/\/dev.tg4.ie\/en\/?s={search_term_string}"},"query-input":"required name=search_term_string"}],"inLanguage":"ga"}]}},"_links":{"self":[{"href":"https:\/\/dev.tg4.ie\/ga\/wp-json\/wp\/v2\/pages\/102500"}],"collection":[{"href":"https:\/\/dev.tg4.ie\/ga\/wp-json\/wp\/v2\/pages"}],"about":[{"href":"https:\/\/dev.tg4.ie\/ga\/wp-json\/wp\/v2\/types\/page"}],"author":[{"embeddable":true,"href":"https:\/\/dev.tg4.ie\/ga\/wp-json\/wp\/v2\/users\/876"}],"replies":[{"embeddable":true,"href":"https:\/\/dev.tg4.ie\/ga\/wp-json\/wp\/v2\/comments?post=102500"}],"version-history":[{"count":0,"href":"https:\/\/dev.tg4.ie\/ga\/wp-json\/wp\/v2\/pages\/102500\/revisions"}],"up":[{"embeddable":true,"href":"https:\/\/dev.tg4.ie\/ga\/wp-json\/wp\/v2\/pages\/98830"}],"wp:featuredmedia":[{"embeddable":true,"href":"https:\/\/dev.tg4.ie\/ga\/wp-json\/"}],"wp:attachment":[{"href":"https:\/\/dev.tg4.ie\/ga\/wp-json\/wp\/v2\/media?parent=102500"}],"curies":[{"name":"wp","href":"https:\/\/api.w.org\/{rel}","templated":true}]}}