{"id":102835,"date":"2019-07-01T14:48:21","date_gmt":"2019-07-01T13:48:21","guid":{"rendered":"https:\/\/dev.tg4.ie\/corporate\/preas\/press-releases\/2019-2\/sraith-nua-laochra-gael-seolta-ag-uachtaran-clg-2-2\/"},"modified":"2019-07-01T14:54:45","modified_gmt":"2019-07-01T13:54:45","slug":"stiurthoir-airgeadais-gno-tg4-ag-eiri-as","status":"publish","type":"page","link":"https:\/\/dev.tg4.ie\/ga\/eolas\/preas\/nuacht-raitis\/2019-2\/stiurthoir-airgeadais-gno-tg4-ag-eiri-as\/","title":{"rendered":"Sti\u00farth\u00f3ir Airgeadais &#038; Gn\u00f3 TG4 ag \u00e9ir\u00ed as"},"content":{"rendered":"<p>T\u00e1 s\u00e9 f\u00f3gartha ag <strong>TG4<\/strong> inniu go mbeidh <strong>Mary U\u00ed Chadhain<\/strong>, Sti\u00farth\u00f3ir Airgeadais &amp; Gn\u00f3 an st\u00e1isi\u00fain ag dul ar scor i m\u00ed Mhe\u00e1n F\u00f3mhair, 2019, tar \u00e9is 19 mbliana seirbh\u00edse leis an eagras.<\/p>\n<p>T\u00e1 s\u00e9 socraithe ag Mary, at\u00e1 ag obair le <strong>TG4<\/strong> \u00f3 2000, \u00e9ir\u00ed as a cuid c\u00faraim\u00ed go hoifigi\u00fail i m\u00ed Mhe\u00e1n F\u00f3mhair.<\/p>\n<p>Seo mar a labhair s\u00ed faoina cinneadh inniu:<\/p>\n<p>\u201cT\u00e1 m\u00e9 ag f\u00e1g\u00e1il <strong>TG4<\/strong> tar \u00e9is 20 bliain d\u2019aistear iontach agus ba mhaith liom comhghairdeas agus bu\u00edochas \u00f3 chro\u00ed a ghlacadh le mo chomhghleacaithe agus \u00e1r gcomhph\u00e1irtithe sa tionscal, maidir leis an m\u00e9id at\u00e1 bainte amach.<\/p>\n<p>\u201cT\u00e1 l\u00e1n-mhuin\u00edn agam go dtiocfaidh tuilleadh ratha agus forbartha ar <strong>TG4<\/strong> sna blianta at\u00e1 amach romhainn agus \u00e9 ag cur seirbh\u00eds shiams\u00fail, d\u2019ardchaighde\u00e1n ar f\u00e1il don lucht f\u00e9achana\u201d.<\/p>\n<p>Mar Sti\u00farth\u00f3ir Gn\u00f3 &amp; Airgeadais <strong>TG4<\/strong>, bh\u00ed c\u00faram uirthi \u00f3 thaobh rial\u00fa\u00a0airgeadais agus forbairt gn\u00f3 na heagra\u00edochta. Bh\u00ed s\u00ed l\u00e1rnach sa bhfor\u00e1s a th\u00e1inig ar earn\u00e1il l\u00e9iri\u00fach\u00e1n neamhsple\u00e1ch in \u00c9irinn, ag pl\u00e9 le cuideachta\u00ed \u00f3 thaobh forbartha ar a gcuid gn\u00f3lachta\u00ed agus conartha\u00ed ollsol\u00e1thair l\u00e9iri\u00fach\u00e1in a thabhairt chun cinn.<\/p>\n<p>Is as an gCaiseal i gConamara Mary \u00f3 th\u00fas, agus c\u00falra gn\u00f3 aici \u00f3na muintir, muintir Boulger, a raibh gn\u00f3 \u00f3sta\u00edochta acu san \u00e1it. D\u2019oibrigh s\u00ed le comhlachta\u00ed \u00e9ags\u00fala i gConamara sular ghlac s\u00ed le post i <strong>TG4<\/strong>. T\u00e1 dl\u00fathbhaint ag Mary chomh maith le p\u00f3r\u00fa, d\u00edol agus ceannach Chapaill\u00edn\u00ed Chonamara.<\/p>\n<p>Ina r\u00f3l mar Sti\u00farth\u00f3ir Airgeadais &amp; Gn\u00f3, bh\u00ed baint mh\u00f3r ag Mary le Strait\u00e9is Chorpar\u00e1ideach 5 Bliana <strong>TG4<\/strong> a fhorbairt agus in ullmh\u00fa tuarasc\u00e1lacha agus c\u00e1ip\u00e9is\u00ed gealltanas bliant\u00fala do gheallsealbh\u00f3ir\u00ed <strong>TG4<\/strong>.<\/p>\n<p>L\u00e9irigh Mary ceannasa\u00edocht lean\u00fanach chomh maith i dtaca le maoini\u00fa breise a aimsi\u00fa do <strong>TG4<\/strong>, \u00f3 fhoins\u00ed poibl\u00ed agus tr\u00e1cht\u00e1la araon.<\/p>\n<p>Rinne s\u00ed ionada\u00edocht do <strong>TG4<\/strong> ar fh\u00f3raim ghn\u00f3 agus forbartha \u00e9ags\u00fala, IBEC &amp; NIMUX ina measc.<\/p>\n<p>Ag f\u00f3gairt na nuachta seo inniu, d\u00fairt <strong>Ard-Sti\u00farth\u00f3ir TG4<\/strong>, <strong>Alan Esslemont<\/strong>:<\/p>\n<p>\u201cIs ball iontach luachmhar den fhoireann bainist\u00edochta i <strong>TG4<\/strong> \u00ed Mary le fada. T\u00e1\u00a0taith\u00ed agus saineolas leathan aici, rud a fh\u00e1gann go bhfuil ardmheas agus iontaoibh ag an bhfoireann agus ag an earn\u00e1il aisti. Is bunt\u00e1iste d\u2019\u00dadar\u00e1s na Gaeltachta \u00e9 go mbeidh s\u00ed ag lean\u00faint ar aghaidh ina r\u00f3l mar bhall den bhord sin agus gu\u00edonn muid gach rath uirthi ina saol nua, cib\u00e9 c\u00e9n b\u00f3thar a leanfaidh s\u00ed\u201d.<\/p>\n<p>Bh\u00ed an m\u00e9id seo a leanas le r\u00e1 ag <strong>Cathaoirleach TG4<\/strong>, <strong>Si\u00fan N\u00ed Raghallaigh<\/strong>, faoin bhf\u00f3gra freisin:<\/p>\n<p>\u2018Mar R\u00fana\u00ed na Cuideachta, bh\u00ed Mary ina rannph\u00e1irt\u00ed r\u00edth\u00e1bhachtach ar Bhord <strong>TG4<\/strong>. Thug s\u00ed sti\u00fair mhaith mar bhall den fhoireann bainist\u00edochta agus bh\u00ed s\u00ed grinn, g\u00e9arch\u00faiseach ina tuiscint chritici\u00fail ar ch\u00farsa\u00ed gn\u00f3\u2019.<\/p>\n<p>T\u00e1 s\u00fail ag <strong>TG4<\/strong> f\u00f3gra a dh\u00e9anamh go luath maidir le comharba a cheapadh ar Mhary U\u00ed Chadhain.<\/p>\n","protected":false},"excerpt":{"rendered":"<p>T\u00e1 s\u00e9 f\u00f3gartha ag TG4 inniu go mbeidh Mary U\u00ed Chadhain, Sti\u00farth\u00f3ir Airgeadais &amp; Gn\u00f3 an st\u00e1isi\u00fain ag dul ar scor i m\u00ed Mhe\u00e1n F\u00f3mhair, 2019, tar \u00e9is 19 mbliana seirbh\u00edse leis an eagras. T\u00e1 s\u00e9 socraithe ag Mary, at\u00e1 ag obair le TG4 \u00f3 2000, \u00e9ir\u00ed as a cuid c\u00faraim\u00ed go hoifigi\u00fail i m\u00ed [&hellip;]<\/p>\n","protected":false},"author":999,"featured_media":102838,"parent":98830,"menu_order":8,"comment_status":"closed","ping_status":"closed","template":"page-templates\/template-pr.php","meta":{"_acf_changed":false,"footnotes":""},"acf":[],"yoast_head":"<!-- This site is optimized with the Yoast SEO plugin v22.6 - https:\/\/yoast.com\/wordpress\/plugins\/seo\/ -->\n<title>Sti\u00farth\u00f3ir Airgeadais &amp; Gn\u00f3 TG4 ag \u00e9ir\u00ed as - TG4<\/title>\n<meta name=\"robots\" content=\"index, follow, max-snippet:-1, max-image-preview:large, max-video-preview:-1\" \/>\n<meta property=\"og:locale\" content=\"en_US\" \/>\n<meta property=\"og:type\" content=\"article\" \/>\n<meta property=\"og:title\" content=\"Sti\u00farth\u00f3ir Airgeadais &amp; Gn\u00f3 TG4 ag \u00e9ir\u00ed as - TG4\" \/>\n<meta property=\"og:description\" content=\"T\u00e1 s\u00e9 f\u00f3gartha ag TG4 inniu go mbeidh Mary U\u00ed Chadhain, Sti\u00farth\u00f3ir Airgeadais &amp; Gn\u00f3 an st\u00e1isi\u00fain ag dul ar scor i m\u00ed Mhe\u00e1n F\u00f3mhair, 2019, tar \u00e9is 19 mbliana seirbh\u00edse leis an eagras. T\u00e1 s\u00e9 socraithe ag Mary, at\u00e1 ag obair le TG4 \u00f3 2000, \u00e9ir\u00ed as a cuid c\u00faraim\u00ed go hoifigi\u00fail i m\u00ed [&hellip;]\" \/>\n<meta property=\"og:url\" content=\"https:\/\/dev.tg4.ie\/ga\/eolas\/preas\/nuacht-raitis\/2019-2\/stiurthoir-airgeadais-gno-tg4-ag-eiri-as\/\" \/>\n<meta property=\"og:site_name\" content=\"TG4\" \/>\n<meta property=\"article:publisher\" content=\"https:\/\/www.facebook.com\/TG4TV\" \/>\n<meta property=\"article:modified_time\" content=\"2019-07-01T13:54:45+00:00\" \/>\n<meta property=\"og:image\" content=\"https:\/\/tg4-docs.s3.amazonaws.com\/tg4-redesign-2015\/wp-content\/uploads\/2019\/07\/Alan_Esslemont_Micheal_O_hEanaigh_Mary_Ui_Chadhain.jpg\" \/>\n\t<meta property=\"og:image:width\" content=\"1920\" \/>\n\t<meta property=\"og:image:height\" content=\"1080\" \/>\n\t<meta property=\"og:image:type\" content=\"image\/jpeg\" \/>\n<meta name=\"twitter:card\" content=\"summary_large_image\" \/>\n<meta name=\"twitter:site\" content=\"@TG4TV\" \/>\n<meta name=\"twitter:label1\" content=\"Est. reading time\" \/>\n\t<meta name=\"twitter:data1\" content=\"3 minutes\" \/>\n<script type=\"application\/ld+json\" class=\"yoast-schema-graph\">{\"@context\":\"https:\/\/schema.org\",\"@graph\":[{\"@type\":\"WebPage\",\"@id\":\"https:\/\/dev.tg4.ie\/ga\/eolas\/preas\/nuacht-raitis\/2019-2\/stiurthoir-airgeadais-gno-tg4-ag-eiri-as\/\",\"url\":\"https:\/\/dev.tg4.ie\/ga\/eolas\/preas\/nuacht-raitis\/2019-2\/stiurthoir-airgeadais-gno-tg4-ag-eiri-as\/\",\"name\":\"Sti\u00farth\u00f3ir Airgeadais & Gn\u00f3 TG4 ag \u00e9ir\u00ed as - TG4\",\"isPartOf\":{\"@id\":\"https:\/\/dev.tg4.ie\/en\/#website\"},\"primaryImageOfPage\":{\"@id\":\"https:\/\/dev.tg4.ie\/ga\/eolas\/preas\/nuacht-raitis\/2019-2\/stiurthoir-airgeadais-gno-tg4-ag-eiri-as\/#primaryimage\"},\"image\":{\"@id\":\"https:\/\/dev.tg4.ie\/ga\/eolas\/preas\/nuacht-raitis\/2019-2\/stiurthoir-airgeadais-gno-tg4-ag-eiri-as\/#primaryimage\"},\"thumbnailUrl\":\"https:\/\/tg4-docs.s3.amazonaws.com\/tg4-redesign-2015\/wp-content\/uploads\/2019\/07\/Alan_Esslemont_Micheal_O_hEanaigh_Mary_Ui_Chadhain.jpg\",\"datePublished\":\"2019-07-01T13:48:21+00:00\",\"dateModified\":\"2019-07-01T13:54:45+00:00\",\"breadcrumb\":{\"@id\":\"https:\/\/dev.tg4.ie\/ga\/eolas\/preas\/nuacht-raitis\/2019-2\/stiurthoir-airgeadais-gno-tg4-ag-eiri-as\/#breadcrumb\"},\"inLanguage\":\"ga\",\"potentialAction\":[{\"@type\":\"ReadAction\",\"target\":[\"https:\/\/dev.tg4.ie\/ga\/eolas\/preas\/nuacht-raitis\/2019-2\/stiurthoir-airgeadais-gno-tg4-ag-eiri-as\/\"]}]},{\"@type\":\"ImageObject\",\"inLanguage\":\"ga\",\"@id\":\"https:\/\/dev.tg4.ie\/ga\/eolas\/preas\/nuacht-raitis\/2019-2\/stiurthoir-airgeadais-gno-tg4-ag-eiri-as\/#primaryimage\",\"url\":\"https:\/\/tg4-docs.s3.amazonaws.com\/tg4-redesign-2015\/wp-content\/uploads\/2019\/07\/Alan_Esslemont_Micheal_O_hEanaigh_Mary_Ui_Chadhain.jpg\",\"contentUrl\":\"https:\/\/tg4-docs.s3.amazonaws.com\/tg4-redesign-2015\/wp-content\/uploads\/2019\/07\/Alan_Esslemont_Micheal_O_hEanaigh_Mary_Ui_Chadhain.jpg\",\"width\":1920,\"height\":1080,\"caption\":\"Alan Esslemont, Miche\u00e1l_\u00d3_h\u00c9anaigh & Mary U\u00ed Chadhain\"},{\"@type\":\"BreadcrumbList\",\"@id\":\"https:\/\/dev.tg4.ie\/ga\/eolas\/preas\/nuacht-raitis\/2019-2\/stiurthoir-airgeadais-gno-tg4-ag-eiri-as\/#breadcrumb\",\"itemListElement\":[{\"@type\":\"ListItem\",\"position\":1,\"name\":\"Home\",\"item\":\"https:\/\/dev.tg4.ie\/ga\/\"},{\"@type\":\"ListItem\",\"position\":2,\"name\":\"Eolas\",\"item\":\"https:\/\/dev.tg4.ie\/ga\/eolas\/\"},{\"@type\":\"ListItem\",\"position\":3,\"name\":\"Preas\",\"item\":\"https:\/\/dev.tg4.ie\/ga\/eolas\/preas\/\"},{\"@type\":\"ListItem\",\"position\":4,\"name\":\"Nuacht R\u00e1itis\",\"item\":\"https:\/\/dev.tg4.ie\/ga\/eolas\/preas\/nuacht-raitis\/\"},{\"@type\":\"ListItem\",\"position\":5,\"name\":\"2019\",\"item\":\"https:\/\/dev.tg4.ie\/ga\/eolas\/preas\/nuacht-raitis\/2019-2\/\"},{\"@type\":\"ListItem\",\"position\":6,\"name\":\"Sti\u00farth\u00f3ir Airgeadais &#038; Gn\u00f3 TG4 ag \u00e9ir\u00ed as\"}]},{\"@type\":\"WebSite\",\"@id\":\"https:\/\/dev.tg4.ie\/en\/#website\",\"url\":\"https:\/\/dev.tg4.ie\/en\/\",\"name\":\"TG4\",\"description\":\"S\u00fail Eile\",\"potentialAction\":[{\"@type\":\"SearchAction\",\"target\":{\"@type\":\"EntryPoint\",\"urlTemplate\":\"https:\/\/dev.tg4.ie\/en\/?s={search_term_string}\"},\"query-input\":\"required name=search_term_string\"}],\"inLanguage\":\"ga\"}]}<\/script>\n<!-- \/ Yoast SEO plugin. -->","yoast_head_json":{"title":"Sti\u00farth\u00f3ir Airgeadais & Gn\u00f3 TG4 ag \u00e9ir\u00ed as - TG4","robots":{"index":"index","follow":"follow","max-snippet":"max-snippet:-1","max-image-preview":"max-image-preview:large","max-video-preview":"max-video-preview:-1"},"og_locale":"en_US","og_type":"article","og_title":"Sti\u00farth\u00f3ir Airgeadais & Gn\u00f3 TG4 ag \u00e9ir\u00ed as - TG4","og_description":"T\u00e1 s\u00e9 f\u00f3gartha ag TG4 inniu go mbeidh Mary U\u00ed Chadhain, Sti\u00farth\u00f3ir Airgeadais &amp; Gn\u00f3 an st\u00e1isi\u00fain ag dul ar scor i m\u00ed Mhe\u00e1n F\u00f3mhair, 2019, tar \u00e9is 19 mbliana seirbh\u00edse leis an eagras. T\u00e1 s\u00e9 socraithe ag Mary, at\u00e1 ag obair le TG4 \u00f3 2000, \u00e9ir\u00ed as a cuid c\u00faraim\u00ed go hoifigi\u00fail i m\u00ed [&hellip;]","og_url":"https:\/\/dev.tg4.ie\/ga\/eolas\/preas\/nuacht-raitis\/2019-2\/stiurthoir-airgeadais-gno-tg4-ag-eiri-as\/","og_site_name":"TG4","article_publisher":"https:\/\/www.facebook.com\/TG4TV","article_modified_time":"2019-07-01T13:54:45+00:00","og_image":[{"width":1920,"height":1080,"url":"https:\/\/tg4-docs.s3.amazonaws.com\/tg4-redesign-2015\/wp-content\/uploads\/2019\/07\/Alan_Esslemont_Micheal_O_hEanaigh_Mary_Ui_Chadhain.jpg","type":"image\/jpeg"}],"twitter_card":"summary_large_image","twitter_site":"@TG4TV","twitter_misc":{"Est. reading time":"3 minutes"},"schema":{"@context":"https:\/\/schema.org","@graph":[{"@type":"WebPage","@id":"https:\/\/dev.tg4.ie\/ga\/eolas\/preas\/nuacht-raitis\/2019-2\/stiurthoir-airgeadais-gno-tg4-ag-eiri-as\/","url":"https:\/\/dev.tg4.ie\/ga\/eolas\/preas\/nuacht-raitis\/2019-2\/stiurthoir-airgeadais-gno-tg4-ag-eiri-as\/","name":"Sti\u00farth\u00f3ir Airgeadais & Gn\u00f3 TG4 ag \u00e9ir\u00ed as - TG4","isPartOf":{"@id":"https:\/\/dev.tg4.ie\/en\/#website"},"primaryImageOfPage":{"@id":"https:\/\/dev.tg4.ie\/ga\/eolas\/preas\/nuacht-raitis\/2019-2\/stiurthoir-airgeadais-gno-tg4-ag-eiri-as\/#primaryimage"},"image":{"@id":"https:\/\/dev.tg4.ie\/ga\/eolas\/preas\/nuacht-raitis\/2019-2\/stiurthoir-airgeadais-gno-tg4-ag-eiri-as\/#primaryimage"},"thumbnailUrl":"https:\/\/tg4-docs.s3.amazonaws.com\/tg4-redesign-2015\/wp-content\/uploads\/2019\/07\/Alan_Esslemont_Micheal_O_hEanaigh_Mary_Ui_Chadhain.jpg","datePublished":"2019-07-01T13:48:21+00:00","dateModified":"2019-07-01T13:54:45+00:00","breadcrumb":{"@id":"https:\/\/dev.tg4.ie\/ga\/eolas\/preas\/nuacht-raitis\/2019-2\/stiurthoir-airgeadais-gno-tg4-ag-eiri-as\/#breadcrumb"},"inLanguage":"ga","potentialAction":[{"@type":"ReadAction","target":["https:\/\/dev.tg4.ie\/ga\/eolas\/preas\/nuacht-raitis\/2019-2\/stiurthoir-airgeadais-gno-tg4-ag-eiri-as\/"]}]},{"@type":"ImageObject","inLanguage":"ga","@id":"https:\/\/dev.tg4.ie\/ga\/eolas\/preas\/nuacht-raitis\/2019-2\/stiurthoir-airgeadais-gno-tg4-ag-eiri-as\/#primaryimage","url":"https:\/\/tg4-docs.s3.amazonaws.com\/tg4-redesign-2015\/wp-content\/uploads\/2019\/07\/Alan_Esslemont_Micheal_O_hEanaigh_Mary_Ui_Chadhain.jpg","contentUrl":"https:\/\/tg4-docs.s3.amazonaws.com\/tg4-redesign-2015\/wp-content\/uploads\/2019\/07\/Alan_Esslemont_Micheal_O_hEanaigh_Mary_Ui_Chadhain.jpg","width":1920,"height":1080,"caption":"Alan Esslemont, Miche\u00e1l_\u00d3_h\u00c9anaigh & Mary U\u00ed Chadhain"},{"@type":"BreadcrumbList","@id":"https:\/\/dev.tg4.ie\/ga\/eolas\/preas\/nuacht-raitis\/2019-2\/stiurthoir-airgeadais-gno-tg4-ag-eiri-as\/#breadcrumb","itemListElement":[{"@type":"ListItem","position":1,"name":"Home","item":"https:\/\/dev.tg4.ie\/ga\/"},{"@type":"ListItem","position":2,"name":"Eolas","item":"https:\/\/dev.tg4.ie\/ga\/eolas\/"},{"@type":"ListItem","position":3,"name":"Preas","item":"https:\/\/dev.tg4.ie\/ga\/eolas\/preas\/"},{"@type":"ListItem","position":4,"name":"Nuacht R\u00e1itis","item":"https:\/\/dev.tg4.ie\/ga\/eolas\/preas\/nuacht-raitis\/"},{"@type":"ListItem","position":5,"name":"2019","item":"https:\/\/dev.tg4.ie\/ga\/eolas\/preas\/nuacht-raitis\/2019-2\/"},{"@type":"ListItem","position":6,"name":"Sti\u00farth\u00f3ir Airgeadais &#038; Gn\u00f3 TG4 ag \u00e9ir\u00ed as"}]},{"@type":"WebSite","@id":"https:\/\/dev.tg4.ie\/en\/#website","url":"https:\/\/dev.tg4.ie\/en\/","name":"TG4","description":"S\u00fail Eile","potentialAction":[{"@type":"SearchAction","target":{"@type":"EntryPoint","urlTemplate":"https:\/\/dev.tg4.ie\/en\/?s={search_term_string}"},"query-input":"required name=search_term_string"}],"inLanguage":"ga"}]}},"_links":{"self":[{"href":"https:\/\/dev.tg4.ie\/ga\/wp-json\/wp\/v2\/pages\/102835"}],"collection":[{"href":"https:\/\/dev.tg4.ie\/ga\/wp-json\/wp\/v2\/pages"}],"about":[{"href":"https:\/\/dev.tg4.ie\/ga\/wp-json\/wp\/v2\/types\/page"}],"author":[{"embeddable":true,"href":"https:\/\/dev.tg4.ie\/ga\/wp-json\/wp\/v2\/users\/999"}],"replies":[{"embeddable":true,"href":"https:\/\/dev.tg4.ie\/ga\/wp-json\/wp\/v2\/comments?post=102835"}],"version-history":[{"count":0,"href":"https:\/\/dev.tg4.ie\/ga\/wp-json\/wp\/v2\/pages\/102835\/revisions"}],"up":[{"embeddable":true,"href":"https:\/\/dev.tg4.ie\/ga\/wp-json\/wp\/v2\/pages\/98830"}],"wp:featuredmedia":[{"embeddable":true,"href":"https:\/\/dev.tg4.ie\/ga\/wp-json\/wp\/v2\/media\/102838"}],"wp:attachment":[{"href":"https:\/\/dev.tg4.ie\/ga\/wp-json\/wp\/v2\/media?parent=102835"}],"curies":[{"name":"wp","href":"https:\/\/api.w.org\/{rel}","templated":true}]}}