{"id":102844,"date":"2019-07-01T15:01:42","date_gmt":"2019-07-01T14:01:42","guid":{"rendered":"https:\/\/dev.tg4.ie\/corporate\/preas\/press-releases\/2019-2\/stiurthoir-airgeadais-gno-tg4-ag-eiri-as-2\/"},"modified":"2019-07-01T15:15:12","modified_gmt":"2019-07-01T14:15:12","slug":"is-mise","status":"publish","type":"page","link":"https:\/\/dev.tg4.ie\/ga\/eolas\/preas\/nuacht-raitis\/2019-2\/is-mise\/","title":{"rendered":"Is Mise"},"content":{"rendered":"<p>Rinneadh an tsraith nua r\u00e9amhscoile beo Ghaeilge seo, arna l\u00e9iri\u00fa ag Meangadh F\u00edb\u00edn do TG4, a sheoladh go hoifigi\u00fail inniu ag 4pm D\u00e9ardaoin an 7 M\u00e1rta i bP\u00e1l\u00e1s na bPicti\u00far nuair a thug l\u00e1ithreoir\u00ed \u00f3ga faoin gcairp\u00e9ad dearg ag \u00f3c\u00e1id de th\u00e9ama na nGradam Oscar do thaispe\u00e1int speisialta den tsraith. Taispe\u00e1nfar na cl\u00e1ir in ionaid \u00e9ags\u00fal ar fud na t\u00edre agus f\u00f3gr\u00f3far tuilleadh sonra\u00ed faoi sin go luath.<\/p>\n<p>Sraith uaillmhianach \u00ed seo faoi cheathrar l\u00e1ithreoir\u00ed \u00f3ga a bheidh ag fiosr\u00fa agus ag foghlaim faoin domhan ar a mbealach ar leith f\u00e9in. Beidh muid i dteannta R\u00edona, R\u00f3is\u00edn, Joey agus C\u00f3il ar eachtra\u00ed \u00e9ags\u00fala agus iad ag foghlaim agus ag tabhairt faoi r\u00e9imse leathan gn\u00edomha\u00edochta\u00ed i ngach cl\u00e1r, \u00f3 chuairt ar mheitheal briog\u00e1ide d\u00f3ite\u00e1in go c\u00f3iri\u00fa bl\u00e1thanna, \u00f3n bhfeirmeoireacht go ceacht hip hap. Cuirtear \u00e1bhar nua i l\u00e1thair i ngach cl\u00e1r, \u00e1bhar agus gn\u00edomhacht a mbeadh suim ag an aoisghr\u00fapa seo ann.<\/p>\n<p>Tabharfaidh gach l\u00e1ithreoir d\u00edobh, l\u00e1ithreoir\u00ed a bhfuil togha na Gaeilge acu as Gaeltacht Dh\u00fan na Gall, Conamara agus Ciarra\u00ed a bpearsantacht ar leith f\u00e9in chuig an tsraith agus roinneann linn go f\u00edrinneach tuairim\u00ed ph\u00e1iste an lae inniu.<\/p>\n<p>D\u00fairt Mary Bailey, l\u00e9iritheoir le Meangadh F\u00edb\u00edn, \u201cT\u00e1 muid thar a bheith br\u00f3d\u00fail as an tsraith shiams\u00fail seo agus don ch\u00e9ad uair riamh ar C\u00fala 4 na n\u00d3g, beidh sraith beo-aicsin le l\u00e1ithreoir\u00ed \u00f3ga as ceantair Ghaeltachta na t\u00edre. Bh\u00ed muid ag iarraidh \u00e1bhar siams\u00fail tr\u00ed mhe\u00e1n na Gaeilge a chur ar f\u00e1il agus go bhfeicfeadh an lucht f\u00e9achana \u00f3g ag baile, cainteoir\u00ed d\u00fachais a gcomhaois f\u00e9in ar an sc\u00e1ile\u00e1n. Is sraith \u00ed seo ar bhain muid an-taitneamh as \u00ed a l\u00e9iri\u00fa agus t\u00e1 s\u00fail againn go mbainfidh an lucht f\u00e9achana \u00f3g an taitneamh c\u00e9anna aisti. Is c\u00fais br\u00f3id agus on\u00f3ra d\u00fainn gur shocraigh TG4 an tsraith seo a chraoladh le linn pr\u00edomh-am sceidil an st\u00e1isi\u00fain. Is deis iontach \u00ed do lucht f\u00e9achana TG4 le l\u00e9argas a fh\u00e1il ar shaibhreas \u00e1r dteanga i measc daoine \u00f3ga na linne seo, saibhreas at\u00e1 go smior in\u00e1r r\u00e9alta\u00ed \u00f3ga\u201d.<\/p>\n<p>Taispe\u00e1nfaidh an tsraith <strong>Is Mise&#8230;<\/strong> do ph\u00e1ist\u00ed gur taisc\u00e9alaithe \u00f3ga iad agus spreagfaidh s\u00ed an lucht f\u00e9achana \u00f3g ag baile chun deiseanna \u00e9ags\u00fala a aimsi\u00fa agus a thap\u00fa agus l\u00e9ir\u00edonn s\u00ed tiomantas TG4 \u00e1bhar d\u00fachasach a l\u00e9iri\u00fa d\u00e1 sceideal do dhaoine \u00f3ga.<\/p>\n<p>T\u00e1 <strong>Is Mise&#8230;<\/strong> l\u00e1n le beocht, fiosracht agus thar aon n\u00ed eile, l\u00e1n d\u2019fh\u00edrinne agus spraoi.<\/p>\n<p>D\u00e9anfar an tsraith seo a sheoladh go hoifigi\u00fail D\u00e9ardaoin an 7 M\u00e1rta i bP\u00e1l\u00e1s na bPicti\u00far i nGaillimh ag 4 i.n nuair a shi\u00falfaidh na r\u00e9alta\u00ed \u00f3ga ar an gcairp\u00e9ad dearg le linn \u00f3c\u00e1id cos\u00fail le ho\u00edche na ngradam Oscar sula dtaispe\u00e1nfar cl\u00e1r le gach l\u00e1ithreoir ar an sc\u00e1ile\u00e1n m\u00f3r. Taispe\u00e1nfar na cl\u00e1ir ar an sc\u00e1ile\u00e1n in ionaid m\u00f3rthimpeall na t\u00edre chomh maith sna seachtain\u00ed at\u00e1 romhainn agus beidh tuilleadh eolais ag teacht faoi sin go luath.<\/p>\n<p><span style=\"text-decoration: underline;\">Rinne TG4 coimisini\u00fa ar Is Mise le cabhair \u00f3 sc\u00e9im Faoiseamh C\u00e1nach Scann\u00e1n 481.<\/span><\/p>\n<p><span style=\"text-decoration: underline;\">Beidh Is Mise le feice\u00e1il gach Luan agus C\u00e9adaoin ar C\u00fala 4 na n\u00d3g ag 3i.n \u00f3n Luan 11 M\u00e1rta ar aghaidh. D\u00e9anfar, mar chuid den chraoladh speisialta, cl\u00e1r an duine leis na l\u00e1ithreoir\u00ed \u00f3ga a thaispe\u00e1int le linn phr\u00edomh-am sceidil TG4 an Luan an 18 M\u00e1rta tar \u00e9is na nuachta, ag tos\u00fa ag 7:15i.n<\/span><\/p>\n","protected":false},"excerpt":{"rendered":"<p>Rinneadh an tsraith nua r\u00e9amhscoile beo Ghaeilge seo, arna l\u00e9iri\u00fa ag Meangadh F\u00edb\u00edn do TG4, a sheoladh go hoifigi\u00fail inniu ag 4pm D\u00e9ardaoin an 7 M\u00e1rta i bP\u00e1l\u00e1s na bPicti\u00far nuair a thug l\u00e1ithreoir\u00ed \u00f3ga faoin gcairp\u00e9ad dearg ag \u00f3c\u00e1id de th\u00e9ama na nGradam Oscar do thaispe\u00e1int speisialta den tsraith. Taispe\u00e1nfar na cl\u00e1ir in ionaid [&hellip;]<\/p>\n","protected":false},"author":999,"featured_media":102846,"parent":98830,"menu_order":9,"comment_status":"closed","ping_status":"closed","template":"page-templates\/template-pr.php","meta":{"_acf_changed":false,"footnotes":""},"acf":[],"yoast_head":"<!-- This site is optimized with the Yoast SEO plugin v22.6 - https:\/\/yoast.com\/wordpress\/plugins\/seo\/ -->\n<title>Is Mise - TG4<\/title>\n<meta name=\"robots\" content=\"index, follow, max-snippet:-1, max-image-preview:large, max-video-preview:-1\" \/>\n<meta property=\"og:locale\" content=\"en_US\" \/>\n<meta property=\"og:type\" content=\"article\" \/>\n<meta property=\"og:title\" content=\"Is Mise - TG4\" \/>\n<meta property=\"og:description\" content=\"Rinneadh an tsraith nua r\u00e9amhscoile beo Ghaeilge seo, arna l\u00e9iri\u00fa ag Meangadh F\u00edb\u00edn do TG4, a sheoladh go hoifigi\u00fail inniu ag 4pm D\u00e9ardaoin an 7 M\u00e1rta i bP\u00e1l\u00e1s na bPicti\u00far nuair a thug l\u00e1ithreoir\u00ed \u00f3ga faoin gcairp\u00e9ad dearg ag \u00f3c\u00e1id de th\u00e9ama na nGradam Oscar do thaispe\u00e1int speisialta den tsraith. Taispe\u00e1nfar na cl\u00e1ir in ionaid [&hellip;]\" \/>\n<meta property=\"og:url\" content=\"https:\/\/dev.tg4.ie\/ga\/eolas\/preas\/nuacht-raitis\/2019-2\/is-mise\/\" \/>\n<meta property=\"og:site_name\" content=\"TG4\" \/>\n<meta property=\"article:publisher\" content=\"https:\/\/www.facebook.com\/TG4TV\" \/>\n<meta property=\"article:modified_time\" content=\"2019-07-01T14:15:12+00:00\" \/>\n<meta property=\"og:image\" content=\"https:\/\/tg4-docs.s3.amazonaws.com\/tg4-redesign-2015\/wp-content\/uploads\/2019\/07\/Is_Mise_1.jpg\" \/>\n\t<meta property=\"og:image:width\" content=\"1920\" \/>\n\t<meta property=\"og:image:height\" content=\"1080\" \/>\n\t<meta property=\"og:image:type\" content=\"image\/jpeg\" \/>\n<meta name=\"twitter:card\" content=\"summary_large_image\" \/>\n<meta name=\"twitter:site\" content=\"@TG4TV\" \/>\n<meta name=\"twitter:label1\" content=\"Est. reading time\" \/>\n\t<meta name=\"twitter:data1\" content=\"3 minutes\" \/>\n<script type=\"application\/ld+json\" class=\"yoast-schema-graph\">{\"@context\":\"https:\/\/schema.org\",\"@graph\":[{\"@type\":\"WebPage\",\"@id\":\"https:\/\/dev.tg4.ie\/ga\/eolas\/preas\/nuacht-raitis\/2019-2\/is-mise\/\",\"url\":\"https:\/\/dev.tg4.ie\/ga\/eolas\/preas\/nuacht-raitis\/2019-2\/is-mise\/\",\"name\":\"Is Mise - TG4\",\"isPartOf\":{\"@id\":\"https:\/\/dev.tg4.ie\/en\/#website\"},\"primaryImageOfPage\":{\"@id\":\"https:\/\/dev.tg4.ie\/ga\/eolas\/preas\/nuacht-raitis\/2019-2\/is-mise\/#primaryimage\"},\"image\":{\"@id\":\"https:\/\/dev.tg4.ie\/ga\/eolas\/preas\/nuacht-raitis\/2019-2\/is-mise\/#primaryimage\"},\"thumbnailUrl\":\"https:\/\/tg4-docs.s3.amazonaws.com\/tg4-redesign-2015\/wp-content\/uploads\/2019\/07\/Is_Mise_1.jpg\",\"datePublished\":\"2019-07-01T14:01:42+00:00\",\"dateModified\":\"2019-07-01T14:15:12+00:00\",\"breadcrumb\":{\"@id\":\"https:\/\/dev.tg4.ie\/ga\/eolas\/preas\/nuacht-raitis\/2019-2\/is-mise\/#breadcrumb\"},\"inLanguage\":\"ga\",\"potentialAction\":[{\"@type\":\"ReadAction\",\"target\":[\"https:\/\/dev.tg4.ie\/ga\/eolas\/preas\/nuacht-raitis\/2019-2\/is-mise\/\"]}]},{\"@type\":\"ImageObject\",\"inLanguage\":\"ga\",\"@id\":\"https:\/\/dev.tg4.ie\/ga\/eolas\/preas\/nuacht-raitis\/2019-2\/is-mise\/#primaryimage\",\"url\":\"https:\/\/tg4-docs.s3.amazonaws.com\/tg4-redesign-2015\/wp-content\/uploads\/2019\/07\/Is_Mise_1.jpg\",\"contentUrl\":\"https:\/\/tg4-docs.s3.amazonaws.com\/tg4-redesign-2015\/wp-content\/uploads\/2019\/07\/Is_Mise_1.jpg\",\"width\":1920,\"height\":1080,\"caption\":\"Is Mise - Joey, R\u00edona, R\u00f3is\u00edn agus C\u00f3il\"},{\"@type\":\"BreadcrumbList\",\"@id\":\"https:\/\/dev.tg4.ie\/ga\/eolas\/preas\/nuacht-raitis\/2019-2\/is-mise\/#breadcrumb\",\"itemListElement\":[{\"@type\":\"ListItem\",\"position\":1,\"name\":\"Home\",\"item\":\"https:\/\/dev.tg4.ie\/ga\/\"},{\"@type\":\"ListItem\",\"position\":2,\"name\":\"Eolas\",\"item\":\"https:\/\/dev.tg4.ie\/ga\/eolas\/\"},{\"@type\":\"ListItem\",\"position\":3,\"name\":\"Preas\",\"item\":\"https:\/\/dev.tg4.ie\/ga\/eolas\/preas\/\"},{\"@type\":\"ListItem\",\"position\":4,\"name\":\"Nuacht R\u00e1itis\",\"item\":\"https:\/\/dev.tg4.ie\/ga\/eolas\/preas\/nuacht-raitis\/\"},{\"@type\":\"ListItem\",\"position\":5,\"name\":\"2019\",\"item\":\"https:\/\/dev.tg4.ie\/ga\/eolas\/preas\/nuacht-raitis\/2019-2\/\"},{\"@type\":\"ListItem\",\"position\":6,\"name\":\"Is Mise\"}]},{\"@type\":\"WebSite\",\"@id\":\"https:\/\/dev.tg4.ie\/en\/#website\",\"url\":\"https:\/\/dev.tg4.ie\/en\/\",\"name\":\"TG4\",\"description\":\"S\u00fail Eile\",\"potentialAction\":[{\"@type\":\"SearchAction\",\"target\":{\"@type\":\"EntryPoint\",\"urlTemplate\":\"https:\/\/dev.tg4.ie\/en\/?s={search_term_string}\"},\"query-input\":\"required name=search_term_string\"}],\"inLanguage\":\"ga\"}]}<\/script>\n<!-- \/ Yoast SEO plugin. -->","yoast_head_json":{"title":"Is Mise - TG4","robots":{"index":"index","follow":"follow","max-snippet":"max-snippet:-1","max-image-preview":"max-image-preview:large","max-video-preview":"max-video-preview:-1"},"og_locale":"en_US","og_type":"article","og_title":"Is Mise - TG4","og_description":"Rinneadh an tsraith nua r\u00e9amhscoile beo Ghaeilge seo, arna l\u00e9iri\u00fa ag Meangadh F\u00edb\u00edn do TG4, a sheoladh go hoifigi\u00fail inniu ag 4pm D\u00e9ardaoin an 7 M\u00e1rta i bP\u00e1l\u00e1s na bPicti\u00far nuair a thug l\u00e1ithreoir\u00ed \u00f3ga faoin gcairp\u00e9ad dearg ag \u00f3c\u00e1id de th\u00e9ama na nGradam Oscar do thaispe\u00e1int speisialta den tsraith. Taispe\u00e1nfar na cl\u00e1ir in ionaid [&hellip;]","og_url":"https:\/\/dev.tg4.ie\/ga\/eolas\/preas\/nuacht-raitis\/2019-2\/is-mise\/","og_site_name":"TG4","article_publisher":"https:\/\/www.facebook.com\/TG4TV","article_modified_time":"2019-07-01T14:15:12+00:00","og_image":[{"width":1920,"height":1080,"url":"https:\/\/tg4-docs.s3.amazonaws.com\/tg4-redesign-2015\/wp-content\/uploads\/2019\/07\/Is_Mise_1.jpg","type":"image\/jpeg"}],"twitter_card":"summary_large_image","twitter_site":"@TG4TV","twitter_misc":{"Est. reading time":"3 minutes"},"schema":{"@context":"https:\/\/schema.org","@graph":[{"@type":"WebPage","@id":"https:\/\/dev.tg4.ie\/ga\/eolas\/preas\/nuacht-raitis\/2019-2\/is-mise\/","url":"https:\/\/dev.tg4.ie\/ga\/eolas\/preas\/nuacht-raitis\/2019-2\/is-mise\/","name":"Is Mise - TG4","isPartOf":{"@id":"https:\/\/dev.tg4.ie\/en\/#website"},"primaryImageOfPage":{"@id":"https:\/\/dev.tg4.ie\/ga\/eolas\/preas\/nuacht-raitis\/2019-2\/is-mise\/#primaryimage"},"image":{"@id":"https:\/\/dev.tg4.ie\/ga\/eolas\/preas\/nuacht-raitis\/2019-2\/is-mise\/#primaryimage"},"thumbnailUrl":"https:\/\/tg4-docs.s3.amazonaws.com\/tg4-redesign-2015\/wp-content\/uploads\/2019\/07\/Is_Mise_1.jpg","datePublished":"2019-07-01T14:01:42+00:00","dateModified":"2019-07-01T14:15:12+00:00","breadcrumb":{"@id":"https:\/\/dev.tg4.ie\/ga\/eolas\/preas\/nuacht-raitis\/2019-2\/is-mise\/#breadcrumb"},"inLanguage":"ga","potentialAction":[{"@type":"ReadAction","target":["https:\/\/dev.tg4.ie\/ga\/eolas\/preas\/nuacht-raitis\/2019-2\/is-mise\/"]}]},{"@type":"ImageObject","inLanguage":"ga","@id":"https:\/\/dev.tg4.ie\/ga\/eolas\/preas\/nuacht-raitis\/2019-2\/is-mise\/#primaryimage","url":"https:\/\/tg4-docs.s3.amazonaws.com\/tg4-redesign-2015\/wp-content\/uploads\/2019\/07\/Is_Mise_1.jpg","contentUrl":"https:\/\/tg4-docs.s3.amazonaws.com\/tg4-redesign-2015\/wp-content\/uploads\/2019\/07\/Is_Mise_1.jpg","width":1920,"height":1080,"caption":"Is Mise - Joey, R\u00edona, R\u00f3is\u00edn agus C\u00f3il"},{"@type":"BreadcrumbList","@id":"https:\/\/dev.tg4.ie\/ga\/eolas\/preas\/nuacht-raitis\/2019-2\/is-mise\/#breadcrumb","itemListElement":[{"@type":"ListItem","position":1,"name":"Home","item":"https:\/\/dev.tg4.ie\/ga\/"},{"@type":"ListItem","position":2,"name":"Eolas","item":"https:\/\/dev.tg4.ie\/ga\/eolas\/"},{"@type":"ListItem","position":3,"name":"Preas","item":"https:\/\/dev.tg4.ie\/ga\/eolas\/preas\/"},{"@type":"ListItem","position":4,"name":"Nuacht R\u00e1itis","item":"https:\/\/dev.tg4.ie\/ga\/eolas\/preas\/nuacht-raitis\/"},{"@type":"ListItem","position":5,"name":"2019","item":"https:\/\/dev.tg4.ie\/ga\/eolas\/preas\/nuacht-raitis\/2019-2\/"},{"@type":"ListItem","position":6,"name":"Is Mise"}]},{"@type":"WebSite","@id":"https:\/\/dev.tg4.ie\/en\/#website","url":"https:\/\/dev.tg4.ie\/en\/","name":"TG4","description":"S\u00fail Eile","potentialAction":[{"@type":"SearchAction","target":{"@type":"EntryPoint","urlTemplate":"https:\/\/dev.tg4.ie\/en\/?s={search_term_string}"},"query-input":"required name=search_term_string"}],"inLanguage":"ga"}]}},"_links":{"self":[{"href":"https:\/\/dev.tg4.ie\/ga\/wp-json\/wp\/v2\/pages\/102844"}],"collection":[{"href":"https:\/\/dev.tg4.ie\/ga\/wp-json\/wp\/v2\/pages"}],"about":[{"href":"https:\/\/dev.tg4.ie\/ga\/wp-json\/wp\/v2\/types\/page"}],"author":[{"embeddable":true,"href":"https:\/\/dev.tg4.ie\/ga\/wp-json\/wp\/v2\/users\/999"}],"replies":[{"embeddable":true,"href":"https:\/\/dev.tg4.ie\/ga\/wp-json\/wp\/v2\/comments?post=102844"}],"version-history":[{"count":0,"href":"https:\/\/dev.tg4.ie\/ga\/wp-json\/wp\/v2\/pages\/102844\/revisions"}],"up":[{"embeddable":true,"href":"https:\/\/dev.tg4.ie\/ga\/wp-json\/wp\/v2\/pages\/98830"}],"wp:featuredmedia":[{"embeddable":true,"href":"https:\/\/dev.tg4.ie\/ga\/wp-json\/wp\/v2\/media\/102846"}],"wp:attachment":[{"href":"https:\/\/dev.tg4.ie\/ga\/wp-json\/wp\/v2\/media?parent=102844"}],"curies":[{"name":"wp","href":"https:\/\/api.w.org\/{rel}","templated":true}]}}