{"id":102977,"date":"2019-04-10T13:06:05","date_gmt":"2019-04-10T12:06:05","guid":{"rendered":"https:\/\/dev.tg4.ie\/?page_id=102977"},"modified":"2019-11-12T11:02:01","modified_gmt":"2019-11-12T11:02:01","slug":"mna-spoirt-croi-is-anam-ag-tosu-ar-tg4","status":"publish","type":"page","link":"https:\/\/dev.tg4.ie\/ga\/eolas\/preas\/nuacht-raitis\/2019-2\/mna-spoirt-croi-is-anam-ag-tosu-ar-tg4\/","title":{"rendered":"Mn\u00e1 Sp\u00f3irt &#8211; Cro\u00ed is Anam ag tos\u00fa ar TG4"},"content":{"rendered":"<p>Arna scann\u00e1n\u00fa agus \u00ed ar t\u00ed an tr\u00ed\u00fa cluiche ceannais cam\u00f3ga\u00edochta Uile \u00c9ireann a bhaint i mbliana, shocraigh Aoife N\u00ed Chaiside sp\u00e9is a chur i gc\u00farsa\u00ed sp\u00f3irt taobh amuigh de na cluich\u00ed Gaelacha a bhfuil s\u00ed f\u00e9in b\u00e1ite iontu. Ag taisteal fud fad na t\u00edre, buailfidh s\u00ed le mn\u00e1 ild\u00e1nacha at\u00e1 p\u00e1irteach i r\u00e9imse leathan sp\u00f3irt, a chuireann a gcro\u00ed agus a n-anam isteach ina sp\u00f3rt f\u00e9in.<\/p>\n<p>&nbsp;<\/p>\n<p>T\u00e1 n\u00edos m\u00f3 ag baint leis tsraith n\u00e1 sp\u00f3rt \u2013 fiosra\u00edonn s\u00ed mar is f\u00e9idir le sp\u00f3rt cuidi\u00fa le cail\u00edn\u00ed agus le mn\u00e1 ar chuid mh\u00f3r beala\u00ed; faoin ard\u00fa meanman, faoin neart fisici\u00fail, meabhrach agus moth\u00fach\u00e1nach a thugann sp\u00f3rt do mhn\u00e1 agus d\u00e9antar ceili\u00faradh ar an chumhacht at\u00e1 ag sp\u00f3rt le mn\u00e1 a thabhairt le ch\u00e9ile i saol at\u00e1 ag \u00e9ir\u00ed n\u00edos scoite.<\/p>\n<p>&nbsp;<\/p>\n<p>I gcl\u00e1r a haon, fiosr\u00f3idh Aoife \u00e1bhar a bhfuil s\u00ed f\u00e9in eolach air \u2013 sp\u00f3rt foirne, chun na luachanna a bhaineann le sp\u00f3rt foirne a fhiosr\u00fa \u2013 muin\u00edn, meas agus cairdeas. Labhr\u00f3idh s\u00ed le Katie Mullan, captaen fhoireann haca na h\u00c9ireann a bhuaigh bonn airgid ag Corn an Domhain sa Haca in 2018, faoi na cairde a rinne s\u00ed tr\u00edd an sp\u00f3rt agus le scothimreoir peile agus cam\u00f3ga\u00edochta le Corcaigh, Rena Buckley, a bhfuil Craobh na h\u00c9ireann buaite ocht n-uaire d\u00e9ag aici. Casfaidh s\u00ed leis an t\u00e9 a bhunaigh an feachtas 20&#215;20, a bhfuil s\u00e9 mar sprioc aige aird an phobail agus na me\u00e1n a tharraingt ar sp\u00f3rt na mban in \u00c9irinn.<\/p>\n<p>&nbsp;<\/p>\n<p>Sa dara cl\u00e1r, cuirfidh Aoife suim i mn\u00e1 at\u00e1 i mbun sp\u00f3irt at\u00e1 neamhchos\u00fail lena sp\u00f3rt f\u00e9in &#8211; l\u00fathchleasaithe aonair, nach mb\u00edonn taca na foirne acu mar a bh\u00edonn aicise. Buailfidh s\u00ed leis an r\u00e1b\u00e1la\u00ed, Patience Jumbo Gula, leis an gcaiteoir teisce, Niamh McCarthy, agus le curadh domhanda sa liathr\u00f3id l\u00e1imhe, Aisling Reilly.\u00a0\u00a0 Pl\u00e9ifear ceisteanna m\u00f3ra \u2013 m\u00edchumas, \u00edomh\u00e1 agus cin\u00edochas i sp\u00f3rt.<\/p>\n<p>&nbsp;<\/p>\n<p>Sa chl\u00e1r deiridh sa tsraith, d\u00e9antar ceili\u00faradh ar sp\u00f3rt mar chuid den saol agus ar na bunt\u00e1ist\u00ed a bhaineann le sp\u00f3rt agus acla\u00edocht do mhn\u00e1. Ag cluiche d\u00fashl\u00e1nach idir a foireann f\u00e9in, Sleacht N\u00e9ill, agus foireann as contae Chill Chainnigh, buailfidh Aoife le bainisteoir na foirne agus an laoch m\u00f3r cam\u00f3ga\u00edochta, Ann Downey, le labhairt faoin laghad ban at\u00e1 ina n-oifigigh i gc\u00farsa\u00ed sp\u00f3irt. Tabharfaidh s\u00ed cuairt ar scoil Eimear Considine, imreoir rugba\u00ed le foireann na h\u00c9ireann, a dh\u00e9anann a seacht d\u00edcheall gean don sp\u00f3rt a choth\u00fa i measc chail\u00edn\u00ed a scoile agus lena gcoinne\u00e1il ag imirt agus tugann Aoife faoi dh\u00fashl\u00e1n \u00farnua \u2013 MMA i dteannta curadh \u00f3g, Leah McCourt, at\u00e1 ag iarraidh for\u00e1s a chur faoin sp\u00f3rt in \u00c9irinn.<\/p>\n<p>&nbsp;<\/p>\n<p>Pl\u00e9itear r\u00e9imse leathan sp\u00f3irt sa tsraith seo ina bhfuil seatanna dr\u00e1mat\u00fala aicsin agus agallaimh fuinni\u00fala cneasta leis an l\u00e1ithreoir, Aoife, agus \u00ed ag ullmh\u00fa do chluiche ceannais na h\u00c9ireann sa cham\u00f3ga\u00edocht.<\/p>\n<p>&nbsp;<\/p>\n<p>Mn\u00e1 Sp\u00f3irt: Cro\u00ed is Anam arna l\u00e9iri\u00fa ag DoubleBand Films do TG4 agus do BBCNI, le maoini\u00fa \u00f3n Chiste Craolt\u00f3ireachta Gaeilge.<br \/>\nBlaise den tsraith\u00a0 <a href=\"https:\/\/grabyo.com\/g\/v\/tJmshAZixHN\" target=\"_blank\" rel=\"noopener noreferrer\" data-auth=\"NotApplicable\">https:\/\/grabyo.com\/g\/v\/tJmshAZixHN<\/a><\/p>\n<p>&nbsp;<\/p>\n","protected":false},"excerpt":{"rendered":"<p>Arna scann\u00e1n\u00fa agus \u00ed ar t\u00ed an tr\u00ed\u00fa cluiche ceannais cam\u00f3ga\u00edochta Uile \u00c9ireann a bhaint i mbliana, shocraigh Aoife N\u00ed Chaiside sp\u00e9is a chur i gc\u00farsa\u00ed sp\u00f3irt taobh amuigh de na cluich\u00ed Gaelacha a bhfuil s\u00ed f\u00e9in b\u00e1ite iontu. Ag taisteal fud fad na t\u00edre, buailfidh s\u00ed le mn\u00e1 ild\u00e1nacha at\u00e1 p\u00e1irteach i r\u00e9imse leathan [&hellip;]<\/p>\n","protected":false},"author":876,"featured_media":102978,"parent":98830,"menu_order":15,"comment_status":"closed","ping_status":"closed","template":"page-templates\/template-pr.php","meta":{"_acf_changed":false,"footnotes":""},"acf":[],"yoast_head":"<!-- This site is optimized with the Yoast SEO plugin v22.6 - https:\/\/yoast.com\/wordpress\/plugins\/seo\/ -->\n<title>Mn\u00e1 Sp\u00f3irt - Cro\u00ed is Anam ag tos\u00fa ar TG4 - TG4<\/title>\n<meta name=\"robots\" content=\"index, follow, max-snippet:-1, max-image-preview:large, max-video-preview:-1\" \/>\n<meta property=\"og:locale\" content=\"en_US\" \/>\n<meta property=\"og:type\" content=\"article\" \/>\n<meta property=\"og:title\" content=\"Mn\u00e1 Sp\u00f3irt - Cro\u00ed is Anam ag tos\u00fa ar TG4 - TG4\" \/>\n<meta property=\"og:description\" content=\"Arna scann\u00e1n\u00fa agus \u00ed ar t\u00ed an tr\u00ed\u00fa cluiche ceannais cam\u00f3ga\u00edochta Uile \u00c9ireann a bhaint i mbliana, shocraigh Aoife N\u00ed Chaiside sp\u00e9is a chur i gc\u00farsa\u00ed sp\u00f3irt taobh amuigh de na cluich\u00ed Gaelacha a bhfuil s\u00ed f\u00e9in b\u00e1ite iontu. Ag taisteal fud fad na t\u00edre, buailfidh s\u00ed le mn\u00e1 ild\u00e1nacha at\u00e1 p\u00e1irteach i r\u00e9imse leathan [&hellip;]\" \/>\n<meta property=\"og:url\" content=\"https:\/\/dev.tg4.ie\/ga\/eolas\/preas\/nuacht-raitis\/2019-2\/mna-spoirt-croi-is-anam-ag-tosu-ar-tg4\/\" \/>\n<meta property=\"og:site_name\" content=\"TG4\" \/>\n<meta property=\"article:publisher\" content=\"https:\/\/www.facebook.com\/TG4TV\" \/>\n<meta property=\"article:modified_time\" content=\"2019-11-12T11:02:01+00:00\" \/>\n<meta property=\"og:image\" content=\"https:\/\/tg4-docs.s3.amazonaws.com\/wp-content\/uploads\/2024\/11\/18151812\/TG4_2024_corcra_teal_1-1920x1080-1.jpg\" \/>\n\t<meta property=\"og:image:width\" content=\"1920\" \/>\n\t<meta property=\"og:image:height\" content=\"1080\" \/>\n\t<meta property=\"og:image:type\" content=\"image\/jpeg\" \/>\n<meta name=\"twitter:card\" content=\"summary_large_image\" \/>\n<meta name=\"twitter:site\" content=\"@TG4TV\" \/>\n<meta name=\"twitter:label1\" content=\"Est. reading time\" \/>\n\t<meta name=\"twitter:data1\" content=\"3 minutes\" \/>\n<script type=\"application\/ld+json\" class=\"yoast-schema-graph\">{\"@context\":\"https:\/\/schema.org\",\"@graph\":[{\"@type\":\"WebPage\",\"@id\":\"https:\/\/dev.tg4.ie\/ga\/eolas\/preas\/nuacht-raitis\/2019-2\/mna-spoirt-croi-is-anam-ag-tosu-ar-tg4\/\",\"url\":\"https:\/\/dev.tg4.ie\/ga\/eolas\/preas\/nuacht-raitis\/2019-2\/mna-spoirt-croi-is-anam-ag-tosu-ar-tg4\/\",\"name\":\"Mn\u00e1 Sp\u00f3irt - Cro\u00ed is Anam ag tos\u00fa ar TG4 - TG4\",\"isPartOf\":{\"@id\":\"https:\/\/dev.tg4.ie\/en\/#website\"},\"primaryImageOfPage\":{\"@id\":\"https:\/\/dev.tg4.ie\/ga\/eolas\/preas\/nuacht-raitis\/2019-2\/mna-spoirt-croi-is-anam-ag-tosu-ar-tg4\/#primaryimage\"},\"image\":{\"@id\":\"https:\/\/dev.tg4.ie\/ga\/eolas\/preas\/nuacht-raitis\/2019-2\/mna-spoirt-croi-is-anam-ag-tosu-ar-tg4\/#primaryimage\"},\"thumbnailUrl\":\"\",\"datePublished\":\"2019-04-10T12:06:05+00:00\",\"dateModified\":\"2019-11-12T11:02:01+00:00\",\"breadcrumb\":{\"@id\":\"https:\/\/dev.tg4.ie\/ga\/eolas\/preas\/nuacht-raitis\/2019-2\/mna-spoirt-croi-is-anam-ag-tosu-ar-tg4\/#breadcrumb\"},\"inLanguage\":\"ga\",\"potentialAction\":[{\"@type\":\"ReadAction\",\"target\":[\"https:\/\/dev.tg4.ie\/ga\/eolas\/preas\/nuacht-raitis\/2019-2\/mna-spoirt-croi-is-anam-ag-tosu-ar-tg4\/\"]}]},{\"@type\":\"ImageObject\",\"inLanguage\":\"ga\",\"@id\":\"https:\/\/dev.tg4.ie\/ga\/eolas\/preas\/nuacht-raitis\/2019-2\/mna-spoirt-croi-is-anam-ag-tosu-ar-tg4\/#primaryimage\",\"url\":\"\",\"contentUrl\":\"\"},{\"@type\":\"BreadcrumbList\",\"@id\":\"https:\/\/dev.tg4.ie\/ga\/eolas\/preas\/nuacht-raitis\/2019-2\/mna-spoirt-croi-is-anam-ag-tosu-ar-tg4\/#breadcrumb\",\"itemListElement\":[{\"@type\":\"ListItem\",\"position\":1,\"name\":\"Home\",\"item\":\"https:\/\/dev.tg4.ie\/ga\/\"},{\"@type\":\"ListItem\",\"position\":2,\"name\":\"Eolas\",\"item\":\"https:\/\/dev.tg4.ie\/ga\/eolas\/\"},{\"@type\":\"ListItem\",\"position\":3,\"name\":\"Preas\",\"item\":\"https:\/\/dev.tg4.ie\/ga\/eolas\/preas\/\"},{\"@type\":\"ListItem\",\"position\":4,\"name\":\"Nuacht R\u00e1itis\",\"item\":\"https:\/\/dev.tg4.ie\/ga\/eolas\/preas\/nuacht-raitis\/\"},{\"@type\":\"ListItem\",\"position\":5,\"name\":\"2019\",\"item\":\"https:\/\/dev.tg4.ie\/ga\/eolas\/preas\/nuacht-raitis\/2019-2\/\"},{\"@type\":\"ListItem\",\"position\":6,\"name\":\"Mn\u00e1 Sp\u00f3irt &#8211; Cro\u00ed is Anam ag tos\u00fa ar TG4\"}]},{\"@type\":\"WebSite\",\"@id\":\"https:\/\/dev.tg4.ie\/en\/#website\",\"url\":\"https:\/\/dev.tg4.ie\/en\/\",\"name\":\"TG4\",\"description\":\"S\u00fail Eile\",\"potentialAction\":[{\"@type\":\"SearchAction\",\"target\":{\"@type\":\"EntryPoint\",\"urlTemplate\":\"https:\/\/dev.tg4.ie\/en\/?s={search_term_string}\"},\"query-input\":\"required name=search_term_string\"}],\"inLanguage\":\"ga\"}]}<\/script>\n<!-- \/ Yoast SEO plugin. -->","yoast_head_json":{"title":"Mn\u00e1 Sp\u00f3irt - Cro\u00ed is Anam ag tos\u00fa ar TG4 - TG4","robots":{"index":"index","follow":"follow","max-snippet":"max-snippet:-1","max-image-preview":"max-image-preview:large","max-video-preview":"max-video-preview:-1"},"og_locale":"en_US","og_type":"article","og_title":"Mn\u00e1 Sp\u00f3irt - Cro\u00ed is Anam ag tos\u00fa ar TG4 - TG4","og_description":"Arna scann\u00e1n\u00fa agus \u00ed ar t\u00ed an tr\u00ed\u00fa cluiche ceannais cam\u00f3ga\u00edochta Uile \u00c9ireann a bhaint i mbliana, shocraigh Aoife N\u00ed Chaiside sp\u00e9is a chur i gc\u00farsa\u00ed sp\u00f3irt taobh amuigh de na cluich\u00ed Gaelacha a bhfuil s\u00ed f\u00e9in b\u00e1ite iontu. Ag taisteal fud fad na t\u00edre, buailfidh s\u00ed le mn\u00e1 ild\u00e1nacha at\u00e1 p\u00e1irteach i r\u00e9imse leathan [&hellip;]","og_url":"https:\/\/dev.tg4.ie\/ga\/eolas\/preas\/nuacht-raitis\/2019-2\/mna-spoirt-croi-is-anam-ag-tosu-ar-tg4\/","og_site_name":"TG4","article_publisher":"https:\/\/www.facebook.com\/TG4TV","article_modified_time":"2019-11-12T11:02:01+00:00","og_image":[{"width":1920,"height":1080,"url":"https:\/\/tg4-docs.s3.amazonaws.com\/wp-content\/uploads\/2024\/11\/18151812\/TG4_2024_corcra_teal_1-1920x1080-1.jpg","type":"image\/jpeg"}],"twitter_card":"summary_large_image","twitter_site":"@TG4TV","twitter_misc":{"Est. reading time":"3 minutes"},"schema":{"@context":"https:\/\/schema.org","@graph":[{"@type":"WebPage","@id":"https:\/\/dev.tg4.ie\/ga\/eolas\/preas\/nuacht-raitis\/2019-2\/mna-spoirt-croi-is-anam-ag-tosu-ar-tg4\/","url":"https:\/\/dev.tg4.ie\/ga\/eolas\/preas\/nuacht-raitis\/2019-2\/mna-spoirt-croi-is-anam-ag-tosu-ar-tg4\/","name":"Mn\u00e1 Sp\u00f3irt - Cro\u00ed is Anam ag tos\u00fa ar TG4 - TG4","isPartOf":{"@id":"https:\/\/dev.tg4.ie\/en\/#website"},"primaryImageOfPage":{"@id":"https:\/\/dev.tg4.ie\/ga\/eolas\/preas\/nuacht-raitis\/2019-2\/mna-spoirt-croi-is-anam-ag-tosu-ar-tg4\/#primaryimage"},"image":{"@id":"https:\/\/dev.tg4.ie\/ga\/eolas\/preas\/nuacht-raitis\/2019-2\/mna-spoirt-croi-is-anam-ag-tosu-ar-tg4\/#primaryimage"},"thumbnailUrl":"","datePublished":"2019-04-10T12:06:05+00:00","dateModified":"2019-11-12T11:02:01+00:00","breadcrumb":{"@id":"https:\/\/dev.tg4.ie\/ga\/eolas\/preas\/nuacht-raitis\/2019-2\/mna-spoirt-croi-is-anam-ag-tosu-ar-tg4\/#breadcrumb"},"inLanguage":"ga","potentialAction":[{"@type":"ReadAction","target":["https:\/\/dev.tg4.ie\/ga\/eolas\/preas\/nuacht-raitis\/2019-2\/mna-spoirt-croi-is-anam-ag-tosu-ar-tg4\/"]}]},{"@type":"ImageObject","inLanguage":"ga","@id":"https:\/\/dev.tg4.ie\/ga\/eolas\/preas\/nuacht-raitis\/2019-2\/mna-spoirt-croi-is-anam-ag-tosu-ar-tg4\/#primaryimage","url":"","contentUrl":""},{"@type":"BreadcrumbList","@id":"https:\/\/dev.tg4.ie\/ga\/eolas\/preas\/nuacht-raitis\/2019-2\/mna-spoirt-croi-is-anam-ag-tosu-ar-tg4\/#breadcrumb","itemListElement":[{"@type":"ListItem","position":1,"name":"Home","item":"https:\/\/dev.tg4.ie\/ga\/"},{"@type":"ListItem","position":2,"name":"Eolas","item":"https:\/\/dev.tg4.ie\/ga\/eolas\/"},{"@type":"ListItem","position":3,"name":"Preas","item":"https:\/\/dev.tg4.ie\/ga\/eolas\/preas\/"},{"@type":"ListItem","position":4,"name":"Nuacht R\u00e1itis","item":"https:\/\/dev.tg4.ie\/ga\/eolas\/preas\/nuacht-raitis\/"},{"@type":"ListItem","position":5,"name":"2019","item":"https:\/\/dev.tg4.ie\/ga\/eolas\/preas\/nuacht-raitis\/2019-2\/"},{"@type":"ListItem","position":6,"name":"Mn\u00e1 Sp\u00f3irt &#8211; Cro\u00ed is Anam ag tos\u00fa ar TG4"}]},{"@type":"WebSite","@id":"https:\/\/dev.tg4.ie\/en\/#website","url":"https:\/\/dev.tg4.ie\/en\/","name":"TG4","description":"S\u00fail Eile","potentialAction":[{"@type":"SearchAction","target":{"@type":"EntryPoint","urlTemplate":"https:\/\/dev.tg4.ie\/en\/?s={search_term_string}"},"query-input":"required name=search_term_string"}],"inLanguage":"ga"}]}},"_links":{"self":[{"href":"https:\/\/dev.tg4.ie\/ga\/wp-json\/wp\/v2\/pages\/102977"}],"collection":[{"href":"https:\/\/dev.tg4.ie\/ga\/wp-json\/wp\/v2\/pages"}],"about":[{"href":"https:\/\/dev.tg4.ie\/ga\/wp-json\/wp\/v2\/types\/page"}],"author":[{"embeddable":true,"href":"https:\/\/dev.tg4.ie\/ga\/wp-json\/wp\/v2\/users\/876"}],"replies":[{"embeddable":true,"href":"https:\/\/dev.tg4.ie\/ga\/wp-json\/wp\/v2\/comments?post=102977"}],"version-history":[{"count":0,"href":"https:\/\/dev.tg4.ie\/ga\/wp-json\/wp\/v2\/pages\/102977\/revisions"}],"up":[{"embeddable":true,"href":"https:\/\/dev.tg4.ie\/ga\/wp-json\/wp\/v2\/pages\/98830"}],"wp:featuredmedia":[{"embeddable":true,"href":"https:\/\/dev.tg4.ie\/ga\/wp-json\/"}],"wp:attachment":[{"href":"https:\/\/dev.tg4.ie\/ga\/wp-json\/wp\/v2\/media?parent=102977"}],"curies":[{"name":"wp","href":"https:\/\/api.w.org\/{rel}","templated":true}]}}