{"id":103645,"date":"2019-04-10T12:28:00","date_gmt":"2019-04-10T11:28:00","guid":{"rendered":"https:\/\/dev.tg4.ie\/?page_id=102953"},"modified":"2019-11-12T11:00:28","modified_gmt":"2019-11-12T11:00:28","slug":"turas-pearsanta-ata-sa-gclar-seo-faoi-sheosamh-o-conchuir-ar-a-chuid-laethanta-deireanacha-ar-an-saol","status":"publish","type":"page","link":"https:\/\/dev.tg4.ie\/ga\/eolas\/preas\/nuacht-raitis\/2019-2\/turas-pearsanta-ata-sa-gclar-seo-faoi-sheosamh-o-conchuir-ar-a-chuid-laethanta-deireanacha-ar-an-saol\/","title":{"rendered":"Turas pearsanta at\u00e1 sa gcl\u00e1r seo faoi Sheosamh \u00d3 Conch\u00fair ar a chuid laethanta deireanacha ar an saol"},"content":{"rendered":"<p>D\u00e9anann Sti\u00farth\u00f3ir an chl\u00e1ir, Mair\u00e9ad N\u00ed Thr\u00e9inir, scann\u00e1n\u00fa le Seosamh in Osp\u00eds Naomh Muire \u00e1it ar chaith s\u00e9 na laethanta deireanacha d\u00e1 shaol. Meabhra\u00edonn Seosamh siar ar a shaol le gliondar ina sh\u00faile, ag \u00e9isteacht le cuid den cheol a b\u2019ansa leis i gcuideachta a chairde is a ghaolta.<\/p>\n<p style=\"margin-bottom: 12.0pt;\">Beidh chuile dhuine in ann ionann\u00fa leis na t\u00e9ama\u00ed sa chl\u00e1r faisn\u00e9ise seo ar leibh\u00e9al inteacht. Baineann s\u00e9 le n\u00edos m\u00f3 n\u00e1 b\u00e1s agus deasghn\u00e1tha an bh\u00e1is. Is faoi fhear a chaith saol ioml\u00e1n comhl\u00edonta l\u00e1n \u00e9, n\u00e1r thuig a luach go dt\u00ed go raibh teagmh\u00e1il chrua aige lena bh\u00e1smhaireacht f\u00e9in, rud a mb\u00edonn coitianta go leor. Is faoi oidhreacht Sheosaimh at\u00e1 an scann\u00e1n seo.<\/p>\n<p style=\"margin-bottom: 12.0pt;\">Tugadh diagn\u00f3isi\u00fa ailse ar Sheosamh i Meitheamh 2018. Bh\u00ed s\u00e9 ar an d\u00e9 deiridh nuair a bhfuarthas amach agus thosaigh s\u00e9 ar c\u00f3ir leighis Chemo d\u00edreach ina dhiaidh. \u00d3 shin i leith chaith s\u00e9 bun\u00fas a laethanta san otharlann. I Me\u00e1n F\u00f3mhair, th\u00f3g Seosamh cinneadh an-chrua le comhairle a dhoct\u00fara agus taca\u00edocht a theaghlaigh gan lean\u00faint leis an chemo. Bhog s\u00e9 go hOsp\u00eds Naomh Muire i gCrois Araild agus is anseo a chinn s\u00e9 bheith rannph\u00e1irteach sa chl\u00e1r faisn\u00e9ise. Ina ghn\u00e1thbhealach f\u00e9in, an t-aon cheist a bh\u00ed aige n\u00e1: \u201cC\u00e9n f\u00e1th ar mhaith le duine scann\u00e1n a dh\u00e9anamh f\u00famsa?\u201d. Cuireann an cheist seo Mair\u00e9ad ag g\u00e1ir\u00ed de thairbhe gur l\u00e9ir an gr\u00e1 agus meas a bh\u00ed daoine f\u00e1na choinne sna laethanta a th\u00e1inig ina dhiaidh sin.<\/p>\n<p>Fuair Mair\u00e9ad glaoch ghuth\u00e1in dh\u00e1 l\u00e1 ina dhiaidh di tosn\u00fa ag scann\u00e1n\u00fa le Seosamh \u00f3na dhearth\u00e1ir Philip le r\u00e1 gur stop a chuid cainte agus go raibh an deireadh gar d\u00f3.\u00a0 Thug s\u00e9 cuireadh di dul ar ais le scann\u00e1n\u00fa leis an teaghlach. Faraor gear, d\u2019imigh Seosamh ar shl\u00ed na firinne an o\u00edche sin. Iontach go leor, d\u2019fhan s\u00e9 go dt\u00ed go raibh a chuid dearth\u00e1ireacha agus deirfi\u00faracha ar ais ina chuideachta, cuid acu a thaisteal \u00f3 th\u00edortha i gc\u00e9in.<\/p>\n<p style=\"margin-bottom: 12.0pt;\">Leanann an scann\u00e1n seo Seosamh go dt\u00ed go gcuirtear i gcr\u00e9 na cille \u00e9, ag meabhr\u00fa lena theaghlach agus lena chairde ag am an fhaire agus am na sochr\u00e1ide a bh\u00ed moth\u00falach agus traidisi\u00fanta. Labhrann a theaghlach is a chairde go mac\u00e1nta agus go hoscailte faoina bh\u00e1s agus faoina beala\u00ed gur chuidigh na deasghn\u00e1tha leo f\u00e1il tr\u00ed gach l\u00e1.<\/p>\n<p>D\u00fairt an sti\u00farth\u00f3ir Mair\u00e9ad N\u00ed Thr\u00e9inir: \u201c<em>An pr\u00edomhaidhm a bh\u00ed agamsa \u00f3 th\u00fas na scann\u00e1n\u00edochta le Seosamh agus lena theaghlach n\u00e1 a bheith moth\u00e1lach agus meas\u00fail faoina moth\u00fach\u00e1in. Baineadh stangadh asam ar chomh hoscailte agus mac\u00e1nta is a bh\u00ed Seosamh agus a theaghlach le linn na scann\u00e1n\u00edochta. Bh\u00ed s\u00e9 iontach deacair an cl\u00e1r faisn\u00e9ise seo a dh\u00e9anamh ar go leor leibhe\u00e1lacha, bheadh s\u00e9 easca\u00ed a bheith goillte, ach n\u00edor mhothaigh s\u00e9 go raibh m\u00e9 ag cur isteach orthu n\u00f3 nach raibh f\u00e1ilte romham ariamh; rud a thugann teastas ar thr\u00e9ithe na ndaoine seo. Seo \u00e9 sc\u00e9al Sheosaimh, agus is sc\u00e9al \u00e9 faoin bh\u00e1s agus faoina deasghn\u00e1tha a bhaineann le b\u00e1s agus na traidisi\u00fain in \u00c9irinn.\u201d<\/em><\/p>\n<p>Bh\u00ed an scann\u00e1n seo l\u00e9irithe ag M\u00e1ire Bhreathnach agus Mair\u00e9ad N\u00ed Thr\u00e9inir agus is \u00e9 Michael Fanning an l\u00e9iritheoir feidhmi\u00fach\u00e1in. Rinne Declan McGrath eagarth\u00f3ireacht air.<\/p>\n<p><span style=\"font-size: 10.5pt;\">L\u00e9irigh Below The Radar an scann\u00e1n le taca\u00edocht \u00f3n Chiste Craolt\u00f3ireachta Gaeilge de chuid Scail\u00e9ain Thuaisceart \u00c9ireann. <\/span><\/p>\n<p>&nbsp;<\/p>\n<p>G\u00edota \u00f3n<strong> Sc\u00e9al na Beatha<\/strong>: <a href=\"https:\/\/grabyo.com\/g\/v\/aG7x3DQnH8o\" target=\"_blank\" rel=\"noopener noreferrer\">https:\/\/grabyo.com\/g\/v\/aG7x3DQnH8o<br \/>\n<\/a><\/p>\n<p style=\"margin: 0in; margin-bottom: .0001pt; orphans: 2; -webkit-text-stroke-width: 0px; word-spacing: 0px;\"><span style=\"font-size: 10.5pt; font-family: 'Arial','sans-serif'; color: black;\"><br \/>\nSeosamh ag canadh <strong><i><span style=\"font-family: 'Arial','sans-serif';\">The City of Mullingar <\/span><\/i><\/strong><a href=\"https:\/\/grabyo.com\/g\/v\/yIgy8n4sYCi\" target=\"_blank\" rel=\"noopener noreferrer\">https:\/\/grabyo.com\/g\/v\/yIgy8n4sYCi<\/a><\/span><\/p>\n","protected":false},"excerpt":{"rendered":"<p>D\u00e9anann Sti\u00farth\u00f3ir an chl\u00e1ir, Mair\u00e9ad N\u00ed Thr\u00e9inir, scann\u00e1n\u00fa le Seosamh in Osp\u00eds Naomh Muire \u00e1it ar chaith s\u00e9 na laethanta deireanacha d\u00e1 shaol. Meabhra\u00edonn Seosamh siar ar a shaol le gliondar ina sh\u00faile, ag \u00e9isteacht le cuid den cheol a b\u2019ansa leis i gcuideachta a chairde is a ghaolta. Beidh chuile dhuine in ann ionann\u00fa [&hellip;]<\/p>\n","protected":false},"author":876,"featured_media":102956,"parent":98830,"menu_order":13,"comment_status":"closed","ping_status":"closed","template":"page-templates\/template-pr.php","meta":{"_acf_changed":false,"footnotes":""},"acf":[],"yoast_head":"<!-- This site is optimized with the Yoast SEO plugin v22.6 - https:\/\/yoast.com\/wordpress\/plugins\/seo\/ -->\n<title>Turas pearsanta at\u00e1 sa gcl\u00e1r seo faoi Sheosamh \u00d3 Conch\u00fair ar a chuid laethanta deireanacha ar an saol - TG4<\/title>\n<meta name=\"robots\" content=\"index, follow, max-snippet:-1, max-image-preview:large, max-video-preview:-1\" \/>\n<meta property=\"og:locale\" content=\"en_US\" \/>\n<meta property=\"og:type\" content=\"article\" \/>\n<meta property=\"og:title\" content=\"Turas pearsanta at\u00e1 sa gcl\u00e1r seo faoi Sheosamh \u00d3 Conch\u00fair ar a chuid laethanta deireanacha ar an saol - TG4\" \/>\n<meta property=\"og:description\" content=\"D\u00e9anann Sti\u00farth\u00f3ir an chl\u00e1ir, Mair\u00e9ad N\u00ed Thr\u00e9inir, scann\u00e1n\u00fa le Seosamh in Osp\u00eds Naomh Muire \u00e1it ar chaith s\u00e9 na laethanta deireanacha d\u00e1 shaol. Meabhra\u00edonn Seosamh siar ar a shaol le gliondar ina sh\u00faile, ag \u00e9isteacht le cuid den cheol a b\u2019ansa leis i gcuideachta a chairde is a ghaolta. Beidh chuile dhuine in ann ionann\u00fa [&hellip;]\" \/>\n<meta property=\"og:url\" content=\"https:\/\/dev.tg4.ie\/ga\/eolas\/preas\/nuacht-raitis\/2019-2\/turas-pearsanta-ata-sa-gclar-seo-faoi-sheosamh-o-conchuir-ar-a-chuid-laethanta-deireanacha-ar-an-saol\/\" \/>\n<meta property=\"og:site_name\" content=\"TG4\" \/>\n<meta property=\"article:publisher\" content=\"https:\/\/www.facebook.com\/TG4TV\" \/>\n<meta property=\"article:modified_time\" content=\"2019-11-12T11:00:28+00:00\" \/>\n<meta property=\"og:image\" content=\"https:\/\/tg4-docs.s3.amazonaws.com\/wp-content\/uploads\/2024\/11\/18151812\/TG4_2024_corcra_teal_1-1920x1080-1.jpg\" \/>\n\t<meta property=\"og:image:width\" content=\"1920\" \/>\n\t<meta property=\"og:image:height\" content=\"1080\" \/>\n\t<meta property=\"og:image:type\" content=\"image\/jpeg\" \/>\n<meta name=\"twitter:card\" content=\"summary_large_image\" \/>\n<meta name=\"twitter:site\" content=\"@TG4TV\" \/>\n<meta name=\"twitter:label1\" content=\"Est. reading time\" \/>\n\t<meta name=\"twitter:data1\" content=\"3 minutes\" \/>\n<script type=\"application\/ld+json\" class=\"yoast-schema-graph\">{\"@context\":\"https:\/\/schema.org\",\"@graph\":[{\"@type\":\"WebPage\",\"@id\":\"https:\/\/dev.tg4.ie\/ga\/eolas\/preas\/nuacht-raitis\/2019-2\/turas-pearsanta-ata-sa-gclar-seo-faoi-sheosamh-o-conchuir-ar-a-chuid-laethanta-deireanacha-ar-an-saol\/\",\"url\":\"https:\/\/dev.tg4.ie\/ga\/eolas\/preas\/nuacht-raitis\/2019-2\/turas-pearsanta-ata-sa-gclar-seo-faoi-sheosamh-o-conchuir-ar-a-chuid-laethanta-deireanacha-ar-an-saol\/\",\"name\":\"Turas pearsanta at\u00e1 sa gcl\u00e1r seo faoi Sheosamh \u00d3 Conch\u00fair ar a chuid laethanta deireanacha ar an saol - TG4\",\"isPartOf\":{\"@id\":\"https:\/\/dev.tg4.ie\/en\/#website\"},\"primaryImageOfPage\":{\"@id\":\"https:\/\/dev.tg4.ie\/ga\/eolas\/preas\/nuacht-raitis\/2019-2\/turas-pearsanta-ata-sa-gclar-seo-faoi-sheosamh-o-conchuir-ar-a-chuid-laethanta-deireanacha-ar-an-saol\/#primaryimage\"},\"image\":{\"@id\":\"https:\/\/dev.tg4.ie\/ga\/eolas\/preas\/nuacht-raitis\/2019-2\/turas-pearsanta-ata-sa-gclar-seo-faoi-sheosamh-o-conchuir-ar-a-chuid-laethanta-deireanacha-ar-an-saol\/#primaryimage\"},\"thumbnailUrl\":\"\",\"datePublished\":\"2019-04-10T11:28:00+00:00\",\"dateModified\":\"2019-11-12T11:00:28+00:00\",\"breadcrumb\":{\"@id\":\"https:\/\/dev.tg4.ie\/ga\/eolas\/preas\/nuacht-raitis\/2019-2\/turas-pearsanta-ata-sa-gclar-seo-faoi-sheosamh-o-conchuir-ar-a-chuid-laethanta-deireanacha-ar-an-saol\/#breadcrumb\"},\"inLanguage\":\"ga\",\"potentialAction\":[{\"@type\":\"ReadAction\",\"target\":[\"https:\/\/dev.tg4.ie\/ga\/eolas\/preas\/nuacht-raitis\/2019-2\/turas-pearsanta-ata-sa-gclar-seo-faoi-sheosamh-o-conchuir-ar-a-chuid-laethanta-deireanacha-ar-an-saol\/\"]}]},{\"@type\":\"ImageObject\",\"inLanguage\":\"ga\",\"@id\":\"https:\/\/dev.tg4.ie\/ga\/eolas\/preas\/nuacht-raitis\/2019-2\/turas-pearsanta-ata-sa-gclar-seo-faoi-sheosamh-o-conchuir-ar-a-chuid-laethanta-deireanacha-ar-an-saol\/#primaryimage\",\"url\":\"\",\"contentUrl\":\"\"},{\"@type\":\"BreadcrumbList\",\"@id\":\"https:\/\/dev.tg4.ie\/ga\/eolas\/preas\/nuacht-raitis\/2019-2\/turas-pearsanta-ata-sa-gclar-seo-faoi-sheosamh-o-conchuir-ar-a-chuid-laethanta-deireanacha-ar-an-saol\/#breadcrumb\",\"itemListElement\":[{\"@type\":\"ListItem\",\"position\":1,\"name\":\"Home\",\"item\":\"https:\/\/dev.tg4.ie\/ga\/\"},{\"@type\":\"ListItem\",\"position\":2,\"name\":\"Eolas\",\"item\":\"https:\/\/dev.tg4.ie\/ga\/eolas\/\"},{\"@type\":\"ListItem\",\"position\":3,\"name\":\"Preas\",\"item\":\"https:\/\/dev.tg4.ie\/ga\/eolas\/preas\/\"},{\"@type\":\"ListItem\",\"position\":4,\"name\":\"Nuacht R\u00e1itis\",\"item\":\"https:\/\/dev.tg4.ie\/ga\/eolas\/preas\/nuacht-raitis\/\"},{\"@type\":\"ListItem\",\"position\":5,\"name\":\"2019\",\"item\":\"https:\/\/dev.tg4.ie\/ga\/eolas\/preas\/nuacht-raitis\/2019-2\/\"},{\"@type\":\"ListItem\",\"position\":6,\"name\":\"Turas pearsanta at\u00e1 sa gcl\u00e1r seo faoi Sheosamh \u00d3 Conch\u00fair ar a chuid laethanta deireanacha ar an saol\"}]},{\"@type\":\"WebSite\",\"@id\":\"https:\/\/dev.tg4.ie\/en\/#website\",\"url\":\"https:\/\/dev.tg4.ie\/en\/\",\"name\":\"TG4\",\"description\":\"S\u00fail Eile\",\"potentialAction\":[{\"@type\":\"SearchAction\",\"target\":{\"@type\":\"EntryPoint\",\"urlTemplate\":\"https:\/\/dev.tg4.ie\/en\/?s={search_term_string}\"},\"query-input\":\"required name=search_term_string\"}],\"inLanguage\":\"ga\"}]}<\/script>\n<!-- \/ Yoast SEO plugin. -->","yoast_head_json":{"title":"Turas pearsanta at\u00e1 sa gcl\u00e1r seo faoi Sheosamh \u00d3 Conch\u00fair ar a chuid laethanta deireanacha ar an saol - TG4","robots":{"index":"index","follow":"follow","max-snippet":"max-snippet:-1","max-image-preview":"max-image-preview:large","max-video-preview":"max-video-preview:-1"},"og_locale":"en_US","og_type":"article","og_title":"Turas pearsanta at\u00e1 sa gcl\u00e1r seo faoi Sheosamh \u00d3 Conch\u00fair ar a chuid laethanta deireanacha ar an saol - TG4","og_description":"D\u00e9anann Sti\u00farth\u00f3ir an chl\u00e1ir, Mair\u00e9ad N\u00ed Thr\u00e9inir, scann\u00e1n\u00fa le Seosamh in Osp\u00eds Naomh Muire \u00e1it ar chaith s\u00e9 na laethanta deireanacha d\u00e1 shaol. Meabhra\u00edonn Seosamh siar ar a shaol le gliondar ina sh\u00faile, ag \u00e9isteacht le cuid den cheol a b\u2019ansa leis i gcuideachta a chairde is a ghaolta. Beidh chuile dhuine in ann ionann\u00fa [&hellip;]","og_url":"https:\/\/dev.tg4.ie\/ga\/eolas\/preas\/nuacht-raitis\/2019-2\/turas-pearsanta-ata-sa-gclar-seo-faoi-sheosamh-o-conchuir-ar-a-chuid-laethanta-deireanacha-ar-an-saol\/","og_site_name":"TG4","article_publisher":"https:\/\/www.facebook.com\/TG4TV","article_modified_time":"2019-11-12T11:00:28+00:00","og_image":[{"width":1920,"height":1080,"url":"https:\/\/tg4-docs.s3.amazonaws.com\/wp-content\/uploads\/2024\/11\/18151812\/TG4_2024_corcra_teal_1-1920x1080-1.jpg","type":"image\/jpeg"}],"twitter_card":"summary_large_image","twitter_site":"@TG4TV","twitter_misc":{"Est. reading time":"3 minutes"},"schema":{"@context":"https:\/\/schema.org","@graph":[{"@type":"WebPage","@id":"https:\/\/dev.tg4.ie\/ga\/eolas\/preas\/nuacht-raitis\/2019-2\/turas-pearsanta-ata-sa-gclar-seo-faoi-sheosamh-o-conchuir-ar-a-chuid-laethanta-deireanacha-ar-an-saol\/","url":"https:\/\/dev.tg4.ie\/ga\/eolas\/preas\/nuacht-raitis\/2019-2\/turas-pearsanta-ata-sa-gclar-seo-faoi-sheosamh-o-conchuir-ar-a-chuid-laethanta-deireanacha-ar-an-saol\/","name":"Turas pearsanta at\u00e1 sa gcl\u00e1r seo faoi Sheosamh \u00d3 Conch\u00fair ar a chuid laethanta deireanacha ar an saol - TG4","isPartOf":{"@id":"https:\/\/dev.tg4.ie\/en\/#website"},"primaryImageOfPage":{"@id":"https:\/\/dev.tg4.ie\/ga\/eolas\/preas\/nuacht-raitis\/2019-2\/turas-pearsanta-ata-sa-gclar-seo-faoi-sheosamh-o-conchuir-ar-a-chuid-laethanta-deireanacha-ar-an-saol\/#primaryimage"},"image":{"@id":"https:\/\/dev.tg4.ie\/ga\/eolas\/preas\/nuacht-raitis\/2019-2\/turas-pearsanta-ata-sa-gclar-seo-faoi-sheosamh-o-conchuir-ar-a-chuid-laethanta-deireanacha-ar-an-saol\/#primaryimage"},"thumbnailUrl":"","datePublished":"2019-04-10T11:28:00+00:00","dateModified":"2019-11-12T11:00:28+00:00","breadcrumb":{"@id":"https:\/\/dev.tg4.ie\/ga\/eolas\/preas\/nuacht-raitis\/2019-2\/turas-pearsanta-ata-sa-gclar-seo-faoi-sheosamh-o-conchuir-ar-a-chuid-laethanta-deireanacha-ar-an-saol\/#breadcrumb"},"inLanguage":"ga","potentialAction":[{"@type":"ReadAction","target":["https:\/\/dev.tg4.ie\/ga\/eolas\/preas\/nuacht-raitis\/2019-2\/turas-pearsanta-ata-sa-gclar-seo-faoi-sheosamh-o-conchuir-ar-a-chuid-laethanta-deireanacha-ar-an-saol\/"]}]},{"@type":"ImageObject","inLanguage":"ga","@id":"https:\/\/dev.tg4.ie\/ga\/eolas\/preas\/nuacht-raitis\/2019-2\/turas-pearsanta-ata-sa-gclar-seo-faoi-sheosamh-o-conchuir-ar-a-chuid-laethanta-deireanacha-ar-an-saol\/#primaryimage","url":"","contentUrl":""},{"@type":"BreadcrumbList","@id":"https:\/\/dev.tg4.ie\/ga\/eolas\/preas\/nuacht-raitis\/2019-2\/turas-pearsanta-ata-sa-gclar-seo-faoi-sheosamh-o-conchuir-ar-a-chuid-laethanta-deireanacha-ar-an-saol\/#breadcrumb","itemListElement":[{"@type":"ListItem","position":1,"name":"Home","item":"https:\/\/dev.tg4.ie\/ga\/"},{"@type":"ListItem","position":2,"name":"Eolas","item":"https:\/\/dev.tg4.ie\/ga\/eolas\/"},{"@type":"ListItem","position":3,"name":"Preas","item":"https:\/\/dev.tg4.ie\/ga\/eolas\/preas\/"},{"@type":"ListItem","position":4,"name":"Nuacht R\u00e1itis","item":"https:\/\/dev.tg4.ie\/ga\/eolas\/preas\/nuacht-raitis\/"},{"@type":"ListItem","position":5,"name":"2019","item":"https:\/\/dev.tg4.ie\/ga\/eolas\/preas\/nuacht-raitis\/2019-2\/"},{"@type":"ListItem","position":6,"name":"Turas pearsanta at\u00e1 sa gcl\u00e1r seo faoi Sheosamh \u00d3 Conch\u00fair ar a chuid laethanta deireanacha ar an saol"}]},{"@type":"WebSite","@id":"https:\/\/dev.tg4.ie\/en\/#website","url":"https:\/\/dev.tg4.ie\/en\/","name":"TG4","description":"S\u00fail Eile","potentialAction":[{"@type":"SearchAction","target":{"@type":"EntryPoint","urlTemplate":"https:\/\/dev.tg4.ie\/en\/?s={search_term_string}"},"query-input":"required name=search_term_string"}],"inLanguage":"ga"}]}},"_links":{"self":[{"href":"https:\/\/dev.tg4.ie\/ga\/wp-json\/wp\/v2\/pages\/103645"}],"collection":[{"href":"https:\/\/dev.tg4.ie\/ga\/wp-json\/wp\/v2\/pages"}],"about":[{"href":"https:\/\/dev.tg4.ie\/ga\/wp-json\/wp\/v2\/types\/page"}],"author":[{"embeddable":true,"href":"https:\/\/dev.tg4.ie\/ga\/wp-json\/wp\/v2\/users\/876"}],"replies":[{"embeddable":true,"href":"https:\/\/dev.tg4.ie\/ga\/wp-json\/wp\/v2\/comments?post=103645"}],"version-history":[{"count":0,"href":"https:\/\/dev.tg4.ie\/ga\/wp-json\/wp\/v2\/pages\/103645\/revisions"}],"up":[{"embeddable":true,"href":"https:\/\/dev.tg4.ie\/ga\/wp-json\/wp\/v2\/pages\/98830"}],"wp:featuredmedia":[{"embeddable":true,"href":"https:\/\/dev.tg4.ie\/ga\/wp-json\/"}],"wp:attachment":[{"href":"https:\/\/dev.tg4.ie\/ga\/wp-json\/wp\/v2\/media?parent=103645"}],"curies":[{"name":"wp","href":"https:\/\/api.w.org\/{rel}","templated":true}]}}