{"id":104423,"date":"2019-05-22T13:20:13","date_gmt":"2019-05-22T12:20:13","guid":{"rendered":"https:\/\/dev.tg4.ie\/?page_id=104423"},"modified":"2020-01-17T12:50:50","modified_gmt":"2020-01-17T12:50:50","slug":"junior-eurovision-2019-an-tusa-an-chead-bhuaiteoir-eile","status":"publish","type":"page","link":"https:\/\/dev.tg4.ie\/ga\/eolas\/preas\/nuacht-raitis\/2019-2\/junior-eurovision-2019-an-tusa-an-chead-bhuaiteoir-eile\/","title":{"rendered":"Junior Eurovision 2019 &#8211; An tusa an ch\u00e9ad bhuaiteoir eile?"},"content":{"rendered":"<h2>Junior Eurovision 2019<\/h2>\n<p>T\u00e1imid ANOIS ag lorg iarratas do CHOM\u00d3RTAS AMHR\u00c1NA\u00cdOCHTA JUNIOR EUROVISION 2019.\u00a0\u00a0\u00a0<br \/>\nMeas t\u00fa an tusa an ch\u00e9ad bhuaiteoir eile? \u00a0<br \/>\n<a href=\"https:\/\/grabyo.com\/g\/v\/yi33kz7t9ox\" target=\"_blank\" rel=\"noopener noreferrer\" data-auth=\"NotApplicable\">https:\/\/grabyo.com\/g\/v\/yi33kz7t9ox<\/a><\/p>\n<p>&nbsp;<\/p>\n<p>Deis den ch\u00e9ad scoth a bheadh anseo ionada\u00edocht a dh\u00e9anamh ar \u00c9irinn ag an Junior Eurovision agus amhr\u00e1n a chasadh os comhair na milli\u00fan lucht f\u00e9achana.\u00a0M\u00e1 t\u00e1 tusa idir 9-14 bliana d\u2019aois an 24\/11\/19 d\u2019fh\u00e9adfadh t\u00fa a bheith san ioma\u00edocht sa Pholainn i m\u00ed na Samhna 2019.<\/p>\n<p>&nbsp;<\/p>\n<p>Ba \u00ed Aimee Banks an ch\u00e9ad bhuaiteoir do TG4 in 2015 a chuir drithl\u00edn\u00ed ar chuile dhuine sa mBulg\u00e1ir lena hamhr\u00e1n Gaeilge R\u00e9alta na Mara.<\/p>\n<p>&nbsp;<\/p>\n<p>Zena Donnelly a bhuaigh in 2016 agus a d\u2019ardaigh an cloigeann ar an staid i M\u00e1lta lena hamhr\u00e1n Br\u00edce ar Bhr\u00edce.<\/p>\n<p>&nbsp;<\/p>\n<p>Bhuaigh Muireann McDonnell in 2017 agus chuir chuile dhuine sa tSeoirsia faoi gheasa lena guth agus a hamhr\u00e1n S\u00faile Glasa.<\/p>\n<p>&nbsp;<\/p>\n<p>C\u00e9 a dh\u00e9anfaidh an beart in 2019 agus a chasfaidh os comhair na milli\u00fan?\u00a0Meas t\u00fa an tusa a bheidh ann? Deis den ch\u00e9ad scoth \u00e9 seo do ghuth agus do chuid ceoil a chur os comhair na milli\u00fan ar fud na hEorpa agus t\u00fa i l\u00e1thair thar ceann na h\u00c9ireann.<\/p>\n<p>Cl\u00e1raigh anois roimh an d\u00e1ta deiridh a nglacfar le hiarratais an 14\/6\/2019<span>\u00a0<\/span><a href=\"https:\/\/dev.tg4.ie\/junioreurovision\" target=\"_blank\" rel=\"noopener noreferrer\" data-auth=\"NotApplicable\">www.tg4.ie\/junioreurovision<\/a><\/p>\n<p>&nbsp;<\/p>\n","protected":false},"excerpt":{"rendered":"<p>Junior Eurovision 2019 T\u00e1imid ANOIS ag lorg iarratas do CHOM\u00d3RTAS AMHR\u00c1NA\u00cdOCHTA JUNIOR EUROVISION 2019.\u00a0\u00a0\u00a0 Meas t\u00fa an tusa an ch\u00e9ad bhuaiteoir eile? \u00a0 https:\/\/grabyo.com\/g\/v\/yi33kz7t9ox &nbsp; Deis den ch\u00e9ad scoth a bheadh anseo ionada\u00edocht a dh\u00e9anamh ar \u00c9irinn ag an Junior Eurovision agus amhr\u00e1n a chasadh os comhair na milli\u00fan lucht f\u00e9achana.\u00a0M\u00e1 t\u00e1 tusa idir 9-14 [&hellip;]<\/p>\n","protected":false},"author":876,"featured_media":96366,"parent":98830,"menu_order":17,"comment_status":"closed","ping_status":"closed","template":"page-templates\/template-pr.php","meta":{"_acf_changed":false,"footnotes":""},"acf":[],"yoast_head":"<!-- This site is optimized with the Yoast SEO plugin v22.6 - https:\/\/yoast.com\/wordpress\/plugins\/seo\/ -->\n<title>Junior Eurovision 2019 - An tusa an ch\u00e9ad bhuaiteoir eile? - TG4<\/title>\n<meta name=\"robots\" content=\"index, follow, max-snippet:-1, max-image-preview:large, max-video-preview:-1\" \/>\n<meta property=\"og:locale\" content=\"en_US\" \/>\n<meta property=\"og:type\" content=\"article\" \/>\n<meta property=\"og:title\" content=\"Junior Eurovision 2019 - An tusa an ch\u00e9ad bhuaiteoir eile? - TG4\" \/>\n<meta property=\"og:description\" content=\"Junior Eurovision 2019 T\u00e1imid ANOIS ag lorg iarratas do CHOM\u00d3RTAS AMHR\u00c1NA\u00cdOCHTA JUNIOR EUROVISION 2019.\u00a0\u00a0\u00a0 Meas t\u00fa an tusa an ch\u00e9ad bhuaiteoir eile? \u00a0 https:\/\/grabyo.com\/g\/v\/yi33kz7t9ox &nbsp; Deis den ch\u00e9ad scoth a bheadh anseo ionada\u00edocht a dh\u00e9anamh ar \u00c9irinn ag an Junior Eurovision agus amhr\u00e1n a chasadh os comhair na milli\u00fan lucht f\u00e9achana.\u00a0M\u00e1 t\u00e1 tusa idir 9-14 [&hellip;]\" \/>\n<meta property=\"og:url\" content=\"https:\/\/dev.tg4.ie\/ga\/eolas\/preas\/nuacht-raitis\/2019-2\/junior-eurovision-2019-an-tusa-an-chead-bhuaiteoir-eile\/\" \/>\n<meta property=\"og:site_name\" content=\"TG4\" \/>\n<meta property=\"article:publisher\" content=\"https:\/\/www.facebook.com\/TG4TV\" \/>\n<meta property=\"article:modified_time\" content=\"2020-01-17T12:50:50+00:00\" \/>\n<meta property=\"og:image\" content=\"https:\/\/tg4-docs.s3.amazonaws.com\/tg4-redesign-2015\/wp-content\/uploads\/2018\/11\/Taylor_Hynes.jpg\" \/>\n\t<meta property=\"og:image:width\" content=\"1920\" \/>\n\t<meta property=\"og:image:height\" content=\"1080\" \/>\n\t<meta property=\"og:image:type\" content=\"image\/jpeg\" \/>\n<meta name=\"twitter:card\" content=\"summary_large_image\" \/>\n<meta name=\"twitter:site\" content=\"@TG4TV\" \/>\n<meta name=\"twitter:label1\" content=\"Est. reading time\" \/>\n\t<meta name=\"twitter:data1\" content=\"1 minute\" \/>\n<script type=\"application\/ld+json\" class=\"yoast-schema-graph\">{\"@context\":\"https:\/\/schema.org\",\"@graph\":[{\"@type\":\"WebPage\",\"@id\":\"https:\/\/dev.tg4.ie\/ga\/eolas\/preas\/nuacht-raitis\/2019-2\/junior-eurovision-2019-an-tusa-an-chead-bhuaiteoir-eile\/\",\"url\":\"https:\/\/dev.tg4.ie\/ga\/eolas\/preas\/nuacht-raitis\/2019-2\/junior-eurovision-2019-an-tusa-an-chead-bhuaiteoir-eile\/\",\"name\":\"Junior Eurovision 2019 - An tusa an ch\u00e9ad bhuaiteoir eile? - TG4\",\"isPartOf\":{\"@id\":\"https:\/\/dev.tg4.ie\/en\/#website\"},\"primaryImageOfPage\":{\"@id\":\"https:\/\/dev.tg4.ie\/ga\/eolas\/preas\/nuacht-raitis\/2019-2\/junior-eurovision-2019-an-tusa-an-chead-bhuaiteoir-eile\/#primaryimage\"},\"image\":{\"@id\":\"https:\/\/dev.tg4.ie\/ga\/eolas\/preas\/nuacht-raitis\/2019-2\/junior-eurovision-2019-an-tusa-an-chead-bhuaiteoir-eile\/#primaryimage\"},\"thumbnailUrl\":\"https:\/\/tg4-docs.s3.amazonaws.com\/tg4-redesign-2015\/wp-content\/uploads\/2018\/11\/Taylor_Hynes.jpg\",\"datePublished\":\"2019-05-22T12:20:13+00:00\",\"dateModified\":\"2020-01-17T12:50:50+00:00\",\"breadcrumb\":{\"@id\":\"https:\/\/dev.tg4.ie\/ga\/eolas\/preas\/nuacht-raitis\/2019-2\/junior-eurovision-2019-an-tusa-an-chead-bhuaiteoir-eile\/#breadcrumb\"},\"inLanguage\":\"ga\",\"potentialAction\":[{\"@type\":\"ReadAction\",\"target\":[\"https:\/\/dev.tg4.ie\/ga\/eolas\/preas\/nuacht-raitis\/2019-2\/junior-eurovision-2019-an-tusa-an-chead-bhuaiteoir-eile\/\"]}]},{\"@type\":\"ImageObject\",\"inLanguage\":\"ga\",\"@id\":\"https:\/\/dev.tg4.ie\/ga\/eolas\/preas\/nuacht-raitis\/2019-2\/junior-eurovision-2019-an-tusa-an-chead-bhuaiteoir-eile\/#primaryimage\",\"url\":\"https:\/\/tg4-docs.s3.amazonaws.com\/tg4-redesign-2015\/wp-content\/uploads\/2018\/11\/Taylor_Hynes.jpg\",\"contentUrl\":\"https:\/\/tg4-docs.s3.amazonaws.com\/tg4-redesign-2015\/wp-content\/uploads\/2018\/11\/Taylor_Hynes.jpg\",\"width\":1920,\"height\":1080,\"caption\":\"Taylor Hynes\"},{\"@type\":\"BreadcrumbList\",\"@id\":\"https:\/\/dev.tg4.ie\/ga\/eolas\/preas\/nuacht-raitis\/2019-2\/junior-eurovision-2019-an-tusa-an-chead-bhuaiteoir-eile\/#breadcrumb\",\"itemListElement\":[{\"@type\":\"ListItem\",\"position\":1,\"name\":\"Home\",\"item\":\"https:\/\/dev.tg4.ie\/ga\/\"},{\"@type\":\"ListItem\",\"position\":2,\"name\":\"Eolas\",\"item\":\"https:\/\/dev.tg4.ie\/ga\/eolas\/\"},{\"@type\":\"ListItem\",\"position\":3,\"name\":\"Preas\",\"item\":\"https:\/\/dev.tg4.ie\/ga\/eolas\/preas\/\"},{\"@type\":\"ListItem\",\"position\":4,\"name\":\"Nuacht R\u00e1itis\",\"item\":\"https:\/\/dev.tg4.ie\/ga\/eolas\/preas\/nuacht-raitis\/\"},{\"@type\":\"ListItem\",\"position\":5,\"name\":\"2019\",\"item\":\"https:\/\/dev.tg4.ie\/ga\/eolas\/preas\/nuacht-raitis\/2019-2\/\"},{\"@type\":\"ListItem\",\"position\":6,\"name\":\"Junior Eurovision 2019 &#8211; An tusa an ch\u00e9ad bhuaiteoir eile?\"}]},{\"@type\":\"WebSite\",\"@id\":\"https:\/\/dev.tg4.ie\/en\/#website\",\"url\":\"https:\/\/dev.tg4.ie\/en\/\",\"name\":\"TG4\",\"description\":\"S\u00fail Eile\",\"potentialAction\":[{\"@type\":\"SearchAction\",\"target\":{\"@type\":\"EntryPoint\",\"urlTemplate\":\"https:\/\/dev.tg4.ie\/en\/?s={search_term_string}\"},\"query-input\":\"required name=search_term_string\"}],\"inLanguage\":\"ga\"}]}<\/script>\n<!-- \/ Yoast SEO plugin. -->","yoast_head_json":{"title":"Junior Eurovision 2019 - An tusa an ch\u00e9ad bhuaiteoir eile? - TG4","robots":{"index":"index","follow":"follow","max-snippet":"max-snippet:-1","max-image-preview":"max-image-preview:large","max-video-preview":"max-video-preview:-1"},"og_locale":"en_US","og_type":"article","og_title":"Junior Eurovision 2019 - An tusa an ch\u00e9ad bhuaiteoir eile? - TG4","og_description":"Junior Eurovision 2019 T\u00e1imid ANOIS ag lorg iarratas do CHOM\u00d3RTAS AMHR\u00c1NA\u00cdOCHTA JUNIOR EUROVISION 2019.\u00a0\u00a0\u00a0 Meas t\u00fa an tusa an ch\u00e9ad bhuaiteoir eile? \u00a0 https:\/\/grabyo.com\/g\/v\/yi33kz7t9ox &nbsp; Deis den ch\u00e9ad scoth a bheadh anseo ionada\u00edocht a dh\u00e9anamh ar \u00c9irinn ag an Junior Eurovision agus amhr\u00e1n a chasadh os comhair na milli\u00fan lucht f\u00e9achana.\u00a0M\u00e1 t\u00e1 tusa idir 9-14 [&hellip;]","og_url":"https:\/\/dev.tg4.ie\/ga\/eolas\/preas\/nuacht-raitis\/2019-2\/junior-eurovision-2019-an-tusa-an-chead-bhuaiteoir-eile\/","og_site_name":"TG4","article_publisher":"https:\/\/www.facebook.com\/TG4TV","article_modified_time":"2020-01-17T12:50:50+00:00","og_image":[{"width":1920,"height":1080,"url":"https:\/\/tg4-docs.s3.amazonaws.com\/tg4-redesign-2015\/wp-content\/uploads\/2018\/11\/Taylor_Hynes.jpg","type":"image\/jpeg"}],"twitter_card":"summary_large_image","twitter_site":"@TG4TV","twitter_misc":{"Est. reading time":"1 minute"},"schema":{"@context":"https:\/\/schema.org","@graph":[{"@type":"WebPage","@id":"https:\/\/dev.tg4.ie\/ga\/eolas\/preas\/nuacht-raitis\/2019-2\/junior-eurovision-2019-an-tusa-an-chead-bhuaiteoir-eile\/","url":"https:\/\/dev.tg4.ie\/ga\/eolas\/preas\/nuacht-raitis\/2019-2\/junior-eurovision-2019-an-tusa-an-chead-bhuaiteoir-eile\/","name":"Junior Eurovision 2019 - An tusa an ch\u00e9ad bhuaiteoir eile? - TG4","isPartOf":{"@id":"https:\/\/dev.tg4.ie\/en\/#website"},"primaryImageOfPage":{"@id":"https:\/\/dev.tg4.ie\/ga\/eolas\/preas\/nuacht-raitis\/2019-2\/junior-eurovision-2019-an-tusa-an-chead-bhuaiteoir-eile\/#primaryimage"},"image":{"@id":"https:\/\/dev.tg4.ie\/ga\/eolas\/preas\/nuacht-raitis\/2019-2\/junior-eurovision-2019-an-tusa-an-chead-bhuaiteoir-eile\/#primaryimage"},"thumbnailUrl":"https:\/\/tg4-docs.s3.amazonaws.com\/tg4-redesign-2015\/wp-content\/uploads\/2018\/11\/Taylor_Hynes.jpg","datePublished":"2019-05-22T12:20:13+00:00","dateModified":"2020-01-17T12:50:50+00:00","breadcrumb":{"@id":"https:\/\/dev.tg4.ie\/ga\/eolas\/preas\/nuacht-raitis\/2019-2\/junior-eurovision-2019-an-tusa-an-chead-bhuaiteoir-eile\/#breadcrumb"},"inLanguage":"ga","potentialAction":[{"@type":"ReadAction","target":["https:\/\/dev.tg4.ie\/ga\/eolas\/preas\/nuacht-raitis\/2019-2\/junior-eurovision-2019-an-tusa-an-chead-bhuaiteoir-eile\/"]}]},{"@type":"ImageObject","inLanguage":"ga","@id":"https:\/\/dev.tg4.ie\/ga\/eolas\/preas\/nuacht-raitis\/2019-2\/junior-eurovision-2019-an-tusa-an-chead-bhuaiteoir-eile\/#primaryimage","url":"https:\/\/tg4-docs.s3.amazonaws.com\/tg4-redesign-2015\/wp-content\/uploads\/2018\/11\/Taylor_Hynes.jpg","contentUrl":"https:\/\/tg4-docs.s3.amazonaws.com\/tg4-redesign-2015\/wp-content\/uploads\/2018\/11\/Taylor_Hynes.jpg","width":1920,"height":1080,"caption":"Taylor Hynes"},{"@type":"BreadcrumbList","@id":"https:\/\/dev.tg4.ie\/ga\/eolas\/preas\/nuacht-raitis\/2019-2\/junior-eurovision-2019-an-tusa-an-chead-bhuaiteoir-eile\/#breadcrumb","itemListElement":[{"@type":"ListItem","position":1,"name":"Home","item":"https:\/\/dev.tg4.ie\/ga\/"},{"@type":"ListItem","position":2,"name":"Eolas","item":"https:\/\/dev.tg4.ie\/ga\/eolas\/"},{"@type":"ListItem","position":3,"name":"Preas","item":"https:\/\/dev.tg4.ie\/ga\/eolas\/preas\/"},{"@type":"ListItem","position":4,"name":"Nuacht R\u00e1itis","item":"https:\/\/dev.tg4.ie\/ga\/eolas\/preas\/nuacht-raitis\/"},{"@type":"ListItem","position":5,"name":"2019","item":"https:\/\/dev.tg4.ie\/ga\/eolas\/preas\/nuacht-raitis\/2019-2\/"},{"@type":"ListItem","position":6,"name":"Junior Eurovision 2019 &#8211; An tusa an ch\u00e9ad bhuaiteoir eile?"}]},{"@type":"WebSite","@id":"https:\/\/dev.tg4.ie\/en\/#website","url":"https:\/\/dev.tg4.ie\/en\/","name":"TG4","description":"S\u00fail Eile","potentialAction":[{"@type":"SearchAction","target":{"@type":"EntryPoint","urlTemplate":"https:\/\/dev.tg4.ie\/en\/?s={search_term_string}"},"query-input":"required name=search_term_string"}],"inLanguage":"ga"}]}},"_links":{"self":[{"href":"https:\/\/dev.tg4.ie\/ga\/wp-json\/wp\/v2\/pages\/104423"}],"collection":[{"href":"https:\/\/dev.tg4.ie\/ga\/wp-json\/wp\/v2\/pages"}],"about":[{"href":"https:\/\/dev.tg4.ie\/ga\/wp-json\/wp\/v2\/types\/page"}],"author":[{"embeddable":true,"href":"https:\/\/dev.tg4.ie\/ga\/wp-json\/wp\/v2\/users\/876"}],"replies":[{"embeddable":true,"href":"https:\/\/dev.tg4.ie\/ga\/wp-json\/wp\/v2\/comments?post=104423"}],"version-history":[{"count":0,"href":"https:\/\/dev.tg4.ie\/ga\/wp-json\/wp\/v2\/pages\/104423\/revisions"}],"up":[{"embeddable":true,"href":"https:\/\/dev.tg4.ie\/ga\/wp-json\/wp\/v2\/pages\/98830"}],"wp:featuredmedia":[{"embeddable":true,"href":"https:\/\/dev.tg4.ie\/ga\/wp-json\/wp\/v2\/media\/96366"}],"wp:attachment":[{"href":"https:\/\/dev.tg4.ie\/ga\/wp-json\/wp\/v2\/media?parent=104423"}],"curies":[{"name":"wp","href":"https:\/\/api.w.org\/{rel}","templated":true}]}}