{"id":104488,"date":"2019-05-23T10:36:51","date_gmt":"2019-05-23T09:36:51","guid":{"rendered":"https:\/\/dev.tg4.ie\/?page_id=104488"},"modified":"2019-11-12T11:04:10","modified_gmt":"2019-11-12T11:04:10","slug":"pobalbhreith-eisiach-toghchain-rte-tg4-i-gcomhair-le-red-c","status":"publish","type":"page","link":"https:\/\/dev.tg4.ie\/ga\/eolas\/preas\/nuacht-raitis\/2019-2\/pobalbhreith-eisiach-toghchain-rte-tg4-i-gcomhair-le-red-c\/","title":{"rendered":"Pobalbhreith Eisiach Toghch\u00e1in RT\u00c9\/TG4 i gcomhair le Red C"},"content":{"rendered":"<div>\n<p>Beidh l\u00e9argas faoi leith le f\u00e1il an deireadh seachtaine seo ar thuairim\u00ed an phobail maidir leis na toghch\u00e1in \u00e1iti\u00fala, Eorpacha, an reifreann agus ceisteanna \u00e1bhartha eile, mar thoradh ar phobalbhreith iarv\u00f3t\u00e1la at\u00e1 coimisi\u00fanaithe ag<span>\u00a0<\/span><strong>RT\u00c9<\/strong><span>\u00a0<\/span>&amp;<span>\u00a0<\/span><strong>TG4<\/strong><span>\u00a0<\/span>\u00f3n gcomhlacht neamhsple\u00e1ch<span>\u00a0<\/span><strong>Red C<\/strong>.<\/p>\n<\/div>\n<div>\n<p>Tabharfaidh an phobalbhreith l\u00e9argas cuimsitheach ar na p\u00e1tr\u00fain v\u00f3t\u00e1la, mar go gcuirfear agallamh ar 3,000 duine ar fud na t\u00edre, d\u00edreach i ndiaidh d\u00f3ibh v\u00f3ta a chaitheamh ar an Aoine 24 Bealtaine.<\/p>\n<\/div>\n<div>\n<p>Foilseofar tortha\u00ed na pobabhreithe i ndiaidh do na both\u00e1in v\u00f3t\u00e1la d\u00fanadh, beo ar an<span>\u00a0<\/span><strong><em>Late Late Show<\/em><\/strong>, mar a mbeidh<span>\u00a0<\/span><strong>P\u00e1id\u00ed \u00d3 Lion\u00e1ird<\/strong><span>\u00a0<\/span>&amp;<span>\u00a0<\/span><strong>David McCullagh<\/strong><span>\u00a0<\/span>ag cur na sonra\u00ed i l\u00e1thair. Beidh breis eolais le f\u00e1il ar na cl\u00e1ir<span>\u00a0<\/span><strong><em>V\u00f3ta 2019<\/em><\/strong><span>\u00a0<\/span>a chraolfar ar<span>\u00a0<\/span><strong>TG4<\/strong><span>\u00a0<\/span>le linn na deireadh seachtaine chomh maith.<\/p>\n<\/div>\n<div>\n<p>Go deimhin, beidh an nuacht is d\u00e9ana\u00ed ar fad le f\u00e1il ar<span>\u00a0<\/span><strong><em>V\u00f3ta 2019<\/em><\/strong><span>\u00a0<\/span>maidir leis na Toghch\u00e1in \u00c1iti\u00fala, Eorpacha, an reifreann agus na pobalbhreitheanna maidir le M\u00e9ara\u00ed a bheadh tofa go d\u00edreach, curtha i l\u00e1thair ag<span>\u00a0<\/span><strong>P\u00e1id\u00ed \u00d3 Lionaird<\/strong><span>\u00a0<\/span>&amp;<span>\u00a0<\/span><strong>Eimear N\u00ed Chonaola<\/strong>, le tuairisc\u00ed \u00f3 na hionaid comhaireamh ar fud na t\u00edre agus anail\u00eds sa sti\u00faideo \u00f3 phain\u00e9al saineolaithe &#8211; ar a n-\u00e1ir\u00edtear iarcheannaire Fine Gael, Alan Dukes agus an iar-Th\u00e1naiste, M\u00e1ire N\u00ed Chochl\u00e1in.<\/p>\n<\/div>\n<div>\n<p>Craolfar cheithre chl\u00e1r faoi leith de<span>\u00a0<\/span><strong><em>V\u00f3ta 2019<\/em><\/strong>, ar an Satharn \u00f3 11:30am &#8211; 1:30pm agus \u00f3 5.00pm &#8211; 6.00pm agus D\u00e9 Domhnaigh \u00f3 11.00am &#8211; 1.00pm agus \u00f3 7.00pm &#8211; 8.00pm.<\/p>\n<\/div>\n<div>Is f\u00e9idir na sc\u00e9alta \u00f3<span>\u00a0<\/span><strong>Nuacht TG4<\/strong><span>\u00a0<\/span>a lean\u00faint ar na me\u00e1in s\u00f3isialta freisin<span>\u00a0<\/span><a href=\"https:\/\/twitter.com\/NuachtTG4\" target=\"_blank\" rel=\"noopener noreferrer\"><strong>@NuachtTG4<\/strong><\/a><span>\u00a0<\/span>agus ag<span>\u00a0<\/span><a href=\"https:\/\/twitter.com\/search?f=tweets&amp;vertical=default&amp;q=%23v%C3%B3ta2019&amp;src=typd&amp;lang=en\" target=\"_blank\" rel=\"noopener noreferrer\"><strong>#V\u00f3ta2019<\/strong><\/a><span>\u00a0<\/span>agus ar<span>\u00a0<\/span><strong><a href=\"https:\/\/dev.tg4.ie\/nuacht\/\" target=\"_blank\" rel=\"noopener noreferrer\">www.TG4.ie\/nuacht<\/a><\/strong><\/div>\n<p>&nbsp;<\/p>\n<hr \/>\n<p>&nbsp;<\/p>\n<p>Preas R\u00e1iteas ioml\u00e1n RT\u00c9:<\/p>\n<p>&nbsp;<\/p>\n<p><strong>RT\u00c9 and TG4\u00a0Commission Election Exit Poll As Part of Dedicated Election Results Coverage<\/strong><\/p>\n<p>&nbsp;<\/p>\n<p>RT\u00c9 has joined with TG4 to\u00a0commission an Election Exit Poll among its comprehensive elections results coverage across television, radio, digital platforms.\u00a0The RT\u00c9 \/ TG4 Exit Poll, conducted by independent research company Red C, will look to reflect voting patterns in the European and Local Elections\u00a0nationwide, and the referendum,\u00a0interviewing over 3,000 people across Ireland immediately\u00a0after they have voted on Friday 24 May.<\/p>\n<p>The RT\u00c9 \/ TG4 Exit Poll result will be announced\u00a0on Friday night, following the close of polls,\u00a0by\u00a0David McCullagh and\u00a0P\u00e1id\u00ed \u00d3 Lionaird\u00a0on\u00a0<em>The Late Late Show\u00a0<\/em>and published simultaneously\u00a0on RT\u00c9.ie.\u00a0Further results\u00a0and breakdown\u00a0will be\u00a0released simultaneously\u00a0on\u00a0RT\u00c9.ie and\u00a0RT\u00c9 Radio 1&#8217;s\u00a0<em>Vote 2019<\/em>\u00a0\u00a0from 9.00am on Saturday and on\u00a0<em>V\u00f3ta 2019<\/em>\u00a0on TG4.<\/p>\n<p>Online and mobile coverage will run on RT\u00c9.ie, the RT\u00c9 News Now app and RT\u00c9 Player\u00a0from the opening of boxes right through to the completion of\u00a0counts and the final declarations.\u00a0Throughout the weekend, wherever you are, you can follow the results via the RT\u00c9\u00a0News Now app.\u00a0RT\u00c9.ie will run a live blog covering every detail as the count unfolds with the latest results and analysis\u00a0on\u00a0European and Local Elections, Divorce\u00a0Referendum and\u00a0Plebiscites\u00a0with\u00a0coverage also carried\u00a0across RT\u00c9 accounts on\u00a0Facebook, Twitter and Instagram.<\/p>\n<p>&nbsp;<\/p>\n<p>As\u00a0counting begins on Saturday 25 May,\u00a0RT\u00c9 Radio 1&#8217;s coverage will\u00a0feature a\u00a0special\u00a0<em>Vote 2019<\/em>\u00a0programme\u00a0at 9.00am, presented by Sean O&#8217;Rourke and\u00a0Rachael English,\u00a0and will continue\u00a0through the day with discussion, debate and analysis on\u00a0<em>The\u00a0Marian Finucane\u00a0Show\u00a0<\/em>from 11.00am<em>.\u00a0<\/em>Katie Hannon\u00a0will then continue presenting the latest election results radio coverage from 1.00pm &#8211; 3.00pm\u00a0when she will be joined by a panel of guests for opinion and analysis along with updates from across the regions.<\/p>\n<p>RT\u00c9 One television\u2019s\u00a0<em>Election \u00a02019\u00a0<\/em>live coverage begins at 11.00am &#8211; 1.00pm as\u00a0Bryan Dobson, Claire Byrne and David McCullagh\u00a0host studio discussion and reaction, including\u00a0analysis of\u00a0the exclusive\u00a0RT\u00c9\/ TG4 Exit Poll\u00a0and\u00a0the latest reports from count centres across the country.\u00a0<em>Elections 2019<\/em>\u00a0continues on RT\u00c9 One television at\u00a03.00pm with comprehensive coverage of results from the Local Elections and the Divorce\u00a0Referendum, with live count updates from around the country\u00a0and tally indications from the European Elections\u00a0leading up to the\u00a0<em>Six One News<\/em>.<\/p>\n<p><em>V\u00f3ta 2019<\/em>\u00a0on TG4 will feature all the latest news and analysis on the European and Local Elections, the Referendum and Plebiscites. Presented by P\u00e1id\u00ed \u00d3 Lionaird and Eimear N\u00ed Chonaola the programmes will bring live updates from the count centres as well as analysis from studio panels including former Fine Gael leader Alan Dukes and former T\u00e1naiste Mary Coughlan. With four programmes (Saturday 11:30am-1:30pm and 5.00-6.00pm, Sunday 11.00am-1.00pm and 7.00pm-8.00pm), this RT\u00c9 Nuacht production for TG4 promises a lively mix of information and analysis. As well as updates on RT\u00c9 One, Nuacht RT\u00c9\/TG4 will be providing coverage across the weekend online and on social media.<\/p>\n<p>RT\u00c9\u2019s elections results coverage on Sunday 26\u00a0May will begin with a special two\u00a0hour-long\u00a0<em>Vote 2019<\/em>\u00a0broadcast with Rachael English and Mary Wilson from\u00a09.00am on RT\u00c9 Radio 1. This will be followed by a\u00a0<em>Marian Finucane Election Special<\/em>\u00a0at 11.00am, while Gavin Jennings\u00a0and Justin McCarthy\u00a0will\u00a0be at the helm for\u00a0an extended\u00a0<em>This Week<\/em>\u00a0programme\u00a0at 1.00pm with further elections discussion and analysis. A special\u00a0<em>Late Debate\u00a0<\/em>with Sarah\u00a0McInerney will\u00a0report and reflect on the results of the European Elections from 10.00pm.<\/p>\n<p>From\u00a011.00am\u00a0on Sunday on RT\u00c9 One television,\u00a0Aine Lawlor, Miriam O\u2019Callaghan\u00a0and David McCullagh will present\u00a0results, analysis and comment on the Local Elections\u00a0and the Divorce\u00a0Referendum,\u00a0along with live reports from around the country on the progress of the European Election count. As the final\u00a0polls close\u00a0across\u00a0Europe at 10.00pm,\u00a0Bryan Dobson, Miriam O&#8217;Callaghan and David McCullagh return with comprehensive live coverage of the European Elections, with result\u00a0and reports from the three count centres around Ireland, updates from Brussels and London\u00a0on the progress of the international counts, along with studio discussion and reaction.<\/p>\n<p>RT\u00c9 Raidi\u00f3 na Gaeltachta will have comprehensive coverage of the results of the Local and European Elections, and the Referendum on Divorce, throughout the weekend, starting at 10.15 am on Saturday morning with\u00a0<em>L\u00e1 an Chomhairimh<\/em>, and continuing throughout the day, with coverage on Sunday from 9.30 am.\u00a0There will be reporters in count centres across the country, and panelists in studio to analyse the results.\u00a0Panelists will include\u00a0former MEP\u00a0Se\u00e1n \u00d3 Neachtain, journalists\u00a0\u00c1ine N\u00ed Chiar\u00e1in and Cathal Mac Coille, statistics expert\u00a0Donncha \u00d3 h\u00c9allaithe, former Minister for Finance\u00a0Alan Dukes, Aoife N\u00ed Sh\u00failleabh\u00e1in from SIPTU, historian\u00a0Cormac \u00d3 Comhra\u00ed, History\u00a0Professor\u00a0Emeritus Gear\u00f3id \u00d3 Tuathaigh, and\u00a0Eoin \u00d3 Cath\u00e1in, commentator on European matters.\u00a0 The coverage will be presented by Gormfhlaith N\u00ed Thuairisg and M\u00e1ir\u00edn N\u00ed Ghadhra.<\/p>\n<p>Coverage will also continue on programmes on the station on Monday and includes\u00a0a special\u00a0<em>Late Debate<\/em>\u00a0with\u00a0Sarah McInerney on RT\u00c9 Radio 1 at 10.00pm.<\/p>\n<p><strong>&#8211;\u00a0 Ends \u00a0&#8211;<\/strong><\/p>\n<p>&nbsp;<\/p>\n","protected":false},"excerpt":{"rendered":"<p>Beidh l\u00e9argas faoi leith le f\u00e1il an deireadh seachtaine seo ar thuairim\u00ed an phobail maidir leis na toghch\u00e1in \u00e1iti\u00fala, Eorpacha, an reifreann agus ceisteanna \u00e1bhartha eile, mar thoradh ar phobalbhreith iarv\u00f3t\u00e1la at\u00e1 coimisi\u00fanaithe ag\u00a0RT\u00c9\u00a0&amp;\u00a0TG4\u00a0\u00f3n gcomhlacht neamhsple\u00e1ch\u00a0Red C. Tabharfaidh an phobalbhreith l\u00e9argas cuimsitheach ar na p\u00e1tr\u00fain v\u00f3t\u00e1la, mar go gcuirfear agallamh ar 3,000 duine ar fud [&hellip;]<\/p>\n","protected":false},"author":876,"featured_media":103615,"parent":98830,"menu_order":18,"comment_status":"closed","ping_status":"closed","template":"page-templates\/template-pr.php","meta":{"_acf_changed":false,"footnotes":""},"acf":[],"yoast_head":"<!-- This site is optimized with the Yoast SEO plugin v22.6 - https:\/\/yoast.com\/wordpress\/plugins\/seo\/ -->\n<title>Pobalbhreith Eisiach Toghch\u00e1in RT\u00c9\/TG4 i gcomhair le Red C - TG4<\/title>\n<meta name=\"robots\" content=\"index, follow, max-snippet:-1, max-image-preview:large, max-video-preview:-1\" \/>\n<meta property=\"og:locale\" content=\"en_US\" \/>\n<meta property=\"og:type\" content=\"article\" \/>\n<meta property=\"og:title\" content=\"Pobalbhreith Eisiach Toghch\u00e1in RT\u00c9\/TG4 i gcomhair le Red C - TG4\" \/>\n<meta property=\"og:description\" content=\"Beidh l\u00e9argas faoi leith le f\u00e1il an deireadh seachtaine seo ar thuairim\u00ed an phobail maidir leis na toghch\u00e1in \u00e1iti\u00fala, Eorpacha, an reifreann agus ceisteanna \u00e1bhartha eile, mar thoradh ar phobalbhreith iarv\u00f3t\u00e1la at\u00e1 coimisi\u00fanaithe ag\u00a0RT\u00c9\u00a0&amp;\u00a0TG4\u00a0\u00f3n gcomhlacht neamhsple\u00e1ch\u00a0Red C. Tabharfaidh an phobalbhreith l\u00e9argas cuimsitheach ar na p\u00e1tr\u00fain v\u00f3t\u00e1la, mar go gcuirfear agallamh ar 3,000 duine ar fud [&hellip;]\" \/>\n<meta property=\"og:url\" content=\"https:\/\/dev.tg4.ie\/ga\/eolas\/preas\/nuacht-raitis\/2019-2\/pobalbhreith-eisiach-toghchain-rte-tg4-i-gcomhair-le-red-c\/\" \/>\n<meta property=\"og:site_name\" content=\"TG4\" \/>\n<meta property=\"article:publisher\" content=\"https:\/\/www.facebook.com\/TG4TV\" \/>\n<meta property=\"article:modified_time\" content=\"2019-11-12T11:04:10+00:00\" \/>\n<meta property=\"og:image\" content=\"https:\/\/tg4-docs.s3.amazonaws.com\/wp-content\/uploads\/2024\/11\/18151812\/TG4_2024_corcra_teal_1-1920x1080-1.jpg\" \/>\n\t<meta property=\"og:image:width\" content=\"1920\" \/>\n\t<meta property=\"og:image:height\" content=\"1080\" \/>\n\t<meta property=\"og:image:type\" content=\"image\/jpeg\" \/>\n<meta name=\"twitter:card\" content=\"summary_large_image\" \/>\n<meta name=\"twitter:site\" content=\"@TG4TV\" \/>\n<meta name=\"twitter:label1\" content=\"Est. reading time\" \/>\n\t<meta name=\"twitter:data1\" content=\"6 minutes\" \/>\n<script type=\"application\/ld+json\" class=\"yoast-schema-graph\">{\"@context\":\"https:\/\/schema.org\",\"@graph\":[{\"@type\":\"WebPage\",\"@id\":\"https:\/\/dev.tg4.ie\/ga\/eolas\/preas\/nuacht-raitis\/2019-2\/pobalbhreith-eisiach-toghchain-rte-tg4-i-gcomhair-le-red-c\/\",\"url\":\"https:\/\/dev.tg4.ie\/ga\/eolas\/preas\/nuacht-raitis\/2019-2\/pobalbhreith-eisiach-toghchain-rte-tg4-i-gcomhair-le-red-c\/\",\"name\":\"Pobalbhreith Eisiach Toghch\u00e1in RT\u00c9\/TG4 i gcomhair le Red C - TG4\",\"isPartOf\":{\"@id\":\"https:\/\/dev.tg4.ie\/en\/#website\"},\"primaryImageOfPage\":{\"@id\":\"https:\/\/dev.tg4.ie\/ga\/eolas\/preas\/nuacht-raitis\/2019-2\/pobalbhreith-eisiach-toghchain-rte-tg4-i-gcomhair-le-red-c\/#primaryimage\"},\"image\":{\"@id\":\"https:\/\/dev.tg4.ie\/ga\/eolas\/preas\/nuacht-raitis\/2019-2\/pobalbhreith-eisiach-toghchain-rte-tg4-i-gcomhair-le-red-c\/#primaryimage\"},\"thumbnailUrl\":\"\",\"datePublished\":\"2019-05-23T09:36:51+00:00\",\"dateModified\":\"2019-11-12T11:04:10+00:00\",\"breadcrumb\":{\"@id\":\"https:\/\/dev.tg4.ie\/ga\/eolas\/preas\/nuacht-raitis\/2019-2\/pobalbhreith-eisiach-toghchain-rte-tg4-i-gcomhair-le-red-c\/#breadcrumb\"},\"inLanguage\":\"ga\",\"potentialAction\":[{\"@type\":\"ReadAction\",\"target\":[\"https:\/\/dev.tg4.ie\/ga\/eolas\/preas\/nuacht-raitis\/2019-2\/pobalbhreith-eisiach-toghchain-rte-tg4-i-gcomhair-le-red-c\/\"]}]},{\"@type\":\"ImageObject\",\"inLanguage\":\"ga\",\"@id\":\"https:\/\/dev.tg4.ie\/ga\/eolas\/preas\/nuacht-raitis\/2019-2\/pobalbhreith-eisiach-toghchain-rte-tg4-i-gcomhair-le-red-c\/#primaryimage\",\"url\":\"\",\"contentUrl\":\"\"},{\"@type\":\"BreadcrumbList\",\"@id\":\"https:\/\/dev.tg4.ie\/ga\/eolas\/preas\/nuacht-raitis\/2019-2\/pobalbhreith-eisiach-toghchain-rte-tg4-i-gcomhair-le-red-c\/#breadcrumb\",\"itemListElement\":[{\"@type\":\"ListItem\",\"position\":1,\"name\":\"Home\",\"item\":\"https:\/\/dev.tg4.ie\/ga\/\"},{\"@type\":\"ListItem\",\"position\":2,\"name\":\"Eolas\",\"item\":\"https:\/\/dev.tg4.ie\/ga\/eolas\/\"},{\"@type\":\"ListItem\",\"position\":3,\"name\":\"Preas\",\"item\":\"https:\/\/dev.tg4.ie\/ga\/eolas\/preas\/\"},{\"@type\":\"ListItem\",\"position\":4,\"name\":\"Nuacht R\u00e1itis\",\"item\":\"https:\/\/dev.tg4.ie\/ga\/eolas\/preas\/nuacht-raitis\/\"},{\"@type\":\"ListItem\",\"position\":5,\"name\":\"2019\",\"item\":\"https:\/\/dev.tg4.ie\/ga\/eolas\/preas\/nuacht-raitis\/2019-2\/\"},{\"@type\":\"ListItem\",\"position\":6,\"name\":\"Pobalbhreith Eisiach Toghch\u00e1in RT\u00c9\/TG4 i gcomhair le Red C\"}]},{\"@type\":\"WebSite\",\"@id\":\"https:\/\/dev.tg4.ie\/en\/#website\",\"url\":\"https:\/\/dev.tg4.ie\/en\/\",\"name\":\"TG4\",\"description\":\"S\u00fail Eile\",\"potentialAction\":[{\"@type\":\"SearchAction\",\"target\":{\"@type\":\"EntryPoint\",\"urlTemplate\":\"https:\/\/dev.tg4.ie\/en\/?s={search_term_string}\"},\"query-input\":\"required name=search_term_string\"}],\"inLanguage\":\"ga\"}]}<\/script>\n<!-- \/ Yoast SEO plugin. -->","yoast_head_json":{"title":"Pobalbhreith Eisiach Toghch\u00e1in RT\u00c9\/TG4 i gcomhair le Red C - TG4","robots":{"index":"index","follow":"follow","max-snippet":"max-snippet:-1","max-image-preview":"max-image-preview:large","max-video-preview":"max-video-preview:-1"},"og_locale":"en_US","og_type":"article","og_title":"Pobalbhreith Eisiach Toghch\u00e1in RT\u00c9\/TG4 i gcomhair le Red C - TG4","og_description":"Beidh l\u00e9argas faoi leith le f\u00e1il an deireadh seachtaine seo ar thuairim\u00ed an phobail maidir leis na toghch\u00e1in \u00e1iti\u00fala, Eorpacha, an reifreann agus ceisteanna \u00e1bhartha eile, mar thoradh ar phobalbhreith iarv\u00f3t\u00e1la at\u00e1 coimisi\u00fanaithe ag\u00a0RT\u00c9\u00a0&amp;\u00a0TG4\u00a0\u00f3n gcomhlacht neamhsple\u00e1ch\u00a0Red C. Tabharfaidh an phobalbhreith l\u00e9argas cuimsitheach ar na p\u00e1tr\u00fain v\u00f3t\u00e1la, mar go gcuirfear agallamh ar 3,000 duine ar fud [&hellip;]","og_url":"https:\/\/dev.tg4.ie\/ga\/eolas\/preas\/nuacht-raitis\/2019-2\/pobalbhreith-eisiach-toghchain-rte-tg4-i-gcomhair-le-red-c\/","og_site_name":"TG4","article_publisher":"https:\/\/www.facebook.com\/TG4TV","article_modified_time":"2019-11-12T11:04:10+00:00","og_image":[{"width":1920,"height":1080,"url":"https:\/\/tg4-docs.s3.amazonaws.com\/wp-content\/uploads\/2024\/11\/18151812\/TG4_2024_corcra_teal_1-1920x1080-1.jpg","type":"image\/jpeg"}],"twitter_card":"summary_large_image","twitter_site":"@TG4TV","twitter_misc":{"Est. reading time":"6 minutes"},"schema":{"@context":"https:\/\/schema.org","@graph":[{"@type":"WebPage","@id":"https:\/\/dev.tg4.ie\/ga\/eolas\/preas\/nuacht-raitis\/2019-2\/pobalbhreith-eisiach-toghchain-rte-tg4-i-gcomhair-le-red-c\/","url":"https:\/\/dev.tg4.ie\/ga\/eolas\/preas\/nuacht-raitis\/2019-2\/pobalbhreith-eisiach-toghchain-rte-tg4-i-gcomhair-le-red-c\/","name":"Pobalbhreith Eisiach Toghch\u00e1in RT\u00c9\/TG4 i gcomhair le Red C - TG4","isPartOf":{"@id":"https:\/\/dev.tg4.ie\/en\/#website"},"primaryImageOfPage":{"@id":"https:\/\/dev.tg4.ie\/ga\/eolas\/preas\/nuacht-raitis\/2019-2\/pobalbhreith-eisiach-toghchain-rte-tg4-i-gcomhair-le-red-c\/#primaryimage"},"image":{"@id":"https:\/\/dev.tg4.ie\/ga\/eolas\/preas\/nuacht-raitis\/2019-2\/pobalbhreith-eisiach-toghchain-rte-tg4-i-gcomhair-le-red-c\/#primaryimage"},"thumbnailUrl":"","datePublished":"2019-05-23T09:36:51+00:00","dateModified":"2019-11-12T11:04:10+00:00","breadcrumb":{"@id":"https:\/\/dev.tg4.ie\/ga\/eolas\/preas\/nuacht-raitis\/2019-2\/pobalbhreith-eisiach-toghchain-rte-tg4-i-gcomhair-le-red-c\/#breadcrumb"},"inLanguage":"ga","potentialAction":[{"@type":"ReadAction","target":["https:\/\/dev.tg4.ie\/ga\/eolas\/preas\/nuacht-raitis\/2019-2\/pobalbhreith-eisiach-toghchain-rte-tg4-i-gcomhair-le-red-c\/"]}]},{"@type":"ImageObject","inLanguage":"ga","@id":"https:\/\/dev.tg4.ie\/ga\/eolas\/preas\/nuacht-raitis\/2019-2\/pobalbhreith-eisiach-toghchain-rte-tg4-i-gcomhair-le-red-c\/#primaryimage","url":"","contentUrl":""},{"@type":"BreadcrumbList","@id":"https:\/\/dev.tg4.ie\/ga\/eolas\/preas\/nuacht-raitis\/2019-2\/pobalbhreith-eisiach-toghchain-rte-tg4-i-gcomhair-le-red-c\/#breadcrumb","itemListElement":[{"@type":"ListItem","position":1,"name":"Home","item":"https:\/\/dev.tg4.ie\/ga\/"},{"@type":"ListItem","position":2,"name":"Eolas","item":"https:\/\/dev.tg4.ie\/ga\/eolas\/"},{"@type":"ListItem","position":3,"name":"Preas","item":"https:\/\/dev.tg4.ie\/ga\/eolas\/preas\/"},{"@type":"ListItem","position":4,"name":"Nuacht R\u00e1itis","item":"https:\/\/dev.tg4.ie\/ga\/eolas\/preas\/nuacht-raitis\/"},{"@type":"ListItem","position":5,"name":"2019","item":"https:\/\/dev.tg4.ie\/ga\/eolas\/preas\/nuacht-raitis\/2019-2\/"},{"@type":"ListItem","position":6,"name":"Pobalbhreith Eisiach Toghch\u00e1in RT\u00c9\/TG4 i gcomhair le Red C"}]},{"@type":"WebSite","@id":"https:\/\/dev.tg4.ie\/en\/#website","url":"https:\/\/dev.tg4.ie\/en\/","name":"TG4","description":"S\u00fail Eile","potentialAction":[{"@type":"SearchAction","target":{"@type":"EntryPoint","urlTemplate":"https:\/\/dev.tg4.ie\/en\/?s={search_term_string}"},"query-input":"required name=search_term_string"}],"inLanguage":"ga"}]}},"_links":{"self":[{"href":"https:\/\/dev.tg4.ie\/ga\/wp-json\/wp\/v2\/pages\/104488"}],"collection":[{"href":"https:\/\/dev.tg4.ie\/ga\/wp-json\/wp\/v2\/pages"}],"about":[{"href":"https:\/\/dev.tg4.ie\/ga\/wp-json\/wp\/v2\/types\/page"}],"author":[{"embeddable":true,"href":"https:\/\/dev.tg4.ie\/ga\/wp-json\/wp\/v2\/users\/876"}],"replies":[{"embeddable":true,"href":"https:\/\/dev.tg4.ie\/ga\/wp-json\/wp\/v2\/comments?post=104488"}],"version-history":[{"count":0,"href":"https:\/\/dev.tg4.ie\/ga\/wp-json\/wp\/v2\/pages\/104488\/revisions"}],"up":[{"embeddable":true,"href":"https:\/\/dev.tg4.ie\/ga\/wp-json\/wp\/v2\/pages\/98830"}],"wp:featuredmedia":[{"embeddable":true,"href":"https:\/\/dev.tg4.ie\/ga\/wp-json\/"}],"wp:attachment":[{"href":"https:\/\/dev.tg4.ie\/ga\/wp-json\/wp\/v2\/media?parent=104488"}],"curies":[{"name":"wp","href":"https:\/\/api.w.org\/{rel}","templated":true}]}}