{"id":105618,"date":"2019-05-30T12:08:04","date_gmt":"2019-05-30T11:08:04","guid":{"rendered":"https:\/\/dev.tg4.ie\/?page_id=105618"},"modified":"2022-02-03T12:54:11","modified_gmt":"2022-02-03T12:54:11","slug":"sparanacht-ghradaim-ceoil-tg4","status":"publish","type":"page","link":"https:\/\/dev.tg4.ie\/ga\/eolas\/preas\/nuacht-raitis\/2019-2\/sparanacht-ghradaim-ceoil-tg4\/","title":{"rendered":"Spar\u00e1nacht Ghradaim Ceoil TG4"},"content":{"rendered":"<p style=\"margin-bottom: 12pt; line-height: 150%; text-align: left;\" align=\"center\"><span style=\"font-family: 'Arial','sans-serif';\">T\u00e1 <strong>&#8216;<i>Spar\u00e1nacht Ghradaim Ceoil TG4<\/i>&#8216;<\/strong> &#8211; sc\u00e9im spar\u00e1nachta nua f\u00f3gartha ag Gradam Ceoil TG4 chun cuidi\u00fa le ceolt\u00f3ir\u00ed \u00f3ga agus a dteaghlaigh ar mian leo freastal ar <strong>Scoil Samhraidh\u00a0Willie Clancy<\/strong> i Sr\u00e1id na Cathrach i 2019.<\/span><\/p>\n<p style=\"line-height: 150%; text-align: left;\" align=\"center\"><span style=\"font-family: 'Arial','sans-serif';\">Bronnfar <strong>dh\u00e1 spar\u00e1nacht<\/strong> i gc\u00e9ad bhliain na sc\u00e9ime chun tac\u00fa le <strong>dalta idir 12 agus 15 bliana agus dalta idir 15 agus 18 mbliana d&#8217;aois.<\/strong><\/span><\/p>\n<p style=\"margin-bottom: 12pt; line-height: 150%; text-align: left;\" align=\"center\"><span style=\"font-family: 'Arial','sans-serif';\">Cumhd\u00f3idh gach spar\u00e1nacht an costas a bhaineann le teagasc uirlise de do rogha agus suas le costais \u20ac500 don dalta i leith l\u00f3ist\u00edn agus costais.<\/span><\/p>\n<p style=\"margin-bottom: 12pt; line-height: 150%; text-align: left;\" align=\"center\"><span style=\"font-family: 'Arial','sans-serif';\">Chun iarratas a dh\u00e9anamh, uasl\u00f3d\u00e1il m\u00edr d\u00edot f\u00e9in ag casadh poirt agus d\u00e9an cur s\u00edos gearr \u00f3 bh\u00e9al n\u00f3 i scr\u00edobh (i mB\u00e9arla n\u00f3 i nGaeilge)\u00a0ar an gc\u00fais gur tusa a cheart an spar\u00e1nacht a fh\u00e1il. Seol sin chuig <a href=\"mailto:eolas@gradam.ie\">eolas@gradam.ie<\/a> faoin <strong>16 Meitheamh<\/strong>.<\/span><\/p>\n<p style=\"line-height: 150%; text-align: left;\" align=\"center\"><span style=\"font-family: 'Arial','sans-serif';\">Ceolt\u00f3ir\u00ed ar bronnadh an gradam Ceolt\u00f3ir \u00d3g TG4 orthu roimhe seo a thabharfaidh breithi\u00fanas ar na hiarratais agus f\u00f3gr\u00f3far na buaiteoir\u00ed ar an <strong>23 Meitheamh<\/strong>.<\/p>\n","protected":false},"excerpt":{"rendered":"<p>T\u00e1 &#8216;Spar\u00e1nacht Ghradaim Ceoil TG4&#8216; &#8211; sc\u00e9im spar\u00e1nachta nua f\u00f3gartha ag Gradam Ceoil TG4 chun cuidi\u00fa le ceolt\u00f3ir\u00ed \u00f3ga agus a dteaghlaigh ar mian leo freastal ar Scoil Samhraidh\u00a0Willie Clancy i Sr\u00e1id na Cathrach i 2019. Bronnfar dh\u00e1 spar\u00e1nacht i gc\u00e9ad bhliain na sc\u00e9ime chun tac\u00fa le dalta idir 12 agus 15 bliana agus dalta [&hellip;]<\/p>\n","protected":false},"author":876,"featured_media":95664,"parent":98830,"menu_order":20,"comment_status":"closed","ping_status":"closed","template":"page-templates\/template-pr.php","meta":{"_acf_changed":false,"footnotes":""},"acf":[],"yoast_head":"<!-- This site is optimized with the Yoast SEO plugin v22.6 - https:\/\/yoast.com\/wordpress\/plugins\/seo\/ -->\n<title>Spar\u00e1nacht Ghradaim Ceoil TG4 - TG4<\/title>\n<meta name=\"robots\" content=\"index, follow, max-snippet:-1, max-image-preview:large, max-video-preview:-1\" \/>\n<meta property=\"og:locale\" content=\"en_US\" \/>\n<meta property=\"og:type\" content=\"article\" \/>\n<meta property=\"og:title\" content=\"Spar\u00e1nacht Ghradaim Ceoil TG4 - TG4\" \/>\n<meta property=\"og:description\" content=\"T\u00e1 &#8216;Spar\u00e1nacht Ghradaim Ceoil TG4&#8216; &#8211; sc\u00e9im spar\u00e1nachta nua f\u00f3gartha ag Gradam Ceoil TG4 chun cuidi\u00fa le ceolt\u00f3ir\u00ed \u00f3ga agus a dteaghlaigh ar mian leo freastal ar Scoil Samhraidh\u00a0Willie Clancy i Sr\u00e1id na Cathrach i 2019. Bronnfar dh\u00e1 spar\u00e1nacht i gc\u00e9ad bhliain na sc\u00e9ime chun tac\u00fa le dalta idir 12 agus 15 bliana agus dalta [&hellip;]\" \/>\n<meta property=\"og:url\" content=\"https:\/\/dev.tg4.ie\/ga\/eolas\/preas\/nuacht-raitis\/2019-2\/sparanacht-ghradaim-ceoil-tg4\/\" \/>\n<meta property=\"og:site_name\" content=\"TG4\" \/>\n<meta property=\"article:publisher\" content=\"https:\/\/www.facebook.com\/TG4TV\" \/>\n<meta property=\"article:modified_time\" content=\"2022-02-03T12:54:11+00:00\" \/>\n<meta property=\"og:image\" content=\"https:\/\/tg4-docs.s3.amazonaws.com\/tg4-redesign-2015\/wp-content\/uploads\/2018\/11\/Gradam-Ceoil-TG4-feature.jpg\" \/>\n\t<meta property=\"og:image:width\" content=\"1920\" \/>\n\t<meta property=\"og:image:height\" content=\"1080\" \/>\n\t<meta property=\"og:image:type\" content=\"image\/jpeg\" \/>\n<meta name=\"twitter:card\" content=\"summary_large_image\" \/>\n<meta name=\"twitter:site\" content=\"@TG4TV\" \/>\n<meta name=\"twitter:label1\" content=\"Est. reading time\" \/>\n\t<meta name=\"twitter:data1\" content=\"1 minute\" \/>\n<script type=\"application\/ld+json\" class=\"yoast-schema-graph\">{\"@context\":\"https:\/\/schema.org\",\"@graph\":[{\"@type\":\"WebPage\",\"@id\":\"https:\/\/dev.tg4.ie\/ga\/eolas\/preas\/nuacht-raitis\/2019-2\/sparanacht-ghradaim-ceoil-tg4\/\",\"url\":\"https:\/\/dev.tg4.ie\/ga\/eolas\/preas\/nuacht-raitis\/2019-2\/sparanacht-ghradaim-ceoil-tg4\/\",\"name\":\"Spar\u00e1nacht Ghradaim Ceoil TG4 - TG4\",\"isPartOf\":{\"@id\":\"https:\/\/dev.tg4.ie\/en\/#website\"},\"primaryImageOfPage\":{\"@id\":\"https:\/\/dev.tg4.ie\/ga\/eolas\/preas\/nuacht-raitis\/2019-2\/sparanacht-ghradaim-ceoil-tg4\/#primaryimage\"},\"image\":{\"@id\":\"https:\/\/dev.tg4.ie\/ga\/eolas\/preas\/nuacht-raitis\/2019-2\/sparanacht-ghradaim-ceoil-tg4\/#primaryimage\"},\"thumbnailUrl\":\"https:\/\/tg4-docs.s3.amazonaws.com\/tg4-redesign-2015\/wp-content\/uploads\/2018\/11\/Gradam-Ceoil-TG4-feature.jpg\",\"datePublished\":\"2019-05-30T11:08:04+00:00\",\"dateModified\":\"2022-02-03T12:54:11+00:00\",\"breadcrumb\":{\"@id\":\"https:\/\/dev.tg4.ie\/ga\/eolas\/preas\/nuacht-raitis\/2019-2\/sparanacht-ghradaim-ceoil-tg4\/#breadcrumb\"},\"inLanguage\":\"ga\",\"potentialAction\":[{\"@type\":\"ReadAction\",\"target\":[\"https:\/\/dev.tg4.ie\/ga\/eolas\/preas\/nuacht-raitis\/2019-2\/sparanacht-ghradaim-ceoil-tg4\/\"]}]},{\"@type\":\"ImageObject\",\"inLanguage\":\"ga\",\"@id\":\"https:\/\/dev.tg4.ie\/ga\/eolas\/preas\/nuacht-raitis\/2019-2\/sparanacht-ghradaim-ceoil-tg4\/#primaryimage\",\"url\":\"https:\/\/tg4-docs.s3.amazonaws.com\/tg4-redesign-2015\/wp-content\/uploads\/2018\/11\/Gradam-Ceoil-TG4-feature.jpg\",\"contentUrl\":\"https:\/\/tg4-docs.s3.amazonaws.com\/tg4-redesign-2015\/wp-content\/uploads\/2018\/11\/Gradam-Ceoil-TG4-feature.jpg\",\"width\":1920,\"height\":1080,\"caption\":\"Gradam-Ceoil-TG4-feature\"},{\"@type\":\"BreadcrumbList\",\"@id\":\"https:\/\/dev.tg4.ie\/ga\/eolas\/preas\/nuacht-raitis\/2019-2\/sparanacht-ghradaim-ceoil-tg4\/#breadcrumb\",\"itemListElement\":[{\"@type\":\"ListItem\",\"position\":1,\"name\":\"Home\",\"item\":\"https:\/\/dev.tg4.ie\/ga\/\"},{\"@type\":\"ListItem\",\"position\":2,\"name\":\"Eolas\",\"item\":\"https:\/\/dev.tg4.ie\/ga\/eolas\/\"},{\"@type\":\"ListItem\",\"position\":3,\"name\":\"Preas\",\"item\":\"https:\/\/dev.tg4.ie\/ga\/eolas\/preas\/\"},{\"@type\":\"ListItem\",\"position\":4,\"name\":\"Nuacht R\u00e1itis\",\"item\":\"https:\/\/dev.tg4.ie\/ga\/eolas\/preas\/nuacht-raitis\/\"},{\"@type\":\"ListItem\",\"position\":5,\"name\":\"2019\",\"item\":\"https:\/\/dev.tg4.ie\/ga\/eolas\/preas\/nuacht-raitis\/2019-2\/\"},{\"@type\":\"ListItem\",\"position\":6,\"name\":\"Spar\u00e1nacht Ghradaim Ceoil TG4\"}]},{\"@type\":\"WebSite\",\"@id\":\"https:\/\/dev.tg4.ie\/en\/#website\",\"url\":\"https:\/\/dev.tg4.ie\/en\/\",\"name\":\"TG4\",\"description\":\"S\u00fail Eile\",\"potentialAction\":[{\"@type\":\"SearchAction\",\"target\":{\"@type\":\"EntryPoint\",\"urlTemplate\":\"https:\/\/dev.tg4.ie\/en\/?s={search_term_string}\"},\"query-input\":\"required name=search_term_string\"}],\"inLanguage\":\"ga\"}]}<\/script>\n<!-- \/ Yoast SEO plugin. -->","yoast_head_json":{"title":"Spar\u00e1nacht Ghradaim Ceoil TG4 - TG4","robots":{"index":"index","follow":"follow","max-snippet":"max-snippet:-1","max-image-preview":"max-image-preview:large","max-video-preview":"max-video-preview:-1"},"og_locale":"en_US","og_type":"article","og_title":"Spar\u00e1nacht Ghradaim Ceoil TG4 - TG4","og_description":"T\u00e1 &#8216;Spar\u00e1nacht Ghradaim Ceoil TG4&#8216; &#8211; sc\u00e9im spar\u00e1nachta nua f\u00f3gartha ag Gradam Ceoil TG4 chun cuidi\u00fa le ceolt\u00f3ir\u00ed \u00f3ga agus a dteaghlaigh ar mian leo freastal ar Scoil Samhraidh\u00a0Willie Clancy i Sr\u00e1id na Cathrach i 2019. Bronnfar dh\u00e1 spar\u00e1nacht i gc\u00e9ad bhliain na sc\u00e9ime chun tac\u00fa le dalta idir 12 agus 15 bliana agus dalta [&hellip;]","og_url":"https:\/\/dev.tg4.ie\/ga\/eolas\/preas\/nuacht-raitis\/2019-2\/sparanacht-ghradaim-ceoil-tg4\/","og_site_name":"TG4","article_publisher":"https:\/\/www.facebook.com\/TG4TV","article_modified_time":"2022-02-03T12:54:11+00:00","og_image":[{"width":1920,"height":1080,"url":"https:\/\/tg4-docs.s3.amazonaws.com\/tg4-redesign-2015\/wp-content\/uploads\/2018\/11\/Gradam-Ceoil-TG4-feature.jpg","type":"image\/jpeg"}],"twitter_card":"summary_large_image","twitter_site":"@TG4TV","twitter_misc":{"Est. reading time":"1 minute"},"schema":{"@context":"https:\/\/schema.org","@graph":[{"@type":"WebPage","@id":"https:\/\/dev.tg4.ie\/ga\/eolas\/preas\/nuacht-raitis\/2019-2\/sparanacht-ghradaim-ceoil-tg4\/","url":"https:\/\/dev.tg4.ie\/ga\/eolas\/preas\/nuacht-raitis\/2019-2\/sparanacht-ghradaim-ceoil-tg4\/","name":"Spar\u00e1nacht Ghradaim Ceoil TG4 - TG4","isPartOf":{"@id":"https:\/\/dev.tg4.ie\/en\/#website"},"primaryImageOfPage":{"@id":"https:\/\/dev.tg4.ie\/ga\/eolas\/preas\/nuacht-raitis\/2019-2\/sparanacht-ghradaim-ceoil-tg4\/#primaryimage"},"image":{"@id":"https:\/\/dev.tg4.ie\/ga\/eolas\/preas\/nuacht-raitis\/2019-2\/sparanacht-ghradaim-ceoil-tg4\/#primaryimage"},"thumbnailUrl":"https:\/\/tg4-docs.s3.amazonaws.com\/tg4-redesign-2015\/wp-content\/uploads\/2018\/11\/Gradam-Ceoil-TG4-feature.jpg","datePublished":"2019-05-30T11:08:04+00:00","dateModified":"2022-02-03T12:54:11+00:00","breadcrumb":{"@id":"https:\/\/dev.tg4.ie\/ga\/eolas\/preas\/nuacht-raitis\/2019-2\/sparanacht-ghradaim-ceoil-tg4\/#breadcrumb"},"inLanguage":"ga","potentialAction":[{"@type":"ReadAction","target":["https:\/\/dev.tg4.ie\/ga\/eolas\/preas\/nuacht-raitis\/2019-2\/sparanacht-ghradaim-ceoil-tg4\/"]}]},{"@type":"ImageObject","inLanguage":"ga","@id":"https:\/\/dev.tg4.ie\/ga\/eolas\/preas\/nuacht-raitis\/2019-2\/sparanacht-ghradaim-ceoil-tg4\/#primaryimage","url":"https:\/\/tg4-docs.s3.amazonaws.com\/tg4-redesign-2015\/wp-content\/uploads\/2018\/11\/Gradam-Ceoil-TG4-feature.jpg","contentUrl":"https:\/\/tg4-docs.s3.amazonaws.com\/tg4-redesign-2015\/wp-content\/uploads\/2018\/11\/Gradam-Ceoil-TG4-feature.jpg","width":1920,"height":1080,"caption":"Gradam-Ceoil-TG4-feature"},{"@type":"BreadcrumbList","@id":"https:\/\/dev.tg4.ie\/ga\/eolas\/preas\/nuacht-raitis\/2019-2\/sparanacht-ghradaim-ceoil-tg4\/#breadcrumb","itemListElement":[{"@type":"ListItem","position":1,"name":"Home","item":"https:\/\/dev.tg4.ie\/ga\/"},{"@type":"ListItem","position":2,"name":"Eolas","item":"https:\/\/dev.tg4.ie\/ga\/eolas\/"},{"@type":"ListItem","position":3,"name":"Preas","item":"https:\/\/dev.tg4.ie\/ga\/eolas\/preas\/"},{"@type":"ListItem","position":4,"name":"Nuacht R\u00e1itis","item":"https:\/\/dev.tg4.ie\/ga\/eolas\/preas\/nuacht-raitis\/"},{"@type":"ListItem","position":5,"name":"2019","item":"https:\/\/dev.tg4.ie\/ga\/eolas\/preas\/nuacht-raitis\/2019-2\/"},{"@type":"ListItem","position":6,"name":"Spar\u00e1nacht Ghradaim Ceoil TG4"}]},{"@type":"WebSite","@id":"https:\/\/dev.tg4.ie\/en\/#website","url":"https:\/\/dev.tg4.ie\/en\/","name":"TG4","description":"S\u00fail Eile","potentialAction":[{"@type":"SearchAction","target":{"@type":"EntryPoint","urlTemplate":"https:\/\/dev.tg4.ie\/en\/?s={search_term_string}"},"query-input":"required name=search_term_string"}],"inLanguage":"ga"}]}},"_links":{"self":[{"href":"https:\/\/dev.tg4.ie\/ga\/wp-json\/wp\/v2\/pages\/105618"}],"collection":[{"href":"https:\/\/dev.tg4.ie\/ga\/wp-json\/wp\/v2\/pages"}],"about":[{"href":"https:\/\/dev.tg4.ie\/ga\/wp-json\/wp\/v2\/types\/page"}],"author":[{"embeddable":true,"href":"https:\/\/dev.tg4.ie\/ga\/wp-json\/wp\/v2\/users\/876"}],"replies":[{"embeddable":true,"href":"https:\/\/dev.tg4.ie\/ga\/wp-json\/wp\/v2\/comments?post=105618"}],"version-history":[{"count":0,"href":"https:\/\/dev.tg4.ie\/ga\/wp-json\/wp\/v2\/pages\/105618\/revisions"}],"up":[{"embeddable":true,"href":"https:\/\/dev.tg4.ie\/ga\/wp-json\/wp\/v2\/pages\/98830"}],"wp:featuredmedia":[{"embeddable":true,"href":"https:\/\/dev.tg4.ie\/ga\/wp-json\/wp\/v2\/media\/95664"}],"wp:attachment":[{"href":"https:\/\/dev.tg4.ie\/ga\/wp-json\/wp\/v2\/media?parent=105618"}],"curies":[{"name":"wp","href":"https:\/\/api.w.org\/{rel}","templated":true}]}}