{"id":106023,"date":"2019-06-07T09:52:44","date_gmt":"2019-06-07T08:52:44","guid":{"rendered":"https:\/\/dev.tg4.ie\/?page_id=106023"},"modified":"2022-02-03T12:51:16","modified_gmt":"2022-02-03T12:51:16","slug":"spiorad-na-feile-bronnta-ar-clar-tg4-lomax-in-eirinn-ag-feile-na-meain-cheilteach-2019","status":"publish","type":"page","link":"https:\/\/dev.tg4.ie\/ga\/eolas\/preas\/nuacht-raitis\/2019-2\/spiorad-na-feile-bronnta-ar-clar-tg4-lomax-in-eirinn-ag-feile-na-meain-cheilteach-2019\/","title":{"rendered":"Spior\u00e1d na f\u00e9ile bronnta ar cl\u00e1r TG4 Lomax in Eirinn ag F\u00e9ile na Me\u00e1in Cheilteach 2019"},"content":{"rendered":"<p>D\u2019eirigh le cl\u00e1r de chuid TG4, <em><b>Lomax in \u00c9irinn<\/b>,<\/em> spior\u00e1d na f\u00e9ile a bhaint amach ag F\u00e9ile na Me\u00e1in Cheilteach tr\u00e1thn\u00f3na. T\u00e1 an f\u00e9ile ar bun in Aviemore san Albain faoi l\u00e1thair.<\/p>\n<p><strong>Lomax in \u00c9irinn: <\/strong>Ba \u00e9 mian Alan Lomax ceol an domhain a thaifeadadh agus a chaomhn\u00fa. I 1951 a thosaigh s\u00e9 ar an taifeadadh sin in \u00c9irinn. Nochtfar sc\u00e9al an turais sin agus mar a taifeadadh an ch\u00e9ad albam de cheol na h\u00c9ireann d\u00e1 bharr sa chl\u00e1r seo. T\u00e1 ceol ar an gcl\u00e1r le Steve Earle, Clannad, Slow Moving Clouds, The Tulla C\u00e9il\u00ed Band agus Nell N\u00ed Chr\u00f3in\u00edn. \u00c1 chur i l\u00e1thair ag P\u00f3l Brennan \u00f3n mbanna ceoil Clannad. L\u00e9iri\u00fa le Aisling Productions. Tig leat blas don cl\u00e1r a fh\u00e1il anseo; <a href=\"http:\/\/mhq70911clink.tg4.ie\/wf\/click?upn=FejI7Ypx0TgZ-2BwVhKYqb3XZuJkK14cDEkK27VToT-2FV-2Fi59gSsHrRJcC0SwUc2Zt6_Q7QzZ7iXo-2FBXM79C9lXioB92AeZYLSCGbU1-2B3jBWG7UyYzRcdsm2FqyHe1gWJ96eC2VvZ7weN-2F-2BG9esLUbv96ZxWHk57cbi7LxqZL4d0ZIZq-2F5GqjbgeCBJrhn7VVx1KpaftoD6Atfon8sFA-2Bj1WM1aHI5jQw9XWC-2FhQZUaxQg18n7y2htEisS9ZhKzcn-2BtjsO6DQh6C9ZOWT73Hts7aqNjkHTd6p681RESPCcdB84vibIKo4tM31mu1D8jVa-2BA34Wf7njB24pW7lAuP2gdpgQ-3D-3D\">https:\/\/youtu.be\/b0k1fZgUq3c<\/a><\/p>\n<p>&nbsp;<\/p>\n<p style=\"margin-bottom: 12.0pt;\">Eagra\u00edtear F\u00e9ile na Me\u00e1n Ceilteach gach bliain in ionad \u00e9ags\u00fail sna cr\u00edocha Ceilteacha. Cuirtear iontr\u00e1lacha sna duais-rann\u00f3ga \u00e9ags\u00fala faoi bhr\u00e1id gi\u00fair\u00e9 n\u00e1isi\u00fanta ina dt\u00edr f\u00e9in ar dt\u00fas. Roghna\u00edtear an scoth astu sin le dul san ioma\u00edocht sa gcom\u00f3rtas idirn\u00e1isi\u00fanta. I Aviemore in Albain at\u00e1 F\u00e9ile na bliana seo, an 40\u00fa ceann \u00f3 buna\u00edodh \u00ed. (<a href=\"http:\/\/mhq70911clink.tg4.ie\/wf\/click?upn=plDLgAMDe-2FFx3WRNLy61KiutK7hwDAfIg1jzhOBg7K5AwVco-2BedJJTUgf-2BbRq0bV_Q7QzZ7iXo-2FBXM79C9lXioB92AeZYLSCGbU1-2B3jBWG7UyYzRcdsm2FqyHe1gWJ96eC2VvZ7weN-2F-2BG9esLUbv96ZxWHk57cbi7LxqZL4d0ZIZq-2F5GqjbgeCBJrhn7VVx1KIDmQS28UwIKoIsKhzrztohzVinas8FuhO8eaGOThV7DxPC5nQbUxArkfQxdluP6bMP3-2F-2F2qYdbgG2fFtmSXg-2BnYRY52qc14HctY-2Bwt-2Fb4JBe2PYhJX3xKd7UD0zzC6aK8W0khX9LXv2lQ-2BiPv3WiaQ-3D-3D\">www.celticmediafestival.co.uk<\/a>).<\/p>\n<p>Deir Ardsti\u00farth\u00f3ir TG4 Alan Esslemont, \u201c<em>Is m\u00f3r an t-ard\u00fa cro\u00ed d\u00fainn go bhfuil gradaim chomh haitheanta le Torc \u00f3n Fh\u00e9ile Cheilteach buaite ag <\/em><strong><i>Lomax in \u00c9irinn<\/i><\/strong><em> ag an bhf\u00e9ile seo, buaic na bliana do thionscal na teilif\u00edse in \u00c9irinn, Albain, An Bhriot\u00e1in, Corn na Breataine agus an Bhreatain Bheag.\u201d<\/em><\/p>\n<p>&nbsp;<\/p>\n","protected":false},"excerpt":{"rendered":"<p>D\u2019eirigh le cl\u00e1r de chuid TG4, Lomax in \u00c9irinn, spior\u00e1d na f\u00e9ile a bhaint amach ag F\u00e9ile na Me\u00e1in Cheilteach tr\u00e1thn\u00f3na. T\u00e1 an f\u00e9ile ar bun in Aviemore san Albain faoi l\u00e1thair. Lomax in \u00c9irinn: Ba \u00e9 mian Alan Lomax ceol an domhain a thaifeadadh agus a chaomhn\u00fa. I 1951 a thosaigh s\u00e9 ar an [&hellip;]<\/p>\n","protected":false},"author":876,"featured_media":92613,"parent":98830,"menu_order":22,"comment_status":"closed","ping_status":"closed","template":"page-templates\/template-pr.php","meta":{"_acf_changed":false,"footnotes":""},"acf":[],"yoast_head":"<!-- This site is optimized with the Yoast SEO plugin v22.6 - https:\/\/yoast.com\/wordpress\/plugins\/seo\/ -->\n<title>Spior\u00e1d na f\u00e9ile bronnta ar cl\u00e1r TG4 Lomax in Eirinn ag F\u00e9ile na Me\u00e1in Cheilteach 2019 - TG4<\/title>\n<meta name=\"robots\" content=\"index, follow, max-snippet:-1, max-image-preview:large, max-video-preview:-1\" \/>\n<meta property=\"og:locale\" content=\"en_US\" \/>\n<meta property=\"og:type\" content=\"article\" \/>\n<meta property=\"og:title\" content=\"Spior\u00e1d na f\u00e9ile bronnta ar cl\u00e1r TG4 Lomax in Eirinn ag F\u00e9ile na Me\u00e1in Cheilteach 2019 - TG4\" \/>\n<meta property=\"og:description\" content=\"D\u2019eirigh le cl\u00e1r de chuid TG4, Lomax in \u00c9irinn, spior\u00e1d na f\u00e9ile a bhaint amach ag F\u00e9ile na Me\u00e1in Cheilteach tr\u00e1thn\u00f3na. T\u00e1 an f\u00e9ile ar bun in Aviemore san Albain faoi l\u00e1thair. Lomax in \u00c9irinn: Ba \u00e9 mian Alan Lomax ceol an domhain a thaifeadadh agus a chaomhn\u00fa. I 1951 a thosaigh s\u00e9 ar an [&hellip;]\" \/>\n<meta property=\"og:url\" content=\"https:\/\/dev.tg4.ie\/ga\/eolas\/preas\/nuacht-raitis\/2019-2\/spiorad-na-feile-bronnta-ar-clar-tg4-lomax-in-eirinn-ag-feile-na-meain-cheilteach-2019\/\" \/>\n<meta property=\"og:site_name\" content=\"TG4\" \/>\n<meta property=\"article:publisher\" content=\"https:\/\/www.facebook.com\/TG4TV\" \/>\n<meta property=\"article:modified_time\" content=\"2022-02-03T12:51:16+00:00\" \/>\n<meta property=\"og:image\" content=\"https:\/\/tg4-docs.s3.amazonaws.com\/tg4-redesign-2015\/wp-content\/uploads\/2018\/09\/Lomax-11.jpg\" \/>\n\t<meta property=\"og:image:width\" content=\"1920\" \/>\n\t<meta property=\"og:image:height\" content=\"1080\" \/>\n\t<meta property=\"og:image:type\" content=\"image\/jpeg\" \/>\n<meta name=\"twitter:card\" content=\"summary_large_image\" \/>\n<meta name=\"twitter:site\" content=\"@TG4TV\" \/>\n<meta name=\"twitter:label1\" content=\"Est. reading time\" \/>\n\t<meta name=\"twitter:data1\" content=\"1 minute\" \/>\n<script type=\"application\/ld+json\" class=\"yoast-schema-graph\">{\"@context\":\"https:\/\/schema.org\",\"@graph\":[{\"@type\":\"WebPage\",\"@id\":\"https:\/\/dev.tg4.ie\/ga\/eolas\/preas\/nuacht-raitis\/2019-2\/spiorad-na-feile-bronnta-ar-clar-tg4-lomax-in-eirinn-ag-feile-na-meain-cheilteach-2019\/\",\"url\":\"https:\/\/dev.tg4.ie\/ga\/eolas\/preas\/nuacht-raitis\/2019-2\/spiorad-na-feile-bronnta-ar-clar-tg4-lomax-in-eirinn-ag-feile-na-meain-cheilteach-2019\/\",\"name\":\"Spior\u00e1d na f\u00e9ile bronnta ar cl\u00e1r TG4 Lomax in Eirinn ag F\u00e9ile na Me\u00e1in Cheilteach 2019 - TG4\",\"isPartOf\":{\"@id\":\"https:\/\/dev.tg4.ie\/en\/#website\"},\"primaryImageOfPage\":{\"@id\":\"https:\/\/dev.tg4.ie\/ga\/eolas\/preas\/nuacht-raitis\/2019-2\/spiorad-na-feile-bronnta-ar-clar-tg4-lomax-in-eirinn-ag-feile-na-meain-cheilteach-2019\/#primaryimage\"},\"image\":{\"@id\":\"https:\/\/dev.tg4.ie\/ga\/eolas\/preas\/nuacht-raitis\/2019-2\/spiorad-na-feile-bronnta-ar-clar-tg4-lomax-in-eirinn-ag-feile-na-meain-cheilteach-2019\/#primaryimage\"},\"thumbnailUrl\":\"https:\/\/tg4-docs.s3.amazonaws.com\/tg4-redesign-2015\/wp-content\/uploads\/2018\/09\/Lomax-11.jpg\",\"datePublished\":\"2019-06-07T08:52:44+00:00\",\"dateModified\":\"2022-02-03T12:51:16+00:00\",\"breadcrumb\":{\"@id\":\"https:\/\/dev.tg4.ie\/ga\/eolas\/preas\/nuacht-raitis\/2019-2\/spiorad-na-feile-bronnta-ar-clar-tg4-lomax-in-eirinn-ag-feile-na-meain-cheilteach-2019\/#breadcrumb\"},\"inLanguage\":\"ga\",\"potentialAction\":[{\"@type\":\"ReadAction\",\"target\":[\"https:\/\/dev.tg4.ie\/ga\/eolas\/preas\/nuacht-raitis\/2019-2\/spiorad-na-feile-bronnta-ar-clar-tg4-lomax-in-eirinn-ag-feile-na-meain-cheilteach-2019\/\"]}]},{\"@type\":\"ImageObject\",\"inLanguage\":\"ga\",\"@id\":\"https:\/\/dev.tg4.ie\/ga\/eolas\/preas\/nuacht-raitis\/2019-2\/spiorad-na-feile-bronnta-ar-clar-tg4-lomax-in-eirinn-ag-feile-na-meain-cheilteach-2019\/#primaryimage\",\"url\":\"https:\/\/tg4-docs.s3.amazonaws.com\/tg4-redesign-2015\/wp-content\/uploads\/2018\/09\/Lomax-11.jpg\",\"contentUrl\":\"https:\/\/tg4-docs.s3.amazonaws.com\/tg4-redesign-2015\/wp-content\/uploads\/2018\/09\/Lomax-11.jpg\",\"width\":1920,\"height\":1080},{\"@type\":\"BreadcrumbList\",\"@id\":\"https:\/\/dev.tg4.ie\/ga\/eolas\/preas\/nuacht-raitis\/2019-2\/spiorad-na-feile-bronnta-ar-clar-tg4-lomax-in-eirinn-ag-feile-na-meain-cheilteach-2019\/#breadcrumb\",\"itemListElement\":[{\"@type\":\"ListItem\",\"position\":1,\"name\":\"Home\",\"item\":\"https:\/\/dev.tg4.ie\/ga\/\"},{\"@type\":\"ListItem\",\"position\":2,\"name\":\"Eolas\",\"item\":\"https:\/\/dev.tg4.ie\/ga\/eolas\/\"},{\"@type\":\"ListItem\",\"position\":3,\"name\":\"Preas\",\"item\":\"https:\/\/dev.tg4.ie\/ga\/eolas\/preas\/\"},{\"@type\":\"ListItem\",\"position\":4,\"name\":\"Nuacht R\u00e1itis\",\"item\":\"https:\/\/dev.tg4.ie\/ga\/eolas\/preas\/nuacht-raitis\/\"},{\"@type\":\"ListItem\",\"position\":5,\"name\":\"2019\",\"item\":\"https:\/\/dev.tg4.ie\/ga\/eolas\/preas\/nuacht-raitis\/2019-2\/\"},{\"@type\":\"ListItem\",\"position\":6,\"name\":\"Spior\u00e1d na f\u00e9ile bronnta ar cl\u00e1r TG4 Lomax in Eirinn ag F\u00e9ile na Me\u00e1in Cheilteach 2019\"}]},{\"@type\":\"WebSite\",\"@id\":\"https:\/\/dev.tg4.ie\/en\/#website\",\"url\":\"https:\/\/dev.tg4.ie\/en\/\",\"name\":\"TG4\",\"description\":\"S\u00fail Eile\",\"potentialAction\":[{\"@type\":\"SearchAction\",\"target\":{\"@type\":\"EntryPoint\",\"urlTemplate\":\"https:\/\/dev.tg4.ie\/en\/?s={search_term_string}\"},\"query-input\":\"required name=search_term_string\"}],\"inLanguage\":\"ga\"}]}<\/script>\n<!-- \/ Yoast SEO plugin. -->","yoast_head_json":{"title":"Spior\u00e1d na f\u00e9ile bronnta ar cl\u00e1r TG4 Lomax in Eirinn ag F\u00e9ile na Me\u00e1in Cheilteach 2019 - TG4","robots":{"index":"index","follow":"follow","max-snippet":"max-snippet:-1","max-image-preview":"max-image-preview:large","max-video-preview":"max-video-preview:-1"},"og_locale":"en_US","og_type":"article","og_title":"Spior\u00e1d na f\u00e9ile bronnta ar cl\u00e1r TG4 Lomax in Eirinn ag F\u00e9ile na Me\u00e1in Cheilteach 2019 - TG4","og_description":"D\u2019eirigh le cl\u00e1r de chuid TG4, Lomax in \u00c9irinn, spior\u00e1d na f\u00e9ile a bhaint amach ag F\u00e9ile na Me\u00e1in Cheilteach tr\u00e1thn\u00f3na. T\u00e1 an f\u00e9ile ar bun in Aviemore san Albain faoi l\u00e1thair. Lomax in \u00c9irinn: Ba \u00e9 mian Alan Lomax ceol an domhain a thaifeadadh agus a chaomhn\u00fa. I 1951 a thosaigh s\u00e9 ar an [&hellip;]","og_url":"https:\/\/dev.tg4.ie\/ga\/eolas\/preas\/nuacht-raitis\/2019-2\/spiorad-na-feile-bronnta-ar-clar-tg4-lomax-in-eirinn-ag-feile-na-meain-cheilteach-2019\/","og_site_name":"TG4","article_publisher":"https:\/\/www.facebook.com\/TG4TV","article_modified_time":"2022-02-03T12:51:16+00:00","og_image":[{"width":1920,"height":1080,"url":"https:\/\/tg4-docs.s3.amazonaws.com\/tg4-redesign-2015\/wp-content\/uploads\/2018\/09\/Lomax-11.jpg","type":"image\/jpeg"}],"twitter_card":"summary_large_image","twitter_site":"@TG4TV","twitter_misc":{"Est. reading time":"1 minute"},"schema":{"@context":"https:\/\/schema.org","@graph":[{"@type":"WebPage","@id":"https:\/\/dev.tg4.ie\/ga\/eolas\/preas\/nuacht-raitis\/2019-2\/spiorad-na-feile-bronnta-ar-clar-tg4-lomax-in-eirinn-ag-feile-na-meain-cheilteach-2019\/","url":"https:\/\/dev.tg4.ie\/ga\/eolas\/preas\/nuacht-raitis\/2019-2\/spiorad-na-feile-bronnta-ar-clar-tg4-lomax-in-eirinn-ag-feile-na-meain-cheilteach-2019\/","name":"Spior\u00e1d na f\u00e9ile bronnta ar cl\u00e1r TG4 Lomax in Eirinn ag F\u00e9ile na Me\u00e1in Cheilteach 2019 - TG4","isPartOf":{"@id":"https:\/\/dev.tg4.ie\/en\/#website"},"primaryImageOfPage":{"@id":"https:\/\/dev.tg4.ie\/ga\/eolas\/preas\/nuacht-raitis\/2019-2\/spiorad-na-feile-bronnta-ar-clar-tg4-lomax-in-eirinn-ag-feile-na-meain-cheilteach-2019\/#primaryimage"},"image":{"@id":"https:\/\/dev.tg4.ie\/ga\/eolas\/preas\/nuacht-raitis\/2019-2\/spiorad-na-feile-bronnta-ar-clar-tg4-lomax-in-eirinn-ag-feile-na-meain-cheilteach-2019\/#primaryimage"},"thumbnailUrl":"https:\/\/tg4-docs.s3.amazonaws.com\/tg4-redesign-2015\/wp-content\/uploads\/2018\/09\/Lomax-11.jpg","datePublished":"2019-06-07T08:52:44+00:00","dateModified":"2022-02-03T12:51:16+00:00","breadcrumb":{"@id":"https:\/\/dev.tg4.ie\/ga\/eolas\/preas\/nuacht-raitis\/2019-2\/spiorad-na-feile-bronnta-ar-clar-tg4-lomax-in-eirinn-ag-feile-na-meain-cheilteach-2019\/#breadcrumb"},"inLanguage":"ga","potentialAction":[{"@type":"ReadAction","target":["https:\/\/dev.tg4.ie\/ga\/eolas\/preas\/nuacht-raitis\/2019-2\/spiorad-na-feile-bronnta-ar-clar-tg4-lomax-in-eirinn-ag-feile-na-meain-cheilteach-2019\/"]}]},{"@type":"ImageObject","inLanguage":"ga","@id":"https:\/\/dev.tg4.ie\/ga\/eolas\/preas\/nuacht-raitis\/2019-2\/spiorad-na-feile-bronnta-ar-clar-tg4-lomax-in-eirinn-ag-feile-na-meain-cheilteach-2019\/#primaryimage","url":"https:\/\/tg4-docs.s3.amazonaws.com\/tg4-redesign-2015\/wp-content\/uploads\/2018\/09\/Lomax-11.jpg","contentUrl":"https:\/\/tg4-docs.s3.amazonaws.com\/tg4-redesign-2015\/wp-content\/uploads\/2018\/09\/Lomax-11.jpg","width":1920,"height":1080},{"@type":"BreadcrumbList","@id":"https:\/\/dev.tg4.ie\/ga\/eolas\/preas\/nuacht-raitis\/2019-2\/spiorad-na-feile-bronnta-ar-clar-tg4-lomax-in-eirinn-ag-feile-na-meain-cheilteach-2019\/#breadcrumb","itemListElement":[{"@type":"ListItem","position":1,"name":"Home","item":"https:\/\/dev.tg4.ie\/ga\/"},{"@type":"ListItem","position":2,"name":"Eolas","item":"https:\/\/dev.tg4.ie\/ga\/eolas\/"},{"@type":"ListItem","position":3,"name":"Preas","item":"https:\/\/dev.tg4.ie\/ga\/eolas\/preas\/"},{"@type":"ListItem","position":4,"name":"Nuacht R\u00e1itis","item":"https:\/\/dev.tg4.ie\/ga\/eolas\/preas\/nuacht-raitis\/"},{"@type":"ListItem","position":5,"name":"2019","item":"https:\/\/dev.tg4.ie\/ga\/eolas\/preas\/nuacht-raitis\/2019-2\/"},{"@type":"ListItem","position":6,"name":"Spior\u00e1d na f\u00e9ile bronnta ar cl\u00e1r TG4 Lomax in Eirinn ag F\u00e9ile na Me\u00e1in Cheilteach 2019"}]},{"@type":"WebSite","@id":"https:\/\/dev.tg4.ie\/en\/#website","url":"https:\/\/dev.tg4.ie\/en\/","name":"TG4","description":"S\u00fail Eile","potentialAction":[{"@type":"SearchAction","target":{"@type":"EntryPoint","urlTemplate":"https:\/\/dev.tg4.ie\/en\/?s={search_term_string}"},"query-input":"required name=search_term_string"}],"inLanguage":"ga"}]}},"_links":{"self":[{"href":"https:\/\/dev.tg4.ie\/ga\/wp-json\/wp\/v2\/pages\/106023"}],"collection":[{"href":"https:\/\/dev.tg4.ie\/ga\/wp-json\/wp\/v2\/pages"}],"about":[{"href":"https:\/\/dev.tg4.ie\/ga\/wp-json\/wp\/v2\/types\/page"}],"author":[{"embeddable":true,"href":"https:\/\/dev.tg4.ie\/ga\/wp-json\/wp\/v2\/users\/876"}],"replies":[{"embeddable":true,"href":"https:\/\/dev.tg4.ie\/ga\/wp-json\/wp\/v2\/comments?post=106023"}],"version-history":[{"count":0,"href":"https:\/\/dev.tg4.ie\/ga\/wp-json\/wp\/v2\/pages\/106023\/revisions"}],"up":[{"embeddable":true,"href":"https:\/\/dev.tg4.ie\/ga\/wp-json\/wp\/v2\/pages\/98830"}],"wp:featuredmedia":[{"embeddable":true,"href":"https:\/\/dev.tg4.ie\/ga\/wp-json\/wp\/v2\/media\/92613"}],"wp:attachment":[{"href":"https:\/\/dev.tg4.ie\/ga\/wp-json\/wp\/v2\/media?parent=106023"}],"curies":[{"name":"wp","href":"https:\/\/api.w.org\/{rel}","templated":true}]}}