{"id":106253,"date":"2019-06-14T10:00:26","date_gmt":"2019-06-14T09:00:26","guid":{"rendered":"https:\/\/dev.tg4.ie\/?page_id=106253"},"modified":"2022-02-03T12:53:21","modified_gmt":"2022-02-03T12:53:21","slug":"glor-tire-ar-thoir-realt-nua","status":"publish","type":"page","link":"https:\/\/dev.tg4.ie\/ga\/eolas\/preas\/nuacht-raitis\/2019-2\/glor-tire-ar-thoir-realt-nua\/","title":{"rendered":"\u2018Gl\u00f3r T\u00edre\u2019 ar th\u00f3ir r\u00e9alt nua!"},"content":{"rendered":"<p>An d\u00f3igh leat go bhfuil ar do chumas a bheith mar an ch\u00e9ad Nathan Carter, n\u00f3 Lisa McHugh eile in \u00c9irinn? M\u00e1s d\u00f3igh, t\u00e1\u00a0<strong>\u2018Gl\u00f3r T\u00edre\u2019,\u00a0<\/strong>cl\u00e1r c\u00e1ili\u00fail ceol t\u00edre <strong>TG4,<\/strong> \u00a0ag iarraidh cloiste\u00e1il uait. T\u00e1 iarratais \u00e1 chuardach faoi l\u00e1thair \u00f3 amhr\u00e1naithe ceol t\u00edre do chom\u00f3rtas na bliana seo.<\/p>\n<p>M\u00e1 t\u00e1 tusa ag iarraidh a bheith i d\u2019iomaitheoir ar an gc\u00e9ad sraith eile do <strong>\u2018Gl\u00f3r T\u00edre\u2019<\/strong>, seol isteach f\u00edse\u00e1n (n\u00f3 nasc Youtube) duit f\u00e9in ag canadh, chomh maith le do sheoladh, do chuid sonra\u00ed teagmh\u00e1la agus eolas ar bith eile gur mhaith leat a roinnt linn chuig: <a href=\"mailto:glortire@gaelmedia.ie\" target=\"_blank\" rel=\"noopener noreferrer\">glortire@gaelmedia.ie<\/a> roimh 1 L\u00fanasa 2019 .<\/p>\n<p>Uasl\u00f3d\u00e1lfar na hiontr\u00e1lacha ar fad ar chain\u00e9al Youtube, roinnfear iad leis na meant\u00f3ir\u00ed agus roghn\u00f3idh siadsan a n-iomaitheoir f\u00e9in \u00f3 na hiontr\u00e1lacha at\u00e1 faighte.<\/p>\n<p>N\u00ed m\u00f3r d\u2019iarrth\u00f3ir\u00ed a bheith os cionn 18 bliain d\u2019aois ar an 1 Meitheamh 2018. <u>N\u00ed ghlacfar le hiontr\u00e1lacha tar \u00e9is an 1\u00fa L\u00fanasa 2019<\/u>.<\/p>\n","protected":false},"excerpt":{"rendered":"<p>An d\u00f3igh leat go bhfuil ar do chumas a bheith mar an ch\u00e9ad Nathan Carter, n\u00f3 Lisa McHugh eile in \u00c9irinn? M\u00e1s d\u00f3igh, t\u00e1\u00a0\u2018Gl\u00f3r T\u00edre\u2019,\u00a0cl\u00e1r c\u00e1ili\u00fail ceol t\u00edre TG4, \u00a0ag iarraidh cloiste\u00e1il uait. T\u00e1 iarratais \u00e1 chuardach faoi l\u00e1thair \u00f3 amhr\u00e1naithe ceol t\u00edre do chom\u00f3rtas na bliana seo. M\u00e1 t\u00e1 tusa ag iarraidh a bheith [&hellip;]<\/p>\n","protected":false},"author":876,"featured_media":106215,"parent":98830,"menu_order":23,"comment_status":"closed","ping_status":"closed","template":"page-templates\/template-pr.php","meta":{"_acf_changed":false,"footnotes":""},"acf":[],"yoast_head":"<!-- This site is optimized with the Yoast SEO plugin v22.6 - https:\/\/yoast.com\/wordpress\/plugins\/seo\/ -->\n<title>\u2018Gl\u00f3r T\u00edre\u2019 ar th\u00f3ir r\u00e9alt nua! - TG4<\/title>\n<meta name=\"robots\" content=\"index, follow, max-snippet:-1, max-image-preview:large, max-video-preview:-1\" \/>\n<meta property=\"og:locale\" content=\"en_US\" \/>\n<meta property=\"og:type\" content=\"article\" \/>\n<meta property=\"og:title\" content=\"\u2018Gl\u00f3r T\u00edre\u2019 ar th\u00f3ir r\u00e9alt nua! - TG4\" \/>\n<meta property=\"og:description\" content=\"An d\u00f3igh leat go bhfuil ar do chumas a bheith mar an ch\u00e9ad Nathan Carter, n\u00f3 Lisa McHugh eile in \u00c9irinn? M\u00e1s d\u00f3igh, t\u00e1\u00a0\u2018Gl\u00f3r T\u00edre\u2019,\u00a0cl\u00e1r c\u00e1ili\u00fail ceol t\u00edre TG4, \u00a0ag iarraidh cloiste\u00e1il uait. T\u00e1 iarratais \u00e1 chuardach faoi l\u00e1thair \u00f3 amhr\u00e1naithe ceol t\u00edre do chom\u00f3rtas na bliana seo. M\u00e1 t\u00e1 tusa ag iarraidh a bheith [&hellip;]\" \/>\n<meta property=\"og:url\" content=\"https:\/\/dev.tg4.ie\/ga\/eolas\/preas\/nuacht-raitis\/2019-2\/glor-tire-ar-thoir-realt-nua\/\" \/>\n<meta property=\"og:site_name\" content=\"TG4\" \/>\n<meta property=\"article:publisher\" content=\"https:\/\/www.facebook.com\/TG4TV\" \/>\n<meta property=\"article:modified_time\" content=\"2022-02-03T12:53:21+00:00\" \/>\n<meta property=\"og:image\" content=\"https:\/\/tg4-docs.s3.amazonaws.com\/wp-content\/uploads\/2024\/11\/18151812\/TG4_2024_corcra_teal_1-1920x1080-1.jpg\" \/>\n\t<meta property=\"og:image:width\" content=\"1920\" \/>\n\t<meta property=\"og:image:height\" content=\"1080\" \/>\n\t<meta property=\"og:image:type\" content=\"image\/jpeg\" \/>\n<meta name=\"twitter:card\" content=\"summary_large_image\" \/>\n<meta name=\"twitter:site\" content=\"@TG4TV\" \/>\n<meta name=\"twitter:label1\" content=\"Est. reading time\" \/>\n\t<meta name=\"twitter:data1\" content=\"1 minute\" \/>\n<script type=\"application\/ld+json\" class=\"yoast-schema-graph\">{\"@context\":\"https:\/\/schema.org\",\"@graph\":[{\"@type\":\"WebPage\",\"@id\":\"https:\/\/dev.tg4.ie\/ga\/eolas\/preas\/nuacht-raitis\/2019-2\/glor-tire-ar-thoir-realt-nua\/\",\"url\":\"https:\/\/dev.tg4.ie\/ga\/eolas\/preas\/nuacht-raitis\/2019-2\/glor-tire-ar-thoir-realt-nua\/\",\"name\":\"\u2018Gl\u00f3r T\u00edre\u2019 ar th\u00f3ir r\u00e9alt nua! - TG4\",\"isPartOf\":{\"@id\":\"https:\/\/dev.tg4.ie\/en\/#website\"},\"primaryImageOfPage\":{\"@id\":\"https:\/\/dev.tg4.ie\/ga\/eolas\/preas\/nuacht-raitis\/2019-2\/glor-tire-ar-thoir-realt-nua\/#primaryimage\"},\"image\":{\"@id\":\"https:\/\/dev.tg4.ie\/ga\/eolas\/preas\/nuacht-raitis\/2019-2\/glor-tire-ar-thoir-realt-nua\/#primaryimage\"},\"thumbnailUrl\":\"\",\"datePublished\":\"2019-06-14T09:00:26+00:00\",\"dateModified\":\"2022-02-03T12:53:21+00:00\",\"breadcrumb\":{\"@id\":\"https:\/\/dev.tg4.ie\/ga\/eolas\/preas\/nuacht-raitis\/2019-2\/glor-tire-ar-thoir-realt-nua\/#breadcrumb\"},\"inLanguage\":\"ga\",\"potentialAction\":[{\"@type\":\"ReadAction\",\"target\":[\"https:\/\/dev.tg4.ie\/ga\/eolas\/preas\/nuacht-raitis\/2019-2\/glor-tire-ar-thoir-realt-nua\/\"]}]},{\"@type\":\"ImageObject\",\"inLanguage\":\"ga\",\"@id\":\"https:\/\/dev.tg4.ie\/ga\/eolas\/preas\/nuacht-raitis\/2019-2\/glor-tire-ar-thoir-realt-nua\/#primaryimage\",\"url\":\"\",\"contentUrl\":\"\"},{\"@type\":\"BreadcrumbList\",\"@id\":\"https:\/\/dev.tg4.ie\/ga\/eolas\/preas\/nuacht-raitis\/2019-2\/glor-tire-ar-thoir-realt-nua\/#breadcrumb\",\"itemListElement\":[{\"@type\":\"ListItem\",\"position\":1,\"name\":\"Home\",\"item\":\"https:\/\/dev.tg4.ie\/ga\/\"},{\"@type\":\"ListItem\",\"position\":2,\"name\":\"Eolas\",\"item\":\"https:\/\/dev.tg4.ie\/ga\/eolas\/\"},{\"@type\":\"ListItem\",\"position\":3,\"name\":\"Preas\",\"item\":\"https:\/\/dev.tg4.ie\/ga\/eolas\/preas\/\"},{\"@type\":\"ListItem\",\"position\":4,\"name\":\"Nuacht R\u00e1itis\",\"item\":\"https:\/\/dev.tg4.ie\/ga\/eolas\/preas\/nuacht-raitis\/\"},{\"@type\":\"ListItem\",\"position\":5,\"name\":\"2019\",\"item\":\"https:\/\/dev.tg4.ie\/ga\/eolas\/preas\/nuacht-raitis\/2019-2\/\"},{\"@type\":\"ListItem\",\"position\":6,\"name\":\"\u2018Gl\u00f3r T\u00edre\u2019 ar th\u00f3ir r\u00e9alt nua!\"}]},{\"@type\":\"WebSite\",\"@id\":\"https:\/\/dev.tg4.ie\/en\/#website\",\"url\":\"https:\/\/dev.tg4.ie\/en\/\",\"name\":\"TG4\",\"description\":\"S\u00fail Eile\",\"potentialAction\":[{\"@type\":\"SearchAction\",\"target\":{\"@type\":\"EntryPoint\",\"urlTemplate\":\"https:\/\/dev.tg4.ie\/en\/?s={search_term_string}\"},\"query-input\":\"required name=search_term_string\"}],\"inLanguage\":\"ga\"}]}<\/script>\n<!-- \/ Yoast SEO plugin. -->","yoast_head_json":{"title":"\u2018Gl\u00f3r T\u00edre\u2019 ar th\u00f3ir r\u00e9alt nua! - TG4","robots":{"index":"index","follow":"follow","max-snippet":"max-snippet:-1","max-image-preview":"max-image-preview:large","max-video-preview":"max-video-preview:-1"},"og_locale":"en_US","og_type":"article","og_title":"\u2018Gl\u00f3r T\u00edre\u2019 ar th\u00f3ir r\u00e9alt nua! - TG4","og_description":"An d\u00f3igh leat go bhfuil ar do chumas a bheith mar an ch\u00e9ad Nathan Carter, n\u00f3 Lisa McHugh eile in \u00c9irinn? M\u00e1s d\u00f3igh, t\u00e1\u00a0\u2018Gl\u00f3r T\u00edre\u2019,\u00a0cl\u00e1r c\u00e1ili\u00fail ceol t\u00edre TG4, \u00a0ag iarraidh cloiste\u00e1il uait. T\u00e1 iarratais \u00e1 chuardach faoi l\u00e1thair \u00f3 amhr\u00e1naithe ceol t\u00edre do chom\u00f3rtas na bliana seo. M\u00e1 t\u00e1 tusa ag iarraidh a bheith [&hellip;]","og_url":"https:\/\/dev.tg4.ie\/ga\/eolas\/preas\/nuacht-raitis\/2019-2\/glor-tire-ar-thoir-realt-nua\/","og_site_name":"TG4","article_publisher":"https:\/\/www.facebook.com\/TG4TV","article_modified_time":"2022-02-03T12:53:21+00:00","og_image":[{"width":1920,"height":1080,"url":"https:\/\/tg4-docs.s3.amazonaws.com\/wp-content\/uploads\/2024\/11\/18151812\/TG4_2024_corcra_teal_1-1920x1080-1.jpg","type":"image\/jpeg"}],"twitter_card":"summary_large_image","twitter_site":"@TG4TV","twitter_misc":{"Est. reading time":"1 minute"},"schema":{"@context":"https:\/\/schema.org","@graph":[{"@type":"WebPage","@id":"https:\/\/dev.tg4.ie\/ga\/eolas\/preas\/nuacht-raitis\/2019-2\/glor-tire-ar-thoir-realt-nua\/","url":"https:\/\/dev.tg4.ie\/ga\/eolas\/preas\/nuacht-raitis\/2019-2\/glor-tire-ar-thoir-realt-nua\/","name":"\u2018Gl\u00f3r T\u00edre\u2019 ar th\u00f3ir r\u00e9alt nua! - TG4","isPartOf":{"@id":"https:\/\/dev.tg4.ie\/en\/#website"},"primaryImageOfPage":{"@id":"https:\/\/dev.tg4.ie\/ga\/eolas\/preas\/nuacht-raitis\/2019-2\/glor-tire-ar-thoir-realt-nua\/#primaryimage"},"image":{"@id":"https:\/\/dev.tg4.ie\/ga\/eolas\/preas\/nuacht-raitis\/2019-2\/glor-tire-ar-thoir-realt-nua\/#primaryimage"},"thumbnailUrl":"","datePublished":"2019-06-14T09:00:26+00:00","dateModified":"2022-02-03T12:53:21+00:00","breadcrumb":{"@id":"https:\/\/dev.tg4.ie\/ga\/eolas\/preas\/nuacht-raitis\/2019-2\/glor-tire-ar-thoir-realt-nua\/#breadcrumb"},"inLanguage":"ga","potentialAction":[{"@type":"ReadAction","target":["https:\/\/dev.tg4.ie\/ga\/eolas\/preas\/nuacht-raitis\/2019-2\/glor-tire-ar-thoir-realt-nua\/"]}]},{"@type":"ImageObject","inLanguage":"ga","@id":"https:\/\/dev.tg4.ie\/ga\/eolas\/preas\/nuacht-raitis\/2019-2\/glor-tire-ar-thoir-realt-nua\/#primaryimage","url":"","contentUrl":""},{"@type":"BreadcrumbList","@id":"https:\/\/dev.tg4.ie\/ga\/eolas\/preas\/nuacht-raitis\/2019-2\/glor-tire-ar-thoir-realt-nua\/#breadcrumb","itemListElement":[{"@type":"ListItem","position":1,"name":"Home","item":"https:\/\/dev.tg4.ie\/ga\/"},{"@type":"ListItem","position":2,"name":"Eolas","item":"https:\/\/dev.tg4.ie\/ga\/eolas\/"},{"@type":"ListItem","position":3,"name":"Preas","item":"https:\/\/dev.tg4.ie\/ga\/eolas\/preas\/"},{"@type":"ListItem","position":4,"name":"Nuacht R\u00e1itis","item":"https:\/\/dev.tg4.ie\/ga\/eolas\/preas\/nuacht-raitis\/"},{"@type":"ListItem","position":5,"name":"2019","item":"https:\/\/dev.tg4.ie\/ga\/eolas\/preas\/nuacht-raitis\/2019-2\/"},{"@type":"ListItem","position":6,"name":"\u2018Gl\u00f3r T\u00edre\u2019 ar th\u00f3ir r\u00e9alt nua!"}]},{"@type":"WebSite","@id":"https:\/\/dev.tg4.ie\/en\/#website","url":"https:\/\/dev.tg4.ie\/en\/","name":"TG4","description":"S\u00fail Eile","potentialAction":[{"@type":"SearchAction","target":{"@type":"EntryPoint","urlTemplate":"https:\/\/dev.tg4.ie\/en\/?s={search_term_string}"},"query-input":"required name=search_term_string"}],"inLanguage":"ga"}]}},"_links":{"self":[{"href":"https:\/\/dev.tg4.ie\/ga\/wp-json\/wp\/v2\/pages\/106253"}],"collection":[{"href":"https:\/\/dev.tg4.ie\/ga\/wp-json\/wp\/v2\/pages"}],"about":[{"href":"https:\/\/dev.tg4.ie\/ga\/wp-json\/wp\/v2\/types\/page"}],"author":[{"embeddable":true,"href":"https:\/\/dev.tg4.ie\/ga\/wp-json\/wp\/v2\/users\/876"}],"replies":[{"embeddable":true,"href":"https:\/\/dev.tg4.ie\/ga\/wp-json\/wp\/v2\/comments?post=106253"}],"version-history":[{"count":0,"href":"https:\/\/dev.tg4.ie\/ga\/wp-json\/wp\/v2\/pages\/106253\/revisions"}],"up":[{"embeddable":true,"href":"https:\/\/dev.tg4.ie\/ga\/wp-json\/wp\/v2\/pages\/98830"}],"wp:featuredmedia":[{"embeddable":true,"href":"https:\/\/dev.tg4.ie\/ga\/wp-json\/"}],"wp:attachment":[{"href":"https:\/\/dev.tg4.ie\/ga\/wp-json\/wp\/v2\/media?parent=106253"}],"curies":[{"name":"wp","href":"https:\/\/api.w.org\/{rel}","templated":true}]}}