{"id":106742,"date":"2019-06-27T17:20:05","date_gmt":"2019-06-27T16:20:05","guid":{"rendered":"https:\/\/dev.tg4.ie\/?page_id=106742"},"modified":"2019-11-12T11:08:41","modified_gmt":"2019-11-12T11:08:41","slug":"ceann-de-na-priomh-ghradaim-buaite-ag-finne-tg4-ag-na-justice-media-awards","status":"publish","type":"page","link":"https:\/\/dev.tg4.ie\/ga\/eolas\/preas\/nuacht-raitis\/2019-2\/ceann-de-na-priomh-ghradaim-buaite-ag-finne-tg4-ag-na-justice-media-awards\/","title":{"rendered":"Ceann de na Pr\u00edomh Ghradaim Buaite ag \u2018Finn\u00e9\u2019 TG4 ag na \u2018Justice Media Awards\u2019"},"content":{"rendered":"<p>T\u00e1 ceann de na pr\u00edomh ghradaim buaite ag cl\u00e1ir \u00f3 shraith fhaisn\u00e9ise <strong>TG4<\/strong>, <strong>\u2018Finn\u00e9\u2019<\/strong>, ag na <strong>Justice Media Awards<\/strong> a bronnadh inniu. Aithn\u00edonn na gradaim seo iriseoireacht chl\u00f3ite agus f\u00edse den ch\u00e9ad scoth, a chuid\u00edonn leis an tuiscint at\u00e1 ag an bpobal ar ch\u00farsa\u00ed ceartais, an c\u00f3ras dl\u00edthi\u00fail agus ceisteanna dl\u00ed.<\/p>\n<p>M\u00f3rshraith faisn\u00e9ise at\u00e1 i <strong>\u2018Finn\u00e9<\/strong>, l\u00e9irithe ag an gcomhlacht Gaillimheach <strong>Magamedia<\/strong>, thar thr\u00e9imhse 12 m\u00ed, \u00a0ina dt\u00e9ann comhfhreagra\u00ed c\u00fairte RT\u00c9, <strong>Orla O&#8217;Donnell<\/strong>, ag tochailt na sc\u00e9alta daonna taobh thiar de na ceannl\u00ednte nuachta c\u00e1ili\u00fail in \u00c9irinn le blianta beaga anuas.<\/p>\n<p>Bronnadh an Gradam do thuairisci\u00fa <strong>Cearta Daonna\/Ceartas S\u00f3isialta<\/strong> ar chl\u00e1r faoi <strong>Martin Conmey<\/strong>, ina dtr\u00e1chtann s\u00e9 ar an m\u00e9id at\u00e1 d\u00e9anta aige le breis is dh\u00e1 sc\u00f3r bliain lena ainm a ghlanadh maidir le d\u00fanorgain Una Lynskey. Nuair a chuaigh bean \u00f3g ar iarradh i gContae na M\u00ed i 1971, thit sc\u00e1th an amhrais ar thri\u00far comharsa d\u00e1 cuid, Conmey ina measc. Cionta\u00edodh i nd\u00fanorgain iad agus chaith Martin tr\u00ed bliana sa phr\u00edos\u00fan. Bh\u00ed a mhisneach caillte uile ag Martin go dt\u00ed go bhfaca s\u00e9 an Guildford 4 \u00e1 scaoileadh amach as an bpr\u00edos\u00fan sa bhliain 1989. Ins\u00edonn Martin d\u00fainn faoin bpard\u00fan a fuair s\u00e9 \u00f3n St\u00e1t in 2014 i ndiaidh d\u00f3 breis is dh\u00e1 sc\u00f3r bliain a chaitheamh faoi amhras.<\/p>\n<p>Ag labhairt di i ndiaidh bronnadh na ngradam, deir Eagarth\u00f3ir Coimisi\u00fanaithe <strong>TG4<\/strong>, <strong>Proinsias N\u00ed Ghr\u00e1inne<\/strong>:<\/p>\n<p>&#8220;D\u00e9anann <strong>TG4<\/strong> comhgh\u00e1irdeas \u00f3 chro\u00ed le <strong>Magamedia<\/strong> agus gach duine a bh\u00ed bainteach leis an tsraith chumhachtach seo. T\u00e1 muid thar a bheith bu\u00edoch do na\u00a0<strong>Justice Media Awards<\/strong> as ucht an on\u00f3ir seo a bhronnadh ar an gcl\u00e1r. T\u00e1 <strong>TG4<\/strong> iontach s\u00e1sta gl\u00f3r a thabhairt do dhaoine cos\u00fail le <strong>Martin Conmey<\/strong> chun sc\u00e9alta \u00e1r linne agus a sc\u00e9alta pearsanta f\u00e9in a insint. T\u00e1 \u00e1thas orainn f\u00e1ilti\u00fa chomh maith roimh shraith nua do <strong>\u2018Finn\u00e9\u2019<\/strong> a bheidh \u00e1 chraoladh sa bhFh\u00f3mhar ar <strong>TG4<\/strong>, \u00e1it a mbeidh tuilleadh sc\u00e9alta, at\u00e1 inste don ch\u00e9ad uair ar an tsl\u00ed seo, le feice\u00e1il. N\u00edl aon amhras ach go bhfuil \u2018S\u00fail Eile\u2019 <strong>TG4<\/strong> le brath go smior sa tsraith seo&#8221;.<\/p>\n<p>&nbsp;<\/p>\n<p>Mura bhfaca t\u00fa iad roimhe seo iad, t\u00e1 an s\u00e9 chl\u00e1r sa tsraith <strong>\u2018Finn\u00e9\u2019<\/strong> le f\u00e1il ag <a href=\"https:\/\/dev.tg4.ie\/finne\" target=\"_blank\" rel=\"noopener noreferrer\">www.TG4.ie\/finne<\/a> agus an cl\u00e1r buacach faoi <strong>Martin Conmey<\/strong> ag na nasc seo: <a href=\"https:\/\/bit.ly\/2X59j39\" target=\"_blank\" rel=\"noopener noreferrer\">https:\/\/bit.ly\/2X59j39<\/a> .<\/p>\n<p>T\u00e1 breis eolais faoi na gradaim Justice Media Awards f\u00e9in ag: <a href=\"http:\/\/www.jmawards.ie\/\" target=\"_blank\" rel=\"noopener noreferrer\">www.jmawards.ie\/<\/a><\/p>\n<p>&nbsp;<\/p>\n<p>&nbsp;<\/p>\n<p>CR\u00cdOCH<\/p>\n<p>&nbsp;<\/p>\n","protected":false},"excerpt":{"rendered":"<p>T\u00e1 ceann de na pr\u00edomh ghradaim buaite ag cl\u00e1ir \u00f3 shraith fhaisn\u00e9ise TG4, \u2018Finn\u00e9\u2019, ag na Justice Media Awards a bronnadh inniu. Aithn\u00edonn na gradaim seo iriseoireacht chl\u00f3ite agus f\u00edse den ch\u00e9ad scoth, a chuid\u00edonn leis an tuiscint at\u00e1 ag an bpobal ar ch\u00farsa\u00ed ceartais, an c\u00f3ras dl\u00edthi\u00fail agus ceisteanna dl\u00ed. M\u00f3rshraith faisn\u00e9ise at\u00e1 i [&hellip;]<\/p>\n","protected":false},"author":876,"featured_media":92246,"parent":98830,"menu_order":24,"comment_status":"closed","ping_status":"closed","template":"page-templates\/template-pr.php","meta":{"_acf_changed":false,"footnotes":""},"acf":[],"yoast_head":"<!-- This site is optimized with the Yoast SEO plugin v22.6 - https:\/\/yoast.com\/wordpress\/plugins\/seo\/ -->\n<title>Ceann de na Pr\u00edomh Ghradaim Buaite ag \u2018Finn\u00e9\u2019 TG4 ag na \u2018Justice Media Awards\u2019 - TG4<\/title>\n<meta name=\"robots\" content=\"index, follow, max-snippet:-1, max-image-preview:large, max-video-preview:-1\" \/>\n<meta property=\"og:locale\" content=\"en_US\" \/>\n<meta property=\"og:type\" content=\"article\" \/>\n<meta property=\"og:title\" content=\"Ceann de na Pr\u00edomh Ghradaim Buaite ag \u2018Finn\u00e9\u2019 TG4 ag na \u2018Justice Media Awards\u2019 - TG4\" \/>\n<meta property=\"og:description\" content=\"T\u00e1 ceann de na pr\u00edomh ghradaim buaite ag cl\u00e1ir \u00f3 shraith fhaisn\u00e9ise TG4, \u2018Finn\u00e9\u2019, ag na Justice Media Awards a bronnadh inniu. Aithn\u00edonn na gradaim seo iriseoireacht chl\u00f3ite agus f\u00edse den ch\u00e9ad scoth, a chuid\u00edonn leis an tuiscint at\u00e1 ag an bpobal ar ch\u00farsa\u00ed ceartais, an c\u00f3ras dl\u00edthi\u00fail agus ceisteanna dl\u00ed. M\u00f3rshraith faisn\u00e9ise at\u00e1 i [&hellip;]\" \/>\n<meta property=\"og:url\" content=\"https:\/\/dev.tg4.ie\/ga\/eolas\/preas\/nuacht-raitis\/2019-2\/ceann-de-na-priomh-ghradaim-buaite-ag-finne-tg4-ag-na-justice-media-awards\/\" \/>\n<meta property=\"og:site_name\" content=\"TG4\" \/>\n<meta property=\"article:publisher\" content=\"https:\/\/www.facebook.com\/TG4TV\" \/>\n<meta property=\"article:modified_time\" content=\"2019-11-12T11:08:41+00:00\" \/>\n<meta property=\"og:image\" content=\"https:\/\/tg4-docs.s3.amazonaws.com\/tg4-redesign-2015\/wp-content\/uploads\/2018\/09\/Finn%C3%A9.jpg\" \/>\n\t<meta property=\"og:image:width\" content=\"1920\" \/>\n\t<meta property=\"og:image:height\" content=\"1080\" \/>\n\t<meta property=\"og:image:type\" content=\"image\/jpeg\" \/>\n<meta name=\"twitter:card\" content=\"summary_large_image\" \/>\n<meta name=\"twitter:site\" content=\"@TG4TV\" \/>\n<meta name=\"twitter:label1\" content=\"Est. reading time\" \/>\n\t<meta name=\"twitter:data1\" content=\"2 minutes\" \/>\n<script type=\"application\/ld+json\" class=\"yoast-schema-graph\">{\"@context\":\"https:\/\/schema.org\",\"@graph\":[{\"@type\":\"WebPage\",\"@id\":\"https:\/\/dev.tg4.ie\/ga\/eolas\/preas\/nuacht-raitis\/2019-2\/ceann-de-na-priomh-ghradaim-buaite-ag-finne-tg4-ag-na-justice-media-awards\/\",\"url\":\"https:\/\/dev.tg4.ie\/ga\/eolas\/preas\/nuacht-raitis\/2019-2\/ceann-de-na-priomh-ghradaim-buaite-ag-finne-tg4-ag-na-justice-media-awards\/\",\"name\":\"Ceann de na Pr\u00edomh Ghradaim Buaite ag \u2018Finn\u00e9\u2019 TG4 ag na \u2018Justice Media Awards\u2019 - TG4\",\"isPartOf\":{\"@id\":\"https:\/\/dev.tg4.ie\/en\/#website\"},\"primaryImageOfPage\":{\"@id\":\"https:\/\/dev.tg4.ie\/ga\/eolas\/preas\/nuacht-raitis\/2019-2\/ceann-de-na-priomh-ghradaim-buaite-ag-finne-tg4-ag-na-justice-media-awards\/#primaryimage\"},\"image\":{\"@id\":\"https:\/\/dev.tg4.ie\/ga\/eolas\/preas\/nuacht-raitis\/2019-2\/ceann-de-na-priomh-ghradaim-buaite-ag-finne-tg4-ag-na-justice-media-awards\/#primaryimage\"},\"thumbnailUrl\":\"https:\/\/tg4-docs.s3.amazonaws.com\/tg4-redesign-2015\/wp-content\/uploads\/2018\/09\/Finn%C3%A9.jpg\",\"datePublished\":\"2019-06-27T16:20:05+00:00\",\"dateModified\":\"2019-11-12T11:08:41+00:00\",\"breadcrumb\":{\"@id\":\"https:\/\/dev.tg4.ie\/ga\/eolas\/preas\/nuacht-raitis\/2019-2\/ceann-de-na-priomh-ghradaim-buaite-ag-finne-tg4-ag-na-justice-media-awards\/#breadcrumb\"},\"inLanguage\":\"ga\",\"potentialAction\":[{\"@type\":\"ReadAction\",\"target\":[\"https:\/\/dev.tg4.ie\/ga\/eolas\/preas\/nuacht-raitis\/2019-2\/ceann-de-na-priomh-ghradaim-buaite-ag-finne-tg4-ag-na-justice-media-awards\/\"]}]},{\"@type\":\"ImageObject\",\"inLanguage\":\"ga\",\"@id\":\"https:\/\/dev.tg4.ie\/ga\/eolas\/preas\/nuacht-raitis\/2019-2\/ceann-de-na-priomh-ghradaim-buaite-ag-finne-tg4-ag-na-justice-media-awards\/#primaryimage\",\"url\":\"https:\/\/tg4-docs.s3.amazonaws.com\/tg4-redesign-2015\/wp-content\/uploads\/2018\/09\/Finn%C3%A9.jpg\",\"contentUrl\":\"https:\/\/tg4-docs.s3.amazonaws.com\/tg4-redesign-2015\/wp-content\/uploads\/2018\/09\/Finn%C3%A9.jpg\",\"width\":1920,\"height\":1080,\"caption\":\"Finn\u00e9\"},{\"@type\":\"BreadcrumbList\",\"@id\":\"https:\/\/dev.tg4.ie\/ga\/eolas\/preas\/nuacht-raitis\/2019-2\/ceann-de-na-priomh-ghradaim-buaite-ag-finne-tg4-ag-na-justice-media-awards\/#breadcrumb\",\"itemListElement\":[{\"@type\":\"ListItem\",\"position\":1,\"name\":\"Home\",\"item\":\"https:\/\/dev.tg4.ie\/ga\/\"},{\"@type\":\"ListItem\",\"position\":2,\"name\":\"Eolas\",\"item\":\"https:\/\/dev.tg4.ie\/ga\/eolas\/\"},{\"@type\":\"ListItem\",\"position\":3,\"name\":\"Preas\",\"item\":\"https:\/\/dev.tg4.ie\/ga\/eolas\/preas\/\"},{\"@type\":\"ListItem\",\"position\":4,\"name\":\"Nuacht R\u00e1itis\",\"item\":\"https:\/\/dev.tg4.ie\/ga\/eolas\/preas\/nuacht-raitis\/\"},{\"@type\":\"ListItem\",\"position\":5,\"name\":\"2019\",\"item\":\"https:\/\/dev.tg4.ie\/ga\/eolas\/preas\/nuacht-raitis\/2019-2\/\"},{\"@type\":\"ListItem\",\"position\":6,\"name\":\"Ceann de na Pr\u00edomh Ghradaim Buaite ag \u2018Finn\u00e9\u2019 TG4 ag na \u2018Justice Media Awards\u2019\"}]},{\"@type\":\"WebSite\",\"@id\":\"https:\/\/dev.tg4.ie\/en\/#website\",\"url\":\"https:\/\/dev.tg4.ie\/en\/\",\"name\":\"TG4\",\"description\":\"S\u00fail Eile\",\"potentialAction\":[{\"@type\":\"SearchAction\",\"target\":{\"@type\":\"EntryPoint\",\"urlTemplate\":\"https:\/\/dev.tg4.ie\/en\/?s={search_term_string}\"},\"query-input\":\"required name=search_term_string\"}],\"inLanguage\":\"ga\"}]}<\/script>\n<!-- \/ Yoast SEO plugin. -->","yoast_head_json":{"title":"Ceann de na Pr\u00edomh Ghradaim Buaite ag \u2018Finn\u00e9\u2019 TG4 ag na \u2018Justice Media Awards\u2019 - TG4","robots":{"index":"index","follow":"follow","max-snippet":"max-snippet:-1","max-image-preview":"max-image-preview:large","max-video-preview":"max-video-preview:-1"},"og_locale":"en_US","og_type":"article","og_title":"Ceann de na Pr\u00edomh Ghradaim Buaite ag \u2018Finn\u00e9\u2019 TG4 ag na \u2018Justice Media Awards\u2019 - TG4","og_description":"T\u00e1 ceann de na pr\u00edomh ghradaim buaite ag cl\u00e1ir \u00f3 shraith fhaisn\u00e9ise TG4, \u2018Finn\u00e9\u2019, ag na Justice Media Awards a bronnadh inniu. Aithn\u00edonn na gradaim seo iriseoireacht chl\u00f3ite agus f\u00edse den ch\u00e9ad scoth, a chuid\u00edonn leis an tuiscint at\u00e1 ag an bpobal ar ch\u00farsa\u00ed ceartais, an c\u00f3ras dl\u00edthi\u00fail agus ceisteanna dl\u00ed. M\u00f3rshraith faisn\u00e9ise at\u00e1 i [&hellip;]","og_url":"https:\/\/dev.tg4.ie\/ga\/eolas\/preas\/nuacht-raitis\/2019-2\/ceann-de-na-priomh-ghradaim-buaite-ag-finne-tg4-ag-na-justice-media-awards\/","og_site_name":"TG4","article_publisher":"https:\/\/www.facebook.com\/TG4TV","article_modified_time":"2019-11-12T11:08:41+00:00","og_image":[{"width":1920,"height":1080,"url":"https:\/\/tg4-docs.s3.amazonaws.com\/tg4-redesign-2015\/wp-content\/uploads\/2018\/09\/Finn%C3%A9.jpg","type":"image\/jpeg"}],"twitter_card":"summary_large_image","twitter_site":"@TG4TV","twitter_misc":{"Est. reading time":"2 minutes"},"schema":{"@context":"https:\/\/schema.org","@graph":[{"@type":"WebPage","@id":"https:\/\/dev.tg4.ie\/ga\/eolas\/preas\/nuacht-raitis\/2019-2\/ceann-de-na-priomh-ghradaim-buaite-ag-finne-tg4-ag-na-justice-media-awards\/","url":"https:\/\/dev.tg4.ie\/ga\/eolas\/preas\/nuacht-raitis\/2019-2\/ceann-de-na-priomh-ghradaim-buaite-ag-finne-tg4-ag-na-justice-media-awards\/","name":"Ceann de na Pr\u00edomh Ghradaim Buaite ag \u2018Finn\u00e9\u2019 TG4 ag na \u2018Justice Media Awards\u2019 - TG4","isPartOf":{"@id":"https:\/\/dev.tg4.ie\/en\/#website"},"primaryImageOfPage":{"@id":"https:\/\/dev.tg4.ie\/ga\/eolas\/preas\/nuacht-raitis\/2019-2\/ceann-de-na-priomh-ghradaim-buaite-ag-finne-tg4-ag-na-justice-media-awards\/#primaryimage"},"image":{"@id":"https:\/\/dev.tg4.ie\/ga\/eolas\/preas\/nuacht-raitis\/2019-2\/ceann-de-na-priomh-ghradaim-buaite-ag-finne-tg4-ag-na-justice-media-awards\/#primaryimage"},"thumbnailUrl":"https:\/\/tg4-docs.s3.amazonaws.com\/tg4-redesign-2015\/wp-content\/uploads\/2018\/09\/Finn%C3%A9.jpg","datePublished":"2019-06-27T16:20:05+00:00","dateModified":"2019-11-12T11:08:41+00:00","breadcrumb":{"@id":"https:\/\/dev.tg4.ie\/ga\/eolas\/preas\/nuacht-raitis\/2019-2\/ceann-de-na-priomh-ghradaim-buaite-ag-finne-tg4-ag-na-justice-media-awards\/#breadcrumb"},"inLanguage":"ga","potentialAction":[{"@type":"ReadAction","target":["https:\/\/dev.tg4.ie\/ga\/eolas\/preas\/nuacht-raitis\/2019-2\/ceann-de-na-priomh-ghradaim-buaite-ag-finne-tg4-ag-na-justice-media-awards\/"]}]},{"@type":"ImageObject","inLanguage":"ga","@id":"https:\/\/dev.tg4.ie\/ga\/eolas\/preas\/nuacht-raitis\/2019-2\/ceann-de-na-priomh-ghradaim-buaite-ag-finne-tg4-ag-na-justice-media-awards\/#primaryimage","url":"https:\/\/tg4-docs.s3.amazonaws.com\/tg4-redesign-2015\/wp-content\/uploads\/2018\/09\/Finn%C3%A9.jpg","contentUrl":"https:\/\/tg4-docs.s3.amazonaws.com\/tg4-redesign-2015\/wp-content\/uploads\/2018\/09\/Finn%C3%A9.jpg","width":1920,"height":1080,"caption":"Finn\u00e9"},{"@type":"BreadcrumbList","@id":"https:\/\/dev.tg4.ie\/ga\/eolas\/preas\/nuacht-raitis\/2019-2\/ceann-de-na-priomh-ghradaim-buaite-ag-finne-tg4-ag-na-justice-media-awards\/#breadcrumb","itemListElement":[{"@type":"ListItem","position":1,"name":"Home","item":"https:\/\/dev.tg4.ie\/ga\/"},{"@type":"ListItem","position":2,"name":"Eolas","item":"https:\/\/dev.tg4.ie\/ga\/eolas\/"},{"@type":"ListItem","position":3,"name":"Preas","item":"https:\/\/dev.tg4.ie\/ga\/eolas\/preas\/"},{"@type":"ListItem","position":4,"name":"Nuacht R\u00e1itis","item":"https:\/\/dev.tg4.ie\/ga\/eolas\/preas\/nuacht-raitis\/"},{"@type":"ListItem","position":5,"name":"2019","item":"https:\/\/dev.tg4.ie\/ga\/eolas\/preas\/nuacht-raitis\/2019-2\/"},{"@type":"ListItem","position":6,"name":"Ceann de na Pr\u00edomh Ghradaim Buaite ag \u2018Finn\u00e9\u2019 TG4 ag na \u2018Justice Media Awards\u2019"}]},{"@type":"WebSite","@id":"https:\/\/dev.tg4.ie\/en\/#website","url":"https:\/\/dev.tg4.ie\/en\/","name":"TG4","description":"S\u00fail Eile","potentialAction":[{"@type":"SearchAction","target":{"@type":"EntryPoint","urlTemplate":"https:\/\/dev.tg4.ie\/en\/?s={search_term_string}"},"query-input":"required name=search_term_string"}],"inLanguage":"ga"}]}},"_links":{"self":[{"href":"https:\/\/dev.tg4.ie\/ga\/wp-json\/wp\/v2\/pages\/106742"}],"collection":[{"href":"https:\/\/dev.tg4.ie\/ga\/wp-json\/wp\/v2\/pages"}],"about":[{"href":"https:\/\/dev.tg4.ie\/ga\/wp-json\/wp\/v2\/types\/page"}],"author":[{"embeddable":true,"href":"https:\/\/dev.tg4.ie\/ga\/wp-json\/wp\/v2\/users\/876"}],"replies":[{"embeddable":true,"href":"https:\/\/dev.tg4.ie\/ga\/wp-json\/wp\/v2\/comments?post=106742"}],"version-history":[{"count":0,"href":"https:\/\/dev.tg4.ie\/ga\/wp-json\/wp\/v2\/pages\/106742\/revisions"}],"up":[{"embeddable":true,"href":"https:\/\/dev.tg4.ie\/ga\/wp-json\/wp\/v2\/pages\/98830"}],"wp:featuredmedia":[{"embeddable":true,"href":"https:\/\/dev.tg4.ie\/ga\/wp-json\/wp\/v2\/media\/92246"}],"wp:attachment":[{"href":"https:\/\/dev.tg4.ie\/ga\/wp-json\/wp\/v2\/media?parent=106742"}],"curies":[{"name":"wp","href":"https:\/\/api.w.org\/{rel}","templated":true}]}}