{"id":107454,"date":"2019-07-16T14:39:00","date_gmt":"2019-07-16T13:39:16","guid":{"rendered":"https:\/\/dev.tg4.ie\/corporate\/preas\/press-releases\/2019-2\/fadscannan-cine4-finky-le-taispeaint-den-chead-uair-ag-fleadh-scannan-na-gaillimhe-2\/"},"modified":"2019-11-12T11:11:15","modified_gmt":"2019-11-12T11:11:15","slug":"deirdre-ni-choistin-ceaptha-ina-bainisteoir-cumarsaide-ag-tg4","status":"publish","type":"page","link":"https:\/\/dev.tg4.ie\/ga\/eolas\/preas\/nuacht-raitis\/2019-2\/deirdre-ni-choistin-ceaptha-ina-bainisteoir-cumarsaide-ag-tg4\/","title":{"rendered":"Deirdre N\u00ed Choist\u00edn ceaptha ina  Bainisteoir Cumars\u00e1ide ag TG4"},"content":{"rendered":"<p>Roimhe seo bh\u00ed Deirdre ina heagarth\u00f3ir ar <a href=\"http:\/\/mhq70911clink.tg4.ie\/wf\/click?upn=DMnoIDgvXpndRAgorK-2BFv7U-2BMpHNoAM40r4dSaUsWyw-3D_yUrNv0m9Bc6zuTNIEQaYQyGAZ1vuPSi-2Fwm5UhxvlykZyvj6yJsif52hA5L5sD75hSGL3UAHSoYLSL9Q-2Ff74aMepUeFGYvR5NXZWG1fbaaIH-2FXRbB6d3NMcHtHbcqhT2Np-2BL6043L93C8eVwMqCvst2fiUT3SeAtYqp0ZHZJCtnzPHezYe0MEKvLS3UcAgJLO7UhuTYsw8u7d3TbaixMmcQ4bDaVmulIMAirJJ1sL9OMKt8WZViND-2BTZgV4Z1ggClrQLHQ-2B87v3kQHm7i8OlqHA-3D-3D\">MOLSC\u00c9AL<\/a>, ard\u00e1n ar l\u00edne <strong>TG4<\/strong>, \u00f3 cuireadh t\u00fas leis i 2017.\u00a0 Bh\u00ed Deirdre ag sti\u00faradh na feachtais mharga\u00edochta ar l\u00edne a bhain leis na cl\u00e1ir <em>\u2018B\u00e1d\u00f3ir\u00ed\u2019<\/em>, <em>\u2018Bailte\u2019<\/em>, <em>\u2018Gl\u00f3r T\u00edre\u2019<\/em> agus <em>\u2018Opry le Daniel\u2019<\/em> le bliain anuas freisin.<\/p>\n<p>T\u00e1 taith\u00ed fhairsing ag Deirdre le <strong>TG4<\/strong>; mar l\u00e9iritheoir agus sti\u00farth\u00f3ir \u00f3 2003 leis na cl\u00e1ir sti\u00faideo <em>\u20187 L\u00e1\u2019<\/em>, <em>\u2018Comhr\u00e1\u2019<\/em>, <em>\u2018R\u00f3is\u00edn\u2019<\/em> &amp;<em> \u2018L\u00e9irmheas Leabhar\u2019<\/em>.<\/p>\n<p>Bh\u00ed r\u00f3l l\u00e1rnach ag Deirdre i ngach craoladh toghch\u00e1in de chuid <strong>TG4<\/strong> \u00f3 2002 ar aghaidh, le P\u00e1id\u00ed \u00d3 Lion\u00e1ird, Breand\u00e1n Delap agus foireann <em>Nuacht TG4<\/em> agus <em>7 L\u00e1<\/em>.<\/p>\n<p>Ag f\u00f3gairt an ceapach\u00e1n inniu, deir <strong>L\u00eds N\u00ed Dh\u00e1laigh<\/strong>, <strong>Sti\u00farth\u00f3ir Marga\u00edochta, Forbartha &amp; Comhph\u00e1irt\u00edochta TG4<\/strong>:<\/p>\n<p>\u201cCuirfimid f\u00e1ilte roimh cheapach\u00e1n Deirdre N\u00ed Choist\u00edn sa r\u00f3l seo. T\u00e1 taith\u00ed nach beag aici ar ghn\u00e9ithe \u00e9ags\u00fala d\u2019earn\u00e1il na craolt\u00f3ireachta agus tuiscint aici ar strait\u00e9is agus pobail <strong>TG4<\/strong>. T\u00e1 taith\u00ed eagarth\u00f3ireachta agus l\u00e9irithe aici ar r\u00e9imse cl\u00e1r, \u00f3 ch\u00farsa\u00ed reatha go h\u00e1bhar siamsa\u00edochta;\u00a0 agus taith\u00ed ghrinn aici freisin i r\u00e9imse na cumars\u00e1ide dhigitigh ina r\u00f3l ar ard\u00e1in Molsc\u00e9al agus <strong>TG4.<\/strong> \u00a0\u00a0N\u00edl amhras orm ach go dtabharfaidh s\u00ed faoina c\u00faram nua le d\u00edograis agus fuinneamh le deimhni\u00fa go bhfuil an pobal ar an eolas faoi chl\u00e1ir agus seirbh\u00eds\u00ed <strong>TG4<\/strong>.\u201d<\/p>\n<p>T\u00f3gadh Deirdre i gCo. Chill Dara, is as An Rinn a hathair agus as Ceatharlach a m\u00e1thair.\u00a0 D\u2019fhreastal s\u00ed ar Scoil Chearbhaill U\u00ed Dh\u00e1laigh, L\u00e9im an Bhrad\u00e1in; ceann de na c\u00e9ad Gaelscoileanna sa t\u00edr. Bhain s\u00ed c\u00e9im amach sa Ghaeilge agus sa Fhraincis i gCol\u00e1iste na Tr\u00edon\u00f3ide, B\u00c1C, sular thug s\u00ed a \u00a0haghaidh siar go Gaillimh chun tabhairt faoin Ard-Diopl\u00f3ma sa Chumars\u00e1id Fheidhmeach.\u00a0 Is as sin a fuair s\u00ed post i TG4, ag aois a 22.<\/p>\n<p>T\u00e1 s\u00ed p\u00f3sta ar Bhreand\u00e1n \u00d3 Conl\u00e1in, as an Spid\u00e9al, agus is ann a bhfuil c\u00f3na\u00ed orthu agus a gceathrar mac, Finian, Fiachra, Darach agus \u00c9anna.<\/p>\n<p>Beidh Deirdre ag dul i mbun a cuid c\u00faraim\u00ed nua i l\u00e1r m\u00ed L\u00fanasa.<\/p>\n","protected":false},"excerpt":{"rendered":"<p>Roimhe seo bh\u00ed Deirdre ina heagarth\u00f3ir ar MOLSC\u00c9AL, ard\u00e1n ar l\u00edne TG4, \u00f3 cuireadh t\u00fas leis i 2017.\u00a0 Bh\u00ed Deirdre ag sti\u00faradh na feachtais mharga\u00edochta ar l\u00edne a bhain leis na cl\u00e1ir \u2018B\u00e1d\u00f3ir\u00ed\u2019, \u2018Bailte\u2019, \u2018Gl\u00f3r T\u00edre\u2019 agus \u2018Opry le Daniel\u2019 le bliain anuas freisin. T\u00e1 taith\u00ed fhairsing ag Deirdre le TG4; mar l\u00e9iritheoir agus sti\u00farth\u00f3ir [&hellip;]<\/p>\n","protected":false},"author":876,"featured_media":107466,"parent":98830,"menu_order":26,"comment_status":"closed","ping_status":"closed","template":"page-templates\/template-pr.php","meta":{"_acf_changed":false,"footnotes":""},"acf":[],"yoast_head":"<!-- This site is optimized with the Yoast SEO plugin v22.6 - https:\/\/yoast.com\/wordpress\/plugins\/seo\/ -->\n<title>Deirdre N\u00ed Choist\u00edn ceaptha ina Bainisteoir Cumars\u00e1ide ag TG4 - TG4<\/title>\n<meta name=\"robots\" content=\"index, follow, max-snippet:-1, max-image-preview:large, max-video-preview:-1\" \/>\n<meta property=\"og:locale\" content=\"en_US\" \/>\n<meta property=\"og:type\" content=\"article\" \/>\n<meta property=\"og:title\" content=\"Deirdre N\u00ed Choist\u00edn ceaptha ina Bainisteoir Cumars\u00e1ide ag TG4 - TG4\" \/>\n<meta property=\"og:description\" content=\"Roimhe seo bh\u00ed Deirdre ina heagarth\u00f3ir ar MOLSC\u00c9AL, ard\u00e1n ar l\u00edne TG4, \u00f3 cuireadh t\u00fas leis i 2017.\u00a0 Bh\u00ed Deirdre ag sti\u00faradh na feachtais mharga\u00edochta ar l\u00edne a bhain leis na cl\u00e1ir \u2018B\u00e1d\u00f3ir\u00ed\u2019, \u2018Bailte\u2019, \u2018Gl\u00f3r T\u00edre\u2019 agus \u2018Opry le Daniel\u2019 le bliain anuas freisin. T\u00e1 taith\u00ed fhairsing ag Deirdre le TG4; mar l\u00e9iritheoir agus sti\u00farth\u00f3ir [&hellip;]\" \/>\n<meta property=\"og:url\" content=\"https:\/\/dev.tg4.ie\/ga\/eolas\/preas\/nuacht-raitis\/2019-2\/deirdre-ni-choistin-ceaptha-ina-bainisteoir-cumarsaide-ag-tg4\/\" \/>\n<meta property=\"og:site_name\" content=\"TG4\" \/>\n<meta property=\"article:publisher\" content=\"https:\/\/www.facebook.com\/TG4TV\" \/>\n<meta property=\"article:modified_time\" content=\"2019-11-12T11:11:15+00:00\" \/>\n<meta property=\"og:image\" content=\"https:\/\/tg4-docs.s3.amazonaws.com\/wp-content\/uploads\/2024\/11\/18151812\/TG4_2024_corcra_teal_1-1920x1080-1.jpg\" \/>\n\t<meta property=\"og:image:width\" content=\"1920\" \/>\n\t<meta property=\"og:image:height\" content=\"1080\" \/>\n\t<meta property=\"og:image:type\" content=\"image\/jpeg\" \/>\n<meta name=\"twitter:card\" content=\"summary_large_image\" \/>\n<meta name=\"twitter:site\" content=\"@TG4TV\" \/>\n<meta name=\"twitter:label1\" content=\"Est. reading time\" \/>\n\t<meta name=\"twitter:data1\" content=\"2 minutes\" \/>\n<script type=\"application\/ld+json\" class=\"yoast-schema-graph\">{\"@context\":\"https:\/\/schema.org\",\"@graph\":[{\"@type\":\"WebPage\",\"@id\":\"https:\/\/dev.tg4.ie\/ga\/eolas\/preas\/nuacht-raitis\/2019-2\/deirdre-ni-choistin-ceaptha-ina-bainisteoir-cumarsaide-ag-tg4\/\",\"url\":\"https:\/\/dev.tg4.ie\/ga\/eolas\/preas\/nuacht-raitis\/2019-2\/deirdre-ni-choistin-ceaptha-ina-bainisteoir-cumarsaide-ag-tg4\/\",\"name\":\"Deirdre N\u00ed Choist\u00edn ceaptha ina Bainisteoir Cumars\u00e1ide ag TG4 - TG4\",\"isPartOf\":{\"@id\":\"https:\/\/dev.tg4.ie\/en\/#website\"},\"primaryImageOfPage\":{\"@id\":\"https:\/\/dev.tg4.ie\/ga\/eolas\/preas\/nuacht-raitis\/2019-2\/deirdre-ni-choistin-ceaptha-ina-bainisteoir-cumarsaide-ag-tg4\/#primaryimage\"},\"image\":{\"@id\":\"https:\/\/dev.tg4.ie\/ga\/eolas\/preas\/nuacht-raitis\/2019-2\/deirdre-ni-choistin-ceaptha-ina-bainisteoir-cumarsaide-ag-tg4\/#primaryimage\"},\"thumbnailUrl\":\"\",\"datePublished\":\"2019-07-16T13:39:16+00:00\",\"dateModified\":\"2019-11-12T11:11:15+00:00\",\"breadcrumb\":{\"@id\":\"https:\/\/dev.tg4.ie\/ga\/eolas\/preas\/nuacht-raitis\/2019-2\/deirdre-ni-choistin-ceaptha-ina-bainisteoir-cumarsaide-ag-tg4\/#breadcrumb\"},\"inLanguage\":\"ga\",\"potentialAction\":[{\"@type\":\"ReadAction\",\"target\":[\"https:\/\/dev.tg4.ie\/ga\/eolas\/preas\/nuacht-raitis\/2019-2\/deirdre-ni-choistin-ceaptha-ina-bainisteoir-cumarsaide-ag-tg4\/\"]}]},{\"@type\":\"ImageObject\",\"inLanguage\":\"ga\",\"@id\":\"https:\/\/dev.tg4.ie\/ga\/eolas\/preas\/nuacht-raitis\/2019-2\/deirdre-ni-choistin-ceaptha-ina-bainisteoir-cumarsaide-ag-tg4\/#primaryimage\",\"url\":\"\",\"contentUrl\":\"\"},{\"@type\":\"BreadcrumbList\",\"@id\":\"https:\/\/dev.tg4.ie\/ga\/eolas\/preas\/nuacht-raitis\/2019-2\/deirdre-ni-choistin-ceaptha-ina-bainisteoir-cumarsaide-ag-tg4\/#breadcrumb\",\"itemListElement\":[{\"@type\":\"ListItem\",\"position\":1,\"name\":\"Home\",\"item\":\"https:\/\/dev.tg4.ie\/ga\/\"},{\"@type\":\"ListItem\",\"position\":2,\"name\":\"Eolas\",\"item\":\"https:\/\/dev.tg4.ie\/ga\/eolas\/\"},{\"@type\":\"ListItem\",\"position\":3,\"name\":\"Preas\",\"item\":\"https:\/\/dev.tg4.ie\/ga\/eolas\/preas\/\"},{\"@type\":\"ListItem\",\"position\":4,\"name\":\"Nuacht R\u00e1itis\",\"item\":\"https:\/\/dev.tg4.ie\/ga\/eolas\/preas\/nuacht-raitis\/\"},{\"@type\":\"ListItem\",\"position\":5,\"name\":\"2019\",\"item\":\"https:\/\/dev.tg4.ie\/ga\/eolas\/preas\/nuacht-raitis\/2019-2\/\"},{\"@type\":\"ListItem\",\"position\":6,\"name\":\"Deirdre N\u00ed Choist\u00edn ceaptha ina Bainisteoir Cumars\u00e1ide ag TG4\"}]},{\"@type\":\"WebSite\",\"@id\":\"https:\/\/dev.tg4.ie\/en\/#website\",\"url\":\"https:\/\/dev.tg4.ie\/en\/\",\"name\":\"TG4\",\"description\":\"S\u00fail Eile\",\"potentialAction\":[{\"@type\":\"SearchAction\",\"target\":{\"@type\":\"EntryPoint\",\"urlTemplate\":\"https:\/\/dev.tg4.ie\/en\/?s={search_term_string}\"},\"query-input\":\"required name=search_term_string\"}],\"inLanguage\":\"ga\"}]}<\/script>\n<!-- \/ Yoast SEO plugin. -->","yoast_head_json":{"title":"Deirdre N\u00ed Choist\u00edn ceaptha ina Bainisteoir Cumars\u00e1ide ag TG4 - TG4","robots":{"index":"index","follow":"follow","max-snippet":"max-snippet:-1","max-image-preview":"max-image-preview:large","max-video-preview":"max-video-preview:-1"},"og_locale":"en_US","og_type":"article","og_title":"Deirdre N\u00ed Choist\u00edn ceaptha ina Bainisteoir Cumars\u00e1ide ag TG4 - TG4","og_description":"Roimhe seo bh\u00ed Deirdre ina heagarth\u00f3ir ar MOLSC\u00c9AL, ard\u00e1n ar l\u00edne TG4, \u00f3 cuireadh t\u00fas leis i 2017.\u00a0 Bh\u00ed Deirdre ag sti\u00faradh na feachtais mharga\u00edochta ar l\u00edne a bhain leis na cl\u00e1ir \u2018B\u00e1d\u00f3ir\u00ed\u2019, \u2018Bailte\u2019, \u2018Gl\u00f3r T\u00edre\u2019 agus \u2018Opry le Daniel\u2019 le bliain anuas freisin. T\u00e1 taith\u00ed fhairsing ag Deirdre le TG4; mar l\u00e9iritheoir agus sti\u00farth\u00f3ir [&hellip;]","og_url":"https:\/\/dev.tg4.ie\/ga\/eolas\/preas\/nuacht-raitis\/2019-2\/deirdre-ni-choistin-ceaptha-ina-bainisteoir-cumarsaide-ag-tg4\/","og_site_name":"TG4","article_publisher":"https:\/\/www.facebook.com\/TG4TV","article_modified_time":"2019-11-12T11:11:15+00:00","og_image":[{"width":1920,"height":1080,"url":"https:\/\/tg4-docs.s3.amazonaws.com\/wp-content\/uploads\/2024\/11\/18151812\/TG4_2024_corcra_teal_1-1920x1080-1.jpg","type":"image\/jpeg"}],"twitter_card":"summary_large_image","twitter_site":"@TG4TV","twitter_misc":{"Est. reading time":"2 minutes"},"schema":{"@context":"https:\/\/schema.org","@graph":[{"@type":"WebPage","@id":"https:\/\/dev.tg4.ie\/ga\/eolas\/preas\/nuacht-raitis\/2019-2\/deirdre-ni-choistin-ceaptha-ina-bainisteoir-cumarsaide-ag-tg4\/","url":"https:\/\/dev.tg4.ie\/ga\/eolas\/preas\/nuacht-raitis\/2019-2\/deirdre-ni-choistin-ceaptha-ina-bainisteoir-cumarsaide-ag-tg4\/","name":"Deirdre N\u00ed Choist\u00edn ceaptha ina Bainisteoir Cumars\u00e1ide ag TG4 - TG4","isPartOf":{"@id":"https:\/\/dev.tg4.ie\/en\/#website"},"primaryImageOfPage":{"@id":"https:\/\/dev.tg4.ie\/ga\/eolas\/preas\/nuacht-raitis\/2019-2\/deirdre-ni-choistin-ceaptha-ina-bainisteoir-cumarsaide-ag-tg4\/#primaryimage"},"image":{"@id":"https:\/\/dev.tg4.ie\/ga\/eolas\/preas\/nuacht-raitis\/2019-2\/deirdre-ni-choistin-ceaptha-ina-bainisteoir-cumarsaide-ag-tg4\/#primaryimage"},"thumbnailUrl":"","datePublished":"2019-07-16T13:39:16+00:00","dateModified":"2019-11-12T11:11:15+00:00","breadcrumb":{"@id":"https:\/\/dev.tg4.ie\/ga\/eolas\/preas\/nuacht-raitis\/2019-2\/deirdre-ni-choistin-ceaptha-ina-bainisteoir-cumarsaide-ag-tg4\/#breadcrumb"},"inLanguage":"ga","potentialAction":[{"@type":"ReadAction","target":["https:\/\/dev.tg4.ie\/ga\/eolas\/preas\/nuacht-raitis\/2019-2\/deirdre-ni-choistin-ceaptha-ina-bainisteoir-cumarsaide-ag-tg4\/"]}]},{"@type":"ImageObject","inLanguage":"ga","@id":"https:\/\/dev.tg4.ie\/ga\/eolas\/preas\/nuacht-raitis\/2019-2\/deirdre-ni-choistin-ceaptha-ina-bainisteoir-cumarsaide-ag-tg4\/#primaryimage","url":"","contentUrl":""},{"@type":"BreadcrumbList","@id":"https:\/\/dev.tg4.ie\/ga\/eolas\/preas\/nuacht-raitis\/2019-2\/deirdre-ni-choistin-ceaptha-ina-bainisteoir-cumarsaide-ag-tg4\/#breadcrumb","itemListElement":[{"@type":"ListItem","position":1,"name":"Home","item":"https:\/\/dev.tg4.ie\/ga\/"},{"@type":"ListItem","position":2,"name":"Eolas","item":"https:\/\/dev.tg4.ie\/ga\/eolas\/"},{"@type":"ListItem","position":3,"name":"Preas","item":"https:\/\/dev.tg4.ie\/ga\/eolas\/preas\/"},{"@type":"ListItem","position":4,"name":"Nuacht R\u00e1itis","item":"https:\/\/dev.tg4.ie\/ga\/eolas\/preas\/nuacht-raitis\/"},{"@type":"ListItem","position":5,"name":"2019","item":"https:\/\/dev.tg4.ie\/ga\/eolas\/preas\/nuacht-raitis\/2019-2\/"},{"@type":"ListItem","position":6,"name":"Deirdre N\u00ed Choist\u00edn ceaptha ina Bainisteoir Cumars\u00e1ide ag TG4"}]},{"@type":"WebSite","@id":"https:\/\/dev.tg4.ie\/en\/#website","url":"https:\/\/dev.tg4.ie\/en\/","name":"TG4","description":"S\u00fail Eile","potentialAction":[{"@type":"SearchAction","target":{"@type":"EntryPoint","urlTemplate":"https:\/\/dev.tg4.ie\/en\/?s={search_term_string}"},"query-input":"required name=search_term_string"}],"inLanguage":"ga"}]}},"_links":{"self":[{"href":"https:\/\/dev.tg4.ie\/ga\/wp-json\/wp\/v2\/pages\/107454"}],"collection":[{"href":"https:\/\/dev.tg4.ie\/ga\/wp-json\/wp\/v2\/pages"}],"about":[{"href":"https:\/\/dev.tg4.ie\/ga\/wp-json\/wp\/v2\/types\/page"}],"author":[{"embeddable":true,"href":"https:\/\/dev.tg4.ie\/ga\/wp-json\/wp\/v2\/users\/876"}],"replies":[{"embeddable":true,"href":"https:\/\/dev.tg4.ie\/ga\/wp-json\/wp\/v2\/comments?post=107454"}],"version-history":[{"count":0,"href":"https:\/\/dev.tg4.ie\/ga\/wp-json\/wp\/v2\/pages\/107454\/revisions"}],"up":[{"embeddable":true,"href":"https:\/\/dev.tg4.ie\/ga\/wp-json\/wp\/v2\/pages\/98830"}],"wp:featuredmedia":[{"embeddable":true,"href":"https:\/\/dev.tg4.ie\/ga\/wp-json\/"}],"wp:attachment":[{"href":"https:\/\/dev.tg4.ie\/ga\/wp-json\/wp\/v2\/media?parent=107454"}],"curies":[{"name":"wp","href":"https:\/\/api.w.org\/{rel}","templated":true}]}}