{"id":107505,"date":"2019-07-17T10:13:59","date_gmt":"2019-07-17T09:13:59","guid":{"rendered":"https:\/\/dev.tg4.ie\/?page_id=107505"},"modified":"2019-11-12T11:12:10","modified_gmt":"2019-11-12T11:12:10","slug":"sceim-forbartha-oiliuna-sna-meain-le-seoladh-ag-tg4-udaras-na-gaeltachta","status":"publish","type":"page","link":"https:\/\/dev.tg4.ie\/ga\/eolas\/preas\/nuacht-raitis\/2019-2\/sceim-forbartha-oiliuna-sna-meain-le-seoladh-ag-tg4-udaras-na-gaeltachta\/","title":{"rendered":"Sc\u00e9im Forbartha Oili\u00fana sna Me\u00e1in le Seoladh ag TG4 &#038; \u00dadar\u00e1s na Gaeltachta"},"content":{"rendered":"<p>Sheol an tAire Cumars\u00e1ide, Gn\u00edomhaithe ar son na hAer\u00e1ide &amp; Comhshaoil, Richard Bruton TD, le Se\u00e1n Kyne TD, An Pr\u00edomh Aoire agus an tAire St\u00e1it don Ghaeilge, don Ghaeltacht agus na hOile\u00e1in <strong>Sc\u00e9im Forbartha Oili\u00fana sna Me\u00e1in<\/strong> go hoifigi\u00fail, ar an 12 I\u00fail, in \u00d3st\u00e1n an Galmont, Gaillimh.<\/p>\n<p>Is sc\u00e9im nua \u00e9 seo chruthaigh <span style=\"font-size: 10.5pt; font-family: 'Arial','sans-serif'; color: black; background: white;\">Is <\/span><strong style=\"orphans: 2; -webkit-text-stroke-width: 0px; word-spacing: 0px;\"><span style=\"font-size: 10.5pt; font-family: 'Arial','sans-serif'; color: black;\">TG4<\/span><\/strong><span style=\"font-size: 10.5pt; font-family: 'Arial','sans-serif'; color: black; background: white;\"> agus <\/span><strong style=\"orphans: 2; -webkit-text-stroke-width: 0px; word-spacing: 0px;\"><span style=\"font-size: 10.5pt; font-family: 'Arial','sans-serif'; color: black;\">\u00dadar\u00e1s na Gaeltachta<\/span><\/strong>. Is \u00e9 aidhm na sc\u00e9ime taca\u00edocht a thabhairt do chomhlachta\u00ed l\u00e9iri\u00fach\u00e1in chun scileanna agus tallann san earn\u00e1il a fhorbairt, agus gl\u00fain nua tallainne a bhfuil Gaeilge acu a thabhairt chun cinn le bheith ag obair sa tionscal.<\/p>\n<p>T\u00e1 10 gcomhlacht l\u00e9irithe ag glacadh p\u00e1irte sa sc\u00e9im. Beidh rannph\u00e1irt\u00ed faoi sc\u00e1th gach comhlachta agus iad i mbun oili\u00fana i r\u00e9ims\u00ed scile \u00e9ags\u00fala, lena n-\u00e1ir\u00edtear Eagarth\u00f3ir\u00ed, Sti\u00farth\u00f3ir\u00ed, Taighdeoir\u00ed, L\u00e9iritheoir\u00ed C\u00fanta &amp; Oifigigh Forbartha L\u00e9iri\u00fach\u00e1in. Gheobhaidh na hoili\u00fanaithe taith\u00ed luachmhar le linn na bliana leis an gcomhlacht.<\/p>\n<p>Mar aon leis an taith\u00ed, beidh ceardlanna oili\u00fana m\u00edos\u00fala \u00e1 rith do na rannph\u00e1irtithe, a bheidh creidi\u00fanaithe ag GMIT agus a thabharfaidh l\u00e9argas d\u00f3ibh ar an tionscal. Gheobhaidh gach oili\u00fana\u00ed taca\u00edocht bhreise oili\u00fana i sainscileanna ar leith, le cabhair \u00f3 Screenskills Ireland agus Gr\u00e9as\u00e1n na Me\u00e1n. (Skillnets). T\u00e1 an sc\u00e9im \u00e1 mhaoini\u00fa i gcomhph\u00e1irt ag <strong>TG4,<\/strong> <strong>\u00dadar\u00e1s na Gaeltachta <\/strong>agus na comhlachta\u00ed neamhsple\u00e1cha.<\/p>\n<p>Is gn\u00e9 l\u00e1rnach \u00ed an sc\u00e9im seo do Strait\u00e9is TG4 chun earn\u00e1il na me\u00e1n Ghaeilge a neart\u00fa. Is \u00ed mian TG4 tac\u00fa le comhlachta\u00ed sna r\u00e9igi\u00fain lena gcuid gn\u00f3tha\u00ed a fhorbairt agus a fh\u00e1s, le go mbeidh siad ag feidhmi\u00fa &#8211; n\u00ed amh\u00e1in in \u00c9irinn &#8211; ach go hidirn\u00e1isi\u00fanta. Is cuid den fhorbairt seo \u00ed an sruth nua tallainne le Gaeilge a thabhairt chun cinn. Sa bhreis ar sin, t\u00e1 roinnt spar\u00e1nachta\u00ed curtha ar f\u00e1il faoin sc\u00e9im do chomhlachta\u00ed, n\u00f3 daoine at\u00e1 ag obair sa tionscal cheana f\u00e9in, chun uasghr\u00e1d\u00fa a dh\u00e9anamh ar a gcuid scileanna gn\u00f3, n\u00f3 a ngairmeacha a fhorbairt.<\/p>\n<p>T\u00e1 an sc\u00e9im\u00a0nu\u00e1la\u00edoch bhr\u00edomhar seo\u00a0ag lu\u00ed freisin le strait\u00e9is \u00dadar\u00e1s na Gaeltachta tac\u00fa le cl\u00e1ir oili\u00fana agus oideachais chun scileanna agus infhostaitheacht sa Ghaeltacht a fhorbairt agus cuirfidh\u00a0t\u00e9agar le forbairt sruth tallainne agus scileanna nua san earn\u00e1il closamhairc agus me\u00e1n digiteach Gaeilge in 2019.<\/p>\n<p>T\u00e1 na comhlachta\u00ed at\u00e1 ag glacadh p\u00e1irt lonnaithe fud fad na t\u00edre, idir Ghaillimh, Ciarra\u00ed, Baile \u00c1tha Cliath agus an Rinn. T\u00e1 sainscil ag na comhlachta\u00ed seo i r\u00e9ims\u00ed \u00e9ags\u00fala cl\u00e1ir, ina measc Sp\u00f3rt, Faisn\u00e9is, \u00d3ige, Dr\u00e1ma\u00edocht agus Ceol. Is iad na comhlachta\u00ed n\u00e1 Macalla, Midas, Aniar, F\u00edb\u00edn, Telegael, Nemeton, Red Shoe, Iris, Ros na R\u00fan agus Magamedia.<\/p>\n<p>T\u00e1 TG4 agus \u00dadar\u00e1s na Gaeltachta araon ag d\u00e9anamh infheist\u00edocht shuntasach de \u20ac160,000 sa sc\u00e9im ph\u00edol\u00f3tach seo, chomh maith le hionchur na hearn\u00e1la neamhsple\u00e1iche ina mbeidh na deiseanna fosta\u00edochta agus oili\u00fana ar f\u00e1il.<\/p>\n","protected":false},"excerpt":{"rendered":"<p>Sheol an tAire Cumars\u00e1ide, Gn\u00edomhaithe ar son na hAer\u00e1ide &amp; Comhshaoil, Richard Bruton TD, le Se\u00e1n Kyne TD, An Pr\u00edomh Aoire agus an tAire St\u00e1it don Ghaeilge, don Ghaeltacht agus na hOile\u00e1in Sc\u00e9im Forbartha Oili\u00fana sna Me\u00e1in go hoifigi\u00fail, ar an 12 I\u00fail, in \u00d3st\u00e1n an Galmont, Gaillimh. Is sc\u00e9im nua \u00e9 seo chruthaigh Is [&hellip;]<\/p>\n","protected":false},"author":876,"featured_media":107506,"parent":98830,"menu_order":27,"comment_status":"closed","ping_status":"closed","template":"page-templates\/template-pr.php","meta":{"_acf_changed":false,"footnotes":""},"acf":[],"yoast_head":"<!-- This site is optimized with the Yoast SEO plugin v22.6 - https:\/\/yoast.com\/wordpress\/plugins\/seo\/ -->\n<title>Sc\u00e9im Forbartha Oili\u00fana sna Me\u00e1in le Seoladh ag TG4 &amp; \u00dadar\u00e1s na Gaeltachta - TG4<\/title>\n<meta name=\"robots\" content=\"index, follow, max-snippet:-1, max-image-preview:large, max-video-preview:-1\" \/>\n<meta property=\"og:locale\" content=\"en_US\" \/>\n<meta property=\"og:type\" content=\"article\" \/>\n<meta property=\"og:title\" content=\"Sc\u00e9im Forbartha Oili\u00fana sna Me\u00e1in le Seoladh ag TG4 &amp; \u00dadar\u00e1s na Gaeltachta - TG4\" \/>\n<meta property=\"og:description\" content=\"Sheol an tAire Cumars\u00e1ide, Gn\u00edomhaithe ar son na hAer\u00e1ide &amp; Comhshaoil, Richard Bruton TD, le Se\u00e1n Kyne TD, An Pr\u00edomh Aoire agus an tAire St\u00e1it don Ghaeilge, don Ghaeltacht agus na hOile\u00e1in Sc\u00e9im Forbartha Oili\u00fana sna Me\u00e1in go hoifigi\u00fail, ar an 12 I\u00fail, in \u00d3st\u00e1n an Galmont, Gaillimh. Is sc\u00e9im nua \u00e9 seo chruthaigh Is [&hellip;]\" \/>\n<meta property=\"og:url\" content=\"https:\/\/dev.tg4.ie\/ga\/eolas\/preas\/nuacht-raitis\/2019-2\/sceim-forbartha-oiliuna-sna-meain-le-seoladh-ag-tg4-udaras-na-gaeltachta\/\" \/>\n<meta property=\"og:site_name\" content=\"TG4\" \/>\n<meta property=\"article:publisher\" content=\"https:\/\/www.facebook.com\/TG4TV\" \/>\n<meta property=\"article:modified_time\" content=\"2019-11-12T11:12:10+00:00\" \/>\n<meta property=\"og:image\" content=\"https:\/\/tg4-docs.s3.amazonaws.com\/wp-content\/uploads\/2024\/11\/18151812\/TG4_2024_corcra_teal_1-1920x1080-1.jpg\" \/>\n\t<meta property=\"og:image:width\" content=\"1920\" \/>\n\t<meta property=\"og:image:height\" content=\"1080\" \/>\n\t<meta property=\"og:image:type\" content=\"image\/jpeg\" \/>\n<meta name=\"twitter:card\" content=\"summary_large_image\" \/>\n<meta name=\"twitter:site\" content=\"@TG4TV\" \/>\n<meta name=\"twitter:label1\" content=\"Est. reading time\" \/>\n\t<meta name=\"twitter:data1\" content=\"3 minutes\" \/>\n<script type=\"application\/ld+json\" class=\"yoast-schema-graph\">{\"@context\":\"https:\/\/schema.org\",\"@graph\":[{\"@type\":\"WebPage\",\"@id\":\"https:\/\/dev.tg4.ie\/ga\/eolas\/preas\/nuacht-raitis\/2019-2\/sceim-forbartha-oiliuna-sna-meain-le-seoladh-ag-tg4-udaras-na-gaeltachta\/\",\"url\":\"https:\/\/dev.tg4.ie\/ga\/eolas\/preas\/nuacht-raitis\/2019-2\/sceim-forbartha-oiliuna-sna-meain-le-seoladh-ag-tg4-udaras-na-gaeltachta\/\",\"name\":\"Sc\u00e9im Forbartha Oili\u00fana sna Me\u00e1in le Seoladh ag TG4 & \u00dadar\u00e1s na Gaeltachta - TG4\",\"isPartOf\":{\"@id\":\"https:\/\/dev.tg4.ie\/en\/#website\"},\"primaryImageOfPage\":{\"@id\":\"https:\/\/dev.tg4.ie\/ga\/eolas\/preas\/nuacht-raitis\/2019-2\/sceim-forbartha-oiliuna-sna-meain-le-seoladh-ag-tg4-udaras-na-gaeltachta\/#primaryimage\"},\"image\":{\"@id\":\"https:\/\/dev.tg4.ie\/ga\/eolas\/preas\/nuacht-raitis\/2019-2\/sceim-forbartha-oiliuna-sna-meain-le-seoladh-ag-tg4-udaras-na-gaeltachta\/#primaryimage\"},\"thumbnailUrl\":\"\",\"datePublished\":\"2019-07-17T09:13:59+00:00\",\"dateModified\":\"2019-11-12T11:12:10+00:00\",\"breadcrumb\":{\"@id\":\"https:\/\/dev.tg4.ie\/ga\/eolas\/preas\/nuacht-raitis\/2019-2\/sceim-forbartha-oiliuna-sna-meain-le-seoladh-ag-tg4-udaras-na-gaeltachta\/#breadcrumb\"},\"inLanguage\":\"ga\",\"potentialAction\":[{\"@type\":\"ReadAction\",\"target\":[\"https:\/\/dev.tg4.ie\/ga\/eolas\/preas\/nuacht-raitis\/2019-2\/sceim-forbartha-oiliuna-sna-meain-le-seoladh-ag-tg4-udaras-na-gaeltachta\/\"]}]},{\"@type\":\"ImageObject\",\"inLanguage\":\"ga\",\"@id\":\"https:\/\/dev.tg4.ie\/ga\/eolas\/preas\/nuacht-raitis\/2019-2\/sceim-forbartha-oiliuna-sna-meain-le-seoladh-ag-tg4-udaras-na-gaeltachta\/#primaryimage\",\"url\":\"\",\"contentUrl\":\"\"},{\"@type\":\"BreadcrumbList\",\"@id\":\"https:\/\/dev.tg4.ie\/ga\/eolas\/preas\/nuacht-raitis\/2019-2\/sceim-forbartha-oiliuna-sna-meain-le-seoladh-ag-tg4-udaras-na-gaeltachta\/#breadcrumb\",\"itemListElement\":[{\"@type\":\"ListItem\",\"position\":1,\"name\":\"Home\",\"item\":\"https:\/\/dev.tg4.ie\/ga\/\"},{\"@type\":\"ListItem\",\"position\":2,\"name\":\"Eolas\",\"item\":\"https:\/\/dev.tg4.ie\/ga\/eolas\/\"},{\"@type\":\"ListItem\",\"position\":3,\"name\":\"Preas\",\"item\":\"https:\/\/dev.tg4.ie\/ga\/eolas\/preas\/\"},{\"@type\":\"ListItem\",\"position\":4,\"name\":\"Nuacht R\u00e1itis\",\"item\":\"https:\/\/dev.tg4.ie\/ga\/eolas\/preas\/nuacht-raitis\/\"},{\"@type\":\"ListItem\",\"position\":5,\"name\":\"2019\",\"item\":\"https:\/\/dev.tg4.ie\/ga\/eolas\/preas\/nuacht-raitis\/2019-2\/\"},{\"@type\":\"ListItem\",\"position\":6,\"name\":\"Sc\u00e9im Forbartha Oili\u00fana sna Me\u00e1in le Seoladh ag TG4 &#038; \u00dadar\u00e1s na Gaeltachta\"}]},{\"@type\":\"WebSite\",\"@id\":\"https:\/\/dev.tg4.ie\/en\/#website\",\"url\":\"https:\/\/dev.tg4.ie\/en\/\",\"name\":\"TG4\",\"description\":\"S\u00fail Eile\",\"potentialAction\":[{\"@type\":\"SearchAction\",\"target\":{\"@type\":\"EntryPoint\",\"urlTemplate\":\"https:\/\/dev.tg4.ie\/en\/?s={search_term_string}\"},\"query-input\":\"required name=search_term_string\"}],\"inLanguage\":\"ga\"}]}<\/script>\n<!-- \/ Yoast SEO plugin. -->","yoast_head_json":{"title":"Sc\u00e9im Forbartha Oili\u00fana sna Me\u00e1in le Seoladh ag TG4 & \u00dadar\u00e1s na Gaeltachta - TG4","robots":{"index":"index","follow":"follow","max-snippet":"max-snippet:-1","max-image-preview":"max-image-preview:large","max-video-preview":"max-video-preview:-1"},"og_locale":"en_US","og_type":"article","og_title":"Sc\u00e9im Forbartha Oili\u00fana sna Me\u00e1in le Seoladh ag TG4 & \u00dadar\u00e1s na Gaeltachta - TG4","og_description":"Sheol an tAire Cumars\u00e1ide, Gn\u00edomhaithe ar son na hAer\u00e1ide &amp; Comhshaoil, Richard Bruton TD, le Se\u00e1n Kyne TD, An Pr\u00edomh Aoire agus an tAire St\u00e1it don Ghaeilge, don Ghaeltacht agus na hOile\u00e1in Sc\u00e9im Forbartha Oili\u00fana sna Me\u00e1in go hoifigi\u00fail, ar an 12 I\u00fail, in \u00d3st\u00e1n an Galmont, Gaillimh. Is sc\u00e9im nua \u00e9 seo chruthaigh Is [&hellip;]","og_url":"https:\/\/dev.tg4.ie\/ga\/eolas\/preas\/nuacht-raitis\/2019-2\/sceim-forbartha-oiliuna-sna-meain-le-seoladh-ag-tg4-udaras-na-gaeltachta\/","og_site_name":"TG4","article_publisher":"https:\/\/www.facebook.com\/TG4TV","article_modified_time":"2019-11-12T11:12:10+00:00","og_image":[{"width":1920,"height":1080,"url":"https:\/\/tg4-docs.s3.amazonaws.com\/wp-content\/uploads\/2024\/11\/18151812\/TG4_2024_corcra_teal_1-1920x1080-1.jpg","type":"image\/jpeg"}],"twitter_card":"summary_large_image","twitter_site":"@TG4TV","twitter_misc":{"Est. reading time":"3 minutes"},"schema":{"@context":"https:\/\/schema.org","@graph":[{"@type":"WebPage","@id":"https:\/\/dev.tg4.ie\/ga\/eolas\/preas\/nuacht-raitis\/2019-2\/sceim-forbartha-oiliuna-sna-meain-le-seoladh-ag-tg4-udaras-na-gaeltachta\/","url":"https:\/\/dev.tg4.ie\/ga\/eolas\/preas\/nuacht-raitis\/2019-2\/sceim-forbartha-oiliuna-sna-meain-le-seoladh-ag-tg4-udaras-na-gaeltachta\/","name":"Sc\u00e9im Forbartha Oili\u00fana sna Me\u00e1in le Seoladh ag TG4 & \u00dadar\u00e1s na Gaeltachta - TG4","isPartOf":{"@id":"https:\/\/dev.tg4.ie\/en\/#website"},"primaryImageOfPage":{"@id":"https:\/\/dev.tg4.ie\/ga\/eolas\/preas\/nuacht-raitis\/2019-2\/sceim-forbartha-oiliuna-sna-meain-le-seoladh-ag-tg4-udaras-na-gaeltachta\/#primaryimage"},"image":{"@id":"https:\/\/dev.tg4.ie\/ga\/eolas\/preas\/nuacht-raitis\/2019-2\/sceim-forbartha-oiliuna-sna-meain-le-seoladh-ag-tg4-udaras-na-gaeltachta\/#primaryimage"},"thumbnailUrl":"","datePublished":"2019-07-17T09:13:59+00:00","dateModified":"2019-11-12T11:12:10+00:00","breadcrumb":{"@id":"https:\/\/dev.tg4.ie\/ga\/eolas\/preas\/nuacht-raitis\/2019-2\/sceim-forbartha-oiliuna-sna-meain-le-seoladh-ag-tg4-udaras-na-gaeltachta\/#breadcrumb"},"inLanguage":"ga","potentialAction":[{"@type":"ReadAction","target":["https:\/\/dev.tg4.ie\/ga\/eolas\/preas\/nuacht-raitis\/2019-2\/sceim-forbartha-oiliuna-sna-meain-le-seoladh-ag-tg4-udaras-na-gaeltachta\/"]}]},{"@type":"ImageObject","inLanguage":"ga","@id":"https:\/\/dev.tg4.ie\/ga\/eolas\/preas\/nuacht-raitis\/2019-2\/sceim-forbartha-oiliuna-sna-meain-le-seoladh-ag-tg4-udaras-na-gaeltachta\/#primaryimage","url":"","contentUrl":""},{"@type":"BreadcrumbList","@id":"https:\/\/dev.tg4.ie\/ga\/eolas\/preas\/nuacht-raitis\/2019-2\/sceim-forbartha-oiliuna-sna-meain-le-seoladh-ag-tg4-udaras-na-gaeltachta\/#breadcrumb","itemListElement":[{"@type":"ListItem","position":1,"name":"Home","item":"https:\/\/dev.tg4.ie\/ga\/"},{"@type":"ListItem","position":2,"name":"Eolas","item":"https:\/\/dev.tg4.ie\/ga\/eolas\/"},{"@type":"ListItem","position":3,"name":"Preas","item":"https:\/\/dev.tg4.ie\/ga\/eolas\/preas\/"},{"@type":"ListItem","position":4,"name":"Nuacht R\u00e1itis","item":"https:\/\/dev.tg4.ie\/ga\/eolas\/preas\/nuacht-raitis\/"},{"@type":"ListItem","position":5,"name":"2019","item":"https:\/\/dev.tg4.ie\/ga\/eolas\/preas\/nuacht-raitis\/2019-2\/"},{"@type":"ListItem","position":6,"name":"Sc\u00e9im Forbartha Oili\u00fana sna Me\u00e1in le Seoladh ag TG4 &#038; \u00dadar\u00e1s na Gaeltachta"}]},{"@type":"WebSite","@id":"https:\/\/dev.tg4.ie\/en\/#website","url":"https:\/\/dev.tg4.ie\/en\/","name":"TG4","description":"S\u00fail Eile","potentialAction":[{"@type":"SearchAction","target":{"@type":"EntryPoint","urlTemplate":"https:\/\/dev.tg4.ie\/en\/?s={search_term_string}"},"query-input":"required name=search_term_string"}],"inLanguage":"ga"}]}},"_links":{"self":[{"href":"https:\/\/dev.tg4.ie\/ga\/wp-json\/wp\/v2\/pages\/107505"}],"collection":[{"href":"https:\/\/dev.tg4.ie\/ga\/wp-json\/wp\/v2\/pages"}],"about":[{"href":"https:\/\/dev.tg4.ie\/ga\/wp-json\/wp\/v2\/types\/page"}],"author":[{"embeddable":true,"href":"https:\/\/dev.tg4.ie\/ga\/wp-json\/wp\/v2\/users\/876"}],"replies":[{"embeddable":true,"href":"https:\/\/dev.tg4.ie\/ga\/wp-json\/wp\/v2\/comments?post=107505"}],"version-history":[{"count":0,"href":"https:\/\/dev.tg4.ie\/ga\/wp-json\/wp\/v2\/pages\/107505\/revisions"}],"up":[{"embeddable":true,"href":"https:\/\/dev.tg4.ie\/ga\/wp-json\/wp\/v2\/pages\/98830"}],"wp:featuredmedia":[{"embeddable":true,"href":"https:\/\/dev.tg4.ie\/ga\/wp-json\/"}],"wp:attachment":[{"href":"https:\/\/dev.tg4.ie\/ga\/wp-json\/wp\/v2\/media?parent=107505"}],"curies":[{"name":"wp","href":"https:\/\/api.w.org\/{rel}","templated":true}]}}