{"id":108321,"date":"2019-08-12T14:50:37","date_gmt":"2019-08-12T13:50:37","guid":{"rendered":"https:\/\/dev.tg4.ie\/?page_id=108321"},"modified":"2019-11-12T11:12:56","modified_gmt":"2019-11-12T11:12:56","slug":"failtionn-tg4-roimh-an-bhille-craolachain-leasuithe-2019","status":"publish","type":"page","link":"https:\/\/dev.tg4.ie\/ga\/eolas\/preas\/nuacht-raitis\/2019-2\/failtionn-tg4-roimh-an-bhille-craolachain-leasuithe-2019\/","title":{"rendered":"F\u00e1ilt\u00edonn TG4 roimh an Bhille Craolach\u00e1in (Leasuithe) 2019"},"content":{"rendered":"<p>T\u00e1 f\u00e1ilte curtha ag <strong>TG4<\/strong> roimh an sc\u00e9ala go bhfuil an Bille Craolt\u00f3ireachta (Leasuithe) 2019 foilsithe ag an Aire Cumars\u00e1ide, Gn\u00edomhaithe ar son na hAer\u00e1ide agus Comhshaoil, Richard Bruton TD.<\/p>\n<p>Ag labhairt d\u00f3 inniu deir <strong>Alan Esslemont<\/strong>, Ard-Sti\u00farth\u00f3ir TG4:<\/p>\n<p>\u201cT\u00e1 muid ag s\u00fail go m\u00f3r le scr\u00fad\u00fa ioml\u00e1n a dh\u00e9anamh ar fhor\u00e1lacha an bhille nua, ach f\u00e1ilt\u00edonn <strong>TG4<\/strong> roimh an bh\u00e9im at\u00e1 leagtha ag an Aire ina r\u00e1iteas ar th\u00e1bhacht na craolt\u00f3ireachta seirbh\u00edse poibl\u00ed, i gcomhth\u00e9acs athruithe m\u00f3ra at\u00e1 tagtha ar ch\u00f3rais sol\u00e1thar nuachta agus na d\u00fashl\u00e1in a bhaineann le forbairt\u00ed teicneola\u00edochta agus f\u00e1s na n-ard\u00e1n nua digiteacha. T\u00e1 s\u00e9 iontach t\u00e1bhachtach \u00e1bhar na gcraolt\u00f3ir\u00ed seirbh\u00edse poibl\u00ed a choinne\u00e1il i l\u00e1r an aonaigh sa mhargadh seo.<\/p>\n<p>\u201cBh\u00ed <strong>TG4<\/strong> nu\u00e1lach i gc\u00f3na\u00ed leis an gcur chuige \u00f3 thaobh \u2018S\u00fail Eile\u2019 a thugann muid don chraolt\u00f3ireacht in \u00c9irinn. Is f\u00e9idir linn sin a dh\u00e9anamh mar go bhfuil foireann chumasach, ardoilte againn agus muid ag obair i gcomhph\u00e1irt leis an earn\u00e1il l\u00e9irithe neamhsple\u00e1ch agus craolt\u00f3ir\u00ed eile.\u00a0 T\u00e1 na beartais oili\u00fana at\u00e1 luaite ag an Aire inniu le moladh chomh maith.<\/p>\n<p>\u201cIn\u00e1r strait\u00e9is c\u00faig bhliana l\u00e9ir\u00edonn muid chomh h\u00e9ifeachtach is at\u00e1 <strong>TG4<\/strong> maidir le luach a thabhairt don phobal agus seirbh\u00eds craolt\u00f3ireachta poibl\u00ed den ch\u00e9ad scoth \u00e1 chur ar f\u00e1il againn. D\u00edr\u00edonn an strait\u00e9is chomh maith ar fhorbairt an tionscal chruthaitheach, go h\u00e1irithe sna r\u00e9igi\u00fain, mar aon le scileanna nua a thabhairt chun cinn ar bhonn lean\u00fanach.<\/p>\n<p>\u201cFaoi l\u00e1thair faigheann <strong>TG4<\/strong> formh\u00f3r \u00e1r gcuid maoinithe d\u00edreach \u00f3n Roinn. T\u00e1 muid ag \u00e9ileamh ard\u00fa do \u20ac7.2m ar sin go bliant\u00fail, chun 150 post nua a chruth\u00fa agus 111 uair a chloig do chl\u00e1ir bhreise teilif\u00edse in aghaidh na bliana a chur ar f\u00e1il. T\u00e1 taca\u00edocht l\u00e1idir tugtha don strait\u00e9is ag \u00dadar\u00e1s Craolach\u00e1in na h\u00c9ireann agus Comhchoiste na Gaeilge, Gaeltachta &amp; na nOile\u00e1n i dTithe an Oireachtais.<\/p>\n<p>\u201cT\u00e1 <strong>TG4<\/strong> ag s\u00fail go gcuirfidh an Bhille nua bun\u00fas n\u00edos l\u00e1idre faoin earn\u00e1il, chun \u00e1bhar den scoth a chur ar f\u00e1il, chomh maith le luach ar airgead maith a thabhairt agus t\u00e1 TG4 r\u00e9idh agus s\u00e1sta a bheith rannph\u00e1irteach san obair th\u00e1bhachtach seo\u201d.<\/p>\n","protected":false},"excerpt":{"rendered":"<p>T\u00e1 f\u00e1ilte curtha ag TG4 roimh an sc\u00e9ala go bhfuil an Bille Craolt\u00f3ireachta (Leasuithe) 2019 foilsithe ag an Aire Cumars\u00e1ide, Gn\u00edomhaithe ar son na hAer\u00e1ide agus Comhshaoil, Richard Bruton TD. Ag labhairt d\u00f3 inniu deir Alan Esslemont, Ard-Sti\u00farth\u00f3ir TG4: \u201cT\u00e1 muid ag s\u00fail go m\u00f3r le scr\u00fad\u00fa ioml\u00e1n a dh\u00e9anamh ar fhor\u00e1lacha an bhille nua, [&hellip;]<\/p>\n","protected":false},"author":876,"featured_media":108322,"parent":98830,"menu_order":28,"comment_status":"closed","ping_status":"closed","template":"page-templates\/template-pr.php","meta":{"_acf_changed":false,"footnotes":""},"acf":[],"yoast_head":"<!-- This site is optimized with the Yoast SEO plugin v22.6 - https:\/\/yoast.com\/wordpress\/plugins\/seo\/ -->\n<title>F\u00e1ilt\u00edonn TG4 roimh an Bhille Craolach\u00e1in (Leasuithe) 2019 - TG4<\/title>\n<meta name=\"robots\" content=\"index, follow, max-snippet:-1, max-image-preview:large, max-video-preview:-1\" \/>\n<meta property=\"og:locale\" content=\"en_US\" \/>\n<meta property=\"og:type\" content=\"article\" \/>\n<meta property=\"og:title\" content=\"F\u00e1ilt\u00edonn TG4 roimh an Bhille Craolach\u00e1in (Leasuithe) 2019 - TG4\" \/>\n<meta property=\"og:description\" content=\"T\u00e1 f\u00e1ilte curtha ag TG4 roimh an sc\u00e9ala go bhfuil an Bille Craolt\u00f3ireachta (Leasuithe) 2019 foilsithe ag an Aire Cumars\u00e1ide, Gn\u00edomhaithe ar son na hAer\u00e1ide agus Comhshaoil, Richard Bruton TD. Ag labhairt d\u00f3 inniu deir Alan Esslemont, Ard-Sti\u00farth\u00f3ir TG4: \u201cT\u00e1 muid ag s\u00fail go m\u00f3r le scr\u00fad\u00fa ioml\u00e1n a dh\u00e9anamh ar fhor\u00e1lacha an bhille nua, [&hellip;]\" \/>\n<meta property=\"og:url\" content=\"https:\/\/dev.tg4.ie\/ga\/eolas\/preas\/nuacht-raitis\/2019-2\/failtionn-tg4-roimh-an-bhille-craolachain-leasuithe-2019\/\" \/>\n<meta property=\"og:site_name\" content=\"TG4\" \/>\n<meta property=\"article:publisher\" content=\"https:\/\/www.facebook.com\/TG4TV\" \/>\n<meta property=\"article:modified_time\" content=\"2019-11-12T11:12:56+00:00\" \/>\n<meta property=\"og:image\" content=\"https:\/\/tg4-docs.s3.amazonaws.com\/wp-content\/uploads\/2024\/11\/18151812\/TG4_2024_corcra_teal_1-1920x1080-1.jpg\" \/>\n\t<meta property=\"og:image:width\" content=\"1920\" \/>\n\t<meta property=\"og:image:height\" content=\"1080\" \/>\n\t<meta property=\"og:image:type\" content=\"image\/jpeg\" \/>\n<meta name=\"twitter:card\" content=\"summary_large_image\" \/>\n<meta name=\"twitter:site\" content=\"@TG4TV\" \/>\n<meta name=\"twitter:label1\" content=\"Est. reading time\" \/>\n\t<meta name=\"twitter:data1\" content=\"2 minutes\" \/>\n<script type=\"application\/ld+json\" class=\"yoast-schema-graph\">{\"@context\":\"https:\/\/schema.org\",\"@graph\":[{\"@type\":\"WebPage\",\"@id\":\"https:\/\/dev.tg4.ie\/ga\/eolas\/preas\/nuacht-raitis\/2019-2\/failtionn-tg4-roimh-an-bhille-craolachain-leasuithe-2019\/\",\"url\":\"https:\/\/dev.tg4.ie\/ga\/eolas\/preas\/nuacht-raitis\/2019-2\/failtionn-tg4-roimh-an-bhille-craolachain-leasuithe-2019\/\",\"name\":\"F\u00e1ilt\u00edonn TG4 roimh an Bhille Craolach\u00e1in (Leasuithe) 2019 - TG4\",\"isPartOf\":{\"@id\":\"https:\/\/dev.tg4.ie\/en\/#website\"},\"primaryImageOfPage\":{\"@id\":\"https:\/\/dev.tg4.ie\/ga\/eolas\/preas\/nuacht-raitis\/2019-2\/failtionn-tg4-roimh-an-bhille-craolachain-leasuithe-2019\/#primaryimage\"},\"image\":{\"@id\":\"https:\/\/dev.tg4.ie\/ga\/eolas\/preas\/nuacht-raitis\/2019-2\/failtionn-tg4-roimh-an-bhille-craolachain-leasuithe-2019\/#primaryimage\"},\"thumbnailUrl\":\"\",\"datePublished\":\"2019-08-12T13:50:37+00:00\",\"dateModified\":\"2019-11-12T11:12:56+00:00\",\"breadcrumb\":{\"@id\":\"https:\/\/dev.tg4.ie\/ga\/eolas\/preas\/nuacht-raitis\/2019-2\/failtionn-tg4-roimh-an-bhille-craolachain-leasuithe-2019\/#breadcrumb\"},\"inLanguage\":\"ga\",\"potentialAction\":[{\"@type\":\"ReadAction\",\"target\":[\"https:\/\/dev.tg4.ie\/ga\/eolas\/preas\/nuacht-raitis\/2019-2\/failtionn-tg4-roimh-an-bhille-craolachain-leasuithe-2019\/\"]}]},{\"@type\":\"ImageObject\",\"inLanguage\":\"ga\",\"@id\":\"https:\/\/dev.tg4.ie\/ga\/eolas\/preas\/nuacht-raitis\/2019-2\/failtionn-tg4-roimh-an-bhille-craolachain-leasuithe-2019\/#primaryimage\",\"url\":\"\",\"contentUrl\":\"\"},{\"@type\":\"BreadcrumbList\",\"@id\":\"https:\/\/dev.tg4.ie\/ga\/eolas\/preas\/nuacht-raitis\/2019-2\/failtionn-tg4-roimh-an-bhille-craolachain-leasuithe-2019\/#breadcrumb\",\"itemListElement\":[{\"@type\":\"ListItem\",\"position\":1,\"name\":\"Home\",\"item\":\"https:\/\/dev.tg4.ie\/ga\/\"},{\"@type\":\"ListItem\",\"position\":2,\"name\":\"Eolas\",\"item\":\"https:\/\/dev.tg4.ie\/ga\/eolas\/\"},{\"@type\":\"ListItem\",\"position\":3,\"name\":\"Preas\",\"item\":\"https:\/\/dev.tg4.ie\/ga\/eolas\/preas\/\"},{\"@type\":\"ListItem\",\"position\":4,\"name\":\"Nuacht R\u00e1itis\",\"item\":\"https:\/\/dev.tg4.ie\/ga\/eolas\/preas\/nuacht-raitis\/\"},{\"@type\":\"ListItem\",\"position\":5,\"name\":\"2019\",\"item\":\"https:\/\/dev.tg4.ie\/ga\/eolas\/preas\/nuacht-raitis\/2019-2\/\"},{\"@type\":\"ListItem\",\"position\":6,\"name\":\"F\u00e1ilt\u00edonn TG4 roimh an Bhille Craolach\u00e1in (Leasuithe) 2019\"}]},{\"@type\":\"WebSite\",\"@id\":\"https:\/\/dev.tg4.ie\/en\/#website\",\"url\":\"https:\/\/dev.tg4.ie\/en\/\",\"name\":\"TG4\",\"description\":\"S\u00fail Eile\",\"potentialAction\":[{\"@type\":\"SearchAction\",\"target\":{\"@type\":\"EntryPoint\",\"urlTemplate\":\"https:\/\/dev.tg4.ie\/en\/?s={search_term_string}\"},\"query-input\":\"required name=search_term_string\"}],\"inLanguage\":\"ga\"}]}<\/script>\n<!-- \/ Yoast SEO plugin. -->","yoast_head_json":{"title":"F\u00e1ilt\u00edonn TG4 roimh an Bhille Craolach\u00e1in (Leasuithe) 2019 - TG4","robots":{"index":"index","follow":"follow","max-snippet":"max-snippet:-1","max-image-preview":"max-image-preview:large","max-video-preview":"max-video-preview:-1"},"og_locale":"en_US","og_type":"article","og_title":"F\u00e1ilt\u00edonn TG4 roimh an Bhille Craolach\u00e1in (Leasuithe) 2019 - TG4","og_description":"T\u00e1 f\u00e1ilte curtha ag TG4 roimh an sc\u00e9ala go bhfuil an Bille Craolt\u00f3ireachta (Leasuithe) 2019 foilsithe ag an Aire Cumars\u00e1ide, Gn\u00edomhaithe ar son na hAer\u00e1ide agus Comhshaoil, Richard Bruton TD. Ag labhairt d\u00f3 inniu deir Alan Esslemont, Ard-Sti\u00farth\u00f3ir TG4: \u201cT\u00e1 muid ag s\u00fail go m\u00f3r le scr\u00fad\u00fa ioml\u00e1n a dh\u00e9anamh ar fhor\u00e1lacha an bhille nua, [&hellip;]","og_url":"https:\/\/dev.tg4.ie\/ga\/eolas\/preas\/nuacht-raitis\/2019-2\/failtionn-tg4-roimh-an-bhille-craolachain-leasuithe-2019\/","og_site_name":"TG4","article_publisher":"https:\/\/www.facebook.com\/TG4TV","article_modified_time":"2019-11-12T11:12:56+00:00","og_image":[{"width":1920,"height":1080,"url":"https:\/\/tg4-docs.s3.amazonaws.com\/wp-content\/uploads\/2024\/11\/18151812\/TG4_2024_corcra_teal_1-1920x1080-1.jpg","type":"image\/jpeg"}],"twitter_card":"summary_large_image","twitter_site":"@TG4TV","twitter_misc":{"Est. reading time":"2 minutes"},"schema":{"@context":"https:\/\/schema.org","@graph":[{"@type":"WebPage","@id":"https:\/\/dev.tg4.ie\/ga\/eolas\/preas\/nuacht-raitis\/2019-2\/failtionn-tg4-roimh-an-bhille-craolachain-leasuithe-2019\/","url":"https:\/\/dev.tg4.ie\/ga\/eolas\/preas\/nuacht-raitis\/2019-2\/failtionn-tg4-roimh-an-bhille-craolachain-leasuithe-2019\/","name":"F\u00e1ilt\u00edonn TG4 roimh an Bhille Craolach\u00e1in (Leasuithe) 2019 - TG4","isPartOf":{"@id":"https:\/\/dev.tg4.ie\/en\/#website"},"primaryImageOfPage":{"@id":"https:\/\/dev.tg4.ie\/ga\/eolas\/preas\/nuacht-raitis\/2019-2\/failtionn-tg4-roimh-an-bhille-craolachain-leasuithe-2019\/#primaryimage"},"image":{"@id":"https:\/\/dev.tg4.ie\/ga\/eolas\/preas\/nuacht-raitis\/2019-2\/failtionn-tg4-roimh-an-bhille-craolachain-leasuithe-2019\/#primaryimage"},"thumbnailUrl":"","datePublished":"2019-08-12T13:50:37+00:00","dateModified":"2019-11-12T11:12:56+00:00","breadcrumb":{"@id":"https:\/\/dev.tg4.ie\/ga\/eolas\/preas\/nuacht-raitis\/2019-2\/failtionn-tg4-roimh-an-bhille-craolachain-leasuithe-2019\/#breadcrumb"},"inLanguage":"ga","potentialAction":[{"@type":"ReadAction","target":["https:\/\/dev.tg4.ie\/ga\/eolas\/preas\/nuacht-raitis\/2019-2\/failtionn-tg4-roimh-an-bhille-craolachain-leasuithe-2019\/"]}]},{"@type":"ImageObject","inLanguage":"ga","@id":"https:\/\/dev.tg4.ie\/ga\/eolas\/preas\/nuacht-raitis\/2019-2\/failtionn-tg4-roimh-an-bhille-craolachain-leasuithe-2019\/#primaryimage","url":"","contentUrl":""},{"@type":"BreadcrumbList","@id":"https:\/\/dev.tg4.ie\/ga\/eolas\/preas\/nuacht-raitis\/2019-2\/failtionn-tg4-roimh-an-bhille-craolachain-leasuithe-2019\/#breadcrumb","itemListElement":[{"@type":"ListItem","position":1,"name":"Home","item":"https:\/\/dev.tg4.ie\/ga\/"},{"@type":"ListItem","position":2,"name":"Eolas","item":"https:\/\/dev.tg4.ie\/ga\/eolas\/"},{"@type":"ListItem","position":3,"name":"Preas","item":"https:\/\/dev.tg4.ie\/ga\/eolas\/preas\/"},{"@type":"ListItem","position":4,"name":"Nuacht R\u00e1itis","item":"https:\/\/dev.tg4.ie\/ga\/eolas\/preas\/nuacht-raitis\/"},{"@type":"ListItem","position":5,"name":"2019","item":"https:\/\/dev.tg4.ie\/ga\/eolas\/preas\/nuacht-raitis\/2019-2\/"},{"@type":"ListItem","position":6,"name":"F\u00e1ilt\u00edonn TG4 roimh an Bhille Craolach\u00e1in (Leasuithe) 2019"}]},{"@type":"WebSite","@id":"https:\/\/dev.tg4.ie\/en\/#website","url":"https:\/\/dev.tg4.ie\/en\/","name":"TG4","description":"S\u00fail Eile","potentialAction":[{"@type":"SearchAction","target":{"@type":"EntryPoint","urlTemplate":"https:\/\/dev.tg4.ie\/en\/?s={search_term_string}"},"query-input":"required name=search_term_string"}],"inLanguage":"ga"}]}},"_links":{"self":[{"href":"https:\/\/dev.tg4.ie\/ga\/wp-json\/wp\/v2\/pages\/108321"}],"collection":[{"href":"https:\/\/dev.tg4.ie\/ga\/wp-json\/wp\/v2\/pages"}],"about":[{"href":"https:\/\/dev.tg4.ie\/ga\/wp-json\/wp\/v2\/types\/page"}],"author":[{"embeddable":true,"href":"https:\/\/dev.tg4.ie\/ga\/wp-json\/wp\/v2\/users\/876"}],"replies":[{"embeddable":true,"href":"https:\/\/dev.tg4.ie\/ga\/wp-json\/wp\/v2\/comments?post=108321"}],"version-history":[{"count":0,"href":"https:\/\/dev.tg4.ie\/ga\/wp-json\/wp\/v2\/pages\/108321\/revisions"}],"up":[{"embeddable":true,"href":"https:\/\/dev.tg4.ie\/ga\/wp-json\/wp\/v2\/pages\/98830"}],"wp:featuredmedia":[{"embeddable":true,"href":"https:\/\/dev.tg4.ie\/ga\/wp-json\/"}],"wp:attachment":[{"href":"https:\/\/dev.tg4.ie\/ga\/wp-json\/wp\/v2\/media?parent=108321"}],"curies":[{"name":"wp","href":"https:\/\/api.w.org\/{rel}","templated":true}]}}