{"id":1087,"date":"2015-08-13T16:41:19","date_gmt":"2015-08-13T15:41:19","guid":{"rendered":"https:\/\/dev.tg4.ie\/?page_id=1087"},"modified":"2019-06-25T11:22:29","modified_gmt":"2019-06-25T10:22:29","slug":"15-06-15","status":"publish","type":"page","link":"https:\/\/dev.tg4.ie\/ga\/eolas\/preas\/nuacht-raitis\/2015-2\/15-06-15\/","title":{"rendered":"15.06.15"},"content":{"rendered":"<p>Cuireadh i bhfearas an ceamara nua sna D\u00e9ise le deis a thabhairt don phobal \u00a0f\u00e9achana ar fud an domhain l\u00e9argas a fh\u00e1il ar an aimsir ansin, r\u00e9igi\u00fain a bhfuil c\u00e1il na gr\u00e9ine air.\u00a0\u00a0 Tig le daoine f\u00e9achaint ar-l\u00edne ar an gceamara aon uair i rith an lae ag <a href=\"https:\/\/dev.tg4.ie\/brandai-eile\/an-aimsir\/aimsir\/\">www.tg4.ie\/aimsir<\/a>\u00a0 agus bainfear leas go rialta as na picti\u00fair a shol\u00e1thra\u00edonn an ceamara i bhfeasach\u00e1in \u00f3n <i>Aimsir L\u00e1ithreach<\/i> seirbh\u00eds aitheanta TG4.<\/p>\n<p>Mar a tharla\u00edonn,\u00a0 is as an nGaeltacht sin do dhuine de l\u00e1ithreoir\u00ed an fheasach\u00e1in sin, <b>Irial \u00d3 Ceallaigh<\/b> agus is cinnte go mbeidh fonn air-san go bhfeicf\u00ed f\u00f3d a dh\u00fachais go minic ar a ch\u00fala f\u00e9in agus \u00e9 ag tuar na haimsire ar an teilif\u00eds. T\u00e1 f\u00e1il freisin ar an Su\u00edomh anois, ar liosta de th\u00e9arma\u00ed aimsire Gaeilge sna pr\u00edomh-chan\u00faint\u00ed (<a href=\"https:\/\/dev.tg4.ie\/brandai-eile\/an-aimsir\/aimsir\/\">www.tg4.ie\/aimsir<\/a>). Failt\u00edtear roimh thuairim\u00ed an phobail faoin liosta agus roimh mholta\u00ed do th\u00e9arma\u00ed agus de nathanna a d\u2019fh\u00e9adfa\u00ed a chur leis (n\u00f3 a bhaint as). Tion\u00f3ladh cruinni\u00fa de Bhord TG4 sa Rinn inniu agus ag labhairt d\u00f3 ansin ina dhiaidh, d\u00fairt P\u00e1dhraic \u00d3 Ciardha, Leascheannasa\u00ed TG4:\u00a0 \u201c<i>Is bre\u00e1 linn go raibh ar \u00e1r gcumas ceamara aimsire a shu\u00edomh i nGaeltacht na Rinne agus beimid ag s\u00fail leis an dea-sc\u00e9ala uaidh go laeth\u00fail.\u00a0 Is deas mar a chum \u00e1r sinsir t\u00e9arma\u00edocht bheacht Ghaeilge le cur s\u00edos ar gach gn\u00e9 den aimsir\u201d <\/i>a d\u00fairt s\u00e9<i>. \u201cL\u00e9ir\u00edonn an cnuasach focal at\u00e1 curtha ar f\u00e1il againn go dt\u00ed seo agus an raon can\u00faint\u00ed at\u00e1 \u00a0ag \u00e1r\u00a0l\u00e1ithreoir\u00ed\u00a0 aimsire, saibhreas agus \u00e9ags\u00falacht na teanga.\u00a0 N\u00edlimid ach ina th\u00fas agus f\u00e1ilteofar roimh th\u00e9arma\u00ed eile ach iad a sheoladh chugainn.\u201d <\/i><\/p>\n","protected":false},"excerpt":{"rendered":"<p>Cuireadh i bhfearas an ceamara nua sna D\u00e9ise le deis a thabhairt don phobal \u00a0f\u00e9achana ar fud an domhain l\u00e9argas a fh\u00e1il ar an aimsir ansin, r\u00e9igi\u00fain a bhfuil c\u00e1il na gr\u00e9ine air.\u00a0\u00a0 Tig le daoine f\u00e9achaint ar-l\u00edne ar an gceamara aon uair i rith an lae ag www.tg4.ie\/aimsir\u00a0 agus bainfear leas go rialta as [&hellip;]<\/p>\n","protected":false},"author":6,"featured_media":1083,"parent":985,"menu_order":12,"comment_status":"closed","ping_status":"closed","template":"page-templates\/template-pr.php","meta":{"_acf_changed":false,"footnotes":""},"acf":[],"yoast_head":"<!-- This site is optimized with the Yoast SEO plugin v22.6 - https:\/\/yoast.com\/wordpress\/plugins\/seo\/ -->\n<title>15.06.15 - TG4<\/title>\n<meta name=\"robots\" content=\"index, follow, max-snippet:-1, max-image-preview:large, max-video-preview:-1\" \/>\n<meta property=\"og:locale\" content=\"en_US\" \/>\n<meta property=\"og:type\" content=\"article\" \/>\n<meta property=\"og:title\" content=\"15.06.15 - TG4\" \/>\n<meta property=\"og:description\" content=\"Cuireadh i bhfearas an ceamara nua sna D\u00e9ise le deis a thabhairt don phobal \u00a0f\u00e9achana ar fud an domhain l\u00e9argas a fh\u00e1il ar an aimsir ansin, r\u00e9igi\u00fain a bhfuil c\u00e1il na gr\u00e9ine air.\u00a0\u00a0 Tig le daoine f\u00e9achaint ar-l\u00edne ar an gceamara aon uair i rith an lae ag www.tg4.ie\/aimsir\u00a0 agus bainfear leas go rialta as [&hellip;]\" \/>\n<meta property=\"og:url\" content=\"https:\/\/dev.tg4.ie\/ga\/eolas\/preas\/nuacht-raitis\/2015-2\/15-06-15\/\" \/>\n<meta property=\"og:site_name\" content=\"TG4\" \/>\n<meta property=\"article:publisher\" content=\"https:\/\/www.facebook.com\/TG4TV\" \/>\n<meta property=\"article:modified_time\" content=\"2019-06-25T10:22:29+00:00\" \/>\n<meta property=\"og:image\" content=\"https:\/\/tg4-docs.s3.amazonaws.com\/tg4-redesign-2015\/wp-content\/uploads\/2015\/08\/Aimsir_TG4.jpg\" \/>\n\t<meta property=\"og:image:width\" content=\"1920\" \/>\n\t<meta property=\"og:image:height\" content=\"1080\" \/>\n\t<meta property=\"og:image:type\" content=\"image\/jpeg\" \/>\n<meta name=\"twitter:card\" content=\"summary_large_image\" \/>\n<meta name=\"twitter:site\" content=\"@TG4TV\" \/>\n<meta name=\"twitter:label1\" content=\"Est. reading time\" \/>\n\t<meta name=\"twitter:data1\" content=\"2 minutes\" \/>\n<script type=\"application\/ld+json\" class=\"yoast-schema-graph\">{\"@context\":\"https:\/\/schema.org\",\"@graph\":[{\"@type\":\"WebPage\",\"@id\":\"https:\/\/dev.tg4.ie\/ga\/eolas\/preas\/nuacht-raitis\/2015-2\/15-06-15\/\",\"url\":\"https:\/\/dev.tg4.ie\/ga\/eolas\/preas\/nuacht-raitis\/2015-2\/15-06-15\/\",\"name\":\"15.06.15 - TG4\",\"isPartOf\":{\"@id\":\"https:\/\/dev.tg4.ie\/en\/#website\"},\"primaryImageOfPage\":{\"@id\":\"https:\/\/dev.tg4.ie\/ga\/eolas\/preas\/nuacht-raitis\/2015-2\/15-06-15\/#primaryimage\"},\"image\":{\"@id\":\"https:\/\/dev.tg4.ie\/ga\/eolas\/preas\/nuacht-raitis\/2015-2\/15-06-15\/#primaryimage\"},\"thumbnailUrl\":\"https:\/\/tg4-docs.s3.amazonaws.com\/tg4-redesign-2015\/wp-content\/uploads\/2015\/08\/Aimsir_TG4.jpg\",\"datePublished\":\"2015-08-13T15:41:19+00:00\",\"dateModified\":\"2019-06-25T10:22:29+00:00\",\"breadcrumb\":{\"@id\":\"https:\/\/dev.tg4.ie\/ga\/eolas\/preas\/nuacht-raitis\/2015-2\/15-06-15\/#breadcrumb\"},\"inLanguage\":\"ga\",\"potentialAction\":[{\"@type\":\"ReadAction\",\"target\":[\"https:\/\/dev.tg4.ie\/ga\/eolas\/preas\/nuacht-raitis\/2015-2\/15-06-15\/\"]}]},{\"@type\":\"ImageObject\",\"inLanguage\":\"ga\",\"@id\":\"https:\/\/dev.tg4.ie\/ga\/eolas\/preas\/nuacht-raitis\/2015-2\/15-06-15\/#primaryimage\",\"url\":\"https:\/\/tg4-docs.s3.amazonaws.com\/tg4-redesign-2015\/wp-content\/uploads\/2015\/08\/Aimsir_TG4.jpg\",\"contentUrl\":\"https:\/\/tg4-docs.s3.amazonaws.com\/tg4-redesign-2015\/wp-content\/uploads\/2015\/08\/Aimsir_TG4.jpg\",\"width\":1920,\"height\":1080},{\"@type\":\"BreadcrumbList\",\"@id\":\"https:\/\/dev.tg4.ie\/ga\/eolas\/preas\/nuacht-raitis\/2015-2\/15-06-15\/#breadcrumb\",\"itemListElement\":[{\"@type\":\"ListItem\",\"position\":1,\"name\":\"Home\",\"item\":\"https:\/\/dev.tg4.ie\/ga\/\"},{\"@type\":\"ListItem\",\"position\":2,\"name\":\"Eolas\",\"item\":\"https:\/\/dev.tg4.ie\/ga\/eolas\/\"},{\"@type\":\"ListItem\",\"position\":3,\"name\":\"Preas\",\"item\":\"https:\/\/dev.tg4.ie\/ga\/eolas\/preas\/\"},{\"@type\":\"ListItem\",\"position\":4,\"name\":\"Nuacht R\u00e1itis\",\"item\":\"https:\/\/dev.tg4.ie\/ga\/eolas\/preas\/nuacht-raitis\/\"},{\"@type\":\"ListItem\",\"position\":5,\"name\":\"2015\",\"item\":\"https:\/\/dev.tg4.ie\/ga\/eolas\/preas\/nuacht-raitis\/2015-2\/\"},{\"@type\":\"ListItem\",\"position\":6,\"name\":\"15.06.15\"}]},{\"@type\":\"WebSite\",\"@id\":\"https:\/\/dev.tg4.ie\/en\/#website\",\"url\":\"https:\/\/dev.tg4.ie\/en\/\",\"name\":\"TG4\",\"description\":\"S\u00fail Eile\",\"potentialAction\":[{\"@type\":\"SearchAction\",\"target\":{\"@type\":\"EntryPoint\",\"urlTemplate\":\"https:\/\/dev.tg4.ie\/en\/?s={search_term_string}\"},\"query-input\":\"required name=search_term_string\"}],\"inLanguage\":\"ga\"}]}<\/script>\n<!-- \/ Yoast SEO plugin. -->","yoast_head_json":{"title":"15.06.15 - TG4","robots":{"index":"index","follow":"follow","max-snippet":"max-snippet:-1","max-image-preview":"max-image-preview:large","max-video-preview":"max-video-preview:-1"},"og_locale":"en_US","og_type":"article","og_title":"15.06.15 - TG4","og_description":"Cuireadh i bhfearas an ceamara nua sna D\u00e9ise le deis a thabhairt don phobal \u00a0f\u00e9achana ar fud an domhain l\u00e9argas a fh\u00e1il ar an aimsir ansin, r\u00e9igi\u00fain a bhfuil c\u00e1il na gr\u00e9ine air.\u00a0\u00a0 Tig le daoine f\u00e9achaint ar-l\u00edne ar an gceamara aon uair i rith an lae ag www.tg4.ie\/aimsir\u00a0 agus bainfear leas go rialta as [&hellip;]","og_url":"https:\/\/dev.tg4.ie\/ga\/eolas\/preas\/nuacht-raitis\/2015-2\/15-06-15\/","og_site_name":"TG4","article_publisher":"https:\/\/www.facebook.com\/TG4TV","article_modified_time":"2019-06-25T10:22:29+00:00","og_image":[{"width":1920,"height":1080,"url":"https:\/\/tg4-docs.s3.amazonaws.com\/tg4-redesign-2015\/wp-content\/uploads\/2015\/08\/Aimsir_TG4.jpg","type":"image\/jpeg"}],"twitter_card":"summary_large_image","twitter_site":"@TG4TV","twitter_misc":{"Est. reading time":"2 minutes"},"schema":{"@context":"https:\/\/schema.org","@graph":[{"@type":"WebPage","@id":"https:\/\/dev.tg4.ie\/ga\/eolas\/preas\/nuacht-raitis\/2015-2\/15-06-15\/","url":"https:\/\/dev.tg4.ie\/ga\/eolas\/preas\/nuacht-raitis\/2015-2\/15-06-15\/","name":"15.06.15 - TG4","isPartOf":{"@id":"https:\/\/dev.tg4.ie\/en\/#website"},"primaryImageOfPage":{"@id":"https:\/\/dev.tg4.ie\/ga\/eolas\/preas\/nuacht-raitis\/2015-2\/15-06-15\/#primaryimage"},"image":{"@id":"https:\/\/dev.tg4.ie\/ga\/eolas\/preas\/nuacht-raitis\/2015-2\/15-06-15\/#primaryimage"},"thumbnailUrl":"https:\/\/tg4-docs.s3.amazonaws.com\/tg4-redesign-2015\/wp-content\/uploads\/2015\/08\/Aimsir_TG4.jpg","datePublished":"2015-08-13T15:41:19+00:00","dateModified":"2019-06-25T10:22:29+00:00","breadcrumb":{"@id":"https:\/\/dev.tg4.ie\/ga\/eolas\/preas\/nuacht-raitis\/2015-2\/15-06-15\/#breadcrumb"},"inLanguage":"ga","potentialAction":[{"@type":"ReadAction","target":["https:\/\/dev.tg4.ie\/ga\/eolas\/preas\/nuacht-raitis\/2015-2\/15-06-15\/"]}]},{"@type":"ImageObject","inLanguage":"ga","@id":"https:\/\/dev.tg4.ie\/ga\/eolas\/preas\/nuacht-raitis\/2015-2\/15-06-15\/#primaryimage","url":"https:\/\/tg4-docs.s3.amazonaws.com\/tg4-redesign-2015\/wp-content\/uploads\/2015\/08\/Aimsir_TG4.jpg","contentUrl":"https:\/\/tg4-docs.s3.amazonaws.com\/tg4-redesign-2015\/wp-content\/uploads\/2015\/08\/Aimsir_TG4.jpg","width":1920,"height":1080},{"@type":"BreadcrumbList","@id":"https:\/\/dev.tg4.ie\/ga\/eolas\/preas\/nuacht-raitis\/2015-2\/15-06-15\/#breadcrumb","itemListElement":[{"@type":"ListItem","position":1,"name":"Home","item":"https:\/\/dev.tg4.ie\/ga\/"},{"@type":"ListItem","position":2,"name":"Eolas","item":"https:\/\/dev.tg4.ie\/ga\/eolas\/"},{"@type":"ListItem","position":3,"name":"Preas","item":"https:\/\/dev.tg4.ie\/ga\/eolas\/preas\/"},{"@type":"ListItem","position":4,"name":"Nuacht R\u00e1itis","item":"https:\/\/dev.tg4.ie\/ga\/eolas\/preas\/nuacht-raitis\/"},{"@type":"ListItem","position":5,"name":"2015","item":"https:\/\/dev.tg4.ie\/ga\/eolas\/preas\/nuacht-raitis\/2015-2\/"},{"@type":"ListItem","position":6,"name":"15.06.15"}]},{"@type":"WebSite","@id":"https:\/\/dev.tg4.ie\/en\/#website","url":"https:\/\/dev.tg4.ie\/en\/","name":"TG4","description":"S\u00fail Eile","potentialAction":[{"@type":"SearchAction","target":{"@type":"EntryPoint","urlTemplate":"https:\/\/dev.tg4.ie\/en\/?s={search_term_string}"},"query-input":"required name=search_term_string"}],"inLanguage":"ga"}]}},"_links":{"self":[{"href":"https:\/\/dev.tg4.ie\/ga\/wp-json\/wp\/v2\/pages\/1087"}],"collection":[{"href":"https:\/\/dev.tg4.ie\/ga\/wp-json\/wp\/v2\/pages"}],"about":[{"href":"https:\/\/dev.tg4.ie\/ga\/wp-json\/wp\/v2\/types\/page"}],"author":[{"embeddable":true,"href":"https:\/\/dev.tg4.ie\/ga\/wp-json\/wp\/v2\/users\/6"}],"replies":[{"embeddable":true,"href":"https:\/\/dev.tg4.ie\/ga\/wp-json\/wp\/v2\/comments?post=1087"}],"version-history":[{"count":0,"href":"https:\/\/dev.tg4.ie\/ga\/wp-json\/wp\/v2\/pages\/1087\/revisions"}],"up":[{"embeddable":true,"href":"https:\/\/dev.tg4.ie\/ga\/wp-json\/wp\/v2\/pages\/985"}],"wp:featuredmedia":[{"embeddable":true,"href":"https:\/\/dev.tg4.ie\/ga\/wp-json\/wp\/v2\/media\/1083"}],"wp:attachment":[{"href":"https:\/\/dev.tg4.ie\/ga\/wp-json\/wp\/v2\/media?parent=1087"}],"curies":[{"name":"wp","href":"https:\/\/api.w.org\/{rel}","templated":true}]}}