{"id":108771,"date":"2019-08-26T14:48:40","date_gmt":"2019-08-26T13:48:40","guid":{"rendered":"https:\/\/dev.tg4.ie\/?page_id=108771"},"modified":"2019-11-12T11:14:17","modified_gmt":"2019-11-12T11:14:17","slug":"the-irish-derby-nios-mo-na-rasa","status":"publish","type":"page","link":"https:\/\/dev.tg4.ie\/ga\/eolas\/preas\/nuacht-raitis\/2019-2\/the-irish-derby-nios-mo-na-rasa\/","title":{"rendered":"THE IRISH DERBY &#8211; N\u00edos M\u00f3 N\u00e1 R\u00e1sa"},"content":{"rendered":"<p>Cl\u00e1r faisn\u00e9ise \u00e9 <strong>The Irish Derby &#8211; N\u00edos M\u00f3 N\u00e1 R\u00e1sa<\/strong> a thabharfaidh tuiscint agus l\u00e9argas ar leith ar an r\u00e1s \u00f3 buna\u00edodh \u00e9 in 1866 go dt\u00ed go an l\u00e1 at\u00e1 inniu ann, tr\u00e1th a bhfuil s\u00e9 ina imeacht m\u00f3r idirn\u00e1isi\u00fanta.<\/p>\n<p>Chomh maith le l\u00e9argas a thabhairt ar imeachta\u00ed m\u00f3ra a thit amach i stair na h\u00c9ireann, tabharfaidh an cl\u00e1r<strong> \u201cTHE IRISH DERBY\u2013 N\u00edos M\u00f3 N\u00e1 R\u00e1sa\u201d<\/strong> tuiscint don lucht f\u00e9achana ar cheann de na traidisi\u00fain sp\u00f3irt is m\u00f3 in \u00c9irinn &#8211; Dearba\u00ed na h\u00c9ireann \u00f3 buna\u00edodh \u00e9 i 1866 go dt\u00ed go raibh s\u00e9 ar cheann de r\u00e1sa\u00ed is m\u00f3 ar fud an domhain a mheall maithe agus m\u00f3ruaisle na r\u00e1sa\u00edochta. Tugadh cead isteach do lucht d\u00e9anta an chl\u00e1ir go dt\u00ed r\u00e1sch\u00farsa an Churraigh f\u00e9in agus chuig gra\u00edonna agus beidh p\u00edosa\u00ed scann\u00e1na\u00edochta cartlainne le feice\u00e1il mar chuid den chl\u00e1r faisn\u00e9ise uair an chloig seo a thabharfaidh l\u00e9argas ar an r\u00e1sch\u00farsa mar a bh\u00ed agus an r\u00e1sch\u00farsa mar a bheidh nuair a bheidh an infheist\u00edocht athfhorbartha nua, a chosn\u00f3idh na milli\u00fain, tugtha chun cr\u00edche.<\/p>\n<p>Fiosr\u00f3far sa chl\u00e1r na cora cinni\u00fanacha i stair an r\u00e1sa mh\u00f3ir ina measc Orby, an ch\u00e9ad chapall a bhuaigh Dearba\u00ed Epsom agus Dearba\u00ed na h\u00c9ireann i 1907 agus an tionchar a bh\u00ed ag Joe McGrath ar an r\u00e1sa agus mar a rinneadh \u00e9 a athbheochan i 1962, n\u00f3 go raibh s\u00e9 ar an r\u00e1s ba mh\u00f3 a raibh duaischiste ar fud an domhain. Tabharfar l\u00e9argas freisin ar chapaill mh\u00f3ra eile a raibh sciorta den \u00e1dh orthu ar an gCurrach &#8211; leith\u00e9id Galileo, Nijinsky, Shergar, Windsor Slipper agus roinnt eile nach mba amhlaidh an c\u00e1s acu &#8211; Sir Ivor a chaill i 1968 ach a thug br\u00ed ina dhiaidh sin don seanfhocal \u2018is olc an ghaoth nach s\u00e9ideann do dhuine \u00e9igin\u2019.<br \/>\nSeo bl\u00e1ise den cl\u00e1r\u00a0 <span style=\"font-size: 10.5pt; font-family: 'Arial','sans-serif'; color: black; background: white;\"><a href=\"https:\/\/youtu.be\/aoe97r05xNE\">https:\/\/youtu.be\/aoe97r05xNE<\/a><\/span><\/p>\n<p>I measc na rannph\u00e1irtithe sa chl\u00e1r t\u00e1 na traen\u00e1laithe Aidan O\u2019Brien, Charles O\u2019Brien, Dermot Weld, Jim Bolger, John Gosden, John Oxx, Joseph O\u2019Brien agus Michael Stoute, na marcaithe Frankie Dettori agus Seamie Heffernan, na hiarmharcaithe Lester Piggott, Michael Kinane agus Pat Smullen agus John Magnier &#8211; \u00f3 Ghra\u00ed na C\u00faile M\u00f3ire. T\u00e1 p\u00edosa\u00ed tairbheacha sa chl\u00e1r freisin \u00f3 Vincent O\u2019Brien.<\/p>\n<p>Is ioma\u00ed duine m\u00f3r le r\u00e1 a bh\u00edodh ag tarraingt ar an r\u00e1s, Bing Crosby ina measc. T\u00e1 an l\u00e1 seo ar r\u00e1sch\u00farsa stairi\u00fail an Churraigh ar a cheann de na h\u00f3c\u00e1id\u00ed is t\u00e1bhachta\u00ed ar an bhf\u00e9ilire. Rinne an dearth\u00f3ir faisin m\u00f3r le r\u00e1 Ib Jorgensen a chuid f\u00e9in freisin \u00f3 thaobh na t\u00e9isi\u00falachta agus chinntigh nach mbeadh an t-\u00e9adach c\u00e9anna ar aon bheirt d\u00e1 chuid custaim\u00e9ir\u00ed!<\/p>\n<p><strong>Le c\u00fanamh \u00f3 \u00dadar\u00e1s Craolach\u00e1in na h\u00c9ireann a rinneadh an cl\u00e1r.<\/strong><\/p>\n<p>Sti\u00farth\u00f3ir: Evan Chamberlain<\/p>\n<p>Guth\u00fa: An tAisteoir Fionnula Flanagan<\/p>\n<p>L\u00e9iritheoir: Bankos Tales Productions<\/p>\n<p>T\u00e1 c\u00f3ip den chl\u00e1r ar f\u00e1il ach teagmh\u00e1il a dh\u00e9anamh le Linda Ni Ghr\u00edofa, Eagarth\u00f3ir Cumars\u00e1ide TG4 <a href=\"mailto:linda.ni.ghriofa@dev.tg4.ie\" target=\"_blank\" rel=\"noopener noreferrer\">linda.ni.ghriofa@dev.tg4.ie<\/a> 087-9172864<\/p>\n","protected":false},"excerpt":{"rendered":"<p>Cl\u00e1r faisn\u00e9ise \u00e9 The Irish Derby &#8211; N\u00edos M\u00f3 N\u00e1 R\u00e1sa a thabharfaidh tuiscint agus l\u00e9argas ar leith ar an r\u00e1s \u00f3 buna\u00edodh \u00e9 in 1866 go dt\u00ed go an l\u00e1 at\u00e1 inniu ann, tr\u00e1th a bhfuil s\u00e9 ina imeacht m\u00f3r idirn\u00e1isi\u00fanta. Chomh maith le l\u00e9argas a thabhairt ar imeachta\u00ed m\u00f3ra a thit amach i [&hellip;]<\/p>\n","protected":false},"author":876,"featured_media":108542,"parent":98830,"menu_order":30,"comment_status":"closed","ping_status":"closed","template":"page-templates\/template-pr.php","meta":{"_acf_changed":false,"footnotes":""},"acf":[],"yoast_head":"<!-- This site is optimized with the Yoast SEO plugin v22.6 - https:\/\/yoast.com\/wordpress\/plugins\/seo\/ -->\n<title>THE IRISH DERBY - N\u00edos M\u00f3 N\u00e1 R\u00e1sa<\/title>\n<meta name=\"robots\" content=\"index, follow, max-snippet:-1, max-image-preview:large, max-video-preview:-1\" \/>\n<meta property=\"og:locale\" content=\"en_US\" \/>\n<meta property=\"og:type\" content=\"article\" \/>\n<meta property=\"og:title\" content=\"THE IRISH DERBY - N\u00edos M\u00f3 N\u00e1 R\u00e1sa\" \/>\n<meta property=\"og:description\" content=\"Cl\u00e1r faisn\u00e9ise \u00e9 The Irish Derby &#8211; N\u00edos M\u00f3 N\u00e1 R\u00e1sa a thabharfaidh tuiscint agus l\u00e9argas ar leith ar an r\u00e1s \u00f3 buna\u00edodh \u00e9 in 1866 go dt\u00ed go an l\u00e1 at\u00e1 inniu ann, tr\u00e1th a bhfuil s\u00e9 ina imeacht m\u00f3r idirn\u00e1isi\u00fanta. Chomh maith le l\u00e9argas a thabhairt ar imeachta\u00ed m\u00f3ra a thit amach i [&hellip;]\" \/>\n<meta property=\"og:url\" content=\"https:\/\/dev.tg4.ie\/ga\/eolas\/preas\/nuacht-raitis\/2019-2\/the-irish-derby-nios-mo-na-rasa\/\" \/>\n<meta property=\"og:site_name\" content=\"TG4\" \/>\n<meta property=\"article:publisher\" content=\"https:\/\/www.facebook.com\/TG4TV\" \/>\n<meta property=\"article:modified_time\" content=\"2019-11-12T11:14:17+00:00\" \/>\n<meta property=\"og:image\" content=\"https:\/\/tg4-docs.s3.amazonaws.com\/wp-content\/uploads\/2024\/11\/18151812\/TG4_2024_corcra_teal_1-1920x1080-1.jpg\" \/>\n\t<meta property=\"og:image:width\" content=\"1920\" \/>\n\t<meta property=\"og:image:height\" content=\"1080\" \/>\n\t<meta property=\"og:image:type\" content=\"image\/jpeg\" \/>\n<meta name=\"twitter:card\" content=\"summary_large_image\" \/>\n<meta name=\"twitter:site\" content=\"@TG4TV\" \/>\n<meta name=\"twitter:label1\" content=\"Est. reading time\" \/>\n\t<meta name=\"twitter:data1\" content=\"3 minutes\" \/>\n<script type=\"application\/ld+json\" class=\"yoast-schema-graph\">{\"@context\":\"https:\/\/schema.org\",\"@graph\":[{\"@type\":\"WebPage\",\"@id\":\"https:\/\/dev.tg4.ie\/ga\/eolas\/preas\/nuacht-raitis\/2019-2\/the-irish-derby-nios-mo-na-rasa\/\",\"url\":\"https:\/\/dev.tg4.ie\/ga\/eolas\/preas\/nuacht-raitis\/2019-2\/the-irish-derby-nios-mo-na-rasa\/\",\"name\":\"THE IRISH DERBY - N\u00edos M\u00f3 N\u00e1 R\u00e1sa\",\"isPartOf\":{\"@id\":\"https:\/\/dev.tg4.ie\/en\/#website\"},\"primaryImageOfPage\":{\"@id\":\"https:\/\/dev.tg4.ie\/ga\/eolas\/preas\/nuacht-raitis\/2019-2\/the-irish-derby-nios-mo-na-rasa\/#primaryimage\"},\"image\":{\"@id\":\"https:\/\/dev.tg4.ie\/ga\/eolas\/preas\/nuacht-raitis\/2019-2\/the-irish-derby-nios-mo-na-rasa\/#primaryimage\"},\"thumbnailUrl\":\"\",\"datePublished\":\"2019-08-26T13:48:40+00:00\",\"dateModified\":\"2019-11-12T11:14:17+00:00\",\"breadcrumb\":{\"@id\":\"https:\/\/dev.tg4.ie\/ga\/eolas\/preas\/nuacht-raitis\/2019-2\/the-irish-derby-nios-mo-na-rasa\/#breadcrumb\"},\"inLanguage\":\"ga\",\"potentialAction\":[{\"@type\":\"ReadAction\",\"target\":[\"https:\/\/dev.tg4.ie\/ga\/eolas\/preas\/nuacht-raitis\/2019-2\/the-irish-derby-nios-mo-na-rasa\/\"]}]},{\"@type\":\"ImageObject\",\"inLanguage\":\"ga\",\"@id\":\"https:\/\/dev.tg4.ie\/ga\/eolas\/preas\/nuacht-raitis\/2019-2\/the-irish-derby-nios-mo-na-rasa\/#primaryimage\",\"url\":\"\",\"contentUrl\":\"\"},{\"@type\":\"BreadcrumbList\",\"@id\":\"https:\/\/dev.tg4.ie\/ga\/eolas\/preas\/nuacht-raitis\/2019-2\/the-irish-derby-nios-mo-na-rasa\/#breadcrumb\",\"itemListElement\":[{\"@type\":\"ListItem\",\"position\":1,\"name\":\"Home\",\"item\":\"https:\/\/dev.tg4.ie\/ga\/\"},{\"@type\":\"ListItem\",\"position\":2,\"name\":\"Eolas\",\"item\":\"https:\/\/dev.tg4.ie\/ga\/eolas\/\"},{\"@type\":\"ListItem\",\"position\":3,\"name\":\"Preas\",\"item\":\"https:\/\/dev.tg4.ie\/ga\/eolas\/preas\/\"},{\"@type\":\"ListItem\",\"position\":4,\"name\":\"Nuacht R\u00e1itis\",\"item\":\"https:\/\/dev.tg4.ie\/ga\/eolas\/preas\/nuacht-raitis\/\"},{\"@type\":\"ListItem\",\"position\":5,\"name\":\"2019\",\"item\":\"https:\/\/dev.tg4.ie\/ga\/eolas\/preas\/nuacht-raitis\/2019-2\/\"},{\"@type\":\"ListItem\",\"position\":6,\"name\":\"THE IRISH DERBY &#8211; N\u00edos M\u00f3 N\u00e1 R\u00e1sa\"}]},{\"@type\":\"WebSite\",\"@id\":\"https:\/\/dev.tg4.ie\/en\/#website\",\"url\":\"https:\/\/dev.tg4.ie\/en\/\",\"name\":\"TG4\",\"description\":\"S\u00fail Eile\",\"potentialAction\":[{\"@type\":\"SearchAction\",\"target\":{\"@type\":\"EntryPoint\",\"urlTemplate\":\"https:\/\/dev.tg4.ie\/en\/?s={search_term_string}\"},\"query-input\":\"required name=search_term_string\"}],\"inLanguage\":\"ga\"}]}<\/script>\n<!-- \/ Yoast SEO plugin. -->","yoast_head_json":{"title":"THE IRISH DERBY - N\u00edos M\u00f3 N\u00e1 R\u00e1sa","robots":{"index":"index","follow":"follow","max-snippet":"max-snippet:-1","max-image-preview":"max-image-preview:large","max-video-preview":"max-video-preview:-1"},"og_locale":"en_US","og_type":"article","og_title":"THE IRISH DERBY - N\u00edos M\u00f3 N\u00e1 R\u00e1sa","og_description":"Cl\u00e1r faisn\u00e9ise \u00e9 The Irish Derby &#8211; N\u00edos M\u00f3 N\u00e1 R\u00e1sa a thabharfaidh tuiscint agus l\u00e9argas ar leith ar an r\u00e1s \u00f3 buna\u00edodh \u00e9 in 1866 go dt\u00ed go an l\u00e1 at\u00e1 inniu ann, tr\u00e1th a bhfuil s\u00e9 ina imeacht m\u00f3r idirn\u00e1isi\u00fanta. Chomh maith le l\u00e9argas a thabhairt ar imeachta\u00ed m\u00f3ra a thit amach i [&hellip;]","og_url":"https:\/\/dev.tg4.ie\/ga\/eolas\/preas\/nuacht-raitis\/2019-2\/the-irish-derby-nios-mo-na-rasa\/","og_site_name":"TG4","article_publisher":"https:\/\/www.facebook.com\/TG4TV","article_modified_time":"2019-11-12T11:14:17+00:00","og_image":[{"width":1920,"height":1080,"url":"https:\/\/tg4-docs.s3.amazonaws.com\/wp-content\/uploads\/2024\/11\/18151812\/TG4_2024_corcra_teal_1-1920x1080-1.jpg","type":"image\/jpeg"}],"twitter_card":"summary_large_image","twitter_site":"@TG4TV","twitter_misc":{"Est. reading time":"3 minutes"},"schema":{"@context":"https:\/\/schema.org","@graph":[{"@type":"WebPage","@id":"https:\/\/dev.tg4.ie\/ga\/eolas\/preas\/nuacht-raitis\/2019-2\/the-irish-derby-nios-mo-na-rasa\/","url":"https:\/\/dev.tg4.ie\/ga\/eolas\/preas\/nuacht-raitis\/2019-2\/the-irish-derby-nios-mo-na-rasa\/","name":"THE IRISH DERBY - N\u00edos M\u00f3 N\u00e1 R\u00e1sa","isPartOf":{"@id":"https:\/\/dev.tg4.ie\/en\/#website"},"primaryImageOfPage":{"@id":"https:\/\/dev.tg4.ie\/ga\/eolas\/preas\/nuacht-raitis\/2019-2\/the-irish-derby-nios-mo-na-rasa\/#primaryimage"},"image":{"@id":"https:\/\/dev.tg4.ie\/ga\/eolas\/preas\/nuacht-raitis\/2019-2\/the-irish-derby-nios-mo-na-rasa\/#primaryimage"},"thumbnailUrl":"","datePublished":"2019-08-26T13:48:40+00:00","dateModified":"2019-11-12T11:14:17+00:00","breadcrumb":{"@id":"https:\/\/dev.tg4.ie\/ga\/eolas\/preas\/nuacht-raitis\/2019-2\/the-irish-derby-nios-mo-na-rasa\/#breadcrumb"},"inLanguage":"ga","potentialAction":[{"@type":"ReadAction","target":["https:\/\/dev.tg4.ie\/ga\/eolas\/preas\/nuacht-raitis\/2019-2\/the-irish-derby-nios-mo-na-rasa\/"]}]},{"@type":"ImageObject","inLanguage":"ga","@id":"https:\/\/dev.tg4.ie\/ga\/eolas\/preas\/nuacht-raitis\/2019-2\/the-irish-derby-nios-mo-na-rasa\/#primaryimage","url":"","contentUrl":""},{"@type":"BreadcrumbList","@id":"https:\/\/dev.tg4.ie\/ga\/eolas\/preas\/nuacht-raitis\/2019-2\/the-irish-derby-nios-mo-na-rasa\/#breadcrumb","itemListElement":[{"@type":"ListItem","position":1,"name":"Home","item":"https:\/\/dev.tg4.ie\/ga\/"},{"@type":"ListItem","position":2,"name":"Eolas","item":"https:\/\/dev.tg4.ie\/ga\/eolas\/"},{"@type":"ListItem","position":3,"name":"Preas","item":"https:\/\/dev.tg4.ie\/ga\/eolas\/preas\/"},{"@type":"ListItem","position":4,"name":"Nuacht R\u00e1itis","item":"https:\/\/dev.tg4.ie\/ga\/eolas\/preas\/nuacht-raitis\/"},{"@type":"ListItem","position":5,"name":"2019","item":"https:\/\/dev.tg4.ie\/ga\/eolas\/preas\/nuacht-raitis\/2019-2\/"},{"@type":"ListItem","position":6,"name":"THE IRISH DERBY &#8211; N\u00edos M\u00f3 N\u00e1 R\u00e1sa"}]},{"@type":"WebSite","@id":"https:\/\/dev.tg4.ie\/en\/#website","url":"https:\/\/dev.tg4.ie\/en\/","name":"TG4","description":"S\u00fail Eile","potentialAction":[{"@type":"SearchAction","target":{"@type":"EntryPoint","urlTemplate":"https:\/\/dev.tg4.ie\/en\/?s={search_term_string}"},"query-input":"required name=search_term_string"}],"inLanguage":"ga"}]}},"_links":{"self":[{"href":"https:\/\/dev.tg4.ie\/ga\/wp-json\/wp\/v2\/pages\/108771"}],"collection":[{"href":"https:\/\/dev.tg4.ie\/ga\/wp-json\/wp\/v2\/pages"}],"about":[{"href":"https:\/\/dev.tg4.ie\/ga\/wp-json\/wp\/v2\/types\/page"}],"author":[{"embeddable":true,"href":"https:\/\/dev.tg4.ie\/ga\/wp-json\/wp\/v2\/users\/876"}],"replies":[{"embeddable":true,"href":"https:\/\/dev.tg4.ie\/ga\/wp-json\/wp\/v2\/comments?post=108771"}],"version-history":[{"count":0,"href":"https:\/\/dev.tg4.ie\/ga\/wp-json\/wp\/v2\/pages\/108771\/revisions"}],"up":[{"embeddable":true,"href":"https:\/\/dev.tg4.ie\/ga\/wp-json\/wp\/v2\/pages\/98830"}],"wp:featuredmedia":[{"embeddable":true,"href":"https:\/\/dev.tg4.ie\/ga\/wp-json\/"}],"wp:attachment":[{"href":"https:\/\/dev.tg4.ie\/ga\/wp-json\/wp\/v2\/media?parent=108771"}],"curies":[{"name":"wp","href":"https:\/\/api.w.org\/{rel}","templated":true}]}}