{"id":108886,"date":"2019-09-03T10:16:00","date_gmt":"2019-09-03T09:16:26","guid":{"rendered":"https:\/\/dev.tg4.ie\/?page_id=108886"},"modified":"2019-11-11T16:53:36","modified_gmt":"2019-11-11T16:53:36","slug":"seoladh-an-fhomhair-2019","status":"publish","type":"page","link":"https:\/\/dev.tg4.ie\/ga\/eolas\/preas\/nuacht-raitis\/2019-2\/seoladh-an-fhomhair-2019\/","title":{"rendered":"Seoladh an Fh\u00f3mhair 2019"},"content":{"rendered":"<h2>Saibhreas Sc\u00e9ala\u00edochta &#8211; Daonna agus D\u00fachasach &#8211; i Sceideal F\u00f3mhair TG4<\/h2>\n<p>T\u00e1 saibhreas sc\u00e9ala\u00edochta i sceideal f\u00f3mhair TG4 a seoladh i gCathair Chorca\u00ed inniu. Bh\u00ed c\u00e1il riamh ar chl\u00e1ir faisn\u00e9ise TG4, agus n\u00ed bheidh d\u00edom\u00e1 ar an lucht f\u00e9achana leis an raidhse cl\u00e1r cumhachtach agus corraitheach a bheidh ar an gcain\u00e9al an s\u00e9as\u00far seo romhainn. \u00a0Beidh tarraingt ar an \u00e9ags\u00falacht cl\u00e1r siamsa\u00edochta, ceoil, sp\u00f3irt agus taistil agus beidh rud \u00e9igin ar TG4 do gach duine.<\/p>\n<p>Deir Ard-Sti\u00farth\u00f3ir TG4, Alan Esslemont agus \u00e9 ag f\u00f3gairt sceideal nua f\u00f3mhair an st\u00e1isi\u00fain:<\/p>\n<p><em>\u201cB\u00edonn mianta \u00e1r lucht f\u00e9achana i gc\u00f3na\u00ed ag cro\u00ed na f\u00edse at\u00e1 ag TG4 agus, in \u00e9ineacht leis an earn\u00e1il l\u00e9iri\u00fach\u00e1n neamhsple\u00e1ch, geallann muid sceideal iontach daoibh ar\u00eds i mbliana de chl\u00e1ir nua, dh\u00fachasacha, spreag\u00fala, chomhaimseartha.\u00a0 Tuigeann muid freisin an r\u00f3l at\u00e1 ag craolt\u00f3ir seirbh\u00edse poibl\u00ed maidir le tallann nua \u00c9ireannach a spreagadh ar an sc\u00e1ile\u00e1n agus taobh thiar den sc\u00e1ile\u00e1n agus maidir le comhlachta\u00ed l\u00e1idre domhanda a fhorbairt a l\u00e9ir\u00edonn cl\u00e1ir den ch\u00e9ad scoth. \u00a0 Aithn\u00edtear TG4 mar an f\u00f3rsa is t\u00e1bhachta\u00ed i bhforbairt na hearn\u00e1la closamhairc taobh amuigh de Bhaile \u00c1tha Cliath\/Cill Mhant\u00e1in agus t\u00e1 \u00e1thas orainn go bhfuil sceideal F\u00f3mhair TG4 \u00e1 sheoladh den ch\u00e9ad uair riamh go n\u00e1isi\u00fanta as Corcaigh.\u201d \u00a0\u00a0<\/em><\/p>\n<p>Sc\u00e9alta a thaispe\u00e1nann an teacht aniar at\u00e1 sa duine nuair at\u00e1 siad i gcruach\u00e1s at\u00e1 sa tsraith <strong>\u2018Finn\u00e9\u2019<\/strong> le hOrla O\u2019Donnell. Fiosr\u00f3idh Evanne N\u00ed Chuilinn, a huchta\u00edodh ina p\u00e1iste, sc\u00e9al casta coscrach an uchtaithe in \u00c9irinn sa chl\u00e1r \u2018<strong>Ucht\u00fa \u2013 Evanne N\u00ed Chuilinn\u2019<\/strong>.\u00a0 Caithfear s\u00fail i <strong>\u2018Saol an Mhadra Bh\u00e1in\u2019<\/strong> ar an leas a bhaintear as madra\u00ed treorach agus mar at\u00e1 na madra\u00ed sin ag spreagadh saineolaithe leighis chun teacht ar r\u00e9iteach ar fhadhbanna sl\u00e1inte.\u00a0 Sa tsraith <strong>\u2018Tab\u00fa\u2019<\/strong>, tugtar l\u00e9argas comhaimseartha ar shocha\u00ed na t\u00edre, sc\u00e9alta faoi easpa d\u00eddine, an pobal trasinscneach, agus deireadh le portaigh Bhord na M\u00f3na.<\/p>\n<p>Beidh fu\u00edllleach cl\u00e1r chomh maith faoi pholaiteoir\u00ed m\u00f3r le r\u00e1 na linne seo agus an ama at\u00e1 caite.\u00a0 Cl\u00e1r \u00e9 <strong>\u2018M\u00e1thair Trump \u2013 The President\u2019s Mother\u2019 <\/strong>faoi aistear mh\u00e1thair Donald Trump, Mary MacLeod as Inse Ghall na hAlban go dt\u00ed a cleamhnas i Nua Eabhrac.\u00a0 Beidh l\u00e9argas ar shaol agus ar shaothar Martin McGuinness sa chl\u00e1r <strong>\u2018Martin McGuinness \u2013 I Fought, I made Peace, I made Politics<\/strong>\u2019, agus sa tsraith <strong>\u2018De Valera i Meirice\u00e1\u2019<\/strong>, leanfaimid aistear \u00c9amon de Valera go Meirice\u00e1 i 1919.<br \/>\n&nbsp;<br \/>\n<iframe loading=\"lazy\" src=\"https:\/\/www.youtube.com\/embed\/4l4MXd1Kg_g\" width=\"560\" height=\"315\" frameborder=\"0\" allowfullscreen=\"allowfullscreen\"><\/iframe><\/p>\n<p>&nbsp;<br \/>\nT\u00e1 beirt nua ar fhoireann bainist\u00edochta na <strong>\u2018Underdogs\u2019<\/strong> i mbliana; Mickey Ned O&#8217;Sullivan agus Caoimh\u00edn \u00d3 Casaide a bheidh i bhfochair Valerie Mulcahy.\u00a0 B\u00edonn si\u00falach sc\u00e9alach agus is cinnte go mbeidh sc\u00e9alta ag <strong>Hector<\/strong> agus \u00e9 ag taisteal \u00f3 ch\u00f3sta go c\u00f3sta St\u00e1it Aontaithe Mheirice\u00e1 \u00f3 Savannah go San Diego.\u00a0 \u00a0Beifear ag iarraidh teacht ar an ionad oibre is cruthaith\u00ed in \u00c9irinn sa tsraith nua <strong>\u2018Creative Company\u2019.<\/strong><br \/>\n&nbsp;<br \/>\n<iframe loading=\"lazy\" width=\"560\" height=\"315\" src=\"https:\/\/www.youtube.com\/embed\/L95WFILW824\" frameborder=\"0\" allow=\"accelerometer; autoplay; encrypted-media; gyroscope; picture-in-picture\" allowfullscreen><\/iframe><\/p>\n<p>&nbsp;<\/p>\n<p>Beidh Eibhl\u00edn N\u00ed Chonghaile i gcro\u00edl\u00e1r phobal na Gaeltachta sa tsraith nua <strong>Gaeltacht 2020 <\/strong>a dh\u00e9anfaidh scagadh ar na nithe is m\u00f3 at\u00e1 ag d\u00e9anamh tinnis don phobal.\u00a0 Seoid eile chugainn n\u00e1 <strong>\u2018Seoda Bhaili\u00fach\u00e1n na Scol\u2019<\/strong> ina rachaidh seachtar aitheanta ag p\u00f3irse\u00e1il i mBaili\u00fach\u00e1n na Scol lena bhfuil ann a fh\u00e1il amach.\u00a0 Beidh c\u00farsa\u00ed gn\u00e9is, cearta trasinscne, agus tinneas faoi chaibidil i gcarranna na t\u00edre ar <strong>\u2018Turas B\u00f3thair\u2019.<\/strong>\u00a0 Beidh S\u00edle Nic Chonaonaigh ar ais le <strong>\u2018Bailte\u2019 <\/strong>ag tos\u00fa leis an mBaile Uachtarach i gCorca Dhuibhne, agus beidh muid ar r\u00f3d na Gaillimhe ar\u00eds leis na <strong>\u2018B\u00e1d\u00f3ir\u00ed\u2019<\/strong>. Beidh Se\u00e1n Mac an tS\u00edthigh thar toinn le <strong>\u2018Gaeil Bhoston\u2019<\/strong> ag cur aithne ar an bpobal is m\u00f3 de Ghaeil taobh amuigh den t\u00edr seo.<br \/>\n&nbsp;<br \/>\n<iframe loading=\"lazy\" width=\"560\" height=\"315\" src=\"https:\/\/www.youtube.com\/embed\/uKRnlIbW6tk\" frameborder=\"0\" allow=\"accelerometer; autoplay; encrypted-media; gyroscope; picture-in-picture\" allowfullscreen><\/iframe><\/p>\n<p>&nbsp;<\/p>\n<p>Craolfar scoth na dr\u00e1ma\u00edochta \u00f3 Mheirice\u00e1, an ch\u00e9ad chraoladh ar an taobh seo den Atlantach de <strong>Perpetual Grace LTD <\/strong>agus sraith nua <strong>\u2018Catch-22\u2019<\/strong> le George Clooney. T\u00e1 toradh an ch\u00e9ad bhabhta den sc\u00e9im <strong>\u2018Cine4\u2019<\/strong> chugainn le \u2018<strong>Finky<\/strong>\u2019 agus <strong>\u2018Arracht\u2019<\/strong> agus beidh \u2018<strong>Ros na R\u00fan\u2019<\/strong> ar ais anocht agus s\u00fail againn lena bhfuil i nd\u00e1n do dheirfi\u00faracha U\u00ed Dh\u00e1laigh.<\/p>\n<p>Is i l\u00e1r Bhaile \u00c1tha Cliath a bheidh Doireann N\u00ed Ghlac\u00e1in leis an tsraith <strong>\u2018Tradfest TG4\u2019<\/strong>.\u00a0 D\u00e9anfar ceili\u00faradh ar na ceolt\u00f3ir\u00ed Steve Cooney, M\u00e1irt\u00edn O\u2019Connor, Patsy Hanly, P\u00e1draig\u00edn N\u00ed Uallach\u00e1in, agus Paddy Glackin sa tsraith nua de <strong>\u2018S\u00e9 Mo Laoch\u2019.\u00a0 <\/strong>Fiosr\u00f3far sc\u00e9al agus baili\u00fach\u00e1n ceoil <strong>Sam Henry<\/strong> i sraith nua.<br \/>\n&nbsp;<br \/>\n<iframe loading=\"lazy\" width=\"560\" height=\"315\" src=\"https:\/\/www.youtube.com\/embed\/-9Zle3_3_mk\" frameborder=\"0\" allow=\"accelerometer; autoplay; encrypted-media; gyroscope; picture-in-picture\" allowfullscreen><\/iframe><\/p>\n<p>&nbsp;<\/p>\n<p>Idir Mn\u00e1 na Gaillimhe agus Mn\u00e1 \u00c1tha Cliath a bheidh Cluiche Cheannais <strong>Peil na mBan<\/strong> ar an 15\u00fa Me\u00e1n F\u00f3mhair agus s\u00fail an l\u00edon daoine a bheidh i l\u00e1thair i bP\u00e1irc an Chr\u00f3caigh a mh\u00e9ad\u00fa ar\u00eds i mbliana. Beidh an cl\u00e1r siamsa\u00edochta <strong>\u2018Ceili\u00faradh LGFA le LIDL\u2019<\/strong> ann an o\u00edche roimhe.\u00a0 Beidh cuimhn\u00ed cinn ar mh\u00f3r-imreoir\u00ed peile agus iom\u00e1na Alan Brogan, Diarmuid Lyng, Iggy Clarke, Brenda McAnespie, David Brady agus Kieran Donaghy i sraith nua de \u2018<strong>Laochra Gael\u2019<\/strong>.\u00a0 Beidh \u2018<strong>Rugba\u00ed Beo<\/strong>\u2019 farainn ag deireadh na m\u00edosa leis an gcom\u00f3rtas Guinness PRO14, agus mar is gn\u00e1th, beidh beochraoladh eisiach ar chluich\u00ed ceannais contae agus na t\u00fas-bhabhta\u00ed i gCraobh na gClubanna AIB ar <strong>GAA BEO.<\/strong><\/p>\n<p>T\u00e1 <strong>\u2018Gl\u00f3r T\u00edre\u2019 <\/strong>ar ais ag lorg r\u00e9alta nua ceoil t\u00edre, agus beidh scoth na gceolt\u00f3ir\u00ed t\u00edre i gcuideachta Daniel O\u2019Donnell ar <strong>\u2018Opry le Daniel\u2019<\/strong>.\u00a0 Beidh TG4 l\u00e1r st\u00e1itse ag an Oireachtas \u00f3 \u00d3st\u00e1n an Citywest i mBaile \u00c1tha Cliath, le \u2018<strong>Steip Beo\u2019, \u2018L\u00e1r St\u00e1itse\u2019,<\/strong> <strong>\u2018Nuacht TG4\u2019<\/strong> chomh maith le cl\u00fadach cuimsitheach ar youtube agus ar na me\u00e1in sh\u00f3isialta.<\/p>\n<p>T\u00e1 TG4 tiomanta do chl\u00e1ir nua do ph\u00e1ist\u00ed, agus ar\u00eds i mbliana, beidh rogha ar f\u00e1il do ph\u00e1ist\u00ed r\u00e9amhscoile leis na sraitheanna nua <strong>\u2018An Siopa Eala\u00edne\u2019 \u2018L\u00e1 le Mam\u00f3, L\u00e1 le Daideo\u2019<\/strong>, \u2018<strong>Is Mise\u2019 <\/strong>agus <strong>\u2018\u00c1r Sc\u00e9al\u2019<\/strong>, agus <strong>\u2018Mo Shaol, Do Shaol\u2019, <\/strong>agus <strong>\u2018C.L.U.B.\u2019 <\/strong>do ph\u00e1ist\u00ed n\u00edos sine. <strong>\u00a0<\/strong><\/p>\n<p>Is f\u00e9idir \u00e1bhar TG4 a fh\u00e1il in aon \u00e1it ar domhan ar sheinnteoir TG4 ar <a href=\"http:\/\/www.TG4.ie\">www.TG4.ie<\/a> ar Aip TG4, agus ar na hard\u00e1in sh\u00f3isialta.<\/p>\n<p>T\u00e1 breis eolais a fh\u00e1il faoi chl\u00e1ir nua TG4 ag:<\/p>\n<p><a href=\"https:\/\/dev.tg4.ie\/fomhar19\">www.tg4.ie\/fomhar19<\/a><\/p>\n<p><strong>10 gCl\u00e1r as Sceideal F\u00f3mhair TG4 n\u00e1r cheart a chailleadh: <\/strong><br \/>\n&nbsp;<br \/>\n<strong>Finn\u00e9 <\/strong><br \/>\nSc\u00e9alta cumhachtacha &#8211; sc\u00e9alta faoi fhulaingt, \u00e9ag\u00f3ir, fuascailt agus teacht aniar.<br \/>\n&nbsp;<br \/>\n<strong>Ucht\u00fa \u2013 Evanne N\u00ed Chuilinn<\/strong><br \/>\nRachaidh Evanne N\u00ed Chuilinn i ngleic le sc\u00e9al fada agus triobl\u00f3ideach an uchtaithe in \u00c9irinn.<br \/>\n&nbsp;<br \/>\n<strong>Hector USA \u00d3 Ch\u00f3sta go C\u00f3sta <\/strong><br \/>\nBeidh Hector \u00d3 hEochag\u00e1in ar ais ar\u00eds ar TG4 agus \u00e9 ag tabhairt faoi aistear m\u00f3r \u00f3 Savannah go San Diego sna St\u00e1it Aontaithe<br \/>\n&nbsp;<br \/>\n<strong>Ros na R\u00fan<\/strong><br \/>\nBeidh \u2018<strong>Ros na R\u00fan\u2019<\/strong> ar ais agus s\u00fail againn lena bhfuil i nd\u00e1n do dheirfi\u00faracha U\u00ed Dh\u00e1laigh.<br \/>\n&nbsp;<br \/>\n<strong>M\u00e1thair Trump \u2013 The President\u2019s Mother <\/strong><br \/>\nTagann S\u00edle Nic Chonaonaigh ar sc\u00e9al beatha Mary MacLeod, m\u00e1thair Uachtar\u00e1n Mheirice\u00e1 Donald Trump.<br \/>\n&nbsp;<br \/>\n<strong>Mo Shaol do Shaol<\/strong><br \/>\nSraith do ph\u00e1ist\u00ed ina mbabht\u00e1lfaidh beirt, at\u00e1 go huile agus go hioml\u00e1n \u00e9ags\u00fail \u00f3na ch\u00e9ile, an saol agus caitheamh aimsire ar feadh l\u00e1 amh\u00e1in.\u00a0 Beidh d\u00fashl\u00e1n m\u00f3r le baint amach acu roimh dheireadh an lae.<br \/>\n&nbsp;<br \/>\n<strong>Underdogs<\/strong><br \/>\nT\u00e1 Underdogs ar ais agus beirt nua ar an bhfoireann bainist\u00edochta. \u00a0Mickey Ned O&#8217;Sullivan, iar-chaptaen agus iar-bhainisteoir Chiarra\u00ed, agus Caoimh\u00edn \u00d3 Casaide, laoch Ghaoth Dobhair agus iar-pheilead\u00f3ir le D\u00fan na nGall a bheidh i dteannta Valerie Mulcahy Chorca\u00ed, duine de na peilead\u00f3ir\u00ed mn\u00e1 ab fhearr riamh.<br \/>\n&nbsp;<br \/>\n<strong>Tradfest TG4<\/strong><br \/>\nSraith ceoil thraidisi\u00fanta agus chomhaimseartha a taifeadadh beo ag TradFest TG4 i gcro\u00edl\u00e1r na hardchathrach \u00e1 cur i l\u00e1thair ag Doireann N\u00ed Ghlac\u00e1in.<br \/>\n&nbsp;<br \/>\n<strong>Perpetual Grace LTD<\/strong><br \/>\nSraith sc\u00e9ins\u00e9ir as Meirice\u00e1 \u00e9 Perpetual Grace LTD.\u00a0 F\u00e9achann fear \u00f3g an dallamull\u00f3g a chur ar an Tr\u00e9ada\u00ed Byron Brown ach n\u00ed fada go dtuigeann s\u00e9 gur cont\u00fairt cheart \u00e9 an fear c\u00e9anna.\u00a0 N\u00edl bonn b\u00e1n f\u00e1gtha ag an Tr\u00e9ada\u00ed n\u00e1 ag a bhean Lillian ag na c\u00e9adta duine sa bpar\u00f3iste.<br \/>\n&nbsp;<br \/>\n<strong>Turas B\u00f3thair <\/strong><br \/>\nSraith ina bhfaighimid deis dul ag c\u00fal\u00e9isteacht ar dhaoine ina gcuid carranna.<br \/>\n&nbsp;<\/p>\n<p>&nbsp;<\/p>\n<p><strong><u>Teagmh\u00e1il do na Me\u00e1in: <\/u><\/strong><\/p>\n<p><strong>Deirdre N\u00ed Choist\u00edn<\/strong> \u00a0\u00a0\u00a0\u00a0\u00a0\u00a0\u00a0\u00a0\u00a0\u00a0\u00a0\u00a0\u00a0\u00a0<a href=\"mailto:Deirdre.ni.choistin@dev.tg4.ie\">Deirdre.ni.choistin@dev.tg4.ie<\/a><\/p>\n<p><strong>Bainisteoir Cumars\u00e1ide<\/strong> \u00a0\u00a0\u00a0\u00a0\u00a0\u00a0\u00a0 0861453527<\/p>\n<p>&nbsp;<\/p>\n<p><strong>Linda N\u00ed Ghr\u00edofa<\/strong>\u00a0\u00a0\u00a0\u00a0\u00a0\u00a0\u00a0\u00a0\u00a0\u00a0\u00a0\u00a0\u00a0\u00a0\u00a0\u00a0\u00a0\u00a0\u00a0<a href=\"mailto:linda.ni.ghriofa@dev.tg4.ie\">linda.ni.ghriofa@dev.tg4.ie<\/a><\/p>\n<p><strong>Eagra\u00ed Cumars\u00e1ide<\/strong> \u00a0\u00a0\u00a0\u00a0\u00a0\u00a0\u00a0\u00a0\u00a0\u00a0\u00a0  \u00a0 0879172864<\/p>\n<p>&nbsp;<\/p>\n","protected":false},"excerpt":{"rendered":"<p>Saibhreas Sc\u00e9ala\u00edochta &#8211; Daonna agus D\u00fachasach &#8211; i Sceideal F\u00f3mhair TG4 T\u00e1 saibhreas sc\u00e9ala\u00edochta i sceideal f\u00f3mhair TG4 a seoladh i gCathair Chorca\u00ed inniu. Bh\u00ed c\u00e1il riamh ar chl\u00e1ir faisn\u00e9ise TG4, agus n\u00ed bheidh d\u00edom\u00e1 ar an lucht f\u00e9achana leis an raidhse cl\u00e1r cumhachtach agus corraitheach a bheidh ar an gcain\u00e9al an s\u00e9as\u00far seo romhainn. [&hellip;]<\/p>\n","protected":false},"author":876,"featured_media":108939,"parent":98830,"menu_order":31,"comment_status":"closed","ping_status":"closed","template":"page-templates\/template-pr.php","meta":{"_acf_changed":false,"footnotes":""},"acf":[],"yoast_head":"<!-- This site is optimized with the Yoast SEO plugin v22.6 - https:\/\/yoast.com\/wordpress\/plugins\/seo\/ -->\n<title>Seoladh an Fh\u00f3mhair 2019<\/title>\n<meta name=\"description\" content=\"Seoladh an Fh\u00f3mhair 2019 - Saibhreas Sc\u00e9ala\u00edochta - Daonna agus D\u00fachasach - i Sceideal F\u00f3mhair TG4\" \/>\n<meta name=\"robots\" content=\"index, follow, max-snippet:-1, max-image-preview:large, max-video-preview:-1\" \/>\n<meta property=\"og:locale\" content=\"en_US\" \/>\n<meta property=\"og:type\" content=\"article\" \/>\n<meta property=\"og:title\" content=\"Seoladh an Fh\u00f3mhair 2019\" \/>\n<meta property=\"og:description\" content=\"Seoladh an Fh\u00f3mhair 2019 - Saibhreas Sc\u00e9ala\u00edochta - Daonna agus D\u00fachasach - i Sceideal F\u00f3mhair TG4\" \/>\n<meta property=\"og:url\" content=\"https:\/\/dev.tg4.ie\/ga\/eolas\/preas\/nuacht-raitis\/2019-2\/seoladh-an-fhomhair-2019\/\" \/>\n<meta property=\"og:site_name\" content=\"TG4\" \/>\n<meta property=\"article:publisher\" content=\"https:\/\/www.facebook.com\/TG4TV\" \/>\n<meta property=\"article:modified_time\" content=\"2019-11-11T16:53:36+00:00\" \/>\n<meta property=\"og:image\" content=\"https:\/\/tg4-docs.s3.amazonaws.com\/wp-content\/uploads\/2024\/11\/18151812\/TG4_2024_corcra_teal_1-1920x1080-1.jpg\" \/>\n\t<meta property=\"og:image:width\" content=\"1920\" \/>\n\t<meta property=\"og:image:height\" content=\"1080\" \/>\n\t<meta property=\"og:image:type\" content=\"image\/jpeg\" \/>\n<meta name=\"twitter:card\" content=\"summary_large_image\" \/>\n<meta name=\"twitter:site\" content=\"@TG4TV\" \/>\n<meta name=\"twitter:label1\" content=\"Est. reading time\" \/>\n\t<meta name=\"twitter:data1\" content=\"8 minutes\" \/>\n<script type=\"application\/ld+json\" class=\"yoast-schema-graph\">{\"@context\":\"https:\/\/schema.org\",\"@graph\":[{\"@type\":\"WebPage\",\"@id\":\"https:\/\/dev.tg4.ie\/ga\/eolas\/preas\/nuacht-raitis\/2019-2\/seoladh-an-fhomhair-2019\/\",\"url\":\"https:\/\/dev.tg4.ie\/ga\/eolas\/preas\/nuacht-raitis\/2019-2\/seoladh-an-fhomhair-2019\/\",\"name\":\"Seoladh an Fh\u00f3mhair 2019\",\"isPartOf\":{\"@id\":\"https:\/\/dev.tg4.ie\/en\/#website\"},\"primaryImageOfPage\":{\"@id\":\"https:\/\/dev.tg4.ie\/ga\/eolas\/preas\/nuacht-raitis\/2019-2\/seoladh-an-fhomhair-2019\/#primaryimage\"},\"image\":{\"@id\":\"https:\/\/dev.tg4.ie\/ga\/eolas\/preas\/nuacht-raitis\/2019-2\/seoladh-an-fhomhair-2019\/#primaryimage\"},\"thumbnailUrl\":\"\",\"datePublished\":\"2019-09-03T09:16:26+00:00\",\"dateModified\":\"2019-11-11T16:53:36+00:00\",\"description\":\"Seoladh an Fh\u00f3mhair 2019 - Saibhreas Sc\u00e9ala\u00edochta - Daonna agus D\u00fachasach - i Sceideal F\u00f3mhair TG4\",\"breadcrumb\":{\"@id\":\"https:\/\/dev.tg4.ie\/ga\/eolas\/preas\/nuacht-raitis\/2019-2\/seoladh-an-fhomhair-2019\/#breadcrumb\"},\"inLanguage\":\"ga\",\"potentialAction\":[{\"@type\":\"ReadAction\",\"target\":[\"https:\/\/dev.tg4.ie\/ga\/eolas\/preas\/nuacht-raitis\/2019-2\/seoladh-an-fhomhair-2019\/\"]}]},{\"@type\":\"ImageObject\",\"inLanguage\":\"ga\",\"@id\":\"https:\/\/dev.tg4.ie\/ga\/eolas\/preas\/nuacht-raitis\/2019-2\/seoladh-an-fhomhair-2019\/#primaryimage\",\"url\":\"\",\"contentUrl\":\"\"},{\"@type\":\"BreadcrumbList\",\"@id\":\"https:\/\/dev.tg4.ie\/ga\/eolas\/preas\/nuacht-raitis\/2019-2\/seoladh-an-fhomhair-2019\/#breadcrumb\",\"itemListElement\":[{\"@type\":\"ListItem\",\"position\":1,\"name\":\"Home\",\"item\":\"https:\/\/dev.tg4.ie\/ga\/\"},{\"@type\":\"ListItem\",\"position\":2,\"name\":\"Eolas\",\"item\":\"https:\/\/dev.tg4.ie\/ga\/eolas\/\"},{\"@type\":\"ListItem\",\"position\":3,\"name\":\"Preas\",\"item\":\"https:\/\/dev.tg4.ie\/ga\/eolas\/preas\/\"},{\"@type\":\"ListItem\",\"position\":4,\"name\":\"Nuacht R\u00e1itis\",\"item\":\"https:\/\/dev.tg4.ie\/ga\/eolas\/preas\/nuacht-raitis\/\"},{\"@type\":\"ListItem\",\"position\":5,\"name\":\"2019\",\"item\":\"https:\/\/dev.tg4.ie\/ga\/eolas\/preas\/nuacht-raitis\/2019-2\/\"},{\"@type\":\"ListItem\",\"position\":6,\"name\":\"Seoladh an Fh\u00f3mhair 2019\"}]},{\"@type\":\"WebSite\",\"@id\":\"https:\/\/dev.tg4.ie\/en\/#website\",\"url\":\"https:\/\/dev.tg4.ie\/en\/\",\"name\":\"TG4\",\"description\":\"S\u00fail Eile\",\"potentialAction\":[{\"@type\":\"SearchAction\",\"target\":{\"@type\":\"EntryPoint\",\"urlTemplate\":\"https:\/\/dev.tg4.ie\/en\/?s={search_term_string}\"},\"query-input\":\"required name=search_term_string\"}],\"inLanguage\":\"ga\"}]}<\/script>\n<!-- \/ Yoast SEO plugin. -->","yoast_head_json":{"title":"Seoladh an Fh\u00f3mhair 2019","description":"Seoladh an Fh\u00f3mhair 2019 - Saibhreas Sc\u00e9ala\u00edochta - Daonna agus D\u00fachasach - i Sceideal F\u00f3mhair TG4","robots":{"index":"index","follow":"follow","max-snippet":"max-snippet:-1","max-image-preview":"max-image-preview:large","max-video-preview":"max-video-preview:-1"},"og_locale":"en_US","og_type":"article","og_title":"Seoladh an Fh\u00f3mhair 2019","og_description":"Seoladh an Fh\u00f3mhair 2019 - Saibhreas Sc\u00e9ala\u00edochta - Daonna agus D\u00fachasach - i Sceideal F\u00f3mhair TG4","og_url":"https:\/\/dev.tg4.ie\/ga\/eolas\/preas\/nuacht-raitis\/2019-2\/seoladh-an-fhomhair-2019\/","og_site_name":"TG4","article_publisher":"https:\/\/www.facebook.com\/TG4TV","article_modified_time":"2019-11-11T16:53:36+00:00","og_image":[{"width":1920,"height":1080,"url":"https:\/\/tg4-docs.s3.amazonaws.com\/wp-content\/uploads\/2024\/11\/18151812\/TG4_2024_corcra_teal_1-1920x1080-1.jpg","type":"image\/jpeg"}],"twitter_card":"summary_large_image","twitter_site":"@TG4TV","twitter_misc":{"Est. reading time":"8 minutes"},"schema":{"@context":"https:\/\/schema.org","@graph":[{"@type":"WebPage","@id":"https:\/\/dev.tg4.ie\/ga\/eolas\/preas\/nuacht-raitis\/2019-2\/seoladh-an-fhomhair-2019\/","url":"https:\/\/dev.tg4.ie\/ga\/eolas\/preas\/nuacht-raitis\/2019-2\/seoladh-an-fhomhair-2019\/","name":"Seoladh an Fh\u00f3mhair 2019","isPartOf":{"@id":"https:\/\/dev.tg4.ie\/en\/#website"},"primaryImageOfPage":{"@id":"https:\/\/dev.tg4.ie\/ga\/eolas\/preas\/nuacht-raitis\/2019-2\/seoladh-an-fhomhair-2019\/#primaryimage"},"image":{"@id":"https:\/\/dev.tg4.ie\/ga\/eolas\/preas\/nuacht-raitis\/2019-2\/seoladh-an-fhomhair-2019\/#primaryimage"},"thumbnailUrl":"","datePublished":"2019-09-03T09:16:26+00:00","dateModified":"2019-11-11T16:53:36+00:00","description":"Seoladh an Fh\u00f3mhair 2019 - Saibhreas Sc\u00e9ala\u00edochta - Daonna agus D\u00fachasach - i Sceideal F\u00f3mhair TG4","breadcrumb":{"@id":"https:\/\/dev.tg4.ie\/ga\/eolas\/preas\/nuacht-raitis\/2019-2\/seoladh-an-fhomhair-2019\/#breadcrumb"},"inLanguage":"ga","potentialAction":[{"@type":"ReadAction","target":["https:\/\/dev.tg4.ie\/ga\/eolas\/preas\/nuacht-raitis\/2019-2\/seoladh-an-fhomhair-2019\/"]}]},{"@type":"ImageObject","inLanguage":"ga","@id":"https:\/\/dev.tg4.ie\/ga\/eolas\/preas\/nuacht-raitis\/2019-2\/seoladh-an-fhomhair-2019\/#primaryimage","url":"","contentUrl":""},{"@type":"BreadcrumbList","@id":"https:\/\/dev.tg4.ie\/ga\/eolas\/preas\/nuacht-raitis\/2019-2\/seoladh-an-fhomhair-2019\/#breadcrumb","itemListElement":[{"@type":"ListItem","position":1,"name":"Home","item":"https:\/\/dev.tg4.ie\/ga\/"},{"@type":"ListItem","position":2,"name":"Eolas","item":"https:\/\/dev.tg4.ie\/ga\/eolas\/"},{"@type":"ListItem","position":3,"name":"Preas","item":"https:\/\/dev.tg4.ie\/ga\/eolas\/preas\/"},{"@type":"ListItem","position":4,"name":"Nuacht R\u00e1itis","item":"https:\/\/dev.tg4.ie\/ga\/eolas\/preas\/nuacht-raitis\/"},{"@type":"ListItem","position":5,"name":"2019","item":"https:\/\/dev.tg4.ie\/ga\/eolas\/preas\/nuacht-raitis\/2019-2\/"},{"@type":"ListItem","position":6,"name":"Seoladh an Fh\u00f3mhair 2019"}]},{"@type":"WebSite","@id":"https:\/\/dev.tg4.ie\/en\/#website","url":"https:\/\/dev.tg4.ie\/en\/","name":"TG4","description":"S\u00fail Eile","potentialAction":[{"@type":"SearchAction","target":{"@type":"EntryPoint","urlTemplate":"https:\/\/dev.tg4.ie\/en\/?s={search_term_string}"},"query-input":"required name=search_term_string"}],"inLanguage":"ga"}]}},"_links":{"self":[{"href":"https:\/\/dev.tg4.ie\/ga\/wp-json\/wp\/v2\/pages\/108886"}],"collection":[{"href":"https:\/\/dev.tg4.ie\/ga\/wp-json\/wp\/v2\/pages"}],"about":[{"href":"https:\/\/dev.tg4.ie\/ga\/wp-json\/wp\/v2\/types\/page"}],"author":[{"embeddable":true,"href":"https:\/\/dev.tg4.ie\/ga\/wp-json\/wp\/v2\/users\/876"}],"replies":[{"embeddable":true,"href":"https:\/\/dev.tg4.ie\/ga\/wp-json\/wp\/v2\/comments?post=108886"}],"version-history":[{"count":0,"href":"https:\/\/dev.tg4.ie\/ga\/wp-json\/wp\/v2\/pages\/108886\/revisions"}],"up":[{"embeddable":true,"href":"https:\/\/dev.tg4.ie\/ga\/wp-json\/wp\/v2\/pages\/98830"}],"wp:featuredmedia":[{"embeddable":true,"href":"https:\/\/dev.tg4.ie\/ga\/wp-json\/"}],"wp:attachment":[{"href":"https:\/\/dev.tg4.ie\/ga\/wp-json\/wp\/v2\/media?parent=108886"}],"curies":[{"name":"wp","href":"https:\/\/api.w.org\/{rel}","templated":true}]}}